{"id":37259,"date":"2022-11-11T08:00:25","date_gmt":"2022-11-11T08:00:25","guid":{"rendered":"https:\/\/jackpotlotteryonline.com\/?page_id=37259"},"modified":"2022-12-24T19:54:59","modified_gmt":"2022-12-24T19:54:59","slug":"saturday-lotto","status":"publish","type":"page","link":"https:\/\/jackpotlotteryonline.com\/fi\/osta-lippuja\/saturday-lotto\/","title":{"rendered":"Osta lippuja lauantai Lotto Australia"},"content":{"rendered":"<p>Australiassa on paljon lottoja, kuten keskiviikkolotto, Powerball ja lauantailotto Australia. Lauantailotto on suosittu pelaajien keskuudessa ja antaa ihmisille jotain, mit\u00e4 odottaa joka viikko. Kun t\u00e4m\u00e4 arpajaiset alkoivat, vain Ozissa asuvat pelaajat saattoivat osallistua siihen. Onneksi vedonly\u00f6j\u00e4t ymp\u00e4ri maailmaa voivat nyt osallistua lauantailottoon.<\/p>\n<p>Miten siis voit ostaa lauantailoton lippuja maan ulkopuolelta? Mikset jatka lukemista ja ota selv\u00e4\u00e4? K\u00e4ymme l\u00e4pi prosessin ja vastaamme kaikkiin kysymyksiisi. Niille, jotka eiv\u00e4t tunne t\u00e4t\u00e4 lottoa, otamme my\u00f6s hieman aikaa puhua siit\u00e4. Toivottavasti lukemisen p\u00e4\u00e4tytty\u00e4 olet innokas ostamaan lippuja t\u00e4h\u00e4n lottoon.<\/p>\n<h2>Mik\u00e4 on Saturday Lotto Australia<\/h2>\n<p>Kyseess\u00e4 on lotto, joka otettiin k\u00e4ytt\u00f6\u00f6n maassa vuonna 1972, ja siit\u00e4 on nyt tullut yksi vedonly\u00f6jien suosikkilotoista. Se tunnetaan joissakin osissa maata nimill\u00e4 Tatts-lotto, X-lotto ja Gold-lotto, ja sit\u00e4 hallinnoi Tatts-lottoryhm\u00e4.<\/p>\n<p>T\u00e4ss\u00e4 lotossa on kuusi palkintosarjaa, ja puhumme niist\u00e4 hetken kuluttua. Lauantailoton p\u00e4\u00e4voitto on 5 miljoonaa Australian dollaria. H\u00e4mm\u00e4stytt\u00e4v\u00e4\u00e4 on, ett\u00e4 todenn\u00e4k\u00f6isyys voittaa j\u00e4ttipotti on todella hyv\u00e4. Toisin kuin muissa arpajaisissa, pelaajan on vain osuttava p\u00e4\u00e4numeroihin voittaakseen j\u00e4ttipotin.<\/p>\n<p>On olemassa lis\u00e4numeroita, mutta niit\u00e4 k\u00e4ytet\u00e4\u00e4n muiden palkintojaksojen voittajien m\u00e4\u00e4ritt\u00e4miseen. Se kertoo paljon siit\u00e4, ett\u00e4 vaikka lottoa on tarjolla l\u00e4hes viikon jokaiselle p\u00e4iv\u00e4lle, t\u00e4m\u00e4 vet\u00e4\u00e4 ausseja puoleensa. Seuraavassa kerrotaan, miten t\u00e4t\u00e4 lottoa pelataan ja mit\u00e4 eri palkintojaksoja siin\u00e4 on.<\/p>\n<h2>Kuinka pelata lauantailottoa<\/h2>\n<p><img loading=\"lazy\" decoding=\"async\" class=\"alignright size-full wp-image-35132\" src=\"http:\/\/jackpotlotteryonline.com\/wp-content\/uploads\/2022\/11\/2_ticket_saturday_lotto_au2-1-180x300-1.jpg\" alt=\"Lauantai lottokuponki\" width=\"180\" height=\"300\" \/><\/p>\n<p><a href=\"https:\/\/jackpotlotteryonline.com\/fi\/kuinka-pelata\/saturday-lotto\">Pelatakseen t\u00e4t\u00e4 lottoa pelaajan<\/a> on valittava 6 p\u00e4\u00e4numeroa v\u00e4lilt\u00e4 1 ja 45. Sitten 2 lis\u00e4numeroa v\u00e4lilt\u00e4 1-6. Lis\u00e4numeroita ei k\u00e4ytet\u00e4 j\u00e4ttipotin m\u00e4\u00e4ritt\u00e4misess\u00e4. Pelaajan on vain l\u00f6ydett\u00e4v\u00e4 kahdeksan arvottua numeroa voittaakseen j\u00e4ttipotin.<\/p>\n<p>Arvonnan aikana kuusi palloa poimitaan satunnaisesti tynnyrist\u00e4, jossa on 45 palloa. N\u00e4iss\u00e4 palloissa olevat numerot ovat voittonumerot, ja mik\u00e4 tahansa lippu, joka vastaa n\u00e4it\u00e4 numeroita, on voittolappu. Sitten poimitaan kaksi muuta palloa toisesta tynnyrist\u00e4, jossa on kuusi palloa. N\u00e4m\u00e4 ovat lis\u00e4numerot, joita k\u00e4ytet\u00e4\u00e4n muiden palkintoluokkien m\u00e4\u00e4ritt\u00e4misess\u00e4.<\/p>\n<p>Kuten nimest\u00e4 voi p\u00e4\u00e4tell\u00e4, arvonnat suoritetaan joka viikon lauantaina. Arpajaiset p\u00e4\u00e4ttyv\u00e4t lauantaina klo 19:25 AEST. Pelaajien, jotka haluavat osallistua kyseisen viikon arvontaan, on ostettava lippunsa ennen sulkemisaikaa.<\/p>\n<h2>Palkintosarjat<\/h2>\n<p>Tatts-lotossa on kahdeksan palkintosarjaa. Kun ostat lipun t\u00e4h\u00e4n lottoon, sinulla on mahdollisuus mihin tahansa n\u00e4ist\u00e4 palkintoluokista. Kunkin osaston voittoyhdistelm\u00e4 on ilmoitettu alla.<\/p>\n<p>Divisioona 1 (j\u00e4ttipotti) &#8211; T\u00e4sm\u00e4\u00e4 6 p\u00e4\u00e4numeroa<br \/>\nDivisioona 2 &#8211; 5 p\u00e4\u00e4numeroa + 1 lis\u00e4numero.<br \/>\nDivisioona 3 &#8211; Maalaa mit\u00e4 tahansa 5 p\u00e4\u00e4numeroa<br \/>\nDivisioona 4 &#8211; 4 p\u00e4\u00e4numeroa<br \/>\nDivisioona 5 &#8211; 3 p\u00e4\u00e4numeroa + 1 lis\u00e4numero.<br \/>\nDivisioona 6 &#8211; 3 p\u00e4\u00e4numeroa<\/p>\n<p>J\u00e4rjest\u00e4j\u00e4t ovat mahdollistaneet sen, ett\u00e4 pelaajat voivat voittaa t\u00e4m\u00e4n arvonnan. Kertoimet ovat suuret, ja kun p\u00e4\u00e4voitto on 5 miljoonaa Australian dollaria, onko mik\u00e4\u00e4n ihme, ett\u00e4 pelaajat rakastavat lauantailottoa? Jos et ole viel\u00e4 tehnyt sit\u00e4, nyt on hyv\u00e4 aika harkita lipun ostamista.<\/p>\n<h2>Aiemmat voittajat<\/h2>\n<p>Ennen kuin kerromme sinulle, miten voit ostaa lippuja t\u00e4h\u00e4n lottoon Ozin ulkopuolella, voisi olla hyv\u00e4 idea puhua aiemmista voittajista. Vuosien varrella voittajia on ollut paljon, joten valitsemme vain muutamia viimeaikaisia voittajia ja toivomme, ett\u00e4 saat inspiraatiota.<\/p>\n<p>Ensimm\u00e4inen listallamme on australialainen \u00e4iti, joka p\u00e4\u00e4tti pysy\u00e4 nimett\u00f6m\u00e4n\u00e4. H\u00e4n voitti lauantain j\u00e4ttipotin yhdess\u00e4 toisen voittajan kanssa. Raporttien mukaan h\u00e4nelt\u00e4 kesti kaksi viikkoa ennen kuin h\u00e4n tajusi voittaneensa j\u00e4ttipotin. Jos h\u00e4n olisi odottanut paljon kauemmin, h\u00e4n ei olisi voinut lunastaa voittoaan. Onneksi h\u00e4n palasi tarkistamaan asian ja huomasi voittaneensa.<\/p>\n<p>Toinen voittaja on mies, joka oli pelannut lauantailottoa useiden vuosien ajan samoilla numeroilla. H\u00e4nen sinnikkyytens\u00e4 kannatti, ja h\u00e4n voitti j\u00e4ttipotin. Monet lottovoittajat kertovat, ett\u00e4 he olivat pelanneet vuosia ennen lottovoittoa. Joskus tarvitaan uskoa ja johdonmukaisuutta, jotta saa haluamansa tulokset.<\/p>\n<section class=\"layout\" style=\"border: solid 1px; width: 100%;\">\n<div class=\"img-div\" style=\"margin-top: 5px;\"><img decoding=\"async\" class=\"wp-image-17212 alignleft\" style=\"height: 45px; margin: 8px 8px 0px;\" src=\"http:\/\/jackpotlotteryonline.com\/wp-content\/uploads\/2022\/11\/read1.jpg\" alt=\"lue\" width=\"\" height=\"\" \/><\/div>\n<div style=\"padding-left: 5px;\">\n<div style=\"font-size: 1.1em;\">\n<p><strong>Jotkut lottovoittajat antoivat takaisin yhteis\u00f6lle<\/strong><\/p>\n<p style=\"font-size: 0.85em; margin-top: -1.5em;\">Joitakin mielenkiintoisia ja syd\u00e4nt\u00e4l\u00e4mmitt\u00e4vi\u00e4 tarinoita lottovoittajista, jotka antavat rahaa takaisin\u00a0 <a href=\"https:\/\/jackpotlotteryonline.com\/fi\/tarinoita-lottovoittajista-jotka-antavat-takaisin\"> Lue lis\u00e4\u00e4<\/a><\/p>\n<\/div>\n<\/div>\n<\/section>\n<h2>Osta lippuja Australian ulkopuolelta<\/h2>\n<p>Jos et asu kauniissa Ozissa, miten voit ostaa lippuja lauantailottoon? Ennen interneti\u00e4 se olisi ollut mahdotonta tai ainakin hyvin vaikeaa. Mutta kiitos internetin, voit ostaa Tatts-lottokuponkeja netist\u00e4.<\/p>\n<p>On olemassa online-arpajaismyyji\u00e4, joiden kautta pelaajat voivat ostaa lippuja kansainv\u00e4lisiin huippulottoihin. N\u00e4m\u00e4 myyj\u00e4t yll\u00e4pit\u00e4v\u00e4t niin sanottua concierge-palvelua, joka auttaa pelaajia ostamaan lottokuponkeja miss\u00e4 tahansa maassa. Kun kirjaudut n\u00e4ille sivustoille, voit helposti osallistua lauantailottoon ja lunastaa mahdolliset voitot.<\/p>\n<p>Jackpotlotteryonline.com-sivustolla k\u00e4yt\u00e4mme concierge-palvelua, joka tarjoaa saumattoman kokemuksen k\u00e4ytt\u00e4jillemme. Kun rekister\u00f6idyt meille, voit helposti ostaa lipun lauantailottoon ja moniin muihin kansainv\u00e4lisiin lottoihin. Oletko huolissasi siit\u00e4, miten lunastat palkintosi, jos voitat? Voit yksinkertaisesti lunastaa palkintosi alustaltamme ilman vaivaa.<\/p>\n<h2>Usein kysytyt kysymykset<\/h2>\n<p><img loading=\"lazy\" decoding=\"async\" class=\"wp-image-29264 alignright\" src=\"http:\/\/jackpotlotteryonline.com\/wp-content\/uploads\/2022\/11\/1_play_online_lotto-300x300.jpg\" alt=\"Online lauantailotto Australia\" width=\"235\" height=\"235\" srcset=\"https:\/\/jackpotlotteryonline.com\/wp-content\/uploads\/2022\/11\/1_play_online_lotto-300x300.jpg 300w, https:\/\/jackpotlotteryonline.com\/wp-content\/uploads\/2022\/11\/1_play_online_lotto-100x100.jpg 100w, https:\/\/jackpotlotteryonline.com\/wp-content\/uploads\/2022\/11\/1_play_online_lotto-150x150.jpg 150w, https:\/\/jackpotlotteryonline.com\/wp-content\/uploads\/2022\/11\/1_play_online_lotto.jpg 480w\" sizes=\"auto, (max-width: 235px) 100vw, 235px\" \/><\/p>\n<p>Tied\u00e4mme, ett\u00e4 mieless\u00e4si py\u00f6rii todenn\u00e4k\u00f6isesti useita kysymyksi\u00e4. Ei se mit\u00e4\u00e4n, olemme t\u00e4\u00e4ll\u00e4 vastaamassa kysymyksiisi. Yrit\u00e4mme kattaa kaiken t\u00e4ss\u00e4, mutta jos sinulla on viel\u00e4 kysytt\u00e4v\u00e4\u00e4, ota rohkeasti yhteytt\u00e4. Olemme aina iloisia kuullessamme sinusta. Teemme kaikkemme, mink\u00e4 kohtuudella voimme, auttaaksemme sinua matkallasi lottovoittajaksi.<\/p>\n<h2>Voinko ostaa lottokuponkeja verkossa?<\/h2>\n<p>Kyll\u00e4, voit ostaa lottokuponkeja netist\u00e4, ja se on t\u00e4ysin laillista. Varmista, ett\u00e4 k\u00e4yt\u00e4t luotettavaa arpajaismyyj\u00e4\u00e4 varmistaaksesi, ett\u00e4 osallistut lottoon. Monilla lottoryhmill\u00e4 on verkkosivustot. Jos kuitenkin haluat pelata useampaa kuin yht\u00e4 lottoa, sinun on parempi rekister\u00f6ity\u00e4 lottomyyj\u00e4n kanssa. Erityisesti sellaisen, joka tarjoaa p\u00e4\u00e4syn useisiin muihin arpajaisiin.<\/p>\n<h2>Miten ostan arvan?<\/h2>\n<p>Arpalipun ostaminen on helppoa, kun olet rekister\u00f6itynyt meille. Valitse vain numerot ja osallistu arvontaan. Voit ostaa useita arpoja lis\u00e4t\u00e4ksesi mahdollisuuksiasi voittaa palkinto. Kaikki on sinusta kiinni. Jos et ole varma, mink\u00e4 numeron valitsisit, automaattinen valintaohjelma voi tehd\u00e4 ty\u00f6n puolestasi. Teemme kovasti t\u00f6it\u00e4 varmistaaksemme, ett\u00e4 prosessi on helppo ja intuitiivinen pelaajille.<\/p>\n<h2>Mit\u00e4 concierge-palvelu tarkalleen ottaen on?<\/h2>\n<p>Olemme iloisia, ett\u00e4 kysyit. Kun sanomme, ett\u00e4 meill\u00e4 on concierge-palvelu, se tarkoittaa, ett\u00e4 meill\u00e4 on agentteja eri maissa, my\u00f6s Australiassa. Kun ostat lottokupongin meilt\u00e4, agenttimme k\u00e4yv\u00e4t ostamassa fyysisen kupongin, jossa on vastaavat numerot. T\u00e4m\u00e4 tarkoittaa, ett\u00e4 miss\u00e4 tahansa oletkin, olet mukana arvonnassa.<\/p>\n<h2>Miten voitan?<\/h2>\n<p>Voittaaksesi t\u00e4m\u00e4n Aussie-arvonnan sinun tarvitsee vain l\u00f6yt\u00e4\u00e4 kuusi arvottua p\u00e4\u00e4numeroa, ja sinusta tulee j\u00e4ttipotin voittaja. Sinun ei tarvitse osua lis\u00e4numeroihin, sill\u00e4 niit\u00e4 k\u00e4ytet\u00e4\u00e4n osastojen 2 ja 5 palkintojen m\u00e4\u00e4ritt\u00e4miseen.<\/p>\n<h2>Miten voin tarkistaa tulokset?<\/h2>\n<p>Jokaisen arvonnan j\u00e4lkeen julkaisemme tulokset t\u00e4\u00e4ll\u00e4 jackpotlotteryonline.com-sivustolla. Lauantailoton osalta voit yksinkertaisesti k\u00e4yd\u00e4 <a href=\"https:\/\/jackpotlotteryonline.com\/fi\/voittonumerot\/saturday-lotto\">lauantailoton arvontasivulla lauantaina suoritettujen<\/a> arvontojen j\u00e4lkeen l\u00f6yt\u00e4m\u00e4ss\u00e4 tulokset.<\/p>\n<h2>Mit\u00e4 jos unohdan tarkistaa tulokset?<\/h2>\n<p>T\u00e4m\u00e4 on paras osa. Kun ostat meilt\u00e4, ei ole v\u00e4li\u00e4, jos unohdat tarkistaa lottotulokset, koska me pid\u00e4mme tukesi. Jos voitat palkinnon, l\u00e4het\u00e4mme sinulle viestin kojelaudallesi sek\u00e4 s\u00e4hk\u00f6postiviestin, joka varoittaa sinua. Kun ostat lottolapun meilt\u00e4, tied\u00e4t, ett\u00e4 olet turvassa.<\/p>\n<h2>Voitin, mit\u00e4 nyt?<\/h2>\n<p>No, jos voitit lotossa, ensinn\u00e4kin onnittelut! Olemme innoissamme puolestasi. Jos olet rekister\u00f6itynyt meille, seuraava askel on yksinkertainen. Mene kojelaudallesi ja nosta rahasi k\u00e4ytett\u00e4viss\u00e4 olevien menetelmien kautta. Se on yht\u00e4 helppoa kuin se.<\/p>\n<h2>Rekister\u00f6idy meille jo t\u00e4n\u00e4\u00e4n!<\/h2>\n<p>Lottopelaaminen on hauskaa ja, se antaa pelaajille jotain, mit\u00e4 odottaa joka viikko. Lauantailotossa on mukava j\u00e4ttipottipalkinto ja suotuisat kertoimet, joten se sopii sek\u00e4 uusille ett\u00e4 vanhoille vedonly\u00f6jille. Nyt se ei ole en\u00e4\u00e4 rajoitettu vain Ausseihin, sill\u00e4 ihmiset kaikkialla maailmassa voivat nyt ostaa osallistumismaksuja lottoon.<\/p>\n<p>Jos etsit mielenkiintoista peli\u00e4 pelattavaksi, mikset kokeilisi Tatts-lottoa? Miss\u00e4 ikin\u00e4 oletkin, voit ostaa lottokupongin t\u00e4h\u00e4n arpajaisiin rekister\u00f6itym\u00e4ll\u00e4 meille. ostaa useita merkint\u00f6j\u00e4 ja osallistua useisiin arvontoihin etuk\u00e4teen helposti. Teht\u00e4v\u00e4mme on tehd\u00e4 sinulle mahdolliseksi pelata haluamiasi lottoja mahdollisimman v\u00e4h\u00e4ll\u00e4 stressill\u00e4.<\/p>\n<p>Rentoudu ja pid\u00e4 hauskaa pelatessasi, et voi koskaan tiet\u00e4\u00e4, olisiko t\u00e4m\u00e4 se p\u00e4iv\u00e4, jolloin voitat isosti. Miksi et ostaisi p\u00e4\u00e4sy\u00e4 lottoon rekister\u00f6itym\u00e4ll\u00e4 meille jo t\u00e4n\u00e4\u00e4n?<\/p>\n","protected":false},"excerpt":{"rendered":"<p>Australiassa on paljon lottoja, kuten keskiviikkolotto, Powerball ja lauantailotto Australia. Lauantailotto on suosittu pelaajien keskuudessa ja antaa ihmisille jotain, mit\u00e4 odottaa joka viikko. Kun t\u00e4m\u00e4 arpajaiset alkoivat, vain Ozissa asuvat pelaajat saattoivat osallistua siihen. Onneksi vedonly\u00f6j\u00e4t ymp\u00e4ri maailmaa voivat nyt osallistua lauantailottoon. Miten siis voit ostaa lauantailoton lippuja maan ulkopuolelta? Mikset jatka lukemista ja ota [&hellip;]<\/p>\n","protected":false},"author":1,"featured_media":0,"parent":35749,"menu_order":18,"comment_status":"closed","ping_status":"closed","template":"saturday-lotto-info.php","meta":{"_et_pb_use_builder":"","_et_pb_old_content":"","_et_gb_content_width":"","exclude_from_search":false,"footnotes":""},"class_list":["post-37259","page","type-page","status-publish","hentry"],"yoast_head":"<!-- This site is optimized with the Yoast SEO plugin v23.3 - https:\/\/yoast.com\/wordpress\/plugins\/seo\/ -->\n<title>Osta lippuja lauantailottoon Australiasta Australian ulkopuolelta<\/title>\n<meta name=\"description\" content=\"Suositussa Australian lauantailotossa on suuria j\u00e4ttipotteja. Pelaajat mist\u00e4 tahansa voivat nyt ostaa lipun lauantailottoon netist\u00e4.\" \/>\n<meta name=\"robots\" content=\"index, follow, max-snippet:-1, max-image-preview:large, max-video-preview:-1\" \/>\n<link rel=\"canonical\" href=\"https:\/\/jackpotlotteryonline.com\/buy-tickets\/saturday-lotto\/\" \/>\n<meta property=\"og:locale\" content=\"fi_FI\" \/>\n<meta property=\"og:type\" content=\"article\" \/>\n<meta property=\"og:title\" content=\"Osta lippuja lauantailottoon Australiasta Australian ulkopuolelta\" \/>\n<meta property=\"og:description\" content=\"Suositussa Australian lauantailotossa on suuria j\u00e4ttipotteja. Pelaajat mist\u00e4 tahansa voivat nyt ostaa lipun lauantailottoon netist\u00e4.\" \/>\n<meta property=\"og:url\" content=\"https:\/\/jackpotlotteryonline.com\/buy-tickets\/saturday-lotto\/\" \/>\n<meta property=\"og:site_name\" content=\"Lotto Online - Crack The International Lottery Jackpots\" \/>\n<meta property=\"article:modified_time\" content=\"2022-12-24T19:54:59+00:00\" \/>\n<meta property=\"og:image\" content=\"http:\/\/jackpotlotteryonline.com\/wp-content\/uploads\/2022\/11\/2_ticket_saturday_lotto_au2-1-180x300-1.jpg\" \/>\n<meta name=\"twitter:card\" content=\"summary_large_image\" \/>\n<meta name=\"twitter:label1\" content=\"Arvioitu lukuaika\" \/>\n\t<meta name=\"twitter:data1\" content=\"6 minuuttia\" \/>\n<!-- \/ Yoast SEO plugin. -->","yoast_head_json":{"title":"Osta lippuja lauantailottoon Australiasta Australian ulkopuolelta","description":"Suositussa Australian lauantailotossa on suuria j\u00e4ttipotteja. Pelaajat mist\u00e4 tahansa voivat nyt ostaa lipun lauantailottoon netist\u00e4.","robots":{"index":"index","follow":"follow","max-snippet":"max-snippet:-1","max-image-preview":"max-image-preview:large","max-video-preview":"max-video-preview:-1"},"canonical":"https:\/\/jackpotlotteryonline.com\/buy-tickets\/saturday-lotto\/","og_locale":"fi_FI","og_type":"article","og_title":"Osta lippuja lauantailottoon Australiasta Australian ulkopuolelta","og_description":"Suositussa Australian lauantailotossa on suuria j\u00e4ttipotteja. Pelaajat mist\u00e4 tahansa voivat nyt ostaa lipun lauantailottoon netist\u00e4.","og_url":"https:\/\/jackpotlotteryonline.com\/buy-tickets\/saturday-lotto\/","og_site_name":"Lotto Online - Crack The International Lottery Jackpots","article_modified_time":"2022-12-24T19:54:59+00:00","og_image":[{"url":"http:\/\/jackpotlotteryonline.com\/wp-content\/uploads\/2022\/11\/2_ticket_saturday_lotto_au2-1-180x300-1.jpg"}],"twitter_card":"summary_large_image","twitter_misc":{"Arvioitu lukuaika":"6 minuuttia"},"schema":{"@context":"https:\/\/schema.org","@graph":[{"@type":"WebPage","@id":"https:\/\/jackpotlotteryonline.com\/buy-tickets\/saturday-lotto\/","url":"https:\/\/jackpotlotteryonline.com\/buy-tickets\/saturday-lotto\/","name":"Osta lippuja lauantailottoon Australiasta Australian ulkopuolelta","isPartOf":{"@id":"https:\/\/jackpotlotteryonline.com\/#website"},"primaryImageOfPage":{"@id":"https:\/\/jackpotlotteryonline.com\/buy-tickets\/saturday-lotto\/#primaryimage"},"image":{"@id":"https:\/\/jackpotlotteryonline.com\/buy-tickets\/saturday-lotto\/#primaryimage"},"thumbnailUrl":"http:\/\/jackpotlotteryonline.com\/wp-content\/uploads\/2022\/11\/2_ticket_saturday_lotto_au2-1-180x300-1.jpg","datePublished":"2022-11-11T08:00:25+00:00","dateModified":"2022-12-24T19:54:59+00:00","description":"Suositussa Australian lauantailotossa on suuria j\u00e4ttipotteja. Pelaajat mist\u00e4 tahansa voivat nyt ostaa lipun lauantailottoon netist\u00e4.","breadcrumb":{"@id":"https:\/\/jackpotlotteryonline.com\/buy-tickets\/saturday-lotto\/#breadcrumb"},"inLanguage":"fi","potentialAction":[{"@type":"ReadAction","target":["https:\/\/jackpotlotteryonline.com\/buy-tickets\/saturday-lotto\/"]}]},{"@type":"ImageObject","inLanguage":"fi","@id":"https:\/\/jackpotlotteryonline.com\/buy-tickets\/saturday-lotto\/#primaryimage","url":"http:\/\/jackpotlotteryonline.com\/wp-content\/uploads\/2022\/11\/2_ticket_saturday_lotto_au2-1-180x300-1.jpg","contentUrl":"http:\/\/jackpotlotteryonline.com\/wp-content\/uploads\/2022\/11\/2_ticket_saturday_lotto_au2-1-180x300-1.jpg"},{"@type":"BreadcrumbList","@id":"https:\/\/jackpotlotteryonline.com\/buy-tickets\/saturday-lotto\/#breadcrumb","itemListElement":[{"@type":"ListItem","position":1,"name":"Home","item":"https:\/\/jackpotlotteryonline.com\/fi\/"},{"@type":"ListItem","position":2,"name":"Miten ostaa lottokuponkeja verkossa","item":"https:\/\/jackpotlotteryonline.com\/fi\/osta-lippuja\/"},{"@type":"ListItem","position":3,"name":"Osta lippuja lauantai Lotto Australia"}]},{"@type":"WebSite","@id":"https:\/\/jackpotlotteryonline.com\/#website","url":"https:\/\/jackpotlotteryonline.com\/","name":"Lotto Online - Crack The International Lottery Jackpots","description":"","potentialAction":[{"@type":"SearchAction","target":{"@type":"EntryPoint","urlTemplate":"https:\/\/jackpotlotteryonline.com\/?s={search_term_string}"},"query-input":"required name=search_term_string"}],"inLanguage":"fi"}]}},"_links":{"self":[{"href":"https:\/\/jackpotlotteryonline.com\/fi\/wp-json\/wp\/v2\/pages\/37259","targetHints":{"allow":["GET"]}}],"collection":[{"href":"https:\/\/jackpotlotteryonline.com\/fi\/wp-json\/wp\/v2\/pages"}],"about":[{"href":"https:\/\/jackpotlotteryonline.com\/fi\/wp-json\/wp\/v2\/types\/page"}],"author":[{"embeddable":true,"href":"https:\/\/jackpotlotteryonline.com\/fi\/wp-json\/wp\/v2\/users\/1"}],"replies":[{"embeddable":true,"href":"https:\/\/jackpotlotteryonline.com\/fi\/wp-json\/wp\/v2\/comments?post=37259"}],"version-history":[{"count":0,"href":"https:\/\/jackpotlotteryonline.com\/fi\/wp-json\/wp\/v2\/pages\/37259\/revisions"}],"up":[{"embeddable":true,"href":"https:\/\/jackpotlotteryonline.com\/fi\/wp-json\/wp\/v2\/pages\/35749"}],"wp:attachment":[{"href":"https:\/\/jackpotlotteryonline.com\/fi\/wp-json\/wp\/v2\/media?parent=37259"}],"curies":[{"name":"wp","href":"https:\/\/api.w.org\/{rel}","templated":true}]}}