{"id":37752,"date":"2022-11-15T08:11:22","date_gmt":"2022-11-15T08:11:22","guid":{"rendered":"https:\/\/jackpotlotteryonline.com\/?page_id=37752"},"modified":"2022-11-15T08:11:22","modified_gmt":"2022-11-15T08:11:22","slug":"faq","status":"publish","type":"page","link":"https:\/\/jackpotlotteryonline.com\/fi\/faq\/","title":{"rendered":"FAQ"},"content":{"rendered":"<h2>Online Lottery FAQ<\/h2>\n<p>Annamme t\u00e4\u00e4ll\u00e4 vastauksia yleisimpiin kysymyksiin nettilotosta ja nettiloton j\u00e4ttipoteista. Lottojen pelaaminen verkossa on mukavin ja helpoin tapa p\u00e4\u00e4st\u00e4 k\u00e4siksi suuriin kansainv\u00e4lisiin lotto-j\u00e4ttipotteihin.<\/p>\n<h2>Miten se toimii?<\/h2>\n<p>Toimimme viestipalveluna sinun ja eri lottopelien v\u00e4lill\u00e4. Ostamme lipun sinun nimiss\u00e4si ja puolestasi, sitten skannaamme uuden lippusi ja lataamme skannauksen asiakastilillesi, l\u00e4het\u00e4mme sinulle viestin, kun voitat, ja autamme sinua saamaan rahasi, kun my\u00f6s voitat.<\/p>\n<h2>Mit\u00e4 etuja meid\u00e4n kauttamme pelaamisesta on?<\/h2>\n<ul>\n<li>Sinun ei tarvitse menn\u00e4 lottokauppaan. Voit pelata helposti kotoa tai toimistostasi k\u00e4sin<\/li>\n<li>voit maksaa verkossa, esimerkiksi luottokortilla tai muulla tavoin<\/li>\n<li>lottovoittosi 2500 euroon asti hyvitet\u00e4\u00e4n tilillesi<\/li>\n<li>jos voitat yli 2500 euroa, autamme sinua saamaan rahasi maksutta takaisin.<\/li>\n<li>jos voitat rahaa, ei tule lis\u00e4kuluja.<\/li>\n<\/ul>\n<p><strong>Kuka voi pelata lottoa?<\/strong><\/p>\n<p>Kuka tahansa yli 18-vuotias voi pelata lottoa.<\/p>\n<p><strong>Voinko pelata lottoa ulkomailta k\u00e4sin?<\/strong><\/p>\n<p>Kyll\u00e4 voit. Sill\u00e4 ei ole v\u00e4li\u00e4, miss\u00e4 maassa asut, voit pelata mit\u00e4 tahansa lottoa ja lottoj\u00e4ttipottia miss\u00e4 tahansa valitsemassasi maassa.<\/p>\n<p><strong>Voinko valita omat lottonumeroni?<\/strong><\/p>\n<p>Kyll\u00e4. Voit valita haluamasi numerot, tai voit k\u00e4tev\u00e4sti antaa tietokoneen valita numerot puolestasi satunnaisesti.<\/p>\n<p><strong>Miten saan lottokuponkini?<\/strong><\/p>\n<p>Kun maksusi on k\u00e4sitelty, l\u00e4het\u00e4mme s\u00e4hk\u00f6postitse ostovahvistuksen. Valitsemasi numerot n\u00e4et tilill\u00e4si. Pian sen j\u00e4lkeen n\u00e4et my\u00f6s skannatun arvan tilill\u00e4si.<\/p>\n<p><strong>Miten voin maksaa lotto- tai arpalippuni?<\/strong><\/p>\n<p>K\u00e4ytett\u00e4viss\u00e4si on useita eri maksuvaihtoehtoja, muun muassa maksu luottokortilla, pankkisiirrolla, erilaisilla kryptovaluutoilla ja muilla.<\/p>\n<p><strong>Otatko osuuden voitoistani?<\/strong><\/p>\n<p>Ei. Kaikki lottovoitot maksetaan sinulle kokonaisuudessaan ilman maksujen v\u00e4hent\u00e4mist\u00e4.<\/p>\n<p><strong>Milloin voin tehd\u00e4 lottotilaukseni?<\/strong><\/p>\n<p>Jotta voit osallistua arpajaisiin, sinun on tilattava lippusi v\u00e4hint\u00e4\u00e4n 2 tuntia ennen arvontap\u00e4iv\u00e4\u00e4. N\u00e4in voimme k\u00e4sitell\u00e4 lottokuponkitilauksesi.<\/p>\n<p><strong>Mist\u00e4 tied\u00e4n, olenko voittanut?<\/strong><\/p>\n<p>Jos voitat, l\u00e4het\u00e4mme sinulle s\u00e4hk\u00f6postiviestin, jossa ilmoitamme voitostasi. Lis\u00e4ksi kaikkien arpajaisten voittonumerot julkaistaan verkkosivustollamme.<\/p>\n<p><strong>Miten saan rahani, jos voitan?<\/strong><\/p>\n<p>Jos voitat alle 2500 euron summan, rahat hyvitet\u00e4\u00e4n pelitilillesi. Jos voitat yli 2500 euroa, l\u00e4het\u00e4mme sinulle lomakkeen, joka sinun on t\u00e4ytett\u00e4v\u00e4. Sinun on tunnistettava henkil\u00f6llisyytesi, mink\u00e4 j\u00e4lkeen k\u00e4sittelemme korvausvaatimuksesi arpajaisyhti\u00f6lle. Lotto-yhti\u00f6 antaa sitten sinulle shekin. Huomaa, ett\u00e4 jotkin lottoyhti\u00f6t vaativat sinua lunastamaan voittosi henkil\u00f6kohtaisesti, jos voitat j\u00e4ttipotin.<\/p>\n<p><strong>Onko t\u00e4m\u00e4 laillinen palvelu?<\/strong><\/p>\n<p>Kyll\u00e4, se on. Koska meid\u00e4n palvelumme on vain messenger-palvelu, se on t\u00e4ysin laillinen.<\/p>\n<p><strong>Mist\u00e4 tied\u00e4n, ett\u00e4 lottokuponki ostetaan minun puolestani?<\/strong><\/p>\n<p>Kun olet maksanut arpasi, saat maksuvahvistuksen. Niin kauan kuin lottokuponkisi on aktiivinen, saat s\u00e4hk\u00f6posti-ilmoituksen, ja kirjauduttuasi sis\u00e4\u00e4n voit n\u00e4hd\u00e4 lippusi asiakasalueellasi verkkosivustollamme.<\/p>\n","protected":false},"excerpt":{"rendered":"<p>Online Lottery FAQ Annamme t\u00e4\u00e4ll\u00e4 vastauksia yleisimpiin kysymyksiin nettilotosta ja nettiloton j\u00e4ttipoteista. Lottojen pelaaminen verkossa on mukavin ja helpoin tapa p\u00e4\u00e4st\u00e4 k\u00e4siksi suuriin kansainv\u00e4lisiin lotto-j\u00e4ttipotteihin. Miten se toimii? Toimimme viestipalveluna sinun ja eri lottopelien v\u00e4lill\u00e4. Ostamme lipun sinun nimiss\u00e4si ja puolestasi, sitten skannaamme uuden lippusi ja lataamme skannauksen asiakastilillesi, l\u00e4het\u00e4mme sinulle viestin, kun voitat, ja [&hellip;]<\/p>\n","protected":false},"author":1,"featured_media":0,"parent":0,"menu_order":6,"comment_status":"closed","ping_status":"closed","template":"","meta":{"_et_pb_use_builder":"","_et_pb_old_content":"","_et_gb_content_width":"","exclude_from_search":false,"footnotes":""},"class_list":["post-37752","page","type-page","status-publish","hentry"],"yoast_head":"<!-- This site is optimized with the Yoast SEO plugin v23.3 - https:\/\/yoast.com\/wordpress\/plugins\/seo\/ -->\n<title>Lottery FAQ | Usein kysyttyj\u00e4 kysymyksi\u00e4 Lotosta verkossa<\/title>\n<meta name=\"description\" content=\"L\u00f6yd\u00e4t t\u00e4\u00e4lt\u00e4 vastaukset yleisimpiin kysymyksiin nettilotosta sek\u00e4 parhaat palvelut.\" \/>\n<meta name=\"robots\" content=\"index, follow, max-snippet:-1, max-image-preview:large, max-video-preview:-1\" \/>\n<link rel=\"canonical\" href=\"https:\/\/jackpotlotteryonline.com\/fi\/faq\/\" \/>\n<meta property=\"og:locale\" content=\"fi_FI\" \/>\n<meta property=\"og:type\" content=\"article\" \/>\n<meta property=\"og:title\" content=\"Lottery FAQ | Usein kysyttyj\u00e4 kysymyksi\u00e4 Lotosta verkossa\" \/>\n<meta property=\"og:description\" content=\"L\u00f6yd\u00e4t t\u00e4\u00e4lt\u00e4 vastaukset yleisimpiin kysymyksiin nettilotosta sek\u00e4 parhaat palvelut.\" \/>\n<meta property=\"og:url\" content=\"https:\/\/jackpotlotteryonline.com\/fi\/faq\/\" \/>\n<meta property=\"og:site_name\" content=\"Lotto Online - Crack The International Lottery Jackpots\" \/>\n<meta name=\"twitter:card\" content=\"summary_large_image\" \/>\n<meta name=\"twitter:label1\" content=\"Arvioitu lukuaika\" \/>\n\t<meta name=\"twitter:data1\" content=\"2 minuuttia\" \/>\n<!-- \/ Yoast SEO plugin. -->","yoast_head_json":{"title":"Lottery FAQ | Usein kysyttyj\u00e4 kysymyksi\u00e4 Lotosta verkossa","description":"L\u00f6yd\u00e4t t\u00e4\u00e4lt\u00e4 vastaukset yleisimpiin kysymyksiin nettilotosta sek\u00e4 parhaat palvelut.","robots":{"index":"index","follow":"follow","max-snippet":"max-snippet:-1","max-image-preview":"max-image-preview:large","max-video-preview":"max-video-preview:-1"},"canonical":"https:\/\/jackpotlotteryonline.com\/fi\/faq\/","og_locale":"fi_FI","og_type":"article","og_title":"Lottery FAQ | Usein kysyttyj\u00e4 kysymyksi\u00e4 Lotosta verkossa","og_description":"L\u00f6yd\u00e4t t\u00e4\u00e4lt\u00e4 vastaukset yleisimpiin kysymyksiin nettilotosta sek\u00e4 parhaat palvelut.","og_url":"https:\/\/jackpotlotteryonline.com\/fi\/faq\/","og_site_name":"Lotto Online - Crack The International Lottery Jackpots","twitter_card":"summary_large_image","twitter_misc":{"Arvioitu lukuaika":"2 minuuttia"},"schema":{"@context":"https:\/\/schema.org","@graph":[{"@type":"WebPage","@id":"https:\/\/jackpotlotteryonline.com\/fi\/faq\/","url":"https:\/\/jackpotlotteryonline.com\/fi\/faq\/","name":"Lottery FAQ | Usein kysyttyj\u00e4 kysymyksi\u00e4 Lotosta verkossa","isPartOf":{"@id":"https:\/\/jackpotlotteryonline.com\/#website"},"datePublished":"2022-11-15T08:11:22+00:00","dateModified":"2022-11-15T08:11:22+00:00","description":"L\u00f6yd\u00e4t t\u00e4\u00e4lt\u00e4 vastaukset yleisimpiin kysymyksiin nettilotosta sek\u00e4 parhaat palvelut.","breadcrumb":{"@id":"https:\/\/jackpotlotteryonline.com\/fi\/faq\/#breadcrumb"},"inLanguage":"fi","potentialAction":[{"@type":"ReadAction","target":["https:\/\/jackpotlotteryonline.com\/fi\/faq\/"]}]},{"@type":"BreadcrumbList","@id":"https:\/\/jackpotlotteryonline.com\/fi\/faq\/#breadcrumb","itemListElement":[{"@type":"ListItem","position":1,"name":"Home","item":"https:\/\/jackpotlotteryonline.com\/fi\/"},{"@type":"ListItem","position":2,"name":"FAQ"}]},{"@type":"WebSite","@id":"https:\/\/jackpotlotteryonline.com\/#website","url":"https:\/\/jackpotlotteryonline.com\/","name":"Lotto Online - Crack The International Lottery Jackpots","description":"","potentialAction":[{"@type":"SearchAction","target":{"@type":"EntryPoint","urlTemplate":"https:\/\/jackpotlotteryonline.com\/?s={search_term_string}"},"query-input":"required name=search_term_string"}],"inLanguage":"fi"}]}},"_links":{"self":[{"href":"https:\/\/jackpotlotteryonline.com\/fi\/wp-json\/wp\/v2\/pages\/37752","targetHints":{"allow":["GET"]}}],"collection":[{"href":"https:\/\/jackpotlotteryonline.com\/fi\/wp-json\/wp\/v2\/pages"}],"about":[{"href":"https:\/\/jackpotlotteryonline.com\/fi\/wp-json\/wp\/v2\/types\/page"}],"author":[{"embeddable":true,"href":"https:\/\/jackpotlotteryonline.com\/fi\/wp-json\/wp\/v2\/users\/1"}],"replies":[{"embeddable":true,"href":"https:\/\/jackpotlotteryonline.com\/fi\/wp-json\/wp\/v2\/comments?post=37752"}],"version-history":[{"count":0,"href":"https:\/\/jackpotlotteryonline.com\/fi\/wp-json\/wp\/v2\/pages\/37752\/revisions"}],"wp:attachment":[{"href":"https:\/\/jackpotlotteryonline.com\/fi\/wp-json\/wp\/v2\/media?parent=37752"}],"curies":[{"name":"wp","href":"https:\/\/api.w.org\/{rel}","templated":true}]}}