{"id":39191,"date":"2022-11-22T08:02:56","date_gmt":"2022-11-22T08:02:56","guid":{"rendered":"https:\/\/jackpotlotteryonline.com\/?page_id=39191"},"modified":"2023-01-03T08:50:12","modified_gmt":"2023-01-03T08:50:12","slug":"la-primitiva-2","status":"publish","type":"page","link":"https:\/\/jackpotlotteryonline.com\/fi\/kuinka-pelata\/la-primitiva-2\/","title":{"rendered":"pelata La Primitiva verkossa"},"content":{"rendered":"<p>Espanjan arpajaiset ovat yksi Euroopan suosituimmista lotoista, ja ne vet\u00e4v\u00e4t puoleensa lottofaneja ymp\u00e4ri maata. La Primitiva on my\u00f6s yksi maailman vanhimmista lotoista. Se perustettiin vuonna 1763, ja se on ilahduttanut maan lottofaneja jo l\u00e4hes 260 vuoden ajan. Ennen se oli rajoitettu vain kyseisess\u00e4 maantieteellisess\u00e4 paikassa asuville vedonly\u00f6jille, mutta internetin ansiosta vedonly\u00f6j\u00e4t ymp\u00e4ri maailmaa voivat nyt osallistua t\u00e4h\u00e4n lottoon. Lottopelit riippuvat paljon tuurista, eik\u00e4 t\u00e4m\u00e4 ole poikkeus. N\u00e4in ollen jokaiseen arvontaan osallistuu paljon pelaajia, jotka yritt\u00e4v\u00e4t voittaa suuria summia.<\/p>\n<p>Jos haluat hankkia <a href=\"https:\/\/jackpotlotteryonline.com\/fi\/osta-lippuja\/la-primitiva\">lippuja kansainv\u00e4lisiin huippulottoihin<\/a>, mukaan lukien La Primitiva, k\u00e4y nyt osoitteessa jackptlotteryonline.com aloittaaksesi.<\/p>\n<h2>Kuinka pelata La Primitivaa<\/h2>\n<p><img loading=\"lazy\" decoding=\"async\" class=\"alignright size-medium wp-image-28103\" src=\"https:\/\/jackpotlotteryonline.com\/wp-content\/uploads\/2022\/11\/1_lotto_jackpot_online-257x300.jpg\" alt=\"Pelaa La Primitiva\" width=\"257\" height=\"300\" srcset=\"https:\/\/jackpotlotteryonline.com\/wp-content\/uploads\/2022\/11\/1_lotto_jackpot_online-257x300.jpg 257w, https:\/\/jackpotlotteryonline.com\/wp-content\/uploads\/2022\/11\/1_lotto_jackpot_online.jpg 321w\" sizes=\"auto, (max-width: 257px) 100vw, 257px\" \/><\/p>\n<p>Niin hauska kuin espanjalaista lottoa onkin pelata, se voi olla hieman h\u00e4mment\u00e4v\u00e4 niille, jotka ovat uusia lotossa. Numeroita n\u00e4ytt\u00e4\u00e4 olevan hieman enemm\u00e4n kuin mihin jotkut vedonly\u00f6j\u00e4t ovat tottuneet, ja joitakin muita k\u00e4sitteit\u00e4 voi olla vaikea ymm\u00e4rt\u00e4\u00e4. Mutta kun ymm\u00e4rr\u00e4t, miten La Primitivaa pelataan, siit\u00e4 tulee todella yksinkertaista.<\/p>\n<p>Ensimm\u00e4inen asia, joka on ymm\u00e4rrett\u00e4v\u00e4 t\u00e4m\u00e4n loton pelaamisessa, on <strong>Reintegro<\/strong> ja <strong>Complementario<\/strong>. Reintegro ja Complementarior ovat olennaisia j\u00e4ttipotin voittajan m\u00e4\u00e4ritt\u00e4misess\u00e4. Jos aiot voittaa j\u00e4ttipotin, on t\u00e4rke\u00e4\u00e4 tiet\u00e4\u00e4, mist\u00e4 niiss\u00e4 on kyse ja miten ne toimivat.<\/p>\n<p>Periaatteessa Reintegro (suomeksi k\u00e4\u00e4nnettyn\u00e4 palautus) on yksi niist\u00e4 bonusnumeroista, joita k\u00e4ytet\u00e4\u00e4n palkintovoittajien valinnassa. Complementario (suomeksi k\u00e4\u00e4nnettyn\u00e4 Complementary) on toinen bonusnumero.<\/p>\n<p><strong>Pelatakseen La Primitivaa pelaajan on valittava viisi p\u00e4\u00e4numeroa v\u00e4lilt\u00e4 1-49 ja Reintegro v\u00e4lilt\u00e4 0-9<\/strong>. Kaikki, joiden lippu vastaa arvottuja numeroita, voittavat j\u00e4ttipotin.<\/p>\n<h2>Mutta Reintegro on enemm\u00e4nkin<\/h2>\n<p>Reintegroa k\u00e4ytet\u00e4\u00e4n j\u00e4ttipotin voittajan valitsemiseen. Sinun on siis saatava viisi p\u00e4\u00e4numeroa ja Reintegro-numero, jotta voit voittaa j\u00e4ttipotin.<\/p>\n<p>Reintegroa k\u00e4ytet\u00e4\u00e4n my\u00f6s toisen palkintoluokan m\u00e4\u00e4ritt\u00e4miseen. Pelurit, jotka saavat vain Reintegro-numeron, voittavat lippunsa hinnan takaisin. Siksi sit\u00e4 kutsutaankin &#8220;palautukseksi&#8221;.<\/p>\n<section class=\"layout\" style=\"border: solid 1px; width: 100%;\">\n<div class=\"img-div\" style=\"margin-top: 5px;\"><img decoding=\"async\" class=\"wp-image-17212 alignleft\" style=\"height: 45px; margin: 8px 8px 0px;\" src=\"https:\/\/jackpotlotteryonline.com\/wp-content\/uploads\/2022\/11\/read1.jpg\" alt=\"lue\" width=\"\" height=\"\" \/><\/div>\n<div style=\"padding-left: 5px;\">\n<div style=\"font-size: 1.1em;\">\n<p><strong>Mik\u00e4 on lottomenestyksen salaisuus?<\/strong><\/p>\n<p style=\"font-size: 0.85em; margin-top: -1.5em;\">Kuinka pelata lottoa menestyksekk\u00e4\u00e4sti <a href=\"https:\/\/jackpotlotteryonline.com\/fi\/mika-on-lottomenestyksen-salaisuus\">Lue lis\u00e4\u00e4<\/a><\/p>\n<\/div>\n<\/div>\n<\/section>\n<h2>Ent\u00e4 Complementario?<\/h2>\n<p>Toisella lis\u00e4numerolla ei ole merkityst\u00e4 j\u00e4ttipotin voittamisen kannalta, mutta sit\u00e4 k\u00e4ytet\u00e4\u00e4n 2. divisioonan palkintoluokan m\u00e4\u00e4ritt\u00e4misess\u00e4. Joten vedonly\u00f6j\u00e4, jolla on samat viisi p\u00e4\u00e4numeroa ja Complementario-numero, voittaa palkinnon.<\/p>\n<h2>Jokerin toiminnan ymm\u00e4rt\u00e4minen<\/h2>\n<p>Jokeri on toinen mysteeri, jos ostat La Primitiva -lippuja ensimm\u00e4ist\u00e4 kertaa, koska se n\u00e4ytt\u00e4\u00e4 luovan aivan eri palkintoluokan. Itse asiassa se luo eri palkintoluokan. Se on kuitenkin valinnainen, ja kun ostat arpalippusi, voit valita, haluatko Jokerin mukaan lis\u00e4maksusta.<\/p>\n<p>Jokerilippu muistuttaa enemm\u00e4n arpajaisia kuin lottoa, koska pelaajat eiv\u00e4t saa valita numeroitaan. Jos valitset Jokerin, lippuusi liitet\u00e4\u00e4n seitsem\u00e4n satunnaisnumeroa. Se ei mit\u00e4t\u00f6i arpalippuasi, vaan se on vain lis\u00e4ys. Jokerilla on mahdollisuus voittaa jopa 1 miljoona euroa. Siin\u00e4 on seitsem\u00e4n palkintoluokkaa. L\u00f6yd\u00e4t ne alta:<\/p>\n<p>1. palkinto &#8211; 1 000 000 \u20ac<\/p>\n<p>2. palkinto &#8211; 10 000 euroa<\/p>\n<p>3. palkinto &#8211; 1 000 euroa<\/p>\n<p>4. palkinto &#8211; 300 euroa<\/p>\n<p>5. palkinto &#8211; 50 euroa<\/p>\n<p>6. palkinto &#8211; 5 euroa<\/p>\n<p>7. palkinto &#8211; 5 euroa<\/p>\n<h2>Jokerin voittaminen<\/h2>\n<p>Jos voitat sek\u00e4 lotossa ett\u00e4 Jokerissa, sinun on valittava jompikumpi, sill\u00e4 pelaajat eiv\u00e4t voi lunastaa molempia palkintoja yhdell\u00e4 arvonnalla yhdell\u00e4 lipulla. Suurempi palkinto kuitenkin maksetaan.<\/p>\n<h2>Vaiheet lottopelaamiseen verkossa<\/h2>\n<p><img loading=\"lazy\" decoding=\"async\" class=\"alignright size-medium wp-image-33512\" src=\"https:\/\/jackpotlotteryonline.com\/wp-content\/uploads\/2022\/11\/2_ticket_la_primitiva2-210x300.jpg\" alt=\"La Primitiva nettilippu\" width=\"210\" height=\"300\" srcset=\"https:\/\/jackpotlotteryonline.com\/wp-content\/uploads\/2022\/11\/2_ticket_la_primitiva2-210x300.jpg 210w, https:\/\/jackpotlotteryonline.com\/wp-content\/uploads\/2022\/11\/2_ticket_la_primitiva2.jpg 250w\" sizes=\"auto, (max-width: 210px) 100vw, 210px\" \/><\/p>\n<p>Lottokuponkien hankkiminen netist\u00e4 on yksi el\u00e4m\u00e4n yksinkertaisista iloista l\u00e4hinn\u00e4 siksi, ett\u00e4 kaikki on niin k\u00e4tev\u00e4\u00e4 ja k\u00e4tev\u00e4\u00e4. Voit saada lippusi vain muutamalla pyyhk\u00e4isyll\u00e4 tai napautuksella. T\u00e4ss\u00e4 on vaiheittainen opas t\u00e4m\u00e4n tekemiseen t\u00e4ll\u00e4 sivustolla.<\/p>\n<p><strong>Vaihe 1:<\/strong> K\u00e4y valitsemallasi sivustolla ja etsi lottoa, jota haluat pelata. Annamme lottofaneille p\u00e4\u00e4syn monenlaisiin kansainv\u00e4lisiin arpajaisiin, mukaan lukien La Primitiva.<\/p>\n<p><strong>Vaihe 2:<\/strong> Valitse viisi p\u00e4\u00e4numeroa ja kaksi bonusnumeroa. Jos et ole varma haluamistasi numeroista, voit k\u00e4ytt\u00e4\u00e4 sivustolla olevaa satunnaislukugeneraattoria. Voit my\u00f6s valita useamman kuin yhden numerorivin, jolloin voittomahdollisuutesi kasvavat.<\/p>\n<p><strong>Vaihe 3:<\/strong><a href=\"https:\/\/jackpotlotteryonline.com\/fi\/voittonumerot\/la-primitiva\"> Osallistu arvontaan<\/a>. Huomaa, ett\u00e4 jos osallistut yhteen arvontaan, voit tehd\u00e4 sen vain maanantaina. Muut arvonnat ovat viikoittaisia arvontoja, ja voit halutessasi osallistua kaikkiin niihin.<\/p>\n<p style=\"text-align: left;\"><strong>Vaihe 4:<\/strong> Rekister\u00f6idy ja maksa. Kun p\u00e4\u00e4set maksusivulle, sinua pyydet\u00e4\u00e4n rekister\u00f6itym\u00e4\u00e4n. T\u00e4m\u00e4 tehd\u00e4\u00e4n, jotta voit helposti k\u00e4ytt\u00e4\u00e4 lippuasi tililt\u00e4si ja jotta voimme my\u00f6s ilmoittaa sinulle, jos voitat palkintoja. Sinun tarvitsee rekister\u00f6ity\u00e4 vain kerran, ja my\u00f6hemmill\u00e4 kerroilla sinun tarvitsee vain kirjautua tilillesi.<\/p>\n<p>Siin\u00e4 kaikki, mit\u00e4 tarvitset p\u00e4\u00e4st\u00e4ksesi mukaan kansainv\u00e4lisiin huippulottoihin mukavasti tietokoneen tai mobiililaitteen \u00e4\u00e4relt\u00e4!<\/p>\n<h2>La Primitiva arvonnan tulokset<\/h2>\n<p>Arvontap\u00e4iv\u00e4t ovat t\u00e4ynn\u00e4 j\u00e4nnityst\u00e4, ja monet lottopelaajat odottavat niit\u00e4 innolla. Silloin arvontaan osallistuneet saavat tiet\u00e4\u00e4, voittivatko he j\u00e4ttipotin. On muitakin palkintoja, joita vedonly\u00f6j\u00e4t<\/p>\n<h2>Palkintoluokat<\/h2>\n<p>J\u00e4ttipotti &#8211; 6 p\u00e4\u00e4numeroa + Reintegro-arvonta<\/p>\n<p>Divisioona 1 &#8211; Osuma 6 p\u00e4\u00e4numeroa<\/p>\n<p>Divisioona 2 &#8211; 5 p\u00e4\u00e4numeroa + lis\u00e4numero<\/p>\n<p>Divisioona 3 &#8211; Ottelu 5 p\u00e4\u00e4numeroa<\/p>\n<p>Divisioona 4 &#8211; Ottelussa 4 p\u00e4\u00e4numeroa<\/p>\n<p>Divisioona 5 &#8211; Ottelu 3 p\u00e4\u00e4numeroa<\/p>\n<p>Reintegro &#8211; Vastaavat vain Reintegro-numeroa.<\/p>\n<h2>Kuinka voit nostaa voittosi<\/h2>\n<p>Vedonly\u00f6j\u00e4t ihmettelev\u00e4t usein, miten he p\u00e4\u00e4sev\u00e4t k\u00e4siksi voittoihinsa, jos he pelaavat internetiss\u00e4. Vastaus t\u00e4h\u00e4n riippuu todella k\u00e4ytt\u00e4m\u00e4st\u00e4si lottosivustosta. Jotkut lottosivustot eiv\u00e4t ole kovin hyvi\u00e4 voittajien maksamisessa, mutta t\u00e4m\u00e4 on pikemminkin poikkeus kuin s\u00e4\u00e4nt\u00f6. Siit\u00e4 huolimatta on aina hyv\u00e4 pysy\u00e4 turvassa ja pysy\u00e4 luotettavan lottotoimittajan luona.<\/p>\n<p>Jos pelaat lottoa kanssamme, voit helposti nostaa voittosi. Olemme suunnitelleet j\u00e4rjestelm\u00e4mme niin, ett\u00e4 se on mahdollisimman helppok\u00e4ytt\u00f6inen ja stressit\u00f6n. Useiden kotiutusvaihtoehtojen avulla tarjoamme sinulle turvallisen tavan saada voittosi k\u00e4siisi.<\/p>\n<p>Jos voittosi ylitt\u00e4\u00e4 tietyn summan (kuten jos voitat j\u00e4ttipotin), sinun on tunnistauduttava arpajaisyhti\u00f6lle. Mutta \u00e4l\u00e4 huoli, me tarjoamme sinulle lomakkeen t\u00e4ytett\u00e4v\u00e4ksi, ja kun olet t\u00e4ytt\u00e4nyt sen, me k\u00e4sittelemme korvausvaatimukset puolestasi.<\/p>\n<h2>Pelaa kanssamme ja voit voittaa suuria summia<\/h2>\n<p>Sill\u00e4, mist\u00e4 ostat lippusi, on paljon v\u00e4li\u00e4, ja sivustollamme olemme tehneet parhaamme luodaksemme turvallisen paikan vedonly\u00f6jille ymp\u00e4ri maailmaa. Meill\u00e4 on laaja valikoima kansainv\u00e4lisi\u00e4 arpajaisia, joten voit valita mink\u00e4 tahansa pelin, my\u00f6s La Primitivan. J\u00e4ttipottipalkinnot ovat suuria, mutta muista, ett\u00e4 useimmissa lottopeleiss\u00e4 on useita palkintotasoja, joista osa on hyvin anteliaita.<\/p>\n<p>Jos olet valmis mahdollisuuteen voittaa suuria summia La Primitivan avulla, k\u00e4y meill\u00e4 nyt ja hanki lippusi. Kolmen viikoittaisen arvonnan ansiosta Espanjan arpajaiset antavat pelaajille useita mahdollisuuksia voittaa j\u00e4ttipotti joka viikko. Jackpotlotteryonline.com-sivustolla on aina arvonta, johon voit osallistua, etk\u00e4 koskaan tied\u00e4, onko t\u00e4n\u00e4\u00e4n se p\u00e4iv\u00e4, jolloin voitat ison voiton.<\/p>\n","protected":false},"excerpt":{"rendered":"<p>Espanjan arpajaiset ovat yksi Euroopan suosituimmista lotoista, ja ne vet\u00e4v\u00e4t puoleensa lottofaneja ymp\u00e4ri maata. La Primitiva on my\u00f6s yksi maailman vanhimmista lotoista. Se perustettiin vuonna 1763, ja se on ilahduttanut maan lottofaneja jo l\u00e4hes 260 vuoden ajan. Ennen se oli rajoitettu vain kyseisess\u00e4 maantieteellisess\u00e4 paikassa asuville vedonly\u00f6jille, mutta internetin ansiosta vedonly\u00f6j\u00e4t ymp\u00e4ri maailmaa voivat nyt [&hellip;]<\/p>\n","protected":false},"author":1,"featured_media":0,"parent":35688,"menu_order":7,"comment_status":"closed","ping_status":"closed","template":"la-primitiva.php","meta":{"_et_pb_use_builder":"","_et_pb_old_content":"","_et_gb_content_width":"","exclude_from_search":false,"footnotes":""},"class_list":["post-39191","page","type-page","status-publish","hentry"],"yoast_head":"<!-- This site is optimized with the Yoast SEO plugin v23.3 - https:\/\/yoast.com\/wordpress\/plugins\/seo\/ -->\n<title>Pelaa espanjalaista La Primitiva -nettilottoa mist\u00e4 tahansa maasta<\/title>\n<meta name=\"description\" content=\"Miten pelata La Primitivaa ja voittaa suuria summia mist\u00e4 p\u00e4in maailmaa tahansa. Opi vaiheet lottopelin pelaamiseen verkossa ja voitettaviin palkintoihin.\" \/>\n<meta name=\"robots\" content=\"index, follow, max-snippet:-1, max-image-preview:large, max-video-preview:-1\" \/>\n<link rel=\"canonical\" href=\"https:\/\/jackpotlotteryonline.com\/fi\/kuinka-pelata\/la-primitiva-2\/\" \/>\n<meta property=\"og:locale\" content=\"fi_FI\" \/>\n<meta property=\"og:type\" content=\"article\" \/>\n<meta property=\"og:title\" content=\"Pelaa espanjalaista La Primitiva -nettilottoa mist\u00e4 tahansa maasta\" \/>\n<meta property=\"og:description\" content=\"Miten pelata La Primitivaa ja voittaa suuria summia mist\u00e4 p\u00e4in maailmaa tahansa. Opi vaiheet lottopelin pelaamiseen verkossa ja voitettaviin palkintoihin.\" \/>\n<meta property=\"og:url\" content=\"https:\/\/jackpotlotteryonline.com\/fi\/kuinka-pelata\/la-primitiva-2\/\" \/>\n<meta property=\"og:site_name\" content=\"Lotto Online - Crack The International Lottery Jackpots\" \/>\n<meta property=\"article:modified_time\" content=\"2023-01-03T08:50:12+00:00\" \/>\n<meta property=\"og:image\" content=\"https:\/\/jackpotlotteryonline.com\/wp-content\/uploads\/2022\/11\/1_lotto_jackpot_online-257x300.jpg\" \/>\n<meta name=\"twitter:card\" content=\"summary_large_image\" \/>\n<meta name=\"twitter:label1\" content=\"Arvioitu lukuaika\" \/>\n\t<meta name=\"twitter:data1\" content=\"5 minuuttia\" \/>\n<!-- \/ Yoast SEO plugin. -->","yoast_head_json":{"title":"Pelaa espanjalaista La Primitiva -nettilottoa mist\u00e4 tahansa maasta","description":"Miten pelata La Primitivaa ja voittaa suuria summia mist\u00e4 p\u00e4in maailmaa tahansa. Opi vaiheet lottopelin pelaamiseen verkossa ja voitettaviin palkintoihin.","robots":{"index":"index","follow":"follow","max-snippet":"max-snippet:-1","max-image-preview":"max-image-preview:large","max-video-preview":"max-video-preview:-1"},"canonical":"https:\/\/jackpotlotteryonline.com\/fi\/kuinka-pelata\/la-primitiva-2\/","og_locale":"fi_FI","og_type":"article","og_title":"Pelaa espanjalaista La Primitiva -nettilottoa mist\u00e4 tahansa maasta","og_description":"Miten pelata La Primitivaa ja voittaa suuria summia mist\u00e4 p\u00e4in maailmaa tahansa. Opi vaiheet lottopelin pelaamiseen verkossa ja voitettaviin palkintoihin.","og_url":"https:\/\/jackpotlotteryonline.com\/fi\/kuinka-pelata\/la-primitiva-2\/","og_site_name":"Lotto Online - Crack The International Lottery Jackpots","article_modified_time":"2023-01-03T08:50:12+00:00","og_image":[{"url":"https:\/\/jackpotlotteryonline.com\/wp-content\/uploads\/2022\/11\/1_lotto_jackpot_online-257x300.jpg"}],"twitter_card":"summary_large_image","twitter_misc":{"Arvioitu lukuaika":"5 minuuttia"},"schema":{"@context":"https:\/\/schema.org","@graph":[{"@type":"WebPage","@id":"https:\/\/jackpotlotteryonline.com\/fi\/kuinka-pelata\/la-primitiva-2\/","url":"https:\/\/jackpotlotteryonline.com\/fi\/kuinka-pelata\/la-primitiva-2\/","name":"Pelaa espanjalaista La Primitiva -nettilottoa mist\u00e4 tahansa maasta","isPartOf":{"@id":"https:\/\/jackpotlotteryonline.com\/#website"},"primaryImageOfPage":{"@id":"https:\/\/jackpotlotteryonline.com\/fi\/kuinka-pelata\/la-primitiva-2\/#primaryimage"},"image":{"@id":"https:\/\/jackpotlotteryonline.com\/fi\/kuinka-pelata\/la-primitiva-2\/#primaryimage"},"thumbnailUrl":"https:\/\/jackpotlotteryonline.com\/wp-content\/uploads\/2022\/11\/1_lotto_jackpot_online-257x300.jpg","datePublished":"2022-11-22T08:02:56+00:00","dateModified":"2023-01-03T08:50:12+00:00","description":"Miten pelata La Primitivaa ja voittaa suuria summia mist\u00e4 p\u00e4in maailmaa tahansa. Opi vaiheet lottopelin pelaamiseen verkossa ja voitettaviin palkintoihin.","breadcrumb":{"@id":"https:\/\/jackpotlotteryonline.com\/fi\/kuinka-pelata\/la-primitiva-2\/#breadcrumb"},"inLanguage":"fi","potentialAction":[{"@type":"ReadAction","target":["https:\/\/jackpotlotteryonline.com\/fi\/kuinka-pelata\/la-primitiva-2\/"]}]},{"@type":"ImageObject","inLanguage":"fi","@id":"https:\/\/jackpotlotteryonline.com\/fi\/kuinka-pelata\/la-primitiva-2\/#primaryimage","url":"https:\/\/jackpotlotteryonline.com\/wp-content\/uploads\/2022\/11\/1_lotto_jackpot_online-257x300.jpg","contentUrl":"https:\/\/jackpotlotteryonline.com\/wp-content\/uploads\/2022\/11\/1_lotto_jackpot_online-257x300.jpg"},{"@type":"BreadcrumbList","@id":"https:\/\/jackpotlotteryonline.com\/fi\/kuinka-pelata\/la-primitiva-2\/#breadcrumb","itemListElement":[{"@type":"ListItem","position":1,"name":"Home","item":"https:\/\/jackpotlotteryonline.com\/fi\/"},{"@type":"ListItem","position":2,"name":"Kuinka pelata","item":"https:\/\/jackpotlotteryonline.com\/play-online\/"},{"@type":"ListItem","position":3,"name":"pelata La Primitiva verkossa"}]},{"@type":"WebSite","@id":"https:\/\/jackpotlotteryonline.com\/#website","url":"https:\/\/jackpotlotteryonline.com\/","name":"Lotto Online - Crack The International Lottery Jackpots","description":"","potentialAction":[{"@type":"SearchAction","target":{"@type":"EntryPoint","urlTemplate":"https:\/\/jackpotlotteryonline.com\/?s={search_term_string}"},"query-input":"required name=search_term_string"}],"inLanguage":"fi"}]}},"_links":{"self":[{"href":"https:\/\/jackpotlotteryonline.com\/fi\/wp-json\/wp\/v2\/pages\/39191","targetHints":{"allow":["GET"]}}],"collection":[{"href":"https:\/\/jackpotlotteryonline.com\/fi\/wp-json\/wp\/v2\/pages"}],"about":[{"href":"https:\/\/jackpotlotteryonline.com\/fi\/wp-json\/wp\/v2\/types\/page"}],"author":[{"embeddable":true,"href":"https:\/\/jackpotlotteryonline.com\/fi\/wp-json\/wp\/v2\/users\/1"}],"replies":[{"embeddable":true,"href":"https:\/\/jackpotlotteryonline.com\/fi\/wp-json\/wp\/v2\/comments?post=39191"}],"version-history":[{"count":0,"href":"https:\/\/jackpotlotteryonline.com\/fi\/wp-json\/wp\/v2\/pages\/39191\/revisions"}],"up":[{"embeddable":true,"href":"https:\/\/jackpotlotteryonline.com\/fi\/wp-json\/wp\/v2\/pages\/35688"}],"wp:attachment":[{"href":"https:\/\/jackpotlotteryonline.com\/fi\/wp-json\/wp\/v2\/media?parent=39191"}],"curies":[{"name":"wp","href":"https:\/\/api.w.org\/{rel}","templated":true}]}}