{"id":39278,"date":"2022-11-23T07:45:28","date_gmt":"2022-11-23T07:45:28","guid":{"rendered":"https:\/\/jackpotlotteryonline.com\/?page_id=39278"},"modified":"2023-01-03T09:48:05","modified_gmt":"2023-01-03T09:48:05","slug":"lotto-america-2","status":"publish","type":"page","link":"https:\/\/jackpotlotteryonline.com\/fi\/kuinka-pelata\/lotto-america-2\/","title":{"rendered":"Pelaa Lotto America verkossa"},"content":{"rendered":"<p>Haluatko oppia ly\u00f6m\u00e4\u00e4n vetoa Lotto Amerikassa mist\u00e4 p\u00e4in maailmaa tahansa? Yhdysvalloissa on maailman suurimpia lottoja, kuten Lotto America. Mielenkiintoista on, ett\u00e4 t\u00e4m\u00e4 on my\u00f6s lotto, joka j\u00e4tet\u00e4\u00e4n usein huomiotta paljon suurempien serkkujensa, Powerballin ja Mega Millionsin, eduksi. On kuitenkin joitakin kokeneita vedonly\u00f6ji\u00e4, jotka tiet\u00e4v\u00e4t, kuinka uskomaton j\u00e4ttipotti on, ja lis\u00e4ksi j\u00e4ttipotin voittokertoimet ovat paljon pienemm\u00e4t kuin esimerkiksi Yhdysvaltain Powerballissa. Jos siis etsit yhdysvaltalaista lottoa, joka antaa sinulle muita lottoja paremmat mahdollisuudet voittaa j\u00e4ttipotti, kannattaa tutustua Lotto Amerikkaan.<\/p>\n<p>On totta, ett\u00e4 Lotto America on yhdysvaltalainen lotto, ja siten lippuja myyd\u00e4\u00e4n Yhdysvalloissa. Vedonly\u00f6j\u00e4t voivat kuitenkin ostaa lippunsa t\u00e4h\u00e4n lottoon k\u00e4ytt\u00e4m\u00e4ll\u00e4 sivustoa, kuten jackpotlotteryonline.com. Kerromme joitakin yksityiskohtia t\u00e4st\u00e4 ja teemme my\u00f6s parhaamme vastataksemme usein kysyttyihin kysymyksiin, joita Lotto Amerikasta on esitetty.<\/p>\n<p>Jatka lukemista saadaksesi tietoa Lotto Amerikasta ja siit\u00e4, miten navigoit lippujen ostoprosessin ja voittojen ker\u00e4\u00e4misen l\u00e4pi.<\/p>\n<section class=\"layout\" style=\"border: solid 1px; width: 100%;\">\n<div class=\"img-div\" style=\"margin-top: 5px;\"><img decoding=\"async\" class=\"wp-image-17212 alignleft\" style=\"height: 45px; margin: 8px 8px 0px;\" src=\"https:\/\/jackpotlotteryonline.com\/wp-content\/uploads\/2022\/11\/read1.jpg\" alt=\"Lue \" width=\"\" height=\"\" \/><\/div>\n<div style=\"padding-left: 5px;\">\n<div style=\"font-size: 1.1em;\">\n<p><strong>Valitse voittavat lottonumerot manuaalisesti tai k\u00e4ytt\u00e4m\u00e4ll\u00e4 RNG:t\u00e4.<\/strong><\/p>\n<p style=\"font-size: 0.85em; margin-top: -1.5em;\">\u00a0 Miten luoda voittavat lottonumerot?\u00a0 <a href=\"https:\/\/jackpotlotteryonline.com\/fi\/miten-luoda-voittaa-lotto-numerot\"> Lue lis\u00e4\u00e4<\/a><\/p>\n<\/div>\n<\/div>\n<\/section>\n<h2>Hieman Lotto Amerikasta<\/h2>\n<p><img loading=\"lazy\" decoding=\"async\" class=\"alignright size-full wp-image-29534\" src=\"https:\/\/jackpotlotteryonline.com\/wp-content\/uploads\/2022\/11\/1_results_lottery_online5.jpg\" alt=\"pelaa Lotto Amerikka verkossa \" width=\"300\" height=\"200\" \/><\/p>\n<p>Verrattuna muihin lottoihin ymp\u00e4ri maailmaa Lotto America on suhteellisen uusi. Se perustettiin vuonna 2017, ja se on toiminut vasta viisi vuotta, ja se luotiin korvaamaan Hot Lotto, joka oli t\u00e4ynn\u00e4 skandaaleja. Emme kyll\u00e4styt\u00e4 sinua yksityiskohdilla, riitt\u00e4\u00e4 kun tied\u00e4t, ett\u00e4 Lotto America on ollut 5 toimintavuotensa aikana skandaaliton.<\/p>\n<p>Lotto America on monen osavaltion lotto, mik\u00e4 tarkoittaa, ett\u00e4 sit\u00e4 tarjotaan useissa Amerikan osavaltioissa. N\u00e4iden osavaltioiden asukkaat voivat helposti ostaa lippuja Lotto Americaan k\u00e4velem\u00e4ll\u00e4 mihin tahansa lottomyyj\u00e4\u00e4n eri osavaltioissa. Mutta mit\u00e4 tapahtuu, kun asut Yhdysvaltojen ulkopuolella?<\/p>\n<p>Niille vedonly\u00f6jille, jotka asuvat Yhdysvaltojen ulkopuolella ja haluavat osallistua Lotto Americaan, on olemassa yksinkertainen ratkaisu. Internet on mahdollistanut sen, ett\u00e4 pelaajat ymp\u00e4ri maailmaa voivat osallistua kansainv\u00e4lisiin huippulottoihin ly\u00f6m\u00e4ll\u00e4 vetojaan lottov\u00e4litt\u00e4j\u00e4n kautta. Alla kerromme vinkkej\u00e4 siit\u00e4, miten pelata Lotto Americaa verkossa.<\/p>\n<h2>Lotto Amerikan pelaaminen verkossa<\/h2>\n<p>Ensimm\u00e4inen askel Lotto American pelaamiseen verkossa on l\u00f6yt\u00e4\u00e4 verkkosivusto, jonka kautta voit <a href=\"https:\/\/jackpotlotteryonline.com\/fi\/osta-lippuja\/lotto-america\">ostaa arpoja<\/a>. T\u00e4m\u00e4 vaikuttaa hieman itsest\u00e4\u00e4n selv\u00e4lt\u00e4, mutta huomaat pian, ett\u00e4 se ei ole niin suoraviivaista kuin milt\u00e4 se n\u00e4ytt\u00e4\u00e4.<\/p>\n<p>Totuus on, ett\u00e4 on olemassa useita sivustoja, jotka v\u00e4itt\u00e4v\u00e4t tarjoavansa pelaajille mahdollisuuden osallistua Lotto Amerikkaan. Ne tarjoavat kuitenkin vain mahdollisuuksia ly\u00f6d\u00e4 vetoa lottotuloksesta. Jos ostat lippuja kyseiselt\u00e4 sivustolta, et ole varsinaisesti osallistunut Lotto Amerikkaan, ja vaikka osuisit kaikkiin arvottuihin numeroihin, et voita j\u00e4ttipottia. K\u00e4ytt\u00e4m\u00e4si sivuston valinta on siis eritt\u00e4in t\u00e4rke\u00e4\u00e4.<\/p>\n<p><strong>Kun olet p\u00e4\u00e4tt\u00e4nyt valita sivuston, noudata seuraavia ohjeita:<\/strong><\/p>\n<ol>\n<li>Siirry haluamallesi sivustolle ja napsauta Lotto America -kohtaa.<\/li>\n<li>Valitse 5 numeroa v\u00e4lill\u00e4 1-52 (jos et ole varma k\u00e4ytett\u00e4vist\u00e4 numeroista, kokeile automaattista numerogeneraattoria).<\/li>\n<li>Valitse seuraavaksi bonusnumero (t\u00e4htipallo) v\u00e4lilt\u00e4 1-10.<\/li>\n<li>Osta lis\u00e4numerorivej\u00e4, jotta voittomahdollisuutesi olisivat suuremmat.<\/li>\n<li><a href=\"https:\/\/jackpotlotteryonline.com\/fi\/voittonumerot\/lotto-america\">Osallistu arvontoihin<\/a> (voit osallistua useampaan kuin yhteen arvontaan).<\/li>\n<li>Rekister\u00f6idy ja maksa osallistumisesi.<\/li>\n<\/ol>\n<h2>Mist\u00e4 tilauspalvelussa on kyse?<\/h2>\n<p>Jos k\u00e4yt\u00e4t meid\u00e4n kaltaistamme sivustoa, on olemassa niin sanottu tilauspalvelu, joka mahdollistaa saumattoman ja stressitt\u00f6m\u00e4n vedonly\u00f6nnin. Vaikka on t\u00e4ysin ok olla kertak\u00e4ytt\u00e4j\u00e4 (jos niin haluat), useimmat vedonly\u00f6j\u00e4t pelaavat usein. Paras tapa voittaa Lotto America on ly\u00f6d\u00e4 s\u00e4\u00e4nn\u00f6llisesti vetoa, ja juuri siit\u00e4 t\u00e4ss\u00e4 palvelussa on kyse.<\/p>\n<p>Voit asettaa sen niin, ett\u00e4 olet automaattisesti mukana tulevissa arvonnoissa. Lotto Amerikassa on 3 arvontap\u00e4iv\u00e4\u00e4 viikossa: Maanantaisin, keskiviikkoisin ja lauantaisin. Olkaamme rehellisi\u00e4, voi olla hieman v\u00e4sytt\u00e4v\u00e4\u00e4 yritt\u00e4\u00e4 muistaa ostaa liput jokaiseen arvontaan, mutta siksi me olemme t\u00e4\u00e4ll\u00e4.<\/p>\n<p>Kun olet ottanut k\u00e4ytt\u00f6\u00f6n tilauspalvelun, voit rentoutua ja tiet\u00e4\u00e4, ett\u00e4 sinun ei tarvitse j\u00e4tt\u00e4\u00e4 v\u00e4liin yht\u00e4\u00e4n Lotto America -arvonnan arvontoja.<\/p>\n<h2>Tietoa concierge-palvelustamme<\/h2>\n<p>Mainitsimme vaarat, joita on olemassa, jos k\u00e4yt\u00e4t mit\u00e4 tahansa sivustoa internetiss\u00e4 Lotto American pelaamiseen. Mutta mist\u00e4 tied\u00e4t, ett\u00e4 osallistut Lotto Amerikkaan, kun pelaat sivustollamme? Se on yksinkertaista. Tarjoamme palvelun, joka auttaa sinua ostamaan lippusi siin\u00e4 maassa, jossa lottoa pelataan. Me my\u00f6s helpotamme korvausvaatimuksiasi, kun voitat. Periaatteessa voit ajatella meit\u00e4 lottopelaajien concierge-palveluna.<\/p>\n<p>Kun pelaat Lotto Americaa sivustollamme, tapahtuu n\u00e4in. Kun olet valinnut numerosi ja suorittanut maksun, agenttimme Yhdysvalloissa ostaa fyysisen lipun numeroitasi k\u00e4ytt\u00e4en. T\u00e4m\u00e4 koskee tietenkin valitsemaasi arvontaan. T\u00e4m\u00e4n j\u00e4lkeen lippu skannataan ja ladataan tilillesi.<\/p>\n<p>T\u00e4m\u00e4 on t\u00e4ysin laillinen tapa pelata Lotto Americaa mist\u00e4 p\u00e4in maailmaa tahansa. Lis\u00e4ksi se varmistaa, ett\u00e4 olet todella mukana valitsemassasi arvonnassa.<\/p>\n<h2>Piirustusten tarkistaminen<\/h2>\n<p><img loading=\"lazy\" decoding=\"async\" class=\"alignright size-full wp-image-30506\" src=\"https:\/\/jackpotlotteryonline.com\/wp-content\/uploads\/2022\/11\/3_screen_buy_lotto_tickets_online.jpg\" alt=\"Lotto Amerikan arvonnat\" width=\"300\" height=\"217\" \/><\/p>\n<p>Lotto Americalla on kolme arvontap\u00e4iv\u00e4\u00e4 viikossa, maanantai, keskiviikko ja lauantai. Arvontojen aikana ilmoitetaan voittolappu. Voittaaksesi j\u00e4ttipotin, lippusi on vastattava kuutta arvottua numeroa. Lotto American j\u00e4ttipottipalkinnot alkavat 2 miljoonasta dollarista, ja ne voivat jatkua, jos arvonnan j\u00e4lkeen ei ole voittajaa.<\/p>\n<p>Koska voitto jatkuu jokaisen arvonnan j\u00e4lkeen (jos voittajaa ei ole), se voi nousta jopa 18 miljoonaan dollariin. Eik\u00f6 se olekin melkoinen summa voitettavaksi?<\/p>\n<p>Jokaisen arvonnan j\u00e4lkeen voit tarkistaa sivustoltamme, oletko voittanut palkinnon. Lotto Amerikassa on 9 eri palkintoluokkaa, ja jos voitat jonkin palkinnon, l\u00e4het\u00e4mme sinulle s\u00e4hk\u00f6postiviestin, jossa ilmoitamme siit\u00e4.<\/p>\n<h2>Kuinka lunastaa voittosi<\/h2>\n<p>Yksi kysymys, jonka kuulemme usein vedonly\u00f6jilt\u00e4, on se, miten he p\u00e4\u00e4sev\u00e4t k\u00e4siksi voittoihinsa, kun he ovat osallistuneet Lotto America -verkkolottoon. Jos ostat Lotto America -lippuja sivustomme kautta, tarjoamme yksinkertaisen ja vaivattoman tavan lunastaa voittosi. Voitot, joiden arvo on 2500 euroa, hyvitet\u00e4\u00e4n tilillesi, ja sen j\u00e4lkeen voit nostaa ne ilman lis\u00e4kustannuksia.<\/p>\n<p>Jos voitat suuremman summan, menettely on hieman erilainen. Tarjoamme sinulle t\u00e4ytett\u00e4v\u00e4ksi korvausvaatimuslomakkeen, ja kun olet t\u00e4ytt\u00e4nyt sen, k\u00e4sittelemme korvausvaatimuksen puolestasi. Syyn\u00e4 t\u00e4h\u00e4n on se, ett\u00e4 sinun on tunnistettava henkil\u00f6llisyytesi. Lis\u00e4ksi jotkin lottovoittoyhti\u00f6t saattavat vaatia sinua tulemaan henkil\u00f6kohtaisesti paikalle, jos haluat noutaa suurempia summia. Jos n\u00e4in k\u00e4y, ilmoitamme siit\u00e4 sinulle v\u00e4litt\u00f6m\u00e4sti.<\/p>\n<h2>Osta lippuja Lotto Amerikassa kanssamme<\/h2>\n<p>Olemme k\u00e4ytt\u00e4neet vuosia modernin teknologian valjastamiseen ja laajan kokemuksen louhimiseen tarjotaksemme paikan, jossa vedonly\u00f6j\u00e4t voivat ostaa lippuja turvallisesti. Voit helposti ostaa lippuja Lotto Amerikkaan tai mihin tahansa kansainv\u00e4liseen lottoon, joita sivustollamme on.<\/p>\n<p>Miksi et ostaisi lippuasi meilt\u00e4 jo t\u00e4n\u00e4\u00e4n sy\u00f6tt\u00e4m\u00e4ll\u00e4 Lotto America? Me huolehdimme yksityiskohdista, jotta voit tehd\u00e4 sit\u00e4, mit\u00e4 rakastat eniten. K\u00e4y osoitteessa jackpotlotteryonline.com saadaksesi lis\u00e4tietoja.<\/p>\n","protected":false},"excerpt":{"rendered":"<p>Haluatko oppia ly\u00f6m\u00e4\u00e4n vetoa Lotto Amerikassa mist\u00e4 p\u00e4in maailmaa tahansa? Yhdysvalloissa on maailman suurimpia lottoja, kuten Lotto America. Mielenkiintoista on, ett\u00e4 t\u00e4m\u00e4 on my\u00f6s lotto, joka j\u00e4tet\u00e4\u00e4n usein huomiotta paljon suurempien serkkujensa, Powerballin ja Mega Millionsin, eduksi. On kuitenkin joitakin kokeneita vedonly\u00f6ji\u00e4, jotka tiet\u00e4v\u00e4t, kuinka uskomaton j\u00e4ttipotti on, ja lis\u00e4ksi j\u00e4ttipotin voittokertoimet ovat paljon pienemm\u00e4t [&hellip;]<\/p>\n","protected":false},"author":1,"featured_media":0,"parent":35688,"menu_order":13,"comment_status":"closed","ping_status":"closed","template":"lotto-america.php","meta":{"_et_pb_use_builder":"","_et_pb_old_content":"","_et_gb_content_width":"","exclude_from_search":false,"footnotes":""},"class_list":["post-39278","page","type-page","status-publish","hentry"],"yoast_head":"<!-- This site is optimized with the Yoast SEO plugin v23.3 - https:\/\/yoast.com\/wordpress\/plugins\/seo\/ -->\n<title>Pelaa Lotto America verkossa - Lotto Online - Crack The International Lottery Jackpots<\/title>\n<meta name=\"robots\" content=\"index, follow, max-snippet:-1, max-image-preview:large, max-video-preview:-1\" \/>\n<link rel=\"canonical\" href=\"https:\/\/jackpotlotteryonline.com\/fi\/kuinka-pelata\/lotto-america-2\/\" \/>\n<meta property=\"og:locale\" content=\"fi_FI\" \/>\n<meta property=\"og:type\" content=\"article\" \/>\n<meta property=\"og:title\" content=\"Pelaa Lotto America verkossa - Lotto Online - Crack The International Lottery Jackpots\" \/>\n<meta property=\"og:description\" content=\"Haluatko oppia ly\u00f6m\u00e4\u00e4n vetoa Lotto Amerikassa mist\u00e4 p\u00e4in maailmaa tahansa? Yhdysvalloissa on maailman suurimpia lottoja, kuten Lotto America. Mielenkiintoista on, ett\u00e4 t\u00e4m\u00e4 on my\u00f6s lotto, joka j\u00e4tet\u00e4\u00e4n usein huomiotta paljon suurempien serkkujensa, Powerballin ja Mega Millionsin, eduksi. On kuitenkin joitakin kokeneita vedonly\u00f6ji\u00e4, jotka tiet\u00e4v\u00e4t, kuinka uskomaton j\u00e4ttipotti on, ja lis\u00e4ksi j\u00e4ttipotin voittokertoimet ovat paljon pienemm\u00e4t [&hellip;]\" \/>\n<meta property=\"og:url\" content=\"https:\/\/jackpotlotteryonline.com\/fi\/kuinka-pelata\/lotto-america-2\/\" \/>\n<meta property=\"og:site_name\" content=\"Lotto Online - Crack The International Lottery Jackpots\" \/>\n<meta property=\"article:modified_time\" content=\"2023-01-03T09:48:05+00:00\" \/>\n<meta property=\"og:image\" content=\"https:\/\/jackpotlotteryonline.com\/wp-content\/uploads\/2022\/11\/read1.jpg\" \/>\n<meta name=\"twitter:card\" content=\"summary_large_image\" \/>\n<meta name=\"twitter:label1\" content=\"Arvioitu lukuaika\" \/>\n\t<meta name=\"twitter:data1\" content=\"5 minuuttia\" \/>\n<!-- \/ Yoast SEO plugin. -->","yoast_head_json":{"title":"Pelaa Lotto America verkossa - Lotto Online - Crack The International Lottery Jackpots","robots":{"index":"index","follow":"follow","max-snippet":"max-snippet:-1","max-image-preview":"max-image-preview:large","max-video-preview":"max-video-preview:-1"},"canonical":"https:\/\/jackpotlotteryonline.com\/fi\/kuinka-pelata\/lotto-america-2\/","og_locale":"fi_FI","og_type":"article","og_title":"Pelaa Lotto America verkossa - Lotto Online - Crack The International Lottery Jackpots","og_description":"Haluatko oppia ly\u00f6m\u00e4\u00e4n vetoa Lotto Amerikassa mist\u00e4 p\u00e4in maailmaa tahansa? Yhdysvalloissa on maailman suurimpia lottoja, kuten Lotto America. Mielenkiintoista on, ett\u00e4 t\u00e4m\u00e4 on my\u00f6s lotto, joka j\u00e4tet\u00e4\u00e4n usein huomiotta paljon suurempien serkkujensa, Powerballin ja Mega Millionsin, eduksi. On kuitenkin joitakin kokeneita vedonly\u00f6ji\u00e4, jotka tiet\u00e4v\u00e4t, kuinka uskomaton j\u00e4ttipotti on, ja lis\u00e4ksi j\u00e4ttipotin voittokertoimet ovat paljon pienemm\u00e4t [&hellip;]","og_url":"https:\/\/jackpotlotteryonline.com\/fi\/kuinka-pelata\/lotto-america-2\/","og_site_name":"Lotto Online - Crack The International Lottery Jackpots","article_modified_time":"2023-01-03T09:48:05+00:00","og_image":[{"url":"https:\/\/jackpotlotteryonline.com\/wp-content\/uploads\/2022\/11\/read1.jpg"}],"twitter_card":"summary_large_image","twitter_misc":{"Arvioitu lukuaika":"5 minuuttia"},"schema":{"@context":"https:\/\/schema.org","@graph":[{"@type":"WebPage","@id":"https:\/\/jackpotlotteryonline.com\/fi\/kuinka-pelata\/lotto-america-2\/","url":"https:\/\/jackpotlotteryonline.com\/fi\/kuinka-pelata\/lotto-america-2\/","name":"Pelaa Lotto America verkossa - Lotto Online - Crack The International Lottery Jackpots","isPartOf":{"@id":"https:\/\/jackpotlotteryonline.com\/#website"},"primaryImageOfPage":{"@id":"https:\/\/jackpotlotteryonline.com\/fi\/kuinka-pelata\/lotto-america-2\/#primaryimage"},"image":{"@id":"https:\/\/jackpotlotteryonline.com\/fi\/kuinka-pelata\/lotto-america-2\/#primaryimage"},"thumbnailUrl":"https:\/\/jackpotlotteryonline.com\/wp-content\/uploads\/2022\/11\/read1.jpg","datePublished":"2022-11-23T07:45:28+00:00","dateModified":"2023-01-03T09:48:05+00:00","breadcrumb":{"@id":"https:\/\/jackpotlotteryonline.com\/fi\/kuinka-pelata\/lotto-america-2\/#breadcrumb"},"inLanguage":"fi","potentialAction":[{"@type":"ReadAction","target":["https:\/\/jackpotlotteryonline.com\/fi\/kuinka-pelata\/lotto-america-2\/"]}]},{"@type":"ImageObject","inLanguage":"fi","@id":"https:\/\/jackpotlotteryonline.com\/fi\/kuinka-pelata\/lotto-america-2\/#primaryimage","url":"https:\/\/jackpotlotteryonline.com\/wp-content\/uploads\/2022\/11\/read1.jpg","contentUrl":"https:\/\/jackpotlotteryonline.com\/wp-content\/uploads\/2022\/11\/read1.jpg"},{"@type":"BreadcrumbList","@id":"https:\/\/jackpotlotteryonline.com\/fi\/kuinka-pelata\/lotto-america-2\/#breadcrumb","itemListElement":[{"@type":"ListItem","position":1,"name":"Home","item":"https:\/\/jackpotlotteryonline.com\/fi\/"},{"@type":"ListItem","position":2,"name":"Kuinka pelata","item":"https:\/\/jackpotlotteryonline.com\/play-online\/"},{"@type":"ListItem","position":3,"name":"Pelaa Lotto America verkossa"}]},{"@type":"WebSite","@id":"https:\/\/jackpotlotteryonline.com\/#website","url":"https:\/\/jackpotlotteryonline.com\/","name":"Lotto Online - Crack The International Lottery Jackpots","description":"","potentialAction":[{"@type":"SearchAction","target":{"@type":"EntryPoint","urlTemplate":"https:\/\/jackpotlotteryonline.com\/?s={search_term_string}"},"query-input":"required name=search_term_string"}],"inLanguage":"fi"}]}},"_links":{"self":[{"href":"https:\/\/jackpotlotteryonline.com\/fi\/wp-json\/wp\/v2\/pages\/39278","targetHints":{"allow":["GET"]}}],"collection":[{"href":"https:\/\/jackpotlotteryonline.com\/fi\/wp-json\/wp\/v2\/pages"}],"about":[{"href":"https:\/\/jackpotlotteryonline.com\/fi\/wp-json\/wp\/v2\/types\/page"}],"author":[{"embeddable":true,"href":"https:\/\/jackpotlotteryonline.com\/fi\/wp-json\/wp\/v2\/users\/1"}],"replies":[{"embeddable":true,"href":"https:\/\/jackpotlotteryonline.com\/fi\/wp-json\/wp\/v2\/comments?post=39278"}],"version-history":[{"count":0,"href":"https:\/\/jackpotlotteryonline.com\/fi\/wp-json\/wp\/v2\/pages\/39278\/revisions"}],"up":[{"embeddable":true,"href":"https:\/\/jackpotlotteryonline.com\/fi\/wp-json\/wp\/v2\/pages\/35688"}],"wp:attachment":[{"href":"https:\/\/jackpotlotteryonline.com\/fi\/wp-json\/wp\/v2\/media?parent=39278"}],"curies":[{"name":"wp","href":"https:\/\/api.w.org\/{rel}","templated":true}]}}