{"id":39473,"date":"2022-11-24T11:12:05","date_gmt":"2022-11-24T11:12:05","guid":{"rendered":"https:\/\/jackpotlotteryonline.com\/?page_id=39473"},"modified":"2023-01-03T17:27:57","modified_gmt":"2023-01-03T17:27:57","slug":"mega-sena-2","status":"publish","type":"page","link":"https:\/\/jackpotlotteryonline.com\/fi\/kuinka-pelata\/mega-sena-2\/","title":{"rendered":"Pelaa Mega-Sena arpajaiset verkossa"},"content":{"rendered":"<p>Haluatko ostaa lippuja Mega-Sena-arvontaan mist\u00e4 p\u00e4in maailmaa tahansa? Mega-Sena on Brasilian suurin arpajaiset ja se on ollut k\u00e4ynniss\u00e4 vuodesta 1996 l\u00e4htien. Miljoonat brasilialaiset lottofanit kiirehtiv\u00e4t ostamaan Mega-Sena-lottokuponkeja ennen jokaista arvontakierrosta, ja nyt my\u00f6s pelaajat ymp\u00e4ri maailmaa voivat osallistua mahdollisuuteen voittaa miljoonia Realeja.<\/p>\n<p>Ehk\u00e4 yksi syy Mega-Senan suosioon on se, ett\u00e4 sit\u00e4 hallinnoi pankki, joka on Brasilian suurin valtion omistama pankki. On varmasti jotain lohdullista ja luotettavaa siin\u00e4, ett\u00e4 ostaa lippuja pankin omistamaan lottoon.<\/p>\n<p>Brasilian ulkopuolella asuville Mega-Sena-arvontaan osallistuminen ei ole en\u00e4\u00e4 saavuttamaton toive. Asuitpa miss\u00e4 tahansa, voit p\u00e4\u00e4st\u00e4 Mega-Senaan, kunhan olet tietenkin yli t\u00e4ysi-ik\u00e4inen. Jos haluat tiet\u00e4\u00e4, miten p\u00e4\u00e4set mukaan brasilialaiseen lottoon, jatka lukemista.<\/p>\n<p>Mega-Sena ei ole ainoa lotto, jota voit pelata mist\u00e4 tahansa. K\u00e4y osoitteessa jackpotlotteryonline.com ja lue lis\u00e4\u00e4 kansainv\u00e4lisist\u00e4 huippulotoista, joihin voit p\u00e4\u00e4st\u00e4 mukaan.<\/p>\n<h2>Miten pelata Mega-Sena verkossa<\/h2>\n<p>Olitpa sitten Brasiliassa tai mantereen p\u00e4\u00e4ss\u00e4, voit pelata Mega-Senaa. Se onnistuu <a href=\"https:\/\/jackpotlotteryonline.com\/fi\/osta-lippuja\/mega-sena\">ostamalla liput netist\u00e4<\/a> kauttamme. Me annamme k\u00e4ytt\u00e4jille p\u00e4\u00e4syn arpajaisiin ymp\u00e4ri maailmaa, my\u00f6s Mega-Senaan. Jos k\u00e4yt\u00e4t sivustoamme Mega-Senan pelaamiseen, tarjoamme suoraviivaisen prosessin stressit\u00f6nt\u00e4 kokemusta varten.<\/p>\n<p>Ensimm\u00e4inen vaihe on vierailla verkkosivustollamme ja napsauttaa sitten linkki\u00e4 Mega-Sena-arvontaan. Seuraavaksi sinun on valittava 6 numeroa v\u00e4lill\u00e4 1-60. Voit valita jopa 6 numerosarjaa jokaiseen arvontaan, jotta voit lis\u00e4t\u00e4 mahdollisuuksiasi voittaa j\u00e4ttipotti. Kun olet valinnut numerot, valitse arvontap\u00e4iv\u00e4t ja suorita prosessi loppuun.<\/p>\n<p>Kun pelaat verkossa, on t\u00e4rke\u00e4\u00e4 k\u00e4ytt\u00e4\u00e4 palvelua, joka antaa sinulle p\u00e4\u00e4syn Mega-Senaan. Monet sivustot lupaavat sen, mutta kun luet pienell\u00e4 painettuun tekstiin, huomaat, ett\u00e4 niiden avulla voit ly\u00f6d\u00e4 vetoa vain lottotuloksesta. Jos ostat Mega-Sena-arpoja sivustoltamme, varmistamme, ett\u00e4 p\u00e4\u00e4set Mega-Senaan, ja jos lippusi vastaa arvottuja numeroita, voitat.<\/p>\n<h2>Miten voittaa Mega-Sena<\/h2>\n<p><img loading=\"lazy\" decoding=\"async\" class=\"size-medium wp-image-28319 alignright\" src=\"https:\/\/jackpotlotteryonline.com\/wp-content\/uploads\/2022\/11\/1_mega_lottery_jackpot-300x207.jpg\" alt=\"voita Mega-Sena-arpajaiset \" width=\"300\" height=\"207\" srcset=\"https:\/\/jackpotlotteryonline.com\/wp-content\/uploads\/2022\/11\/1_mega_lottery_jackpot-300x207.jpg 300w, https:\/\/jackpotlotteryonline.com\/wp-content\/uploads\/2022\/11\/1_mega_lottery_jackpot.jpg 320w\" sizes=\"auto, (max-width: 300px) 100vw, 300px\" \/><\/p>\n<p>Putoavat rahat. Lent\u00e4v\u00e4t vihre\u00e4t setelit eristetty valkoiselle, tasainen rahakonfetti, lottovoitto k\u00e4site. Vektorikuvitus banneri ansaita rahaa tausta<\/p>\n<p><a href=\"https:\/\/jackpotlotteryonline.com\/fi\/voittonumerot\/mega-sena\">Mega-Senan voittaminen<\/a> tarkoittaa sit\u00e4, ett\u00e4 osuu arvottuihin numeroihin. Periaatteessa on 6 numeroa, jotka arvotaan satunnaisesti mahdollisista 60 numerosta. Jokainen lippu, joka vastaa 6 arvottua numeroa, voittaa j\u00e4ttipotin.<\/p>\n<p>Mega-Sena-arvonnat suoritetaan kahdesti viikossa keskiviikkoisin ja lauantaisin. Voit valita, mihin arvontaan osallistut, kun ostat Mega-Sena-lippusi. Voit osallistua my\u00f6s useampaan arvontaan. N\u00e4in huippupelaajat tekev\u00e4t varmistaakseen, ett\u00e4 heill\u00e4 on mahdollisimman paljon mahdollisuuksia voittaa j\u00e4ttipotti.<\/p>\n<p>Sivustomme k\u00e4ytt\u00e4misen etuna on my\u00f6s se, ett\u00e4 voit helposti perustaa automaattisen tilauspalvelun Mega-Sena-lippujen ostamista varten. T\u00e4m\u00e4 tarkoittaa, ett\u00e4 sinun ei tarvitse sy\u00f6tt\u00e4\u00e4 manuaalisesti jokaiseen arvontaan. T\u00e4llaiset asiat on helppo unohtaa ja mietti\u00e4, miten kauhealta tuntuisi, jos arvonta, johon et osallistunut, olisi ollut se, jonka olisit voinut voittaa. Aseta se niin, ett\u00e4 olet automaattisesti mukana jokaisessa arvonnassa.<\/p>\n<h2>Mega-Sena Jackpot<\/h2>\n<p>Jackpot-palkinto alkaa 3 miljoonasta R$:sta, ja jos arvonnan j\u00e4lkeen ei ole voittajaa, se kasvaa. Ja se voi kasvaa melko suureksi. Todenn\u00e4k\u00f6isyys voittaa j\u00e4ttipotti on 1:50 miljoonaa, mik\u00e4 on todella hyv\u00e4 verrattuna muihin kansainv\u00e4lisiin huippulottoihin.<\/p>\n<p>Suurin j\u00e4ttipotti, jonka kukaan on voittanut Mega-Senasta, oli noin 53 miljoonaa euroa. Se on el\u00e4m\u00e4\u00e4 mullistava summa mill\u00e4 tahansa mittapuulla. Ja kaikkien aikojen korkein Mega-Senan j\u00e4ttipotti oli per\u00e4ti 73 miljoonaa euroa.<\/p>\n<p>Vaikka Mega-Senan j\u00e4ttipotti ei olekaan miljardien dollareiden suuruinen, ei ole ep\u00e4ilyst\u00e4k\u00e4\u00e4n siit\u00e4, ett\u00e4 pelaaja voi voittaa t\u00e4st\u00e4 lotosta suuria summia. Jos olet ollut ep\u00e4varma t\u00e4m\u00e4n loton suhteen, nyt on aika hyp\u00e4t\u00e4 ja ostaa lippu.<\/p>\n<h2>Voit voittaa palkintoja<\/h2>\n<p>Olemme puhuneet laajasti Mega-Sena-j\u00e4ttipotista, joka on perimm\u00e4inen palkinto, jonka kuka tahansa pelaaja voi voittaa osallistuessaan t\u00e4h\u00e4n lottopeliin. J\u00e4ttipotti ei kuitenkaan ole ainoa palkinto, jonka Mega-Sena-fanit voivat voittaa.<\/p>\n<p>Mega-Senassa on yhteens\u00e4 3 palkintotasoa, mukaan lukien j\u00e4ttipotti. Palkintojen tarkkaa suuruutta on kuitenkin hieman vaikea sanoa, sill\u00e4 kullekin tasolle jaetaan tietty prosenttiosuus palkintopotista. Tutustu palkintotasoihin seuraavaksi.<\/p>\n<p>Jackpot &#8211; Sena: 6 numeroa &#8211; 35 % palkintopotista<\/p>\n<p>Taso 2 &#8211; Quina: 5 numeroa &#8211; 19 % palkintopotista<\/p>\n<p>Taso 3 &#8211; Quadra: T\u00e4yt\u00e4 4 numeroa &#8211; 19 % palkintopotista.<\/p>\n<h2>Mega da virada<\/h2>\n<p>Mik\u00e4 on mega da virada? Jos olet koskaan tutkinut Mega-Senan pelaamista, olet varmasti t\u00f6rm\u00e4nnyt mega da viradaan. Onko se toinen peli vai palkintoluokka? No, se ei ole kumpaakaan. Sen sijaan se on osa Mega-Sena-arpajaisia, mutta se on erityinen arvonta, joka j\u00e4rjestet\u00e4\u00e4n joka vuosi uudenvuodenaattona.<\/p>\n<p>Mega da virada on sellainen, joka houkuttelee kokeneita vedonly\u00f6ji\u00e4 kaikkialla, koska j\u00e4ttipotti on yleens\u00e4 niin suuri. Vuoden 2022 j\u00e4ttipotti on huikeat 450 miljoonaa R$, ja sen sanotaan olevan Mega-Senan historian suurin voitto! Ei ihme, ett\u00e4 lottoharrastajat rynt\u00e4\u00e4v\u00e4t ostamaan osallistumisoikeuksia t\u00e4h\u00e4n arvontaan.<\/p>\n<p>Voit osallistua Mega da Virada -arvontaan t\u00e4\u00e4ll\u00e4 sivustollamme. Sinun ei tarvitse k\u00e4yd\u00e4 l\u00e4pi renkaita ja silmukoita vain osallistuaksesi mega da viradaan. Kerromme sinulle salaisuuden: mega da virada on itse asiassa Mega-Sena, mutta se on vuoden viimeinen arvonta. Siin\u00e4 se. Osallistu siis 31. joulukuuta j\u00e4rjestett\u00e4v\u00e4\u00e4n Mega-Sena-arvontaan, niin sinulla on mahdollisuus voittaa iso voitto.<\/p>\n<h2>Totuus Mega-Sena-arvonnan pelaamisesta verkossa<\/h2>\n<p><img loading=\"lazy\" decoding=\"async\" class=\"alignright size-medium wp-image-32000\" src=\"https:\/\/jackpotlotteryonline.com\/wp-content\/uploads\/2022\/11\/1_mega_lotto_ticket-213x300.jpg\" alt=\"Mega-Sena arpajaiset netiss\u00e4\" width=\"213\" height=\"300\" srcset=\"https:\/\/jackpotlotteryonline.com\/wp-content\/uploads\/2022\/11\/1_mega_lotto_ticket-213x300.jpg 213w, https:\/\/jackpotlotteryonline.com\/wp-content\/uploads\/2022\/11\/1_mega_lotto_ticket.jpg 320w\" sizes=\"auto, (max-width: 213px) 100vw, 213px\" \/><\/p>\n<p>Okei, haluaisimme k\u00e4ytt\u00e4\u00e4 muutaman minuutin antaaksemme sinulle muutamia vinkkej\u00e4 Mega-Senan pelaamisesta internetiss\u00e4. Ennen kuin ostat lipun Mega-Senaan, sinun on oltava varma, ett\u00e4 osallistut arvontaan. Paras tapa on selvitt\u00e4\u00e4, toimiiko sivusto agenttina. Se tarkoittaa, ett\u00e4 heill\u00e4 on Brasiliassa agentteja, jotka ostavat fyysisi\u00e4 Mega-Sena-lippuja.<\/p>\n<p>Toinen huomioitava asia t\u00e4ss\u00e4 peliss\u00e4 on se, ett\u00e4 se on numeropeli. Periaatteessa kaikki liittyy siihen, kuinka onnekas olet. On kuitenkin olemassa muutamia tapoja, joilla voit auttaa onnea ja lis\u00e4t\u00e4 voittomahdollisuuksiasi. Yksi keino on ostaa useita merkint\u00f6j\u00e4.<\/p>\n<p>Mega-Senalla on todella hyv\u00e4t kertoimet vedonly\u00f6jille, joten mit\u00e4 useampia lippuja ostat, sit\u00e4 suuremmat mahdollisuutesi voittaa lotossa. Sama p\u00e4tee useisiin arvontoihin osallistumiseen. On aina hyv\u00e4 pelisuunnitelma osallistua useisiin arvontoihin.<\/p>\n<h2>Miksi sinun pit\u00e4isi pelata lottoa kanssamme<\/h2>\n<p>On olemassa useita lottosivustoja, jotka tarjoavat sinulle mahdollisuuden pelata Mega-Sena-lottoa. Miksi sinun pit\u00e4isi valita meid\u00e4t sen sijaan?<\/p>\n<ul>\n<li>Olemme concierge-sivusto, jolla on lottoagentteja ymp\u00e4ri maailmaa. Kun ostat Mega-Sena-lipun meilt\u00e4, agenttimme Brasiliassa ostavat lipun valitsemillasi numeroilla. N\u00e4in varmistetaan, ett\u00e4 olet mukana Mega-Sena-arvonnassa.<\/li>\n<li>Voit nostaa voittosi (tiettyyn summaan asti) sivustoltamme. Riippumatta siit\u00e4, kuinka paljon voitat, emme veloita mit\u00e4\u00e4n palkkiota.<\/li>\n<li>Kun ostat lippuja sivustoltamme, sinun ei tarvitse huolehtia siit\u00e4, ett\u00e4 my\u00f6h\u00e4styt arvonnoista. Julkaisemme arvontatulokset sivustollamme, ja jos voitat jonkin palkinnon, l\u00e4het\u00e4mme sinulle s\u00e4hk\u00f6postia.<\/li>\n<li>Olet turvassa t\u00e4\u00e4ll\u00e4. Teemme kaikkemme suojellaksemme lippusi, joten sinun ei tarvitse koskaan huolehtia lipun menett\u00e4misest\u00e4.<\/li>\n<\/ul>\n<p>Periaatteessa lottokuponkien ostaminen meilt\u00e4 tarkoittaa, ett\u00e4 varmistat mielenrauhasi. Emme halua, ett\u00e4 murehdit yksityiskohdista, joten anna meid\u00e4n hoitaa ne, kun sin\u00e4 keskityt t\u00e4rkeimpiin asioihin.<\/p>\n<section class=\"layout\" style=\"border: solid 1px; width: 100%;\">\n<div class=\"img-div\" style=\"margin-top: 5px;\"><img decoding=\"async\" class=\"wp-image-17212 alignleft\" style=\"height: 45px; margin: 8px 8px 0px;\" src=\"https:\/\/jackpotlotteryonline.com\/wp-content\/uploads\/2022\/11\/read1.jpg\" alt=\"Lue \" width=\"\" height=\"\" \/><\/div>\n<div style=\"padding-left: 5px;\">\n<div style=\"font-size: 1.1em;\">\n<p><strong>Lottovoittojen verot<\/strong><\/p>\n<p style=\"font-size: 0.85em; margin-top: -1.5em;\">Pit\u00e4\u00e4k\u00f6 minun maksaa veroja lottovoitoista?\u00a0 <a href=\"https:\/\/jackpotlotteryonline.com\/fi\/pitaako-minun-maksaa-veroja-lottovoitoista\"> Lue lis\u00e4\u00e4<\/a><\/p>\n<\/div>\n<\/div>\n<\/section>\n<h2>Rekister\u00f6idy meille pelataksesi Mega-Sena-arpajaisia verkossa<\/h2>\n<p>Oletko valmis osallistumaan Mega-Sena-lottopeliin? \u00c4l\u00e4 etsi kauempaa, vaan rekister\u00f6idy meille ja p\u00e4\u00e4set vauhtiin. Kun olet rekister\u00f6itynyt, saat p\u00e4\u00e4syn kansainv\u00e4lisiin huippulottoihin, mukaan lukien Mega-Sena. Parasta on, ett\u00e4 voittosi ovat turvassa, kun pelaat kanssamme; voit nostaa voittamasi summan.<\/p>\n<p>Tarjoamme mielell\u00e4mme asiakkaillemme useita vaihtoehtoja. Miksi rajoittaisit itsesi vain yhteen lottoon, kun voit pelata yli kahta tusinaa eri peli\u00e4? L\u00f6yd\u00e4t sivustoltamme huippupelej\u00e4, kuten Yhdysvaltain Powerball, La Primitiva ja Eurojackpot. Jokaiseen sivustomme peliin on helppo osallistua.<\/p>\n<p>On aika lakata istumasta aitiopaikalla. Jos haluat tosissasi voittaa suuria voittoja, rekister\u00f6idy Mega-Sena-peliin jo t\u00e4n\u00e4\u00e4n. Seuraava arvonta voi olla se onnenpotku, jota olet odottanut. Suuntaa sivustollemme nyt ja valitse suuresta valikoimasta erilaisia arpajaisia. \u00c4l\u00e4 unohda suunnitella etuk\u00e4teen Mega da Virada.<\/p>\n","protected":false},"excerpt":{"rendered":"<p>Haluatko ostaa lippuja Mega-Sena-arvontaan mist\u00e4 p\u00e4in maailmaa tahansa? Mega-Sena on Brasilian suurin arpajaiset ja se on ollut k\u00e4ynniss\u00e4 vuodesta 1996 l\u00e4htien. Miljoonat brasilialaiset lottofanit kiirehtiv\u00e4t ostamaan Mega-Sena-lottokuponkeja ennen jokaista arvontakierrosta, ja nyt my\u00f6s pelaajat ymp\u00e4ri maailmaa voivat osallistua mahdollisuuteen voittaa miljoonia Realeja. Ehk\u00e4 yksi syy Mega-Senan suosioon on se, ett\u00e4 sit\u00e4 hallinnoi pankki, joka on [&hellip;]<\/p>\n","protected":false},"author":1,"featured_media":0,"parent":35688,"menu_order":15,"comment_status":"closed","ping_status":"closed","template":"megasena.php","meta":{"_et_pb_use_builder":"","_et_pb_old_content":"","_et_gb_content_width":"","exclude_from_search":false,"footnotes":""},"class_list":["post-39473","page","type-page","status-publish","hentry"],"yoast_head":"<!-- This site is optimized with the Yoast SEO plugin v23.3 - https:\/\/yoast.com\/wordpress\/plugins\/seo\/ -->\n<title>Osta Mega-Sena lippuja verkossa<\/title>\n<meta name=\"description\" content=\"Voit ostaa lippuja Mega-Sena-arvontaan verkossa. Tutustu pelaamiseen ja voittojen lunastamiseen t\u00e4\u00e4ll\u00e4.\" \/>\n<meta name=\"robots\" content=\"index, follow, max-snippet:-1, max-image-preview:large, max-video-preview:-1\" \/>\n<link rel=\"canonical\" href=\"https:\/\/jackpotlotteryonline.com\/fi\/kuinka-pelata\/mega-sena-2\/\" \/>\n<meta property=\"og:locale\" content=\"fi_FI\" \/>\n<meta property=\"og:type\" content=\"article\" \/>\n<meta property=\"og:title\" content=\"Osta Mega-Sena lippuja verkossa\" \/>\n<meta property=\"og:description\" content=\"Voit ostaa lippuja Mega-Sena-arvontaan verkossa. Tutustu pelaamiseen ja voittojen lunastamiseen t\u00e4\u00e4ll\u00e4.\" \/>\n<meta property=\"og:url\" content=\"https:\/\/jackpotlotteryonline.com\/fi\/kuinka-pelata\/mega-sena-2\/\" \/>\n<meta property=\"og:site_name\" content=\"Lotto Online - Crack The International Lottery Jackpots\" \/>\n<meta property=\"article:modified_time\" content=\"2023-01-03T17:27:57+00:00\" \/>\n<meta property=\"og:image\" content=\"https:\/\/jackpotlotteryonline.com\/wp-content\/uploads\/2022\/11\/1_mega_lottery_jackpot-300x207.jpg\" \/>\n<meta name=\"twitter:card\" content=\"summary_large_image\" \/>\n<meta name=\"twitter:label1\" content=\"Arvioitu lukuaika\" \/>\n\t<meta name=\"twitter:data1\" content=\"6 minuuttia\" \/>\n<!-- \/ Yoast SEO plugin. -->","yoast_head_json":{"title":"Osta Mega-Sena lippuja verkossa","description":"Voit ostaa lippuja Mega-Sena-arvontaan verkossa. Tutustu pelaamiseen ja voittojen lunastamiseen t\u00e4\u00e4ll\u00e4.","robots":{"index":"index","follow":"follow","max-snippet":"max-snippet:-1","max-image-preview":"max-image-preview:large","max-video-preview":"max-video-preview:-1"},"canonical":"https:\/\/jackpotlotteryonline.com\/fi\/kuinka-pelata\/mega-sena-2\/","og_locale":"fi_FI","og_type":"article","og_title":"Osta Mega-Sena lippuja verkossa","og_description":"Voit ostaa lippuja Mega-Sena-arvontaan verkossa. Tutustu pelaamiseen ja voittojen lunastamiseen t\u00e4\u00e4ll\u00e4.","og_url":"https:\/\/jackpotlotteryonline.com\/fi\/kuinka-pelata\/mega-sena-2\/","og_site_name":"Lotto Online - Crack The International Lottery Jackpots","article_modified_time":"2023-01-03T17:27:57+00:00","og_image":[{"url":"https:\/\/jackpotlotteryonline.com\/wp-content\/uploads\/2022\/11\/1_mega_lottery_jackpot-300x207.jpg"}],"twitter_card":"summary_large_image","twitter_misc":{"Arvioitu lukuaika":"6 minuuttia"},"schema":{"@context":"https:\/\/schema.org","@graph":[{"@type":"WebPage","@id":"https:\/\/jackpotlotteryonline.com\/fi\/kuinka-pelata\/mega-sena-2\/","url":"https:\/\/jackpotlotteryonline.com\/fi\/kuinka-pelata\/mega-sena-2\/","name":"Osta Mega-Sena lippuja verkossa","isPartOf":{"@id":"https:\/\/jackpotlotteryonline.com\/#website"},"primaryImageOfPage":{"@id":"https:\/\/jackpotlotteryonline.com\/fi\/kuinka-pelata\/mega-sena-2\/#primaryimage"},"image":{"@id":"https:\/\/jackpotlotteryonline.com\/fi\/kuinka-pelata\/mega-sena-2\/#primaryimage"},"thumbnailUrl":"https:\/\/jackpotlotteryonline.com\/wp-content\/uploads\/2022\/11\/1_mega_lottery_jackpot-300x207.jpg","datePublished":"2022-11-24T11:12:05+00:00","dateModified":"2023-01-03T17:27:57+00:00","description":"Voit ostaa lippuja Mega-Sena-arvontaan verkossa. Tutustu pelaamiseen ja voittojen lunastamiseen t\u00e4\u00e4ll\u00e4.","breadcrumb":{"@id":"https:\/\/jackpotlotteryonline.com\/fi\/kuinka-pelata\/mega-sena-2\/#breadcrumb"},"inLanguage":"fi","potentialAction":[{"@type":"ReadAction","target":["https:\/\/jackpotlotteryonline.com\/fi\/kuinka-pelata\/mega-sena-2\/"]}]},{"@type":"ImageObject","inLanguage":"fi","@id":"https:\/\/jackpotlotteryonline.com\/fi\/kuinka-pelata\/mega-sena-2\/#primaryimage","url":"https:\/\/jackpotlotteryonline.com\/wp-content\/uploads\/2022\/11\/1_mega_lottery_jackpot-300x207.jpg","contentUrl":"https:\/\/jackpotlotteryonline.com\/wp-content\/uploads\/2022\/11\/1_mega_lottery_jackpot-300x207.jpg"},{"@type":"BreadcrumbList","@id":"https:\/\/jackpotlotteryonline.com\/fi\/kuinka-pelata\/mega-sena-2\/#breadcrumb","itemListElement":[{"@type":"ListItem","position":1,"name":"Home","item":"https:\/\/jackpotlotteryonline.com\/fi\/"},{"@type":"ListItem","position":2,"name":"Kuinka pelata","item":"https:\/\/jackpotlotteryonline.com\/play-online\/"},{"@type":"ListItem","position":3,"name":"Pelaa Mega-Sena arpajaiset verkossa"}]},{"@type":"WebSite","@id":"https:\/\/jackpotlotteryonline.com\/#website","url":"https:\/\/jackpotlotteryonline.com\/","name":"Lotto Online - Crack The International Lottery Jackpots","description":"","potentialAction":[{"@type":"SearchAction","target":{"@type":"EntryPoint","urlTemplate":"https:\/\/jackpotlotteryonline.com\/?s={search_term_string}"},"query-input":"required name=search_term_string"}],"inLanguage":"fi"}]}},"_links":{"self":[{"href":"https:\/\/jackpotlotteryonline.com\/fi\/wp-json\/wp\/v2\/pages\/39473","targetHints":{"allow":["GET"]}}],"collection":[{"href":"https:\/\/jackpotlotteryonline.com\/fi\/wp-json\/wp\/v2\/pages"}],"about":[{"href":"https:\/\/jackpotlotteryonline.com\/fi\/wp-json\/wp\/v2\/types\/page"}],"author":[{"embeddable":true,"href":"https:\/\/jackpotlotteryonline.com\/fi\/wp-json\/wp\/v2\/users\/1"}],"replies":[{"embeddable":true,"href":"https:\/\/jackpotlotteryonline.com\/fi\/wp-json\/wp\/v2\/comments?post=39473"}],"version-history":[{"count":0,"href":"https:\/\/jackpotlotteryonline.com\/fi\/wp-json\/wp\/v2\/pages\/39473\/revisions"}],"up":[{"embeddable":true,"href":"https:\/\/jackpotlotteryonline.com\/fi\/wp-json\/wp\/v2\/pages\/35688"}],"wp:attachment":[{"href":"https:\/\/jackpotlotteryonline.com\/fi\/wp-json\/wp\/v2\/media?parent=39473"}],"curies":[{"name":"wp","href":"https:\/\/api.w.org\/{rel}","templated":true}]}}