{"id":39533,"date":"2022-11-28T07:04:03","date_gmt":"2022-11-28T07:04:03","guid":{"rendered":"https:\/\/jackpotlotteryonline.com\/?page_id=39533"},"modified":"2023-01-03T17:54:17","modified_gmt":"2023-01-03T17:54:17","slug":"powerball-australia","status":"publish","type":"page","link":"https:\/\/jackpotlotteryonline.com\/fi\/kuinka-pelata\/powerball-australia\/","title":{"rendered":"pelata Powerball Australia verkossa"},"content":{"rendered":"<p>On olemassa syy, miksi lottoharrastajat ymp\u00e4ri maailmaa rynt\u00e4\u00e4v\u00e4t pelaamaan Australian Powerballia. Vuosi 2022 on ollut megaj\u00e4ttipottien vuosi, ja olemme n\u00e4hneet useiden pelaajien voittavan miljoonia dollareita kansainv\u00e4lisist\u00e4 arpajaisista. Kaikessa t\u00e4ss\u00e4 Powerball AU ei ole ollut poikkeus, sill\u00e4 kaikkien aikojen suurin, 160 miljoonan Australian dollarin j\u00e4ttipotti oli lokakuussa 2022. Koska yksitt\u00e4iset lipunomistajat ovat voittaneet useita suuria j\u00e4ttipotteja, kannattaa harkita t\u00e4m\u00e4n Powerballin pelaamista.<\/p>\n<p>Mielenkiintoista on, ett\u00e4 t\u00e4m\u00e4 Powerball on ollut olemassa jo jonkin aikaa. Ensimm\u00e4inen arvonta suoritettiin 23. toukokuuta 1996, joten se on 25 vuotta vanha. On totta, ett\u00e4 verrattuna espanjalaisen La Primitivan kaltaisiin arpajaisiin Oz Powerball on k\u00e4yt\u00e4nn\u00f6ss\u00e4 vauva. (La Primitiva perustettiin vuonna 1763, ja voit osallistua kyseiseen lottoon osoitteessa jackpotlotteryonline.com).<\/p>\n<p>Viimeisten 25 vuoden ajan Oz Powerball on s\u00e4ilytt\u00e4nyt maineensa anteliaiden voittojen ja innokkaiden faniensa ansiosta. Aiemmin siihen p\u00e4\u00e4siv\u00e4t mukaan vain mantereella asuvat pelaajat. Nyt vedonly\u00f6j\u00e4t ymp\u00e4ri maailmaa voivat pelata Powerball AU:ta verkossa mukavasti tietokoneen tai mobiililaitteen avulla. Jatka lukemista saadaksesi selville, miten voit pelata t\u00e4t\u00e4 lottoa verkossa.<\/p>\n<h2>Kuinka pelata Powerball Australiaa<\/h2>\n<p><img loading=\"lazy\" decoding=\"async\" class=\"alignright size-full wp-image-26402\" src=\"http:\/\/jackpotlotteryonline.com\/wp-content\/uploads\/2022\/11\/1_buy_online_ticket_powerball.jpg\" alt=\"pelata Powerball Australiaa verkossa \" width=\"300\" height=\"194\" \/><\/p>\n<p>Yksi t\u00e4m\u00e4n loton h\u00e4mm\u00e4stytt\u00e4vist\u00e4 asioista on se, ett\u00e4 siin\u00e4 on loistavat kertoimet. Todenn\u00e4k\u00f6isyys voittaa j\u00e4ttipotti on 1 noin 76 miljoonasta. On kuitenkin useita muitakin jakoja, ja n\u00e4ill\u00e4 on fantastiset kertoimet.<\/p>\n<p>Jos haluat pelata t\u00e4t\u00e4 Powerballia, sinun on valittava 7 numeroa v\u00e4lilt\u00e4 1-35 ja Powerball-numero v\u00e4lilt\u00e4 1-20. Eli yhteens\u00e4 8 numeroa jokaiselle riville. Huomaa, ett\u00e4 voit my\u00f6s sy\u00f6tt\u00e4\u00e4 useita rivej\u00e4 kasvattaaksesi voittomahdollisuuksiasi lotossa. Mit\u00e4 useampia rivej\u00e4 sy\u00f6t\u00e4t, sit\u00e4 suuremmat voittomahdollisuutesi ovat.<\/p>\n<p>Kun olet valinnut numerot, seuraava vaihe on osallistua arvontaan. T\u00e4ss\u00e4 lotossa on vain yksi arvontap\u00e4iv\u00e4, joka on joka torstai-ilta. Kuten voitte kuvitella, torstai-illat ovat t\u00e4ynn\u00e4 j\u00e4nnityst\u00e4 maanosan vedonly\u00f6jille. Voit my\u00f6s osallistua j\u00e4nnitykseen pelaamalla Powerballia.<\/p>\n<h2>Miksi Powerball Australia?<\/h2>\n<p>T\u00e4m\u00e4 on todella hyv\u00e4 kysymys. Internetin ansiosta lottoharrastajilla ymp\u00e4ri maailmaa on suuri valikoima lottoja, joihin he voivat osallistua. Miksi sinun kannattaisi harkita Oz Powerballin pelaamista? Periaatteessa t\u00e4ss\u00e4 lotossa saat mahdollisuuden voittaa miljoonia ilman uskomattoman suuria todenn\u00e4k\u00f6isyyksi\u00e4.<\/p>\n<p>Ongelmana monissa muissa maailman suosituimmissa lotoissa on korkea todenn\u00e4k\u00f6isyys. Esimerkiksi Yhdysvaltojen Powerball-arvonnassa voittomahdollisuus on 1 yli 200 miljoonasta. Kun sit\u00e4 verrataan Oz Powerballin todenn\u00e4k\u00f6isyyteen 1:76 miljoonasta, on helppo ymm\u00e4rt\u00e4\u00e4, miksi monet vedonly\u00f6j\u00e4t suosivat t\u00e4t\u00e4.<\/p>\n<section class=\"layout\" style=\"border: solid 1px; width: 100%;\">\n<div class=\"img-div\" style=\"margin-top: 5px;\"><img decoding=\"async\" class=\"wp-image-17212 alignleft\" style=\"height: 45px; margin: 8px 8px 0px;\" src=\"http:\/\/jackpotlotteryonline.com\/wp-content\/uploads\/2022\/11\/read1.jpg\" alt=\"Lue \" width=\"\" height=\"\" \/><\/div>\n<div style=\"padding-left: 5px;\">\n<div style=\"font-size: 1.1em;\">\n<p><strong>Lottohuijaukset, joista sinun tulisi olla tietoinen<\/strong><\/p>\n<p style=\"font-size: 0.85em; margin-top: -1.5em;\">\u00c4l\u00e4 lankea n\u00e4ihin lotto-ansoihin\u00a0 <a href=\"https:\/\/jackpotlotteryonline.com\/fi\/varo-online-arpajaiset-huijauksia\">Lue lis\u00e4\u00e4<\/a><\/p>\n<\/div>\n<\/div>\n<\/section>\n<h2>Powerball Australia vs. Powerball USA: mik\u00e4 on erilaista?<\/h2>\n<p>Mutta onko Ozin ja Yhdysvaltain Powerballin v\u00e4lill\u00e4 mit\u00e4\u00e4n eroa? Ensimm\u00e4inen ja ilmeisin ero on j\u00e4ttipottien koko. Maailmassa on hyvin v\u00e4h\u00e4n j\u00e4ttipotteja, jotka ovat kooltaan verrattavissa Yhdysvaltain Powerballiin. Se saavutti hiljattain 2 miljardin Yhdysvaltain dollarin rajan. Jos pelaat Oz Powerballia, et p\u00e4\u00e4se l\u00e4hellek\u00e4\u00e4n sit\u00e4.<\/p>\n<p>Yhdysvaltain versio on taas v\u00e4lill\u00e4 1-69. Se tarkoittaa, ett\u00e4 5 palloa arvotaan tynnyrist\u00e4, jossa on 69 palloa. Oz-versiossa arvotaan 7 numeroa tynnyrist\u00e4, jossa on vain 35 palloa. Lis\u00e4ksi Powerball arvotaan Yhdysvalloissa 26 pallon tynnyrist\u00e4, kun taas Australiassa se arvotaan 20 pallon tynnyrist\u00e4.<\/p>\n<p>Jos haluat lottoa, jossa voit mahdollisesti voittaa miljoonia ilman suuria todenn\u00e4k\u00f6isyyksi\u00e4, sinun kannattaa pelata Australian Powerballia.<\/p>\n<h2>Pelaaminen verkossa<\/h2>\n<p>Nyt kun tied\u00e4t, ett\u00e4 voit pelata Oz Powerballia mist\u00e4 tahansa, t\u00e4ss\u00e4 on, miten se tehd\u00e4\u00e4n.<\/p>\n<ul>\n<li>Ensimm\u00e4inen askel on k\u00e4yd\u00e4 lottomyyj\u00e4ll\u00e4, kuten jackpotlotteryonline.com-sivustolla, ja siirty\u00e4 Australian Powerballin sivulle.<\/li>\n<li>Valitse seuraavaksi numerosi (voit k\u00e4ytt\u00e4\u00e4 automaattista numerogeneraattoria satunnaisvalintaan).<\/li>\n<li><a href=\"https:\/\/jackpotlotteryonline.com\/fi\/voittonumerot\/powerball-australia\">Kirjoita arvontaan<\/a> ja suorita prosessi loppuun<\/li>\n<li>J\u00e4ttipotin voittaminen<\/li>\n<\/ul>\n<p>Arvonta suoritetaan kerran viikossa torstaisin. Kun olet siis osallistunut arvontaan, seuraava vaihe on tulosten odottaminen. Jokainen lippu, joka vastaa 8 arvottua numeroa, voittaa j\u00e4ttipotin.<\/p>\n<p>Eri numeroiden t\u00e4sm\u00e4\u00e4misest\u00e4 on muitakin palkintoja, kuten palkinto, jos t\u00e4sm\u00e4\u00e4 vain kaksi numeroa ja bonusnumero.<\/p>\n<h2>Voit voittaa palkintoja<\/h2>\n<p><img loading=\"lazy\" decoding=\"async\" class=\"alignright size-medium wp-image-19277\" src=\"http:\/\/jackpotlotteryonline.com\/wp-content\/uploads\/2022\/10\/2_ticket_powerball_au2-163x300.jpg\" alt=\"Mlottery lipun skannaus\" width=\"163\" height=\"300\" srcset=\"https:\/\/jackpotlotteryonline.com\/wp-content\/uploads\/2022\/10\/2_ticket_powerball_au2-163x300.jpg 163w, https:\/\/jackpotlotteryonline.com\/wp-content\/uploads\/2022\/10\/2_ticket_powerball_au2.jpg 250w\" sizes=\"auto, (max-width: 163px) 100vw, 163px\" \/><\/p>\n<p>Kun pelaat arpajaisissa, palkintojaksoja on yhteens\u00e4 9.<\/p>\n<p>Jaosto 1: 7 numeroa + bonusnumero &#8211; j\u00e4ttipotti (keskim\u00e4\u00e4rin 8 miljoonaa AU$).<\/p>\n<p>Divisioona 2: vain 7 numeroa<\/p>\n<p>Alue 3: 6 numeroa + bonusnumero<\/p>\n<p>Divisioona 4: vain 6 numeroa<\/p>\n<p>Alue 5: 5 numeroa + bonusnumero<\/p>\n<p>Alue 6: vain 5 numeroa<\/p>\n<p>Division 7: 4 numeroa + bonusnumero<\/p>\n<p>Alue 8: 3 numeroa + bonusnumero<\/p>\n<p>Division 9: 2 numeroa + bonusnumero<\/p>\n<p>Kullekin divisioonalle jaetut palkinnot ovat prosenttiosuus palkintopotista. Mit\u00e4 korkeampi palkintopotti on, sit\u00e4 enemm\u00e4n rahaa kullekin divisioonalle menee. Divisioona 2:n palkinnot ovat olleet jopa 800 000 Australian dollaria.<\/p>\n<h2>Osta lottokuponkeja verkossa<\/h2>\n<p>Jos olet lottofani, voit nyt pelata lottoa verkossa sivustomme kautta. Teemme prosessin helpoksi asiakkaillemme tarjoamalla kaiken tarvitsemasi yhdess\u00e4 paikassa. Voit siis ostaa lippusi, tarkistaa tulokset ja jos voitat, voit lunastaa voittosi suoraan sivustoltamme.<\/p>\n<p>Meill\u00e4 on useita vaihtoehtoja, joilla voit <a href=\"https:\/\/jackpotlotteryonline.com\/fi\/osta-lippuja\/powerball-australia\">maksaa arpasi<\/a>. Voit my\u00f6s asettaa tilisi niin, ett\u00e4 olet automaattisesti mukana useissa arvonnoissa etuk\u00e4teen. Asiakkaamme nauttivat siit\u00e4 ylellisyydest\u00e4, ettei heid\u00e4n tarvitse tarkistaa arvontatuloksia, koska me ilmoitamme sinulle, jos voitat jotain.<\/p>\n<p>Lopuksi, kun ostat lottokupongin meilt\u00e4, voit olla varma, ett\u00e4 pelaat haluamaasi lottoa. T\u00e4m\u00e4 johtuu siit\u00e4, ett\u00e4 meill\u00e4 on edustajia eri maissa, jotka ostavat fyysisen arvan, jossa on sinun numerosi. N\u00e4in sinun ei tarvitse olla fyysisesti jossakin maassa pelataksesi lottoa. Mene eteenp\u00e4in ja pelaa Powerball Australiaa nyt.<\/p>\n","protected":false},"excerpt":{"rendered":"<p>On olemassa syy, miksi lottoharrastajat ymp\u00e4ri maailmaa rynt\u00e4\u00e4v\u00e4t pelaamaan Australian Powerballia. Vuosi 2022 on ollut megaj\u00e4ttipottien vuosi, ja olemme n\u00e4hneet useiden pelaajien voittavan miljoonia dollareita kansainv\u00e4lisist\u00e4 arpajaisista. Kaikessa t\u00e4ss\u00e4 Powerball AU ei ole ollut poikkeus, sill\u00e4 kaikkien aikojen suurin, 160 miljoonan Australian dollarin j\u00e4ttipotti oli lokakuussa 2022. Koska yksitt\u00e4iset lipunomistajat ovat voittaneet useita suuria j\u00e4ttipotteja, [&hellip;]<\/p>\n","protected":false},"author":1,"featured_media":0,"parent":35688,"menu_order":17,"comment_status":"closed","ping_status":"closed","template":"powerball-au.php","meta":{"_et_pb_use_builder":"","_et_pb_old_content":"","_et_gb_content_width":"","exclude_from_search":false,"footnotes":""},"class_list":["post-39533","page","type-page","status-publish","hentry"],"yoast_head":"<!-- This site is optimized with the Yoast SEO plugin v23.3 - https:\/\/yoast.com\/wordpress\/plugins\/seo\/ -->\n<title>Pelaa Powerball Australiaa Australian ulkopuolelta<\/title>\n<meta name=\"description\" content=\"Sinun ei tarvitse asua Australiassa voidaksesi pelata Powerball Australiaa. Ota selv\u00e4\u00e4, miten voit pelata verkossa\" \/>\n<meta name=\"robots\" content=\"index, follow, max-snippet:-1, max-image-preview:large, max-video-preview:-1\" \/>\n<link rel=\"canonical\" href=\"https:\/\/jackpotlotteryonline.com\/fi\/kuinka-pelata\/powerball-australia\/\" \/>\n<meta property=\"og:locale\" content=\"fi_FI\" \/>\n<meta property=\"og:type\" content=\"article\" \/>\n<meta property=\"og:title\" content=\"Pelaa Powerball Australiaa Australian ulkopuolelta\" \/>\n<meta property=\"og:description\" content=\"Sinun ei tarvitse asua Australiassa voidaksesi pelata Powerball Australiaa. Ota selv\u00e4\u00e4, miten voit pelata verkossa\" \/>\n<meta property=\"og:url\" content=\"https:\/\/jackpotlotteryonline.com\/fi\/kuinka-pelata\/powerball-australia\/\" \/>\n<meta property=\"og:site_name\" content=\"Lotto Online - Crack The International Lottery Jackpots\" \/>\n<meta property=\"article:modified_time\" content=\"2023-01-03T17:54:17+00:00\" \/>\n<meta property=\"og:image\" content=\"http:\/\/jackpotlotteryonline.com\/wp-content\/uploads\/2022\/11\/1_buy_online_ticket_powerball.jpg\" \/>\n<meta name=\"twitter:card\" content=\"summary_large_image\" \/>\n<meta name=\"twitter:label1\" content=\"Arvioitu lukuaika\" \/>\n\t<meta name=\"twitter:data1\" content=\"4 minuuttia\" \/>\n<!-- \/ Yoast SEO plugin. -->","yoast_head_json":{"title":"Pelaa Powerball Australiaa Australian ulkopuolelta","description":"Sinun ei tarvitse asua Australiassa voidaksesi pelata Powerball Australiaa. Ota selv\u00e4\u00e4, miten voit pelata verkossa","robots":{"index":"index","follow":"follow","max-snippet":"max-snippet:-1","max-image-preview":"max-image-preview:large","max-video-preview":"max-video-preview:-1"},"canonical":"https:\/\/jackpotlotteryonline.com\/fi\/kuinka-pelata\/powerball-australia\/","og_locale":"fi_FI","og_type":"article","og_title":"Pelaa Powerball Australiaa Australian ulkopuolelta","og_description":"Sinun ei tarvitse asua Australiassa voidaksesi pelata Powerball Australiaa. Ota selv\u00e4\u00e4, miten voit pelata verkossa","og_url":"https:\/\/jackpotlotteryonline.com\/fi\/kuinka-pelata\/powerball-australia\/","og_site_name":"Lotto Online - Crack The International Lottery Jackpots","article_modified_time":"2023-01-03T17:54:17+00:00","og_image":[{"url":"http:\/\/jackpotlotteryonline.com\/wp-content\/uploads\/2022\/11\/1_buy_online_ticket_powerball.jpg"}],"twitter_card":"summary_large_image","twitter_misc":{"Arvioitu lukuaika":"4 minuuttia"},"schema":{"@context":"https:\/\/schema.org","@graph":[{"@type":"WebPage","@id":"https:\/\/jackpotlotteryonline.com\/fi\/kuinka-pelata\/powerball-australia\/","url":"https:\/\/jackpotlotteryonline.com\/fi\/kuinka-pelata\/powerball-australia\/","name":"Pelaa Powerball Australiaa Australian ulkopuolelta","isPartOf":{"@id":"https:\/\/jackpotlotteryonline.com\/#website"},"primaryImageOfPage":{"@id":"https:\/\/jackpotlotteryonline.com\/fi\/kuinka-pelata\/powerball-australia\/#primaryimage"},"image":{"@id":"https:\/\/jackpotlotteryonline.com\/fi\/kuinka-pelata\/powerball-australia\/#primaryimage"},"thumbnailUrl":"http:\/\/jackpotlotteryonline.com\/wp-content\/uploads\/2022\/11\/1_buy_online_ticket_powerball.jpg","datePublished":"2022-11-28T07:04:03+00:00","dateModified":"2023-01-03T17:54:17+00:00","description":"Sinun ei tarvitse asua Australiassa voidaksesi pelata Powerball Australiaa. Ota selv\u00e4\u00e4, miten voit pelata verkossa","breadcrumb":{"@id":"https:\/\/jackpotlotteryonline.com\/fi\/kuinka-pelata\/powerball-australia\/#breadcrumb"},"inLanguage":"fi","potentialAction":[{"@type":"ReadAction","target":["https:\/\/jackpotlotteryonline.com\/fi\/kuinka-pelata\/powerball-australia\/"]}]},{"@type":"ImageObject","inLanguage":"fi","@id":"https:\/\/jackpotlotteryonline.com\/fi\/kuinka-pelata\/powerball-australia\/#primaryimage","url":"http:\/\/jackpotlotteryonline.com\/wp-content\/uploads\/2022\/11\/1_buy_online_ticket_powerball.jpg","contentUrl":"http:\/\/jackpotlotteryonline.com\/wp-content\/uploads\/2022\/11\/1_buy_online_ticket_powerball.jpg"},{"@type":"BreadcrumbList","@id":"https:\/\/jackpotlotteryonline.com\/fi\/kuinka-pelata\/powerball-australia\/#breadcrumb","itemListElement":[{"@type":"ListItem","position":1,"name":"Home","item":"https:\/\/jackpotlotteryonline.com\/fi\/"},{"@type":"ListItem","position":2,"name":"Kuinka pelata","item":"https:\/\/jackpotlotteryonline.com\/play-online\/"},{"@type":"ListItem","position":3,"name":"pelata Powerball Australia verkossa"}]},{"@type":"WebSite","@id":"https:\/\/jackpotlotteryonline.com\/#website","url":"https:\/\/jackpotlotteryonline.com\/","name":"Lotto Online - Crack The International Lottery Jackpots","description":"","potentialAction":[{"@type":"SearchAction","target":{"@type":"EntryPoint","urlTemplate":"https:\/\/jackpotlotteryonline.com\/?s={search_term_string}"},"query-input":"required name=search_term_string"}],"inLanguage":"fi"}]}},"_links":{"self":[{"href":"https:\/\/jackpotlotteryonline.com\/fi\/wp-json\/wp\/v2\/pages\/39533","targetHints":{"allow":["GET"]}}],"collection":[{"href":"https:\/\/jackpotlotteryonline.com\/fi\/wp-json\/wp\/v2\/pages"}],"about":[{"href":"https:\/\/jackpotlotteryonline.com\/fi\/wp-json\/wp\/v2\/types\/page"}],"author":[{"embeddable":true,"href":"https:\/\/jackpotlotteryonline.com\/fi\/wp-json\/wp\/v2\/users\/1"}],"replies":[{"embeddable":true,"href":"https:\/\/jackpotlotteryonline.com\/fi\/wp-json\/wp\/v2\/comments?post=39533"}],"version-history":[{"count":0,"href":"https:\/\/jackpotlotteryonline.com\/fi\/wp-json\/wp\/v2\/pages\/39533\/revisions"}],"up":[{"embeddable":true,"href":"https:\/\/jackpotlotteryonline.com\/fi\/wp-json\/wp\/v2\/pages\/35688"}],"wp:attachment":[{"href":"https:\/\/jackpotlotteryonline.com\/fi\/wp-json\/wp\/v2\/media?parent=39533"}],"curies":[{"name":"wp","href":"https:\/\/api.w.org\/{rel}","templated":true}]}}