{"id":39585,"date":"2022-11-28T08:27:39","date_gmt":"2022-11-28T08:27:39","guid":{"rendered":"https:\/\/jackpotlotteryonline.com\/?page_id=39585"},"modified":"2023-01-03T18:21:35","modified_gmt":"2023-01-03T18:21:35","slug":"saturday-lotto","status":"publish","type":"page","link":"https:\/\/jackpotlotteryonline.com\/fi\/kuinka-pelata\/saturday-lotto\/","title":{"rendered":"pelata lauantai Lotto verkossa"},"content":{"rendered":"<p>Lauantailotto on yksi Australian suosituimmista lotoista ja pelaajat ymp\u00e4ri maata odottavat sit\u00e4 innolla. Yksi syy t\u00e4h\u00e4n on se, ett\u00e4 se on tuottanut historiassaan paljon miljon\u00e4\u00e4rej\u00e4. J\u00e4ttipotti voi nousta jopa 10 miljoonaan Australian dollariin, mik\u00e4 on uskomaton palkinto, kun asiaa ajattelee. Ennen sinun t\u00e4ytyi asua Australiassa, jotta voit pelata t\u00e4t\u00e4 lottoa siit\u00e4 yksinkertaisesta syyst\u00e4, ett\u00e4 lippuja oli saatavilla vain maassa. Internetin my\u00f6t\u00e4 t\u00e4m\u00e4 on muuttunut, sill\u00e4 pelaajat ymp\u00e4ri maailmaa voivat nyt pelata lottoa mist\u00e4 tahansa.<\/p>\n<p>Jos siis haluat pelata lauantailottoa, sinun tarvitsee vain k\u00e4yd\u00e4 osoitteessa jackpotlotteryonline.com <a href=\"https:\/\/jackpotlotteryonline.com\/fi\/osta-lippuja\/saturday-lotto\">ostamassa arpasi<\/a>. Mielenkiintoista on, ett\u00e4 sielt\u00e4 voi my\u00f6s hankkia lippuja kaikkiin kansainv\u00e4lisiin huippulottoihin.<\/p>\n<h2>Lauantailoton alkuper\u00e4<\/h2>\n<p><img loading=\"lazy\" decoding=\"async\" class=\"alignright size-medium wp-image-28103\" src=\"https:\/\/jackpotlotteryonline.com\/wp-content\/uploads\/2022\/11\/1_lotto_jackpot_online-257x300.jpg\" alt=\"Lauantai lotto j\u00e4ttipotti\" width=\"257\" height=\"300\" srcset=\"https:\/\/jackpotlotteryonline.com\/wp-content\/uploads\/2022\/11\/1_lotto_jackpot_online-257x300.jpg 257w, https:\/\/jackpotlotteryonline.com\/wp-content\/uploads\/2022\/11\/1_lotto_jackpot_online.jpg 321w\" sizes=\"auto, (max-width: 257px) 100vw, 257px\" \/><\/p>\n<p>Ensimm\u00e4inen arvonta suoritettiin 24. kes\u00e4kuuta 1972, ja se oli ensimm\u00e4inen laatuaan Australiassa. Se on my\u00f6s Australian pitk\u00e4ik\u00e4isin lotto. Pelaajat eri puolilla Australiaa tuntevat sen eri nimill\u00e4: Tattslotto, Gold-lotto, X-lotto tai yksinkertaisesti lotto.<\/p>\n<p>Pienin taattu j\u00e4ttipotti on 5 miljoonaa AU$, ja se siirtyy seuraavalle viikolle, jos voittajaa ei l\u00f6ydy. Uskomatonta t\u00e4ss\u00e4 lotossa on se, ett\u00e4 pelaajilla on todella hyv\u00e4 todenn\u00e4k\u00f6isyys voittaa j\u00e4ttipotti. Todenn\u00e4k\u00f6isyydet ovat niin pienet, ett\u00e4 j\u00e4ttipottipalkinto harvoin rullaa yli, koska voittaja l\u00f6ytyy yleens\u00e4 aina.<\/p>\n<p>Lauantailotto j\u00e4rjest\u00e4\u00e4 my\u00f6s kerran vuodessa mega-arvonnan, joka suoritetaan joulun j\u00e4lkeen. Mega-arvonnan j\u00e4ttipotti on melko suuri, ja sit\u00e4 korotettiin 30 miljoonaan Australian dollariin. Mega-arvonnassa on yleens\u00e4 useita voittajia.<\/p>\n<h2>Kuinka pelata lauantailottoa verkossa<\/h2>\n<p>Jos haluat pelata lauantailottoa, k\u00e4y yksinkertaisesti osoitteessa jackpotlotteryonline.com ja siirry Lotto-sivulle. Valitse kuusi numeroa v\u00e4lilt\u00e4 1-45. Voit aina valita numerot manuaalisesti tai k\u00e4ytt\u00e4\u00e4 automaattista j\u00e4rjestelm\u00e4\u00e4mme satunnaisnumeroiden luomiseen.<\/p>\n<p><a href=\"https:\/\/jackpotlotteryonline.com\/fi\/voittonumerot\/saturday-lotto\">Sy\u00f6t\u00e4 seuraavaksi arvontaan<\/a>. Itse asiassa viikossa on vain yksi arvonta, ja se on lauantaina. T\u00e4st\u00e4 nimi: Lauantailotto. Voit kuitenkin osallistua jopa 10 per\u00e4kk\u00e4iseen arvontaan. Jos valitset t\u00e4m\u00e4n vaihtoehdon, osallistut automaattisesti jokaiseen arvontaan seuraavien 10 viikon ajan.<\/p>\n<p>Kun olet tehnyt kaiken t\u00e4m\u00e4n, seuraava vaihe on maksun suorittaminen. Pyyd\u00e4mme sinua rekister\u00f6itym\u00e4\u00e4n meille, jotta voimme pit\u00e4\u00e4 lippusi turvassa, kun pelaat. Ilmoitamme sinulle my\u00f6s, jos voitat jotain, ja voit sitten lunastaa voittosi alustaltamme.<\/p>\n<section class=\"layout\" style=\"border: solid 1px; width: 100%;\">\n<div class=\"img-div\" style=\"margin-top: 5px;\"><img decoding=\"async\" class=\"wp-image-17212 alignleft\" style=\"height: 45px; margin: 8px 8px 0px;\" src=\"https:\/\/jackpotlotteryonline.com\/wp-content\/uploads\/2022\/11\/read1.jpg\" alt=\"Lue \" width=\"\" height=\"\" \/><\/div>\n<div style=\"padding-left: 5px;\">\n<div style=\"font-size: 1.1em;\">\n<p><strong>Muutamia niksej\u00e4 ja vinkkej\u00e4 numeroiden valintaan<\/strong><\/p>\n<p style=\"font-size: 0.85em; margin-top: -1.5em;\">Lis\u00e4\u00e4 voittomahdollisuuksiasi &#8211; k\u00e4yt\u00e4 strategiaa numeroiden valitsemiseen\u00a0<a href=\"https:\/\/jackpotlotteryonline.com\/fi\/muutama-temppu-ja-vinkkeja-numeroiden-valintaan\">Lue lis\u00e4\u00e4<\/a><\/p>\n<\/div>\n<\/div>\n<\/section>\n<h2>Edut<\/h2>\n<p>Niiden, jotka ovat tottuneet ostamaan fyysisi\u00e4 lottokuponkeja ja voittamisesta aiheutuvaan fanfaariin, voi olla vaikea n\u00e4hd\u00e4 internetiss\u00e4 pelaamisen etuja. Mutta jaamme t\u00e4ss\u00e4 muutamia.<\/p>\n<p>Lauantailoton pelaaminen netiss\u00e4 on k\u00e4tev\u00e4\u00e4. Sinun ei tarvitse l\u00e4hte\u00e4 paikasta minnek\u00e4\u00e4n, sill\u00e4 voit pelata helposti tietokoneella tai mobiililaitteella. Se tarkoittaa my\u00f6s sit\u00e4, ett\u00e4 sinulla on nyt p\u00e4\u00e4sy laajempaan valikoimaan erilaisia lottoja ymp\u00e4ri maailmaa.<\/p>\n<p>Lippujen ostaminen ei ole ainoa etu, kun pelaat lottoa. Ehk\u00e4 t\u00e4rkein etu on se, ett\u00e4 voit helposti nostaa voittosi. Se on suoraviivaista, eik\u00e4 sinun useinkaan tarvitse k\u00e4yd\u00e4 l\u00e4pi mit\u00e4\u00e4n monimutkaista menettely\u00e4 saadaksesi voittosi.<\/p>\n<h2>Lauantain lottovoitto<\/h2>\n<p>Voittaaksesi lotossa sinun on saatava kaikki kuusi arvottua numeroa. Jokainen lippu, joka vastaa kaikkia kuutta arvottua numeroa, voittaa j\u00e4ttipotin. Voit voittaa muitakin palkintoja, ja mainitsemme niist\u00e4 my\u00f6hemmin. Huomaa kuitenkin, ett\u00e4 voit voittaa palkinnon osumalla kolmeen arvottuun numeroon.<\/p>\n<p>Jos voitat lotossa, voit nostaa voittosi alustaltamme suoraan tilillesi.<\/p>\n<p>Huomaa, ett\u00e4 jos voittosi on suurempi kuin 2500, sinun on lunastettava voitto suoraan lotto-yhti\u00f6lt\u00e4. Mutta \u00e4l\u00e4 huoli, me autamme sinua siin\u00e4 antamalla sinulle lomakkeen t\u00e4ytett\u00e4v\u00e4ksi.<\/p>\n<h2>T\u00e4ydent\u00e4v\u00e4t numerot<\/h2>\n<p><img loading=\"lazy\" decoding=\"async\" class=\"alignright size-medium wp-image-29183\" src=\"https:\/\/jackpotlotteryonline.com\/wp-content\/uploads\/2022\/11\/1_play_lotto-online-300x199.jpg\" alt=\"pelaa lauantailottoa netiss\u00e4\" width=\"300\" height=\"199\" srcset=\"https:\/\/jackpotlotteryonline.com\/wp-content\/uploads\/2022\/11\/1_play_lotto-online-300x199.jpg 300w, https:\/\/jackpotlotteryonline.com\/wp-content\/uploads\/2022\/11\/1_play_lotto-online.jpg 350w\" sizes=\"auto, (max-width: 300px) 100vw, 300px\" \/><\/p>\n<p>Jos tarkistat palkinto-osuudet, saatat huomata, ett\u00e4 joissakin osuuksissa k\u00e4ytet\u00e4\u00e4n lis\u00e4numeroita. N\u00e4m\u00e4 eiv\u00e4t ole numeroita, jotka sin\u00e4 valitset, eik\u00e4 niill\u00e4 ole mit\u00e4\u00e4n tekemist\u00e4 j\u00e4ttipotin voittamisen kanssa. Ne ovat yksinkertaisesti satunnaisesti generoituja numeroita, jotka valitaan jokaisen arvonnan aikana, ja niit\u00e4 k\u00e4ytet\u00e4\u00e4n jakojen 2 ja 5 m\u00e4\u00e4ritt\u00e4misess\u00e4.<\/p>\n<h2>Palkinnot<\/h2>\n<p>T\u00e4ss\u00e4 lotossa on kuusi erilaista palkintosarjaa, ja voit voittaa palkinnon vain osumalla kolmeen p\u00e4\u00e4numeroon. Mit\u00e4 useampia numeroita l\u00f6yd\u00e4t, sit\u00e4 korkeampi palkinto on. Jakson 1 palkinto on j\u00e4ttipotti, ja sinun on saatava kaikki 6 numeroa, jotta voit voittaa t\u00e4m\u00e4n palkinnon.<\/p>\n<p>Usein pelaajat keskittyv\u00e4t Division 1 -palkintoon eli j\u00e4ttipottiin ja j\u00e4tt\u00e4v\u00e4t muut palkintosarjat huomiotta. On kuitenkin mahdollista, ett\u00e4 voit voittaa hyv\u00e4n summan my\u00f6s n\u00e4ist\u00e4 muista osastoista. Alla kerromme lauantailoton palkintojaksot ja kunkin jakson voittokertoimet.<\/p>\n<p>Divisioona 1: 6 p\u00e4\u00e4numeroa &#8211; j\u00e4ttipotti (1:8 145 060).<\/p>\n<p>Divisioona 2: 5 p\u00e4\u00e4numeroa + 1 tai 2 lis\u00e4numeroa (1:678 755).<\/p>\n<p>Divisioona 3: 5 p\u00e4\u00e4numeroa (1:36,689).<\/p>\n<p>Divisioona 4: 4 p\u00e4\u00e4numeroa (1 733:sta)<\/p>\n<p>Division 5: 3 p\u00e4\u00e4numeroa + 1 tai 2 lis\u00e4numeroa (1:297).<\/p>\n<p>Alue 6: 3 p\u00e4\u00e4numeroa (1 53:sta).<\/p>\n<h2>Rekister\u00f6idy nyt ja pelaa lauantailottoa<\/h2>\n<p>Jos olet valmis pelaamaan lottoa, voit ostaa lottokuponkeja suoraan t\u00e4\u00e4lt\u00e4 sivustoltamme. Kun osallistut arvontaan, saat mahdollisuuden voittaa miljoonia.<\/p>\n<p>T\u00e4\u00e4ll\u00e4 ollessasi voit tutustua my\u00f6s muihin arpajaisiin. Meill\u00e4 on laaja kokoelma parhaita kansainv\u00e4lisi\u00e4 lottoja, ja annamme asiakkaillemme p\u00e4\u00e4syn n\u00e4ihin lottoihin. Voit ostaa lippuja USA:n, Euroopan ja Australian arpajaisiin, asuitpa miss\u00e4 tahansa.<\/p>\n<p>Koska olemme arpajaisten concierge-sivuston ykk\u00f6nen, olemme virtaviivaistaneet prosessia tarjotaksemme asiakkaillemme uskomattoman kokemuksen. Rekister\u00f6idy kanssamme jo t\u00e4n\u00e4\u00e4n p\u00e4\u00e4st\u00e4ksesi pelaamaan lottoa.<\/p>\n","protected":false},"excerpt":{"rendered":"<p>Lauantailotto on yksi Australian suosituimmista lotoista ja pelaajat ymp\u00e4ri maata odottavat sit\u00e4 innolla. Yksi syy t\u00e4h\u00e4n on se, ett\u00e4 se on tuottanut historiassaan paljon miljon\u00e4\u00e4rej\u00e4. J\u00e4ttipotti voi nousta jopa 10 miljoonaan Australian dollariin, mik\u00e4 on uskomaton palkinto, kun asiaa ajattelee. Ennen sinun t\u00e4ytyi asua Australiassa, jotta voit pelata t\u00e4t\u00e4 lottoa siit\u00e4 yksinkertaisesta syyst\u00e4, ett\u00e4 lippuja [&hellip;]<\/p>\n","protected":false},"author":1,"featured_media":0,"parent":35688,"menu_order":18,"comment_status":"closed","ping_status":"closed","template":"saturday-lotto.php","meta":{"_et_pb_use_builder":"","_et_pb_old_content":"","_et_gb_content_width":"","exclude_from_search":false,"footnotes":""},"class_list":["post-39585","page","type-page","status-publish","hentry"],"yoast_head":"<!-- This site is optimized with the Yoast SEO plugin v23.3 - https:\/\/yoast.com\/wordpress\/plugins\/seo\/ -->\n<title>Pelaa lauantailottoa verkossa<\/title>\n<meta name=\"description\" content=\"Nauti mahdollisuudesta voittaa suuria summia lauantailotossa pelaamalla netiss\u00e4 miss\u00e4 tahansa oletkin. Ota selv\u00e4\u00e4 miten.\" \/>\n<meta name=\"robots\" content=\"index, follow, max-snippet:-1, max-image-preview:large, max-video-preview:-1\" \/>\n<link rel=\"canonical\" href=\"https:\/\/jackpotlotteryonline.com\/fi\/kuinka-pelata\/saturday-lotto\/\" \/>\n<meta property=\"og:locale\" content=\"fi_FI\" \/>\n<meta property=\"og:type\" content=\"article\" \/>\n<meta property=\"og:title\" content=\"Pelaa lauantailottoa verkossa\" \/>\n<meta property=\"og:description\" content=\"Nauti mahdollisuudesta voittaa suuria summia lauantailotossa pelaamalla netiss\u00e4 miss\u00e4 tahansa oletkin. Ota selv\u00e4\u00e4 miten.\" \/>\n<meta property=\"og:url\" content=\"https:\/\/jackpotlotteryonline.com\/fi\/kuinka-pelata\/saturday-lotto\/\" \/>\n<meta property=\"og:site_name\" content=\"Lotto Online - Crack The International Lottery Jackpots\" \/>\n<meta property=\"article:modified_time\" content=\"2023-01-03T18:21:35+00:00\" \/>\n<meta property=\"og:image\" content=\"https:\/\/jackpotlotteryonline.com\/wp-content\/uploads\/2022\/11\/1_lotto_jackpot_online-257x300.jpg\" \/>\n<meta name=\"twitter:card\" content=\"summary_large_image\" \/>\n<meta name=\"twitter:label1\" content=\"Arvioitu lukuaika\" \/>\n\t<meta name=\"twitter:data1\" content=\"4 minuuttia\" \/>\n<!-- \/ Yoast SEO plugin. -->","yoast_head_json":{"title":"Pelaa lauantailottoa verkossa","description":"Nauti mahdollisuudesta voittaa suuria summia lauantailotossa pelaamalla netiss\u00e4 miss\u00e4 tahansa oletkin. Ota selv\u00e4\u00e4 miten.","robots":{"index":"index","follow":"follow","max-snippet":"max-snippet:-1","max-image-preview":"max-image-preview:large","max-video-preview":"max-video-preview:-1"},"canonical":"https:\/\/jackpotlotteryonline.com\/fi\/kuinka-pelata\/saturday-lotto\/","og_locale":"fi_FI","og_type":"article","og_title":"Pelaa lauantailottoa verkossa","og_description":"Nauti mahdollisuudesta voittaa suuria summia lauantailotossa pelaamalla netiss\u00e4 miss\u00e4 tahansa oletkin. Ota selv\u00e4\u00e4 miten.","og_url":"https:\/\/jackpotlotteryonline.com\/fi\/kuinka-pelata\/saturday-lotto\/","og_site_name":"Lotto Online - Crack The International Lottery Jackpots","article_modified_time":"2023-01-03T18:21:35+00:00","og_image":[{"url":"https:\/\/jackpotlotteryonline.com\/wp-content\/uploads\/2022\/11\/1_lotto_jackpot_online-257x300.jpg"}],"twitter_card":"summary_large_image","twitter_misc":{"Arvioitu lukuaika":"4 minuuttia"},"schema":{"@context":"https:\/\/schema.org","@graph":[{"@type":"WebPage","@id":"https:\/\/jackpotlotteryonline.com\/fi\/kuinka-pelata\/saturday-lotto\/","url":"https:\/\/jackpotlotteryonline.com\/fi\/kuinka-pelata\/saturday-lotto\/","name":"Pelaa lauantailottoa verkossa","isPartOf":{"@id":"https:\/\/jackpotlotteryonline.com\/#website"},"primaryImageOfPage":{"@id":"https:\/\/jackpotlotteryonline.com\/fi\/kuinka-pelata\/saturday-lotto\/#primaryimage"},"image":{"@id":"https:\/\/jackpotlotteryonline.com\/fi\/kuinka-pelata\/saturday-lotto\/#primaryimage"},"thumbnailUrl":"https:\/\/jackpotlotteryonline.com\/wp-content\/uploads\/2022\/11\/1_lotto_jackpot_online-257x300.jpg","datePublished":"2022-11-28T08:27:39+00:00","dateModified":"2023-01-03T18:21:35+00:00","description":"Nauti mahdollisuudesta voittaa suuria summia lauantailotossa pelaamalla netiss\u00e4 miss\u00e4 tahansa oletkin. Ota selv\u00e4\u00e4 miten.","breadcrumb":{"@id":"https:\/\/jackpotlotteryonline.com\/fi\/kuinka-pelata\/saturday-lotto\/#breadcrumb"},"inLanguage":"fi","potentialAction":[{"@type":"ReadAction","target":["https:\/\/jackpotlotteryonline.com\/fi\/kuinka-pelata\/saturday-lotto\/"]}]},{"@type":"ImageObject","inLanguage":"fi","@id":"https:\/\/jackpotlotteryonline.com\/fi\/kuinka-pelata\/saturday-lotto\/#primaryimage","url":"https:\/\/jackpotlotteryonline.com\/wp-content\/uploads\/2022\/11\/1_lotto_jackpot_online-257x300.jpg","contentUrl":"https:\/\/jackpotlotteryonline.com\/wp-content\/uploads\/2022\/11\/1_lotto_jackpot_online-257x300.jpg"},{"@type":"BreadcrumbList","@id":"https:\/\/jackpotlotteryonline.com\/fi\/kuinka-pelata\/saturday-lotto\/#breadcrumb","itemListElement":[{"@type":"ListItem","position":1,"name":"Home","item":"https:\/\/jackpotlotteryonline.com\/fi\/"},{"@type":"ListItem","position":2,"name":"Kuinka pelata","item":"https:\/\/jackpotlotteryonline.com\/play-online\/"},{"@type":"ListItem","position":3,"name":"pelata lauantai Lotto verkossa"}]},{"@type":"WebSite","@id":"https:\/\/jackpotlotteryonline.com\/#website","url":"https:\/\/jackpotlotteryonline.com\/","name":"Lotto Online - Crack The International Lottery Jackpots","description":"","potentialAction":[{"@type":"SearchAction","target":{"@type":"EntryPoint","urlTemplate":"https:\/\/jackpotlotteryonline.com\/?s={search_term_string}"},"query-input":"required name=search_term_string"}],"inLanguage":"fi"}]}},"_links":{"self":[{"href":"https:\/\/jackpotlotteryonline.com\/fi\/wp-json\/wp\/v2\/pages\/39585","targetHints":{"allow":["GET"]}}],"collection":[{"href":"https:\/\/jackpotlotteryonline.com\/fi\/wp-json\/wp\/v2\/pages"}],"about":[{"href":"https:\/\/jackpotlotteryonline.com\/fi\/wp-json\/wp\/v2\/types\/page"}],"author":[{"embeddable":true,"href":"https:\/\/jackpotlotteryonline.com\/fi\/wp-json\/wp\/v2\/users\/1"}],"replies":[{"embeddable":true,"href":"https:\/\/jackpotlotteryonline.com\/fi\/wp-json\/wp\/v2\/comments?post=39585"}],"version-history":[{"count":0,"href":"https:\/\/jackpotlotteryonline.com\/fi\/wp-json\/wp\/v2\/pages\/39585\/revisions"}],"up":[{"embeddable":true,"href":"https:\/\/jackpotlotteryonline.com\/fi\/wp-json\/wp\/v2\/pages\/35688"}],"wp:attachment":[{"href":"https:\/\/jackpotlotteryonline.com\/fi\/wp-json\/wp\/v2\/media?parent=39585"}],"curies":[{"name":"wp","href":"https:\/\/api.w.org\/{rel}","templated":true}]}}