{"id":39640,"date":"2022-11-28T11:42:45","date_gmt":"2022-11-28T11:42:45","guid":{"rendered":"https:\/\/jackpotlotteryonline.com\/?page_id=39640"},"modified":"2022-12-31T12:54:23","modified_gmt":"2022-12-31T12:54:23","slug":"set-for-life","status":"publish","type":"page","link":"https:\/\/jackpotlotteryonline.com\/fi\/kuinka-pelata\/set-for-life\/","title":{"rendered":"pelata Set For Life verkossa"},"content":{"rendered":"<p>Yh\u00e4 useammat vedonly\u00f6j\u00e4t ymp\u00e4ri maailmaa alkavat tajuta, miten hienoa on olla setiss\u00e4 loppuel\u00e4m\u00e4ns\u00e4 ajan. Ja juuri sit\u00e4 Ison-Britannian Set for Life -lotto tarjoaa pelaajille: mahdollisuuden voittaa 10 000 puntaa joka ikinen kuukausi 30 vuoden ajan. Sit\u00e4 kutsutaan annuiteettilotoksi, koska voittaja ei saa kertasummaa. Ensi silm\u00e4yksell\u00e4 se ei ehk\u00e4 vaikuta yht\u00e4 houkuttelevalta kuin miljardien eurojen voittaminen. On kuitenkin joitakin pelaajia, jotka eiv\u00e4t oikein viihdy n\u00e4in suuren raham\u00e4\u00e4r\u00e4n k\u00e4sittelyss\u00e4 kerralla. Sit\u00e4 paitsi olemme lukeneet lottovoittajista, jotka ovat joutuneet vararikkoon muutaman vuoden kuluttua. T\u00e4ss\u00e4 brittil\u00e4isess\u00e4 arvonnassa n\u00e4in ei voi k\u00e4yd\u00e4, sill\u00e4 voittaja saa joka kuukausi 10 000 puntaa poikkeuksetta.<\/p>\n<p>Jos mietit, miten voit pelata t\u00e4t\u00e4 Yhdistyneen kuningaskunnan annuiteettia Yhdistyneen kuningaskunnan ulkopuolelta, olet onnekas. T\u00e4\u00e4ll\u00e4 kerromme, miten lottoa voi pelata ja vinkkej\u00e4 pelaamiseen Yhdistyneen kuningaskunnan ulkopuolelta.<\/p>\n<h2>Voitko pelata Set For Lifea Yhdistyneen kuningaskunnan ulkopuolelta?<\/h2>\n<p><img loading=\"lazy\" decoding=\"async\" class=\"alignright size-medium wp-image-27941\" src=\"https:\/\/jackpotlotteryonline.com\/wp-content\/uploads\/2022\/11\/1_lottery_winner_ticket-200x300.jpg\" alt=\"voita isosti Set for life -arvonnalla\" width=\"200\" height=\"300\" srcset=\"https:\/\/jackpotlotteryonline.com\/wp-content\/uploads\/2022\/11\/1_lottery_winner_ticket-200x300.jpg 200w, https:\/\/jackpotlotteryonline.com\/wp-content\/uploads\/2022\/11\/1_lottery_winner_ticket.jpg 320w\" sizes=\"auto, (max-width: 200px) 100vw, 200px\" \/><\/p>\n<p>Set For Life saattaa olla pohjimmiltaan brittil\u00e4inen arpajaiset, mutta halu voittaa suuria summia joka kuukausi on sellainen, jonka pelaajat jakavat kaikkialla. Olkaamme rehellisi\u00e4, kuka ei pit\u00e4isi ajatuksesta voittaa 10 000 puntaa joka kuukausi 30 vuoden ajan? Tyypillisesti Set For Life -lottoa pelataan vain Yhdistyneess\u00e4 kuningaskunnassa, koska lippuja myyd\u00e4\u00e4n siell\u00e4. Nyt pelaajat voivat kuitenkin ostaa lippuja mist\u00e4 tahansa.<\/p>\n<p>Internet on tehnyt monista asioista mahdollisia, erityisesti tiedonsaannista. Nyt vedonly\u00f6j\u00e4t ymp\u00e4ri maailmaa voivat ostaa lippuja kansainv\u00e4lisiin huippulottoihin, kuten Set For Lifeen. N\u00e4in ollen, jos olet pelaaja Yhdistyneen kuningaskunnan ulkopuolella, voit helposti <a href=\"https:\/\/jackpotlotteryonline.com\/fi\/osta-lippuja\/set-for-life\">ostaa lippuja Yhdistyneen kuningaskunnan annuiteettilottoon<\/a> k\u00e4ym\u00e4ll\u00e4 osoitteessa jackpotlotteryonline.com.<\/p>\n<p>Jos sinua miellytt\u00e4\u00e4 ajatus siit\u00e4, ett\u00e4 olet loppuel\u00e4m\u00e4si ajan setiss\u00e4, pid\u00e4 nyt kiirett\u00e4 ja hanki lippu ennen seuraavaa arvontakierrosta.<\/p>\n<h2>Kuinka pelata<\/h2>\n<p>Pelataksesi Yhdistyneen kuningaskunnan lottoa pelaajien on valittava 5 numeroa v\u00e4lilt\u00e4 1-47 ja 1 Life Ball -numero v\u00e4lilt\u00e4 1-10. Seuraavaksi <a href=\"https:\/\/jackpotlotteryonline.com\/fi\/voittonumerot\/set-for-life\">valitset arvontap\u00e4iv\u00e4t<\/a>, joihin haluat osallistua, ja viikkojen m\u00e4\u00e4r\u00e4n, jonka haluat pelata.<\/p>\n<p>Kun k\u00e4yt\u00e4t sivustoamme, voit k\u00e4ytt\u00e4\u00e4 numerogeneraattoriamme numeroiden satunnaisvalintaan. Voit my\u00f6s asettaa sen niin, ett\u00e4 olet automaattisesti mukana jokaisessa arvonnassa useita viikkoja etuk\u00e4teen. N\u00e4in sinun ei tarvitse huolehtia siit\u00e4, ett\u00e4 my\u00f6h\u00e4styt arvonnasta. Julkaisemme my\u00f6s raakatulokset t\u00e4\u00e4ll\u00e4 sivustollamme.<\/p>\n<p>Set For Life -arvonnat suoritetaan joka maanantai- ja torstai-ilta. Kun pelaat lottoa kanssamme, sinun ei tarvitse missata arvontoja sen vuoksi, ettet ostanut lippua ennen sen sulkeutumista.<\/p>\n<h2>Vinkkej\u00e4 verkossa pelaamiseen<\/h2>\n<p>Ennen kuin ostat lottokupongin internetist\u00e4, on t\u00e4rke\u00e4\u00e4 tiet\u00e4\u00e4 muutama asia. Seuraavassa on muutamia vinkkej\u00e4, joiden avulla pelaaminen on miellytt\u00e4v\u00e4mp\u00e4\u00e4.<\/p>\n<ul>\n<li>K\u00e4yt\u00e4 aina concierge-sivustoa lottokuponkien ostamiseen<\/li>\n<li>Varmista, ett\u00e4 voit kotiuttaa voittosi sivustolta ilman vaivaa<\/li>\n<li>Osta useita lippuja ja osallistu useisiin arvontoihin lis\u00e4t\u00e4ksesi voittomahdollisuuksiasi.<\/li>\n<li>K\u00e4yt\u00e4 sivustoa, joka ilmoittaa sinulle (s\u00e4hk\u00f6postitse), kun olet voittanut palkinnon.<\/li>\n<\/ul>\n<h2>Set For Life -palkintoluokat<\/h2>\n<p><img loading=\"lazy\" decoding=\"async\" class=\"size-full wp-image-27779 alignright\" src=\"https:\/\/jackpotlotteryonline.com\/wp-content\/uploads\/2022\/11\/1_lottery_ticket.jpg\" alt=\"miten pelata Set for life -lottoa\" width=\"212\" height=\"142\" \/><\/p>\n<p>T\u00e4m\u00e4n brittil\u00e4isen arvonnan p\u00e4\u00e4palkinto on uskomaton 10 000 puntaa joka kuukausi seuraavien 30 vuoden ajan. Se on kuin saisit 10 000 dollaria kuukaudessa 30 vuoden lomasta. T\u00e4m\u00e4 palkinto saa monet pelaajat innostumaan. Viel\u00e4 j\u00e4nnitt\u00e4v\u00e4mp\u00e4\u00e4 on kuitenkin se, ett\u00e4 t\u00e4ss\u00e4 lotossa on my\u00f6s muita j\u00e4nnitt\u00e4vi\u00e4 palkintotasoja. T\u00e4ss\u00e4 ovat palkintoluokat.<\/p>\n<p>Luokka 1: T\u00e4sm\u00e4\u00e4 5 numeroa + Life Ball &#8211; 10 000 puntaa joka kuukausi 30 vuoden ajan.<\/p>\n<p>Luokka 2: Vain 5 numeroa &#8211; 10 000 puntaa joka kuukausi 1 vuoden ajan.<\/p>\n<p>Luokka 3: 4 numeroa ja Life Ball &#8211; 250 puntaa.<\/p>\n<p>Luokka 4: Vain 4 numeroa &#8211; 50 puntaa<\/p>\n<p>Luokka 5: 3 numeroa ja Life Ball &#8211; 30 puntaa.<\/p>\n<p>Luokka 6: Vain 3 numeroa &#8211; 20 puntaa<\/p>\n<p>Luokka 7: 2 numeroa ja Life Ball &#8211; 10 puntaa.<\/p>\n<p>Luokka 8 Vain 2 numeroa &#8211; \u00a35<\/p>\n<section class=\"layout\" style=\"border: solid 1px; width: 100%;\">\n<div class=\"img-div\" style=\"margin-top: 5px;\"><img decoding=\"async\" class=\"wp-image-17212 alignleft\" style=\"height: 45px; margin: 8px 8px 0px;\" src=\"https:\/\/jackpotlotteryonline.com\/wp-content\/uploads\/2022\/11\/read1.jpg\" alt=\"lue\" width=\"\" height=\"\" \/><\/div>\n<div style=\"padding-left: 5px;\">\n<div style=\"font-size: 1.1em;\">\n<p><strong>Jotkut lottovoittajat antoivat takaisin yhteis\u00f6lle<\/strong><\/p>\n<p style=\"font-size: 0.85em; margin-top: -1.5em;\">Joitakin mielenkiintoisia ja syd\u00e4nt\u00e4l\u00e4mmitt\u00e4vi\u00e4 tarinoita lottovoittajista, jotka antavat rahaa takaisin\u00a0<a href=\"https:\/\/jackpotlotteryonline.com\/fi\/tarinoita-lottovoittajista-jotka-antavat-takaisin\"> Lue lis\u00e4\u00e4<\/a><\/p>\n<\/div>\n<\/div>\n<\/section>\n<h2>Pelaa Yhdistyneen kuningaskunnan annuiteetti arpajaiset t\u00e4\u00e4ll\u00e4 t\u00e4n\u00e4\u00e4n<\/h2>\n<p>Olemme concierge-arpajaissivusto, joka mahdollistaa pelaajille ymp\u00e4ri maailmaa p\u00e4\u00e4syn kansainv\u00e4lisiin huippulottoihin. Kun ostat lottokuponkeja meilt\u00e4, nautit lottopelaamisen ilosta ilman vaivann\u00e4k\u00f6\u00e4.<\/p>\n<p>Jos voitat mink\u00e4 tahansa palkinnon, voit helposti nostaa voittosi suoraan t\u00e4\u00e4lt\u00e4 sivustoltamme. Me teemme siit\u00e4 niin yksinkertaista. Ja jos voittosi on yli tietyn summan, autamme sinua hakulomakkeen kanssa, jotta voit noutaa voittosi.<\/p>\n<p>Kaikki, mit\u00e4 teemme, t\u00e4ht\u00e4\u00e4 saumattoman lottokokemuksen tarjoamiseen asiakkaillemme. Mene siis eteenp\u00e4in ja osallistu UK Set for Life -arvontaan jo t\u00e4n\u00e4\u00e4n.<\/p>\n","protected":false},"excerpt":{"rendered":"<p>Yh\u00e4 useammat vedonly\u00f6j\u00e4t ymp\u00e4ri maailmaa alkavat tajuta, miten hienoa on olla setiss\u00e4 loppuel\u00e4m\u00e4ns\u00e4 ajan. Ja juuri sit\u00e4 Ison-Britannian Set for Life -lotto tarjoaa pelaajille: mahdollisuuden voittaa 10 000 puntaa joka ikinen kuukausi 30 vuoden ajan. Sit\u00e4 kutsutaan annuiteettilotoksi, koska voittaja ei saa kertasummaa. Ensi silm\u00e4yksell\u00e4 se ei ehk\u00e4 vaikuta yht\u00e4 houkuttelevalta kuin miljardien eurojen voittaminen. [&hellip;]<\/p>\n","protected":false},"author":1,"featured_media":0,"parent":35688,"menu_order":11,"comment_status":"closed","ping_status":"closed","template":"set-for-life.php","meta":{"_et_pb_use_builder":"","_et_pb_old_content":"","_et_gb_content_width":"","exclude_from_search":false,"footnotes":""},"class_list":["post-39640","page","type-page","status-publish","hentry"],"yoast_head":"<!-- This site is optimized with the Yoast SEO plugin v23.3 - https:\/\/yoast.com\/wordpress\/plugins\/seo\/ -->\n<title>Pelaa Set for Life -lottoa Yhdistyneen kuningaskunnan ulkopuolelta<\/title>\n<meta name=\"description\" content=\"Pelaa Yhdistyneen kuningaskunnan annuiteettilottoa verkossa ja voita mahdollisuus olla asetettu loppuel\u00e4m\u00e4ksesi.\" \/>\n<meta name=\"robots\" content=\"index, follow, max-snippet:-1, max-image-preview:large, max-video-preview:-1\" \/>\n<link rel=\"canonical\" href=\"https:\/\/jackpotlotteryonline.com\/fi\/kuinka-pelata\/set-for-life\/\" \/>\n<meta property=\"og:locale\" content=\"fi_FI\" \/>\n<meta property=\"og:type\" content=\"article\" \/>\n<meta property=\"og:title\" content=\"Pelaa Set for Life -lottoa Yhdistyneen kuningaskunnan ulkopuolelta\" \/>\n<meta property=\"og:description\" content=\"Pelaa Yhdistyneen kuningaskunnan annuiteettilottoa verkossa ja voita mahdollisuus olla asetettu loppuel\u00e4m\u00e4ksesi.\" \/>\n<meta property=\"og:url\" content=\"https:\/\/jackpotlotteryonline.com\/fi\/kuinka-pelata\/set-for-life\/\" \/>\n<meta property=\"og:site_name\" content=\"Lotto Online - Crack The International Lottery Jackpots\" \/>\n<meta property=\"article:modified_time\" content=\"2022-12-31T12:54:23+00:00\" \/>\n<meta property=\"og:image\" content=\"https:\/\/jackpotlotteryonline.com\/wp-content\/uploads\/2022\/11\/1_lottery_winner_ticket-200x300.jpg\" \/>\n<meta name=\"twitter:card\" content=\"summary_large_image\" \/>\n<meta name=\"twitter:label1\" content=\"Arvioitu lukuaika\" \/>\n\t<meta name=\"twitter:data1\" content=\"4 minuuttia\" \/>\n<!-- \/ Yoast SEO plugin. -->","yoast_head_json":{"title":"Pelaa Set for Life -lottoa Yhdistyneen kuningaskunnan ulkopuolelta","description":"Pelaa Yhdistyneen kuningaskunnan annuiteettilottoa verkossa ja voita mahdollisuus olla asetettu loppuel\u00e4m\u00e4ksesi.","robots":{"index":"index","follow":"follow","max-snippet":"max-snippet:-1","max-image-preview":"max-image-preview:large","max-video-preview":"max-video-preview:-1"},"canonical":"https:\/\/jackpotlotteryonline.com\/fi\/kuinka-pelata\/set-for-life\/","og_locale":"fi_FI","og_type":"article","og_title":"Pelaa Set for Life -lottoa Yhdistyneen kuningaskunnan ulkopuolelta","og_description":"Pelaa Yhdistyneen kuningaskunnan annuiteettilottoa verkossa ja voita mahdollisuus olla asetettu loppuel\u00e4m\u00e4ksesi.","og_url":"https:\/\/jackpotlotteryonline.com\/fi\/kuinka-pelata\/set-for-life\/","og_site_name":"Lotto Online - Crack The International Lottery Jackpots","article_modified_time":"2022-12-31T12:54:23+00:00","og_image":[{"url":"https:\/\/jackpotlotteryonline.com\/wp-content\/uploads\/2022\/11\/1_lottery_winner_ticket-200x300.jpg"}],"twitter_card":"summary_large_image","twitter_misc":{"Arvioitu lukuaika":"4 minuuttia"},"schema":{"@context":"https:\/\/schema.org","@graph":[{"@type":"WebPage","@id":"https:\/\/jackpotlotteryonline.com\/fi\/kuinka-pelata\/set-for-life\/","url":"https:\/\/jackpotlotteryonline.com\/fi\/kuinka-pelata\/set-for-life\/","name":"Pelaa Set for Life -lottoa Yhdistyneen kuningaskunnan ulkopuolelta","isPartOf":{"@id":"https:\/\/jackpotlotteryonline.com\/#website"},"primaryImageOfPage":{"@id":"https:\/\/jackpotlotteryonline.com\/fi\/kuinka-pelata\/set-for-life\/#primaryimage"},"image":{"@id":"https:\/\/jackpotlotteryonline.com\/fi\/kuinka-pelata\/set-for-life\/#primaryimage"},"thumbnailUrl":"https:\/\/jackpotlotteryonline.com\/wp-content\/uploads\/2022\/11\/1_lottery_winner_ticket-200x300.jpg","datePublished":"2022-11-28T11:42:45+00:00","dateModified":"2022-12-31T12:54:23+00:00","description":"Pelaa Yhdistyneen kuningaskunnan annuiteettilottoa verkossa ja voita mahdollisuus olla asetettu loppuel\u00e4m\u00e4ksesi.","breadcrumb":{"@id":"https:\/\/jackpotlotteryonline.com\/fi\/kuinka-pelata\/set-for-life\/#breadcrumb"},"inLanguage":"fi","potentialAction":[{"@type":"ReadAction","target":["https:\/\/jackpotlotteryonline.com\/fi\/kuinka-pelata\/set-for-life\/"]}]},{"@type":"ImageObject","inLanguage":"fi","@id":"https:\/\/jackpotlotteryonline.com\/fi\/kuinka-pelata\/set-for-life\/#primaryimage","url":"https:\/\/jackpotlotteryonline.com\/wp-content\/uploads\/2022\/11\/1_lottery_winner_ticket-200x300.jpg","contentUrl":"https:\/\/jackpotlotteryonline.com\/wp-content\/uploads\/2022\/11\/1_lottery_winner_ticket-200x300.jpg"},{"@type":"BreadcrumbList","@id":"https:\/\/jackpotlotteryonline.com\/fi\/kuinka-pelata\/set-for-life\/#breadcrumb","itemListElement":[{"@type":"ListItem","position":1,"name":"Home","item":"https:\/\/jackpotlotteryonline.com\/fi\/"},{"@type":"ListItem","position":2,"name":"Kuinka pelata","item":"https:\/\/jackpotlotteryonline.com\/play-online\/"},{"@type":"ListItem","position":3,"name":"pelata Set For Life verkossa"}]},{"@type":"WebSite","@id":"https:\/\/jackpotlotteryonline.com\/#website","url":"https:\/\/jackpotlotteryonline.com\/","name":"Lotto Online - Crack The International Lottery Jackpots","description":"","potentialAction":[{"@type":"SearchAction","target":{"@type":"EntryPoint","urlTemplate":"https:\/\/jackpotlotteryonline.com\/?s={search_term_string}"},"query-input":"required name=search_term_string"}],"inLanguage":"fi"}]}},"_links":{"self":[{"href":"https:\/\/jackpotlotteryonline.com\/fi\/wp-json\/wp\/v2\/pages\/39640","targetHints":{"allow":["GET"]}}],"collection":[{"href":"https:\/\/jackpotlotteryonline.com\/fi\/wp-json\/wp\/v2\/pages"}],"about":[{"href":"https:\/\/jackpotlotteryonline.com\/fi\/wp-json\/wp\/v2\/types\/page"}],"author":[{"embeddable":true,"href":"https:\/\/jackpotlotteryonline.com\/fi\/wp-json\/wp\/v2\/users\/1"}],"replies":[{"embeddable":true,"href":"https:\/\/jackpotlotteryonline.com\/fi\/wp-json\/wp\/v2\/comments?post=39640"}],"version-history":[{"count":0,"href":"https:\/\/jackpotlotteryonline.com\/fi\/wp-json\/wp\/v2\/pages\/39640\/revisions"}],"up":[{"embeddable":true,"href":"https:\/\/jackpotlotteryonline.com\/fi\/wp-json\/wp\/v2\/pages\/35688"}],"wp:attachment":[{"href":"https:\/\/jackpotlotteryonline.com\/fi\/wp-json\/wp\/v2\/media?parent=39640"}],"curies":[{"name":"wp","href":"https:\/\/api.w.org\/{rel}","templated":true}]}}