{"id":39698,"date":"2022-11-29T07:22:20","date_gmt":"2022-11-29T07:22:20","guid":{"rendered":"https:\/\/jackpotlotteryonline.com\/?page_id=39698"},"modified":"2023-01-03T10:18:03","modified_gmt":"2023-01-03T10:18:03","slug":"new-york-lottery-2","status":"publish","type":"page","link":"https:\/\/jackpotlotteryonline.com\/fi\/kuinka-pelata\/new-york-lottery-2\/","title":{"rendered":"Pelaa New York lotto verkossa"},"content":{"rendered":"<p>New Yorkin loton historia on t\u00e4ynn\u00e4 hyvi\u00e4 tekoja ja yleist\u00e4 positiivisuutta. Koska lotto on luotu auttamaan osavaltion koulutusta, se on hyv\u00e4 vaihtoehto vedonly\u00f6jille, jotka pit\u00e4v\u00e4t hauskanpidon ohella my\u00f6s hieman altruismista. Periaatteessa, jos haluat lottoa, jonka avulla voit tuntea, ett\u00e4 annat jotain hyv\u00e4\u00e4 maailmalle, sinun kannattaa harkita New Yorkin lottoa.<\/p>\n<p>Useimpien pelaajien kysymys on kuitenkin se, miten osallistua t\u00e4h\u00e4n lottoon eri puolelta maailmaa. Kuten olet luultavasti arvannut nimest\u00e4, New Yorkin lotto on New Yorkin osavaltion lotto Yhdysvalloissa. Se on siis avoin kyseisess\u00e4 osavaltiossa asuville loton yst\u00e4ville, ja arpoja saa helposti osavaltion myyjilt\u00e4. Jos asut osavaltion ulkopuolella &#8211; tai jopa kokonaan eri maanosassa &#8211; tilanne on t\u00e4ysin toinen.<\/p>\n<p>Mutta \u00e4l\u00e4 koskaan pelk\u00e4\u00e4, me n\u00e4yt\u00e4mme sinulle parhaan tavan ostaa lottokuponkeja mist\u00e4 p\u00e4in maailmaa tahansa. Jos sinulla on kiire osallistua seuraavaan arvontaan, k\u00e4y osoitteessa jackpotlotteryonline.com, niin p\u00e4\u00e4set alkuun.<\/p>\n<h2>Vinkkej\u00e4 New Yorkin loton pelaamiseen<\/h2>\n<p>Nyt siirrymme siihen, miksi olemme t\u00e4\u00e4ll\u00e4; miten pelata New Yorkin lottoa mist\u00e4 tahansa. Ennen kuin menemme yksityiskohtiin, on luultavasti hyv\u00e4 jakaa muutama vinkki lottopelaamiseen. Vaikka puhumme t\u00e4ss\u00e4 tietyst\u00e4 lotosta, n\u00e4m\u00e4 vinkit p\u00e4tev\u00e4t my\u00f6s muihin kansainv\u00e4lisiin huippulottoihin, joihin voit muuten osallistua my\u00f6s t\u00e4\u00e4ll\u00e4.<\/p>\n<p><strong>T\u00e4st\u00e4 huolimatta t\u00e4ss\u00e4 ovat vinkkimme New Yorkin lotossa pelaamiseen:<\/strong><\/p>\n<ul>\n<li>Valitse numerosi huolellisesti. On totta, ett\u00e4 ei ole mit\u00e4\u00e4n todellista keinoa ennustaa, mitk\u00e4 numerot voittavat lotossa, mutta on kuitenkin sanottava, ett\u00e4 kannattaa valita numerot, jotka merkitsev\u00e4t sinulle jotain.<\/li>\n<li>Pid\u00e4 silm\u00e4ll\u00e4 bonusnumeroa. T\u00e4m\u00e4 on jotain, mit\u00e4 monet pelaajat eiv\u00e4t todellakaan ymm\u00e4rr\u00e4; se, ett\u00e4 j\u00e4ttipotti ei ole kaikki, mit\u00e4 voit voittaa. Bonusnumero m\u00e4\u00e4ritt\u00e4\u00e4 toisen tason palkinnon, joka on my\u00f6s melkoinen summa kotiin viet\u00e4v\u00e4ksi.<\/li>\n<li>\u00c4l\u00e4 missaa arvontoja. Jos olet t\u00e4ss\u00e4 mukana voittaaksesi, sinun kannattaa keskitty\u00e4 osallistumaan arvontoihin. New Yorkin lotossa on kaksi arvontakertaa viikossa, keskiviikkona ja lauantaina. Yrit\u00e4 osallistua molempiin arvontoihin. Voit my\u00f6s osallistua arvontoihin useita viikkoja etuk\u00e4teen (n\u00e4yt\u00e4mme my\u00f6hemmin, miten).<\/li>\n<\/ul>\n<h2>Offline vs. Online<\/h2>\n<p><img loading=\"lazy\" decoding=\"async\" class=\"alignright size-full wp-image-31505\" src=\"https:\/\/jackpotlotteryonline.com\/wp-content\/uploads\/2022\/11\/lotto2-300x84-1.png\" alt=\"pelaa New Yorkin lottoa verkossa\" width=\"300\" height=\"84\" \/><\/p>\n<p>Mit\u00e4 eroa on lottopelaamisella verkossa ja offline-lottona, ja onko siit\u00e4 mit\u00e4\u00e4n etuja? Joo, kuulemme n\u00e4it\u00e4 kysymyksi\u00e4 usein, ja ne ovat aiheellisia kysymyksi\u00e4. Jos asut esimerkiksi NYC:ss\u00e4, on luonnollista mietti\u00e4, onko lottoon osallistumisesta verkossa mit\u00e4\u00e4n etua. No, voimme antaa sinulle yhden: mukavuus.<\/p>\n<p>Yritt\u00e4\u00e4 selvitt\u00e4\u00e4, mik\u00e4 myyj\u00e4 myy mit\u00e4 arpalippua, voi olla stressaavaa etenkin silloin, kun sinulla on vain muutama minuutti aikaa ennen lipunmyynnin p\u00e4\u00e4ttymist\u00e4. Saatat my\u00f6s haluta osallistua useisiin arpajaisiin, ja siit\u00e4 tulee vain sotkuista, jos sinun on siirrytt\u00e4v\u00e4 myyj\u00e4lt\u00e4 toiselle.<\/p>\n<p>Lottopelaaminen verkossa tarjoaa pelaajille mukavuutta, jota ei ennen osattu edes kuvitella. Voit ostaa lottokuponkeja, tarkistaa arvontatulokset ja kotiuttaa voitot suoraan tietokoneen tai mobiililaitteen \u00e4\u00e4relt\u00e4. Kun olet kerran kokeillut lottopelaamista verkossa, paluuta ei ole, sen voimme taata.<\/p>\n<h2>Kuinka pelata verkossa<\/h2>\n<p>Olitpa sitten kokenut vedonly\u00f6j\u00e4 tai aloittelija, lottoon osallistuminen verkossa on nopeaa, yksinkertaista ja t\u00e4ysin suoraviivaista. Jos pelaat New Yorkin lottoa, t\u00e4ss\u00e4 ovat alla olevat vaiheet:<\/p>\n<ul>\n<li>Klikkaa lottoa, jota haluat pelata.<\/li>\n<li>Valitse 6 numeroa v\u00e4lill\u00e4 1-59. On olemassa seitsem\u00e4s numero, mutta lottoyhti\u00f6 arpoo sen satunnaisesti eik\u00e4 se ole osa arpalippuasi.<\/li>\n<li><a href=\"https:\/\/jackpotlotteryonline.com\/fi\/voittonumerot\/new-york-lottery\">Osallistu arvontoihin<\/a>, jotka ovat joka viikko keskiviikkoisin ja lauantaisin. Voit osallistua vain toiseen arvontaan tai molempiin.<\/li>\n<li>Viimeistele maksusi. Useimmat lottosivustot pyyt\u00e4v\u00e4t sinua rekister\u00f6itym\u00e4\u00e4n, jotta voit suorittaa maksun loppuun. N\u00e4in p\u00e4\u00e4set helposti k\u00e4siksi lippuusi sen j\u00e4lkeen, kun olet ostanut sen.<\/li>\n<\/ul>\n<p>Lottopelaaminen verkossa on todella n\u00e4in yksinkertaista. Kun otetaan huomioon, ett\u00e4 New Yorkin lottokuponkeja ei voi hankkia mill\u00e4\u00e4n muulla tavoin New Yorkin osavaltion ulkopuolelta Yhdysvalloista, t\u00e4m\u00e4 on loistava menetelm\u00e4 my\u00f6s silloin, kun asut muualla maailmassa.<\/p>\n<section class=\"layout\" style=\"border: solid 1px; width: 100%;\">\n<div class=\"img-div\" style=\"margin-top: 5px;\"><img decoding=\"async\" class=\"wp-image-17212 alignleft\" style=\"height: 45px; margin: 8px 8px 0px;\" src=\"https:\/\/jackpotlotteryonline.com\/wp-content\/uploads\/2022\/11\/read1.jpg\" alt=\"Lue \" width=\"\" height=\"\" \/><\/div>\n<div style=\"padding-left: 5px;\">\n<div style=\"font-size: 1.1em;\">\n<p><strong>Miten saan maksun, jos voitan lottovoiton verkossa?<\/strong><\/p>\n<p style=\"font-size: 0.85em; margin-top: -1.5em;\">N\u00e4in saat rahasi, jos voitat lottovoiton verkossa\u00a0<a href=\"https:\/\/jackpotlotteryonline.com\/fi\/miten-minulle-maksetaan-jos-voitan-lotossa-verkossa\">Lue lis\u00e4\u00e4<\/a><\/p>\n<\/div>\n<\/div>\n<\/section>\n<h2>Miten valita voittonumerot<\/h2>\n<p>Voittonumeroiden valitseminen on monimutkainen aihe, vaikka jos asiaa tarkastelee tarkkaan, sen ei pit\u00e4isi olla niin. Sit\u00e4 monimutkaistavat liikaa ne, jotka haluavat antaa sinulle niin sanottuja matemaattisia kaavoja lottovoittoa varten. Vakavasti puhuen, \u00e4l\u00e4 luota mihink\u00e4\u00e4n niin sanottuun tieteelliseen menetelm\u00e4\u00e4n.<\/p>\n<p>Lotto on onnenpeli, eik\u00e4 New Yorkin lotto ole poikkeus. Numerot luodaan satunnaisesti, ja tuurilla on paljon tekemist\u00e4 sen kanssa, kuka voittaa lotossa.<\/p>\n<p>T\u00e4m\u00e4 mieless\u00e4 pit\u00e4en on aina hyv\u00e4 idea hy\u00f6dynt\u00e4\u00e4 onnenkerrointa hieman valitsemalla onnenumerot. Voit siis valita syntym\u00e4p\u00e4iv\u00e4t, vuosip\u00e4iv\u00e4t, numerot, jotka ovat olleet sinulle onnekkaita koko el\u00e4m\u00e4si ajan jne. Tai voit yksinkertaisesti k\u00e4ytt\u00e4\u00e4 sivustomme automaattista generaattority\u00f6kalua satunnaisten numeroiden valitsemiseen. Loppujen lopuksi kyse on vain onnesta.<\/p>\n<h2>Mist\u00e4 ostaa lippuja New Yorkin lottoon<\/h2>\n<p><img loading=\"lazy\" decoding=\"async\" class=\"alignright size-medium wp-image-28913\" src=\"https:\/\/jackpotlotteryonline.com\/wp-content\/uploads\/2022\/11\/1_pick_lottery_numbers-300x200.jpg\" alt=\"osta New Yorkin lottokuponkeja\" width=\"300\" height=\"200\" srcset=\"https:\/\/jackpotlotteryonline.com\/wp-content\/uploads\/2022\/11\/1_pick_lottery_numbers-300x200.jpg 300w, https:\/\/jackpotlotteryonline.com\/wp-content\/uploads\/2022\/11\/1_pick_lottery_numbers.jpg 320w\" sizes=\"auto, (max-width: 300px) 100vw, 300px\" \/><\/p>\n<p>Jos olet valmis osallistumaan New Yorkin lottoon, seuraava askel on <a href=\"https:\/\/jackpotlotteryonline.com\/fi\/osta-lippuja\/new-york-lottery\">ostaa liput<\/a>. Voit tehd\u00e4 sen verkossa lottomyyj\u00e4sivustolta, kuten jackpotlotteryonline.com. On t\u00e4rke\u00e4\u00e4 olla varovainen sellaisten lottosivustojen suhteen, jotka eiv\u00e4t kerro tarkalleen, miten he saavat lippusi. T\u00e4llaisilla sivustoilla voit ehk\u00e4 vain ly\u00f6d\u00e4 vetoa arvonnan tuloksesta osallistumatta itse siihen.<\/p>\n<p>Kun ostat lottokuponkeja meilt\u00e4, New Yorkin agenttimme ostavat liput vastaavilla numeroilla. Se on melkein kuin sinulla olisi henkil\u00f6kohtainen lottoagenttisi eri puolilla maailmaa.<\/p>\n<h2>New Yorkin loton palkintotasot<\/h2>\n<p>New Yorkin lotossa on useita palkintotasoja. Vaikka useimmat vedonly\u00f6j\u00e4t tavoittelevat p\u00e4\u00e4voittoa, ja niin sinunkin pit\u00e4isi tehd\u00e4, on tosiasia, ett\u00e4 kaikki eiv\u00e4t voi voittaa p\u00e4\u00e4voittoa. On kuitenkin useita muita palkintoluokkia, joita vedonly\u00f6j\u00e4t voivat voittaa.<\/p>\n<p>Jackpot-palkinto alkaa siis 2 miljoonasta dollarista, mutta \u00e4l\u00e4 anna tuon summan h\u00e4m\u00e4t\u00e4. Kun arvonnan j\u00e4lkeen ei ole voittajaa, palkinto kierr\u00e4tet\u00e4\u00e4n ja se alkaa vain kasvaa ja kasvaa. T\u00e4m\u00e4n loton kaikkien aikojen suurin jackpot-palkinto oli uskomaton 176 miljoonaa dollaria. Joo, t\u00e4ysin el\u00e4m\u00e4n mullistava.<\/p>\n<p>Taso 1 (j\u00e4ttipotti) &#8211; kaikki 6 arvottua numeroa t\u00e4sm\u00e4\u00e4v\u00e4t.<\/p>\n<p>Taso 2 &#8211; vastaa 5 numeroa + bonusnumero<\/p>\n<p>Taso 3 &#8211; vastaa 5 numeroa<\/p>\n<p>Taso 4 &#8211; vastaa 4 numeroa<\/p>\n<p>Taso 5 &#8211; vastaa 3 numeroa<\/p>\n<h2>Voittaminen ja kotiuttaminen<\/h2>\n<p>New Yorkin lottovoitto tarkoittaa, ett\u00e4 sinulla on arpa, joka vastaa arvottuja numeroita. Se, joka vastaa arvottuja numeroita, voittaa lotossa. Jos haluat tiet\u00e4\u00e4, oletko voittanut lotossa, sinun on tarkistettava arvontatulokset. Jos olet rekister\u00f6itynyt meille, l\u00e4het\u00e4mme sinulle s\u00e4hk\u00f6postia, jos voitat palkinnon.<\/p>\n<p>Jos ostat lottokuponkeja meilt\u00e4, voit helposti nostaa voittosi alustaltamme tilillesi. Jos voitat enint\u00e4\u00e4n 2500 euroa, voit nostaa rahasi yhdell\u00e4 napsautuksella. Jos voitto on suurempi, l\u00e4het\u00e4mme sinulle korvausvaatimuslomakkeen t\u00e4ytett\u00e4v\u00e4ksi ja autamme sitten voittosi k\u00e4sittelyss\u00e4.<\/p>\n<p>Selaa lippuja New Yorkin lottoon nyt jackpotlotteryonline.com-sivustolla.<\/p>\n","protected":false},"excerpt":{"rendered":"<p>New Yorkin loton historia on t\u00e4ynn\u00e4 hyvi\u00e4 tekoja ja yleist\u00e4 positiivisuutta. Koska lotto on luotu auttamaan osavaltion koulutusta, se on hyv\u00e4 vaihtoehto vedonly\u00f6jille, jotka pit\u00e4v\u00e4t hauskanpidon ohella my\u00f6s hieman altruismista. Periaatteessa, jos haluat lottoa, jonka avulla voit tuntea, ett\u00e4 annat jotain hyv\u00e4\u00e4 maailmalle, sinun kannattaa harkita New Yorkin lottoa. Useimpien pelaajien kysymys on kuitenkin se, [&hellip;]<\/p>\n","protected":false},"author":1,"featured_media":0,"parent":35688,"menu_order":14,"comment_status":"closed","ping_status":"closed","template":"newyork.php","meta":{"_et_pb_use_builder":"","_et_pb_old_content":"","_et_gb_content_width":"","exclude_from_search":false,"footnotes":""},"class_list":["post-39698","page","type-page","status-publish","hentry"],"yoast_head":"<!-- This site is optimized with the Yoast SEO plugin v23.3 - https:\/\/yoast.com\/wordpress\/plugins\/seo\/ -->\n<title>Kuinka pelata New Yorkin lottoa mist\u00e4 tahansa k\u00e4sin tahansa<\/title>\n<meta name=\"description\" content=\"Olitpa miss\u00e4 tahansa, voit osallistua New Yorkin lottoon verkossa. Lue lis\u00e4\u00e4 siit\u00e4, miten voit pelata ja voittaa t\u00e4\u00e4lt\u00e4.\" \/>\n<meta name=\"robots\" content=\"index, follow, max-snippet:-1, max-image-preview:large, max-video-preview:-1\" \/>\n<link rel=\"canonical\" href=\"https:\/\/jackpotlotteryonline.com\/fi\/kuinka-pelata\/new-york-lottery-2\/\" \/>\n<meta property=\"og:locale\" content=\"fi_FI\" \/>\n<meta property=\"og:type\" content=\"article\" \/>\n<meta property=\"og:title\" content=\"Kuinka pelata New Yorkin lottoa mist\u00e4 tahansa k\u00e4sin tahansa\" \/>\n<meta property=\"og:description\" content=\"Olitpa miss\u00e4 tahansa, voit osallistua New Yorkin lottoon verkossa. Lue lis\u00e4\u00e4 siit\u00e4, miten voit pelata ja voittaa t\u00e4\u00e4lt\u00e4.\" \/>\n<meta property=\"og:url\" content=\"https:\/\/jackpotlotteryonline.com\/fi\/kuinka-pelata\/new-york-lottery-2\/\" \/>\n<meta property=\"og:site_name\" content=\"Lotto Online - Crack The International Lottery Jackpots\" \/>\n<meta property=\"article:modified_time\" content=\"2023-01-03T10:18:03+00:00\" \/>\n<meta property=\"og:image\" content=\"https:\/\/jackpotlotteryonline.com\/wp-content\/uploads\/2022\/11\/lotto2-300x84-1.png\" \/>\n<meta name=\"twitter:card\" content=\"summary_large_image\" \/>\n<meta name=\"twitter:label1\" content=\"Arvioitu lukuaika\" \/>\n\t<meta name=\"twitter:data1\" content=\"5 minuuttia\" \/>\n<!-- \/ Yoast SEO plugin. -->","yoast_head_json":{"title":"Kuinka pelata New Yorkin lottoa mist\u00e4 tahansa k\u00e4sin tahansa","description":"Olitpa miss\u00e4 tahansa, voit osallistua New Yorkin lottoon verkossa. Lue lis\u00e4\u00e4 siit\u00e4, miten voit pelata ja voittaa t\u00e4\u00e4lt\u00e4.","robots":{"index":"index","follow":"follow","max-snippet":"max-snippet:-1","max-image-preview":"max-image-preview:large","max-video-preview":"max-video-preview:-1"},"canonical":"https:\/\/jackpotlotteryonline.com\/fi\/kuinka-pelata\/new-york-lottery-2\/","og_locale":"fi_FI","og_type":"article","og_title":"Kuinka pelata New Yorkin lottoa mist\u00e4 tahansa k\u00e4sin tahansa","og_description":"Olitpa miss\u00e4 tahansa, voit osallistua New Yorkin lottoon verkossa. Lue lis\u00e4\u00e4 siit\u00e4, miten voit pelata ja voittaa t\u00e4\u00e4lt\u00e4.","og_url":"https:\/\/jackpotlotteryonline.com\/fi\/kuinka-pelata\/new-york-lottery-2\/","og_site_name":"Lotto Online - Crack The International Lottery Jackpots","article_modified_time":"2023-01-03T10:18:03+00:00","og_image":[{"url":"https:\/\/jackpotlotteryonline.com\/wp-content\/uploads\/2022\/11\/lotto2-300x84-1.png"}],"twitter_card":"summary_large_image","twitter_misc":{"Arvioitu lukuaika":"5 minuuttia"},"schema":{"@context":"https:\/\/schema.org","@graph":[{"@type":"WebPage","@id":"https:\/\/jackpotlotteryonline.com\/fi\/kuinka-pelata\/new-york-lottery-2\/","url":"https:\/\/jackpotlotteryonline.com\/fi\/kuinka-pelata\/new-york-lottery-2\/","name":"Kuinka pelata New Yorkin lottoa mist\u00e4 tahansa k\u00e4sin tahansa","isPartOf":{"@id":"https:\/\/jackpotlotteryonline.com\/#website"},"primaryImageOfPage":{"@id":"https:\/\/jackpotlotteryonline.com\/fi\/kuinka-pelata\/new-york-lottery-2\/#primaryimage"},"image":{"@id":"https:\/\/jackpotlotteryonline.com\/fi\/kuinka-pelata\/new-york-lottery-2\/#primaryimage"},"thumbnailUrl":"https:\/\/jackpotlotteryonline.com\/wp-content\/uploads\/2022\/11\/lotto2-300x84-1.png","datePublished":"2022-11-29T07:22:20+00:00","dateModified":"2023-01-03T10:18:03+00:00","description":"Olitpa miss\u00e4 tahansa, voit osallistua New Yorkin lottoon verkossa. Lue lis\u00e4\u00e4 siit\u00e4, miten voit pelata ja voittaa t\u00e4\u00e4lt\u00e4.","breadcrumb":{"@id":"https:\/\/jackpotlotteryonline.com\/fi\/kuinka-pelata\/new-york-lottery-2\/#breadcrumb"},"inLanguage":"fi","potentialAction":[{"@type":"ReadAction","target":["https:\/\/jackpotlotteryonline.com\/fi\/kuinka-pelata\/new-york-lottery-2\/"]}]},{"@type":"ImageObject","inLanguage":"fi","@id":"https:\/\/jackpotlotteryonline.com\/fi\/kuinka-pelata\/new-york-lottery-2\/#primaryimage","url":"https:\/\/jackpotlotteryonline.com\/wp-content\/uploads\/2022\/11\/lotto2-300x84-1.png","contentUrl":"https:\/\/jackpotlotteryonline.com\/wp-content\/uploads\/2022\/11\/lotto2-300x84-1.png"},{"@type":"BreadcrumbList","@id":"https:\/\/jackpotlotteryonline.com\/fi\/kuinka-pelata\/new-york-lottery-2\/#breadcrumb","itemListElement":[{"@type":"ListItem","position":1,"name":"Home","item":"https:\/\/jackpotlotteryonline.com\/fi\/"},{"@type":"ListItem","position":2,"name":"Kuinka pelata","item":"https:\/\/jackpotlotteryonline.com\/play-online\/"},{"@type":"ListItem","position":3,"name":"Pelaa New York lotto verkossa"}]},{"@type":"WebSite","@id":"https:\/\/jackpotlotteryonline.com\/#website","url":"https:\/\/jackpotlotteryonline.com\/","name":"Lotto Online - Crack The International Lottery Jackpots","description":"","potentialAction":[{"@type":"SearchAction","target":{"@type":"EntryPoint","urlTemplate":"https:\/\/jackpotlotteryonline.com\/?s={search_term_string}"},"query-input":"required name=search_term_string"}],"inLanguage":"fi"}]}},"_links":{"self":[{"href":"https:\/\/jackpotlotteryonline.com\/fi\/wp-json\/wp\/v2\/pages\/39698","targetHints":{"allow":["GET"]}}],"collection":[{"href":"https:\/\/jackpotlotteryonline.com\/fi\/wp-json\/wp\/v2\/pages"}],"about":[{"href":"https:\/\/jackpotlotteryonline.com\/fi\/wp-json\/wp\/v2\/types\/page"}],"author":[{"embeddable":true,"href":"https:\/\/jackpotlotteryonline.com\/fi\/wp-json\/wp\/v2\/users\/1"}],"replies":[{"embeddable":true,"href":"https:\/\/jackpotlotteryonline.com\/fi\/wp-json\/wp\/v2\/comments?post=39698"}],"version-history":[{"count":0,"href":"https:\/\/jackpotlotteryonline.com\/fi\/wp-json\/wp\/v2\/pages\/39698\/revisions"}],"up":[{"embeddable":true,"href":"https:\/\/jackpotlotteryonline.com\/fi\/wp-json\/wp\/v2\/pages\/35688"}],"wp:attachment":[{"href":"https:\/\/jackpotlotteryonline.com\/fi\/wp-json\/wp\/v2\/media?parent=39698"}],"curies":[{"name":"wp","href":"https:\/\/api.w.org\/{rel}","templated":true}]}}