{"id":40302,"date":"2022-12-02T09:53:59","date_gmt":"2022-12-02T09:53:59","guid":{"rendered":"https:\/\/jackpotlotteryonline.com\/?page_id=40302"},"modified":"2022-12-19T14:52:54","modified_gmt":"2022-12-19T14:52:54","slug":"mega-millions","status":"publish","type":"page","link":"https:\/\/jackpotlotteryonline.com\/fi\/osta-lippuja\/mega-millions\/","title":{"rendered":"Mega Millions liput"},"content":{"rendered":"<h2>Miten voit ostaa Mega Millions -lipun netist\u00e4?<\/h2>\n<p>Jos luet t\u00e4t\u00e4, olet todenn\u00e4k\u00f6isesti kiinnostunut ostamaan Mega Millions -lipun. Mega Millions on yksi monista arpajaisista, jotka tarjoavat suuria j\u00e4ttipotteja voittajilleen. Saatat nyt kysy\u00e4 itselt\u00e4si: &#8220;Miten voin ostaa Mega Millions -lipun netist\u00e4?&#8221;.<\/p>\n<p>No, meill\u00e4 on sinut turvassa. T\u00e4ss\u00e4 on opas, joka auttaa sinua ostamaan Mega Millions -lipun netist\u00e4.<\/p>\n<h2>Miksi ostaa Mega Millions -lippuja verkosta?<\/h2>\n<p><img loading=\"lazy\" decoding=\"async\" class=\"alignright size-full wp-image-31073\" src=\"http:\/\/jackpotlotteryonline.com\/wp-content\/uploads\/2022\/11\/logo_Mega_Millions_233x110.png\" alt=\"osta mega millions lippu netist\u00e4\" width=\"232\" height=\"110\" \/>Mega Million on yhdysvaltalainen arpajaiset, joissa on suuria, el\u00e4m\u00e4\u00e4 muuttavia j\u00e4ttipotteja, jotka nousevat usein satoihin miljooniin punniin. T\u00e4m\u00e4n j\u00e4ttipotin voittaminen voi muuttaa el\u00e4m\u00e4si yhdess\u00e4 y\u00f6ss\u00e4, mutta vain jos olet tarpeeksi onnekas ja kaikki voittonumerot osuvat oikein.<\/p>\n<p>Jos aiot <a href=\"https:\/\/jackpotlotteryonline.com\/fi\/kuinka-pelata\/mega-millions\">pelata t\u00e4t\u00e4 lottoa verkossa<\/a>, se tarkoittaa, ett\u00e4 me ostamme liput puolestasi paikallisten j\u00e4lleenmyyj\u00e4agenttiemme kautta. Olemme luotettava concierge-palveluntarjoaja, joka tarjoaa n\u00e4it\u00e4 palveluja asiakkaillemme kaikkialla maailmassa. Varmistamme, ett\u00e4 asiakkaamme saavat parhaat mahdolliset palvelumme, joten miksi et ostaisi meilt\u00e4?<\/p>\n<p>Koska Mega Millions on valtava j\u00e4ttipotti ja monet ihmiset osallistuvat siihen, voittomahdollisuudet ovat melko suuret, ja useimmat ihmiset etsiv\u00e4t menetelmi\u00e4, joilla he voivat parantaa voittomahdollisuuksiaan t\u00e4ss\u00e4 j\u00e4ttipotissa.<\/p>\n<p>Yksi tapa parantaa mahdollisuuksia on ostaa Mega Millions -lippu netist\u00e4. Voit tehd\u00e4 t\u00e4m\u00e4n verkkosivustollamme tilaamalla lipun mist\u00e4 p\u00e4in maailmaa tahansa, ja Mega Millions -lipun skannaus on saatavilla tilill\u00e4si. Kun ostat Mega Millions -lippusi verkossa, sinun ei tarvitse huolehtia lipun katoamisesta tai varastamisesta, koska lippusi tiedot s\u00e4ilytet\u00e4\u00e4n turvallisesti.<\/p>\n<p>Mega Millions -lipun ostaminen verkosta on my\u00f6s k\u00e4tev\u00e4mp\u00e4\u00e4 kuin fyysiseen myym\u00e4l\u00e4\u00e4n meneminen, sill\u00e4 voit tehd\u00e4 tilauksen mukavasti kotoa k\u00e4sin mist\u00e4 p\u00e4in maailmaa tahansa. Osallistut t\u00e4h\u00e4n Mega Millions -arvontaan aivan kuten Yhdysvalloissa asuva, kun odotat arvontoja.<\/p>\n<h2>Mega Millions -lippujen ostoprosessi verkossa<\/h2>\n<p>Ennen kuin ostat Mega Millions -lippusi meilt\u00e4, sinun on hyv\u00e4 tiet\u00e4\u00e4, ett\u00e4 me toimimme v\u00e4litt\u00e4j\u00e4n\u00e4 sinun ja loton v\u00e4lill\u00e4, jolloin voit pelata ja ostaa lippuja verkossa ilman, ett\u00e4 sinun tarvitsee koskaan k\u00e4yd\u00e4 fyysisess\u00e4 arpajaisliikkeess\u00e4.<\/p>\n<p>Oletko nyt valmis ostamaan Mega Millions -lippusi verkossa? Jos olet, alla on muutama vaihe, joita sinun on noudatettava, jotta lipun ostaminen onnistuu.<\/p>\n<p><strong>1. Luo tili.<\/strong><br \/>\n<img loading=\"lazy\" decoding=\"async\" class=\"alignright size-full wp-image-34025\" src=\"http:\/\/jackpotlotteryonline.com\/wp-content\/uploads\/2022\/11\/2_ticket_mega_millions3-1.jpg\" alt=\"osta mega millions lippu netist\u00e4\" width=\"180\" height=\"193\" \/>Jos olet uusi, sinut ohjataan rekister\u00f6itymissivulle, jossa annat tarvittavat tiedot. Kun olet luonut pelitilisi onnistuneesti, siirry Mega Millions -arvonnan sivulle ja tee seuraavat toimet:<\/p>\n<p>Valitse numerot, joilla haluat pelata. Voit tehd\u00e4 sen joko manuaalisesti tai k\u00e4ytt\u00e4\u00e4 satunnaislukugeneraattoria, jolla voit valita numerot satunnaisesti.<\/p>\n<p>Valitse sitten arvontojen m\u00e4\u00e4r\u00e4, joihin haluat osallistua. Voit valita joko yhden arvonnan tai ostaa useamman arvonnan lippuja. Useisiin arvontoihin osallistuminen lis\u00e4\u00e4 mahdollisuuksiasi voittaa Mega Millionsin j\u00e4ttipotti.<\/p>\n<p><strong>2. Napsauta &#8220;Jatka&#8221;-painiketta ja siirry kassasivulle.<\/strong><\/p>\n<p><strong>3. Maksutavat<\/strong><\/p>\n<p>Siirry maksusivulle ja maksa lippusi. Mega Millions -lippusi skannaus ladataan tilillesi jonkin ajan kuluttua.<\/p>\n<p><strong>4. Nyt sinun tarvitsee vain odottaa arvontoja, jotka suoritetaan joka tiistai ja perjantai klo 23.00.<\/strong> Aikavy\u00f6hykkeet voivat vaihdella, joten sinun kannattaa vahvistaa aikavy\u00f6hyke<a href=\"https:\/\/jackpotlotteryonline.com\/fi\/voittonumerot\/mega-millions\"> arvontoja<\/a> odotellessasi.<\/p>\n<h2>Mit\u00e4 tapahtuu sen j\u00e4lkeen, kun olen voittanut Mega Millionsin j\u00e4ttipotin?<\/h2>\n<p>Jos kaikki numerot osuvat oikein, saatat mietti\u00e4, mit\u00e4 tehd\u00e4 seuraavaksi tai miten saat palkintosi. Saat kaikki voittosi, eik\u00e4 sinun tarvitse matkustaa Yhdysvaltoihin lunastaaksesi Mega Millions -palkintosi. Tied\u00e4 vain, ett\u00e4 lippusi skannaus toimii todisteena osallistumisestasi, joten pid\u00e4 se tallessa, sill\u00e4 tarvitset sit\u00e4.<\/p>\n<section class=\"layout\" style=\"border: solid 1px; width: 100%;\">\n<div class=\"img-div\" style=\"margin-top: 5px;\"><img decoding=\"async\" class=\"wp-image-17212 alignleft\" style=\"height: 45px; margin: 8px 8px 0px;\" src=\"http:\/\/jackpotlotteryonline.com\/wp-content\/uploads\/2022\/11\/read1.jpg\" alt=\"voittajan palkitseminen\" width=\"\" height=\"\" \/><\/div>\n<div style=\"padding-left: 5px;\">\n<div style=\"font-size: 1.1em;\">\n<p><strong>Miten saan maksun, jos voitan lottovoiton verkossa?<\/strong><\/p>\n<p style=\"font-size: 0.85em; margin-top: -1.5em;\">N\u00e4in saat rahasi, jos voitat lottovoiton verkossa\u00a0\u00a0<a href=\"https:\/\/jackpotlotteryonline.com\/fi\/miten-minulle-maksetaan-jos-voitan-lotossa-verkossa\">Lue lis\u00e4\u00e4<\/a><\/p>\n<\/div>\n<\/div>\n<\/section>\n<h2>Vinkkej\u00e4 Mega Millionsin j\u00e4ttipotin voittamiseen<\/h2>\n<p><img loading=\"lazy\" decoding=\"async\" class=\"size-medium wp-image-29858 alignright\" src=\"http:\/\/jackpotlotteryonline.com\/wp-content\/uploads\/2022\/11\/1_win_euromillions_lottery-300x164.jpg\" alt=\"osta mega millions lippu netist\u00e4\" width=\"300\" height=\"164\" srcset=\"https:\/\/jackpotlotteryonline.com\/wp-content\/uploads\/2022\/11\/1_win_euromillions_lottery-300x164.jpg 300w, https:\/\/jackpotlotteryonline.com\/wp-content\/uploads\/2022\/11\/1_win_euromillions_lottery.jpg 350w\" sizes=\"auto, (max-width: 300px) 100vw, 300px\" \/>Jos aiot pelata Mega Millions -lottoa ja voittaa j\u00e4ttipotin, sinun kannattaa ottaa huomioon muutamia asioita, jotta voitonmahdollisuutesi paranevat.<\/p>\n<p>Ensinn\u00e4kin valitse numerot aluksi huolellisesti. \u00c4l\u00e4 valitse liian yleisi\u00e4 numeroita, vaan harkitse sen sijaan joko onnenumeroita tai satunnaista numeroiden valintaa. Varmista, ett\u00e4 ne ovat jakautuneet tasaisesti, jotta et valitse samoja numeroita kuin muut pelaajat.<\/p>\n<p>Toiseksi, vertaa viimeisimpi\u00e4 voittonumeroita ja tutki numerokuvioita. Poista valitsemistasi numeroista ne, jotka on arvottu hiljattain.<\/p>\n<p>Tutki my\u00f6s yleisimpien voittonumeroiden mallia ja merkitse ne numeroiksi, joilla on suurin voittotiheys. Kun olet tarkkaillut niit\u00e4, jaa osa niist\u00e4 valitsemiesi numeroiden mukaan.<\/p>\n<p>Lopuksi sinulla on mahdollisuus pelata Mega Millions -lottoa syndikaatissa. T\u00e4m\u00e4 on kuin ostaisi lippuja ryhm\u00e4n\u00e4, ja kaikki voitot jaetaan tasan kaikkien osallistuneiden pelaajien kesken. T\u00e4m\u00e4 on loistava tapa parantaa mahdollisuuksiasi voittaa j\u00e4ttipotti.<\/p>\n<p>Jos pelaat Mega Millionsia ottaen huomioon edell\u00e4 mainitut vinkit, kuka tiet\u00e4\u00e4? Sinusta saattaa tulla seuraava voittaja, joka nappaa j\u00e4ttipotin. Kokeile onneasi jo t\u00e4n\u00e4\u00e4n!<\/p>\n<h2>Johtop\u00e4\u00e4t\u00f6s<\/h2>\n<p>Jos et asu Yhdysvalloissa ja toivot nappaavasi Mega Millionsin j\u00e4ttipotin, paras vaihtoehtosi on ostaa Mega Millions -lippu netist\u00e4. Voit osallistua t\u00e4h\u00e4n arvontaan mist\u00e4 tahansa maailman maasta. Joten mit\u00e4 sin\u00e4 odotat? Osta lippusi jo t\u00e4n\u00e4\u00e4n ja voit olla onnekas j\u00e4ttipotin voittaja.<\/p>\n<p>Jos haluat lis\u00e4tietoja t\u00e4st\u00e4 arvonnasta, k\u00e4y FAQ-sivullamme tai l\u00e4het\u00e4 kysymyksesi, ja asiakastukitiimimme vastaa asianmukaisilla tiedoilla. Sill\u00e4 v\u00e4lin voit tutustua my\u00f6s muihin sivustollamme saatavilla oleviin arpajaisiin, ja jos olet kiinnostunut, paina vain play-painiketta ja voita my\u00f6s muissa arpajaisissa.<\/p>\n","protected":false},"excerpt":{"rendered":"<p>Miten voit ostaa Mega Millions -lipun netist\u00e4? Jos luet t\u00e4t\u00e4, olet todenn\u00e4k\u00f6isesti kiinnostunut ostamaan Mega Millions -lipun. Mega Millions on yksi monista arpajaisista, jotka tarjoavat suuria j\u00e4ttipotteja voittajilleen. Saatat nyt kysy\u00e4 itselt\u00e4si: &#8220;Miten voin ostaa Mega Millions -lipun netist\u00e4?&#8221;. No, meill\u00e4 on sinut turvassa. T\u00e4ss\u00e4 on opas, joka auttaa sinua ostamaan Mega Millions -lipun netist\u00e4. [&hellip;]<\/p>\n","protected":false},"author":1,"featured_media":0,"parent":35749,"menu_order":1,"comment_status":"closed","ping_status":"closed","template":"megamillion.php","meta":{"_et_pb_use_builder":"","_et_pb_old_content":"","_et_gb_content_width":"","exclude_from_search":false,"footnotes":""},"class_list":["post-40302","page","type-page","status-publish","hentry"],"yoast_head":"<!-- This site is optimized with the Yoast SEO plugin v23.3 - https:\/\/yoast.com\/wordpress\/plugins\/seo\/ -->\n<title>Osta Mega Millions -lippuja verkossa | Mega Millions -liput Yhdysvaltojen ulkopuolelta<\/title>\n<meta name=\"description\" content=\"Jos asut Yhdysvaltojen ulkopuolella, voit silti ostaa Mega Millions -lippuja netist\u00e4, t\u00e4\u00e4lt\u00e4. Me ostamme todelliset Mega Millions -liput puolestasi ja skannaamme ne...\" \/>\n<meta name=\"robots\" content=\"index, follow, max-snippet:-1, max-image-preview:large, max-video-preview:-1\" \/>\n<link rel=\"canonical\" href=\"https:\/\/jackpotlotteryonline.com\/fi\/osta-lippuja\/mega-millions\/\" \/>\n<meta property=\"og:locale\" content=\"fi_FI\" \/>\n<meta property=\"og:type\" content=\"article\" \/>\n<meta property=\"og:title\" content=\"Osta Mega Millions -lippuja verkossa | Mega Millions -liput Yhdysvaltojen ulkopuolelta\" \/>\n<meta property=\"og:description\" content=\"Jos asut Yhdysvaltojen ulkopuolella, voit silti ostaa Mega Millions -lippuja netist\u00e4, t\u00e4\u00e4lt\u00e4. Me ostamme todelliset Mega Millions -liput puolestasi ja skannaamme ne...\" \/>\n<meta property=\"og:url\" content=\"https:\/\/jackpotlotteryonline.com\/fi\/osta-lippuja\/mega-millions\/\" \/>\n<meta property=\"og:site_name\" content=\"Lotto Online - Crack The International Lottery Jackpots\" \/>\n<meta property=\"article:modified_time\" content=\"2022-12-19T14:52:54+00:00\" \/>\n<meta property=\"og:image\" content=\"http:\/\/jackpotlotteryonline.com\/wp-content\/uploads\/2022\/11\/logo_Mega_Millions_233x110.png\" \/>\n<meta name=\"twitter:card\" content=\"summary_large_image\" \/>\n<meta name=\"twitter:label1\" content=\"Arvioitu lukuaika\" \/>\n\t<meta name=\"twitter:data1\" content=\"4 minuuttia\" \/>\n<!-- \/ Yoast SEO plugin. -->","yoast_head_json":{"title":"Osta Mega Millions -lippuja verkossa | Mega Millions -liput Yhdysvaltojen ulkopuolelta","description":"Jos asut Yhdysvaltojen ulkopuolella, voit silti ostaa Mega Millions -lippuja netist\u00e4, t\u00e4\u00e4lt\u00e4. Me ostamme todelliset Mega Millions -liput puolestasi ja skannaamme ne...","robots":{"index":"index","follow":"follow","max-snippet":"max-snippet:-1","max-image-preview":"max-image-preview:large","max-video-preview":"max-video-preview:-1"},"canonical":"https:\/\/jackpotlotteryonline.com\/fi\/osta-lippuja\/mega-millions\/","og_locale":"fi_FI","og_type":"article","og_title":"Osta Mega Millions -lippuja verkossa | Mega Millions -liput Yhdysvaltojen ulkopuolelta","og_description":"Jos asut Yhdysvaltojen ulkopuolella, voit silti ostaa Mega Millions -lippuja netist\u00e4, t\u00e4\u00e4lt\u00e4. Me ostamme todelliset Mega Millions -liput puolestasi ja skannaamme ne...","og_url":"https:\/\/jackpotlotteryonline.com\/fi\/osta-lippuja\/mega-millions\/","og_site_name":"Lotto Online - Crack The International Lottery Jackpots","article_modified_time":"2022-12-19T14:52:54+00:00","og_image":[{"url":"http:\/\/jackpotlotteryonline.com\/wp-content\/uploads\/2022\/11\/logo_Mega_Millions_233x110.png"}],"twitter_card":"summary_large_image","twitter_misc":{"Arvioitu lukuaika":"4 minuuttia"},"schema":{"@context":"https:\/\/schema.org","@graph":[{"@type":"WebPage","@id":"https:\/\/jackpotlotteryonline.com\/fi\/osta-lippuja\/mega-millions\/","url":"https:\/\/jackpotlotteryonline.com\/fi\/osta-lippuja\/mega-millions\/","name":"Osta Mega Millions -lippuja verkossa | Mega Millions -liput Yhdysvaltojen ulkopuolelta","isPartOf":{"@id":"https:\/\/jackpotlotteryonline.com\/#website"},"primaryImageOfPage":{"@id":"https:\/\/jackpotlotteryonline.com\/fi\/osta-lippuja\/mega-millions\/#primaryimage"},"image":{"@id":"https:\/\/jackpotlotteryonline.com\/fi\/osta-lippuja\/mega-millions\/#primaryimage"},"thumbnailUrl":"http:\/\/jackpotlotteryonline.com\/wp-content\/uploads\/2022\/11\/logo_Mega_Millions_233x110.png","datePublished":"2022-12-02T09:53:59+00:00","dateModified":"2022-12-19T14:52:54+00:00","description":"Jos asut Yhdysvaltojen ulkopuolella, voit silti ostaa Mega Millions -lippuja netist\u00e4, t\u00e4\u00e4lt\u00e4. Me ostamme todelliset Mega Millions -liput puolestasi ja skannaamme ne...","breadcrumb":{"@id":"https:\/\/jackpotlotteryonline.com\/fi\/osta-lippuja\/mega-millions\/#breadcrumb"},"inLanguage":"fi","potentialAction":[{"@type":"ReadAction","target":["https:\/\/jackpotlotteryonline.com\/fi\/osta-lippuja\/mega-millions\/"]}]},{"@type":"ImageObject","inLanguage":"fi","@id":"https:\/\/jackpotlotteryonline.com\/fi\/osta-lippuja\/mega-millions\/#primaryimage","url":"http:\/\/jackpotlotteryonline.com\/wp-content\/uploads\/2022\/11\/logo_Mega_Millions_233x110.png","contentUrl":"http:\/\/jackpotlotteryonline.com\/wp-content\/uploads\/2022\/11\/logo_Mega_Millions_233x110.png"},{"@type":"BreadcrumbList","@id":"https:\/\/jackpotlotteryonline.com\/fi\/osta-lippuja\/mega-millions\/#breadcrumb","itemListElement":[{"@type":"ListItem","position":1,"name":"Home","item":"https:\/\/jackpotlotteryonline.com\/fi\/"},{"@type":"ListItem","position":2,"name":"Miten ostaa lottokuponkeja verkossa","item":"https:\/\/jackpotlotteryonline.com\/fi\/osta-lippuja\/"},{"@type":"ListItem","position":3,"name":"Mega Millions liput"}]},{"@type":"WebSite","@id":"https:\/\/jackpotlotteryonline.com\/#website","url":"https:\/\/jackpotlotteryonline.com\/","name":"Lotto Online - Crack The International Lottery Jackpots","description":"","potentialAction":[{"@type":"SearchAction","target":{"@type":"EntryPoint","urlTemplate":"https:\/\/jackpotlotteryonline.com\/?s={search_term_string}"},"query-input":"required name=search_term_string"}],"inLanguage":"fi"}]}},"_links":{"self":[{"href":"https:\/\/jackpotlotteryonline.com\/fi\/wp-json\/wp\/v2\/pages\/40302","targetHints":{"allow":["GET"]}}],"collection":[{"href":"https:\/\/jackpotlotteryonline.com\/fi\/wp-json\/wp\/v2\/pages"}],"about":[{"href":"https:\/\/jackpotlotteryonline.com\/fi\/wp-json\/wp\/v2\/types\/page"}],"author":[{"embeddable":true,"href":"https:\/\/jackpotlotteryonline.com\/fi\/wp-json\/wp\/v2\/users\/1"}],"replies":[{"embeddable":true,"href":"https:\/\/jackpotlotteryonline.com\/fi\/wp-json\/wp\/v2\/comments?post=40302"}],"version-history":[{"count":0,"href":"https:\/\/jackpotlotteryonline.com\/fi\/wp-json\/wp\/v2\/pages\/40302\/revisions"}],"up":[{"embeddable":true,"href":"https:\/\/jackpotlotteryonline.com\/fi\/wp-json\/wp\/v2\/pages\/35749"}],"wp:attachment":[{"href":"https:\/\/jackpotlotteryonline.com\/fi\/wp-json\/wp\/v2\/media?parent=40302"}],"curies":[{"name":"wp","href":"https:\/\/api.w.org\/{rel}","templated":true}]}}