{"id":40354,"date":"2022-12-02T13:45:20","date_gmt":"2022-12-02T13:45:20","guid":{"rendered":"https:\/\/jackpotlotteryonline.com\/?page_id=40354"},"modified":"2023-01-01T13:59:36","modified_gmt":"2023-01-01T13:59:36","slug":"oz-lotto","status":"publish","type":"page","link":"https:\/\/jackpotlotteryonline.com\/fi\/kuinka-pelata\/oz-lotto\/","title":{"rendered":"Pelaa Oz Lotto verkossa"},"content":{"rendered":"<h2>Tietoja Oz Lotto<\/h2>\n<p>Oz Lotto on australialainen lotto, joka otettiin k\u00e4ytt\u00f6\u00f6n vuonna 1994 ja jota hallinnoi ryhm\u00e4 nimelt\u00e4 Tatts group. Oz Lotto on kasvattanut suosiotaan sek\u00e4 Australiassa ett\u00e4 Uudessa-Seelannissa, mik\u00e4 tekee siit\u00e4 Australian suurimman lottopelin. <a href=\"https:\/\/jackpotlotteryonline.com\/fi\/voittonumerot\/oz-lotto\">Oz Loton arvonnat<\/a> j\u00e4rjestet\u00e4\u00e4n joka keskiviikko ja perjantai.<\/p>\n<p>Alla on opas, joka auttaa sinua pelaamaan Oz Lotto -lottoa verkossa mist\u00e4 p\u00e4in maailmaa tahansa.<\/p>\n<h2>Kuinka pelata Oz Lotto netiss\u00e4<\/h2>\n<p><img loading=\"lazy\" decoding=\"async\" class=\"alignright size-full wp-image-29777\" src=\"https:\/\/jackpotlotteryonline.com\/wp-content\/uploads\/2022\/11\/1_ticket_online_buying.jpg\" alt=\"pelaa Oz-lottoa verkossa\" width=\"300\" height=\"203\" \/>Jos etsit j\u00e4nnitt\u00e4v\u00e4\u00e4 ja j\u00e4nnitt\u00e4v\u00e4\u00e4 lottoa, johon voit osallistua, sinun on tutustuttava Australian Oz Lotto -peliin. Tarjoamme pelaajille mahdollisuuden pelata kansainv\u00e4lisi\u00e4 lottoja verkossa tarjoamalla concierge-palveluja. Tarvitset vain tietokoneen ja internetyhteyden, jotta voit pelata Oz Lotto -nettilottoa.<\/p>\n<p>Pelataksesi Oz Lotto -nettilottoa valitset yksinkertaisesti seitsem\u00e4n p\u00e4\u00e4numeroa numerovalikoimasta 1-47. Lis\u00e4ksi arvonnan aikana valitaan kolme lis\u00e4numeroa, jotka tunnetaan lis\u00e4numeroina. Voit valita numerot satunnaislukugeneraattorilla tai valita ne manuaalisesti. Valitse sitten arvontojen m\u00e4\u00e4r\u00e4, joihin haluat osallistua. Siirry kassalle ja <a href=\"https:\/\/jackpotlotteryonline.com\/fi\/osta-lippuja\/oz-lotto\">maksa lippusi<\/a> ja odota sitten arvontoja.<\/p>\n<h2>Mit\u00e4 ovat lis\u00e4numerot ja miten niit\u00e4 k\u00e4ytet\u00e4\u00e4n?<\/h2>\n<p>Lis\u00e4numeroita pidet\u00e4\u00e4n &#8220;bonuspalloina&#8221; Oz Loton arvonnoissa. Arvonnan aikana kymmenen voittonumeroa valitaan satunnaisesti, ja seitsem\u00e4n ensimm\u00e4ist\u00e4 numeroa merkit\u00e4\u00e4n p\u00e4\u00e4voittajan p\u00e4\u00e4numeroiksi. Rivit 2, 4 ja 7 m\u00e4\u00e4r\u00e4ytyv\u00e4t j\u00e4ljelle j\u00e4\u00e4vien kolmen &#8220;lis\u00e4numeron&#8221; perusteella.<\/p>\n<h2>Oz Loton palkintotasot<\/h2>\n<p>Australian Oz Lotossa on yhteens\u00e4 seitsem\u00e4n palkintotasoa. Ne ovat seuraavat:<\/p>\n<ul>\n<li>Taso 1: J\u00e4ttipotti: seitsem\u00e4n numeroa t\u00e4sm\u00e4\u00e4.<\/li>\n<li>Taso 2: Kuusi numeroa + lis\u00e4numero.<\/li>\n<li>Taso 3: Kuusi numeroa t\u00e4sm\u00e4\u00e4<\/li>\n<li>Taso 4: Viisi numeroa + lis\u00e4numero.<\/li>\n<li>Taso 5: Sovitettu viisi numeroa<\/li>\n<li>Taso 6: Nelj\u00e4 numeroa t\u00e4sm\u00e4\u00e4<\/li>\n<li>Taso 7: Vastaava kolme numeroa + lis\u00e4numero.<\/li>\n<\/ul>\n<h2>Pit\u00e4\u00e4k\u00f6 minun olla Australiassa pelatakseni Oz Lotossa?<\/h2>\n<p>Ei, sinun ei tarvitse asua Australiassa osallistuaksesi t\u00e4h\u00e4n lottoon. Sinun tarvitsee vain k\u00e4yd\u00e4 osoitteessa jackpotlotteryonline.com ja toteuttaa unelmasi kansainv\u00e4listen lottojen pelaamisesta. Tarjoamme asiakkaillemme lottopalveluja, kuten ostamme fyysisi\u00e4 lippuja luotettavien lottoagenttiemme kautta. Fyysinen lippu s\u00e4ilytet\u00e4\u00e4n turvallisesti, ja sen skannaus ladataan pelaajan tilille. Kaikki t\u00e4m\u00e4 tehd\u00e4\u00e4n puolestasi, ja j\u00e4ljelle j\u00e4\u00e4 vain arvontap\u00e4iv\u00e4n odottaminen.<\/p>\n<p>Sinun ei siis tarvitse olla huolissasi siit\u00e4, ettet pysty osallistumaan Oz Lottoon. Pelaat t\u00e4t\u00e4 lottoa aivan kuin Australiassa asuva henkil\u00f6. Oz Loton pelaaminen on n\u00e4in yksinkertaista. Kokeile onneasi jo t\u00e4n\u00e4\u00e4n!<\/p>\n<h2>Oz Loton voittaminen<\/h2>\n<p>Voittaakseen Oz Loton j\u00e4ttipalkinnon pelaajan on osuttava seitsem\u00e4\u00e4n numeroon yhteens\u00e4 47:st\u00e4. T\u00e4m\u00e4 j\u00e4ttipotti alkaa 10 miljoonasta dollarista ja kasvaa usein, kunnes se voitetaan. P\u00e4\u00e4j\u00e4ttipalkinnon lis\u00e4ksi kahdeksan pienemp\u00e4\u00e4 palkintojakoa voittavat pelaajat, jotka vastaavat oikein nelj\u00e4\u00e4n tai viiteen numeroon kyseisess\u00e4 arvonnassa.<\/p>\n<section class=\"layout\" style=\"border: solid 1px; width: 100%;\">\n<div class=\"img-div\" style=\"margin-top: 5px;\"><img decoding=\"async\" class=\"wp-image-17212 alignleft\" style=\"height: 45px; margin: 8px 8px 0px;\" src=\"https:\/\/jackpotlotteryonline.com\/wp-content\/uploads\/2022\/11\/read1.jpg\" alt=\"Lue \" width=\"\" height=\"\" \/><\/div>\n<div style=\"padding-left: 5px;\">\n<div style=\"font-size: 1.1em;\">\n<p><strong>Historialliset, enn\u00e4tykselliset lottoj\u00e4ttipotit<\/strong><\/p>\n<p style=\"font-size: 0.85em; margin-top: -1.5em;\">Historian suurimmat lottoj\u00e4ttipotit saavat p\u00e4\u00e4si py\u00f6r\u00e4lle \u00a0<a href=\"https:\/\/jackpotlotteryonline.com\/fi\/historian-suurimmat-lotto-jattipotit\">Lue lis\u00e4\u00e4<\/a><\/p>\n<\/div>\n<\/div>\n<\/section>\n<h2>Mitk\u00e4 ovat mahdollisuudet voittaa Australian Oz Lotto?<\/h2>\n<p><img loading=\"lazy\" decoding=\"async\" class=\"alignright wp-image-28697 size-medium\" src=\"https:\/\/jackpotlotteryonline.com\/wp-content\/uploads\/2022\/11\/1_online_lotto_winners-300x200.jpg\" alt=\"pelaa oz-lottoa netiss\u00e4\" width=\"300\" height=\"200\" srcset=\"https:\/\/jackpotlotteryonline.com\/wp-content\/uploads\/2022\/11\/1_online_lotto_winners-300x200.jpg 300w, https:\/\/jackpotlotteryonline.com\/wp-content\/uploads\/2022\/11\/1_online_lotto_winners.jpg 320w\" sizes=\"auto, (max-width: 300px) 100vw, 300px\" \/>Oz Lotto on saavuttanut suosiota ja tehnyt monista pelaajista voittajia, mik\u00e4 on samalla tehnyt mahdollisuuksista voittaa miss\u00e4 tahansa palkintoluokassa melko suuret.<\/p>\n<p>Todenn\u00e4k\u00f6isyys saada seitsem\u00e4n numeroa ja voittaa j\u00e4ttipotti on 1:62 891 499, mik\u00e4 on l\u00e4hes mahdotonta. Hyv\u00e4 puoli arpajaisissa on kuitenkin se, ett\u00e4 peli on pelkk\u00e4\u00e4 tuuria, koskaan ei voi tiet\u00e4\u00e4, tuleeko sinusta voittaja, ja juuri se tekee arpajaisiin osallistumisesta j\u00e4nnitt\u00e4v\u00e4\u00e4.<\/p>\n<p>Yleinen mahdollisuus voittaa jokin seitsem\u00e4st\u00e4 palkinnosta on 1:51.<\/p>\n<p>Jos haluat lis\u00e4tietoja Oz-lotosta, voit vierailla FAQ-sivullamme tai loton virallisilla verkkosivuilla.<\/p>\n<p>Rekister\u00f6i tili jo t\u00e4n\u00e4\u00e4n ja saat mahdollisuuden osallistua t\u00e4h\u00e4n lottoon mist\u00e4 p\u00e4in maailmaa tahansa.<\/p>\n","protected":false},"excerpt":{"rendered":"<p>Tietoja Oz Lotto Oz Lotto on australialainen lotto, joka otettiin k\u00e4ytt\u00f6\u00f6n vuonna 1994 ja jota hallinnoi ryhm\u00e4 nimelt\u00e4 Tatts group. Oz Lotto on kasvattanut suosiotaan sek\u00e4 Australiassa ett\u00e4 Uudessa-Seelannissa, mik\u00e4 tekee siit\u00e4 Australian suurimman lottopelin. Oz Loton arvonnat j\u00e4rjestet\u00e4\u00e4n joka keskiviikko ja perjantai. Alla on opas, joka auttaa sinua pelaamaan Oz Lotto -lottoa verkossa mist\u00e4 [&hellip;]<\/p>\n","protected":false},"author":1,"featured_media":0,"parent":35688,"menu_order":16,"comment_status":"closed","ping_status":"closed","template":"","meta":{"_et_pb_use_builder":"","_et_pb_old_content":"","_et_gb_content_width":"","exclude_from_search":false,"footnotes":""},"class_list":["post-40354","page","type-page","status-publish","hentry"],"yoast_head":"<!-- This site is optimized with the Yoast SEO plugin v23.3 - https:\/\/yoast.com\/wordpress\/plugins\/seo\/ -->\n<title>Pelaa Oz Lotto verkossa Australian ulkopuolelta<\/title>\n<meta name=\"description\" content=\"Nyt voit pelata Oz Lotto verkossa, ei vain jos olet Australiassa - voit pelata Oz Lotto mist\u00e4 p\u00e4in maailmaa tahansa.\" \/>\n<meta name=\"robots\" content=\"index, follow, max-snippet:-1, max-image-preview:large, max-video-preview:-1\" \/>\n<link rel=\"canonical\" href=\"https:\/\/jackpotlotteryonline.com\/fi\/kuinka-pelata\/oz-lotto\/\" \/>\n<meta property=\"og:locale\" content=\"fi_FI\" \/>\n<meta property=\"og:type\" content=\"article\" \/>\n<meta property=\"og:title\" content=\"Pelaa Oz Lotto verkossa Australian ulkopuolelta\" \/>\n<meta property=\"og:description\" content=\"Nyt voit pelata Oz Lotto verkossa, ei vain jos olet Australiassa - voit pelata Oz Lotto mist\u00e4 p\u00e4in maailmaa tahansa.\" \/>\n<meta property=\"og:url\" content=\"https:\/\/jackpotlotteryonline.com\/fi\/kuinka-pelata\/oz-lotto\/\" \/>\n<meta property=\"og:site_name\" content=\"Lotto Online - Crack The International Lottery Jackpots\" \/>\n<meta property=\"article:modified_time\" content=\"2023-01-01T13:59:36+00:00\" \/>\n<meta property=\"og:image\" content=\"https:\/\/jackpotlotteryonline.com\/wp-content\/uploads\/2022\/11\/1_ticket_online_buying.jpg\" \/>\n<meta name=\"twitter:card\" content=\"summary_large_image\" \/>\n<meta name=\"twitter:label1\" content=\"Arvioitu lukuaika\" \/>\n\t<meta name=\"twitter:data1\" content=\"3 minuuttia\" \/>\n<!-- \/ Yoast SEO plugin. -->","yoast_head_json":{"title":"Pelaa Oz Lotto verkossa Australian ulkopuolelta","description":"Nyt voit pelata Oz Lotto verkossa, ei vain jos olet Australiassa - voit pelata Oz Lotto mist\u00e4 p\u00e4in maailmaa tahansa.","robots":{"index":"index","follow":"follow","max-snippet":"max-snippet:-1","max-image-preview":"max-image-preview:large","max-video-preview":"max-video-preview:-1"},"canonical":"https:\/\/jackpotlotteryonline.com\/fi\/kuinka-pelata\/oz-lotto\/","og_locale":"fi_FI","og_type":"article","og_title":"Pelaa Oz Lotto verkossa Australian ulkopuolelta","og_description":"Nyt voit pelata Oz Lotto verkossa, ei vain jos olet Australiassa - voit pelata Oz Lotto mist\u00e4 p\u00e4in maailmaa tahansa.","og_url":"https:\/\/jackpotlotteryonline.com\/fi\/kuinka-pelata\/oz-lotto\/","og_site_name":"Lotto Online - Crack The International Lottery Jackpots","article_modified_time":"2023-01-01T13:59:36+00:00","og_image":[{"url":"https:\/\/jackpotlotteryonline.com\/wp-content\/uploads\/2022\/11\/1_ticket_online_buying.jpg"}],"twitter_card":"summary_large_image","twitter_misc":{"Arvioitu lukuaika":"3 minuuttia"},"schema":{"@context":"https:\/\/schema.org","@graph":[{"@type":"WebPage","@id":"https:\/\/jackpotlotteryonline.com\/fi\/kuinka-pelata\/oz-lotto\/","url":"https:\/\/jackpotlotteryonline.com\/fi\/kuinka-pelata\/oz-lotto\/","name":"Pelaa Oz Lotto verkossa Australian ulkopuolelta","isPartOf":{"@id":"https:\/\/jackpotlotteryonline.com\/#website"},"primaryImageOfPage":{"@id":"https:\/\/jackpotlotteryonline.com\/fi\/kuinka-pelata\/oz-lotto\/#primaryimage"},"image":{"@id":"https:\/\/jackpotlotteryonline.com\/fi\/kuinka-pelata\/oz-lotto\/#primaryimage"},"thumbnailUrl":"https:\/\/jackpotlotteryonline.com\/wp-content\/uploads\/2022\/11\/1_ticket_online_buying.jpg","datePublished":"2022-12-02T13:45:20+00:00","dateModified":"2023-01-01T13:59:36+00:00","description":"Nyt voit pelata Oz Lotto verkossa, ei vain jos olet Australiassa - voit pelata Oz Lotto mist\u00e4 p\u00e4in maailmaa tahansa.","breadcrumb":{"@id":"https:\/\/jackpotlotteryonline.com\/fi\/kuinka-pelata\/oz-lotto\/#breadcrumb"},"inLanguage":"fi","potentialAction":[{"@type":"ReadAction","target":["https:\/\/jackpotlotteryonline.com\/fi\/kuinka-pelata\/oz-lotto\/"]}]},{"@type":"ImageObject","inLanguage":"fi","@id":"https:\/\/jackpotlotteryonline.com\/fi\/kuinka-pelata\/oz-lotto\/#primaryimage","url":"https:\/\/jackpotlotteryonline.com\/wp-content\/uploads\/2022\/11\/1_ticket_online_buying.jpg","contentUrl":"https:\/\/jackpotlotteryonline.com\/wp-content\/uploads\/2022\/11\/1_ticket_online_buying.jpg"},{"@type":"BreadcrumbList","@id":"https:\/\/jackpotlotteryonline.com\/fi\/kuinka-pelata\/oz-lotto\/#breadcrumb","itemListElement":[{"@type":"ListItem","position":1,"name":"Home","item":"https:\/\/jackpotlotteryonline.com\/fi\/"},{"@type":"ListItem","position":2,"name":"Kuinka pelata","item":"https:\/\/jackpotlotteryonline.com\/play-online\/"},{"@type":"ListItem","position":3,"name":"Pelaa Oz Lotto verkossa"}]},{"@type":"WebSite","@id":"https:\/\/jackpotlotteryonline.com\/#website","url":"https:\/\/jackpotlotteryonline.com\/","name":"Lotto Online - Crack The International Lottery Jackpots","description":"","potentialAction":[{"@type":"SearchAction","target":{"@type":"EntryPoint","urlTemplate":"https:\/\/jackpotlotteryonline.com\/?s={search_term_string}"},"query-input":"required name=search_term_string"}],"inLanguage":"fi"}]}},"_links":{"self":[{"href":"https:\/\/jackpotlotteryonline.com\/fi\/wp-json\/wp\/v2\/pages\/40354","targetHints":{"allow":["GET"]}}],"collection":[{"href":"https:\/\/jackpotlotteryonline.com\/fi\/wp-json\/wp\/v2\/pages"}],"about":[{"href":"https:\/\/jackpotlotteryonline.com\/fi\/wp-json\/wp\/v2\/types\/page"}],"author":[{"embeddable":true,"href":"https:\/\/jackpotlotteryonline.com\/fi\/wp-json\/wp\/v2\/users\/1"}],"replies":[{"embeddable":true,"href":"https:\/\/jackpotlotteryonline.com\/fi\/wp-json\/wp\/v2\/comments?post=40354"}],"version-history":[{"count":0,"href":"https:\/\/jackpotlotteryonline.com\/fi\/wp-json\/wp\/v2\/pages\/40354\/revisions"}],"up":[{"embeddable":true,"href":"https:\/\/jackpotlotteryonline.com\/fi\/wp-json\/wp\/v2\/pages\/35688"}],"wp:attachment":[{"href":"https:\/\/jackpotlotteryonline.com\/fi\/wp-json\/wp\/v2\/media?parent=40354"}],"curies":[{"name":"wp","href":"https:\/\/api.w.org\/{rel}","templated":true}]}}