{"id":40478,"date":"2022-12-05T08:14:41","date_gmt":"2022-12-05T08:14:41","guid":{"rendered":"https:\/\/jackpotlotteryonline.com\/?page_id=40478"},"modified":"2022-12-26T13:40:55","modified_gmt":"2022-12-26T13:40:55","slug":"powerball","status":"publish","type":"page","link":"https:\/\/jackpotlotteryonline.com\/fi\/voittonumerot\/powerball\/","title":{"rendered":"Powerball-arvonnan tulokset"},"content":{"rendered":"<p>Powerball on yhdysvaltalainen lotto, jossa on yksi kaikkien aikojen suurimmista j\u00e4ttipotista. Yhdysvaltain Powerball-arvonnan voittaminen on l\u00e4hes jokaisen veikkaajan perimm\u00e4inen unelma. Sen uskomattoman suurten j\u00e4ttipottien vuoksi, jotka joskus nousevat jopa miljardiin dollariin, pelaajat ymp\u00e4ri maailmaa ostavat Powerball-arpoja netist\u00e4. Jokaisella pelaajalla on suuria toiveita lottovoitosta. Lottokupongin ostaminen on kuitenkin yksi asia, ja voittonumeroiden tarkistaminen on toinen. Jotta saat selville, onko sinulla Powerball-arpajaisten voittokuponki, on t\u00e4rke\u00e4\u00e4 tarkistaa arvontatulokset.<\/p>\n<p>T\u00e4ll\u00e4 sivulla kerromme sinulle, miten voit tarkistaa voittotulokset verkossa. N\u00e4yt\u00e4mme my\u00f6s, miten p\u00e4\u00e4set k\u00e4siksi voittoihisi, vaikka oletkin nettipelaaja.<\/p>\n<p>Muista, ett\u00e4 voit <a href=\"https:\/\/jackpotlotteryonline.com\/fi\/osta-lippuja\/powerball\">ostaa Powerballin voittokuponkeja<\/a> osoitteesta jackpotlotteryonline.com ja tarkistaa voittonumerot sielt\u00e4 samalla.<\/p>\n<h2>Miksi Powerball on niin suosittu<\/h2>\n<p><img loading=\"lazy\" decoding=\"async\" class=\"alignright size-full wp-image-29588\" src=\"http:\/\/jackpotlotteryonline.com\/wp-content\/uploads\/2022\/11\/1_results_powerball.jpg\" alt=\"osta helposti Powerball-lippuja\" width=\"300\" height=\"224\" \/>On useita syit\u00e4, miksi pelaajat suosivat Powerballia. Se on Yhdysvaltojen moniosavaltiolotto, mik\u00e4 tarkoittaa, ett\u00e4 lippuja myyd\u00e4\u00e4n useissa Yhdysvaltojen osavaltioissa. Niinp\u00e4 n\u00e4iss\u00e4 osavaltioissa asuvat voivat helposti ostaa Powerball-lippuja. Mutta eiv\u00e4t vain yhdysvaltalaiset lottoharrastajat osta merkint\u00f6j\u00e4 t\u00e4m\u00e4n lottovoiton toivossa. My\u00f6s vedonly\u00f6j\u00e4t ymp\u00e4ri maailmaa yritt\u00e4v\u00e4t innokkaasti ostaa voittavia Powerball-arpoja.<\/p>\n<p>Lokakuussa 2022 Powerballin j\u00e4ttipotti saavutti enn\u00e4tyksellisen 1 miljardin dollarin suuruisen summan, ja sen voitti yksi arvan haltija. Jo pelkk\u00e4 ajatus miljardin dollarin voitosta saa pelaajat kaikkialla innostumaan. Lis\u00e4ksi, vaikka Powerballin voiton todenn\u00e4k\u00f6isyys on melko korkea, pelaajat voittavat usein j\u00e4ttipotin.<\/p>\n<p>Powerballissa on j\u00e4lleen useita luokkia, joissa on mehukkaita palkintoja. Joten vaikka j\u00e4isitkin ilman p\u00e4\u00e4palkintoa, voit silti l\u00e4hte\u00e4 kotiin suuren voiton kanssa.<\/p>\n<h2>Powerballin pelaaminen ja voittaminen verkossa<\/h2>\n<p>Hauskinta <a href=\"https:\/\/jackpotlotteryonline.com\/fi\/kuinka-pelata\/powerball\">Powerballin pelaamisessa verkossa<\/a> on se, ett\u00e4 p\u00e4\u00e4set nopeasti mukaan t\u00e4h\u00e4n yhdysvaltalaiseen lottoon mist\u00e4 tahansa. Jos ostat voittokupongin osoitteesta jackpotlotteryonline.com, voit helposti valita voittonumerosi. Valitse vain 5 numeroa 1-69 ja 1 lis\u00e4numero 1-26.<\/p>\n<p>Kun olet valinnut voittonumerosi, seuraava vaihe on osallistua arvontaan. Powerballissa on kolme viikoittaista arvontakertaa, tiistaisin, torstaisin ja sunnuntaisin. Teemme sinulle helpoksi osallistua yhteen arvontaan tai useampaan arvontaan mieltymyksesi mukaan. Voit my\u00f6s osallistua arvontoihin useita viikkoja etuk\u00e4teen.<\/p>\n<p>Kun olet k\u00e4sitellyt maksusi, seuraava vaihe on odottaa arvontoja. Silloin voittonumerot ilmoitetaan ja voit todeta, oletko voittanut lotossa.<\/p>\n<section class=\"layout\" style=\"border: solid 1px; width: 100%;\">\n<div class=\"img-div\" style=\"margin-top: 5px;\"><img decoding=\"async\" class=\"wp-image-17212 alignleft\" style=\"height: 45px; margin: 8px 8px 0px;\" src=\"http:\/\/jackpotlotteryonline.com\/wp-content\/uploads\/2022\/11\/read1.jpg\" alt=\"lue\" width=\"\" height=\"\" \/><\/div>\n<div style=\"padding-left: 5px;\">\n<div style=\"font-size: 1.1em;\">\n<p><strong>Historialliset, enn\u00e4tykselliset lottoj\u00e4ttipotit<\/strong><\/p>\n<p style=\"font-size: 0.85em; margin-top: -1.5em;\">Historian suurimmat lottoj\u00e4ttipotit saavat p\u00e4\u00e4si py\u00f6r\u00e4lle. <a href=\"https:\/\/jackpotlotteryonline.com\/fi\/historian-suurimmat-lotto-jattipotit\">Lue lis\u00e4\u00e4<\/a><\/p>\n<\/div>\n<\/div>\n<\/section>\n<h2>Voittonumeroiden tarkistaminen<\/h2>\n<p><img loading=\"lazy\" decoding=\"async\" class=\"alignright size-full wp-image-30371\" src=\"http:\/\/jackpotlotteryonline.com\/wp-content\/uploads\/2022\/11\/1_winning_numbers_powerball.jpg\" alt=\"Powerballin pelaaminen netiss\u00e4\" width=\"300\" height=\"129\" \/>Koska pelaat Powerballia verkossa, et voi k\u00e4vell\u00e4 lottomyyj\u00e4lle tarkistamaan, onko sinulla voittokuponki. Paras tapa on siis tarkistaa se verkossa. Jos pelaat kanssamme, voit palata t\u00e4lle sivulle jokaisen arvonnan j\u00e4lkeen n\u00e4hd\u00e4ksesi voittonumerot.<\/p>\n<p>Mutta vaikka et tarkistaisi takaisin, voit tiet\u00e4\u00e4, oletko voittanut jonkin palkinnon. T\u00e4m\u00e4 johtuu siit\u00e4, ett\u00e4 sinun on rekister\u00f6idytt\u00e4v\u00e4 meille ostaaksesi Powerball-lipun. Syy t\u00e4h\u00e4n on se, ett\u00e4 voimme ilmoittaa sinulle heti, kun sinulla on voittolappu. Jos sinulla on voittokuponki, l\u00e4het\u00e4mme sinulle s\u00e4hk\u00f6postia, jossa ilmoitamme siit\u00e4. Se on oikeastaan niin yksinkertaista.<\/p>\n<h2>Voiton lunastaminen<\/h2>\n<p>Voittojesi lunastaminen on toinen seikka, joka voi huolestuttaa verkkopelaajia. Jos nimitt\u00e4in pelaat Powerballia verkossa, haluat olla varma, ett\u00e4 p\u00e4\u00e4set k\u00e4siksi voittoihisi. Jos pelaat Powerballia meid\u00e4n kanssamme, voittosi lunastaminen on helppoa. Olemme suunnitelleet j\u00e4rjestelm\u00e4mme siten, ett\u00e4 voit nostaa voittosi tilillesi.<\/p>\n<p>T\u00e4m\u00e4 on mahdollista alle 2 500 euron voitoille. Jos voitat yli t\u00e4m\u00e4n summan, autamme sinua t\u00e4ytt\u00e4m\u00e4\u00e4n korvaushakemuslomakkeen. Sinun on teht\u00e4v\u00e4 se lunastaaksesi voittosi suoraan lottoyhti\u00f6lt\u00e4.<\/p>\n<h2>Powerball-arpajaisten voittaminen<\/h2>\n<p>Powerball-arpajaisten voittaminen tarkoittaa, ett\u00e4 sinulla on arpa, joka vastaa arvottuja tuloksia. Jotta voisit n\u00e4hd\u00e4, miten uskomaton Powerball on, n\u00e4ytet\u00e4\u00e4n sinulle, mit\u00e4 voit voittaa muissa palkinnoissa.<\/p>\n<p>Divisioona 1: Match 5 + Powerball &#8211; Jackpotti<\/p>\n<p>Divisioona 2: Pelkk\u00e4 Match 5 &#8211; 1 miljoona dollaria<\/p>\n<p>Divisioona 3: Ottelu 4 + Powerball &#8211; 50 000 dollaria.<\/p>\n<p>Divisioona 4: Pelkk\u00e4 ottelu 4 &#8211; 100 dollaria<\/p>\n<p>Divisioona 5: Ottelu 3 + Powerball &#8211; 100 dollaria.<\/p>\n<p>Divisioona 6: Pelkk\u00e4 ottelu 3 &#8211; 7 dollaria<\/p>\n<p>Divisioona 7: Ottelu 2 + Powerball &#8211; 7 dollaria<\/p>\n<p>Divisioona 8: Ottelu 1 + Powerball &#8211; 4 dollaria<\/p>\n<p>Divisioona 9: Pelkk\u00e4 Powerball-ottelu &#8211; 4 dollaria.<\/p>\n<p>9 divisioonaa, lottovoitto on j\u00e4nnitt\u00e4v\u00e4 mahdollisuus pelaajille. Se tarkoittaa my\u00f6s sit\u00e4, ett\u00e4 mahdollisuudet voittaa palkinto ovat melko suuret. Sit\u00e4 paitsi, vaikka voittaisit toisen divisioonan, sinulla on hyv\u00e4t mahdollisuudet l\u00e4hte\u00e4 kotiin ison voiton kanssa.<\/p>\n<h2>Tarkista voittajatulokset t\u00e4\u00e4lt\u00e4<\/h2>\n<p>Seuraavan kerran, kun haluat pelata lottoa, \u00e4l\u00e4 mieti, mist\u00e4 voit tarkistaa voittotulokset. Jackpotlotteryonline.com-sivustolla teemme voittonumeroiden valinnan ja voittotulosten tarkistamisen helpoksi. Osta lippusi meilt\u00e4 ja me ilmoitamme sinulle, kun sinulla on voittava lippu.<\/p>\n<p>Muista, ett\u00e4 voit my\u00f6s nostaa voittosi sivustoltamme suoraan tilillesi. T\u00e4m\u00e4 helpottaa huomattavasti stressi\u00e4, joka sinulla olisi ollut lottopelaamisesta. Itse asiassa teemme ty\u00f6st\u00e4mme sen, ett\u00e4 tarjoamme asiakkaillemme saumattoman ja vaivattoman kokemuksen. N\u00e4in voit keskitty\u00e4 lottovoittoon huoletta.<\/p>\n","protected":false},"excerpt":{"rendered":"<p>Powerball on yhdysvaltalainen lotto, jossa on yksi kaikkien aikojen suurimmista j\u00e4ttipotista. Yhdysvaltain Powerball-arvonnan voittaminen on l\u00e4hes jokaisen veikkaajan perimm\u00e4inen unelma. Sen uskomattoman suurten j\u00e4ttipottien vuoksi, jotka joskus nousevat jopa miljardiin dollariin, pelaajat ymp\u00e4ri maailmaa ostavat Powerball-arpoja netist\u00e4. Jokaisella pelaajalla on suuria toiveita lottovoitosta. Lottokupongin ostaminen on kuitenkin yksi asia, ja voittonumeroiden tarkistaminen on toinen. Jotta [&hellip;]<\/p>\n","protected":false},"author":1,"featured_media":0,"parent":35824,"menu_order":1,"comment_status":"closed","ping_status":"closed","template":"powerball-usa-results.php","meta":{"_et_pb_use_builder":"","_et_pb_old_content":"","_et_gb_content_width":"","exclude_from_search":false,"footnotes":""},"class_list":["post-40478","page","type-page","status-publish","hentry"],"yoast_head":"<!-- This site is optimized with the Yoast SEO plugin v23.3 - https:\/\/yoast.com\/wordpress\/plugins\/seo\/ -->\n<title>Powerball voittonumerot ja arvontatulokset<\/title>\n<meta name=\"description\" content=\"Kaikki uusimmat Powerball USA:n arvontatulokset ja voittonumerot sek\u00e4 tulosarkisto yhdell\u00e4 sivustolla.\" \/>\n<meta name=\"robots\" content=\"index, follow, max-snippet:-1, max-image-preview:large, max-video-preview:-1\" \/>\n<link rel=\"canonical\" href=\"https:\/\/jackpotlotteryonline.com\/fi\/voittonumerot\/powerball\/\" \/>\n<meta property=\"og:locale\" content=\"fi_FI\" \/>\n<meta property=\"og:type\" content=\"article\" \/>\n<meta property=\"og:title\" content=\"Powerball voittonumerot ja arvontatulokset\" \/>\n<meta property=\"og:description\" content=\"Kaikki uusimmat Powerball USA:n arvontatulokset ja voittonumerot sek\u00e4 tulosarkisto yhdell\u00e4 sivustolla.\" \/>\n<meta property=\"og:url\" content=\"https:\/\/jackpotlotteryonline.com\/fi\/voittonumerot\/powerball\/\" \/>\n<meta property=\"og:site_name\" content=\"Lotto Online - Crack The International Lottery Jackpots\" \/>\n<meta property=\"article:modified_time\" content=\"2022-12-26T13:40:55+00:00\" \/>\n<meta property=\"og:image\" content=\"http:\/\/jackpotlotteryonline.com\/wp-content\/uploads\/2022\/11\/1_results_powerball.jpg\" \/>\n<meta name=\"twitter:card\" content=\"summary_large_image\" \/>\n<meta name=\"twitter:label1\" content=\"Arvioitu lukuaika\" \/>\n\t<meta name=\"twitter:data1\" content=\"4 minuuttia\" \/>\n<!-- \/ Yoast SEO plugin. -->","yoast_head_json":{"title":"Powerball voittonumerot ja arvontatulokset","description":"Kaikki uusimmat Powerball USA:n arvontatulokset ja voittonumerot sek\u00e4 tulosarkisto yhdell\u00e4 sivustolla.","robots":{"index":"index","follow":"follow","max-snippet":"max-snippet:-1","max-image-preview":"max-image-preview:large","max-video-preview":"max-video-preview:-1"},"canonical":"https:\/\/jackpotlotteryonline.com\/fi\/voittonumerot\/powerball\/","og_locale":"fi_FI","og_type":"article","og_title":"Powerball voittonumerot ja arvontatulokset","og_description":"Kaikki uusimmat Powerball USA:n arvontatulokset ja voittonumerot sek\u00e4 tulosarkisto yhdell\u00e4 sivustolla.","og_url":"https:\/\/jackpotlotteryonline.com\/fi\/voittonumerot\/powerball\/","og_site_name":"Lotto Online - Crack The International Lottery Jackpots","article_modified_time":"2022-12-26T13:40:55+00:00","og_image":[{"url":"http:\/\/jackpotlotteryonline.com\/wp-content\/uploads\/2022\/11\/1_results_powerball.jpg"}],"twitter_card":"summary_large_image","twitter_misc":{"Arvioitu lukuaika":"4 minuuttia"},"schema":{"@context":"https:\/\/schema.org","@graph":[{"@type":"WebPage","@id":"https:\/\/jackpotlotteryonline.com\/fi\/voittonumerot\/powerball\/","url":"https:\/\/jackpotlotteryonline.com\/fi\/voittonumerot\/powerball\/","name":"Powerball voittonumerot ja arvontatulokset","isPartOf":{"@id":"https:\/\/jackpotlotteryonline.com\/#website"},"primaryImageOfPage":{"@id":"https:\/\/jackpotlotteryonline.com\/fi\/voittonumerot\/powerball\/#primaryimage"},"image":{"@id":"https:\/\/jackpotlotteryonline.com\/fi\/voittonumerot\/powerball\/#primaryimage"},"thumbnailUrl":"http:\/\/jackpotlotteryonline.com\/wp-content\/uploads\/2022\/11\/1_results_powerball.jpg","datePublished":"2022-12-05T08:14:41+00:00","dateModified":"2022-12-26T13:40:55+00:00","description":"Kaikki uusimmat Powerball USA:n arvontatulokset ja voittonumerot sek\u00e4 tulosarkisto yhdell\u00e4 sivustolla.","breadcrumb":{"@id":"https:\/\/jackpotlotteryonline.com\/fi\/voittonumerot\/powerball\/#breadcrumb"},"inLanguage":"fi","potentialAction":[{"@type":"ReadAction","target":["https:\/\/jackpotlotteryonline.com\/fi\/voittonumerot\/powerball\/"]}]},{"@type":"ImageObject","inLanguage":"fi","@id":"https:\/\/jackpotlotteryonline.com\/fi\/voittonumerot\/powerball\/#primaryimage","url":"http:\/\/jackpotlotteryonline.com\/wp-content\/uploads\/2022\/11\/1_results_powerball.jpg","contentUrl":"http:\/\/jackpotlotteryonline.com\/wp-content\/uploads\/2022\/11\/1_results_powerball.jpg"},{"@type":"BreadcrumbList","@id":"https:\/\/jackpotlotteryonline.com\/fi\/voittonumerot\/powerball\/#breadcrumb","itemListElement":[{"@type":"ListItem","position":1,"name":"Home","item":"https:\/\/jackpotlotteryonline.com\/fi\/"},{"@type":"ListItem","position":2,"name":"Lottotulokset","item":"https:\/\/jackpotlotteryonline.com\/winning-numbers\/"},{"@type":"ListItem","position":3,"name":"Powerball-arvonnan tulokset"}]},{"@type":"WebSite","@id":"https:\/\/jackpotlotteryonline.com\/#website","url":"https:\/\/jackpotlotteryonline.com\/","name":"Lotto Online - Crack The International Lottery Jackpots","description":"","potentialAction":[{"@type":"SearchAction","target":{"@type":"EntryPoint","urlTemplate":"https:\/\/jackpotlotteryonline.com\/?s={search_term_string}"},"query-input":"required name=search_term_string"}],"inLanguage":"fi"}]}},"_links":{"self":[{"href":"https:\/\/jackpotlotteryonline.com\/fi\/wp-json\/wp\/v2\/pages\/40478","targetHints":{"allow":["GET"]}}],"collection":[{"href":"https:\/\/jackpotlotteryonline.com\/fi\/wp-json\/wp\/v2\/pages"}],"about":[{"href":"https:\/\/jackpotlotteryonline.com\/fi\/wp-json\/wp\/v2\/types\/page"}],"author":[{"embeddable":true,"href":"https:\/\/jackpotlotteryonline.com\/fi\/wp-json\/wp\/v2\/users\/1"}],"replies":[{"embeddable":true,"href":"https:\/\/jackpotlotteryonline.com\/fi\/wp-json\/wp\/v2\/comments?post=40478"}],"version-history":[{"count":0,"href":"https:\/\/jackpotlotteryonline.com\/fi\/wp-json\/wp\/v2\/pages\/40478\/revisions"}],"up":[{"embeddable":true,"href":"https:\/\/jackpotlotteryonline.com\/fi\/wp-json\/wp\/v2\/pages\/35824"}],"wp:attachment":[{"href":"https:\/\/jackpotlotteryonline.com\/fi\/wp-json\/wp\/v2\/media?parent=40478"}],"curies":[{"name":"wp","href":"https:\/\/api.w.org\/{rel}","templated":true}]}}