{"id":40530,"date":"2022-12-05T09:41:47","date_gmt":"2022-12-05T09:41:47","guid":{"rendered":"https:\/\/jackpotlotteryonline.com\/?page_id=40530"},"modified":"2022-12-26T19:45:28","modified_gmt":"2022-12-26T19:45:28","slug":"mega-millions","status":"publish","type":"page","link":"https:\/\/jackpotlotteryonline.com\/fi\/voittonumerot\/mega-millions\/","title":{"rendered":"Mega Millions arvonnan tulokset"},"content":{"rendered":"<p>Mega Millions tunnetaan megaj\u00e4ttipoteistaan, ja vedonly\u00f6j\u00e4t kaikkialla rakastavat ajatusta t\u00e4m\u00e4n loton voittamisesta. Mega Millionsin lottovoitto on amerikkalainen unelma ja miljoonat pelaajat tavoittelevat sit\u00e4. Onneksi pelaajilla ymp\u00e4ri maailmaa on nyt mahdollisuus voittaa Mega Millions -lotto ostamalla lippuja netist\u00e4. Jos mietit, miten se tehd\u00e4\u00e4n, meill\u00e4 on sinulle herkkua.<\/p>\n<p>Jos olet ensikertalainen pelaaja (tai vakiopelaaja), voit <a href=\"https:\/\/jackpotlotteryonline.com\/fi\/osta-lippuja\/mega-millions\">ostaa lippuja Mega Millioniin suoraan t\u00e4\u00e4lt\u00e4 sivustoltamme<\/a>. Eik\u00e4 vain sit\u00e4, vaan t\u00e4\u00e4ll\u00e4 jackpotlotteryonline.com-sivustolla annamme sinulle my\u00f6s mahdollisuuden voittaa useita kansainv\u00e4lisi\u00e4 huippulottoja. Jos siis haluat kokeilla voittaa lottoja Australiasta, Euroopasta tai Amerikasta, pysy meid\u00e4n kanssamme.<\/p>\n<section class=\"layout\" style=\"border: solid 1px; width: 100%;\">\n<div class=\"img-div\" style=\"margin-top: 5px;\"><img decoding=\"async\" class=\"wp-image-17212 alignleft\" style=\"height: 45px; margin: 8px 8px 0px;\" src=\"https:\/\/jackpotlotteryonline.com\/wp-content\/uploads\/2022\/11\/read1.jpg\" alt=\"lue\" width=\"\" height=\"\" \/><\/div>\n<div style=\"padding-left: 5px;\">\n<div style=\"font-size: 1.1em;\">\n<p><strong>Euroopan arpajaiset<\/strong><\/p>\n<p style=\"font-size: 0.85em; margin-top: -1.5em;\">Mitk\u00e4 eurooppalaiset lotot ovat parhaita?\u00a0<a href=\"https:\/\/jackpotlotteryonline.com\/fi\/mitka-eurooppalaiset-arpajaiset-ovat-parhaita\"> Lue lis\u00e4\u00e4<\/a><\/p>\n<\/div>\n<\/div>\n<\/section>\n<p>Ai niin, ja kerromme sinulle, miten p\u00e4\u00e4set k\u00e4siksi my\u00f6s Mega Millions -voittoihin. Ei ole mit\u00e4\u00e4n j\u00e4rke\u00e4 <a href=\"https:\/\/jackpotlotteryonline.com\/fi\/kuinka-pelata\/mega-millions\">pelata Mega Millionsia<\/a>, voittaa ja olla p\u00e4\u00e4sem\u00e4tt\u00e4 k\u00e4siksi voittoosi. Joten rentoudu ja jatka lukemista saadaksesi selville kaiken, mit\u00e4 sinun tarvitsee tiet\u00e4\u00e4 Mega Millionsin voittonumeroista.<\/p>\n<h2>Miten valita Mega Millionsin voittonumerot<\/h2>\n<p><img loading=\"lazy\" decoding=\"async\" class=\"alignright size-full wp-image-31073\" src=\"https:\/\/jackpotlotteryonline.com\/wp-content\/uploads\/2022\/11\/logo_Mega_Millions_233x110.png\" alt=\"osta mega millions lippu netist\u00e4\" width=\"232\" height=\"110\" \/>Jokainen, joka ostaa lottokupongin, toivoo, ett\u00e4 jotenkin h\u00e4n saa voittokupongin. Se on ihmisen luonnollinen vaisto. Tied\u00e4mme, ett\u00e4 todenn\u00e4k\u00f6isyys voi olla suuri, mutta jonkun on saatava voittokuponki. Ja se voit yht\u00e4 hyvin olla sin\u00e4, eik\u00f6 niin? Mutta miten se onnistuu? No, on olemassa joitakin temppuja, joita pelaajat k\u00e4ytt\u00e4v\u00e4t voittavien numeroiden valitsemiseen.<\/p>\n<p>Kerromme suoraan, ett\u00e4 ei ole mit\u00e4\u00e4n takuuvarmaa tapaa saada voittokuponki. Kyseess\u00e4 on onnenpeli, ja jokaisen pelaajan on vain koetettava onneaan. T\u00e4st\u00e4 huolimatta on olemassa keinoja, joilla voit auttaa itse\u00e4si tuntemaan itsesi onnekkaaksi. T\u00e4t\u00e4 varten valitsemasi voittonumerot ovat eritt\u00e4in t\u00e4rkeit\u00e4.<\/p>\n<p>Voit periaatteessa valita voittonumerot valitsemalla onnekkaita p\u00e4iv\u00e4m\u00e4\u00e4ri\u00e4. Jotkut ihmiset pit\u00e4v\u00e4t syntym\u00e4aikojaan onnekkaina. Sanotaan, ett\u00e4 jotkut ihmiset ovat syntyneet onnekkaan t\u00e4hden alla. Jos sinusta tuntuu, ett\u00e4 olet yksi heist\u00e4, saatat haluta k\u00e4ytt\u00e4\u00e4 koko syntym\u00e4aikasi tai osia siit\u00e4 lottokupongissasi. Jos et tunne itse\u00e4si niin onnekkaaksi, k\u00e4yt\u00e4 automaattista generaattoria satunnaisten voittonumeroiden valitsemiseen.<\/p>\n<h2>Mega Millionsin voittaminen verkossa<\/h2>\n<p>Pelis\u00e4\u00e4nn\u00f6t ovat samat riippumatta siit\u00e4, pelaatko verkossa vai offline. K\u00e4ymme kanssasi l\u00e4pi voittonumeroiden valitsemisen verkossa. Kun olet oppinut sen, et halua pelata lottoa mill\u00e4\u00e4n muulla tavalla. Siin\u00e4 on jotain uskomatonta, kun ei tarvitse menn\u00e4 minnek\u00e4\u00e4n ostamaan lottokuponkia. K\u00e4yt\u00e4 vain tietokonetta tai mobiililaitetta.<\/p>\n<p>Ensin s\u00e4\u00e4nn\u00f6t. Mega Millionsissa sinun on valittava 5 numeroa v\u00e4lilt\u00e4 1-70 ja Mega Ball v\u00e4lilt\u00e4 1-25. Kun olet valinnut voittoyhdistelm\u00e4n, voit osallistua arvontaan. Arvontap\u00e4iv\u00e4t ovat joka viikko tiistai ja perjantai. Voit osallistua yhteen arvontaan tai molempiin.<\/p>\n<p>Voit osallistua arvontoihin my\u00f6s useita viikkoja etuk\u00e4teen. Jos l\u00f6yd\u00e4t voittoyhdistelm\u00e4n, voitat paljon. Ennen kuin maksat osallistumismaksusi, pyyd\u00e4mme sinua rekister\u00f6itym\u00e4\u00e4n. N\u00e4in sinun on helpompi p\u00e4\u00e4st\u00e4 k\u00e4siksi voittoihin ja lunastaa ne. Mutta selit\u00e4mme sen my\u00f6hemmin, jatka vain lukemista.<\/p>\n<h2>Voittonumeroiden tarkistaminen<\/h2>\n<p>Mega Millionsin j\u00e4ttipotti alkaa 40 miljoonasta dollarista. Se on taattu v\u00e4himm\u00e4ism\u00e4\u00e4r\u00e4, eik\u00e4 j\u00e4ttipottipalkinto alita t\u00e4t\u00e4. Jos voittonumeroa ei l\u00f6ydy arvonnan j\u00e4lkeen, j\u00e4ttipotti siirtyy seuraavaan arvontaan. Se jatkuu, kunnes voittokuponki l\u00f6ytyy.<\/p>\n<p>Voit tarkistaa Mega Millions -loton voittotulokset palaamalla t\u00e4lle sivulle jokaisen arvonnan j\u00e4lkeen. N\u00e4in yksinkertaista se on. Julkaisemme jokaisen arvonnan voittotulokset t\u00e4ll\u00e4 sivulla, ja t\u00e4m\u00e4 koskee my\u00f6s muita palkintoluokkia. Kyll\u00e4, j\u00e4ttipotin voittaminen ei ole kaikki, mit\u00e4 voit voittaa Mega Millionsia pelatessasi.<\/p>\n<p>Jos voitat mink\u00e4 tahansa palkinnon, ilmoitamme siit\u00e4 sinulle v\u00e4litt\u00f6m\u00e4sti s\u00e4hk\u00f6postitse, jotta voit lunastaa voittosi.<\/p>\n<h2>Mega Millionsin palkintoluokat<\/h2>\n<p>Okei, tied\u00e4mme, ett\u00e4 olet luultavasti utelias muiden palkintojen voittamisesta, kun pelaat t\u00e4t\u00e4 lottoa. Me kaikki toivomme voittavamme lotossa, mutta kun t\u00e4ht\u00e4\u00e4t t\u00e4htiin, joskus osut taivaalle. Ja n\u00e4m\u00e4 palkinnot ovat aika mahtavia. T\u00e4ss\u00e4 on siis palkintojen jaottelu.<\/p>\n<p>Jaosto 1: 5 + Mega Ball &#8211; Jackpot-voitto<\/p>\n<p>Divisioona 2: 5 &#8211; 1 000 000 dollaria.<\/p>\n<p>Divisioona 3: 4 + Mega Ball &#8211; 10 000 dollaria.<\/p>\n<p>Divisioona 4: 4 &#8211; 500 dollaria<\/p>\n<p>Divisioona 5: 3 + Mega Ball &#8211; 200 dollaria.<\/p>\n<p>Divisioona 6: 3 &#8211; 10 dollaria<\/p>\n<p>Divisioona 7: 2 + Mega Ball &#8211; 10 dollaria<\/p>\n<p>Divisioona 8: 1 + Mega Ball &#8211; 4 dollaria.<\/p>\n<p>Divisioona 8: vain Mega Ball &#8211; 2 dollaria<\/p>\n<p>Toisen palkinnon voittaminen olisi my\u00f6s melko merkitt\u00e4v\u00e4\u00e4, eik\u00f6 totta? Niin mekin olemme sit\u00e4 mielt\u00e4.<\/p>\n<h2>Kuinka lunastaa palkintosi<\/h2>\n<p><img loading=\"lazy\" decoding=\"async\" class=\"alignright size-full wp-image-19115\" src=\"https:\/\/jackpotlotteryonline.com\/wp-content\/uploads\/2022\/10\/2_ticket_mega_millions3.jpg\" alt=\"mega millions lipun skannaus\" width=\"180\" height=\"193\" \/>On ihan hyv\u00e4 ja hyv\u00e4 pelata lottoa verkossa, mutta miten voit lunastaa voittosi? No, me hoidamme t\u00e4m\u00e4nkin asian. Jos ostit lottokupongin jackpotlotteryonline.com-sivustolta, p\u00e4\u00e4set helposti k\u00e4siksi voittoihisi. Kun olet kirjautunut tilillesi, voit yksinkertaisesti kotiuttaa voittosi alustaltamme pankkiisi.<\/p>\n<p>T\u00e4m\u00e4 vaivaton prosessi on t\u00e4rkein syy, miksi pyyd\u00e4mme asiakkaitamme rekister\u00f6itym\u00e4\u00e4n. Se tekee voiton kotiuttamisesta paljon helpompaa riippumatta siit\u00e4, miss\u00e4 asut.<\/p>\n<p>Huomaa, ett\u00e4 t\u00e4m\u00e4 koskee yleens\u00e4 alle 2 500 euron voittoja. Jos voittosi on yli 2 500 \u20ac, sinun on ehk\u00e4 otettava yhteytt\u00e4 suoraan lottoyhti\u00f6\u00f6n lunastaaksesi voittosi. Se ei kuitenkaan ole ongelma, sill\u00e4 me autamme sinua t\u00e4ytt\u00e4m\u00e4\u00e4n korvausvaatimuslomakkeen.<\/p>\n<h2>Miksi sinun pit\u00e4isi pelata lottoa osoitteessa jackpotlotteryonline.com<\/h2>\n<p>Kaikki, mit\u00e4 teemme jackpotlotteryonline.com-sivustolla, keskittyy siihen, ett\u00e4 saat fantastisen kokemuksen pelatessasi Mega Millionsia. El\u00e4m\u00e4ss\u00e4 on niin monia asioita, jotka ovat vaikeita, mutta lottovoiton ei pit\u00e4isi olla yksi niist\u00e4. Joten me huolehdimme kaikista niist\u00e4 \u00e4rsytt\u00e4vist\u00e4 pienist\u00e4 yksityiskohdista, jotta sin\u00e4 voit keskitty\u00e4 pit\u00e4m\u00e4\u00e4n hauskaa niin paljon kuin haluat.<\/p>\n<p>Enemm\u00e4nkin olemme concierge-sivusto. Se tarkoittaa, ett\u00e4 annamme asiakkaillemme mahdollisuuden voittaa lotossa. Et ly\u00f6 vetoa Mega Millionsin lopputuloksesta, kuten niin monilla lottosivustoilla on tapana. Me itse asiassa annamme asiakkaillemme p\u00e4\u00e4syn voittaviin kansainv\u00e4lisiin arpajaisiin, kuten Mega Millionsiin. Kun ostat lippuja sivustoltamme, jos sinulla on voittava lippu, voitat lotossa.<\/p>\n<p>Teemme asiakkaillemme helpoksi tarkistaa Mega Millionsin voittonumerot sek\u00e4 arvontahistorian. Arvontahistorian tarkistaminen auttaa pelaajia luomaan voittavan pelistrategiansa. Lopuksi, voittojen saaminen k\u00e4ytt\u00f6\u00f6n on yht\u00e4 helppoa kuin klikkaus. Nauti Mega Millions -arvonnasta jo t\u00e4n\u00e4\u00e4n rekister\u00f6itym\u00e4ll\u00e4 meille.<\/p>\n","protected":false},"excerpt":{"rendered":"<p>Mega Millions tunnetaan megaj\u00e4ttipoteistaan, ja vedonly\u00f6j\u00e4t kaikkialla rakastavat ajatusta t\u00e4m\u00e4n loton voittamisesta. Mega Millionsin lottovoitto on amerikkalainen unelma ja miljoonat pelaajat tavoittelevat sit\u00e4. Onneksi pelaajilla ymp\u00e4ri maailmaa on nyt mahdollisuus voittaa Mega Millions -lotto ostamalla lippuja netist\u00e4. Jos mietit, miten se tehd\u00e4\u00e4n, meill\u00e4 on sinulle herkkua. Jos olet ensikertalainen pelaaja (tai vakiopelaaja), voit ostaa lippuja [&hellip;]<\/p>\n","protected":false},"author":1,"featured_media":0,"parent":35824,"menu_order":2,"comment_status":"closed","ping_status":"closed","template":"megamillion-results.php","meta":{"_et_pb_use_builder":"","_et_pb_old_content":"","_et_gb_content_width":"","exclude_from_search":false,"footnotes":""},"class_list":["post-40530","page","type-page","status-publish","hentry"],"yoast_head":"<!-- This site is optimized with the Yoast SEO plugin v23.3 - https:\/\/yoast.com\/wordpress\/plugins\/seo\/ -->\n<title>Mega Millions voittonumerot ja arvonnan tulokset<\/title>\n<meta name=\"description\" content=\"L\u00f6yd\u00e4t t\u00e4m\u00e4n viikon ja sit\u00e4 vanhemmat Mega Millionsin arvontatulokset ja voittonumerot t\u00e4\u00e4lt\u00e4 sivustoltamme.\" \/>\n<meta name=\"robots\" content=\"index, follow, max-snippet:-1, max-image-preview:large, max-video-preview:-1\" \/>\n<link rel=\"canonical\" href=\"https:\/\/jackpotlotteryonline.com\/fi\/voittonumerot\/mega-millions\/\" \/>\n<meta property=\"og:locale\" content=\"fi_FI\" \/>\n<meta property=\"og:type\" content=\"article\" \/>\n<meta property=\"og:title\" content=\"Mega Millions voittonumerot ja arvonnan tulokset\" \/>\n<meta property=\"og:description\" content=\"L\u00f6yd\u00e4t t\u00e4m\u00e4n viikon ja sit\u00e4 vanhemmat Mega Millionsin arvontatulokset ja voittonumerot t\u00e4\u00e4lt\u00e4 sivustoltamme.\" \/>\n<meta property=\"og:url\" content=\"https:\/\/jackpotlotteryonline.com\/fi\/voittonumerot\/mega-millions\/\" \/>\n<meta property=\"og:site_name\" content=\"Lotto Online - Crack The International Lottery Jackpots\" \/>\n<meta property=\"article:modified_time\" content=\"2022-12-26T19:45:28+00:00\" \/>\n<meta property=\"og:image\" content=\"https:\/\/jackpotlotteryonline.com\/wp-content\/uploads\/2022\/11\/read1.jpg\" \/>\n<meta name=\"twitter:card\" content=\"summary_large_image\" \/>\n<meta name=\"twitter:label1\" content=\"Arvioitu lukuaika\" \/>\n\t<meta name=\"twitter:data1\" content=\"5 minuuttia\" \/>\n<!-- \/ Yoast SEO plugin. -->","yoast_head_json":{"title":"Mega Millions voittonumerot ja arvonnan tulokset","description":"L\u00f6yd\u00e4t t\u00e4m\u00e4n viikon ja sit\u00e4 vanhemmat Mega Millionsin arvontatulokset ja voittonumerot t\u00e4\u00e4lt\u00e4 sivustoltamme.","robots":{"index":"index","follow":"follow","max-snippet":"max-snippet:-1","max-image-preview":"max-image-preview:large","max-video-preview":"max-video-preview:-1"},"canonical":"https:\/\/jackpotlotteryonline.com\/fi\/voittonumerot\/mega-millions\/","og_locale":"fi_FI","og_type":"article","og_title":"Mega Millions voittonumerot ja arvonnan tulokset","og_description":"L\u00f6yd\u00e4t t\u00e4m\u00e4n viikon ja sit\u00e4 vanhemmat Mega Millionsin arvontatulokset ja voittonumerot t\u00e4\u00e4lt\u00e4 sivustoltamme.","og_url":"https:\/\/jackpotlotteryonline.com\/fi\/voittonumerot\/mega-millions\/","og_site_name":"Lotto Online - Crack The International Lottery Jackpots","article_modified_time":"2022-12-26T19:45:28+00:00","og_image":[{"url":"https:\/\/jackpotlotteryonline.com\/wp-content\/uploads\/2022\/11\/read1.jpg"}],"twitter_card":"summary_large_image","twitter_misc":{"Arvioitu lukuaika":"5 minuuttia"},"schema":{"@context":"https:\/\/schema.org","@graph":[{"@type":"WebPage","@id":"https:\/\/jackpotlotteryonline.com\/fi\/voittonumerot\/mega-millions\/","url":"https:\/\/jackpotlotteryonline.com\/fi\/voittonumerot\/mega-millions\/","name":"Mega Millions voittonumerot ja arvonnan tulokset","isPartOf":{"@id":"https:\/\/jackpotlotteryonline.com\/#website"},"primaryImageOfPage":{"@id":"https:\/\/jackpotlotteryonline.com\/fi\/voittonumerot\/mega-millions\/#primaryimage"},"image":{"@id":"https:\/\/jackpotlotteryonline.com\/fi\/voittonumerot\/mega-millions\/#primaryimage"},"thumbnailUrl":"https:\/\/jackpotlotteryonline.com\/wp-content\/uploads\/2022\/11\/read1.jpg","datePublished":"2022-12-05T09:41:47+00:00","dateModified":"2022-12-26T19:45:28+00:00","description":"L\u00f6yd\u00e4t t\u00e4m\u00e4n viikon ja sit\u00e4 vanhemmat Mega Millionsin arvontatulokset ja voittonumerot t\u00e4\u00e4lt\u00e4 sivustoltamme.","breadcrumb":{"@id":"https:\/\/jackpotlotteryonline.com\/fi\/voittonumerot\/mega-millions\/#breadcrumb"},"inLanguage":"fi","potentialAction":[{"@type":"ReadAction","target":["https:\/\/jackpotlotteryonline.com\/fi\/voittonumerot\/mega-millions\/"]}]},{"@type":"ImageObject","inLanguage":"fi","@id":"https:\/\/jackpotlotteryonline.com\/fi\/voittonumerot\/mega-millions\/#primaryimage","url":"https:\/\/jackpotlotteryonline.com\/wp-content\/uploads\/2022\/11\/read1.jpg","contentUrl":"https:\/\/jackpotlotteryonline.com\/wp-content\/uploads\/2022\/11\/read1.jpg"},{"@type":"BreadcrumbList","@id":"https:\/\/jackpotlotteryonline.com\/fi\/voittonumerot\/mega-millions\/#breadcrumb","itemListElement":[{"@type":"ListItem","position":1,"name":"Home","item":"https:\/\/jackpotlotteryonline.com\/fi\/"},{"@type":"ListItem","position":2,"name":"Lottotulokset","item":"https:\/\/jackpotlotteryonline.com\/winning-numbers\/"},{"@type":"ListItem","position":3,"name":"Mega Millions arvonnan tulokset"}]},{"@type":"WebSite","@id":"https:\/\/jackpotlotteryonline.com\/#website","url":"https:\/\/jackpotlotteryonline.com\/","name":"Lotto Online - Crack The International Lottery Jackpots","description":"","potentialAction":[{"@type":"SearchAction","target":{"@type":"EntryPoint","urlTemplate":"https:\/\/jackpotlotteryonline.com\/?s={search_term_string}"},"query-input":"required name=search_term_string"}],"inLanguage":"fi"}]}},"_links":{"self":[{"href":"https:\/\/jackpotlotteryonline.com\/fi\/wp-json\/wp\/v2\/pages\/40530","targetHints":{"allow":["GET"]}}],"collection":[{"href":"https:\/\/jackpotlotteryonline.com\/fi\/wp-json\/wp\/v2\/pages"}],"about":[{"href":"https:\/\/jackpotlotteryonline.com\/fi\/wp-json\/wp\/v2\/types\/page"}],"author":[{"embeddable":true,"href":"https:\/\/jackpotlotteryonline.com\/fi\/wp-json\/wp\/v2\/users\/1"}],"replies":[{"embeddable":true,"href":"https:\/\/jackpotlotteryonline.com\/fi\/wp-json\/wp\/v2\/comments?post=40530"}],"version-history":[{"count":0,"href":"https:\/\/jackpotlotteryonline.com\/fi\/wp-json\/wp\/v2\/pages\/40530\/revisions"}],"up":[{"embeddable":true,"href":"https:\/\/jackpotlotteryonline.com\/fi\/wp-json\/wp\/v2\/pages\/35824"}],"wp:attachment":[{"href":"https:\/\/jackpotlotteryonline.com\/fi\/wp-json\/wp\/v2\/media?parent=40530"}],"curies":[{"name":"wp","href":"https:\/\/api.w.org\/{rel}","templated":true}]}}