{"id":40584,"date":"2022-12-05T12:46:42","date_gmt":"2022-12-05T12:46:42","guid":{"rendered":"https:\/\/jackpotlotteryonline.com\/?page_id=40584"},"modified":"2022-12-27T08:01:54","modified_gmt":"2022-12-27T08:01:54","slug":"euromillions","status":"publish","type":"page","link":"https:\/\/jackpotlotteryonline.com\/fi\/voittonumerot\/euromillions\/","title":{"rendered":"Euromillions-arvonnan tulokset"},"content":{"rendered":"<p>Lottokuponkeja ostavat pelaajat ovat usein huolissaan siit\u00e4, ett\u00e4 he j\u00e4\u00e4v\u00e4t paitsi lottovoitoistaan. T\u00e4m\u00e4 johtuu siit\u00e4, ett\u00e4 ihmiset ovat huolimattomia ja arpalippuja katoaa; ilman arpalippuasi et voi lunastaa voittoasi. Mutta kun pelaat lottoa verkossa, sinun ei tarvitse koskaan huolehtia kadonneista lipuista, koska kaikki on digitaalista. Voittonumeroiden tarkistaminen voi kuitenkin silti olla ongelma, jos et tied\u00e4, mit\u00e4 tehd\u00e4. Ja siksi me olemme t\u00e4\u00e4ll\u00e4.<\/p>\n<p>Me jackpotlotteryonline.com-sivustolla annamme pelaajille p\u00e4\u00e4syn kansainv\u00e4lisiin huippulottoihin verkossa. Teemme my\u00f6s sen, ett\u00e4 sinun on helppo ostaa lottokuponkeja ja tarkistaa Euromillionsin voittonumerot miss\u00e4 tahansa oletkin.<\/p>\n<h2>Miten voittaa j\u00e4ttipotti?<\/h2>\n<p><img loading=\"lazy\" decoding=\"async\" class=\"alignright size-full wp-image-31019\" src=\"https:\/\/jackpotlotteryonline.com\/wp-content\/uploads\/2022\/11\/euromillions.png\" alt=\"voittaa Euromillions\" width=\"200\" height=\"212\" \/>T\u00e4m\u00e4 on olennainen kysymys, sill\u00e4 jokainen lottoa pelaava haluaisi tiet\u00e4\u00e4, mit\u00e4 voittamiseen vaaditaan. Yksinkertainen vastaus on, ett\u00e4 voittaakseen lotossa pelaajan on vain osuttava arvottuihin numeroihin. Tietenkin me kaikki tied\u00e4mme, ett\u00e4 se ei ole niin yksinkertaista. Lotto riippuu paljon tuurista.<\/p>\n<p>Euromillionsissa pelaajan on valittava 5 numeroa v\u00e4lill\u00e4 1-70 ja 2 Lucky Stars -numeroa. Se, joka vastaa kaikkia 7 arvottua numeroa, voittaa lotossa.<\/p>\n<p>Voit tarkistaa aiemmat yhdistelm\u00e4t t\u00e4\u00e4lt\u00e4 saadaksesi selville, mit\u00e4 numeroita esiintyy eniten tai v\u00e4hiten. T\u00e4m\u00e4 voi auttaa sinua suunnittelemaan voittostrategiaasi Euroopan lottoa varten.<\/p>\n<h2>Miten voittaja tarkistetaan<\/h2>\n<p>Voit tarkistaa lottovoittajan verkossa useilla eri tavoilla. Ongelmana mink\u00e4 tahansa satunnaisen sivuston tarkistamisessa on kuitenkin se, ett\u00e4 et v\u00e4ltt\u00e4m\u00e4tt\u00e4 saa tarkkoja tietoja. Jos tarkistat my\u00f6s uutissivustoilta, saatat saada selville vain j\u00e4ttipotin voittaneen yhdistelm\u00e4n.<\/p>\n<p>Euroopan lotossa on useita palkintoluokkia, ja vaikka et voittaisikaan p\u00e4\u00e4palkintoa, voit silti l\u00e4hte\u00e4 kotiin hyv\u00e4n summan kanssa. On siis t\u00e4rke\u00e4\u00e4 tarkistaa, ett\u00e4 lippusi vastaa muita palkintoluokkia.<\/p>\n<p>Jos <a href=\"https:\/\/jackpotlotteryonline.com\/fi\/osta-lippuja\/euromillions\">ostat lottokupongin<\/a> jackpotlotteryonline.com-sivustolta, l\u00e4het\u00e4mme sinulle s\u00e4hk\u00f6postia heti, kun olet voittanut palkinnon. Sinun ei siis tarvitse huolehtia palkintojesi menett\u00e4misest\u00e4.<\/p>\n<h2>P\u00e4\u00e4set k\u00e4siksi voittoosi<\/h2>\n<p>Koska <a href=\"https:\/\/jackpotlotteryonline.com\/fi\/kuinka-pelata\/euromillions\">pelaat lottoa verkossa<\/a>, on luonnollista mietti\u00e4, mit\u00e4 tapahtuu, kun voitat palkinnon. Jos pelaat kanssamme, voiton saaminen on yht\u00e4 helppoa kuin arvan ostaminen. T\u00e4ll\u00e4 tarkoitamme sit\u00e4, ett\u00e4 voit helposti nostaa voittosi sivustollamme. Ei vaivaa eik\u00e4 komplikaatioita.<\/p>\n<p>Jos voitat j\u00e4ttipotin tai summan, joka on suurempi kuin 2500 euroa, saatat joutua t\u00e4ytt\u00e4m\u00e4\u00e4n korvausvaatimuslomakkeen. Mutta \u00e4l\u00e4 huoli, se ei ole monimutkainen prosessi, ja me opastamme sinut sen l\u00e4pi.<\/p>\n<section class=\"layout\" style=\"border: solid 1px; width: 100%;\">\n<div class=\"img-div\" style=\"margin-top: 5px;\"><img decoding=\"async\" class=\"wp-image-17212 alignleft\" style=\"height: 45px; margin: 8px 8px 0px;\" src=\"https:\/\/jackpotlotteryonline.com\/wp-content\/uploads\/2022\/11\/read1.jpg\" alt=\"lue\" width=\"\" height=\"\" \/><\/div>\n<div style=\"padding-left: 5px;\">\n<div style=\"font-size: 1.1em;\">\n<p><strong>Miten saan maksun, jos voitan lottovoiton verkossa?<\/strong><\/p>\n<p style=\"font-size: 0.85em; margin-top: -1.5em;\">N\u00e4in saat rahasi, jos voitat lottovoiton verkossa <a href=\"https:\/\/jackpotlotteryonline.com\/fi\/miten-minulle-maksetaan-jos-voitan-lotossa-verkossa\">\u00a0Lue lis\u00e4\u00e4<\/a><\/p>\n<\/div>\n<\/div>\n<\/section>\n<h2>Tarkista Euromillions-voittonumerosi t\u00e4n\u00e4\u00e4n<\/h2>\n<p>Olemme tehneet kovasti t\u00f6it\u00e4 luodaksemme pelaajillemme turvallisen verkkoymp\u00e4rist\u00f6n. Tarjoamme kaiken, mit\u00e4 tarvitset lottopelaamiseen k\u00e4tev\u00e4sti. Meid\u00e4n avullamme saat p\u00e4\u00e4syn kansainv\u00e4lisiin huippulottoihin ja voit osallistua useisiin arvontoihin etuk\u00e4teen. Sen lis\u00e4ksi voit helposti tarkistaa arvonnat t\u00e4\u00e4ll\u00e4 ja nostaa voittosi.<\/p>\n","protected":false},"excerpt":{"rendered":"<p>Lottokuponkeja ostavat pelaajat ovat usein huolissaan siit\u00e4, ett\u00e4 he j\u00e4\u00e4v\u00e4t paitsi lottovoitoistaan. T\u00e4m\u00e4 johtuu siit\u00e4, ett\u00e4 ihmiset ovat huolimattomia ja arpalippuja katoaa; ilman arpalippuasi et voi lunastaa voittoasi. Mutta kun pelaat lottoa verkossa, sinun ei tarvitse koskaan huolehtia kadonneista lipuista, koska kaikki on digitaalista. Voittonumeroiden tarkistaminen voi kuitenkin silti olla ongelma, jos et tied\u00e4, mit\u00e4 [&hellip;]<\/p>\n","protected":false},"author":1,"featured_media":0,"parent":35824,"menu_order":3,"comment_status":"closed","ping_status":"closed","template":"euromillions-results.php","meta":{"_et_pb_use_builder":"","_et_pb_old_content":"","_et_gb_content_width":"","exclude_from_search":false,"footnotes":""},"class_list":["post-40584","page","type-page","status-publish","hentry"],"yoast_head":"<!-- This site is optimized with the Yoast SEO plugin v23.3 - https:\/\/yoast.com\/wordpress\/plugins\/seo\/ -->\n<title>Euromillionsin voittonumerot ja arvontatulokset<\/title>\n<meta name=\"description\" content=\"Euromillionsin arvontatulokset - viimeisimm\u00e4n arvonnan voittonumerot sek\u00e4 arkisto aiemmista tuloksista.\" \/>\n<meta name=\"robots\" content=\"index, follow, max-snippet:-1, max-image-preview:large, max-video-preview:-1\" \/>\n<link rel=\"canonical\" href=\"https:\/\/jackpotlotteryonline.com\/fi\/voittonumerot\/euromillions\/\" \/>\n<meta property=\"og:locale\" content=\"fi_FI\" \/>\n<meta property=\"og:type\" content=\"article\" \/>\n<meta property=\"og:title\" content=\"Euromillionsin voittonumerot ja arvontatulokset\" \/>\n<meta property=\"og:description\" content=\"Euromillionsin arvontatulokset - viimeisimm\u00e4n arvonnan voittonumerot sek\u00e4 arkisto aiemmista tuloksista.\" \/>\n<meta property=\"og:url\" content=\"https:\/\/jackpotlotteryonline.com\/fi\/voittonumerot\/euromillions\/\" \/>\n<meta property=\"og:site_name\" content=\"Lotto Online - Crack The International Lottery Jackpots\" \/>\n<meta property=\"article:modified_time\" content=\"2022-12-27T08:01:54+00:00\" \/>\n<meta property=\"og:image\" content=\"https:\/\/jackpotlotteryonline.com\/wp-content\/uploads\/2022\/11\/euromillions.png\" \/>\n<meta name=\"twitter:card\" content=\"summary_large_image\" \/>\n<meta name=\"twitter:label1\" content=\"Arvioitu lukuaika\" \/>\n\t<meta name=\"twitter:data1\" content=\"3 minuuttia\" \/>\n<!-- \/ Yoast SEO plugin. -->","yoast_head_json":{"title":"Euromillionsin voittonumerot ja arvontatulokset","description":"Euromillionsin arvontatulokset - viimeisimm\u00e4n arvonnan voittonumerot sek\u00e4 arkisto aiemmista tuloksista.","robots":{"index":"index","follow":"follow","max-snippet":"max-snippet:-1","max-image-preview":"max-image-preview:large","max-video-preview":"max-video-preview:-1"},"canonical":"https:\/\/jackpotlotteryonline.com\/fi\/voittonumerot\/euromillions\/","og_locale":"fi_FI","og_type":"article","og_title":"Euromillionsin voittonumerot ja arvontatulokset","og_description":"Euromillionsin arvontatulokset - viimeisimm\u00e4n arvonnan voittonumerot sek\u00e4 arkisto aiemmista tuloksista.","og_url":"https:\/\/jackpotlotteryonline.com\/fi\/voittonumerot\/euromillions\/","og_site_name":"Lotto Online - Crack The International Lottery Jackpots","article_modified_time":"2022-12-27T08:01:54+00:00","og_image":[{"url":"https:\/\/jackpotlotteryonline.com\/wp-content\/uploads\/2022\/11\/euromillions.png"}],"twitter_card":"summary_large_image","twitter_misc":{"Arvioitu lukuaika":"3 minuuttia"},"schema":{"@context":"https:\/\/schema.org","@graph":[{"@type":"WebPage","@id":"https:\/\/jackpotlotteryonline.com\/fi\/voittonumerot\/euromillions\/","url":"https:\/\/jackpotlotteryonline.com\/fi\/voittonumerot\/euromillions\/","name":"Euromillionsin voittonumerot ja arvontatulokset","isPartOf":{"@id":"https:\/\/jackpotlotteryonline.com\/#website"},"primaryImageOfPage":{"@id":"https:\/\/jackpotlotteryonline.com\/fi\/voittonumerot\/euromillions\/#primaryimage"},"image":{"@id":"https:\/\/jackpotlotteryonline.com\/fi\/voittonumerot\/euromillions\/#primaryimage"},"thumbnailUrl":"https:\/\/jackpotlotteryonline.com\/wp-content\/uploads\/2022\/11\/euromillions.png","datePublished":"2022-12-05T12:46:42+00:00","dateModified":"2022-12-27T08:01:54+00:00","description":"Euromillionsin arvontatulokset - viimeisimm\u00e4n arvonnan voittonumerot sek\u00e4 arkisto aiemmista tuloksista.","breadcrumb":{"@id":"https:\/\/jackpotlotteryonline.com\/fi\/voittonumerot\/euromillions\/#breadcrumb"},"inLanguage":"fi","potentialAction":[{"@type":"ReadAction","target":["https:\/\/jackpotlotteryonline.com\/fi\/voittonumerot\/euromillions\/"]}]},{"@type":"ImageObject","inLanguage":"fi","@id":"https:\/\/jackpotlotteryonline.com\/fi\/voittonumerot\/euromillions\/#primaryimage","url":"https:\/\/jackpotlotteryonline.com\/wp-content\/uploads\/2022\/11\/euromillions.png","contentUrl":"https:\/\/jackpotlotteryonline.com\/wp-content\/uploads\/2022\/11\/euromillions.png"},{"@type":"BreadcrumbList","@id":"https:\/\/jackpotlotteryonline.com\/fi\/voittonumerot\/euromillions\/#breadcrumb","itemListElement":[{"@type":"ListItem","position":1,"name":"Home","item":"https:\/\/jackpotlotteryonline.com\/fi\/"},{"@type":"ListItem","position":2,"name":"Lottotulokset","item":"https:\/\/jackpotlotteryonline.com\/winning-numbers\/"},{"@type":"ListItem","position":3,"name":"Euromillions-arvonnan tulokset"}]},{"@type":"WebSite","@id":"https:\/\/jackpotlotteryonline.com\/#website","url":"https:\/\/jackpotlotteryonline.com\/","name":"Lotto Online - Crack The International Lottery Jackpots","description":"","potentialAction":[{"@type":"SearchAction","target":{"@type":"EntryPoint","urlTemplate":"https:\/\/jackpotlotteryonline.com\/?s={search_term_string}"},"query-input":"required name=search_term_string"}],"inLanguage":"fi"}]}},"_links":{"self":[{"href":"https:\/\/jackpotlotteryonline.com\/fi\/wp-json\/wp\/v2\/pages\/40584","targetHints":{"allow":["GET"]}}],"collection":[{"href":"https:\/\/jackpotlotteryonline.com\/fi\/wp-json\/wp\/v2\/pages"}],"about":[{"href":"https:\/\/jackpotlotteryonline.com\/fi\/wp-json\/wp\/v2\/types\/page"}],"author":[{"embeddable":true,"href":"https:\/\/jackpotlotteryonline.com\/fi\/wp-json\/wp\/v2\/users\/1"}],"replies":[{"embeddable":true,"href":"https:\/\/jackpotlotteryonline.com\/fi\/wp-json\/wp\/v2\/comments?post=40584"}],"version-history":[{"count":0,"href":"https:\/\/jackpotlotteryonline.com\/fi\/wp-json\/wp\/v2\/pages\/40584\/revisions"}],"up":[{"embeddable":true,"href":"https:\/\/jackpotlotteryonline.com\/fi\/wp-json\/wp\/v2\/pages\/35824"}],"wp:attachment":[{"href":"https:\/\/jackpotlotteryonline.com\/fi\/wp-json\/wp\/v2\/media?parent=40584"}],"curies":[{"name":"wp","href":"https:\/\/api.w.org\/{rel}","templated":true}]}}