{"id":40639,"date":"2022-12-06T06:14:50","date_gmt":"2022-12-06T06:14:50","guid":{"rendered":"https:\/\/jackpotlotteryonline.com\/?page_id=40639"},"modified":"2022-12-28T07:59:29","modified_gmt":"2022-12-28T07:59:29","slug":"eurojackpot","status":"publish","type":"page","link":"https:\/\/jackpotlotteryonline.com\/fi\/voittonumerot\/eurojackpot\/","title":{"rendered":"Eurojackpot-arvonnan tulokset"},"content":{"rendered":"<p>Miten voit tarkistaa Eurojackpot-arvonnan voittonumerot? Koska kyseess\u00e4 on yksi Euroopan suosituimmista lotoista, vedonly\u00f6j\u00e4t kaikkialla odottavat innokkaasti mahdollisuutta voittaa suuria summia. Jos asut Euroopan ulkopuolella, voit my\u00f6s ostaa arpoja lottoon ja tarkistaa arvontatulokset verkossa.<\/p>\n<p>Kun vierailet osoitteessa jackpotlotteryonline.com, p\u00e4\u00e4set k\u00e4siksi kansainv\u00e4lisiin huippulottoihin maailmanlaajuisesti. Tarjoamme yksinkertaisen ja k\u00e4tev\u00e4n tavan pelata lottoa ja tarkistaa arvontatulokset yhdess\u00e4 paikassa.<\/p>\n<h2>Mik\u00e4 on voittoyhdistelm\u00e4?<\/h2>\n<p><img loading=\"lazy\" decoding=\"async\" class=\"size-full wp-image-28751 alignright\" src=\"https:\/\/jackpotlotteryonline.com\/wp-content\/uploads\/2022\/11\/1_online_ticket_eurojackpot.jpg\" alt=\"Eurojackpotin voittoyhdistelm\u00e4t\" width=\"300\" height=\"210\" \/>Useimmat ihmiset <a href=\"https:\/\/jackpotlotteryonline.com\/fi\/kuinka-pelata\/eurojackpot\">pelaavat lottoa<\/a> saadakseen mahdollisuuden voittaa suuria summia, ja vedonly\u00f6j\u00e4t rakastavat erityisesti Eurojackpotia useista syist\u00e4. Yksi niist\u00e4 on suuri mahdollisuus voittaa. T\u00e4m\u00e4 arpajaiset ovat tuottaneet paljon miljon\u00e4\u00e4rej\u00e4 siit\u00e4 l\u00e4htien, kun se lanseerattiin.<\/p>\n<p>Periaatteessa voittaja on arpa, joka vastaa arvottuja numeroita. Jos pelaat verkossa, sinun on valittava 5 numeroa v\u00e4lilt\u00e4 1-50 ja 2 muuta numeroa v\u00e4lilt\u00e4 1-12. Se, joka vastaa seitsem\u00e4\u00e4 arvottua numeroa, voittaa j\u00e4ttipotin.<\/p>\n<p>Kun valitset numeroita, voit valita joko sinulle erityisi\u00e4 numeroita tai satunnaisia numeroita. Jotkut pelaajat k\u00e4ytt\u00e4v\u00e4t mieluummin automaattigeneraattoriamme satunnaisvalintaan. T\u00e4rkeint\u00e4 on hankkia lippusi ennen arvontoja.<\/p>\n<h2>Miten tarkistaa arvontatulokset<\/h2>\n<p>T\u00e4ss\u00e4 Eurooppa-lotossa on kaksi arvontap\u00e4iv\u00e4\u00e4, tiistaina ja perjantaina joka viikko. Arvontatulokset ilmoitetaan usein suorassa l\u00e4hetyksess\u00e4. live-arvontojen odottaminen voi kuitenkin olla hieman hankalaa. Etenkin, jos se sattuu esimerkiksi t\u00e4rke\u00e4n tilaisuuden tai ty\u00f6si kanssa samaan aikaan. Siksi lottopelaaminen kanssamme on loistava vaihtoehto.<\/p>\n<p>Kun pelaat kanssamme, sinun tarvitsee vain tarkistaa arvontatulokset. T\u00e4m\u00e4 johtuu siit\u00e4, ett\u00e4 julkaisemme arvontatulokset t\u00e4\u00e4ll\u00e4 sivustollamme.<\/p>\n<p>Lis\u00e4ksi, jos voitat palkinnon, ilmoitamme siit\u00e4 heti voiton saatuasi s\u00e4hk\u00f6postitse. Ja kun kirjaudut tilillesi alustallamme, saat h\u00e4lytyksen. Lottopelaaminen on entist\u00e4kin helpompaa ja k\u00e4tev\u00e4mp\u00e4\u00e4, kun ostat arpasi meilt\u00e4.<\/p>\n<h2>Mit\u00e4 tehd\u00e4, kun voitat<\/h2>\n<p>Rakastamme sit\u00e4, kun asiakkaamme voittavat lotossa, sill\u00e4 siksi olemme t\u00e4\u00e4ll\u00e4 alun perin. Antaaksemme pelaajille kaikkialla maailmassa p\u00e4\u00e4syn kansainv\u00e4lisiin huippulottoihin k\u00e4tev\u00e4sti tietokoneen tai mobiililaitteen kautta.<\/p>\n<p>Jos siis voitat palkinnon, emme ainoastaan ilmoita siit\u00e4 sinulle, vaan voit my\u00f6s helposti nostaa voittosi alustaltamme. Aivan oikein. Sinun ei tarvitse menn\u00e4 minnek\u00e4\u00e4n saadaksesi lottovoittosi, vaan voit vain nostaa sen suoraan tilillesi.<\/p>\n<p>Meid\u00e4n on kuitenkin mainittava, ett\u00e4 kun voitto ylitt\u00e4\u00e4 tietyn summan, saatat joutua t\u00e4ytt\u00e4m\u00e4\u00e4n vaatimuslomakkeen. T\u00e4m\u00e4 auttaa sinua saamaan voittosi lottoyhti\u00f6lt\u00e4. Mutta me olemme t\u00e4\u00e4ll\u00e4 auttamassa sinua ja tekem\u00e4ss\u00e4 prosessista mahdollisimman helpon ja suoraviivaisen.<\/p>\n<section class=\"layout\" style=\"border: solid 1px; width: 100%;\">\n<div class=\"img-div\" style=\"margin-top: 5px;\"><img decoding=\"async\" class=\"wp-image-17212 alignleft\" style=\"height: 45px; margin: 8px 8px 0px;\" src=\"https:\/\/jackpotlotteryonline.com\/wp-content\/uploads\/2022\/11\/read1.jpg\" alt=\"lue\" width=\"\" height=\"\" \/><\/div>\n<div style=\"padding-left: 5px;\">\n<div style=\"font-size: 1.1em;\">\n<p><strong>Miten saan maksun, jos voitan lottovoiton verkossa?<\/strong><\/p>\n<p style=\"font-size: 0.85em; margin-top: -1.5em;\">N\u00e4in saat rahasi, jos voitat lottovoiton verkossa.\u00a0<a href=\"https:\/\/jackpotlotteryonline.com\/fi\/miten-minulle-maksetaan-jos-voitan-lotossa-verkossa\"> Lue lis\u00e4\u00e4<\/a><\/p>\n<\/div>\n<\/div>\n<\/section>\n<h2>Tarkista Eurojackpot-voitonumerosi t\u00e4\u00e4lt\u00e4<\/h2>\n<p><a href=\"https:\/\/jackpotlotteryonline.com\/fi\/osta-lippuja\/eurojackpot\">Osta lottokuponkeja<\/a>, osallistu arvontoihin ja tarkista arvontatulokset, kaikki yhdelt\u00e4 sivustolta. K\u00e4y osoitteessa jackpotlotteryonline.com jo t\u00e4n\u00e4\u00e4n.<\/p>\n","protected":false},"excerpt":{"rendered":"<p>Miten voit tarkistaa Eurojackpot-arvonnan voittonumerot? Koska kyseess\u00e4 on yksi Euroopan suosituimmista lotoista, vedonly\u00f6j\u00e4t kaikkialla odottavat innokkaasti mahdollisuutta voittaa suuria summia. Jos asut Euroopan ulkopuolella, voit my\u00f6s ostaa arpoja lottoon ja tarkistaa arvontatulokset verkossa. Kun vierailet osoitteessa jackpotlotteryonline.com, p\u00e4\u00e4set k\u00e4siksi kansainv\u00e4lisiin huippulottoihin maailmanlaajuisesti. Tarjoamme yksinkertaisen ja k\u00e4tev\u00e4n tavan pelata lottoa ja tarkistaa arvontatulokset yhdess\u00e4 paikassa. Mik\u00e4 [&hellip;]<\/p>\n","protected":false},"author":1,"featured_media":0,"parent":35824,"menu_order":4,"comment_status":"closed","ping_status":"closed","template":"eurojackpot-results.php","meta":{"_et_pb_use_builder":"","_et_pb_old_content":"","_et_gb_content_width":"","exclude_from_search":false,"footnotes":""},"class_list":["post-40639","page","type-page","status-publish","hentry"],"yoast_head":"<!-- This site is optimized with the Yoast SEO plugin v23.3 - https:\/\/yoast.com\/wordpress\/plugins\/seo\/ -->\n<title>Eurojackpotin voittonumerot ja arvontatulokset<\/title>\n<meta name=\"description\" content=\"Haluatko tiet\u00e4\u00e4 Eurojackpotin voittonumerot? Tarkista kaikki Eurojackpotin ja monien muiden arpajaisten arvontatulokset t\u00e4\u00e4lt\u00e4!\" \/>\n<meta name=\"robots\" content=\"index, follow, max-snippet:-1, max-image-preview:large, max-video-preview:-1\" \/>\n<link rel=\"canonical\" href=\"https:\/\/jackpotlotteryonline.com\/fi\/voittonumerot\/eurojackpot\/\" \/>\n<meta property=\"og:locale\" content=\"fi_FI\" \/>\n<meta property=\"og:type\" content=\"article\" \/>\n<meta property=\"og:title\" content=\"Eurojackpotin voittonumerot ja arvontatulokset\" \/>\n<meta property=\"og:description\" content=\"Haluatko tiet\u00e4\u00e4 Eurojackpotin voittonumerot? Tarkista kaikki Eurojackpotin ja monien muiden arpajaisten arvontatulokset t\u00e4\u00e4lt\u00e4!\" \/>\n<meta property=\"og:url\" content=\"https:\/\/jackpotlotteryonline.com\/fi\/voittonumerot\/eurojackpot\/\" \/>\n<meta property=\"og:site_name\" content=\"Lotto Online - Crack The International Lottery Jackpots\" \/>\n<meta property=\"article:modified_time\" content=\"2022-12-28T07:59:29+00:00\" \/>\n<meta property=\"og:image\" content=\"https:\/\/jackpotlotteryonline.com\/wp-content\/uploads\/2022\/11\/1_online_ticket_eurojackpot.jpg\" \/>\n<meta name=\"twitter:card\" content=\"summary_large_image\" \/>\n<meta name=\"twitter:label1\" content=\"Arvioitu lukuaika\" \/>\n\t<meta name=\"twitter:data1\" content=\"2 minuuttia\" \/>\n<!-- \/ Yoast SEO plugin. -->","yoast_head_json":{"title":"Eurojackpotin voittonumerot ja arvontatulokset","description":"Haluatko tiet\u00e4\u00e4 Eurojackpotin voittonumerot? Tarkista kaikki Eurojackpotin ja monien muiden arpajaisten arvontatulokset t\u00e4\u00e4lt\u00e4!","robots":{"index":"index","follow":"follow","max-snippet":"max-snippet:-1","max-image-preview":"max-image-preview:large","max-video-preview":"max-video-preview:-1"},"canonical":"https:\/\/jackpotlotteryonline.com\/fi\/voittonumerot\/eurojackpot\/","og_locale":"fi_FI","og_type":"article","og_title":"Eurojackpotin voittonumerot ja arvontatulokset","og_description":"Haluatko tiet\u00e4\u00e4 Eurojackpotin voittonumerot? Tarkista kaikki Eurojackpotin ja monien muiden arpajaisten arvontatulokset t\u00e4\u00e4lt\u00e4!","og_url":"https:\/\/jackpotlotteryonline.com\/fi\/voittonumerot\/eurojackpot\/","og_site_name":"Lotto Online - Crack The International Lottery Jackpots","article_modified_time":"2022-12-28T07:59:29+00:00","og_image":[{"url":"https:\/\/jackpotlotteryonline.com\/wp-content\/uploads\/2022\/11\/1_online_ticket_eurojackpot.jpg"}],"twitter_card":"summary_large_image","twitter_misc":{"Arvioitu lukuaika":"2 minuuttia"},"schema":{"@context":"https:\/\/schema.org","@graph":[{"@type":"WebPage","@id":"https:\/\/jackpotlotteryonline.com\/fi\/voittonumerot\/eurojackpot\/","url":"https:\/\/jackpotlotteryonline.com\/fi\/voittonumerot\/eurojackpot\/","name":"Eurojackpotin voittonumerot ja arvontatulokset","isPartOf":{"@id":"https:\/\/jackpotlotteryonline.com\/#website"},"primaryImageOfPage":{"@id":"https:\/\/jackpotlotteryonline.com\/fi\/voittonumerot\/eurojackpot\/#primaryimage"},"image":{"@id":"https:\/\/jackpotlotteryonline.com\/fi\/voittonumerot\/eurojackpot\/#primaryimage"},"thumbnailUrl":"https:\/\/jackpotlotteryonline.com\/wp-content\/uploads\/2022\/11\/1_online_ticket_eurojackpot.jpg","datePublished":"2022-12-06T06:14:50+00:00","dateModified":"2022-12-28T07:59:29+00:00","description":"Haluatko tiet\u00e4\u00e4 Eurojackpotin voittonumerot? Tarkista kaikki Eurojackpotin ja monien muiden arpajaisten arvontatulokset t\u00e4\u00e4lt\u00e4!","breadcrumb":{"@id":"https:\/\/jackpotlotteryonline.com\/fi\/voittonumerot\/eurojackpot\/#breadcrumb"},"inLanguage":"fi","potentialAction":[{"@type":"ReadAction","target":["https:\/\/jackpotlotteryonline.com\/fi\/voittonumerot\/eurojackpot\/"]}]},{"@type":"ImageObject","inLanguage":"fi","@id":"https:\/\/jackpotlotteryonline.com\/fi\/voittonumerot\/eurojackpot\/#primaryimage","url":"https:\/\/jackpotlotteryonline.com\/wp-content\/uploads\/2022\/11\/1_online_ticket_eurojackpot.jpg","contentUrl":"https:\/\/jackpotlotteryonline.com\/wp-content\/uploads\/2022\/11\/1_online_ticket_eurojackpot.jpg"},{"@type":"BreadcrumbList","@id":"https:\/\/jackpotlotteryonline.com\/fi\/voittonumerot\/eurojackpot\/#breadcrumb","itemListElement":[{"@type":"ListItem","position":1,"name":"Home","item":"https:\/\/jackpotlotteryonline.com\/fi\/"},{"@type":"ListItem","position":2,"name":"Lottotulokset","item":"https:\/\/jackpotlotteryonline.com\/winning-numbers\/"},{"@type":"ListItem","position":3,"name":"Eurojackpot-arvonnan tulokset"}]},{"@type":"WebSite","@id":"https:\/\/jackpotlotteryonline.com\/#website","url":"https:\/\/jackpotlotteryonline.com\/","name":"Lotto Online - Crack The International Lottery Jackpots","description":"","potentialAction":[{"@type":"SearchAction","target":{"@type":"EntryPoint","urlTemplate":"https:\/\/jackpotlotteryonline.com\/?s={search_term_string}"},"query-input":"required name=search_term_string"}],"inLanguage":"fi"}]}},"_links":{"self":[{"href":"https:\/\/jackpotlotteryonline.com\/fi\/wp-json\/wp\/v2\/pages\/40639","targetHints":{"allow":["GET"]}}],"collection":[{"href":"https:\/\/jackpotlotteryonline.com\/fi\/wp-json\/wp\/v2\/pages"}],"about":[{"href":"https:\/\/jackpotlotteryonline.com\/fi\/wp-json\/wp\/v2\/types\/page"}],"author":[{"embeddable":true,"href":"https:\/\/jackpotlotteryonline.com\/fi\/wp-json\/wp\/v2\/users\/1"}],"replies":[{"embeddable":true,"href":"https:\/\/jackpotlotteryonline.com\/fi\/wp-json\/wp\/v2\/comments?post=40639"}],"version-history":[{"count":0,"href":"https:\/\/jackpotlotteryonline.com\/fi\/wp-json\/wp\/v2\/pages\/40639\/revisions"}],"up":[{"embeddable":true,"href":"https:\/\/jackpotlotteryonline.com\/fi\/wp-json\/wp\/v2\/pages\/35824"}],"wp:attachment":[{"href":"https:\/\/jackpotlotteryonline.com\/fi\/wp-json\/wp\/v2\/media?parent=40639"}],"curies":[{"name":"wp","href":"https:\/\/api.w.org\/{rel}","templated":true}]}}