{"id":40708,"date":"2022-12-06T08:20:48","date_gmt":"2022-12-06T08:20:48","guid":{"rendered":"https:\/\/jackpotlotteryonline.com\/?page_id=40708"},"modified":"2022-12-27T09:42:42","modified_gmt":"2022-12-27T09:42:42","slug":"superenalotto","status":"publish","type":"page","link":"https:\/\/jackpotlotteryonline.com\/fi\/voittonumerot\/superenalotto\/","title":{"rendered":"Superenalotto arvonnan tulokset"},"content":{"rendered":"<p>Superenalotto on Italian kansallinen arpajaiset, ja se on suosittu arpajaiset maan vedonly\u00f6jien keskuudessa. Jos pelaat Italian ulkopuolelta, on hyv\u00e4 selvitt\u00e4\u00e4, miten voittajaruudut voi tarkistaa. Jatka lukemista saadaksesi lis\u00e4tietoja.<\/p>\n<h2>Vaiheet Superenaloton pelaamiseen verkossa<\/h2>\n<p><a href=\"https:\/\/jackpotlotteryonline.com\/fi\/kuinka-pelata\/superenalotto\">Superenaloton pelaaminen verkossa<\/a> on kuin pelaaminen offline-tilassa, mutta se on helpompaa ja mukavampaa. Kun menet Superenalotto-sivulle jackpotlotteryoneline.com-sivustolla, voit valita 6 numeroa 1:st\u00e4 90:een. Seuraavaksi voit valita arvontojen m\u00e4\u00e4r\u00e4n, joihin haluat osallistua, ja voit osallistua jopa 5 viikkoa etuk\u00e4teen. Mit\u00e4 useampaan arvontaan osallistut, sit\u00e4 suuremmat voittomahdollisuutesi ovat.<\/p>\n<p>Superenalotto j\u00e4rjest\u00e4\u00e4 kolme viikoittaista arvontakertaa tiistaisin, torstaisin ja lauantaisin. Voit siis osallistua joko yhteen tai kaikkiin. Voit valita Supert\u00e4hden numeron parantaaksesi voittomahdollisuuksiasi. Lis\u00e4ksi on olemassa &#8220;Jolly-numero&#8221;, joka on 1:st\u00e4 90:een ja jota k\u00e4ytet\u00e4\u00e4n toisen tason voittajan m\u00e4\u00e4ritt\u00e4miseen.<\/p>\n<h2>Miten voit tarkistaa voittonumerosi<\/h2>\n<p><img loading=\"lazy\" decoding=\"async\" class=\"alignright size-full wp-image-31316\" src=\"https:\/\/jackpotlotteryonline.com\/wp-content\/uploads\/2022\/11\/logo_superenalotto.png\" alt=\"Superenalotto arvonnan tulokset\" width=\"200\" height=\"212\" \/>Voit tarkistaa voittonumerot eri tavoin, kun pelaat Superenalottoa. Voit katsoa suorat arvonnat televisiosta, mutta t\u00e4m\u00e4 on mahdollista vain, jos asut Italiassa ja puhut italiaa. Onneksi voit tarkistaa voittonumerot my\u00f6s verkossa arvontojen j\u00e4lkeen. Useimmat uutissivustot julkaisevat arvontatulokset.<\/p>\n<p>Siin\u00e4 on kuitenkin muutamia ongelmia. Ensinn\u00e4kin voit helposti unohtaa tarkistaa arvontatulokset. On olemassa tarinoita j\u00e4ttipottipalkinnoista, jotka ovat j\u00e4\u00e4neet lunastamatta, luultavasti siksi, ett\u00e4 voittajat ovat unohtaneet tarkistaa lippunsa. Lis\u00e4ksi monet sivustot julkaisevat vain ensimm\u00e4isen tason voittonumerot. Useimmissa arpajaisissa on useita palkintotasoja.<\/p>\n<p>Jos pelaat Superenalottoa meid\u00e4n kanssamme, sinun ei tarvitse huolehtia siit\u00e4, ett\u00e4 menet\u00e4t yht\u00e4\u00e4n palkintoa. Sen lis\u00e4ksi, ett\u00e4 ilmoitamme sinulle heti, kun voitat palkinnon, saat ilmoituksen heti kirjauduttuasi sis\u00e4\u00e4n. Lis\u00e4ksi julkaisemme arvontatulokset heti arvontojen j\u00e4lkeen t\u00e4\u00e4ll\u00e4 sivustollamme. Tule siis takaisin arvontojen j\u00e4lkeen katsomaan, onko sinulla Superenaloton voittonumerot.<\/p>\n<h2>Superenaloton palkintotasot<\/h2>\n<p>Olemme jo maininneet, ett\u00e4 Superenalotto lotossa on 2 miljoonan euron p\u00e4\u00e4voitto. Mutta tiesitk\u00f6, ett\u00e4 j\u00e4ttipotin m\u00e4\u00e4r\u00e4lle ei ole yl\u00e4rajaa? Se tarkoittaa, ett\u00e4 jos arvonnan j\u00e4lkeen ei ole voittajaa, palkinto jatkuu, kunnes voittaja l\u00f6ytyy. Vuonna 2019 j\u00e4ttipotti kierr\u00e4tettiin niin monta kertaa, ett\u00e4 se nousi enn\u00e4tykselliseen 209,1 miljoonaan euroon.<\/p>\n<p>Jackpotin, joka on ensimm\u00e4isen tason palkinto, lis\u00e4ksi on muitakin palkintoja, joita pelaaja voi voittaa. Palkinnot m\u00e4\u00e4r\u00e4ytyv\u00e4t palkintopotin mukaan, joten mit\u00e4\u00e4n tietty\u00e4 summaa ei ole. Jaamme kuitenkin keskim\u00e4\u00e4r\u00e4isen summan arvontakohtaisesti.<\/p>\n<p>Ottelu 6 &#8211; 92 056 091,66 \u20ac.<\/p>\n<p>Ottelu 5 + Jolly-numero &#8211; 594 951,95 \u20ac.<\/p>\n<p>Ottelu 5 &#8211; 49 736,38 \u20ac.<\/p>\n<p>Ottelun 4 numerot &#8211; 354,83 \u20ac<\/p>\n<p>Ottelun 3 numerot &#8211; 27,15 \u20ac<\/p>\n<p>Ottelun 2 numeroa &#8211; 5,48 \u20ac<\/p>\n<section class=\"layout\" style=\"border: solid 1px; width: 100%;\">\n<div class=\"img-div\" style=\"margin-top: 5px;\"><img decoding=\"async\" class=\"wp-image-17212 alignleft\" style=\"height: 45px; margin: 8px 8px 0px;\" src=\"https:\/\/jackpotlotteryonline.com\/wp-content\/uploads\/2022\/11\/read1.jpg\" alt=\"lue\" width=\"\" height=\"\" \/><\/div>\n<div style=\"padding-left: 5px;\">\n<div style=\"font-size: 1.1em;\">\n<p><strong>Lotot, joilla on parhaat mahdollisuudet voittaa suuria summia<\/strong><\/p>\n<p style=\"font-size: 0.85em; margin-top: -1.5em;\">Miss\u00e4 lotossa on parhaat voittomahdollisuudet?<a href=\"https:\/\/jackpotlotteryonline.com\/fi\/mika-arpajaiset-on-parhaat-voittomahdollisuudet\"> Lue lis\u00e4\u00e4<\/a><\/p>\n<\/div>\n<\/div>\n<\/section>\n<h2>Superenalottovoittojen lunastaminen<\/h2>\n<p>Koska pelaat Superenalottoa verkossa, on luonnollista mietti\u00e4, mit\u00e4 tapahtuu, kun voitat palkinnon. T\u00e4ss\u00e4 kerromme sinulle, miten voit lunastaa Superenalottovoittosi, vaikka asuisit Italian ulkopuolella.<\/p>\n<p>Kun pelaat Superenalottoa kanssamme, voittojen lunastaminen on yht\u00e4 helppoa kuin kirjautuminen tilillesi t\u00e4\u00e4ll\u00e4. Alle 2500 euron voitot voit kotiuttaa suoraan alustaltamme tilillesi. Se on todella yksinkertaista ja vaivatonta, joten voit keskitty\u00e4 ihanaan lottokokemukseen.<\/p>\n<p>Suurempia summia varten sinun on ehk\u00e4 otettava yhteytt\u00e4 lottovoittoyhti\u00f6\u00f6n ja t\u00e4ytett\u00e4v\u00e4 korvausvaatimuslomake. Mutta me olemme t\u00e4\u00e4ll\u00e4 opastamassa sinua prosessin l\u00e4pi. <a href=\"https:\/\/jackpotlotteryonline.com\/fi\/osta-lippuja\/superenalotto\">Osta siis Superenalotto-lottosi t\u00e4n\u00e4\u00e4n<\/a> ja valitse voittonumerosi.<\/p>\n","protected":false},"excerpt":{"rendered":"<p>Superenalotto on Italian kansallinen arpajaiset, ja se on suosittu arpajaiset maan vedonly\u00f6jien keskuudessa. Jos pelaat Italian ulkopuolelta, on hyv\u00e4 selvitt\u00e4\u00e4, miten voittajaruudut voi tarkistaa. Jatka lukemista saadaksesi lis\u00e4tietoja. Vaiheet Superenaloton pelaamiseen verkossa Superenaloton pelaaminen verkossa on kuin pelaaminen offline-tilassa, mutta se on helpompaa ja mukavampaa. Kun menet Superenalotto-sivulle jackpotlotteryoneline.com-sivustolla, voit valita 6 numeroa 1:st\u00e4 90:een. [&hellip;]<\/p>\n","protected":false},"author":1,"featured_media":0,"parent":35824,"menu_order":5,"comment_status":"closed","ping_status":"closed","template":"superenalotto-results.php","meta":{"_et_pb_use_builder":"","_et_pb_old_content":"","_et_gb_content_width":"","exclude_from_search":false,"footnotes":""},"class_list":["post-40708","page","type-page","status-publish","hentry"],"yoast_head":"<!-- This site is optimized with the Yoast SEO plugin v23.3 - https:\/\/yoast.com\/wordpress\/plugins\/seo\/ -->\n<title>Superenaloton voittonumerot ja arvontatulokset<\/title>\n<meta name=\"description\" content=\"Hanki arvontatulokset ja voittonumerot Italian Superenalotto, p\u00e4ivitt\u00e4in p\u00e4ivittyy t\u00e4\u00e4ll\u00e4 meid\u00e4n lottosivustoillamme.\" \/>\n<meta name=\"robots\" content=\"index, follow, max-snippet:-1, max-image-preview:large, max-video-preview:-1\" \/>\n<link rel=\"canonical\" href=\"https:\/\/jackpotlotteryonline.com\/fi\/voittonumerot\/superenalotto\/\" \/>\n<meta property=\"og:locale\" content=\"fi_FI\" \/>\n<meta property=\"og:type\" content=\"article\" \/>\n<meta property=\"og:title\" content=\"Superenaloton voittonumerot ja arvontatulokset\" \/>\n<meta property=\"og:description\" content=\"Hanki arvontatulokset ja voittonumerot Italian Superenalotto, p\u00e4ivitt\u00e4in p\u00e4ivittyy t\u00e4\u00e4ll\u00e4 meid\u00e4n lottosivustoillamme.\" \/>\n<meta property=\"og:url\" content=\"https:\/\/jackpotlotteryonline.com\/fi\/voittonumerot\/superenalotto\/\" \/>\n<meta property=\"og:site_name\" content=\"Lotto Online - Crack The International Lottery Jackpots\" \/>\n<meta property=\"article:modified_time\" content=\"2022-12-27T09:42:42+00:00\" \/>\n<meta property=\"og:image\" content=\"https:\/\/jackpotlotteryonline.com\/wp-content\/uploads\/2022\/11\/logo_superenalotto.png\" \/>\n<meta name=\"twitter:card\" content=\"summary_large_image\" \/>\n<meta name=\"twitter:label1\" content=\"Arvioitu lukuaika\" \/>\n\t<meta name=\"twitter:data1\" content=\"3 minuuttia\" \/>\n<!-- \/ Yoast SEO plugin. -->","yoast_head_json":{"title":"Superenaloton voittonumerot ja arvontatulokset","description":"Hanki arvontatulokset ja voittonumerot Italian Superenalotto, p\u00e4ivitt\u00e4in p\u00e4ivittyy t\u00e4\u00e4ll\u00e4 meid\u00e4n lottosivustoillamme.","robots":{"index":"index","follow":"follow","max-snippet":"max-snippet:-1","max-image-preview":"max-image-preview:large","max-video-preview":"max-video-preview:-1"},"canonical":"https:\/\/jackpotlotteryonline.com\/fi\/voittonumerot\/superenalotto\/","og_locale":"fi_FI","og_type":"article","og_title":"Superenaloton voittonumerot ja arvontatulokset","og_description":"Hanki arvontatulokset ja voittonumerot Italian Superenalotto, p\u00e4ivitt\u00e4in p\u00e4ivittyy t\u00e4\u00e4ll\u00e4 meid\u00e4n lottosivustoillamme.","og_url":"https:\/\/jackpotlotteryonline.com\/fi\/voittonumerot\/superenalotto\/","og_site_name":"Lotto Online - Crack The International Lottery Jackpots","article_modified_time":"2022-12-27T09:42:42+00:00","og_image":[{"url":"https:\/\/jackpotlotteryonline.com\/wp-content\/uploads\/2022\/11\/logo_superenalotto.png"}],"twitter_card":"summary_large_image","twitter_misc":{"Arvioitu lukuaika":"3 minuuttia"},"schema":{"@context":"https:\/\/schema.org","@graph":[{"@type":"WebPage","@id":"https:\/\/jackpotlotteryonline.com\/fi\/voittonumerot\/superenalotto\/","url":"https:\/\/jackpotlotteryonline.com\/fi\/voittonumerot\/superenalotto\/","name":"Superenaloton voittonumerot ja arvontatulokset","isPartOf":{"@id":"https:\/\/jackpotlotteryonline.com\/#website"},"primaryImageOfPage":{"@id":"https:\/\/jackpotlotteryonline.com\/fi\/voittonumerot\/superenalotto\/#primaryimage"},"image":{"@id":"https:\/\/jackpotlotteryonline.com\/fi\/voittonumerot\/superenalotto\/#primaryimage"},"thumbnailUrl":"https:\/\/jackpotlotteryonline.com\/wp-content\/uploads\/2022\/11\/logo_superenalotto.png","datePublished":"2022-12-06T08:20:48+00:00","dateModified":"2022-12-27T09:42:42+00:00","description":"Hanki arvontatulokset ja voittonumerot Italian Superenalotto, p\u00e4ivitt\u00e4in p\u00e4ivittyy t\u00e4\u00e4ll\u00e4 meid\u00e4n lottosivustoillamme.","breadcrumb":{"@id":"https:\/\/jackpotlotteryonline.com\/fi\/voittonumerot\/superenalotto\/#breadcrumb"},"inLanguage":"fi","potentialAction":[{"@type":"ReadAction","target":["https:\/\/jackpotlotteryonline.com\/fi\/voittonumerot\/superenalotto\/"]}]},{"@type":"ImageObject","inLanguage":"fi","@id":"https:\/\/jackpotlotteryonline.com\/fi\/voittonumerot\/superenalotto\/#primaryimage","url":"https:\/\/jackpotlotteryonline.com\/wp-content\/uploads\/2022\/11\/logo_superenalotto.png","contentUrl":"https:\/\/jackpotlotteryonline.com\/wp-content\/uploads\/2022\/11\/logo_superenalotto.png"},{"@type":"BreadcrumbList","@id":"https:\/\/jackpotlotteryonline.com\/fi\/voittonumerot\/superenalotto\/#breadcrumb","itemListElement":[{"@type":"ListItem","position":1,"name":"Home","item":"https:\/\/jackpotlotteryonline.com\/fi\/"},{"@type":"ListItem","position":2,"name":"Lottotulokset","item":"https:\/\/jackpotlotteryonline.com\/winning-numbers\/"},{"@type":"ListItem","position":3,"name":"Superenalotto arvonnan tulokset"}]},{"@type":"WebSite","@id":"https:\/\/jackpotlotteryonline.com\/#website","url":"https:\/\/jackpotlotteryonline.com\/","name":"Lotto Online - Crack The International Lottery Jackpots","description":"","potentialAction":[{"@type":"SearchAction","target":{"@type":"EntryPoint","urlTemplate":"https:\/\/jackpotlotteryonline.com\/?s={search_term_string}"},"query-input":"required name=search_term_string"}],"inLanguage":"fi"}]}},"_links":{"self":[{"href":"https:\/\/jackpotlotteryonline.com\/fi\/wp-json\/wp\/v2\/pages\/40708","targetHints":{"allow":["GET"]}}],"collection":[{"href":"https:\/\/jackpotlotteryonline.com\/fi\/wp-json\/wp\/v2\/pages"}],"about":[{"href":"https:\/\/jackpotlotteryonline.com\/fi\/wp-json\/wp\/v2\/types\/page"}],"author":[{"embeddable":true,"href":"https:\/\/jackpotlotteryonline.com\/fi\/wp-json\/wp\/v2\/users\/1"}],"replies":[{"embeddable":true,"href":"https:\/\/jackpotlotteryonline.com\/fi\/wp-json\/wp\/v2\/comments?post=40708"}],"version-history":[{"count":0,"href":"https:\/\/jackpotlotteryonline.com\/fi\/wp-json\/wp\/v2\/pages\/40708\/revisions"}],"up":[{"embeddable":true,"href":"https:\/\/jackpotlotteryonline.com\/fi\/wp-json\/wp\/v2\/pages\/35824"}],"wp:attachment":[{"href":"https:\/\/jackpotlotteryonline.com\/fi\/wp-json\/wp\/v2\/media?parent=40708"}],"curies":[{"name":"wp","href":"https:\/\/api.w.org\/{rel}","templated":true}]}}