{"id":40761,"date":"2022-12-06T09:50:24","date_gmt":"2022-12-06T09:50:24","guid":{"rendered":"https:\/\/jackpotlotteryonline.com\/?page_id=40761"},"modified":"2022-12-28T13:40:34","modified_gmt":"2022-12-28T13:40:34","slug":"la-primitiva","status":"publish","type":"page","link":"https:\/\/jackpotlotteryonline.com\/fi\/voittonumerot\/la-primitiva\/","title":{"rendered":"La Primitiva arvonnan tulokset"},"content":{"rendered":"<h2>Miten valita La Primitivan voittonumerot<\/h2>\n<p>Ensinn\u00e4kin, jos haluat pelata La Primitivaa, sinun on valittava 6 numeroa alueelta 1-49. Lis\u00e4ksi sinun on valittava 1 numero v\u00e4lilt\u00e4 0-9. T\u00e4t\u00e4 ylim\u00e4\u00e4r\u00e4ist\u00e4 numeroa kutsutaan Reintegro-numeroksi. On my\u00f6s Complemantario-numero, ja sit\u00e4 k\u00e4ytet\u00e4\u00e4n joidenkin palkintotasojen m\u00e4\u00e4ritt\u00e4miseen.<\/p>\n<p>Pelaajat valitsevat La Primitiva -numeronsa useilla eri menetelmill\u00e4. Jotkut valitsevat mieluummin numeroita, joilla on heille erityisi\u00e4 merkityksi\u00e4. Kuten heid\u00e4n syntym\u00e4p\u00e4iv\u00e4ns\u00e4 tai vuosip\u00e4iv\u00e4ns\u00e4. Toiset valitsevat vain satunnaisia numeroita ja toivovat, ett\u00e4 onni on heid\u00e4n puolellaan. Koska La Primitiva, kuten mik\u00e4 tahansa arpajaiset, on onnenpeli, kukaan ei voi syytt\u00e4\u00e4 heit\u00e4.<\/p>\n<section class=\"layout\" style=\"border: solid 1px; width: 100%;\">\n<div class=\"img-div\" style=\"margin-top: 5px;\"><img decoding=\"async\" class=\"wp-image-17212 alignleft\" style=\"height: 45px; margin: 8px 8px 0px;\" src=\"https:\/\/jackpotlotteryonline.com\/wp-content\/uploads\/2022\/11\/read1.jpg\" alt=\"lue\" width=\"\" height=\"\" \/><\/div>\n<div style=\"padding-left: 5px;\">\n<div style=\"font-size: 1.1em;\">\n<p><strong>Lottovinkkej\u00e4<\/strong><\/p>\n<p style=\"font-size: 0.85em; margin-top: -1.5em;\">Vinkkej\u00e4, jotka auttavat sinua voittamaan lotossa\u00a0 <a href=\"https:\/\/jackpotlotteryonline.com\/fi\/vinkkeja-jotka-auttavat-sinua-voittamaan-lotossa\"> Lue lis\u00e4\u00e4<\/a><\/p>\n<\/div>\n<\/div>\n<\/section>\n<h2>La Primitivan voittaminen<\/h2>\n<p>La Primitivassa arvotaan kolme kertaa viikossa, maanantaina, torstaina ja lauantaina. Kun olet valinnut numerosi, seuraava vaihe on osallistua valitsemiisi arvontoihin. Arpajaisten j\u00e4lkeen arpajaiset voittaa se lippu, joka vastaa arvottuja tuloksia.<\/p>\n<p>Siksi palkinnon kotiinl\u00e4ht\u00f6 liittyy paljon valitsemiesi numeroiden kanssa.<\/p>\n<p>Voittaakseen La Primitiva -j\u00e4ttipotin pelaajan on osuttava kaikkiin seitsem\u00e4\u00e4n numeroon (6 p\u00e4\u00e4numeroa ja Reintegro-numero). J\u00e4ttipotin m\u00e4\u00e4r\u00e4 alkaa 5 miljoonasta eurosta. Jos voittajia on useampi kuin yksi, summa jaetaan voittajien kesken. T\u00e4ss\u00e4 ovat palkinnot, joita pelaajat voivat voittaa.<br \/>\n<img loading=\"lazy\" decoding=\"async\" class=\"alignright size-full wp-image-27671\" src=\"https:\/\/jackpotlotteryonline.com\/wp-content\/uploads\/2022\/11\/1_lottery_online_winner3.jpg\" alt=\"Voita La Primitiva\" width=\"300\" height=\"300\" srcset=\"https:\/\/jackpotlotteryonline.com\/wp-content\/uploads\/2022\/11\/1_lottery_online_winner3.jpg 300w, https:\/\/jackpotlotteryonline.com\/wp-content\/uploads\/2022\/11\/1_lottery_online_winner3-100x100.jpg 100w, https:\/\/jackpotlotteryonline.com\/wp-content\/uploads\/2022\/11\/1_lottery_online_winner3-150x150.jpg 150w\" sizes=\"auto, (max-width: 300px) 100vw, 300px\" \/><\/p>\n<p>Jackpot &#8211; Ottelu 6 + Reintegro<\/p>\n<p>Divisioona 1 &#8211; Vain ottelu 6<\/p>\n<p>Divisioona 2 &#8211; Ottelu 5 + lis\u00e4numero<\/p>\n<p>Divisioona 3 &#8211; Vain ottelu 5<\/p>\n<p>Divisioona 4 &#8211; Vain ottelu 4<\/p>\n<p>Division 5 &#8211; Vain ottelu 3<\/p>\n<p>Reintegro &#8211; Ottelu vain Reintegron numerolla.<\/p>\n<h2>Pelaaminen La Primitiva verkossa jackpotlotteryonline.com kanssa<\/h2>\n<p>Kun <a href=\"https:\/\/jackpotlotteryonline.com\/fi\/kuinka-pelata\/la-primitiva-2\">pelaat La Primitiva-arpajaisia<\/a> kanssamme, p\u00e4\u00e4set La Primitivan lis\u00e4ksi my\u00f6s arvontatuloksiin. Pelaaminen verkossa avaa maailman mahdollisuuksia niin kokeneille vedonly\u00f6jille kuin vasta-alkajillekin. Tarjoamme k\u00e4tev\u00e4n tavan ostaa lottokuponkeja, tarkistaa tulokset ja p\u00e4\u00e4st\u00e4 k\u00e4siksi voittoihin. Mutta tulemme siihen hetken kuluttua.<\/p>\n<p>Voit <a href=\"https:\/\/jackpotlotteryonline.com\/fi\/osta-lippuja\/la-primitiva\">ostaa La Primitiva -arpajaislipun<\/a> helposti menem\u00e4ll\u00e4 lottosivulle ja valitsemalla voittonumerosi. Jos et ole varma, mit\u00e4 valita, voit k\u00e4ytt\u00e4\u00e4 automaattista generaattoriamme satunnaisten numeroiden valitsemiseen. Sy\u00f6t\u00e4 seuraavaksi valitsemasi arvonta ja jos et ole viel\u00e4 rekister\u00f6itynyt meille, rekister\u00f6idy tilillemme.<\/p>\n<p>Rekister\u00f6ityminen on t\u00e4rke\u00e4 vaihe, ja tarvitset tilin seuraavista syist\u00e4:<\/p>\n<ul>\n<li>Tallentaaksesi digitaalisen lippusi<\/li>\n<li>Automaattisten arvontojen asettaminen<\/li>\n<li>saadaksesi ilmoituksia, kun voitat palkintoja<\/li>\n<\/ul>\n<h2>Tarkista La Primitiva-arvonnan tulokset<\/h2>\n<p>La Primitiva -lottotulosten tarkistaminen ei ole koskaan ollut helpompaa, kun pelaat verkossa kanssamme. Jokaisen arvonnan j\u00e4lkeen julkaisemme arvontatulokset t\u00e4\u00e4ll\u00e4 sivuillamme. Sen lis\u00e4ksi ilmoitamme sinulle s\u00e4hk\u00f6postitse, kun voitat palkinnon. Sinun ei siis en\u00e4\u00e4 koskaan tarvitse j\u00e4tt\u00e4\u00e4 palkintosi noutamista v\u00e4liin.<\/p>\n<h2>Voittojen lunastaminen<\/h2>\n<p>Ehk\u00e4 mielenkiintoisin osa La Primitiva -nettipelaamista on se, ett\u00e4 sinun ei tarvitse matkustaa Espanjaan lunastaaksesi voittosi. Jos voittosi ovat alle 2 500 euroa, voit yksinkertaisesti nostaa ne alustaltamme tilillesi.<\/p>\n<p>Pelaa lottoa kanssamme ja tarkista La Primitiva -voitonumerosi verkossa.<\/p>\n","protected":false},"excerpt":{"rendered":"<p>Miten valita La Primitivan voittonumerot Ensinn\u00e4kin, jos haluat pelata La Primitivaa, sinun on valittava 6 numeroa alueelta 1-49. Lis\u00e4ksi sinun on valittava 1 numero v\u00e4lilt\u00e4 0-9. T\u00e4t\u00e4 ylim\u00e4\u00e4r\u00e4ist\u00e4 numeroa kutsutaan Reintegro-numeroksi. On my\u00f6s Complemantario-numero, ja sit\u00e4 k\u00e4ytet\u00e4\u00e4n joidenkin palkintotasojen m\u00e4\u00e4ritt\u00e4miseen. Pelaajat valitsevat La Primitiva -numeronsa useilla eri menetelmill\u00e4. Jotkut valitsevat mieluummin numeroita, joilla on heille [&hellip;]<\/p>\n","protected":false},"author":1,"featured_media":0,"parent":35824,"menu_order":7,"comment_status":"closed","ping_status":"closed","template":"la-primitiva-results.php","meta":{"_et_pb_use_builder":"","_et_pb_old_content":"","_et_gb_content_width":"","exclude_from_search":false,"footnotes":""},"class_list":["post-40761","page","type-page","status-publish","hentry"],"yoast_head":"<!-- This site is optimized with the Yoast SEO plugin v23.3 - https:\/\/yoast.com\/wordpress\/plugins\/seo\/ -->\n<title>La Primitiva voittonumerot ja arvonnan tulokset<\/title>\n<meta name=\"description\" content=\"Espanjan La Primitiva-arpajaiset - kaikki arvontatulokset ja voittonumerot sek\u00e4 tulosarkisto yhdell\u00e4 ainoalla sivustolla.\" \/>\n<meta name=\"robots\" content=\"index, follow, max-snippet:-1, max-image-preview:large, max-video-preview:-1\" \/>\n<link rel=\"canonical\" href=\"https:\/\/jackpotlotteryonline.com\/fi\/voittonumerot\/la-primitiva\/\" \/>\n<meta property=\"og:locale\" content=\"fi_FI\" \/>\n<meta property=\"og:type\" content=\"article\" \/>\n<meta property=\"og:title\" content=\"La Primitiva voittonumerot ja arvonnan tulokset\" \/>\n<meta property=\"og:description\" content=\"Espanjan La Primitiva-arpajaiset - kaikki arvontatulokset ja voittonumerot sek\u00e4 tulosarkisto yhdell\u00e4 ainoalla sivustolla.\" \/>\n<meta property=\"og:url\" content=\"https:\/\/jackpotlotteryonline.com\/fi\/voittonumerot\/la-primitiva\/\" \/>\n<meta property=\"og:site_name\" content=\"Lotto Online - Crack The International Lottery Jackpots\" \/>\n<meta property=\"article:modified_time\" content=\"2022-12-28T13:40:34+00:00\" \/>\n<meta property=\"og:image\" content=\"https:\/\/jackpotlotteryonline.com\/wp-content\/uploads\/2022\/11\/read1.jpg\" \/>\n<meta name=\"twitter:card\" content=\"summary_large_image\" \/>\n<meta name=\"twitter:label1\" content=\"Arvioitu lukuaika\" \/>\n\t<meta name=\"twitter:data1\" content=\"2 minuuttia\" \/>\n<!-- \/ Yoast SEO plugin. -->","yoast_head_json":{"title":"La Primitiva voittonumerot ja arvonnan tulokset","description":"Espanjan La Primitiva-arpajaiset - kaikki arvontatulokset ja voittonumerot sek\u00e4 tulosarkisto yhdell\u00e4 ainoalla sivustolla.","robots":{"index":"index","follow":"follow","max-snippet":"max-snippet:-1","max-image-preview":"max-image-preview:large","max-video-preview":"max-video-preview:-1"},"canonical":"https:\/\/jackpotlotteryonline.com\/fi\/voittonumerot\/la-primitiva\/","og_locale":"fi_FI","og_type":"article","og_title":"La Primitiva voittonumerot ja arvonnan tulokset","og_description":"Espanjan La Primitiva-arpajaiset - kaikki arvontatulokset ja voittonumerot sek\u00e4 tulosarkisto yhdell\u00e4 ainoalla sivustolla.","og_url":"https:\/\/jackpotlotteryonline.com\/fi\/voittonumerot\/la-primitiva\/","og_site_name":"Lotto Online - Crack The International Lottery Jackpots","article_modified_time":"2022-12-28T13:40:34+00:00","og_image":[{"url":"https:\/\/jackpotlotteryonline.com\/wp-content\/uploads\/2022\/11\/read1.jpg"}],"twitter_card":"summary_large_image","twitter_misc":{"Arvioitu lukuaika":"2 minuuttia"},"schema":{"@context":"https:\/\/schema.org","@graph":[{"@type":"WebPage","@id":"https:\/\/jackpotlotteryonline.com\/fi\/voittonumerot\/la-primitiva\/","url":"https:\/\/jackpotlotteryonline.com\/fi\/voittonumerot\/la-primitiva\/","name":"La Primitiva voittonumerot ja arvonnan tulokset","isPartOf":{"@id":"https:\/\/jackpotlotteryonline.com\/#website"},"primaryImageOfPage":{"@id":"https:\/\/jackpotlotteryonline.com\/fi\/voittonumerot\/la-primitiva\/#primaryimage"},"image":{"@id":"https:\/\/jackpotlotteryonline.com\/fi\/voittonumerot\/la-primitiva\/#primaryimage"},"thumbnailUrl":"https:\/\/jackpotlotteryonline.com\/wp-content\/uploads\/2022\/11\/read1.jpg","datePublished":"2022-12-06T09:50:24+00:00","dateModified":"2022-12-28T13:40:34+00:00","description":"Espanjan La Primitiva-arpajaiset - kaikki arvontatulokset ja voittonumerot sek\u00e4 tulosarkisto yhdell\u00e4 ainoalla sivustolla.","breadcrumb":{"@id":"https:\/\/jackpotlotteryonline.com\/fi\/voittonumerot\/la-primitiva\/#breadcrumb"},"inLanguage":"fi","potentialAction":[{"@type":"ReadAction","target":["https:\/\/jackpotlotteryonline.com\/fi\/voittonumerot\/la-primitiva\/"]}]},{"@type":"ImageObject","inLanguage":"fi","@id":"https:\/\/jackpotlotteryonline.com\/fi\/voittonumerot\/la-primitiva\/#primaryimage","url":"https:\/\/jackpotlotteryonline.com\/wp-content\/uploads\/2022\/11\/read1.jpg","contentUrl":"https:\/\/jackpotlotteryonline.com\/wp-content\/uploads\/2022\/11\/read1.jpg"},{"@type":"BreadcrumbList","@id":"https:\/\/jackpotlotteryonline.com\/fi\/voittonumerot\/la-primitiva\/#breadcrumb","itemListElement":[{"@type":"ListItem","position":1,"name":"Home","item":"https:\/\/jackpotlotteryonline.com\/fi\/"},{"@type":"ListItem","position":2,"name":"Lottotulokset","item":"https:\/\/jackpotlotteryonline.com\/winning-numbers\/"},{"@type":"ListItem","position":3,"name":"La Primitiva arvonnan tulokset"}]},{"@type":"WebSite","@id":"https:\/\/jackpotlotteryonline.com\/#website","url":"https:\/\/jackpotlotteryonline.com\/","name":"Lotto Online - Crack The International Lottery Jackpots","description":"","potentialAction":[{"@type":"SearchAction","target":{"@type":"EntryPoint","urlTemplate":"https:\/\/jackpotlotteryonline.com\/?s={search_term_string}"},"query-input":"required name=search_term_string"}],"inLanguage":"fi"}]}},"_links":{"self":[{"href":"https:\/\/jackpotlotteryonline.com\/fi\/wp-json\/wp\/v2\/pages\/40761","targetHints":{"allow":["GET"]}}],"collection":[{"href":"https:\/\/jackpotlotteryonline.com\/fi\/wp-json\/wp\/v2\/pages"}],"about":[{"href":"https:\/\/jackpotlotteryonline.com\/fi\/wp-json\/wp\/v2\/types\/page"}],"author":[{"embeddable":true,"href":"https:\/\/jackpotlotteryonline.com\/fi\/wp-json\/wp\/v2\/users\/1"}],"replies":[{"embeddable":true,"href":"https:\/\/jackpotlotteryonline.com\/fi\/wp-json\/wp\/v2\/comments?post=40761"}],"version-history":[{"count":0,"href":"https:\/\/jackpotlotteryonline.com\/fi\/wp-json\/wp\/v2\/pages\/40761\/revisions"}],"up":[{"embeddable":true,"href":"https:\/\/jackpotlotteryonline.com\/fi\/wp-json\/wp\/v2\/pages\/35824"}],"wp:attachment":[{"href":"https:\/\/jackpotlotteryonline.com\/fi\/wp-json\/wp\/v2\/media?parent=40761"}],"curies":[{"name":"wp","href":"https:\/\/api.w.org\/{rel}","templated":true}]}}