{"id":40813,"date":"2022-12-06T12:07:16","date_gmt":"2022-12-06T12:07:16","guid":{"rendered":"https:\/\/jackpotlotteryonline.com\/?page_id=40813"},"modified":"2022-12-28T10:43:11","modified_gmt":"2022-12-28T10:43:11","slug":"el-gordo-draw-results","status":"publish","type":"page","link":"https:\/\/jackpotlotteryonline.com\/fi\/voittonumerot\/el-gordo-draw-results\/","title":{"rendered":"El Gordo arvonnan tulokset"},"content":{"rendered":"<p>Lottoharrastajat innostuvat kuullessaan El Gordosta, eik\u00e4 vain siksi, ett\u00e4 se on yksi suurimmista eurooppalaisista lotoista. El Gordo on kaikkien arpajaisten \u00e4iti siit\u00e4 yksinkertaisesta syyst\u00e4, ett\u00e4 arvonnat suoritetaan kerran vuodessa. Itse asiassa se on osa Espanjan arpajaisia, ja joka vuosi j\u00e4rjestet\u00e4\u00e4n erityinen jouluarvonta. Se on tapahtuma, joka on t\u00e4ynn\u00e4 j\u00e4nnityst\u00e4 ja t\u00e4ynn\u00e4 perinteit\u00e4. Se kokoaa perheet, naapurustot ja kokonaiset yhteis\u00f6t yhteen juhlimaan joulun aikaa. Espanjalaisille vedonly\u00f6jille joulusesonki on aika etsi\u00e4 El Gordon voittonumeroita.<\/p>\n<p>Tyypillisesti El Gordo on Espanjassa j\u00e4rjestett\u00e4v\u00e4 arpajaiset. Se tarkoittaa, ett\u00e4 jos et asuisi kyseisess\u00e4 maassa, sinun olisi vaikea ostaa El Gordo -arpoja. T\u00e4m\u00e4 on muuttunut, sill\u00e4 nyt voit tarkistaa El Gordon voittonumerot internetist\u00e4.<\/p>\n<h2>El Gordon pelaaminen<\/h2>\n<p><img loading=\"lazy\" decoding=\"async\" class=\"alignright size-full wp-image-17870\" src=\"https:\/\/jackpotlotteryonline.com\/wp-content\/uploads\/2022\/10\/lotto_euros.jpg\" alt=\"El Gordon pelaaminen\" width=\"225\" height=\"134\" \/>El Gordo tarkoittaa &#8220;suurta&#8221;, ja se on maailman suurin j\u00e4ttipotti. Erikoista t\u00e4ss\u00e4 lotossa on se, ett\u00e4 j\u00e4ttipotin voittaa nyt vain yksi henkil\u00f6. T\u00e4m\u00e4 johtuu siit\u00e4, ett\u00e4 liput on jaettu niin moneen murto-osaan. Itse asiassa t\u00e4m\u00e4 on se osa El Gordon pelaamisesta, joka voi olla hieman h\u00e4mment\u00e4v\u00e4\u00e4. Jokainen El Gordo -lippu on jaettu 10 osaan, ja jokainen n\u00e4ist\u00e4 osista on jaettu edelleen.<\/p>\n<p>Halvin El Gordo -lippu, jonka voit ostaa, on 1\/100 koko lipusta.<\/p>\n<p>Jos haluat lis\u00e4tietoja <a href=\"https:\/\/jackpotlotteryonline.com\/fi\/kuinka-pelata\/el-gordo\">El Gordon pelaamisesta<\/a>, k\u00e4y osoitteessa jackpotlotteryonline.com ja<a href=\"https:\/\/jackpotlotteryonline.com\/fi\/osta-lippuja\/el-gordo\"> osta lippusi nyt<\/a>. El Gordon pelaaminen on hauskaa, varsinkin kun pelaat verkossa.<\/p>\n<h2>Pelaaminen verkossa<\/h2>\n<p>Jos olet valmis osallistumaan El Gordo -lottoon, k\u00e4y sivustollamme ja valitse voittonumerosi. Sinun tarvitsee vain valita 6 numeroa 1:n ja 49:n v\u00e4lilt\u00e4. Voit tietysti antaa automaattisen valitsimemme tehd\u00e4 sen puolestasi, jos sinulla ei ole mit\u00e4\u00e4n erityist\u00e4 pelattavaa. Osallistu sitten arvontaan ja odota El Gordon voittotuloksia.<\/p>\n<h2>Miten voittaa El Gordo<\/h2>\n<p>El Gordon voittaminen tarkoittaa yksinkertaisesti sit\u00e4, ett\u00e4 sinulla on voittoyhdistelm\u00e4. Jos siis numerosi t\u00e4sm\u00e4\u00e4v\u00e4t arvottuun, olet El Gordo -loton voittaja.<\/p>\n<p>On olemassa useita strategioita, joita pelaajat k\u00e4ytt\u00e4v\u00e4t valitessaan El Gordon voittoyhdistelmi\u00e4. Yksi niist\u00e4 on valita numerot, joita he pit\u00e4v\u00e4t onnekkaina. Joillekin se on heid\u00e4n syntym\u00e4p\u00e4iv\u00e4ns\u00e4 tai l\u00e4heisten syntym\u00e4p\u00e4iv\u00e4t. Se voi olla mik\u00e4 tahansa numero, joka on sinulle erityinen. Toiset pelaajat luottavat mieluummin t\u00e4ysin satunnaisesti generoituihin numeroihin. Se, mit\u00e4 valitset, on sinusta itsest\u00e4si kiinni.<\/p>\n<p>Toinen tapa valita El Gordon voittoyhdistelm\u00e4 on tarkastella aiempia tuloksia. T\u00e4m\u00e4 auttaa sinua erityisesti, jos olet usein pelaava pelaaja. Monille vedonly\u00f6jille useiden lippujen ostaminen on aina hyv\u00e4 pelisuunnitelma. Voit aina muodostaa yst\u00e4v\u00e4si tai perheesi kanssa ryhm\u00e4n ja ostaa El Gordo -lippuja.<\/p>\n<h2>Kuinka voit tarkistaa voittonumerot<\/h2>\n<p><img loading=\"lazy\" decoding=\"async\" class=\"alignright size-full wp-image-30668\" src=\"https:\/\/jackpotlotteryonline.com\/wp-content\/uploads\/2022\/11\/3_screen_lottery_results_online.jpg\" alt=\"El Gordon voittaminen\" width=\"130\" height=\"120\" \/>Kun olet ostanut El Gordo -lipun, seuraava vaihe on odottaa El Gordo -arvontoja. Arvontojen j\u00e4lkeen on t\u00e4rke\u00e4\u00e4 tarkistaa voittoyhdistelm\u00e4t. On olemassa useita tarinoita j\u00e4ttipoteista, jotka j\u00e4iv\u00e4t lunastamatta, koska voittajat eiv\u00e4t koskaan tarkistaneet arpalippujaan. Jos pelaat kanssamme, sinun ei tarvitse koskaan huolehtia siit\u00e4, ett\u00e4 sinulle k\u00e4y n\u00e4in.<\/p>\n<p>Jokaisen arvonnan j\u00e4lkeen julkaisemme voittotulokset t\u00e4\u00e4ll\u00e4 El Gordo -sivulla. Yksi uusien lottopelaajien tekemist\u00e4 virheist\u00e4 on, etteiv\u00e4t he tarkista, ovatko he voittaneet muita palkintoja.<\/p>\n<p>El Gordo -lotossa on 17 eri palkintotasoa, ja pelaaja voi voittaa mink\u00e4 tahansa niist\u00e4. Jos pelaat kanssamme, ilmoitamme sinulle, jos olet voittanut jonkin palkinnon. Teemme sen s\u00e4hk\u00f6postitse, ja lis\u00e4ksi saat ilmoituksen, kun kirjaudut alustalle.<\/p>\n<h2>Mit\u00e4 tapahtuu, jos voitat?<\/h2>\n<p>El Gordon voittaminen on hieno kokemus, koska sinusta tuntuu, ett\u00e4 olet ollut osa jotain suurta. V\u00e4h\u00e4n kuin olisit osa tekeill\u00e4 olevaa historiaa. Viel\u00e4 hienompi tunne on, jos olet ostanut El Gordo -liput ty\u00f6tovereidesi, kavereidesi tai perheesi kanssa. Silloin voitte kaikki menn\u00e4 juhlimaan voittoa yhdess\u00e4.<\/p>\n<p>T\u00e4st\u00e4 huolimatta El Gordo -voittojesi kotiuttaminen on eritt\u00e4in helppoa, jos pelaat sivustollamme. Kyse on vain voiton nostamisesta nettitilillesi. Jos voitat yli tietyn summan, saatat joutua t\u00e4ytt\u00e4m\u00e4\u00e4n korvausvaatimuslomakkeen saadaksesi voittosi lottoyhti\u00f6lt\u00e4. Mutta sit\u00e4 vartenhan me olemme t\u00e4\u00e4ll\u00e4, jotta asiat olisivat sinulle helppoja.<\/p>\n<section class=\"layout\" style=\"border: solid 1px; width: 100%;\">\n<div class=\"img-div\" style=\"margin-top: 5px;\"><img decoding=\"async\" class=\"wp-image-17212 alignleft\" style=\"height: 45px; margin: 8px 8px 0px;\" src=\"https:\/\/jackpotlotteryonline.com\/wp-content\/uploads\/2022\/11\/read1.jpg\" alt=\"lue\" width=\"\" height=\"\" \/><\/div>\n<div style=\"padding-left: 5px;\">\n<div style=\"font-size: 1.1em;\">\n<p><strong>Lottovoittojen verot<\/strong><\/p>\n<p style=\"font-size: 0.85em; margin-top: -1.5em;\">Pit\u00e4\u00e4k\u00f6 minun maksaa veroja lottovoitoista?\u00a0 <a href=\"https:\/\/jackpotlotteryonline.com\/fi\/pitaako-minun-maksaa-veroja-lottovoitoista\"> Lue lis\u00e4\u00e4<\/a><\/p>\n<\/div>\n<\/div>\n<\/section>\n<h2>Miksi sinun pit\u00e4isi pelata El Gordo online kanssamme?<\/h2>\n<p>On niin monia syit\u00e4, miksi asiakkaamme rakastavat lottopelaamista kanssamme.<\/p>\n<ul>\n<li>El Gordo -lottokupongin ostaminen on yht\u00e4 helppoa kuin muutama napautus mobiililaitteellasi. Ei stressi\u00e4 ja t\u00e4ysin k\u00e4tev\u00e4\u00e4.<\/li>\n<li>Voit tarkistaa El Gordo -voittoyhdistelm\u00e4si suoraan t\u00e4\u00e4lt\u00e4 menem\u00e4tt\u00e4 minnek\u00e4\u00e4n muualle.<\/li>\n<li>Ilmoitamme sinulle heti, kun voitat palkinnon, olipa summa mik\u00e4 tahansa.<\/li>\n<li>Jos voitat mink\u00e4 tahansa palkinnon, voit lunastaa sen alustaltamme tilillesi.<\/li>\n<\/ul>\n<p>Teemme kirjaimellisesti helpoksi asiakkaillemme pit\u00e4\u00e4 hauskaa ja nauttia lottopelaamisesta. Totuus on, ett\u00e4 el\u00e4m\u00e4ss\u00e4 on niin monia muita asioita, jotka ovat vaikeita, ett\u00e4 lottovoiton ei tarvitse olla sellainen.<\/p>\n<h2>Tarkista voittonumerosi<\/h2>\n<p>Ennen kuin ostat lippusi, sinun on tiedett\u00e4v\u00e4, ett\u00e4 annamme asiakkaillemme p\u00e4\u00e4syn oikeisiin voittoihin. Kun pelaat kanssamme, et vain ly\u00f6 vetoa lottotuloksesta. Me varmistamme, ett\u00e4 olet osallistunut lottoon. Teemme t\u00e4m\u00e4n k\u00e4ytt\u00e4m\u00e4ll\u00e4 concierge-j\u00e4rjestelm\u00e4\u00e4, jossa Espanjassa toimiva agenttimme ostaa sinua vastaavat numerot.<\/p>\n<p>Kun sinulla on El Gordon voittonumerot, se tarkoittaa, ett\u00e4 olet voittanut lotossa. Se on oikeastaan niin yksinkertaista. Teemme kovasti t\u00f6it\u00e4 varmistaaksemme, ett\u00e4 sinun ei tarvitse huolehtia yksityiskohdista. Niinp\u00e4 me huolehdimme pienist\u00e4 asioista, jotta sin\u00e4 voit keskitty\u00e4 siihen, mik\u00e4 on sinulle t\u00e4rkeint\u00e4.<\/p>\n<p>K\u00e4y meill\u00e4 t\u00e4n\u00e4\u00e4n ja tarkista voittonumerot parhaisiin kansainv\u00e4lisiin arpajaisiin t\u00e4\u00e4ll\u00e4. Tai osta El Gordo -lottokuponkeja ja palauta ne voittonumeroita varten.<\/p>\n","protected":false},"excerpt":{"rendered":"<p>Lottoharrastajat innostuvat kuullessaan El Gordosta, eik\u00e4 vain siksi, ett\u00e4 se on yksi suurimmista eurooppalaisista lotoista. El Gordo on kaikkien arpajaisten \u00e4iti siit\u00e4 yksinkertaisesta syyst\u00e4, ett\u00e4 arvonnat suoritetaan kerran vuodessa. Itse asiassa se on osa Espanjan arpajaisia, ja joka vuosi j\u00e4rjestet\u00e4\u00e4n erityinen jouluarvonta. Se on tapahtuma, joka on t\u00e4ynn\u00e4 j\u00e4nnityst\u00e4 ja t\u00e4ynn\u00e4 perinteit\u00e4. Se kokoaa perheet, [&hellip;]<\/p>\n","protected":false},"author":1,"featured_media":0,"parent":35824,"menu_order":6,"comment_status":"closed","ping_status":"closed","template":"el-gordo-results.php","meta":{"_et_pb_use_builder":"","_et_pb_old_content":"","_et_gb_content_width":"","exclude_from_search":false,"footnotes":""},"class_list":["post-40813","page","type-page","status-publish","hentry"],"yoast_head":"<!-- This site is optimized with the Yoast SEO plugin v23.3 - https:\/\/yoast.com\/wordpress\/plugins\/seo\/ -->\n<title>El Gordon voittonumerot ja arvontatulokset<\/title>\n<meta name=\"description\" content=\"El Gordo -arvonnan tulokset, voittonumerot - t\u00e4m\u00e4n viikon sek\u00e4 menneiden viikkojen tulokset.\" \/>\n<meta name=\"robots\" content=\"index, follow, max-snippet:-1, max-image-preview:large, max-video-preview:-1\" \/>\n<link rel=\"canonical\" href=\"https:\/\/jackpotlotteryonline.com\/fi\/voittonumerot\/el-gordo-draw-results\/\" \/>\n<meta property=\"og:locale\" content=\"fi_FI\" \/>\n<meta property=\"og:type\" content=\"article\" \/>\n<meta property=\"og:title\" content=\"El Gordon voittonumerot ja arvontatulokset\" \/>\n<meta property=\"og:description\" content=\"El Gordo -arvonnan tulokset, voittonumerot - t\u00e4m\u00e4n viikon sek\u00e4 menneiden viikkojen tulokset.\" \/>\n<meta property=\"og:url\" content=\"https:\/\/jackpotlotteryonline.com\/fi\/voittonumerot\/el-gordo-draw-results\/\" \/>\n<meta property=\"og:site_name\" content=\"Lotto Online - Crack The International Lottery Jackpots\" \/>\n<meta property=\"article:modified_time\" content=\"2022-12-28T10:43:11+00:00\" \/>\n<meta property=\"og:image\" content=\"https:\/\/jackpotlotteryonline.com\/wp-content\/uploads\/2022\/10\/lotto_euros.jpg\" \/>\n<meta name=\"twitter:card\" content=\"summary_large_image\" \/>\n<meta name=\"twitter:label1\" content=\"Arvioitu lukuaika\" \/>\n\t<meta name=\"twitter:data1\" content=\"4 minuuttia\" \/>\n<!-- \/ Yoast SEO plugin. -->","yoast_head_json":{"title":"El Gordon voittonumerot ja arvontatulokset","description":"El Gordo -arvonnan tulokset, voittonumerot - t\u00e4m\u00e4n viikon sek\u00e4 menneiden viikkojen tulokset.","robots":{"index":"index","follow":"follow","max-snippet":"max-snippet:-1","max-image-preview":"max-image-preview:large","max-video-preview":"max-video-preview:-1"},"canonical":"https:\/\/jackpotlotteryonline.com\/fi\/voittonumerot\/el-gordo-draw-results\/","og_locale":"fi_FI","og_type":"article","og_title":"El Gordon voittonumerot ja arvontatulokset","og_description":"El Gordo -arvonnan tulokset, voittonumerot - t\u00e4m\u00e4n viikon sek\u00e4 menneiden viikkojen tulokset.","og_url":"https:\/\/jackpotlotteryonline.com\/fi\/voittonumerot\/el-gordo-draw-results\/","og_site_name":"Lotto Online - Crack The International Lottery Jackpots","article_modified_time":"2022-12-28T10:43:11+00:00","og_image":[{"url":"https:\/\/jackpotlotteryonline.com\/wp-content\/uploads\/2022\/10\/lotto_euros.jpg"}],"twitter_card":"summary_large_image","twitter_misc":{"Arvioitu lukuaika":"4 minuuttia"},"schema":{"@context":"https:\/\/schema.org","@graph":[{"@type":"WebPage","@id":"https:\/\/jackpotlotteryonline.com\/fi\/voittonumerot\/el-gordo-draw-results\/","url":"https:\/\/jackpotlotteryonline.com\/fi\/voittonumerot\/el-gordo-draw-results\/","name":"El Gordon voittonumerot ja arvontatulokset","isPartOf":{"@id":"https:\/\/jackpotlotteryonline.com\/#website"},"primaryImageOfPage":{"@id":"https:\/\/jackpotlotteryonline.com\/fi\/voittonumerot\/el-gordo-draw-results\/#primaryimage"},"image":{"@id":"https:\/\/jackpotlotteryonline.com\/fi\/voittonumerot\/el-gordo-draw-results\/#primaryimage"},"thumbnailUrl":"https:\/\/jackpotlotteryonline.com\/wp-content\/uploads\/2022\/10\/lotto_euros.jpg","datePublished":"2022-12-06T12:07:16+00:00","dateModified":"2022-12-28T10:43:11+00:00","description":"El Gordo -arvonnan tulokset, voittonumerot - t\u00e4m\u00e4n viikon sek\u00e4 menneiden viikkojen tulokset.","breadcrumb":{"@id":"https:\/\/jackpotlotteryonline.com\/fi\/voittonumerot\/el-gordo-draw-results\/#breadcrumb"},"inLanguage":"fi","potentialAction":[{"@type":"ReadAction","target":["https:\/\/jackpotlotteryonline.com\/fi\/voittonumerot\/el-gordo-draw-results\/"]}]},{"@type":"ImageObject","inLanguage":"fi","@id":"https:\/\/jackpotlotteryonline.com\/fi\/voittonumerot\/el-gordo-draw-results\/#primaryimage","url":"https:\/\/jackpotlotteryonline.com\/wp-content\/uploads\/2022\/10\/lotto_euros.jpg","contentUrl":"https:\/\/jackpotlotteryonline.com\/wp-content\/uploads\/2022\/10\/lotto_euros.jpg"},{"@type":"BreadcrumbList","@id":"https:\/\/jackpotlotteryonline.com\/fi\/voittonumerot\/el-gordo-draw-results\/#breadcrumb","itemListElement":[{"@type":"ListItem","position":1,"name":"Home","item":"https:\/\/jackpotlotteryonline.com\/fi\/"},{"@type":"ListItem","position":2,"name":"Lottotulokset","item":"https:\/\/jackpotlotteryonline.com\/winning-numbers\/"},{"@type":"ListItem","position":3,"name":"El Gordo arvonnan tulokset"}]},{"@type":"WebSite","@id":"https:\/\/jackpotlotteryonline.com\/#website","url":"https:\/\/jackpotlotteryonline.com\/","name":"Lotto Online - Crack The International Lottery Jackpots","description":"","potentialAction":[{"@type":"SearchAction","target":{"@type":"EntryPoint","urlTemplate":"https:\/\/jackpotlotteryonline.com\/?s={search_term_string}"},"query-input":"required name=search_term_string"}],"inLanguage":"fi"}]}},"_links":{"self":[{"href":"https:\/\/jackpotlotteryonline.com\/fi\/wp-json\/wp\/v2\/pages\/40813","targetHints":{"allow":["GET"]}}],"collection":[{"href":"https:\/\/jackpotlotteryonline.com\/fi\/wp-json\/wp\/v2\/pages"}],"about":[{"href":"https:\/\/jackpotlotteryonline.com\/fi\/wp-json\/wp\/v2\/types\/page"}],"author":[{"embeddable":true,"href":"https:\/\/jackpotlotteryonline.com\/fi\/wp-json\/wp\/v2\/users\/1"}],"replies":[{"embeddable":true,"href":"https:\/\/jackpotlotteryonline.com\/fi\/wp-json\/wp\/v2\/comments?post=40813"}],"version-history":[{"count":0,"href":"https:\/\/jackpotlotteryonline.com\/fi\/wp-json\/wp\/v2\/pages\/40813\/revisions"}],"up":[{"embeddable":true,"href":"https:\/\/jackpotlotteryonline.com\/fi\/wp-json\/wp\/v2\/pages\/35824"}],"wp:attachment":[{"href":"https:\/\/jackpotlotteryonline.com\/fi\/wp-json\/wp\/v2\/media?parent=40813"}],"curies":[{"name":"wp","href":"https:\/\/api.w.org\/{rel}","templated":true}]}}