{"id":40872,"date":"2022-12-07T08:09:18","date_gmt":"2022-12-07T08:09:18","guid":{"rendered":"https:\/\/jackpotlotteryonline.com\/?page_id=40872"},"modified":"2022-12-28T17:34:49","modified_gmt":"2022-12-28T17:34:49","slug":"german-lotto","status":"publish","type":"page","link":"https:\/\/jackpotlotteryonline.com\/fi\/voittonumerot\/german-lotto\/","title":{"rendered":"Saksan lottoarvonnan tulokset"},"content":{"rendered":"<p>Saksan lottoarvonnan tuloksetJos olet <a href=\"https:\/\/jackpotlotteryonline.com\/fi\/kuinka-pelata\/german-lotto\">pelannut Saksan lottoa<\/a> tai haluat kokeilla sit\u00e4, voittonumeroiden tarkistaminen on t\u00e4rke\u00e4\u00e4. Lottovoitto on el\u00e4m\u00e4\u00e4 muuttava kokemus.<\/p>\n<p>Se tunnetaan nimell\u00e4 6 aus 49 tai 6 out of 49, ja se on yksi Euroopan suosituimmista lotoista. T\u00e4ss\u00e4 saksalaisessa lotossa, jossa on uskomattomat todenn\u00e4k\u00f6isyydet ja el\u00e4m\u00e4\u00e4 muuttavat j\u00e4ttipottipalkinnot, on yhdeks\u00e4n eri palkintotasoa.<\/p>\n<p>Sit\u00e4 on helppo pelata, ja voit nyt osallistua saksalaiseen lottoon mist\u00e4 p\u00e4in maailmaa tahansa. Voit my\u00f6s tarkistaa voittonumerosi, kun pelaat jackpotlottoonline.com-sivustolla.<\/p>\n<h2>Kuinka pelata saksalaista lottoa<\/h2>\n<p><img loading=\"lazy\" decoding=\"async\" class=\"alignright size-medium wp-image-29156\" src=\"http:\/\/jackpotlotteryonline.com\/wp-content\/uploads\/2022\/11\/1_play_lotto_to_win-300x214.jpg\" alt=\"osallistu Saksan lotto voittaa palkintoja\" width=\"300\" height=\"214\" srcset=\"https:\/\/jackpotlotteryonline.com\/wp-content\/uploads\/2022\/11\/1_play_lotto_to_win-300x214.jpg 300w, https:\/\/jackpotlotteryonline.com\/wp-content\/uploads\/2022\/11\/1_play_lotto_to_win.jpg 320w\" sizes=\"auto, (max-width: 300px) 100vw, 300px\" \/>Periaatteessa pelaajien on vain valittava 6 numeroa alueelta 1-49, ja se, joka vastaa arvottuja tuloksia, voittaa j\u00e4ttipotin. Lis\u00e4ksi on olemassa bonusnumero, jota kutsutaan supernumeroksi. Se valitaan satunnaisesti, ja sen avulla m\u00e4\u00e4ritet\u00e4\u00e4n voittajat kolmelle tasolle, mukaan lukien j\u00e4ttipotti.<\/p>\n<p>J\u00e4ttipotin m\u00e4\u00e4r\u00e4 on taattu miljoona euroa, mutta jos arvonnan j\u00e4lkeen ei ole voittajaa, j\u00e4ttipotti kierr\u00e4tet\u00e4\u00e4n. Saksan loton j\u00e4ttipotti voi nousta jopa 14 000 000 euroon, mik\u00e4 on mielest\u00e4mme aika mahtavaa.<\/p>\n<h2>Pelaaminen osoitteessa jackpotlottoonline.com<\/h2>\n<p>Kun <a href=\"https:\/\/jackpotlotteryonline.com\/fi\/osta-lippuja\/lotto-germany\">ostat meilt\u00e4 arvan<\/a>, osallistut itse asiassa lottoon. Me emme toimi kuten jotkut nettilottosivustot, jotka vain antavat pelaajille mahdollisuuden ly\u00f6d\u00e4 vetoa lopputuloksesta. Jos ly\u00f6t vetoa lopputuloksesta, et voita lottoa, vaikka saisitkin voittonumerot.<\/p>\n<p>Olemme concierge-sivusto, joka antaa asiakkaillemme mahdollisuuden osallistua lottoihin ymp\u00e4ri maailmaa. Kun ostat saksalaisen lottokupongin netist\u00e4, maassa olevat edustajamme ostavat fyysisen kupongin. Fyysisess\u00e4 saksalaisessa lottokupongissa on samat numerot kuin valitsemasi numerot. Sen j\u00e4lkeen me skannaamme sen tilillesi.<\/p>\n<p><strong>Voit pelata lottoa kanssamme:<\/strong><\/p>\n<ul>\n<li>Voit my\u00f6s k\u00e4ytt\u00e4\u00e4 automaattista generaattoriamme satunnaisten lottonumeroiden valitsemiseen.<\/li>\n<li>Osallistu arvontoihin. Voit sy\u00f6tt\u00e4\u00e4 yksitt\u00e4isi\u00e4 tai useita arvontoja.<\/li>\n<li>Valitse, kuinka monta viikkoa etuk\u00e4teen haluat pelata (tai voit pelata vain kerran).<\/li>\n<li>Rekister\u00f6idy, jotta voit k\u00e4sitell\u00e4 maksusi (n\u00e4in voimme ilmoittaa sinulle, kun voitat lotossa).<\/li>\n<\/ul>\n<h2>Saksan lottovoitto (palkintojen jakautuminen)<\/h2>\n<p><img loading=\"lazy\" decoding=\"async\" class=\"alignright size-medium wp-image-28616\" src=\"http:\/\/jackpotlotteryonline.com\/wp-content\/uploads\/2022\/11\/1_online_lotto-300x128.jpg\" alt=\"Pelaa Saksan lottoa\" width=\"300\" height=\"128\" srcset=\"https:\/\/jackpotlotteryonline.com\/wp-content\/uploads\/2022\/11\/1_online_lotto-300x128.jpg 300w, https:\/\/jackpotlotteryonline.com\/wp-content\/uploads\/2022\/11\/1_online_lotto.jpg 320w\" sizes=\"auto, (max-width: 300px) 100vw, 300px\" \/>Mainitsimme jo, ett\u00e4 t\u00e4ss\u00e4 eurooppalaisessa lotossa on 9 eri palkintotasoa. Se on paljon palkintoja, joita pelaaja voi voittaa, mik\u00e4 selitt\u00e4\u00e4, miksi t\u00e4m\u00e4 lotto on niin suosittu mantereella. Todenn\u00e4k\u00f6isyys voittaa j\u00e4ttipotti on 1:139 838 160.<\/p>\n<p>Jaamme eri palkintotasojen palkintojen jaottelun sek\u00e4 kunkin tason kertoimet. Ilmoitamme my\u00f6s kunkin osion arvioidun palkinnon. Palkinnot m\u00e4\u00e4r\u00e4ytyv\u00e4t lottopotin kokonaism\u00e4\u00e4r\u00e4n mukaan, mutta aiempien voittojen perusteella on mahdollista saada likim\u00e4\u00e4r\u00e4inen luku.<\/p>\n<p>Taso 1: 6 + Super Number &#8211; 12 585 434,40 \u20ac (j\u00e4ttipotti) &#8211; 1:139 838 160 &#8211; 1:139 838 160<\/p>\n<p>Taso 2: Vain 6 numeroa &#8211; 1 003 509,30 \u20ac &#8211; 1: 15 537 573,573<\/p>\n<p>Taso 3: 5 + supernumero &#8211; 12 135,40 \u20ac &#8211; 1:524 008 \u20ac.<\/p>\n<p>Taso 4: Vain 5 numeroa &#8211; 4,019.20 \u20ac &#8211; 1:60,223 1:60,223<\/p>\n<p>Taso 5: 4 + supernumero &#8211; 191,10 \u20ac &#8211; 1:10,324 &#8211; 1:10,324<\/p>\n<p>Taso 6: Vain 4 numeroa &#8211; 50,30 \u20ac &#8211; 1:1,147 &#8211; 1:1,147<\/p>\n<p>Taso 7: 3 + supernumero &#8211; 21,20 \u20ac &#8211; 1:567 &#8211; 1:567<\/p>\n<p>Taso 8: Vain 3 numeroa &#8211; 11,10 \u20ac &#8211; 1:63 &#8211; 1:63<\/p>\n<p>Taso 9: 2 + supernumero &#8211; 6 \u20ac &#8211; 1:76 &#8211; 1:76<\/p>\n<section class=\"layout\" style=\"border: solid 1px; width: 100%;\">\n<div class=\"img-div\" style=\"margin-top: 5px;\"><img decoding=\"async\" class=\"wp-image-17212 alignleft\" style=\"height: 45px; margin: 8px 8px 0px;\" src=\"http:\/\/jackpotlotteryonline.com\/wp-content\/uploads\/2022\/11\/read1.jpg\" alt=\"lue\" width=\"\" height=\"\" \/><\/div>\n<div style=\"padding-left: 5px;\">\n<div style=\"font-size: 1.1em;\">\n<p><strong>Kansallinen lottosi kansainv\u00e4lisess\u00e4 vertailussa<\/strong><\/p>\n<p style=\"font-size: 0.85em; margin-top: -1.5em;\">Paikallinen lottopelisi voi olla huonoin vaihtoehtosi &#8211; miksi on j\u00e4rkev\u00e4mp\u00e4\u00e4 maksaa enemm\u00e4n, mutta tavoitella suurempia j\u00e4ttipotteja\u00a0<a href=\"https:\/\/jackpotlotteryonline.com\/fi\/kansallinen-arpajaisesi-kansainvalisessa-vertailussa\"> Lue lis\u00e4\u00e4<\/a><\/p>\n<\/div>\n<\/div>\n<\/section>\n<h2>Tarkista voittonumerosi verkossa<\/h2>\n<p>Aivan kuten saksalaisen loton pelaaminen on uskomattoman yksinkertaista, olemme my\u00f6s yksinkertaistaneet tulosten tarkistamista. Jos pelaat t\u00e4t\u00e4 lottoa, voit helposti tarkistaa voittonumerosi verkossa. Tarkista jokaisen arvonnan j\u00e4lkeen, oletko voittanut palkinnon. Julkaisemme arvontatulokset t\u00e4\u00e4ll\u00e4.<\/p>\n<p>Mutta vaikka unohtaisitkin tarkistaa arvontojen j\u00e4lkeen, ilmoitamme sinulle, jos olet voittanut palkintoja. Ilmoitamme siit\u00e4 tilisi kautta, mutta l\u00e4het\u00e4mme sinulle my\u00f6s s\u00e4hk\u00f6postia.<\/p>\n<h2>Kuinka lunastaa palkintosi<\/h2>\n<p>Saksan lottoarvonnat suoritetaan kerran viikossa keskiviikkoisin. Arpajaisten j\u00e4lkeen voittonumerot ilmoitetaan. Lottovoitto tarkoittaa vain sit\u00e4, ett\u00e4 sinulla on arpa, joka vastaa arvottuja tuloksia.<\/p>\n<p>Jos voitat palkinnon, voit helposti lunastaa palkintosi nostamalla sen alustaltamme tilillesi. Aivan oikein. Kaikki alle 2 500 euron palkinnot voidaan nostaa suoraan tilillesi.<\/p>\n<p>Yli 2 500 euron summia varten sinun on ehk\u00e4 t\u00e4ytett\u00e4v\u00e4 lottoyhti\u00f6n laatima lunastuslomake. Mutta me opastamme sinut prosessin l\u00e4pi. Jos et siis ole viel\u00e4 ostanut saksalaista lottokuponkia, tee se nyt. Ja muista tarkistaa voittonumerot.<\/p>\n","protected":false},"excerpt":{"rendered":"<p>Saksan lottoarvonnan tuloksetJos olet pelannut Saksan lottoa tai haluat kokeilla sit\u00e4, voittonumeroiden tarkistaminen on t\u00e4rke\u00e4\u00e4. Lottovoitto on el\u00e4m\u00e4\u00e4 muuttava kokemus. Se tunnetaan nimell\u00e4 6 aus 49 tai 6 out of 49, ja se on yksi Euroopan suosituimmista lotoista. T\u00e4ss\u00e4 saksalaisessa lotossa, jossa on uskomattomat todenn\u00e4k\u00f6isyydet ja el\u00e4m\u00e4\u00e4 muuttavat j\u00e4ttipottipalkinnot, on yhdeks\u00e4n eri palkintotasoa. Sit\u00e4 on [&hellip;]<\/p>\n","protected":false},"author":1,"featured_media":0,"parent":35824,"menu_order":8,"comment_status":"closed","ping_status":"closed","template":"lotto-german-results.php","meta":{"_et_pb_use_builder":"","_et_pb_old_content":"","_et_gb_content_width":"","exclude_from_search":false,"footnotes":""},"class_list":["post-40872","page","type-page","status-publish","hentry"],"yoast_head":"<!-- This site is optimized with the Yoast SEO plugin v23.3 - https:\/\/yoast.com\/wordpress\/plugins\/seo\/ -->\n<title>Saksan lottovoittonumerot ja arvontatulokset<\/title>\n<meta name=\"description\" content=\"Luettelo t\u00e4ss\u00e4 kaikki nykyiset ja aiemmat voittonumerot, arvontatulokset Saksan lotto\" \/>\n<meta name=\"robots\" content=\"index, follow, max-snippet:-1, max-image-preview:large, max-video-preview:-1\" \/>\n<link rel=\"canonical\" href=\"https:\/\/jackpotlotteryonline.com\/fi\/voittonumerot\/german-lotto\/\" \/>\n<meta property=\"og:locale\" content=\"fi_FI\" \/>\n<meta property=\"og:type\" content=\"article\" \/>\n<meta property=\"og:title\" content=\"Saksan lottovoittonumerot ja arvontatulokset\" \/>\n<meta property=\"og:description\" content=\"Luettelo t\u00e4ss\u00e4 kaikki nykyiset ja aiemmat voittonumerot, arvontatulokset Saksan lotto\" \/>\n<meta property=\"og:url\" content=\"https:\/\/jackpotlotteryonline.com\/fi\/voittonumerot\/german-lotto\/\" \/>\n<meta property=\"og:site_name\" content=\"Lotto Online - Crack The International Lottery Jackpots\" \/>\n<meta property=\"article:modified_time\" content=\"2022-12-28T17:34:49+00:00\" \/>\n<meta property=\"og:image\" content=\"http:\/\/jackpotlotteryonline.com\/wp-content\/uploads\/2022\/11\/1_play_lotto_to_win-300x214.jpg\" \/>\n<meta name=\"twitter:card\" content=\"summary_large_image\" \/>\n<meta name=\"twitter:label1\" content=\"Arvioitu lukuaika\" \/>\n\t<meta name=\"twitter:data1\" content=\"3 minuuttia\" \/>\n<!-- \/ Yoast SEO plugin. -->","yoast_head_json":{"title":"Saksan lottovoittonumerot ja arvontatulokset","description":"Luettelo t\u00e4ss\u00e4 kaikki nykyiset ja aiemmat voittonumerot, arvontatulokset Saksan lotto","robots":{"index":"index","follow":"follow","max-snippet":"max-snippet:-1","max-image-preview":"max-image-preview:large","max-video-preview":"max-video-preview:-1"},"canonical":"https:\/\/jackpotlotteryonline.com\/fi\/voittonumerot\/german-lotto\/","og_locale":"fi_FI","og_type":"article","og_title":"Saksan lottovoittonumerot ja arvontatulokset","og_description":"Luettelo t\u00e4ss\u00e4 kaikki nykyiset ja aiemmat voittonumerot, arvontatulokset Saksan lotto","og_url":"https:\/\/jackpotlotteryonline.com\/fi\/voittonumerot\/german-lotto\/","og_site_name":"Lotto Online - Crack The International Lottery Jackpots","article_modified_time":"2022-12-28T17:34:49+00:00","og_image":[{"url":"http:\/\/jackpotlotteryonline.com\/wp-content\/uploads\/2022\/11\/1_play_lotto_to_win-300x214.jpg"}],"twitter_card":"summary_large_image","twitter_misc":{"Arvioitu lukuaika":"3 minuuttia"},"schema":{"@context":"https:\/\/schema.org","@graph":[{"@type":"WebPage","@id":"https:\/\/jackpotlotteryonline.com\/fi\/voittonumerot\/german-lotto\/","url":"https:\/\/jackpotlotteryonline.com\/fi\/voittonumerot\/german-lotto\/","name":"Saksan lottovoittonumerot ja arvontatulokset","isPartOf":{"@id":"https:\/\/jackpotlotteryonline.com\/#website"},"primaryImageOfPage":{"@id":"https:\/\/jackpotlotteryonline.com\/fi\/voittonumerot\/german-lotto\/#primaryimage"},"image":{"@id":"https:\/\/jackpotlotteryonline.com\/fi\/voittonumerot\/german-lotto\/#primaryimage"},"thumbnailUrl":"http:\/\/jackpotlotteryonline.com\/wp-content\/uploads\/2022\/11\/1_play_lotto_to_win-300x214.jpg","datePublished":"2022-12-07T08:09:18+00:00","dateModified":"2022-12-28T17:34:49+00:00","description":"Luettelo t\u00e4ss\u00e4 kaikki nykyiset ja aiemmat voittonumerot, arvontatulokset Saksan lotto","breadcrumb":{"@id":"https:\/\/jackpotlotteryonline.com\/fi\/voittonumerot\/german-lotto\/#breadcrumb"},"inLanguage":"fi","potentialAction":[{"@type":"ReadAction","target":["https:\/\/jackpotlotteryonline.com\/fi\/voittonumerot\/german-lotto\/"]}]},{"@type":"ImageObject","inLanguage":"fi","@id":"https:\/\/jackpotlotteryonline.com\/fi\/voittonumerot\/german-lotto\/#primaryimage","url":"http:\/\/jackpotlotteryonline.com\/wp-content\/uploads\/2022\/11\/1_play_lotto_to_win-300x214.jpg","contentUrl":"http:\/\/jackpotlotteryonline.com\/wp-content\/uploads\/2022\/11\/1_play_lotto_to_win-300x214.jpg"},{"@type":"BreadcrumbList","@id":"https:\/\/jackpotlotteryonline.com\/fi\/voittonumerot\/german-lotto\/#breadcrumb","itemListElement":[{"@type":"ListItem","position":1,"name":"Home","item":"https:\/\/jackpotlotteryonline.com\/fi\/"},{"@type":"ListItem","position":2,"name":"Lottotulokset","item":"https:\/\/jackpotlotteryonline.com\/winning-numbers\/"},{"@type":"ListItem","position":3,"name":"Saksan lottoarvonnan tulokset"}]},{"@type":"WebSite","@id":"https:\/\/jackpotlotteryonline.com\/#website","url":"https:\/\/jackpotlotteryonline.com\/","name":"Lotto Online - Crack The International Lottery Jackpots","description":"","potentialAction":[{"@type":"SearchAction","target":{"@type":"EntryPoint","urlTemplate":"https:\/\/jackpotlotteryonline.com\/?s={search_term_string}"},"query-input":"required name=search_term_string"}],"inLanguage":"fi"}]}},"_links":{"self":[{"href":"https:\/\/jackpotlotteryonline.com\/fi\/wp-json\/wp\/v2\/pages\/40872","targetHints":{"allow":["GET"]}}],"collection":[{"href":"https:\/\/jackpotlotteryonline.com\/fi\/wp-json\/wp\/v2\/pages"}],"about":[{"href":"https:\/\/jackpotlotteryonline.com\/fi\/wp-json\/wp\/v2\/types\/page"}],"author":[{"embeddable":true,"href":"https:\/\/jackpotlotteryonline.com\/fi\/wp-json\/wp\/v2\/users\/1"}],"replies":[{"embeddable":true,"href":"https:\/\/jackpotlotteryonline.com\/fi\/wp-json\/wp\/v2\/comments?post=40872"}],"version-history":[{"count":0,"href":"https:\/\/jackpotlotteryonline.com\/fi\/wp-json\/wp\/v2\/pages\/40872\/revisions"}],"up":[{"embeddable":true,"href":"https:\/\/jackpotlotteryonline.com\/fi\/wp-json\/wp\/v2\/pages\/35824"}],"wp:attachment":[{"href":"https:\/\/jackpotlotteryonline.com\/fi\/wp-json\/wp\/v2\/media?parent=40872"}],"curies":[{"name":"wp","href":"https:\/\/api.w.org\/{rel}","templated":true}]}}