{"id":40926,"date":"2022-12-07T10:05:52","date_gmt":"2022-12-07T10:05:52","guid":{"rendered":"https:\/\/jackpotlotteryonline.com\/?page_id=40926"},"modified":"2022-12-28T20:38:57","modified_gmt":"2022-12-28T20:38:57","slug":"france-lotto-2","status":"publish","type":"page","link":"https:\/\/jackpotlotteryonline.com\/fi\/voittonumerot\/france-lotto-2\/","title":{"rendered":"Ranska Lotto tasapeli tulokset"},"content":{"rendered":"<p>France Lotto on eurooppalainen lotto, joka tuottaa voittajia kolme kertaa viikossa. Se lanseerattiin vuonna 1976, ja sen arvontap\u00e4iv\u00e4t ovat maanantaisin, keskiviikkoisin ja lauantaisin. Ranska Loton voittonumerot ilmoitetaan n\u00e4in\u00e4 p\u00e4ivin\u00e4. Voittajat kaikkialta maailmasta voivat osallistua Ranska-lottoon ostamalla lippunsa netist\u00e4.<\/p>\n<h2>Miksi sinun pit\u00e4isi tarkistaa voittonumerot<\/h2>\n<p>France Lotto -yhti\u00f6 ei yleens\u00e4 tied\u00e4 kaikkien lippujen tuojien henkil\u00f6llisyytt\u00e4. Heill\u00e4 ei siis ole mit\u00e4\u00e4n keinoa ottaa yhteytt\u00e4 lottovoittajiin. Siksi sinun on jatkuvasti tarkistettava lippusi ja arvotut numerot, jotta saat selville, oletko voittanut.<\/p>\n<p>Lis\u00e4ksi Ranskan lotossa on 10 voittoluokkaa. On mahdollista, ett\u00e4 pelaaja ei ole voittanut p\u00e4\u00e4voittoa, mutta on voinut voittaa muita palkintoja.<\/p>\n<h2>Tapoja tarkistaa France Loton voittotulokset<\/h2>\n<p><img loading=\"lazy\" decoding=\"async\" class=\"alignright wp-image-31748\" src=\"https:\/\/jackpotlotteryonline.com\/wp-content\/uploads\/2022\/11\/rf_results_page-300x225.jpg\" alt=\"Ranska Lotto voittotulokset\" width=\"244\" height=\"183\" srcset=\"https:\/\/jackpotlotteryonline.com\/wp-content\/uploads\/2022\/11\/rf_results_page-300x225.jpg 300w, https:\/\/jackpotlotteryonline.com\/wp-content\/uploads\/2022\/11\/rf_results_page-600x449.jpg 600w, https:\/\/jackpotlotteryonline.com\/wp-content\/uploads\/2022\/11\/rf_results_page-768x575.jpg 768w, https:\/\/jackpotlotteryonline.com\/wp-content\/uploads\/2022\/11\/rf_results_page.jpg 801w\" sizes=\"auto, (max-width: 244px) 100vw, 244px\" \/>Ranskan lottoarvonnan arvontatulosten tarkistamiseen on useita tapoja. T\u00e4m\u00e4 on t\u00e4rke\u00e4\u00e4, jotta voit selvitt\u00e4\u00e4 j\u00e4ttipotin voittaneen arvan. Muista, ett\u00e4 voittaja on se, joka vastaa arvottuja lukuja. Jos ostat lippuja Ranskan lottoon, voit tarkistaa arvontatulokset mill\u00e4 tahansa seuraavista tavoista:<\/p>\n<h3>Katso suoraa TV-arvonta<\/h3>\n<p>T\u00e4m\u00e4 on todella j\u00e4nnitt\u00e4v\u00e4\u00e4, koska numerot huudetaan ja saat heti tiet\u00e4\u00e4, oletko voittanut. Ongelmana t\u00e4ss\u00e4 on se, ett\u00e4 sinun on asuttava Ranskassa, jotta voit seurata Ranskan lottoarvontoja suorana l\u00e4hetyksen\u00e4.<\/p>\n<section class=\"layout\" style=\"border: solid 1px; width: 100%;\">\n<div class=\"img-div\" style=\"margin-top: 5px;\"><img decoding=\"async\" class=\"wp-image-17212 alignleft\" style=\"height: 45px; margin: 8px 8px 0px;\" src=\"https:\/\/jackpotlotteryonline.com\/wp-content\/uploads\/2022\/11\/read1.jpg\" alt=\"lue\" width=\"\" height=\"\" \/><\/div>\n<div style=\"padding-left: 5px;\">\n<div style=\"font-size: 1.1em;\">\n<p><strong>\u00c4l\u00e4 missaa maailman suurimpien lottoj\u00e4ttipottien arvonta-aikoja<\/strong><\/p>\n<p style=\"font-size: 0.85em; margin-top: -1.5em;\">Luettelo kansainv\u00e4listen arpajaisten arvonta-ajoista\u00a0<a href=\"https:\/\/jackpotlotteryonline.com\/fi\/milloin-kansainvalisten-arpajaisten-arvonta-ajat-ovat\"> Lue lis\u00e4\u00e4<\/a><\/p>\n<\/div>\n<\/div>\n<\/section>\n<h3>K\u00e4y uutissivustoilla<\/h3>\n<p>Toinen tapa tarkistaa arvontatulokset on tarkistaa uutissivustot. Eri uutissivustot julkaisevat voittoyhdistelm\u00e4t sivuillaan. T\u00e4m\u00e4 p\u00e4tee erityisesti eurooppalaisiin uutissivustoihin. Jos voitat j\u00e4ttipotin, t\u00e4m\u00e4 on loistava vaihtoehto. On kuitenkin useita muita palkintojakaumia, jotka pelaaja voi voittaa. Valitettavasti n\u00e4m\u00e4 sivustot eiv\u00e4t yleens\u00e4 julkaise voittoyhdistelmi\u00e4 n\u00e4iden jakojen osalta. Jos siis voitat esimerkiksi kakkosluokan palkinnon, saatat j\u00e4\u00e4d\u00e4 siit\u00e4 paitsi.<\/p>\n<h3>Tarkista jackpotlotteryonline.com<\/h3>\n<p>Kun rekister\u00f6idyt meille, voit helposti tarkistaa Ranskan loton voittonumerot. Jokaisen arvonnan j\u00e4lkeen julkaisemme tulokset t\u00e4\u00e4ll\u00e4 sivuillamme. Lis\u00e4ksi, jos voitat jonkin palkinnon, ilmoitamme sinulle v\u00e4litt\u00f6m\u00e4sti riippumatta voittamastasi palkintojakaumasta. Lis\u00e4ksi voit my\u00f6s nostaa lottovoittosi suoraan sivustoltamme tilillesi.<\/p>\n<h2>Nettipelaamisen edut<\/h2>\n<p>Se, ett\u00e4 voit tarkistaa arvontatulokset k\u00e4tev\u00e4sti, on vain yksi <a href=\"https:\/\/jackpotlotteryonline.com\/fi\/kuinka-pelata\/france-lotto\">lottopelaamisen eduista verkossa<\/a>. Meid\u00e4n on kuitenkin my\u00f6nnett\u00e4v\u00e4, ett\u00e4 se on valtava etu. Seuraavassa on joitakin etuja p\u00e4hkin\u00e4nkuoressa:<\/p>\n<ul>\n<li>P\u00e4\u00e4sy kansainv\u00e4lisiin huippulottoihin mist\u00e4 tahansa<\/li>\n<li>Pelaaminen k\u00e4tev\u00e4sti tietokoneelta tai mobiililaitteesta k\u00e4sin<\/li>\n<li>Useiden arvontojen helppo ajoittaminen etuk\u00e4teen<\/li>\n<li>Tarkista arvontatulokset k\u00e4tev\u00e4sti<\/li>\n<li>Nosta voittosi suoraan tilillesi<\/li>\n<\/ul>\n<h2>Ranskan lottovoittoyhdistelm\u00e4t<\/h2>\n<p>Oikean yhdistelm\u00e4n valitseminen Ranskan lottokuponkiin voi olla melko hankalaa. Monilla pelaajilla on erilaisia vinkkej\u00e4, joilla he lis\u00e4\u00e4v\u00e4t mahdollisuuksiaan voittaa lotossa. Voimme kertoa, ett\u00e4 mit\u00e4\u00e4n takuuvarmoja tapoja lottovoittoon ei ole. Kyse on tuurista. Voimme kuitenkin jakaa joitakin strategioita, joita pelaajat k\u00e4ytt\u00e4v\u00e4t valitessaan voittonumeroita.<\/p>\n<p>Jotkut pelaajat haluavat k\u00e4yd\u00e4 l\u00e4pi aiempia voittoyhdistelmi\u00e4 l\u00f6yt\u00e4\u00e4kseen numeroita, jotka esiintyv\u00e4t s\u00e4\u00e4nn\u00f6llisesti tai harvoin. He pystyv\u00e4t tunnistamaan kaavan ja luomaan sen avulla strategian lottopelaamista varten. Sit\u00e4, toimiiko se vai ei, on vaikea sanoa.<\/p>\n<p>Toiset pelaajat haluavat pelata usein ostamalla useita lippuja ja osallistumalla useisiin arvontoihin. T\u00e4m\u00e4n logiikka perustuu siihen, ett\u00e4 mit\u00e4 useammin pelaat lottoa, sit\u00e4 suuremmat voittomahdollisuudet sinulla on. Mielenkiintoista on, ett\u00e4 useimmat voittajat pelasivat vuosia ennen lottovoittoa. On kuitenkin niit\u00e4kin, jotka voittivat ensimm\u00e4isell\u00e4 pelikerralla.<\/p>\n<h2>Johtop\u00e4\u00e4t\u00f6s<\/h2>\n<p>Yhteenvetona voidaan todeta, ett\u00e4 Ranskan lotto on onnenpeli. Voit <a href=\"https:\/\/jackpotlotteryonline.com\/fi\/osta-lippuja\/lotto-france\">ostaa Ranskan lottokuponkeja<\/a> ja tarkistaa voittoyhdistelm\u00e4t t\u00e4\u00e4ll\u00e4 jackpotlotteryonline.com-sivustolla.<\/p>\n","protected":false},"excerpt":{"rendered":"<p>France Lotto on eurooppalainen lotto, joka tuottaa voittajia kolme kertaa viikossa. Se lanseerattiin vuonna 1976, ja sen arvontap\u00e4iv\u00e4t ovat maanantaisin, keskiviikkoisin ja lauantaisin. Ranska Loton voittonumerot ilmoitetaan n\u00e4in\u00e4 p\u00e4ivin\u00e4. Voittajat kaikkialta maailmasta voivat osallistua Ranska-lottoon ostamalla lippunsa netist\u00e4. Miksi sinun pit\u00e4isi tarkistaa voittonumerot France Lotto -yhti\u00f6 ei yleens\u00e4 tied\u00e4 kaikkien lippujen tuojien henkil\u00f6llisyytt\u00e4. Heill\u00e4 ei [&hellip;]<\/p>\n","protected":false},"author":1,"featured_media":0,"parent":35824,"menu_order":9,"comment_status":"closed","ping_status":"closed","template":"lotto-fr-results.php","meta":{"_et_pb_use_builder":"","_et_pb_old_content":"","_et_gb_content_width":"","exclude_from_search":false,"footnotes":""},"class_list":["post-40926","page","type-page","status-publish","hentry"],"yoast_head":"<!-- This site is optimized with the Yoast SEO plugin v23.3 - https:\/\/yoast.com\/wordpress\/plugins\/seo\/ -->\n<title>Ranska Lotto voittonumerot ja arvonnan tulokset<\/title>\n<meta name=\"description\" content=\"Haluatko tiet\u00e4\u00e4 Ranskan loton voittonumerot ja arvontatulokset? Tutustu Lotto Ranska -tulossivuumme ja arkistoomme\" \/>\n<meta name=\"robots\" content=\"index, follow, max-snippet:-1, max-image-preview:large, max-video-preview:-1\" \/>\n<link rel=\"canonical\" href=\"https:\/\/jackpotlotteryonline.com\/fi\/voittonumerot\/france-lotto-2\/\" \/>\n<meta property=\"og:locale\" content=\"fi_FI\" \/>\n<meta property=\"og:type\" content=\"article\" \/>\n<meta property=\"og:title\" content=\"Ranska Lotto voittonumerot ja arvonnan tulokset\" \/>\n<meta property=\"og:description\" content=\"Haluatko tiet\u00e4\u00e4 Ranskan loton voittonumerot ja arvontatulokset? Tutustu Lotto Ranska -tulossivuumme ja arkistoomme\" \/>\n<meta property=\"og:url\" content=\"https:\/\/jackpotlotteryonline.com\/fi\/voittonumerot\/france-lotto-2\/\" \/>\n<meta property=\"og:site_name\" content=\"Lotto Online - Crack The International Lottery Jackpots\" \/>\n<meta property=\"article:modified_time\" content=\"2022-12-28T20:38:57+00:00\" \/>\n<meta property=\"og:image\" content=\"https:\/\/jackpotlotteryonline.com\/wp-content\/uploads\/2022\/11\/rf_results_page-300x225.jpg\" \/>\n<meta name=\"twitter:card\" content=\"summary_large_image\" \/>\n<meta name=\"twitter:label1\" content=\"Arvioitu lukuaika\" \/>\n\t<meta name=\"twitter:data1\" content=\"3 minuuttia\" \/>\n<!-- \/ Yoast SEO plugin. -->","yoast_head_json":{"title":"Ranska Lotto voittonumerot ja arvonnan tulokset","description":"Haluatko tiet\u00e4\u00e4 Ranskan loton voittonumerot ja arvontatulokset? Tutustu Lotto Ranska -tulossivuumme ja arkistoomme","robots":{"index":"index","follow":"follow","max-snippet":"max-snippet:-1","max-image-preview":"max-image-preview:large","max-video-preview":"max-video-preview:-1"},"canonical":"https:\/\/jackpotlotteryonline.com\/fi\/voittonumerot\/france-lotto-2\/","og_locale":"fi_FI","og_type":"article","og_title":"Ranska Lotto voittonumerot ja arvonnan tulokset","og_description":"Haluatko tiet\u00e4\u00e4 Ranskan loton voittonumerot ja arvontatulokset? Tutustu Lotto Ranska -tulossivuumme ja arkistoomme","og_url":"https:\/\/jackpotlotteryonline.com\/fi\/voittonumerot\/france-lotto-2\/","og_site_name":"Lotto Online - Crack The International Lottery Jackpots","article_modified_time":"2022-12-28T20:38:57+00:00","og_image":[{"url":"https:\/\/jackpotlotteryonline.com\/wp-content\/uploads\/2022\/11\/rf_results_page-300x225.jpg"}],"twitter_card":"summary_large_image","twitter_misc":{"Arvioitu lukuaika":"3 minuuttia"},"schema":{"@context":"https:\/\/schema.org","@graph":[{"@type":"WebPage","@id":"https:\/\/jackpotlotteryonline.com\/fi\/voittonumerot\/france-lotto-2\/","url":"https:\/\/jackpotlotteryonline.com\/fi\/voittonumerot\/france-lotto-2\/","name":"Ranska Lotto voittonumerot ja arvonnan tulokset","isPartOf":{"@id":"https:\/\/jackpotlotteryonline.com\/#website"},"primaryImageOfPage":{"@id":"https:\/\/jackpotlotteryonline.com\/fi\/voittonumerot\/france-lotto-2\/#primaryimage"},"image":{"@id":"https:\/\/jackpotlotteryonline.com\/fi\/voittonumerot\/france-lotto-2\/#primaryimage"},"thumbnailUrl":"https:\/\/jackpotlotteryonline.com\/wp-content\/uploads\/2022\/11\/rf_results_page-300x225.jpg","datePublished":"2022-12-07T10:05:52+00:00","dateModified":"2022-12-28T20:38:57+00:00","description":"Haluatko tiet\u00e4\u00e4 Ranskan loton voittonumerot ja arvontatulokset? Tutustu Lotto Ranska -tulossivuumme ja arkistoomme","breadcrumb":{"@id":"https:\/\/jackpotlotteryonline.com\/fi\/voittonumerot\/france-lotto-2\/#breadcrumb"},"inLanguage":"fi","potentialAction":[{"@type":"ReadAction","target":["https:\/\/jackpotlotteryonline.com\/fi\/voittonumerot\/france-lotto-2\/"]}]},{"@type":"ImageObject","inLanguage":"fi","@id":"https:\/\/jackpotlotteryonline.com\/fi\/voittonumerot\/france-lotto-2\/#primaryimage","url":"https:\/\/jackpotlotteryonline.com\/wp-content\/uploads\/2022\/11\/rf_results_page-300x225.jpg","contentUrl":"https:\/\/jackpotlotteryonline.com\/wp-content\/uploads\/2022\/11\/rf_results_page-300x225.jpg"},{"@type":"BreadcrumbList","@id":"https:\/\/jackpotlotteryonline.com\/fi\/voittonumerot\/france-lotto-2\/#breadcrumb","itemListElement":[{"@type":"ListItem","position":1,"name":"Home","item":"https:\/\/jackpotlotteryonline.com\/fi\/"},{"@type":"ListItem","position":2,"name":"Lottotulokset","item":"https:\/\/jackpotlotteryonline.com\/winning-numbers\/"},{"@type":"ListItem","position":3,"name":"Ranska Lotto tasapeli tulokset"}]},{"@type":"WebSite","@id":"https:\/\/jackpotlotteryonline.com\/#website","url":"https:\/\/jackpotlotteryonline.com\/","name":"Lotto Online - Crack The International Lottery Jackpots","description":"","potentialAction":[{"@type":"SearchAction","target":{"@type":"EntryPoint","urlTemplate":"https:\/\/jackpotlotteryonline.com\/?s={search_term_string}"},"query-input":"required name=search_term_string"}],"inLanguage":"fi"}]}},"_links":{"self":[{"href":"https:\/\/jackpotlotteryonline.com\/fi\/wp-json\/wp\/v2\/pages\/40926","targetHints":{"allow":["GET"]}}],"collection":[{"href":"https:\/\/jackpotlotteryonline.com\/fi\/wp-json\/wp\/v2\/pages"}],"about":[{"href":"https:\/\/jackpotlotteryonline.com\/fi\/wp-json\/wp\/v2\/types\/page"}],"author":[{"embeddable":true,"href":"https:\/\/jackpotlotteryonline.com\/fi\/wp-json\/wp\/v2\/users\/1"}],"replies":[{"embeddable":true,"href":"https:\/\/jackpotlotteryonline.com\/fi\/wp-json\/wp\/v2\/comments?post=40926"}],"version-history":[{"count":0,"href":"https:\/\/jackpotlotteryonline.com\/fi\/wp-json\/wp\/v2\/pages\/40926\/revisions"}],"up":[{"embeddable":true,"href":"https:\/\/jackpotlotteryonline.com\/fi\/wp-json\/wp\/v2\/pages\/35824"}],"wp:attachment":[{"href":"https:\/\/jackpotlotteryonline.com\/fi\/wp-json\/wp\/v2\/media?parent=40926"}],"curies":[{"name":"wp","href":"https:\/\/api.w.org\/{rel}","templated":true}]}}