{"id":40980,"date":"2022-12-07T11:55:40","date_gmt":"2022-12-07T11:55:40","guid":{"rendered":"https:\/\/jackpotlotteryonline.com\/?page_id=40980"},"modified":"2023-01-03T09:07:47","modified_gmt":"2023-01-03T09:07:47","slug":"uk-lottery","status":"publish","type":"page","link":"https:\/\/jackpotlotteryonline.com\/fi\/kuinka-pelata\/uk-lottery\/","title":{"rendered":"Pelaa Yhdistyneen kuningaskunnan lottoa mist\u00e4 tahansa"},"content":{"rendered":"<p>Iso-Britannian lotto on Yhdistyneess\u00e4 kuningaskunnassa pelattava lottopeli. T\u00e4ss\u00e4 maassa pelataan monia lottopelej\u00e4, kuten Set for Life -peli\u00e4, joka on annuiteetti. Mutta emme ole t\u00e4\u00e4ll\u00e4 puhumassa Set for Life -pelist\u00e4. T\u00e4t\u00e4 peli\u00e4 pelaajat pelaavat huvikseen, ja voit nyt pelata t\u00e4t\u00e4 peli\u00e4 verkossa. Vaikka sen on tiedetty tekev\u00e4n miljon\u00e4\u00e4rej\u00e4 silloin t\u00e4ll\u00f6in, voitot eiv\u00e4t ole kovin anteliaita. L\u00e4hinn\u00e4 siksi, ett\u00e4 voitot riippuvat arpajaispotista.<\/p>\n<p>Voit pelata t\u00e4t\u00e4 ja muita kansainv\u00e4lisi\u00e4 huippulottoja verkossa sivustollamme. K\u00e4y vain osoitteessa jackpotlotteryonline.com ja rekister\u00f6idy meille, niin sinulla on mahdollisuus voittaa suuria summia.<\/p>\n<h2>Kuinka pelata Yhdistyneen kuningaskunnan lottoa<\/h2>\n<p><img loading=\"lazy\" decoding=\"async\" class=\"alignright size-full wp-image-31370\" src=\"https:\/\/jackpotlotteryonline.com\/wp-content\/uploads\/2022\/11\/lotteryticket.jpg\" alt=\"Pelaa Yhdistyneen kuningaskunnan lottoa\" width=\"212\" height=\"142\" \/>T\u00e4m\u00e4 peli muistuttaa hyvin paljon muita lottopelej\u00e4. Pelin s\u00e4\u00e4nt\u00f6jen mukaan pelaajan on valittava 6 numeroa numeroiden 1-49 joukosta. Lis\u00e4ksi on olemassa bonusnumero, joka valitaan arvonnan aikana. T\u00e4t\u00e4 k\u00e4ytet\u00e4\u00e4n muiden palkintoluokkien voittajien m\u00e4\u00e4ritt\u00e4miseen. Bonusnumero valitaan satunnaisesti arvonnan aikana, eiv\u00e4tk\u00e4 pelaajat itse valitse sit\u00e4.<\/p>\n<p>Rehellisesti sanottuna emme ole Yhdistyneen kuningaskunnan loton faneja, koska voitot ovat alhaisia. Vaikka osuisit arvottuihin numeroihin, emme voi taata, mit\u00e4 voitat kotiin.<\/p>\n<p>K\u00e4y sivustollamme pelaamassa muita lottopelej\u00e4, kuten Yhdysvaltain Powerball ja Mega Millions. N\u00e4iss\u00e4 arpajaisissa minimij\u00e4ttipotti on 40 miljoonaa dollaria. Voit pelata my\u00f6s muita eurooppalaisia lottoja, kuten Euromillionsia ja Eurojackpotia. Unelmamme asiakkaillemme on, ett\u00e4 he voittaisivat suuria voittoja.<\/p>\n<h2>Miten osallistua Yhdistyneen kuningaskunnan lottoon verkossa<\/h2>\n<p>Pelaaminen verkossa on hieman erilaista kuin fyysisen myyj\u00e4n k\u00e4ytt\u00e4minen. Ero ei ole huono asia. Itse asiassa se tekee lottopelaamisesta eritt\u00e4in k\u00e4tev\u00e4\u00e4. Seuraa n\u00e4it\u00e4 vaiheita pelataksesi Ison-Britannian lottoa sivustollamme.<\/p>\n<ol>\n<li>K\u00e4y Yhdistyneen kuningaskunnan lottosivulla<\/li>\n<li>Valitse 6 numeroa alueelta 1-49 (jos et ole varma, mit\u00e4 numeroita k\u00e4yt\u00e4t, kokeile automaattista numerogeneraattoria).<\/li>\n<li><a href=\"https:\/\/jackpotlotteryonline.com\/fi\/osta-lippuja\/uk-lottery\">Osta lis\u00e4numerorivej\u00e4<\/a>, jotta voittomahdollisuutesi olisivat suuremmat<\/li>\n<li>Osallistu arvontoihin (voit osallistua useampaan kuin yhteen arvontaan).<\/li>\n<li>Rekister\u00f6idy ja maksa osallistumisesi.<\/li>\n<\/ol>\n<section class=\"layout\" style=\"border: solid 1px; width: 100%;\">\n<div class=\"img-div\" style=\"margin-top: 5px;\"><img decoding=\"async\" class=\"wp-image-17212 alignleft\" style=\"height: 45px; margin: 8px 8px 0px;\" src=\"https:\/\/jackpotlotteryonline.com\/wp-content\/uploads\/2022\/11\/read1.jpg\" alt=\"lue\" width=\"\" height=\"\" \/><\/div>\n<div style=\"padding-left: 5px;\">\n<div style=\"font-size: 1.1em;\">\n<p><strong>Lottovinkkej\u00e4<\/strong><\/p>\n<p style=\"font-size: 0.85em; margin-top: -1.5em;\">Vinkkej\u00e4, jotka auttavat sinua voittamaan lotossa\u00a0 <a href=\"https:\/\/jackpotlotteryonline.com\/fi\/vinkkeja-jotka-auttavat-sinua-voittamaan-lotossa\"> Lue lis\u00e4\u00e4<\/a><\/p>\n<\/div>\n<\/div>\n<\/section>\n<h2>Tarkista lottoarvonnat<\/h2>\n<p><a href=\"https:\/\/jackpotlotteryonline.com\/fi\/voittonumerot\/uk-lottery\">Yhdistyneen kuningaskunnan lotossa on kaksi arvontap\u00e4iv\u00e4\u00e4 viikossa<\/a>, keskiviikko ja lauantai. Voit osallistua useampaan arvontaan lis\u00e4t\u00e4ksesi mahdollisuuksiasi voittaa Yhdistyneen kuningaskunnan arpajaisissa. Voit my\u00f6s helposti osallistua arvontoihin useita viikkoja etuk\u00e4teen k\u00e4ytt\u00e4m\u00e4ll\u00e4 tilauspalveluamme.<\/p>\n<p>Voittokuponki ilmoitetaan arvontojen aikana. Voit voittaa j\u00e4ttipotin yksinkertaisesti vastaamalla 6 arvottua numeroa. Yhdistyneen kuningaskunnan lottojen j\u00e4ttipottipalkinnot alkavat 2 miljoonasta punnasta, ja ne voivat jatkua, jos arvonnan j\u00e4lkeen ei ole voittajaa. Koska se kierr\u00e4tet\u00e4\u00e4n jokaisen arvonnan j\u00e4lkeen (jos voittajaa ei ole), se voi nousta hieman yli 2 miljoonan punnan rajan.<\/p>\n<p>Jokaisen arvonnan j\u00e4lkeen voit tarkistaa sivustoltamme, oletko voittanut palkinnon. Yhdistyneen kuningaskunnan lotossa on 6 eri palkintoluokkaa, ja jos voitat jonkin palkinnon, l\u00e4het\u00e4mme sinulle s\u00e4hk\u00f6postiviestin, jossa ilmoitamme siit\u00e4.<\/p>\n<h2>Mik\u00e4 on tilauspalvelu?<\/h2>\n<p><img loading=\"lazy\" decoding=\"async\" class=\"alignright wp-image-28427\" src=\"https:\/\/jackpotlotteryonline.com\/wp-content\/uploads\/2022\/11\/1_mega_win-300x279.jpg\" alt=\"voita Iso-Britannian lotto\" width=\"237\" height=\"220\" srcset=\"https:\/\/jackpotlotteryonline.com\/wp-content\/uploads\/2022\/11\/1_mega_win-300x279.jpg 300w, https:\/\/jackpotlotteryonline.com\/wp-content\/uploads\/2022\/11\/1_mega_win.jpg 320w\" sizes=\"auto, (max-width: 237px) 100vw, 237px\" \/>Jos k\u00e4yt\u00e4t meid\u00e4n kaltaistamme sivustoa, on olemassa niin sanottu tilauspalvelu, jonka avulla pelaajat voivat pelata saumattomasti ja ilman stressi\u00e4. Vaikka on t\u00e4ysin ok olla kertak\u00e4ytt\u00e4j\u00e4 (jos niin haluat), useimmat pelaajat pelaavat usein. Paras tapa pelata ja voittaa Ison-Britannian lottoa on pelata s\u00e4\u00e4nn\u00f6llisesti, ja juuri siit\u00e4 t\u00e4ss\u00e4 palvelussa on kyse.<\/p>\n<p>Voit asettaa sen niin, ett\u00e4 olet automaattisesti mukana tulevissa arvonnoissa. Yhdistyneen kuningaskunnan arpajaisissa on 2 viikoittaista arvontakierrosta: Keskiviikkoisin ja lauantaisin. Olkaamme rehellisi\u00e4, voi olla hieman v\u00e4sytt\u00e4v\u00e4\u00e4 yritt\u00e4\u00e4 muistaa pelata ja osallistua jokaiseen arvontaan, mutta siksi me olemme t\u00e4\u00e4ll\u00e4.<\/p>\n<p>Kun olet ottanut k\u00e4ytt\u00f6\u00f6n tilauspalvelun, voit rentoutua ja tiet\u00e4\u00e4, ett\u00e4 sinun ei tarvitse j\u00e4tt\u00e4\u00e4 v\u00e4liin yht\u00e4\u00e4n Yhdistyneen kuningaskunnan loton arvontoja.<\/p>\n<h2>Palkinnot<\/h2>\n<p>Mainitsimme, ett\u00e4 t\u00e4m\u00e4n arvonnan palkinnot riippuvat arpajaisrahastosta. Voimme siis jakaa vain tietyn arvonnan palkinnot. Huomaa, ett\u00e4 jos voittajia on useita, palkinto jaetaan heid\u00e4n kesken.<\/p>\n<p>Divisioona 1: Ottelu 6 &#8211; 2 000 000 puntaa (j\u00e4ttipotti).<\/p>\n<p>Divisioona 2: Ottelu 5 + bonus &#8211; 1 000 000 puntaa.<\/p>\n<p>Divisioona 3: Ottelu 5 &#8211; 1 750 puntaa<\/p>\n<p>Divisioona 4: Ottelu 4 &#8211; 140 puntaa<\/p>\n<p>Divisioona 5: Ottelu 3 &#8211; 30 puntaa<\/p>\n<p>Divisioona 6: Ottelu 2 &#8211; ilmainen lotto lucky dip<\/p>\n<p>Ymm\u00e4rr\u00e4, ett\u00e4 vaikka voittaisitkin n\u00e4m\u00e4 palkinnot, n\u00e4ytetty summa ei ole se, mit\u00e4 saat voittona. T\u00e4m\u00e4 johtuu siit\u00e4, ett\u00e4 noin 45 % lottovaroista menee palkintorahoihin. Se voi siis olla v\u00e4hemm\u00e4n tai enemm\u00e4n riippuen siit\u00e4, mit\u00e4 rahastossa on.<\/p>\n<h2>Kuinka lunastaa voittosi<\/h2>\n<p>Jos olet rekister\u00f6itynyt meille, voittosi lunastaminen on helppoa ja suoraviivaista. Jos voittosi on enint\u00e4\u00e4n 2500 euroa, voit saada sen suoraan t\u00e4\u00e4lt\u00e4 sivustoltamme. T\u00e4m\u00e4 johtuu siit\u00e4, ett\u00e4 arpajaisyhti\u00f6 maksaa sen suoraan sivustollemme, ja voit sitten nostaa sen tilillesi.<\/p>\n<p>Jos voitto on yli 2500 euroa, sinun on lunastettava voittosi suoraan lotto-yhti\u00f6lt\u00e4. Me autamme sinua siin\u00e4 tarjoamalla sinulle lomakkeen, jonka voit t\u00e4ytt\u00e4\u00e4, joten ei h\u00e4t\u00e4\u00e4.<\/p>\n<p><strong>Lotto-yhti\u00f6ll\u00e4 on muutamia s\u00e4\u00e4nt\u00f6j\u00e4 voittojen lunastamista varten.<\/strong><\/p>\n<ul>\n<li>Sinun t\u00e4ytyy olla 18+ pelata lotossa<\/li>\n<li>Voitot on lunastettava 180 p\u00e4iv\u00e4n kuluessa arvonnasta. Ainoa poikkeus on, jos olet aloittanut menettelyn 7 p\u00e4iv\u00e4n kuluessa.<\/li>\n<li>Pikavoittopelit on lunastettava 180 p\u00e4iv\u00e4n kuluessa siit\u00e4, kun olet ostanut pikavoittopelin.<\/li>\n<li>My\u00f6s raaputusarpapelit on lunastettava 180 p\u00e4iv\u00e4n kuluessa siit\u00e4, kun olet ostanut raaputusarpakortin.<\/li>\n<\/ul>\n<h2>Tietoa concierge-palvelustamme<\/h2>\n<p>Haluamme k\u00e4ytt\u00e4\u00e4 hetken selitt\u00e4\u00e4ksemme, mit\u00e4 teemme ja miksi yll\u00e4pid\u00e4mme concierge-palvelua. On olemassa useita online-arpajaissivustoja, jotka v\u00e4itt\u00e4v\u00e4t antavansa pelaajille p\u00e4\u00e4syn maailmanlaajuisiin arpajaisiin. Mutta itse asiassa ne antavat sinun ly\u00f6d\u00e4 vetoa lopputuloksesta. Me emme tee niin. Me annamme pelaajille mahdollisuuden pelata kansainv\u00e4lisi\u00e4 huippulottoja.<\/p>\n<p>Kun pelaat Ison-Britannian lottoa sivustollamme, tapahtuu seuraavaa. Kun olet valinnut numerosi ja suorittanut maksun, agenttimme Yhdysvalloissa ostaa fyysisen lipun numeroitasi k\u00e4ytt\u00e4en. T\u00e4m\u00e4 on tietenkin valitsemaasi arvontaan. T\u00e4m\u00e4n j\u00e4lkeen lippu skannataan ja ladataan tilillesi.<\/p>\n<p>T\u00e4m\u00e4 on t\u00e4ysin laillinen tapa pelata Ison-Britannian lottoa verkossa mist\u00e4 p\u00e4in maailmaa tahansa. Lis\u00e4ksi se varmistaa, ett\u00e4 olet todella mukana valitsemassasi arvonnassa. Lis\u00e4ksi julkaisemme arvontatulokset t\u00e4\u00e4ll\u00e4 sivustollamme ja ilmoitamme sinulle, jos voitat. Olemme concierge-palvelu, koska hoidamme kaikki \u00e4rsytt\u00e4v\u00e4t pienet yksityiskohdat puolestasi, jotta voit nauttia lottokokemuksestasi.<\/p>\n<h2>Rekister\u00f6idy kanssamme ja pelaa kansainv\u00e4lisi\u00e4 huippulottoja verkossa<\/h2>\n<p>Yhdistyneess\u00e4 kuningaskunnassa on paljon lottoja, joita voit pelata verkossa. Jos haluat kokeilla lottoa, voit tehd\u00e4 sen. Mutta jos kaipaat laajempaa valikoimaa, mikset kokeilisi Set for Life -lottoa, joka on annuiteetti? Tai voit pelata Eurojackpot-lottoa ja Euromillionsia. L\u00f6yd\u00e4t kaikki n\u00e4m\u00e4 netist\u00e4 t\u00e4\u00e4lt\u00e4 sivustoltamme. Rekister\u00f6idy siis nyt, niin saat tilaisuutesi voittaa suuria summia.<\/p>\n","protected":false},"excerpt":{"rendered":"<p>Iso-Britannian lotto on Yhdistyneess\u00e4 kuningaskunnassa pelattava lottopeli. T\u00e4ss\u00e4 maassa pelataan monia lottopelej\u00e4, kuten Set for Life -peli\u00e4, joka on annuiteetti. Mutta emme ole t\u00e4\u00e4ll\u00e4 puhumassa Set for Life -pelist\u00e4. T\u00e4t\u00e4 peli\u00e4 pelaajat pelaavat huvikseen, ja voit nyt pelata t\u00e4t\u00e4 peli\u00e4 verkossa. Vaikka sen on tiedetty tekev\u00e4n miljon\u00e4\u00e4rej\u00e4 silloin t\u00e4ll\u00f6in, voitot eiv\u00e4t ole kovin anteliaita. L\u00e4hinn\u00e4 [&hellip;]<\/p>\n","protected":false},"author":1,"featured_media":0,"parent":35688,"menu_order":10,"comment_status":"closed","ping_status":"closed","template":"lotto-uk.php","meta":{"_et_pb_use_builder":"","_et_pb_old_content":"","_et_gb_content_width":"","exclude_from_search":false,"footnotes":""},"class_list":["post-40980","page","type-page","status-publish","hentry"],"yoast_head":"<!-- This site is optimized with the Yoast SEO plugin v23.3 - https:\/\/yoast.com\/wordpress\/plugins\/seo\/ -->\n<title>Pelaa Yhdistyneen kuningaskunnan lottoa verkossa, vaikka et asuisi Yhdistyneess\u00e4 kuningaskunnassa.<\/title>\n<meta name=\"description\" content=\"Haluatko pelata Ison-Britannian lottoa, mutta olet Ison-Britannian ulkopuolella? Ei h\u00e4t\u00e4\u00e4, voit k\u00e4ytt\u00e4\u00e4 verkkopalveluamme ja pelata t\u00e4t\u00e4 lottoa mist\u00e4 vain\" \/>\n<meta name=\"robots\" content=\"index, follow, max-snippet:-1, max-image-preview:large, max-video-preview:-1\" \/>\n<link rel=\"canonical\" href=\"https:\/\/jackpotlotteryonline.com\/fi\/kuinka-pelata\/uk-lottery\/\" \/>\n<meta property=\"og:locale\" content=\"fi_FI\" \/>\n<meta property=\"og:type\" content=\"article\" \/>\n<meta property=\"og:title\" content=\"Pelaa Yhdistyneen kuningaskunnan lottoa verkossa, vaikka et asuisi Yhdistyneess\u00e4 kuningaskunnassa.\" \/>\n<meta property=\"og:description\" content=\"Haluatko pelata Ison-Britannian lottoa, mutta olet Ison-Britannian ulkopuolella? Ei h\u00e4t\u00e4\u00e4, voit k\u00e4ytt\u00e4\u00e4 verkkopalveluamme ja pelata t\u00e4t\u00e4 lottoa mist\u00e4 vain\" \/>\n<meta property=\"og:url\" content=\"https:\/\/jackpotlotteryonline.com\/fi\/kuinka-pelata\/uk-lottery\/\" \/>\n<meta property=\"og:site_name\" content=\"Lotto Online - Crack The International Lottery Jackpots\" \/>\n<meta property=\"article:modified_time\" content=\"2023-01-03T09:07:47+00:00\" \/>\n<meta property=\"og:image\" content=\"https:\/\/jackpotlotteryonline.com\/wp-content\/uploads\/2022\/11\/lotteryticket.jpg\" \/>\n<meta name=\"twitter:card\" content=\"summary_large_image\" \/>\n<meta name=\"twitter:label1\" content=\"Arvioitu lukuaika\" \/>\n\t<meta name=\"twitter:data1\" content=\"5 minuuttia\" \/>\n<!-- \/ Yoast SEO plugin. -->","yoast_head_json":{"title":"Pelaa Yhdistyneen kuningaskunnan lottoa verkossa, vaikka et asuisi Yhdistyneess\u00e4 kuningaskunnassa.","description":"Haluatko pelata Ison-Britannian lottoa, mutta olet Ison-Britannian ulkopuolella? Ei h\u00e4t\u00e4\u00e4, voit k\u00e4ytt\u00e4\u00e4 verkkopalveluamme ja pelata t\u00e4t\u00e4 lottoa mist\u00e4 vain","robots":{"index":"index","follow":"follow","max-snippet":"max-snippet:-1","max-image-preview":"max-image-preview:large","max-video-preview":"max-video-preview:-1"},"canonical":"https:\/\/jackpotlotteryonline.com\/fi\/kuinka-pelata\/uk-lottery\/","og_locale":"fi_FI","og_type":"article","og_title":"Pelaa Yhdistyneen kuningaskunnan lottoa verkossa, vaikka et asuisi Yhdistyneess\u00e4 kuningaskunnassa.","og_description":"Haluatko pelata Ison-Britannian lottoa, mutta olet Ison-Britannian ulkopuolella? Ei h\u00e4t\u00e4\u00e4, voit k\u00e4ytt\u00e4\u00e4 verkkopalveluamme ja pelata t\u00e4t\u00e4 lottoa mist\u00e4 vain","og_url":"https:\/\/jackpotlotteryonline.com\/fi\/kuinka-pelata\/uk-lottery\/","og_site_name":"Lotto Online - Crack The International Lottery Jackpots","article_modified_time":"2023-01-03T09:07:47+00:00","og_image":[{"url":"https:\/\/jackpotlotteryonline.com\/wp-content\/uploads\/2022\/11\/lotteryticket.jpg"}],"twitter_card":"summary_large_image","twitter_misc":{"Arvioitu lukuaika":"5 minuuttia"},"schema":{"@context":"https:\/\/schema.org","@graph":[{"@type":"WebPage","@id":"https:\/\/jackpotlotteryonline.com\/fi\/kuinka-pelata\/uk-lottery\/","url":"https:\/\/jackpotlotteryonline.com\/fi\/kuinka-pelata\/uk-lottery\/","name":"Pelaa Yhdistyneen kuningaskunnan lottoa verkossa, vaikka et asuisi Yhdistyneess\u00e4 kuningaskunnassa.","isPartOf":{"@id":"https:\/\/jackpotlotteryonline.com\/#website"},"primaryImageOfPage":{"@id":"https:\/\/jackpotlotteryonline.com\/fi\/kuinka-pelata\/uk-lottery\/#primaryimage"},"image":{"@id":"https:\/\/jackpotlotteryonline.com\/fi\/kuinka-pelata\/uk-lottery\/#primaryimage"},"thumbnailUrl":"https:\/\/jackpotlotteryonline.com\/wp-content\/uploads\/2022\/11\/lotteryticket.jpg","datePublished":"2022-12-07T11:55:40+00:00","dateModified":"2023-01-03T09:07:47+00:00","description":"Haluatko pelata Ison-Britannian lottoa, mutta olet Ison-Britannian ulkopuolella? Ei h\u00e4t\u00e4\u00e4, voit k\u00e4ytt\u00e4\u00e4 verkkopalveluamme ja pelata t\u00e4t\u00e4 lottoa mist\u00e4 vain","breadcrumb":{"@id":"https:\/\/jackpotlotteryonline.com\/fi\/kuinka-pelata\/uk-lottery\/#breadcrumb"},"inLanguage":"fi","potentialAction":[{"@type":"ReadAction","target":["https:\/\/jackpotlotteryonline.com\/fi\/kuinka-pelata\/uk-lottery\/"]}]},{"@type":"ImageObject","inLanguage":"fi","@id":"https:\/\/jackpotlotteryonline.com\/fi\/kuinka-pelata\/uk-lottery\/#primaryimage","url":"https:\/\/jackpotlotteryonline.com\/wp-content\/uploads\/2022\/11\/lotteryticket.jpg","contentUrl":"https:\/\/jackpotlotteryonline.com\/wp-content\/uploads\/2022\/11\/lotteryticket.jpg"},{"@type":"BreadcrumbList","@id":"https:\/\/jackpotlotteryonline.com\/fi\/kuinka-pelata\/uk-lottery\/#breadcrumb","itemListElement":[{"@type":"ListItem","position":1,"name":"Home","item":"https:\/\/jackpotlotteryonline.com\/fi\/"},{"@type":"ListItem","position":2,"name":"Kuinka pelata","item":"https:\/\/jackpotlotteryonline.com\/play-online\/"},{"@type":"ListItem","position":3,"name":"Pelaa Yhdistyneen kuningaskunnan lottoa mist\u00e4 tahansa"}]},{"@type":"WebSite","@id":"https:\/\/jackpotlotteryonline.com\/#website","url":"https:\/\/jackpotlotteryonline.com\/","name":"Lotto Online - Crack The International Lottery Jackpots","description":"","potentialAction":[{"@type":"SearchAction","target":{"@type":"EntryPoint","urlTemplate":"https:\/\/jackpotlotteryonline.com\/?s={search_term_string}"},"query-input":"required name=search_term_string"}],"inLanguage":"fi"}]}},"_links":{"self":[{"href":"https:\/\/jackpotlotteryonline.com\/fi\/wp-json\/wp\/v2\/pages\/40980","targetHints":{"allow":["GET"]}}],"collection":[{"href":"https:\/\/jackpotlotteryonline.com\/fi\/wp-json\/wp\/v2\/pages"}],"about":[{"href":"https:\/\/jackpotlotteryonline.com\/fi\/wp-json\/wp\/v2\/types\/page"}],"author":[{"embeddable":true,"href":"https:\/\/jackpotlotteryonline.com\/fi\/wp-json\/wp\/v2\/users\/1"}],"replies":[{"embeddable":true,"href":"https:\/\/jackpotlotteryonline.com\/fi\/wp-json\/wp\/v2\/comments?post=40980"}],"version-history":[{"count":0,"href":"https:\/\/jackpotlotteryonline.com\/fi\/wp-json\/wp\/v2\/pages\/40980\/revisions"}],"up":[{"embeddable":true,"href":"https:\/\/jackpotlotteryonline.com\/fi\/wp-json\/wp\/v2\/pages\/35688"}],"wp:attachment":[{"href":"https:\/\/jackpotlotteryonline.com\/fi\/wp-json\/wp\/v2\/media?parent=40980"}],"curies":[{"name":"wp","href":"https:\/\/api.w.org\/{rel}","templated":true}]}}