{"id":41035,"date":"2022-12-08T06:49:32","date_gmt":"2022-12-08T06:49:32","guid":{"rendered":"https:\/\/jackpotlotteryonline.com\/?page_id=41035"},"modified":"2022-12-31T13:51:47","modified_gmt":"2022-12-31T13:51:47","slug":"thunderball","status":"publish","type":"page","link":"https:\/\/jackpotlotteryonline.com\/fi\/kuinka-pelata\/thunderball\/","title":{"rendered":"Thunderball verkossa &#8211; pelaa t\u00e4t\u00e4 Iso-Britannian lottoa mist\u00e4 tahansa"},"content":{"rendered":"<p>Iso-Britannian Thunderball on ollut olemassa jo jonkin aikaa. Ei niin vanha kuin jotkut muut eurooppalaiset lotot (kuten La Primitiva), sill\u00e4 sen ensimm\u00e4inen arvonta suoritettiin vuonna 1999. Tuona aikana Thunderball kuitenkin muutti ja muuttaa edelleen monia el\u00e4mi\u00e4. Viisisataatuhannen punnan j\u00e4ttipotti ei tunnu paljolta, mutta se on el\u00e4m\u00e4\u00e4 muuttava summa. Yhdistyneen kuningaskunnan vedonly\u00f6j\u00e4t ovat samaa mielt\u00e4, sill\u00e4 monet pelaajat ostavat lippuja Thunderball-arvontoihin.<\/p>\n<p>Jos olet pelaaja Yhdistyneen kuningaskunnan ulkopuolella, voit pelata Thunderballia my\u00f6s verkossa. Voit <a href=\"https:\/\/jackpotlotteryonline.com\/fi\/osta-lippuja\/thunderball\">ostaa lippuja<\/a>, tarkistaa <a href=\"https:\/\/jackpotlotteryonline.com\/fi\/voittonumerot\/thunderball\">arvontatulokset<\/a> ja nostaa voittosi mukavasti tietokoneen tai mobiililaitteen avulla. Jatka lukemista, niin saat selville, miten Thunderballia voi pelata verkossa.<\/p>\n<h2>Thunderball-voittajat<\/h2>\n<p><img loading=\"lazy\" decoding=\"async\" class=\"alignright size-full wp-image-31370\" src=\"https:\/\/jackpotlotteryonline.com\/wp-content\/uploads\/2022\/11\/lotteryticket.jpg\" alt=\"Pelaa Thunderballia netiss\u00e4.\" width=\"212\" height=\"142\" \/>Jos on olemassa lotto, joka on viime vuosikymmenin\u00e4 tuottanut useita voittajia, se on Thunderball. T\u00e4m\u00e4 brittil\u00e4inen arpajaiset on ansainnut maineensa el\u00e4m\u00e4n muuttamisena, koska se on tuottanut paljon voittajia. On olemassa tarina Knowlesin perheest\u00e4, joka oli pelannut vuosia ja jatkoi pelaamista viel\u00e4 \u00e4itins\u00e4 kuoleman j\u00e4lkeenkin. Voitto oli heille aivan erityinen.<\/p>\n<p>Karen ja David Ainger ovat pariskunta, joka voitti el\u00e4m\u00e4\u00e4 muuttavan Thunderball-j\u00e4ttipotin. Voitto oli varsin tervetullut, sill\u00e4 he sanoivat sen menev\u00e4n heid\u00e4n el\u00e4kkeisiins\u00e4. Toinen Thunderballin voittanut pariskunta oli Alf ja Rita Boorman. Heid\u00e4n voittonsa oli varsin mielenkiintoinen, sill\u00e4 30 vuotta aiemmin my\u00f6s Alfin is\u00e4 oli voittanut. Puhutaan sukupolvien v\u00e4lisest\u00e4 voitosta.<\/p>\n<h2>Kuinka pelata Thunderballia verkossa<\/h2>\n<p>Thunderballin pelaaminen on hauskaa, ja jos olet kokenut vedonly\u00f6j\u00e4, tied\u00e4t todenn\u00e4k\u00f6isesti jo, mit\u00e4 tehd\u00e4. Pelaajien on valittava 5 numeroa v\u00e4lill\u00e4 1-39 ja erikoisnumero v\u00e4lill\u00e4 1-14. Erikoisnumeroa kutsutaan nimell\u00e4 &#8220;Thunderball&#8221;.<\/p>\n<p>Jos pelaat Thunderballia verkossa, voit k\u00e4ytt\u00e4\u00e4 numerogeneraattoria satunnaisnumeroiden valitsemiseen. T\u00e4m\u00e4 on er\u00e4\u00e4nlainen &#8220;lucky dip&#8221; niille, jotka ovat tottuneet fyysisiin lippuihin. Voit valita useita rivej\u00e4 ja useita lippuja lis\u00e4t\u00e4ksesi mahdollisuuksiasi voittaa Thunderball. Seuraava vaihe on osallistua arvontaan, ja t\u00e4m\u00e4 on paras osa.<\/p>\n<p>Thunderballissa on nelj\u00e4 arvontakertaa joka viikko. Se tarkoittaa, ett\u00e4 sinulla on nelj\u00e4 kertaa suurempi todenn\u00e4k\u00f6isyys voittaa p\u00e4\u00e4voitto Thunderballilla. Voit osallistua yhteen arvontaan, mutta on luultavasti parasta osallistua useampaan arvontaan, jotta voittomahdollisuutesi ovat paljon suuremmat. Kun pelaat kanssamme, pyyd\u00e4mme sinua rekister\u00f6itym\u00e4\u00e4n. N\u00e4in voimme ilmoittaa sinulle, kun voitat palkinnon.<\/p>\n<section class=\"layout\" style=\"border: solid 1px; width: 100%;\">\n<div class=\"img-div\" style=\"margin-top: 5px;\"><img decoding=\"async\" class=\"wp-image-17212 alignleft\" style=\"height: 45px; margin: 8px 8px 0px;\" src=\"https:\/\/jackpotlotteryonline.com\/wp-content\/uploads\/2022\/11\/read1.jpg\" alt=\"Lue \" width=\"\" height=\"\" \/><\/div>\n<div style=\"padding-left: 5px;\">\n<div style=\"font-size: 1.1em;\">\n<p><strong>Onko laillista pelata muiden maiden lottoja verkossa?<\/strong><\/p>\n<p style=\"font-size: 0.85em; margin-top: -1.5em;\">Onko laillista hankkia lottokuponki netist\u00e4, ja saanko todella rahaa?\u00a0 <a href=\"https:\/\/jackpotlotteryonline.com\/fi\/onko-laillista-pelata-muiden-maiden-arpajaisia-verkossa\"> Lue lis\u00e4\u00e4<\/a><\/p>\n<\/div>\n<\/div>\n<\/section>\n<h2>Mit\u00e4 tehd\u00e4, kun voitat<\/h2>\n<p>Jos voitat palkinnon, l\u00e4het\u00e4mme sinulle s\u00e4hk\u00f6postiviestin, jossa ilmoitamme siit\u00e4. Alustassamme on my\u00f6s h\u00e4lytys, jotta saat ilmoituksen, kun kirjaudut sis\u00e4\u00e4n seuraavan kerran. Mutta se menee my\u00f6s pidemm\u00e4lle.<\/p>\n<p>Jos palkintosi on alle 2500 euroa, voit helposti nostaa sen suoraan alustaltamme. Mit\u00e4\u00e4n protokollaa tai tarpeetonta menettely\u00e4 ei tarvita, vaan voit vain nostaa k\u00e4teist\u00e4. Jos summa on yli 2500 \u20ac, sinun on ehk\u00e4 t\u00e4ytett\u00e4v\u00e4 vaatimuslomake lunastaaksesi sen lottoyhti\u00f6lt\u00e4. Mutta \u00e4l\u00e4 huoli, me autamme my\u00f6s siin\u00e4.<\/p>\n<h2>Voit voittaa palkintoja<\/h2>\n<p>T\u00e4st\u00e4 huolimatta, mit\u00e4 voit voittaa Thunderball-arvontaan osallistuessasi? T\u00e4ss\u00e4 Yhdistyneen kuningaskunnan Thunderball-arvonnassa on useita palkintoluokkia, ja on jopa palkinto, joka my\u00f6nnet\u00e4\u00e4n vain Thunderball-arvonnan t\u00e4sm\u00e4\u00e4misest\u00e4. Mahdollisuudet voittaa jotain ovat siis melko suuret. T\u00e4ss\u00e4 on UK Thunderballin palkintoluokkien jaottelu sek\u00e4 voittokertoimet.<\/p>\n<p>Luokka 1: Match 5 + Thunderball &#8211; 1:8 060 598 &#8211; 500 000 puntaa.<\/p>\n<p>Luokka 2: Pelkk\u00e4 Match 5 &#8211; 1:620 046 &#8211; 5000 puntaa.<\/p>\n<p>Luokka 3: Ottelu 4 + Thunderball &#8211; 1:47 416 &#8211; 250 puntaa.<\/p>\n<p>Luokka 4: Pelkk\u00e4 ottelu 4 &#8211; 1:3 648:sta &#8211; 100 puntaa.<\/p>\n<p>Luokka 5: Ottelu 3 + Thunderball &#8211; 1:1 437:st\u00e4 &#8211; 20 puntaa.<\/p>\n<p>Luokka 6: Pelkk\u00e4 ottelu 3 &#8211; 1:111 &#8211; 10 puntaa.<\/p>\n<p>Luokka 7: Ottelu 2 + Thunderball &#8211; 1:135 &#8211; 10 puntaa.<\/p>\n<p>Luokka 8: Ottelu 1 + Thunderball &#8211; 1 35:st\u00e4 &#8211; 5 puntaa.<\/p>\n<p>Luokka 9: Ottelu Thunderball &#8211; 1:29 &#8211; 3 puntaa.<\/p>\n<p>Thunderballissa on jokaiselle jotakin, eik\u00e4 sill\u00e4 ole v\u00e4li\u00e4, asutko Yhdistyneess\u00e4 kuningaskunnassa vai et. Voit nyt pelata t\u00e4t\u00e4 Yhdistyneen kuningaskunnan lottoa voittaaksesi, ja kun pelaat kanssamme, voit helposti nostaa voittosi.<\/p>\n<h2>Concierge-sivuston edut<\/h2>\n<p><img loading=\"lazy\" decoding=\"async\" class=\"alignright size-full wp-image-28940\" src=\"https:\/\/jackpotlotteryonline.com\/wp-content\/uploads\/2022\/11\/1_pick_winning_numbers_lottery.jpg\" alt=\"osta Thunderball-arpajaislippusi\" width=\"300\" height=\"200\" \/>Concierge-sivuston h\u00e4mm\u00e4stytt\u00e4v\u00e4 puoli on se, ett\u00e4 sinun ei tarvitse koskaan mietti\u00e4, oletko todella osallistunut arvontaan. T\u00e4m\u00e4 on todellinen ongelma, koska monet sivustot eiv\u00e4t oikeastaan anna asiakkailleen p\u00e4\u00e4sy\u00e4 arvontaan. Ne antavat k\u00e4ytt\u00e4jien ly\u00f6d\u00e4 vetoa lottotuloksesta, mik\u00e4 ei ole lainkaan sama asia.<\/p>\n<p>Jackpotlotteryonline.com-sivustolla annamme k\u00e4ytt\u00e4jillemme p\u00e4\u00e4syn kansainv\u00e4lisiin huippulottoihin ymp\u00e4ri maailmaa. T\u00e4m\u00e4 johtuu siit\u00e4, ett\u00e4 meill\u00e4 on concierge-sivusto, jossa meill\u00e4 on agentteja eri puolilla maailmaa. Kun ostat meilt\u00e4 lottokuponkeja, agenttimme kyseisess\u00e4 maassa ostaa fyysisen kupongin, jossa on vastaavat numerot. Sitten lippu skannataan ja l\u00e4hetet\u00e4\u00e4n sinulle.<\/p>\n<p>Kun ostat Thunderball-arpalipun meilt\u00e4, voit olla varma siit\u00e4, ett\u00e4 jos arvotut numerot t\u00e4sm\u00e4\u00e4v\u00e4t, voitat lottovoiton. Se on niin yksinkertaista, mutta se on kuitenkin se asia, joka antaa asiakkaillemme mielenrauhan pelata lottoa verkossa.<\/p>\n<h2>Pelaa Yhdistyneen kuningaskunnan Thunderballia verkossa<\/h2>\n<p>Jos sinua on kutkuttanut pelata Thunderball-lottoa ja asut Yhdistyneen kuningaskunnan ulkopuolella, olet onnekas. Kun vierailet osoitteessa jackpotlotteryonline.com, p\u00e4\u00e4set pelaamaan kansainv\u00e4lisi\u00e4 huippulottoja, kuten Thunderballia. Olemme concierge-sivusto, joten kun pelaat kanssamme, saat todellisen palvelun.<\/p>\n<p>On aika kokeilla mahdollisuutta voittaa el\u00e4m\u00e4\u00e4 muuttava palkinto Thunderballilla. Pelaa Thunderballia netiss\u00e4 jo t\u00e4n\u00e4\u00e4n saadaksesi mahdollisuuden voittaa lotossa.<\/p>\n","protected":false},"excerpt":{"rendered":"<p>Iso-Britannian Thunderball on ollut olemassa jo jonkin aikaa. Ei niin vanha kuin jotkut muut eurooppalaiset lotot (kuten La Primitiva), sill\u00e4 sen ensimm\u00e4inen arvonta suoritettiin vuonna 1999. Tuona aikana Thunderball kuitenkin muutti ja muuttaa edelleen monia el\u00e4mi\u00e4. Viisisataatuhannen punnan j\u00e4ttipotti ei tunnu paljolta, mutta se on el\u00e4m\u00e4\u00e4 muuttava summa. Yhdistyneen kuningaskunnan vedonly\u00f6j\u00e4t ovat samaa mielt\u00e4, sill\u00e4 [&hellip;]<\/p>\n","protected":false},"author":1,"featured_media":0,"parent":35688,"menu_order":12,"comment_status":"closed","ping_status":"closed","template":"thunderball.php","meta":{"_et_pb_use_builder":"","_et_pb_old_content":"","_et_gb_content_width":"","exclude_from_search":false,"footnotes":""},"class_list":["post-41035","page","type-page","status-publish","hentry"],"yoast_head":"<!-- This site is optimized with the Yoast SEO plugin v23.3 - https:\/\/yoast.com\/wordpress\/plugins\/seo\/ -->\n<title>Pelaa Iso-Britannian Thunderball-arpajaisia netiss\u00e4, jopa Iso-Britannian ulkopuolelta k\u00e4sin.<\/title>\n<meta name=\"description\" content=\"Ison-Britannian ulkopuolelta tulevat lottofanit voivat nyt pelata Thunderballia verkossa - hanki lippusi verkossa l\u00e4hettipalvelumme kautta.\" \/>\n<meta name=\"robots\" content=\"index, follow, max-snippet:-1, max-image-preview:large, max-video-preview:-1\" \/>\n<link rel=\"canonical\" href=\"https:\/\/jackpotlotteryonline.com\/fi\/kuinka-pelata\/thunderball\/\" \/>\n<meta property=\"og:locale\" content=\"fi_FI\" \/>\n<meta property=\"og:type\" content=\"article\" \/>\n<meta property=\"og:title\" content=\"Pelaa Iso-Britannian Thunderball-arpajaisia netiss\u00e4, jopa Iso-Britannian ulkopuolelta k\u00e4sin.\" \/>\n<meta property=\"og:description\" content=\"Ison-Britannian ulkopuolelta tulevat lottofanit voivat nyt pelata Thunderballia verkossa - hanki lippusi verkossa l\u00e4hettipalvelumme kautta.\" \/>\n<meta property=\"og:url\" content=\"https:\/\/jackpotlotteryonline.com\/fi\/kuinka-pelata\/thunderball\/\" \/>\n<meta property=\"og:site_name\" content=\"Lotto Online - Crack The International Lottery Jackpots\" \/>\n<meta property=\"article:modified_time\" content=\"2022-12-31T13:51:47+00:00\" \/>\n<meta property=\"og:image\" content=\"https:\/\/jackpotlotteryonline.com\/wp-content\/uploads\/2022\/11\/lotteryticket.jpg\" \/>\n<meta name=\"twitter:card\" content=\"summary_large_image\" \/>\n<meta name=\"twitter:label1\" content=\"Arvioitu lukuaika\" \/>\n\t<meta name=\"twitter:data1\" content=\"4 minuuttia\" \/>\n<!-- \/ Yoast SEO plugin. -->","yoast_head_json":{"title":"Pelaa Iso-Britannian Thunderball-arpajaisia netiss\u00e4, jopa Iso-Britannian ulkopuolelta k\u00e4sin.","description":"Ison-Britannian ulkopuolelta tulevat lottofanit voivat nyt pelata Thunderballia verkossa - hanki lippusi verkossa l\u00e4hettipalvelumme kautta.","robots":{"index":"index","follow":"follow","max-snippet":"max-snippet:-1","max-image-preview":"max-image-preview:large","max-video-preview":"max-video-preview:-1"},"canonical":"https:\/\/jackpotlotteryonline.com\/fi\/kuinka-pelata\/thunderball\/","og_locale":"fi_FI","og_type":"article","og_title":"Pelaa Iso-Britannian Thunderball-arpajaisia netiss\u00e4, jopa Iso-Britannian ulkopuolelta k\u00e4sin.","og_description":"Ison-Britannian ulkopuolelta tulevat lottofanit voivat nyt pelata Thunderballia verkossa - hanki lippusi verkossa l\u00e4hettipalvelumme kautta.","og_url":"https:\/\/jackpotlotteryonline.com\/fi\/kuinka-pelata\/thunderball\/","og_site_name":"Lotto Online - Crack The International Lottery Jackpots","article_modified_time":"2022-12-31T13:51:47+00:00","og_image":[{"url":"https:\/\/jackpotlotteryonline.com\/wp-content\/uploads\/2022\/11\/lotteryticket.jpg"}],"twitter_card":"summary_large_image","twitter_misc":{"Arvioitu lukuaika":"4 minuuttia"},"schema":{"@context":"https:\/\/schema.org","@graph":[{"@type":"WebPage","@id":"https:\/\/jackpotlotteryonline.com\/fi\/kuinka-pelata\/thunderball\/","url":"https:\/\/jackpotlotteryonline.com\/fi\/kuinka-pelata\/thunderball\/","name":"Pelaa Iso-Britannian Thunderball-arpajaisia netiss\u00e4, jopa Iso-Britannian ulkopuolelta k\u00e4sin.","isPartOf":{"@id":"https:\/\/jackpotlotteryonline.com\/#website"},"primaryImageOfPage":{"@id":"https:\/\/jackpotlotteryonline.com\/fi\/kuinka-pelata\/thunderball\/#primaryimage"},"image":{"@id":"https:\/\/jackpotlotteryonline.com\/fi\/kuinka-pelata\/thunderball\/#primaryimage"},"thumbnailUrl":"https:\/\/jackpotlotteryonline.com\/wp-content\/uploads\/2022\/11\/lotteryticket.jpg","datePublished":"2022-12-08T06:49:32+00:00","dateModified":"2022-12-31T13:51:47+00:00","description":"Ison-Britannian ulkopuolelta tulevat lottofanit voivat nyt pelata Thunderballia verkossa - hanki lippusi verkossa l\u00e4hettipalvelumme kautta.","breadcrumb":{"@id":"https:\/\/jackpotlotteryonline.com\/fi\/kuinka-pelata\/thunderball\/#breadcrumb"},"inLanguage":"fi","potentialAction":[{"@type":"ReadAction","target":["https:\/\/jackpotlotteryonline.com\/fi\/kuinka-pelata\/thunderball\/"]}]},{"@type":"ImageObject","inLanguage":"fi","@id":"https:\/\/jackpotlotteryonline.com\/fi\/kuinka-pelata\/thunderball\/#primaryimage","url":"https:\/\/jackpotlotteryonline.com\/wp-content\/uploads\/2022\/11\/lotteryticket.jpg","contentUrl":"https:\/\/jackpotlotteryonline.com\/wp-content\/uploads\/2022\/11\/lotteryticket.jpg"},{"@type":"BreadcrumbList","@id":"https:\/\/jackpotlotteryonline.com\/fi\/kuinka-pelata\/thunderball\/#breadcrumb","itemListElement":[{"@type":"ListItem","position":1,"name":"Home","item":"https:\/\/jackpotlotteryonline.com\/fi\/"},{"@type":"ListItem","position":2,"name":"Kuinka pelata","item":"https:\/\/jackpotlotteryonline.com\/play-online\/"},{"@type":"ListItem","position":3,"name":"Thunderball verkossa &#8211; pelaa t\u00e4t\u00e4 Iso-Britannian lottoa mist\u00e4 tahansa"}]},{"@type":"WebSite","@id":"https:\/\/jackpotlotteryonline.com\/#website","url":"https:\/\/jackpotlotteryonline.com\/","name":"Lotto Online - Crack The International Lottery Jackpots","description":"","potentialAction":[{"@type":"SearchAction","target":{"@type":"EntryPoint","urlTemplate":"https:\/\/jackpotlotteryonline.com\/?s={search_term_string}"},"query-input":"required name=search_term_string"}],"inLanguage":"fi"}]}},"_links":{"self":[{"href":"https:\/\/jackpotlotteryonline.com\/fi\/wp-json\/wp\/v2\/pages\/41035","targetHints":{"allow":["GET"]}}],"collection":[{"href":"https:\/\/jackpotlotteryonline.com\/fi\/wp-json\/wp\/v2\/pages"}],"about":[{"href":"https:\/\/jackpotlotteryonline.com\/fi\/wp-json\/wp\/v2\/types\/page"}],"author":[{"embeddable":true,"href":"https:\/\/jackpotlotteryonline.com\/fi\/wp-json\/wp\/v2\/users\/1"}],"replies":[{"embeddable":true,"href":"https:\/\/jackpotlotteryonline.com\/fi\/wp-json\/wp\/v2\/comments?post=41035"}],"version-history":[{"count":0,"href":"https:\/\/jackpotlotteryonline.com\/fi\/wp-json\/wp\/v2\/pages\/41035\/revisions"}],"up":[{"embeddable":true,"href":"https:\/\/jackpotlotteryonline.com\/fi\/wp-json\/wp\/v2\/pages\/35688"}],"wp:attachment":[{"href":"https:\/\/jackpotlotteryonline.com\/fi\/wp-json\/wp\/v2\/media?parent=41035"}],"curies":[{"name":"wp","href":"https:\/\/api.w.org\/{rel}","templated":true}]}}