{"id":41087,"date":"2022-12-08T08:34:04","date_gmt":"2022-12-08T08:34:04","guid":{"rendered":"https:\/\/jackpotlotteryonline.com\/?page_id=41087"},"modified":"2022-12-29T08:31:47","modified_gmt":"2022-12-29T08:31:47","slug":"uk-lottery","status":"publish","type":"page","link":"https:\/\/jackpotlotteryonline.com\/fi\/voittonumerot\/uk-lottery\/","title":{"rendered":"Iso-Britannia Lottery Draw tulokset"},"content":{"rendered":"<p>Iso-Britannian lotto on mielenkiintoinen peli, sill\u00e4 se voi tehd\u00e4 pelaajista miljon\u00e4\u00e4rej\u00e4. Vaikka se on suosittu Yhdistyneen kuningaskunnan vedonly\u00f6jien keskuudessa, se ei ole kovin tunnettu kansainv\u00e4listen vedonly\u00f6jien keskuudessa. Jos siis haluat kokeilla kansainv\u00e4list\u00e4 lottoa, mikset kokeilisi t\u00e4t\u00e4? Vaikka palkinnot eiv\u00e4t olekaan taattuja, voittonumeron valitseminen on helppoa.<\/p>\n<p>Yksi asia sinun on kuitenkin syyt\u00e4 huomioida. Jos voitat t\u00e4m\u00e4n loton, emme voi sanoa, kuinka paljon voitat. T\u00e4m\u00e4 johtuu siit\u00e4, ett\u00e4 j\u00e4ttipottipalkinto on 52 % lottorahaston summasta. Jos myytyj\u00e4 lippuja ei ole paljon, et p\u00e4\u00e4se kotiin kovinkaan paljon. Ei, sill\u00e4 ei ole mit\u00e4\u00e4n tekemist\u00e4 meid\u00e4n kanssamme, vaan se on lottoyhti\u00f6n s\u00e4\u00e4nt\u00f6.<\/p>\n<p>Voit k\u00e4yd\u00e4 sivustollamme osoitteessa jackpotlottery.com osallistumassa t\u00e4h\u00e4n lottoon tai valita monista muista lotoista. Sivustollamme on huippuluokan kansainv\u00e4lisi\u00e4 lottoja, joita voit pelata ja joissa voit pit\u00e4\u00e4 voittosi. Tai voit sen sijaan kokeilla t\u00e4t\u00e4. Se on t\u00e4ysin sinusta kiinni.<\/p>\n<section class=\"layout\" style=\"border: solid 1px; width: 100%;\">\n<div class=\"img-div\" style=\"margin-top: 5px;\"><img decoding=\"async\" class=\"wp-image-17212 alignleft\" style=\"height: 45px; margin: 8px 8px 0px;\" src=\"https:\/\/jackpotlotteryonline.com\/wp-content\/uploads\/2022\/11\/read1.jpg\" alt=\"lue\" width=\"\" height=\"\" \/><\/div>\n<div style=\"padding-left: 5px;\">\n<div style=\"font-size: 1.1em;\">\n<p><strong>Mik\u00e4 kansainv\u00e4linen lotto on paras?<\/strong><\/p>\n<p style=\"font-size: 0.85em; margin-top: -1.5em;\">Mill\u00e4 kansainv\u00e4lisist\u00e4 arpajaisista on parhaat mahdollisuudet voittaa &#8230;\u00a0<a href=\"https:\/\/jackpotlotteryonline.com\/fi\/mika-kansainvalinen-arpajaiset-on-paras\">Lue lis\u00e4\u00e4<\/a><\/p>\n<\/div>\n<\/div>\n<\/section>\n<h2>Kuinka pelata Yhdistyneen kuningaskunnan lottoa<\/h2>\n<p><img loading=\"lazy\" decoding=\"async\" class=\"alignright size-full wp-image-27482\" src=\"https:\/\/jackpotlotteryonline.com\/wp-content\/uploads\/2022\/11\/1_lottery_jackpot3.jpg\" alt=\"pelaa Iso-Britannian lottoa\" width=\"245\" height=\"123\" \/>Kuten muissakin lottopeleiss\u00e4, sinun on valittava 6 numeroa numeroiden 1-49 joukosta. Arpajaisten aikana valitaan satunnaisesti my\u00f6s bonusnumero, jota k\u00e4ytet\u00e4\u00e4n palkinnon m\u00e4\u00e4ritt\u00e4misess\u00e4. Emme suosittele t\u00e4t\u00e4 lottoa erityisen innokkaasti. Vaikka osuisit arvottuihin numeroihin, emme voi taata, mit\u00e4 voitat kotiin.<\/p>\n<p>Jos vierailet sivustollamme, voit osallistua muihin peleihin, kuten Yhdysvaltain Powerball- ja Mega Millions -lottoihin. N\u00e4iss\u00e4 arpajaisissa minimij\u00e4ttipotti on 40 miljoonaa dollaria. Voit pelata my\u00f6s muita eurooppalaisia arpajaisia, kuten Euromillions ja Eurojackpot.<\/p>\n<p>N\u00e4iden pelien pelaamisen ydin on voittaa suuria summia, ja se on unelmamme asiakkaillemme.<\/p>\n<h2>Arvonnat<\/h2>\n<p>Yhdistyneen kuningaskunnan lotossa j\u00e4rjestet\u00e4\u00e4n kaksi arvontakierrosta joka viikko, keskiviikkona ja lauantaina. Kun ostat lottokupongin, voit siis valita, osallistutko yhteen arvontaan vai useampaan arvontaan. Useisiin arvontoihin osallistuminen on hyv\u00e4 tapa lis\u00e4t\u00e4 mahdollisuuksiasi voittaa palkinto.<\/p>\n<h2>Yhdistyneen kuningaskunnan lottovoitto<\/h2>\n<p>Voittaakseen t\u00e4m\u00e4n lottopelin pelaajien on vastattava v\u00e4hint\u00e4\u00e4n kolmea p\u00e4\u00e4numeroa arvottujen tulosten kanssa. J\u00e4ttipotti on yleens\u00e4 noin 3 000 000 puntaa, vaikka se voi olla enemm\u00e4n tai v\u00e4hemm\u00e4n. Voittaaksesi j\u00e4ttipotin, sinun on osuttava kaikkiin kuuteen arvottuun numeroon.<\/p>\n<p>T\u00e4ss\u00e4 lottopeliss\u00e4 on muitakin palkintojakaumia, ja mainitsemme ne hetken kuluttua.<\/p>\n<p>Muista, ett\u00e4 lotto on onnenpeli, eik\u00e4 voittoon ole varmaa tapaa. Paras strategia toistaiseksi on ostaa useita lippuja ja osallistua useisiin arvontoihin. N\u00e4in voit lis\u00e4t\u00e4 mahdollisuuksiasi voittaa palkinto. Se p\u00e4tee mihin tahansa lottopeliin, jota p\u00e4\u00e4t\u00e4t pelata.<\/p>\n<h2>Palkintojen jako<\/h2>\n<p>Se, mit\u00e4 jaamme, on esimerkki tietyn Yhdistyneen kuningaskunnan lottoarvonnan palkintojen jaosta. Huomaa, ett\u00e4 muut palkinnot ovat prosenttiosuus palkintorahasta. T\u00e4m\u00e4 tarkoittaa sit\u00e4, ett\u00e4 jos voittajia on useita, palkinto jaetaan heid\u00e4n kesken.<\/p>\n<p>Divisioona 1: Ottelu 6 &#8211; 2 000 000 puntaa (j\u00e4ttipotti).<\/p>\n<p>Divisioona 2: Ottelu 5 + bonus &#8211; 1 000 000 puntaa.<\/p>\n<p>Divisioona 3: Ottelu 5 &#8211; 1 750 puntaa.<\/p>\n<p>Divisioona 4: Ottelu 4 &#8211; 140 puntaa<\/p>\n<p>Divisioona 5: Ottelu 3 &#8211; 30 puntaa<\/p>\n<p>Divisioona 6: Ottelu 2 &#8211; ilmainen lotto lucky dip (onnenpotti)<\/p>\n<p>Ymm\u00e4rr\u00e4, ett\u00e4 vaikka voittaisitkin n\u00e4m\u00e4 palkinnot, n\u00e4ytetty summa ei ole se, mit\u00e4 saat voittona. T\u00e4m\u00e4 johtuu siit\u00e4, ett\u00e4 noin 45 % lottovaroista menee palkintorahoihin. Se voi siis olla v\u00e4hemm\u00e4n tai enemm\u00e4n riippuen siit\u00e4, mit\u00e4 rahastossa on.<\/p>\n<h2>Voittojen lunastaminen<\/h2>\n<p>Lottoyhti\u00f6ll\u00e4 on muutamia s\u00e4\u00e4nt\u00f6j\u00e4 voittojen lunastamisesta.<\/p>\n<ul>\n<li>Sinun on oltava yli 18-vuotias voidaksesi osallistua lottoon.<\/li>\n<li>Voitot on lunastettava 180 p\u00e4iv\u00e4n kuluessa arvonnasta. Ainoa poikkeus on, jos olet aloittanut menettelyn 7 p\u00e4iv\u00e4n kuluessa.<\/li>\n<li>Pikavoittopelit on lunastettava 180 p\u00e4iv\u00e4n kuluessa siit\u00e4, kun olet ostanut pikavoittopelin.<\/li>\n<li>My\u00f6s raaputusarpapelit on lunastettava 180 p\u00e4iv\u00e4n kuluessa siit\u00e4, kun olet ostanut raaputusarvan.<\/li>\n<\/ul>\n<p>Jos<a href=\"https:\/\/jackpotlotteryonline.com\/fi\/kuinka-pelata\/uk-lottery\"> pelaat lottoa sivustollamme<\/a>, teemme voittojen lunastamisen helpoksi. Voitot, joiden arvo on enint\u00e4\u00e4n 2500 euroa, saat ne saatavillesi t\u00e4\u00e4ll\u00e4 sivustollamme. T\u00e4m\u00e4 johtuu siit\u00e4, ett\u00e4 lottoyhti\u00f6 maksaa sen suoraan sivustollemme, ja voit sitten nostaa sen tilillesi. Jos voitto on yli 2500 euroa, sinun on lunastettava voittosi suoraan lottoyhti\u00f6lt\u00e4. Me autamme sinua siin\u00e4 tarjoamalla sinulle lomakkeen, jonka voit t\u00e4ytt\u00e4\u00e4, joten ei h\u00e4t\u00e4\u00e4.<\/p>\n<h2>Kuinka tarkistaa voittonumerot<\/h2>\n<p><img loading=\"lazy\" decoding=\"async\" class=\"alignright size-medium wp-image-27563\" src=\"https:\/\/jackpotlotteryonline.com\/wp-content\/uploads\/2022\/11\/1_lottery_numbers_draw_results-300x201.jpg\" alt=\"voittaa Britannian arpajaiset\" width=\"300\" height=\"201\" srcset=\"https:\/\/jackpotlotteryonline.com\/wp-content\/uploads\/2022\/11\/1_lottery_numbers_draw_results-300x201.jpg 300w, https:\/\/jackpotlotteryonline.com\/wp-content\/uploads\/2022\/11\/1_lottery_numbers_draw_results.jpg 320w\" sizes=\"auto, (max-width: 300px) 100vw, 300px\" \/>Jos haluat tiet\u00e4\u00e4, oletko voittanut palkinnon vai et, sinun on ensin tarkistettava arvotut numerot. Jos pelaat netiss\u00e4, voit tehd\u00e4 sen monella eri tavalla. Ylivoimaisesti tehokkain tapa on kuitenkin palata t\u00e4nne tarkistamaan arvontatulokset. Julkaisemme arvotut numerot jokaisen arvonnan j\u00e4lkeen.<\/p>\n<p>Jos olet my\u00f6s rekister\u00f6itynyt meille, l\u00e4het\u00e4mme sinulle s\u00e4hk\u00f6postia, jossa kerromme, jos olet voittanut palkinnon. T\u00e4m\u00e4 on itse asiassa yksi t\u00e4rkeimmist\u00e4 eduista, kun pelaat lottoa kanssamme. Sen lis\u00e4ksi, ett\u00e4 p\u00e4\u00e4set k\u00e4siksi tonneihin kansainv\u00e4lisiin lottoihin. Kun pelaat kanssamme, sinun ei tarvitse huolehtia siit\u00e4, ett\u00e4 menet\u00e4t palkintosi. Ilmoitamme sinulle, jos olet voittanut palkinnon. Lis\u00e4ksi, jos voitto on alle 2500 euroa, se on mukavasti tilill\u00e4si, kun kirjaudut sis\u00e4\u00e4n seuraavan kerran.<\/p>\n<h2>Arpajaisten pelaamisen edut kanssamme<\/h2>\n<ul>\n<li>Saat p\u00e4\u00e4syn kansainv\u00e4lisiin huippulottoihin yhdest\u00e4 k\u00e4tev\u00e4st\u00e4 paikasta.<\/li>\n<li>Olemme concierge-sivusto. Se tarkoittaa, ett\u00e4 et ly\u00f6 vetoa loton lopputuloksesta. Itse asiassa ostat osallistumisoikeuden lottoon siit\u00e4, miss\u00e4 ikin\u00e4 oletkin<\/li>\n<li>Voit osallistua arvontoihin useita viikkoja etuk\u00e4teen k\u00e4ytt\u00e4m\u00e4ll\u00e4 tilauspalveluamme<\/li>\n<li>Saat arvontatulokset selville t\u00e4\u00e4ll\u00e4 sivustollamme.<\/li>\n<li>Ilmoitamme sinulle, jos voitat palkinnon<\/li>\n<li>Voit helposti lunastaa voittosi sivustoltamme pankkiisi.<\/li>\n<\/ul>\n<p>On niin monia etuja, kun pelaat lottoa sivustollamme. Keskitymme tarjoamaan asiakkaillemme mahdollisimman k\u00e4tev\u00e4\u00e4 ja saumatonta palvelua, jotta he voivat nauttia lottopeleist\u00e4.<\/p>\n<h2>Tarkista lottovoittonumerosi t\u00e4\u00e4lt\u00e4<\/h2>\n<p>Mainitsimme, ett\u00e4 tarjoamme p\u00e4\u00e4syn useisiin kansainv\u00e4lisiin arpajaisiin. Sen lis\u00e4ksi, ett\u00e4 voit <a href=\"https:\/\/jackpotlotteryonline.com\/fi\/osta-lippuja\/uk-lottery\">ostaa lippusi mist\u00e4 tahansa<\/a>, voit my\u00f6s tarkistaa arvotut numerot. Riippumatta siit\u00e4, mink\u00e4 lottopelin valitset, julkaisemme tulokset t\u00e4\u00e4ll\u00e4 sivustollamme.<\/p>\n<p>Mik\u00e4 parasta, jos voitat jonkin palkinnon, sinun ei tarvitse huolehtia siit\u00e4, mit\u00e4 voitoillesi tapahtuu. Me emme ota mit\u00e4\u00e4n prosenttiosuutta voitoistasi; kaikki voittamasi on kokonaan sinun. Ja voit helposti kotiuttaa ne alustaltamme.<\/p>\n<p>Totisesti, arpajaisten pelaaminen ei ole koskaan ollut yksinkertaisempaa ja vaivatonta. Mikset rekister\u00f6ityisi meille jo t\u00e4n\u00e4\u00e4n ja kokisi k\u00e4tevien ja stressitt\u00f6mien lottopelien iloa?<\/p>\n","protected":false},"excerpt":{"rendered":"<p>Iso-Britannian lotto on mielenkiintoinen peli, sill\u00e4 se voi tehd\u00e4 pelaajista miljon\u00e4\u00e4rej\u00e4. Vaikka se on suosittu Yhdistyneen kuningaskunnan vedonly\u00f6jien keskuudessa, se ei ole kovin tunnettu kansainv\u00e4listen vedonly\u00f6jien keskuudessa. Jos siis haluat kokeilla kansainv\u00e4list\u00e4 lottoa, mikset kokeilisi t\u00e4t\u00e4? Vaikka palkinnot eiv\u00e4t olekaan taattuja, voittonumeron valitseminen on helppoa. Yksi asia sinun on kuitenkin syyt\u00e4 huomioida. Jos voitat t\u00e4m\u00e4n [&hellip;]<\/p>\n","protected":false},"author":1,"featured_media":0,"parent":35824,"menu_order":10,"comment_status":"closed","ping_status":"closed","template":"lotto-uk-results.php","meta":{"_et_pb_use_builder":"","_et_pb_old_content":"","_et_gb_content_width":"","exclude_from_search":false,"footnotes":""},"class_list":["post-41087","page","type-page","status-publish","hentry"],"yoast_head":"<!-- This site is optimized with the Yoast SEO plugin v23.3 - https:\/\/yoast.com\/wordpress\/plugins\/seo\/ -->\n<title>UK Lottery voittonumerot ja arvonnan tulokset<\/title>\n<meta name=\"description\" content=\"Heti arvonnan j\u00e4lkeen l\u00f6yd\u00e4t t\u00e4\u00e4lt\u00e4 kaikki tulokset ja voittonumerot Iso-Britannian lottoon.\" \/>\n<meta name=\"robots\" content=\"index, follow, max-snippet:-1, max-image-preview:large, max-video-preview:-1\" \/>\n<link rel=\"canonical\" href=\"https:\/\/jackpotlotteryonline.com\/fi\/voittonumerot\/uk-lottery\/\" \/>\n<meta property=\"og:locale\" content=\"fi_FI\" \/>\n<meta property=\"og:type\" content=\"article\" \/>\n<meta property=\"og:title\" content=\"UK Lottery voittonumerot ja arvonnan tulokset\" \/>\n<meta property=\"og:description\" content=\"Heti arvonnan j\u00e4lkeen l\u00f6yd\u00e4t t\u00e4\u00e4lt\u00e4 kaikki tulokset ja voittonumerot Iso-Britannian lottoon.\" \/>\n<meta property=\"og:url\" content=\"https:\/\/jackpotlotteryonline.com\/fi\/voittonumerot\/uk-lottery\/\" \/>\n<meta property=\"og:site_name\" content=\"Lotto Online - Crack The International Lottery Jackpots\" \/>\n<meta property=\"article:modified_time\" content=\"2022-12-29T08:31:47+00:00\" \/>\n<meta property=\"og:image\" content=\"https:\/\/jackpotlotteryonline.com\/wp-content\/uploads\/2022\/11\/read1.jpg\" \/>\n<meta name=\"twitter:card\" content=\"summary_large_image\" \/>\n<meta name=\"twitter:label1\" content=\"Arvioitu lukuaika\" \/>\n\t<meta name=\"twitter:data1\" content=\"5 minuuttia\" \/>\n<!-- \/ Yoast SEO plugin. -->","yoast_head_json":{"title":"UK Lottery voittonumerot ja arvonnan tulokset","description":"Heti arvonnan j\u00e4lkeen l\u00f6yd\u00e4t t\u00e4\u00e4lt\u00e4 kaikki tulokset ja voittonumerot Iso-Britannian lottoon.","robots":{"index":"index","follow":"follow","max-snippet":"max-snippet:-1","max-image-preview":"max-image-preview:large","max-video-preview":"max-video-preview:-1"},"canonical":"https:\/\/jackpotlotteryonline.com\/fi\/voittonumerot\/uk-lottery\/","og_locale":"fi_FI","og_type":"article","og_title":"UK Lottery voittonumerot ja arvonnan tulokset","og_description":"Heti arvonnan j\u00e4lkeen l\u00f6yd\u00e4t t\u00e4\u00e4lt\u00e4 kaikki tulokset ja voittonumerot Iso-Britannian lottoon.","og_url":"https:\/\/jackpotlotteryonline.com\/fi\/voittonumerot\/uk-lottery\/","og_site_name":"Lotto Online - Crack The International Lottery Jackpots","article_modified_time":"2022-12-29T08:31:47+00:00","og_image":[{"url":"https:\/\/jackpotlotteryonline.com\/wp-content\/uploads\/2022\/11\/read1.jpg"}],"twitter_card":"summary_large_image","twitter_misc":{"Arvioitu lukuaika":"5 minuuttia"},"schema":{"@context":"https:\/\/schema.org","@graph":[{"@type":"WebPage","@id":"https:\/\/jackpotlotteryonline.com\/fi\/voittonumerot\/uk-lottery\/","url":"https:\/\/jackpotlotteryonline.com\/fi\/voittonumerot\/uk-lottery\/","name":"UK Lottery voittonumerot ja arvonnan tulokset","isPartOf":{"@id":"https:\/\/jackpotlotteryonline.com\/#website"},"primaryImageOfPage":{"@id":"https:\/\/jackpotlotteryonline.com\/fi\/voittonumerot\/uk-lottery\/#primaryimage"},"image":{"@id":"https:\/\/jackpotlotteryonline.com\/fi\/voittonumerot\/uk-lottery\/#primaryimage"},"thumbnailUrl":"https:\/\/jackpotlotteryonline.com\/wp-content\/uploads\/2022\/11\/read1.jpg","datePublished":"2022-12-08T08:34:04+00:00","dateModified":"2022-12-29T08:31:47+00:00","description":"Heti arvonnan j\u00e4lkeen l\u00f6yd\u00e4t t\u00e4\u00e4lt\u00e4 kaikki tulokset ja voittonumerot Iso-Britannian lottoon.","breadcrumb":{"@id":"https:\/\/jackpotlotteryonline.com\/fi\/voittonumerot\/uk-lottery\/#breadcrumb"},"inLanguage":"fi","potentialAction":[{"@type":"ReadAction","target":["https:\/\/jackpotlotteryonline.com\/fi\/voittonumerot\/uk-lottery\/"]}]},{"@type":"ImageObject","inLanguage":"fi","@id":"https:\/\/jackpotlotteryonline.com\/fi\/voittonumerot\/uk-lottery\/#primaryimage","url":"https:\/\/jackpotlotteryonline.com\/wp-content\/uploads\/2022\/11\/read1.jpg","contentUrl":"https:\/\/jackpotlotteryonline.com\/wp-content\/uploads\/2022\/11\/read1.jpg"},{"@type":"BreadcrumbList","@id":"https:\/\/jackpotlotteryonline.com\/fi\/voittonumerot\/uk-lottery\/#breadcrumb","itemListElement":[{"@type":"ListItem","position":1,"name":"Home","item":"https:\/\/jackpotlotteryonline.com\/fi\/"},{"@type":"ListItem","position":2,"name":"Lottotulokset","item":"https:\/\/jackpotlotteryonline.com\/winning-numbers\/"},{"@type":"ListItem","position":3,"name":"Iso-Britannia Lottery Draw tulokset"}]},{"@type":"WebSite","@id":"https:\/\/jackpotlotteryonline.com\/#website","url":"https:\/\/jackpotlotteryonline.com\/","name":"Lotto Online - Crack The International Lottery Jackpots","description":"","potentialAction":[{"@type":"SearchAction","target":{"@type":"EntryPoint","urlTemplate":"https:\/\/jackpotlotteryonline.com\/?s={search_term_string}"},"query-input":"required name=search_term_string"}],"inLanguage":"fi"}]}},"_links":{"self":[{"href":"https:\/\/jackpotlotteryonline.com\/fi\/wp-json\/wp\/v2\/pages\/41087","targetHints":{"allow":["GET"]}}],"collection":[{"href":"https:\/\/jackpotlotteryonline.com\/fi\/wp-json\/wp\/v2\/pages"}],"about":[{"href":"https:\/\/jackpotlotteryonline.com\/fi\/wp-json\/wp\/v2\/types\/page"}],"author":[{"embeddable":true,"href":"https:\/\/jackpotlotteryonline.com\/fi\/wp-json\/wp\/v2\/users\/1"}],"replies":[{"embeddable":true,"href":"https:\/\/jackpotlotteryonline.com\/fi\/wp-json\/wp\/v2\/comments?post=41087"}],"version-history":[{"count":0,"href":"https:\/\/jackpotlotteryonline.com\/fi\/wp-json\/wp\/v2\/pages\/41087\/revisions"}],"up":[{"embeddable":true,"href":"https:\/\/jackpotlotteryonline.com\/fi\/wp-json\/wp\/v2\/pages\/35824"}],"wp:attachment":[{"href":"https:\/\/jackpotlotteryonline.com\/fi\/wp-json\/wp\/v2\/media?parent=41087"}],"curies":[{"name":"wp","href":"https:\/\/api.w.org\/{rel}","templated":true}]}}