{"id":41139,"date":"2022-12-08T10:44:19","date_gmt":"2022-12-08T10:44:19","guid":{"rendered":"https:\/\/jackpotlotteryonline.com\/?page_id=41139"},"modified":"2022-12-29T10:30:17","modified_gmt":"2022-12-29T10:30:17","slug":"set-for-life","status":"publish","type":"page","link":"https:\/\/jackpotlotteryonline.com\/fi\/voittonumerot\/set-for-life\/","title":{"rendered":"Set for Life arvonnan tulokset"},"content":{"rendered":"<p>Set for Life -arpajaiset on Ison-Britannian annuiteettiarpajaiset, jotka antavat pelaajille mahdollisuuden voittaa el\u00e4m\u00e4\u00e4 muuttavan palkinnon. El\u00e4m\u00e4\u00e4 muuttavan siin\u00e4 mieless\u00e4, ett\u00e4 voittajaksi selviytyneet saavat 10 000 puntaa joka kuukausi 30 vuoden ajan. T\u00e4m\u00e4 on melkein kuin voittaisi j\u00e4ttipotin joka kuukausi loppuel\u00e4m\u00e4si ajan.<\/p>\n<p>Pelaajat ymp\u00e4ri maailmaa voivat nyt <a href=\"https:\/\/jackpotlotteryonline.com\/fi\/osta-lippuja\/set-for-life\">osallistua Yhdistyneen kuningaskunnan annuiteettilottoon ostamalla lippuja verkossa<\/a>. Lis\u00e4ksi he voivat tarkistaa voittonumerot verkossa ja p\u00e4\u00e4st\u00e4 k\u00e4siksi my\u00f6s voittoihinsa.<\/p>\n<p>Kun <a href=\"https:\/\/jackpotlotteryonline.com\/fi\/kuinka-pelata\/set-for-life\">pelaat lottoa jackpotlotteryonline.com-sivustolla<\/a>, sinulla on k\u00e4yt\u00e4nn\u00f6ss\u00e4 yhden luukun palvelu kaikkiin lottotarpeisiisi. Voit keskitty\u00e4 lottovoittoon ostamalla lippuja kansainv\u00e4lisiin huippulottoihin verkossa.<\/p>\n<section class=\"layout\" style=\"border: solid 1px; width: 100%;\">\n<div class=\"img-div\" style=\"margin-top: 5px;\"><img decoding=\"async\" class=\"wp-image-17212 alignleft\" style=\"height: 45px; margin: 8px 8px 0px;\" src=\"https:\/\/jackpotlotteryonline.com\/wp-content\/uploads\/2022\/11\/read1.jpg\" alt=\"lue\" width=\"\" height=\"\" \/><\/div>\n<div style=\"padding-left: 5px;\">\n<div style=\"font-size: 1.1em;\">\n<p><strong>Onko laillista pelata muiden maiden lottoja verkossa?<\/strong><\/p>\n<p style=\"font-size: 0.85em; margin-top: -1.5em;\">Onko laillista hankkia lottokuponki netist\u00e4, ja saanko todella rahaa?\u00a0 <a href=\"https:\/\/jackpotlotteryonline.com\/fi\/onko-laillista-pelata-muiden-maiden-arpajaisia-verkossa\"> Lue lis\u00e4\u00e4<\/a><\/p>\n<\/div>\n<\/div>\n<\/section>\n<h2>Miksi pelata verkossa?<\/h2>\n<p>Ensinn\u00e4kin, jos et asu Yhdistyneess\u00e4 kuningaskunnassa, sinun on melko vaikeaa ostaa lippu t\u00e4h\u00e4n lottoon. Periaatteessa ainoa tapa, jolla voit pelata Set for Life -lottoa Yhdistyneen kuningaskunnan ulkopuolella, on tehd\u00e4 se verkossa. Toiseksi, kun n\u00e4et, miten k\u00e4tev\u00e4\u00e4 on pelata verkossa, et halua pelata lottoa mill\u00e4\u00e4n muulla tavalla.<\/p>\n<p><strong>Lyhyesti sanottuna, t\u00e4ss\u00e4 on joitakin lottopelaamisen suuria etuja verkossa:<\/strong><img loading=\"lazy\" decoding=\"async\" class=\"alignright size-medium wp-image-27941\" src=\"https:\/\/jackpotlotteryonline.com\/wp-content\/uploads\/2022\/11\/1_lottery_winner_ticket-200x300.jpg\" alt=\"pelata set for life\" width=\"200\" height=\"300\" srcset=\"https:\/\/jackpotlotteryonline.com\/wp-content\/uploads\/2022\/11\/1_lottery_winner_ticket-200x300.jpg 200w, https:\/\/jackpotlotteryonline.com\/wp-content\/uploads\/2022\/11\/1_lottery_winner_ticket.jpg 320w\" sizes=\"auto, (max-width: 200px) 100vw, 200px\" \/><\/p>\n<ul>\n<li>Voit pelata voittonumerot v\u00e4litt\u00f6m\u00e4sti jokaisessa arvonnassa.<\/li>\n<li>Voit asettaa osallistumisesi viikkoja etuk\u00e4teen<\/li>\n<li>Voit helposti tarkistaa voittonumerot<\/li>\n<li>P\u00e4\u00e4set k\u00e4siksi voittoihisi ilman stressi\u00e4<\/li>\n<\/ul>\n<p>On niin monia etuja, kun pelaat lottoa verkossa. Ja kun pelaat kanssamme osoitteessa jackpotlotteryonline.com, koet lottopelin helppouden ja mukavuuden, kun se on k\u00e4den ulottuvilla. Concierge-sivustona me hoidamme yksityiskohdat puolestasi, kun sin\u00e4 keskityt valitsemaan voittonumerosi helposti. Se on win-win kaikille.<\/p>\n<h2>Mitk\u00e4 ovat Set for Life -voitonumerot?<\/h2>\n<p>Ainoa tapa tiet\u00e4\u00e4, onko sinulla voittonumerot, on tiet\u00e4\u00e4, miten t\u00e4t\u00e4 Yhdistyneen kuningaskunnan lottoa pelataan. Pelataksesi sinun on valittava 5 numeroa v\u00e4lill\u00e4 1-47 ja 1 Life Ball -numero v\u00e4lill\u00e4 1-10. Kun olet valinnut numerot, seuraava vaihe on osallistua valitsemiisi arvontoihin.<\/p>\n<p>Set for Life -arvontap\u00e4ivi\u00e4 on kaksi viikossa, maanantaisin ja torstaisin. Se tarkoittaa kahta mahdollisuutta voittaa arpajaiset. Voit tietysti osallistua molempiin arvontoihin, sill\u00e4 n\u00e4in voit lis\u00e4t\u00e4 mahdollisuuksiasi voittaa lotossa.<\/p>\n<p>Arpajaisten j\u00e4lkeen sinun on tarkistettava tulokset, jotta n\u00e4et, onko sinulla voittoyhdistelm\u00e4. Se, jolla on voittonumerot, voittaa lotossa.<\/p>\n<h2>Kolme tapaa tarkistaa arvontatulokset<\/h2>\n<p>Voit tarkistaa voittoyhdistelm\u00e4n t\u00e4ss\u00e4 Yhdistyneen kuningaskunnan arvonnassa kolmella tavalla. Jos asut Yhdistyneess\u00e4 kuningaskunnassa, voit helposti katsoa suorat arvonnat televisiosta. Jos kuitenkin olet tuohon aikaan t\u00f6iss\u00e4 tai sinulla on jokin muu toiminto, se ei k\u00e4y sinulle.<\/p>\n<p>Toinen vaihtoehto on tarkistaa arvontatulokset netist\u00e4. Eri verkkosivustot julkaisevat tulokset, erityisesti j\u00e4ttipotin voittoyhdistelm\u00e4n. Koska lotossa on luonnollisesti muitakin palkintoluokkia, saatat olla kiinnostunut muista voittoyhdistelmist\u00e4 kuin j\u00e4ttipotista.<\/p>\n<p>Paras tapa tarkistaa arvontatulokset on palata t\u00e4lle sivulle jokaisen arvonnan j\u00e4lkeen. Julkaisemme arvontatulokset t\u00e4\u00e4ll\u00e4 ja k\u00e4yt\u00e4mme aikaa n\u00e4ytt\u00e4\u00e4ksemme voittoyhdistelm\u00e4t jokaisessa palkintoluokassa. Lis\u00e4ksi, jos olet ostanut lippusi meilt\u00e4, l\u00e4het\u00e4mme sinulle s\u00e4hk\u00f6postia, jos sinulla on voittava lippu.<\/p>\n<h2>Set for Life -palkintoluokat<\/h2>\n<p>T\u00e4m\u00e4n brittil\u00e4isen loton p\u00e4\u00e4palkinto on uskomaton 10 000 puntaa joka kuukausi seuraavien 30 vuoden ajan. Kuvittele, ett\u00e4 voitat t\u00e4llaisen summan joka kuukausi 30 vuoden ajan. T\u00e4llaisen palkinnon my\u00f6t\u00e4 on helppo ymm\u00e4rt\u00e4\u00e4, miksi vedonly\u00f6j\u00e4t ymp\u00e4ri maailmaa ovat innokkaita saamaan t\u00e4m\u00e4n loton voittoyhdistelm\u00e4n.<\/p>\n<p>P\u00e4\u00e4palkinnon voittamisen lis\u00e4ksi on muitakin j\u00e4nnitt\u00e4vi\u00e4 palkintoja, joita pelaajat voivat voittaa t\u00e4ss\u00e4 lotossa. T\u00e4ss\u00e4 ovat palkintoluokat.<\/p>\n<p>Luokka 1: Match 5 + Life Ball &#8211; 10 000 puntaa joka kuukausi 30 vuoden ajan.<\/p>\n<p>Luokka 2: Pelkk\u00e4 Match 5 &#8211; 10 000 puntaa joka kuukausi 1 vuoden ajan.<\/p>\n<p>Luokka 3: Ottelu 4 + Life Ball &#8211; 250 puntaa.<\/p>\n<p>Luokka 4: Vain ottelu 4 &#8211; 50 puntaa<\/p>\n<p>Luokka 5: Ottelu 3 + Life Ball &#8211; 30 puntaa.<\/p>\n<p>Luokka 6: Vain ottelu 3 &#8211; 20 puntaa<\/p>\n<p>Luokka 7: Ottelu 2 + Life Ball &#8211; 10 puntaa.<\/p>\n<p>Luokka 8 Vain ottelu 2 &#8211; 5 puntaa<\/p>\n<h2>Voittojen kotiuttaminen<\/h2>\n<p>Mainitsimme, ett\u00e4 ilmoitamme sinulle s\u00e4hk\u00f6postitse ja tilisi kautta, jos sinulla on voittokuponki. Mutta miten voit nostaa voittosi, kun asut Yhdistyneen kuningaskunnan ulkopuolella? T\u00e4m\u00e4 on kysymys, joka askarruttaa monia vedonly\u00f6ji\u00e4. No, me olemme t\u00e4\u00e4ll\u00e4 rauhoittamassa syd\u00e4mesi voittojesi suhteen.<\/p>\n<p>Kun rekister\u00f6idyt meille ja ostat meilt\u00e4 lottokuponkeja, yksinkertaistamme prosessia puolestasi. Concierge-sivustona olemme luoneet saumattoman prosessin, jonka avulla voit helposti nostaa voittosi. Kun voittosi ovat alle 2 500 euroa, sinun tarvitsee vain tehd\u00e4 kotiutus sivustoltamme tilillesi.<\/p>\n<p>Jos olet voittanut palkinnon, joka on yli t\u00e4m\u00e4n summan, annamme sinulle korvausvaatimuslomakkeen. N\u00e4in voit lunastaa voittosi suoraan lottoyhti\u00f6lt\u00e4. Mene siis eteenp\u00e4in ja osta arpa t\u00e4n\u00e4\u00e4n, jotta sinulla on mahdollisuus saada voittoyhdistelm\u00e4.<\/p>\n","protected":false},"excerpt":{"rendered":"<p>Set for Life -arpajaiset on Ison-Britannian annuiteettiarpajaiset, jotka antavat pelaajille mahdollisuuden voittaa el\u00e4m\u00e4\u00e4 muuttavan palkinnon. El\u00e4m\u00e4\u00e4 muuttavan siin\u00e4 mieless\u00e4, ett\u00e4 voittajaksi selviytyneet saavat 10 000 puntaa joka kuukausi 30 vuoden ajan. T\u00e4m\u00e4 on melkein kuin voittaisi j\u00e4ttipotin joka kuukausi loppuel\u00e4m\u00e4si ajan. Pelaajat ymp\u00e4ri maailmaa voivat nyt osallistua Yhdistyneen kuningaskunnan annuiteettilottoon ostamalla lippuja verkossa. Lis\u00e4ksi he [&hellip;]<\/p>\n","protected":false},"author":1,"featured_media":0,"parent":35824,"menu_order":11,"comment_status":"closed","ping_status":"closed","template":"set-for-life-results.php","meta":{"_et_pb_use_builder":"","_et_pb_old_content":"","_et_gb_content_width":"","exclude_from_search":false,"footnotes":""},"class_list":["post-41139","page","type-page","status-publish","hentry"],"yoast_head":"<!-- This site is optimized with the Yoast SEO plugin v23.3 - https:\/\/yoast.com\/wordpress\/plugins\/seo\/ -->\n<title>Set for Life voittonumerot ja arvonnan tulos<\/title>\n<meta name=\"description\" content=\"Set For Life lottoarvonnan tulokset sek\u00e4 voittonumerot t\u00e4\u00e4ll\u00e4 Jackpotlotteryonline.com:ssa\" \/>\n<meta name=\"robots\" content=\"index, follow, max-snippet:-1, max-image-preview:large, max-video-preview:-1\" \/>\n<link rel=\"canonical\" href=\"https:\/\/jackpotlotteryonline.com\/fi\/voittonumerot\/set-for-life\/\" \/>\n<meta property=\"og:locale\" content=\"fi_FI\" \/>\n<meta property=\"og:type\" content=\"article\" \/>\n<meta property=\"og:title\" content=\"Set for Life voittonumerot ja arvonnan tulos\" \/>\n<meta property=\"og:description\" content=\"Set For Life lottoarvonnan tulokset sek\u00e4 voittonumerot t\u00e4\u00e4ll\u00e4 Jackpotlotteryonline.com:ssa\" \/>\n<meta property=\"og:url\" content=\"https:\/\/jackpotlotteryonline.com\/fi\/voittonumerot\/set-for-life\/\" \/>\n<meta property=\"og:site_name\" content=\"Lotto Online - Crack The International Lottery Jackpots\" \/>\n<meta property=\"article:modified_time\" content=\"2022-12-29T10:30:17+00:00\" \/>\n<meta property=\"og:image\" content=\"https:\/\/jackpotlotteryonline.com\/wp-content\/uploads\/2022\/11\/read1.jpg\" \/>\n<meta name=\"twitter:card\" content=\"summary_large_image\" \/>\n<meta name=\"twitter:label1\" content=\"Arvioitu lukuaika\" \/>\n\t<meta name=\"twitter:data1\" content=\"3 minuuttia\" \/>\n<!-- \/ Yoast SEO plugin. -->","yoast_head_json":{"title":"Set for Life voittonumerot ja arvonnan tulos","description":"Set For Life lottoarvonnan tulokset sek\u00e4 voittonumerot t\u00e4\u00e4ll\u00e4 Jackpotlotteryonline.com:ssa","robots":{"index":"index","follow":"follow","max-snippet":"max-snippet:-1","max-image-preview":"max-image-preview:large","max-video-preview":"max-video-preview:-1"},"canonical":"https:\/\/jackpotlotteryonline.com\/fi\/voittonumerot\/set-for-life\/","og_locale":"fi_FI","og_type":"article","og_title":"Set for Life voittonumerot ja arvonnan tulos","og_description":"Set For Life lottoarvonnan tulokset sek\u00e4 voittonumerot t\u00e4\u00e4ll\u00e4 Jackpotlotteryonline.com:ssa","og_url":"https:\/\/jackpotlotteryonline.com\/fi\/voittonumerot\/set-for-life\/","og_site_name":"Lotto Online - Crack The International Lottery Jackpots","article_modified_time":"2022-12-29T10:30:17+00:00","og_image":[{"url":"https:\/\/jackpotlotteryonline.com\/wp-content\/uploads\/2022\/11\/read1.jpg"}],"twitter_card":"summary_large_image","twitter_misc":{"Arvioitu lukuaika":"3 minuuttia"},"schema":{"@context":"https:\/\/schema.org","@graph":[{"@type":"WebPage","@id":"https:\/\/jackpotlotteryonline.com\/fi\/voittonumerot\/set-for-life\/","url":"https:\/\/jackpotlotteryonline.com\/fi\/voittonumerot\/set-for-life\/","name":"Set for Life voittonumerot ja arvonnan tulos","isPartOf":{"@id":"https:\/\/jackpotlotteryonline.com\/#website"},"primaryImageOfPage":{"@id":"https:\/\/jackpotlotteryonline.com\/fi\/voittonumerot\/set-for-life\/#primaryimage"},"image":{"@id":"https:\/\/jackpotlotteryonline.com\/fi\/voittonumerot\/set-for-life\/#primaryimage"},"thumbnailUrl":"https:\/\/jackpotlotteryonline.com\/wp-content\/uploads\/2022\/11\/read1.jpg","datePublished":"2022-12-08T10:44:19+00:00","dateModified":"2022-12-29T10:30:17+00:00","description":"Set For Life lottoarvonnan tulokset sek\u00e4 voittonumerot t\u00e4\u00e4ll\u00e4 Jackpotlotteryonline.com:ssa","breadcrumb":{"@id":"https:\/\/jackpotlotteryonline.com\/fi\/voittonumerot\/set-for-life\/#breadcrumb"},"inLanguage":"fi","potentialAction":[{"@type":"ReadAction","target":["https:\/\/jackpotlotteryonline.com\/fi\/voittonumerot\/set-for-life\/"]}]},{"@type":"ImageObject","inLanguage":"fi","@id":"https:\/\/jackpotlotteryonline.com\/fi\/voittonumerot\/set-for-life\/#primaryimage","url":"https:\/\/jackpotlotteryonline.com\/wp-content\/uploads\/2022\/11\/read1.jpg","contentUrl":"https:\/\/jackpotlotteryonline.com\/wp-content\/uploads\/2022\/11\/read1.jpg"},{"@type":"BreadcrumbList","@id":"https:\/\/jackpotlotteryonline.com\/fi\/voittonumerot\/set-for-life\/#breadcrumb","itemListElement":[{"@type":"ListItem","position":1,"name":"Home","item":"https:\/\/jackpotlotteryonline.com\/fi\/"},{"@type":"ListItem","position":2,"name":"Lottotulokset","item":"https:\/\/jackpotlotteryonline.com\/winning-numbers\/"},{"@type":"ListItem","position":3,"name":"Set for Life arvonnan tulokset"}]},{"@type":"WebSite","@id":"https:\/\/jackpotlotteryonline.com\/#website","url":"https:\/\/jackpotlotteryonline.com\/","name":"Lotto Online - Crack The International Lottery Jackpots","description":"","potentialAction":[{"@type":"SearchAction","target":{"@type":"EntryPoint","urlTemplate":"https:\/\/jackpotlotteryonline.com\/?s={search_term_string}"},"query-input":"required name=search_term_string"}],"inLanguage":"fi"}]}},"_links":{"self":[{"href":"https:\/\/jackpotlotteryonline.com\/fi\/wp-json\/wp\/v2\/pages\/41139","targetHints":{"allow":["GET"]}}],"collection":[{"href":"https:\/\/jackpotlotteryonline.com\/fi\/wp-json\/wp\/v2\/pages"}],"about":[{"href":"https:\/\/jackpotlotteryonline.com\/fi\/wp-json\/wp\/v2\/types\/page"}],"author":[{"embeddable":true,"href":"https:\/\/jackpotlotteryonline.com\/fi\/wp-json\/wp\/v2\/users\/1"}],"replies":[{"embeddable":true,"href":"https:\/\/jackpotlotteryonline.com\/fi\/wp-json\/wp\/v2\/comments?post=41139"}],"version-history":[{"count":0,"href":"https:\/\/jackpotlotteryonline.com\/fi\/wp-json\/wp\/v2\/pages\/41139\/revisions"}],"up":[{"embeddable":true,"href":"https:\/\/jackpotlotteryonline.com\/fi\/wp-json\/wp\/v2\/pages\/35824"}],"wp:attachment":[{"href":"https:\/\/jackpotlotteryonline.com\/fi\/wp-json\/wp\/v2\/media?parent=41139"}],"curies":[{"name":"wp","href":"https:\/\/api.w.org\/{rel}","templated":true}]}}