{"id":41193,"date":"2022-12-08T13:16:07","date_gmt":"2022-12-08T13:16:07","guid":{"rendered":"https:\/\/jackpotlotteryonline.com\/?page_id=41193"},"modified":"2022-12-29T20:02:31","modified_gmt":"2022-12-29T20:02:31","slug":"mega-sena","status":"publish","type":"page","link":"https:\/\/jackpotlotteryonline.com\/fi\/voittonumerot\/mega-sena\/","title":{"rendered":"Mega-Sena arvonnan tulokset"},"content":{"rendered":"<p>Pelaajat ymp\u00e4ri maailmaa voivat nyt ostaa lippuja Mega-Sena-arvontaan. Sen lis\u00e4ksi, kun olet pelannut lottoa, voit tarkistaa Mega-Sena-voitonumerot verkossa. Olennainen osa lottopelaamista on arvontatulosten tarkistaminen, jotta et j\u00e4\u00e4 paitsi palkinnoista. Brasilian lottovoiton voittonumeroiden tarkistamiseen on useita tapoja, ja k\u00e4sittelemme niit\u00e4 hetken kuluttua.<\/p>\n<p>Mutta jos sinulla on kiire tiet\u00e4\u00e4 viimeisen arvonnan tulokset, voit k\u00e4yd\u00e4 osoitteessa jackpotlotteryonline.com, josta p\u00e4\u00e4set tutustumaan kansainv\u00e4lisiin huippulottoihin.<\/p>\n<section class=\"layout\" style=\"border: solid 1px; width: 100%;\">\n<div class=\"img-div\" style=\"margin-top: 5px;\"><img decoding=\"async\" class=\"wp-image-17212 alignleft\" style=\"height: 45px; margin: 8px 8px 0px;\" src=\"https:\/\/jackpotlotteryonline.com\/wp-content\/uploads\/2022\/11\/read1.jpg\" alt=\"lue\" width=\"\" height=\"\" \/><\/div>\n<div style=\"padding-left: 5px;\">\n<div style=\"font-size: 1.1em;\">\n<p><strong>Euroopan arpajaiset<\/strong><\/p>\n<p style=\"font-size: 0.85em; margin-top: -1.5em;\">Mitk\u00e4 eurooppalaiset lotot ovat parhaita?\u00a0 <a href=\"https:\/\/jackpotlotteryonline.com\/fi\/mitka-eurooppalaiset-arpajaiset-ovat-parhaita\"> Lue lis\u00e4\u00e4<\/a><\/p>\n<\/div>\n<\/div>\n<\/section>\n<h2>Mega-Sena-arpajaisten perusteet<\/h2>\n<p>Mega-Sena on pelitavaltaan samanlainen kuin mik\u00e4 tahansa muu lotto. Sinun tarvitsee vain valita numerot tietyst\u00e4 alueesta. Brasilialaisessa lotossa valitset 6 numeroa alueelta 1-60. Siin\u00e4 kaikki. T\u00e4ss\u00e4 lotossa ei ole ylim\u00e4\u00e4r\u00e4isi\u00e4 tai bonusnumeroita, vain kuusi.<\/p>\n<p>Kun olet valinnut haluamasi numerot, seuraava vaihe on osallistua arvontaan. Mega-Sena-arvonnassa on kaksi viikoittaista arvontakertaa, keskiviikkoisin ja torstaisin.<\/p>\n<h2>Mega-Sena voittonumerot<\/h2>\n<p><img loading=\"lazy\" decoding=\"async\" class=\"size-full wp-image-29102 alignright\" src=\"https:\/\/jackpotlotteryonline.com\/wp-content\/uploads\/2022\/11\/1_play_lottery_international.jpg\" alt=\"Mega-Sena voittonumerot\" width=\"205\" height=\"147\" \/>Miten valitset Mega-Senan voittonumerot? Eri pelaajilla on erilaisia tapoja valita, mik\u00e4 sopii heille. Voit valita voittonumerosi k\u00e4ytt\u00e4m\u00e4ll\u00e4 sinulle erityisi\u00e4 p\u00e4iv\u00e4m\u00e4\u00e4ri\u00e4. Jos sinulla on onnekkaita p\u00e4iv\u00e4m\u00e4\u00e4ri\u00e4 tai numeroita, niist\u00e4 voi olla apua numeron valinnassa.<\/p>\n<p>Jos sinulla ei ole mieless\u00e4si mit\u00e4\u00e4n erityist\u00e4 numeroa, \u00e4l\u00e4 huolehdi siit\u00e4. Kun <a href=\"https:\/\/jackpotlotteryonline.com\/fi\/kuinka-pelata\/mega-sena-2\">pelaat Mega-Senaa kanssamme<\/a>, voit k\u00e4ytt\u00e4\u00e4 automaattigeneraattoriamme satunnaisnumeroiden valitsemiseen. Loppujen lopuksi on t\u00e4rke\u00e4\u00e4 muistaa, ett\u00e4 arpajaiset ovat onnenpeli\u00e4. Ainoa todellinen tapa lis\u00e4t\u00e4 voittomahdollisuuksiasi on ostaa useita lippuja ja osallistua useisiin arvontoihin.<\/p>\n<p>Voit pelata lottoa verkossa k\u00e4ym\u00e4ll\u00e4 Mega-Sena-sivullamme. Teemme sinulle helpoksi osallistua yhteen arvontaan tai useampaan arvontaan. Voit my\u00f6s ostaa useita rivej\u00e4 lippuun, jolloin saat useita osallistumisia arvontaan.<\/p>\n<h2>Mega-Sena-palkinnot<\/h2>\n<p>Mega-Sena-arvonnassa on taattu 3 miljoonan Brasilian realin aloitusj\u00e4ttipotti. Se on noin 549467,87 euroa. Mutta jos voittajaa ei ole arvonnan j\u00e4lkeen, j\u00e4ttipotti siirtyy seuraavaan arvontaan. N\u00e4in ollen j\u00e4ttipotin m\u00e4\u00e4r\u00e4 voi kasvaa melko suureksi, mik\u00e4 tekee siit\u00e4 makean tarjouksen pelaajille kaikkialla.<\/p>\n<p>Lis\u00e4ksi Mega-Senan voittomahdollisuus on 1:50 miljoonaa. Kun t\u00e4t\u00e4 verrataan muihin kansainv\u00e4lisiin huippulottoihin, on selv\u00e4\u00e4, miksi Brasilian lotto on vedonly\u00f6jien suosiossa.<\/p>\n<p>Brasilian lotto eroaa muista lotoista my\u00f6s siin\u00e4, ett\u00e4 se tarjoaa vain kolme palkintoluokkaa, j\u00e4ttipotti mukaan lukien. Lottovoitto tarkoittaa siis sit\u00e4, ett\u00e4 voit voittaa mink\u00e4 tahansa seuraavista palkinnoista.<\/p>\n<p>Jackpot &#8211; Sena: Match 6 &#8211; 35 % palkintopotista<\/p>\n<p>Taso 2 &#8211; Quina: Ottelu 5 &#8211; 19 % palkintopotista<\/p>\n<p>Taso 3 &#8211; Quadra: Ottelu 4 &#8211; 19 % palkintopotista.<\/p>\n<h2>Palkinnon lunastaminen<\/h2>\n<p>Seuraava vaihe on lunastaa voittamasi palkinto, kun osallistut arvontaan. Se, miten lunastat palkintosi, riippuu siit\u00e4, mist\u00e4 ostit arpalippusi. Kun pelaat lottoa verkossa, on t\u00e4rke\u00e4\u00e4 ostaa lippusi sivustolta, joka antaa sinulle mahdollisuuden voittaa lotossa. Joillakin sivustoilla voit ly\u00f6d\u00e4 vetoa vain lottotuloksesta.<\/p>\n<p>Kun <a href=\"https:\/\/jackpotlotteryonline.com\/fi\/osta-lippuja\/mega-sena\">ostat lottokupongin meilt\u00e4<\/a>, p\u00e4\u00e4set mukaan lottoon. T\u00e4m\u00e4 johtuu siit\u00e4, ett\u00e4 agenttimme Brasiliassa ostaa fyysisi\u00e4 lippuja, joissa on vastaavat numerosi. N\u00e4in saat mahdollisuuden voittaa lotossa.<\/p>\n<p>Jos siis voitat palkintoja, sinun tarvitsee vain nostaa palkintosi sivustoltamme tilillesi. Se on niin yksinkertaista. Vieraile ehdoissamme ja selvit\u00e4, miten voit lunastaa Mega-Sena-voittonumerosi.<\/p>\n","protected":false},"excerpt":{"rendered":"<p>Pelaajat ymp\u00e4ri maailmaa voivat nyt ostaa lippuja Mega-Sena-arvontaan. Sen lis\u00e4ksi, kun olet pelannut lottoa, voit tarkistaa Mega-Sena-voitonumerot verkossa. Olennainen osa lottopelaamista on arvontatulosten tarkistaminen, jotta et j\u00e4\u00e4 paitsi palkinnoista. Brasilian lottovoiton voittonumeroiden tarkistamiseen on useita tapoja, ja k\u00e4sittelemme niit\u00e4 hetken kuluttua. Mutta jos sinulla on kiire tiet\u00e4\u00e4 viimeisen arvonnan tulokset, voit k\u00e4yd\u00e4 osoitteessa jackpotlotteryonline.com, josta [&hellip;]<\/p>\n","protected":false},"author":1,"featured_media":0,"parent":35824,"menu_order":14,"comment_status":"closed","ping_status":"closed","template":"megasena-results.php","meta":{"_et_pb_use_builder":"","_et_pb_old_content":"","_et_gb_content_width":"","exclude_from_search":false,"footnotes":""},"class_list":["post-41193","page","type-page","status-publish","hentry"],"yoast_head":"<!-- This site is optimized with the Yoast SEO plugin v23.3 - https:\/\/yoast.com\/wordpress\/plugins\/seo\/ -->\n<title>Mega-Sena arvonnan tulokset ja voittonumerot<\/title>\n<meta name=\"description\" content=\"Brasilian Mega-Sena-arvonnan tuloksia on vaikea l\u00f6yt\u00e4\u00e4 - listaamme t\u00e4m\u00e4n p\u00e4iv\u00e4n ja eilisen voittonumerot ja arvontatulokset verkkosivuillamme.\" \/>\n<meta name=\"robots\" content=\"index, follow, max-snippet:-1, max-image-preview:large, max-video-preview:-1\" \/>\n<link rel=\"canonical\" href=\"https:\/\/jackpotlotteryonline.com\/fi\/voittonumerot\/mega-sena\/\" \/>\n<meta property=\"og:locale\" content=\"fi_FI\" \/>\n<meta property=\"og:type\" content=\"article\" \/>\n<meta property=\"og:title\" content=\"Mega-Sena arvonnan tulokset ja voittonumerot\" \/>\n<meta property=\"og:description\" content=\"Brasilian Mega-Sena-arvonnan tuloksia on vaikea l\u00f6yt\u00e4\u00e4 - listaamme t\u00e4m\u00e4n p\u00e4iv\u00e4n ja eilisen voittonumerot ja arvontatulokset verkkosivuillamme.\" \/>\n<meta property=\"og:url\" content=\"https:\/\/jackpotlotteryonline.com\/fi\/voittonumerot\/mega-sena\/\" \/>\n<meta property=\"og:site_name\" content=\"Lotto Online - Crack The International Lottery Jackpots\" \/>\n<meta property=\"article:modified_time\" content=\"2022-12-29T20:02:31+00:00\" \/>\n<meta property=\"og:image\" content=\"https:\/\/jackpotlotteryonline.com\/wp-content\/uploads\/2022\/11\/read1.jpg\" \/>\n<meta name=\"twitter:card\" content=\"summary_large_image\" \/>\n<meta name=\"twitter:label1\" content=\"Arvioitu lukuaika\" \/>\n\t<meta name=\"twitter:data1\" content=\"3 minuuttia\" \/>\n<!-- \/ Yoast SEO plugin. -->","yoast_head_json":{"title":"Mega-Sena arvonnan tulokset ja voittonumerot","description":"Brasilian Mega-Sena-arvonnan tuloksia on vaikea l\u00f6yt\u00e4\u00e4 - listaamme t\u00e4m\u00e4n p\u00e4iv\u00e4n ja eilisen voittonumerot ja arvontatulokset verkkosivuillamme.","robots":{"index":"index","follow":"follow","max-snippet":"max-snippet:-1","max-image-preview":"max-image-preview:large","max-video-preview":"max-video-preview:-1"},"canonical":"https:\/\/jackpotlotteryonline.com\/fi\/voittonumerot\/mega-sena\/","og_locale":"fi_FI","og_type":"article","og_title":"Mega-Sena arvonnan tulokset ja voittonumerot","og_description":"Brasilian Mega-Sena-arvonnan tuloksia on vaikea l\u00f6yt\u00e4\u00e4 - listaamme t\u00e4m\u00e4n p\u00e4iv\u00e4n ja eilisen voittonumerot ja arvontatulokset verkkosivuillamme.","og_url":"https:\/\/jackpotlotteryonline.com\/fi\/voittonumerot\/mega-sena\/","og_site_name":"Lotto Online - Crack The International Lottery Jackpots","article_modified_time":"2022-12-29T20:02:31+00:00","og_image":[{"url":"https:\/\/jackpotlotteryonline.com\/wp-content\/uploads\/2022\/11\/read1.jpg"}],"twitter_card":"summary_large_image","twitter_misc":{"Arvioitu lukuaika":"3 minuuttia"},"schema":{"@context":"https:\/\/schema.org","@graph":[{"@type":"WebPage","@id":"https:\/\/jackpotlotteryonline.com\/fi\/voittonumerot\/mega-sena\/","url":"https:\/\/jackpotlotteryonline.com\/fi\/voittonumerot\/mega-sena\/","name":"Mega-Sena arvonnan tulokset ja voittonumerot","isPartOf":{"@id":"https:\/\/jackpotlotteryonline.com\/#website"},"primaryImageOfPage":{"@id":"https:\/\/jackpotlotteryonline.com\/fi\/voittonumerot\/mega-sena\/#primaryimage"},"image":{"@id":"https:\/\/jackpotlotteryonline.com\/fi\/voittonumerot\/mega-sena\/#primaryimage"},"thumbnailUrl":"https:\/\/jackpotlotteryonline.com\/wp-content\/uploads\/2022\/11\/read1.jpg","datePublished":"2022-12-08T13:16:07+00:00","dateModified":"2022-12-29T20:02:31+00:00","description":"Brasilian Mega-Sena-arvonnan tuloksia on vaikea l\u00f6yt\u00e4\u00e4 - listaamme t\u00e4m\u00e4n p\u00e4iv\u00e4n ja eilisen voittonumerot ja arvontatulokset verkkosivuillamme.","breadcrumb":{"@id":"https:\/\/jackpotlotteryonline.com\/fi\/voittonumerot\/mega-sena\/#breadcrumb"},"inLanguage":"fi","potentialAction":[{"@type":"ReadAction","target":["https:\/\/jackpotlotteryonline.com\/fi\/voittonumerot\/mega-sena\/"]}]},{"@type":"ImageObject","inLanguage":"fi","@id":"https:\/\/jackpotlotteryonline.com\/fi\/voittonumerot\/mega-sena\/#primaryimage","url":"https:\/\/jackpotlotteryonline.com\/wp-content\/uploads\/2022\/11\/read1.jpg","contentUrl":"https:\/\/jackpotlotteryonline.com\/wp-content\/uploads\/2022\/11\/read1.jpg"},{"@type":"BreadcrumbList","@id":"https:\/\/jackpotlotteryonline.com\/fi\/voittonumerot\/mega-sena\/#breadcrumb","itemListElement":[{"@type":"ListItem","position":1,"name":"Home","item":"https:\/\/jackpotlotteryonline.com\/fi\/"},{"@type":"ListItem","position":2,"name":"Lottotulokset","item":"https:\/\/jackpotlotteryonline.com\/winning-numbers\/"},{"@type":"ListItem","position":3,"name":"Mega-Sena arvonnan tulokset"}]},{"@type":"WebSite","@id":"https:\/\/jackpotlotteryonline.com\/#website","url":"https:\/\/jackpotlotteryonline.com\/","name":"Lotto Online - Crack The International Lottery Jackpots","description":"","potentialAction":[{"@type":"SearchAction","target":{"@type":"EntryPoint","urlTemplate":"https:\/\/jackpotlotteryonline.com\/?s={search_term_string}"},"query-input":"required name=search_term_string"}],"inLanguage":"fi"}]}},"_links":{"self":[{"href":"https:\/\/jackpotlotteryonline.com\/fi\/wp-json\/wp\/v2\/pages\/41193","targetHints":{"allow":["GET"]}}],"collection":[{"href":"https:\/\/jackpotlotteryonline.com\/fi\/wp-json\/wp\/v2\/pages"}],"about":[{"href":"https:\/\/jackpotlotteryonline.com\/fi\/wp-json\/wp\/v2\/types\/page"}],"author":[{"embeddable":true,"href":"https:\/\/jackpotlotteryonline.com\/fi\/wp-json\/wp\/v2\/users\/1"}],"replies":[{"embeddable":true,"href":"https:\/\/jackpotlotteryonline.com\/fi\/wp-json\/wp\/v2\/comments?post=41193"}],"version-history":[{"count":0,"href":"https:\/\/jackpotlotteryonline.com\/fi\/wp-json\/wp\/v2\/pages\/41193\/revisions"}],"up":[{"embeddable":true,"href":"https:\/\/jackpotlotteryonline.com\/fi\/wp-json\/wp\/v2\/pages\/35824"}],"wp:attachment":[{"href":"https:\/\/jackpotlotteryonline.com\/fi\/wp-json\/wp\/v2\/media?parent=41193"}],"curies":[{"name":"wp","href":"https:\/\/api.w.org\/{rel}","templated":true}]}}