{"id":41249,"date":"2022-12-08T19:13:38","date_gmt":"2022-12-08T19:13:38","guid":{"rendered":"https:\/\/jackpotlotteryonline.com\/?page_id=41249"},"modified":"2022-12-30T14:56:48","modified_gmt":"2022-12-30T14:56:48","slug":"saturday-lotto","status":"publish","type":"page","link":"https:\/\/jackpotlotteryonline.com\/fi\/voittonumerot\/saturday-lotto\/","title":{"rendered":"Lauantai Lotto tasapeli tulokset"},"content":{"rendered":"<p>Lauantailotto, joka tunnetaan my\u00f6s nimell\u00e4 Tatts-lotto, on yksi Australian voitokkaimmista lotoista. Ja nyt kun pelaajat ymp\u00e4ri maailmaa voivat osallistua lottoon, on entist\u00e4 t\u00e4rke\u00e4mp\u00e4\u00e4 valita voittonumerot. T\u00e4m\u00e4n australialaisen lottovoiton voittaminen tarkoittaa, ett\u00e4 p\u00e4\u00e4set kotiin v\u00e4hint\u00e4\u00e4n 5 miljoonan dollarin arvosta. T\u00e4m\u00e4 summa kierr\u00e4tet\u00e4\u00e4n, jos voittajalippua ei ole arvonnan j\u00e4lkeen. Jos osallistut lis\u00e4ksi mega-arvontaan, joka j\u00e4rjestet\u00e4\u00e4n kerran vuodessa jouluna, voit voittaa 30 miljoonaa dollaria!<\/p>\n<p>Jos et ole viel\u00e4 ostanut voittokuponkia lottoon, suuntaa osoitteeseen jackpotlotteryonline.com ja <a href=\"https:\/\/jackpotlotteryonline.com\/fi\/osta-lippuja\/saturday-lotto\">hanki lippusi nyt<\/a>. Tule sitten takaisin katsomaan voittonumeroita.<\/p>\n<h2>Lauantain lottovoitto<\/h2>\n<p><img loading=\"lazy\" decoding=\"async\" class=\"alignright size-medium wp-image-28157\" src=\"http:\/\/jackpotlotteryonline.com\/wp-content\/uploads\/2022\/11\/1_lotto_money_win-300x150.jpg\" alt=\"voittaa lauantailotto\" width=\"300\" height=\"150\" srcset=\"https:\/\/jackpotlotteryonline.com\/wp-content\/uploads\/2022\/11\/1_lotto_money_win-300x150.jpg 300w, https:\/\/jackpotlotteryonline.com\/wp-content\/uploads\/2022\/11\/1_lotto_money_win.jpg 320w\" sizes=\"auto, (max-width: 300px) 100vw, 300px\" \/>Tattsin lottoa on helppo pelata, varsinkin kun pelaat netiss\u00e4. Periaatteessa pelaajien on valittava 6 p\u00e4\u00e4numeroa v\u00e4lilt\u00e4 1-45. Sitten 2 lis\u00e4numeroa v\u00e4lilt\u00e4 1-6. Lis\u00e4numeroilla ei oikeastaan ole paljonkaan tekemist\u00e4 j\u00e4ttipotin m\u00e4\u00e4ritt\u00e4misen kanssa. J\u00e4ttipotin voittaminen tarkoittaa, ett\u00e4 sinun on vain saatava kahdeksan arvottua numeroa.<\/p>\n<p>Lottovoitto tarkoittaa siis sit\u00e4, ett\u00e4 lippusi vastaa kuutta palloa, jotka valitaan satunnaisesti 45 pallon tynnyrist\u00e4. Sitten kaksi muuta palloa valitaan toisesta kuuden pallon tynnyrist\u00e4. N\u00e4it\u00e4 lis\u00e4palloja k\u00e4ytet\u00e4\u00e4n muiden palkintoluokkien voittamiseen.<\/p>\n<p>Arvonta suoritetaan kerran viikossa, lauantaina. Jos siis haluat voittokupongin, sinun on ostettava osallistumisesi ajoissa. Arvonnat p\u00e4\u00e4ttyv\u00e4t lauantaina klo 19.25 AEST. Pelaajien, jotka haluavat osallistua kyseisen viikon arvontaan, on ostettava voittolippunsa ennen sulkemisaikaa.<\/p>\n<h2>Pelaaminen verkossa<\/h2>\n<p>Puhumme lyhyesti lottovoitosta verkossa. Kun k\u00e4yt jackpotlotteryonline.com-sivuston lauantailoton sivulla, sinua pyydet\u00e4\u00e4n valitsemaan voittonumerosi. Jos sinulla on joitakin erityisi\u00e4 p\u00e4iv\u00e4m\u00e4\u00e4ri\u00e4, jotka ovat tuoneet sinulle onnea, voit k\u00e4ytt\u00e4\u00e4 niit\u00e4.<\/p>\n<p>Jos sinulla ei kuitenkaan ole erityisi\u00e4 numeroita, joista valita, \u00e4l\u00e4 koskaan pelk\u00e4\u00e4. Meill\u00e4 on automaattinen numeronvalintaohjelma, joka luo satunnaiset voittonumerot puolestasi. Monet lottovoittajat ovat voittaneet k\u00e4ytt\u00e4m\u00e4ll\u00e4 satunnaislukupoimijaa.<\/p>\n<p>Kun olet valinnut voittonumerot, osallistut sitten viikoittaiseen arvontaan. Ennen kuin voit k\u00e4sitell\u00e4 maksun, pyyd\u00e4mme sinua rekister\u00f6itym\u00e4\u00e4n. T\u00e4m\u00e4n tarkoituksena on pit\u00e4\u00e4 arpalippusi turvassa ja auttaa sinua voittojesi lunastamisessa. Tulemme siihen pian.<\/p>\n<section class=\"layout\" style=\"border: solid 1px; width: 100%;\">\n<div class=\"img-div\" style=\"margin-top: 5px;\"><img decoding=\"async\" class=\"wp-image-17212 alignleft\" style=\"height: 45px; margin: 8px 8px 0px;\" src=\"http:\/\/jackpotlotteryonline.com\/wp-content\/uploads\/2022\/11\/read1.jpg\" alt=\"lue\" width=\"\" height=\"\" \/><\/div>\n<div style=\"padding-left: 5px;\">\n<div style=\"font-size: 1.1em;\">\n<p><strong>Katso lottonumeroiden arvonta suorana l\u00e4hetyksen\u00e4<\/strong><\/p>\n<p style=\"font-size: 0.85em; margin-top: -1.5em;\">Miten voit seurata suosikkilottojen live-arvontoja?\u00a0 <a href=\"https:\/\/jackpotlotteryonline.com\/fi\/katsella-lottorivi-arvotaan-livena\"> Lue lis\u00e4\u00e4<\/a><\/p>\n<\/div>\n<\/div>\n<\/section>\n<h2>Palkintoalueet<\/h2>\n<p>Tatts-loton voittamisessa ei ole kyse vain j\u00e4ttipotin voittamisesta. T\u00e4ss\u00e4 lotossa on yhteens\u00e4 kahdeksan palkintosarjaa. Kun ostat arvan lottoon, sinulla on mahdollisuus mihin tahansa n\u00e4ist\u00e4 palkintoluokista. Kunkin osaston voittonumerot on ilmoitettu alla.<\/p>\n<p>Divisioona 1: Ottelu 6 (Jackpot)<\/p>\n<p>Divisioona 2: Ottelu 5 + 1 lis\u00e4numero.<\/p>\n<p>Divisioona 3: Maaliskuu 5<\/p>\n<p>Divisioona 4: Ottelu 4<\/p>\n<p>Divisioona 5: Ottelu 3 + 1 lis\u00e4numero.<\/p>\n<p>Divisioona 6: Ottelu 3<\/p>\n<p>Luultavasti yksi syy siihen, miksi australialaiset rakastavat t\u00e4t\u00e4 lottoa niin paljon, on se, miten helppoa sen voittaminen on. Voittotodenn\u00e4k\u00f6isyys on fantastinen, ja kun j\u00e4ttipotin v\u00e4himm\u00e4ispalkinto on 5 miljoonaa Australian dollaria, se tuskin on yll\u00e4tt\u00e4v\u00e4\u00e4. Jos et ole viel\u00e4 tehnyt niin, nyt on hyv\u00e4 aika mietti\u00e4 voittokupongin ostamista.<\/p>\n<h2>T\u00e4ydent\u00e4v\u00e4t numerot<\/h2>\n<p>Mainitsimme lis\u00e4numerot, ja olet varmaan jo huomannut, ett\u00e4 joissakin jakolohkoissa niit\u00e4 k\u00e4ytet\u00e4\u00e4n. Huomaa, ett\u00e4 ne luodaan satunnaisesti arvonnan aikana ja niit\u00e4 k\u00e4ytet\u00e4\u00e4n jakojen 2 ja 5 m\u00e4\u00e4ritt\u00e4miseen. Pelaajat eiv\u00e4t valitse n\u00e4it\u00e4 numeroita, eiv\u00e4tk\u00e4 he voi vaikuttaa niihin. \u00c4l\u00e4 siis s\u00e4ik\u00e4hd\u00e4, jos et n\u00e4e t\u00e4t\u00e4 vaihtoehtoa lippuja ostaessasi.<\/p>\n<h2>Kuinka voit tarkistaa voittotulokset<\/h2>\n<p>Nyt kun olet ostanut osallistumisesi, miten voit tarkistaa, onko sinulla voittolippu? Paras tapa tehd\u00e4 t\u00e4m\u00e4 on palata t\u00e4nne. Arvontojen j\u00e4lkeen julkaisemme lauantailoton voittotulokset t\u00e4ll\u00e4 sivulla.<\/p>\n<p>Emme julkaise vain j\u00e4ttipotin numeroita. Julkaisemme my\u00f6s kaikkien muiden jakojen voittonumerot. Voit siis yhdell\u00e4 silm\u00e4yksell\u00e4 kertoa, kuinka l\u00e4hell\u00e4 lottovoittoa olit.<\/p>\n<p>Jos olet rekister\u00f6itynyt meille, se on viel\u00e4 helpompaa. Sinun ei tarvitse menn\u00e4 minnek\u00e4\u00e4n saadaksesi selville, oletko voittanut lotossa. Ei, sill\u00e4 l\u00e4het\u00e4mme sinulle ilmoituksen heti, kun olet voittanut palkinnon. Aivan oikein. Saat s\u00e4hk\u00f6postiviestin, jossa ilmoitetaan, ett\u00e4 sinulla on lottovoittonumerot. Teemme parhaamme, jotta lottopelaaminen olisi helppoa ja stressit\u00f6nt\u00e4 mist\u00e4 tahansa.<\/p>\n<h2>Voittojen lunastaminen<\/h2>\n<p><img loading=\"lazy\" decoding=\"async\" class=\"alignright size-medium wp-image-34997\" src=\"http:\/\/jackpotlotteryonline.com\/wp-content\/uploads\/2022\/11\/2_ticket_saturday_lotto_au-1-166x300.jpg\" alt=\"Lauantailoton nettikuitti\" width=\"166\" height=\"300\" srcset=\"https:\/\/jackpotlotteryonline.com\/wp-content\/uploads\/2022\/11\/2_ticket_saturday_lotto_au-1-166x300.jpg 166w, https:\/\/jackpotlotteryonline.com\/wp-content\/uploads\/2022\/11\/2_ticket_saturday_lotto_au-1.jpg 250w\" sizes=\"auto, (max-width: 166px) 100vw, 166px\" \/>Jos olet voittanut lotossa, seuraava vaihe on saada voittosi k\u00e4ytt\u00f6\u00f6n. Ei ole mit\u00e4\u00e4n j\u00e4rke\u00e4 voittaa lottoa Australiassa, jos et p\u00e4\u00e4se k\u00e4siksi voittoihisi. Ja t\u00e4ss\u00e4 kohtaa asiat muuttuvat todella mielenkiintoisiksi.<\/p>\n<p>Jos olet voittanut alle 2 500 euron lottovoiton, voiton saaminen on uskomattoman helppoa. Voit vain nostaa voittosi alustaltamme suoraan pankkiisi. Meill\u00e4 on useita menetelmi\u00e4, joilla voit k\u00e4tev\u00e4sti kotiuttaa voittosi.<\/p>\n<p>Jos voittosi on yli 2 500 euron, sinun on ehk\u00e4 otettava yhteytt\u00e4 lottoyhti\u00f6\u00f6n korvausvaatimuksen tekemiseksi. Tarjoamme siihen tarvittavaa tukea l\u00e4hett\u00e4m\u00e4ll\u00e4 sinulle t\u00e4ytett\u00e4v\u00e4ksi vaatimuslomakkeen. Se on suoraviivainen prosessi, jossa ei ole k\u00e4yt\u00e4nn\u00f6ss\u00e4 mit\u00e4\u00e4n vaivaa.<\/p>\n<h2>Johtop\u00e4\u00e4t\u00f6s<\/h2>\n<p>Kun ostat lottokuponkeja meilt\u00e4, etuna on se, ett\u00e4 tied\u00e4t ostaneesi osallistumisoikeuden lottoon. Meid\u00e4n kanssamme et ly\u00f6 vetoa lopputuloksesta. Sin\u00e4 todella ostat osallistumisen. Jos siis voitat, saat voittosi.<\/p>\n<p>Teemme pelaajille helpoksi pelata kansainv\u00e4lisi\u00e4 huippulottoja. Voit ostaa lippusi, tarkistaa voittoyhdistelm\u00e4si ja lunastaa voittosi helposti. Olemme huolehtineet yksityiskohdista, jotta voit rentoutua ja pit\u00e4\u00e4 hauskaa. Kun <a href=\"http:\/\/jackpotlotteryonline.com\/fi\/kuinka-pelata\/saturday-lotto\">pelaat lottoa jackpotlotteryonline.com-sivuston kanssa<\/a>, voitat kaikki. Rekister\u00f6idy kanssamme jo t\u00e4n\u00e4\u00e4n.<\/p>\n","protected":false},"excerpt":{"rendered":"<p>Lauantailotto, joka tunnetaan my\u00f6s nimell\u00e4 Tatts-lotto, on yksi Australian voitokkaimmista lotoista. Ja nyt kun pelaajat ymp\u00e4ri maailmaa voivat osallistua lottoon, on entist\u00e4 t\u00e4rke\u00e4mp\u00e4\u00e4 valita voittonumerot. T\u00e4m\u00e4n australialaisen lottovoiton voittaminen tarkoittaa, ett\u00e4 p\u00e4\u00e4set kotiin v\u00e4hint\u00e4\u00e4n 5 miljoonan dollarin arvosta. T\u00e4m\u00e4 summa kierr\u00e4tet\u00e4\u00e4n, jos voittajalippua ei ole arvonnan j\u00e4lkeen. Jos osallistut lis\u00e4ksi mega-arvontaan, joka j\u00e4rjestet\u00e4\u00e4n kerran vuodessa [&hellip;]<\/p>\n","protected":false},"author":1,"featured_media":0,"parent":35824,"menu_order":18,"comment_status":"closed","ping_status":"closed","template":"saturday-lotto-results.php","meta":{"_et_pb_use_builder":"","_et_pb_old_content":"","_et_gb_content_width":"","exclude_from_search":false,"footnotes":""},"class_list":["post-41249","page","type-page","status-publish","hentry"],"yoast_head":"<!-- This site is optimized with the Yoast SEO plugin v23.3 - https:\/\/yoast.com\/wordpress\/plugins\/seo\/ -->\n<title>Lauantai Lotto voittonumerot ja arvonnan tulokset<\/title>\n<meta name=\"description\" content=\"Vertaa lottokuponkia viimeisimm\u00e4n Saturday Lotto -arvonnan tuloksiin - katso voittonumerot t\u00e4\u00e4lt\u00e4!\" \/>\n<meta name=\"robots\" content=\"index, follow, max-snippet:-1, max-image-preview:large, max-video-preview:-1\" \/>\n<link rel=\"canonical\" href=\"https:\/\/jackpotlotteryonline.com\/fi\/voittonumerot\/saturday-lotto\/\" \/>\n<meta property=\"og:locale\" content=\"fi_FI\" \/>\n<meta property=\"og:type\" content=\"article\" \/>\n<meta property=\"og:title\" content=\"Lauantai Lotto voittonumerot ja arvonnan tulokset\" \/>\n<meta property=\"og:description\" content=\"Vertaa lottokuponkia viimeisimm\u00e4n Saturday Lotto -arvonnan tuloksiin - katso voittonumerot t\u00e4\u00e4lt\u00e4!\" \/>\n<meta property=\"og:url\" content=\"https:\/\/jackpotlotteryonline.com\/fi\/voittonumerot\/saturday-lotto\/\" \/>\n<meta property=\"og:site_name\" content=\"Lotto Online - Crack The International Lottery Jackpots\" \/>\n<meta property=\"article:modified_time\" content=\"2022-12-30T14:56:48+00:00\" \/>\n<meta property=\"og:image\" content=\"http:\/\/jackpotlotteryonline.com\/wp-content\/uploads\/2022\/11\/1_lotto_money_win-300x150.jpg\" \/>\n<meta name=\"twitter:card\" content=\"summary_large_image\" \/>\n<meta name=\"twitter:label1\" content=\"Arvioitu lukuaika\" \/>\n\t<meta name=\"twitter:data1\" content=\"4 minuuttia\" \/>\n<!-- \/ Yoast SEO plugin. -->","yoast_head_json":{"title":"Lauantai Lotto voittonumerot ja arvonnan tulokset","description":"Vertaa lottokuponkia viimeisimm\u00e4n Saturday Lotto -arvonnan tuloksiin - katso voittonumerot t\u00e4\u00e4lt\u00e4!","robots":{"index":"index","follow":"follow","max-snippet":"max-snippet:-1","max-image-preview":"max-image-preview:large","max-video-preview":"max-video-preview:-1"},"canonical":"https:\/\/jackpotlotteryonline.com\/fi\/voittonumerot\/saturday-lotto\/","og_locale":"fi_FI","og_type":"article","og_title":"Lauantai Lotto voittonumerot ja arvonnan tulokset","og_description":"Vertaa lottokuponkia viimeisimm\u00e4n Saturday Lotto -arvonnan tuloksiin - katso voittonumerot t\u00e4\u00e4lt\u00e4!","og_url":"https:\/\/jackpotlotteryonline.com\/fi\/voittonumerot\/saturday-lotto\/","og_site_name":"Lotto Online - Crack The International Lottery Jackpots","article_modified_time":"2022-12-30T14:56:48+00:00","og_image":[{"url":"http:\/\/jackpotlotteryonline.com\/wp-content\/uploads\/2022\/11\/1_lotto_money_win-300x150.jpg"}],"twitter_card":"summary_large_image","twitter_misc":{"Arvioitu lukuaika":"4 minuuttia"},"schema":{"@context":"https:\/\/schema.org","@graph":[{"@type":"WebPage","@id":"https:\/\/jackpotlotteryonline.com\/fi\/voittonumerot\/saturday-lotto\/","url":"https:\/\/jackpotlotteryonline.com\/fi\/voittonumerot\/saturday-lotto\/","name":"Lauantai Lotto voittonumerot ja arvonnan tulokset","isPartOf":{"@id":"https:\/\/jackpotlotteryonline.com\/#website"},"primaryImageOfPage":{"@id":"https:\/\/jackpotlotteryonline.com\/fi\/voittonumerot\/saturday-lotto\/#primaryimage"},"image":{"@id":"https:\/\/jackpotlotteryonline.com\/fi\/voittonumerot\/saturday-lotto\/#primaryimage"},"thumbnailUrl":"http:\/\/jackpotlotteryonline.com\/wp-content\/uploads\/2022\/11\/1_lotto_money_win-300x150.jpg","datePublished":"2022-12-08T19:13:38+00:00","dateModified":"2022-12-30T14:56:48+00:00","description":"Vertaa lottokuponkia viimeisimm\u00e4n Saturday Lotto -arvonnan tuloksiin - katso voittonumerot t\u00e4\u00e4lt\u00e4!","breadcrumb":{"@id":"https:\/\/jackpotlotteryonline.com\/fi\/voittonumerot\/saturday-lotto\/#breadcrumb"},"inLanguage":"fi","potentialAction":[{"@type":"ReadAction","target":["https:\/\/jackpotlotteryonline.com\/fi\/voittonumerot\/saturday-lotto\/"]}]},{"@type":"ImageObject","inLanguage":"fi","@id":"https:\/\/jackpotlotteryonline.com\/fi\/voittonumerot\/saturday-lotto\/#primaryimage","url":"http:\/\/jackpotlotteryonline.com\/wp-content\/uploads\/2022\/11\/1_lotto_money_win-300x150.jpg","contentUrl":"http:\/\/jackpotlotteryonline.com\/wp-content\/uploads\/2022\/11\/1_lotto_money_win-300x150.jpg"},{"@type":"BreadcrumbList","@id":"https:\/\/jackpotlotteryonline.com\/fi\/voittonumerot\/saturday-lotto\/#breadcrumb","itemListElement":[{"@type":"ListItem","position":1,"name":"Home","item":"https:\/\/jackpotlotteryonline.com\/fi\/"},{"@type":"ListItem","position":2,"name":"Lottotulokset","item":"https:\/\/jackpotlotteryonline.com\/winning-numbers\/"},{"@type":"ListItem","position":3,"name":"Lauantai Lotto tasapeli tulokset"}]},{"@type":"WebSite","@id":"https:\/\/jackpotlotteryonline.com\/#website","url":"https:\/\/jackpotlotteryonline.com\/","name":"Lotto Online - Crack The International Lottery Jackpots","description":"","potentialAction":[{"@type":"SearchAction","target":{"@type":"EntryPoint","urlTemplate":"https:\/\/jackpotlotteryonline.com\/?s={search_term_string}"},"query-input":"required name=search_term_string"}],"inLanguage":"fi"}]}},"_links":{"self":[{"href":"https:\/\/jackpotlotteryonline.com\/fi\/wp-json\/wp\/v2\/pages\/41249","targetHints":{"allow":["GET"]}}],"collection":[{"href":"https:\/\/jackpotlotteryonline.com\/fi\/wp-json\/wp\/v2\/pages"}],"about":[{"href":"https:\/\/jackpotlotteryonline.com\/fi\/wp-json\/wp\/v2\/types\/page"}],"author":[{"embeddable":true,"href":"https:\/\/jackpotlotteryonline.com\/fi\/wp-json\/wp\/v2\/users\/1"}],"replies":[{"embeddable":true,"href":"https:\/\/jackpotlotteryonline.com\/fi\/wp-json\/wp\/v2\/comments?post=41249"}],"version-history":[{"count":0,"href":"https:\/\/jackpotlotteryonline.com\/fi\/wp-json\/wp\/v2\/pages\/41249\/revisions"}],"up":[{"embeddable":true,"href":"https:\/\/jackpotlotteryonline.com\/fi\/wp-json\/wp\/v2\/pages\/35824"}],"wp:attachment":[{"href":"https:\/\/jackpotlotteryonline.com\/fi\/wp-json\/wp\/v2\/media?parent=41249"}],"curies":[{"name":"wp","href":"https:\/\/api.w.org\/{rel}","templated":true}]}}