{"id":41303,"date":"2022-12-09T05:55:45","date_gmt":"2022-12-09T05:55:45","guid":{"rendered":"https:\/\/jackpotlotteryonline.com\/?page_id=41303"},"modified":"2022-12-29T13:10:41","modified_gmt":"2022-12-29T13:10:41","slug":"thunderball","status":"publish","type":"page","link":"https:\/\/jackpotlotteryonline.com\/fi\/voittonumerot\/thunderball\/","title":{"rendered":"Thunderball lottorivi tulokset"},"content":{"rendered":"<p>Thunderball on yksi Britannian suosituimmista arpajaisista. Pienell\u00e4 summalla vedonly\u00f6j\u00e4t voivat voittaa puoli miljoonaa puntaa, mik\u00e4 on fantastista. Lottoja on paljon, mutta Thunderballissa on vain jotain, joka vet\u00e4\u00e4 pelaajia puoleensa. Se voi johtua uskomattoman edullisista kertoimista tai siit\u00e4, ett\u00e4 se tuottaa paljon voittajia. Oli syy mik\u00e4 tahansa, pelaajat ymp\u00e4ri maailmaa ostavat Thunderball-arpoja my\u00f6s netist\u00e4.<\/p>\n<p>Jos <a href=\"https:\/\/jackpotlotteryonline.com\/fi\/kuinka-pelata\/thunderball\">pelaat lottoa verkoss<\/a>a, on t\u00e4rke\u00e4\u00e4 tarkistaa voittonumerot. N\u00e4in tied\u00e4t, onko sinulla lippu, joka vastaa arvottuja numeroita. Jos mietit, miten voit tarkistaa arvontatulokset, olet oikeassa paikassa. Jaamme my\u00f6s parhaan tavan tarkistaa arvontatulokset.<\/p>\n<p>Jos <a href=\"https:\/\/jackpotlotteryonline.com\/fi\/osta-lippuja\/thunderball\">ostat lippusi jackpotlotteryonline.com-sivustolta<\/a>, jatka lukemista saadaksesi selville, miten voit lunastaa voittosi.<\/p>\n<h2>Thunderball-voittonumeroiden valitseminen<\/h2>\n<p><img loading=\"lazy\" decoding=\"async\" class=\"alignright size-medium wp-image-29480\" src=\"https:\/\/jackpotlotteryonline.com\/wp-content\/uploads\/2022\/11\/1_rain_lottery_money_win-282x300.jpg\" alt=\"Thunderballin voittonumerot\" width=\"282\" height=\"300\" srcset=\"https:\/\/jackpotlotteryonline.com\/wp-content\/uploads\/2022\/11\/1_rain_lottery_money_win-282x300.jpg 282w, https:\/\/jackpotlotteryonline.com\/wp-content\/uploads\/2022\/11\/1_rain_lottery_money_win.jpg 300w\" sizes=\"auto, (max-width: 282px) 100vw, 282px\" \/>Pelaajat k\u00e4ytt\u00e4v\u00e4t kahta p\u00e4\u00e4asiallista tapaa valita haluamansa numerot. Useimmissa arpajaisissa sinun on valittava tietyst\u00e4 alueesta. Jotkut pelaajat valitsevat mielell\u00e4\u00e4n heille t\u00e4rkeit\u00e4 p\u00e4iv\u00e4m\u00e4\u00e4ri\u00e4, kuten syntym\u00e4p\u00e4ivi\u00e4 tai vuosip\u00e4ivi\u00e4. N\u00e4it\u00e4 kutsutaan onnenp\u00e4iviksi.<\/p>\n<p>Joissakin osissa maailmaa joillakin ihmisill\u00e4 on numeroita, joita he pit\u00e4v\u00e4t onnekkaina. Jotkut saattavat esimerkiksi pit\u00e4\u00e4 numeroa 7 onnenlukuna, kun taas toiset pit\u00e4v\u00e4t numeroa 13 ep\u00e4onnenlukuna. Se riippuu siit\u00e4, mit\u00e4 itse pid\u00e4t onnekkaana. T\u00e4t\u00e4 menetelm\u00e4\u00e4 suosivat monet pelaajat ymp\u00e4ri maailmaa, ja se voi toimia my\u00f6s sinulle.<\/p>\n<p>Toinen tapa on k\u00e4ytt\u00e4\u00e4 automaattista generaattoriamme, joka valitsee numerot satunnaisesti. T\u00e4m\u00e4 toimii joillakin ihmisill\u00e4 yksinkertaisesti siksi, ett\u00e4 arpajaiset ovat onnenpeli\u00e4. Vaikka voit tehd\u00e4 asioita, joilla saat itsesi tuntemaan itsesi onnekkaaksi, voittoa ei voi taata mill\u00e4\u00e4n tavalla.<\/p>\n<h2>Kuinka pelata Thunderballia verkossa<\/h2>\n<p>Yhdistyneen kuningaskunnan Thunderball on j\u00e4nnitt\u00e4v\u00e4 peli pelata. Prosessi on aivan kuten miss\u00e4 tahansa muussa lottopeliss\u00e4. Periaatteessa sinun on valittava 5 numeroa alueelta 1-39 ja erikoisnumero alueelta 1-14. Erikoisnumeroa kutsutaan &#8220;Thunderballiksi&#8221;, ja sen avulla m\u00e4\u00e4ritet\u00e4\u00e4n kuusi palkintoluokkaa, mukaan lukien j\u00e4ttipotti.<\/p>\n<p>Nettipelaaminen ei ole kovin erilaista, kunhan voit k\u00e4ytt\u00e4\u00e4 numerogeneraattoria satunnaislukujen valitsemiseen. T\u00e4m\u00e4 on er\u00e4\u00e4nlainen &#8220;lucky dip&#8221; niille, jotka ovat tottuneet fyysisiin lippuihin. Voit valita useita rivej\u00e4 ja useita lippuja lis\u00e4t\u00e4ksesi mahdollisuuksiasi voittaa Thunderball.<\/p>\n<p>Seuraava vaihe on osallistua arvontaan, ja t\u00e4m\u00e4 on paras osa. Huomaa, ett\u00e4 on t\u00e4ysin ok osallistua useampaan arvontaan. Ja jos ostat lippusi meilt\u00e4, voit my\u00f6s osallistua arvontaan useita viikkoja etuk\u00e4teen. T\u00e4m\u00e4 antaa sinulle etuly\u00f6ntiaseman t\u00e4m\u00e4n uhkapelin pelaamisessa.<\/p>\n<section class=\"layout\" style=\"border: solid 1px; width: 100%;\">\n<div class=\"img-div\" style=\"margin-top: 5px;\"><img decoding=\"async\" class=\"wp-image-17212 alignleft\" style=\"height: 45px; margin: 8px 8px 0px;\" src=\"https:\/\/jackpotlotteryonline.com\/wp-content\/uploads\/2022\/11\/read1.jpg\" alt=\"lue\" width=\"\" height=\"\" \/><\/div>\n<div style=\"padding-left: 5px;\">\n<div style=\"font-size: 1.1em;\">\n<p><strong>Lotot, joilla on parhaat mahdollisuudet voittaa suuria summia<\/strong><\/p>\n<p style=\"font-size: 0.85em; margin-top: -1.5em;\">Miss\u00e4 lotossa on parhaat voittomahdollisuudet?\u00a0<a href=\"https:\/\/jackpotlotteryonline.com\/fi\/mika-arpajaiset-on-parhaat-voittomahdollisuudet\"> Lue lis\u00e4\u00e4<\/a><\/p>\n<\/div>\n<\/div>\n<\/section>\n<h2>Thunderball-arvonnan p\u00e4iv\u00e4t<\/h2>\n<p>Arvontap\u00e4ivi\u00e4 on nelj\u00e4 kertaa viikossa, tiistaisin, keskiviikkoisin, perjantaisin ja lauantaisin. T\u00e4ss\u00e4 Yhdistyneen kuningaskunnan lotossa on nelj\u00e4 arvontakertaa viikossa. Pelaajille t\u00e4m\u00e4 tarkoittaa sit\u00e4, ett\u00e4 voit voittaa Thunderballin j\u00e4ttipotin nelj\u00e4 kertaa todenn\u00e4k\u00f6isemmin.<\/p>\n<p>Voit osallistua yhteen arvontaan, mutta on luultavasti parasta osallistua useampaan arvontaan, jotta voittomahdollisuutesi ovat paljon suuremmat. Muista, ett\u00e4 useammalla osallistumisella sinulla on suurempi todenn\u00e4k\u00f6isyys voittaa.<\/p>\n<h2>Thunderball-arvonnan tulosten tarkistaminen<\/h2>\n<p>Nyt on vuorossa paras osa, eli arvontatulosten tarkistaminen. Ainoa tapa tiet\u00e4\u00e4, onko sinulla oikea yhdistelm\u00e4, on tarkistaa arvontatulokset. Useimmissa arpajaisissa suoritetaan live-arvontoja, eik\u00e4 Thunderball ole poikkeus. Voit siis seurata live-arvonnan verkossa. On t\u00e4rke\u00e4\u00e4 huomata, ett\u00e4 live-arvonnat suoritetaan tiettyyn aikaan, ja jos j\u00e4\u00e4t paitsi palkinnostasi, jos voitat.<\/p>\n<p>Luonnollisesti voit aina tutkia internetist\u00e4, oletko voittaja. Valitettavasti, vaikka saattaisitkin saada jackpotin yhdistelm\u00e4n, se ei ole yht\u00e4 helppoa muiden palkintoluokkien kohdalla. Thunderballin kakkosluokan palkinto on 5000 puntaa, etk\u00e4 haluaisi j\u00e4tt\u00e4\u00e4 sit\u00e4 v\u00e4liin.<\/p>\n<p>Paras vaihtoehto on tarkistaa t\u00e4m\u00e4 sivu jokaisen arvonnan j\u00e4lkeen. Julkaisemme viimeisimm\u00e4t arvontatulokset kaikista luokista. Lis\u00e4ksi, jos ostit lippusi meilt\u00e4, ilmoitamme sinulle, jos voitat jonkin palkinnon.<\/p>\n<h2>Voit voittaa palkintoja<\/h2>\n<p>Mit\u00e4 eri palkintoja eri kategorioissa on tarjolla? Yhdistyneen kuningaskunnan Thunderballissa on useita palkintoluokkia, joissa on palkinto vain Thunderballin osumasta. On suuri mahdollisuus, ett\u00e4 pelaaja voi voittaa palkinnon.<\/p>\n<p>T\u00e4ss\u00e4 on UK Thunderballin palkintoluokkien jaottelu sek\u00e4 voittokertoimet.<\/p>\n<p>Luokka 1: Match 5 + Thunderball &#8211; 1:8 060 598 &#8211; 500 000 puntaa.<\/p>\n<p>Luokka 2: Pelkk\u00e4 Match 5 &#8211; 1:620,046 &#8211; 5000 puntaa.<\/p>\n<p>Luokka 3: Ottelu 4 + Thunderball &#8211; 1:47 416 &#8211; 250 puntaa.<\/p>\n<p>Luokka 4: Pelkk\u00e4 ottelu 4 &#8211; 1:3 648:sta &#8211; 100 puntaa.<\/p>\n<p>Luokka 5: Ottelu 3 + Thunderball &#8211; 1:1 437:st\u00e4 &#8211; 20 puntaa.<\/p>\n<p>Luokka 6: Pelkk\u00e4 ottelu 3 &#8211; 1:111 &#8211; 10 puntaa.<\/p>\n<p>Luokka 7: Ottelu 2 + Thunderball &#8211; 1:135 &#8211; 10 puntaa.<\/p>\n<p>Luokka 8: Ottelu 1 + Thunderball &#8211; 1 35:st\u00e4 &#8211; 5 puntaa.<\/p>\n<p>Luokka 9: Ottelu Thunderball &#8211; 1:29 &#8211; 3 puntaa.<\/p>\n<p>Kuka tahansa voi voittaa Thunderball-palkinnon, vaikka asuisi Yhdistyneen kuningaskunnan ulkopuolella. Osta lippusi verkossa ja voit voittaa ison summan.<\/p>\n<h2>Voittojen lunastaminen<\/h2>\n<p><img loading=\"lazy\" decoding=\"async\" class=\"alignright size-full wp-image-28832\" src=\"https:\/\/jackpotlotteryonline.com\/wp-content\/uploads\/2022\/11\/1_online_win_lottery.jpg\" alt=\"Thunderball-palkinnon lunastaminen\" width=\"250\" height=\"167\" \/>Mainitsimme, ett\u00e4 ilmoitamme sinulle s\u00e4hk\u00f6postitse ja tilisi kautta, jos sinulla on voittokuponki. Mutta miten voit nostaa voittosi, kun asut Yhdistyneen kuningaskunnan ulkopuolella? T\u00e4m\u00e4 on kysymys, joka askarruttaa monia vedonly\u00f6ji\u00e4. No, me olemme t\u00e4\u00e4ll\u00e4 rauhoittamassa syd\u00e4mesi voittojesi suhteen.<\/p>\n<p>Kun rekister\u00f6idyt meille ja ostat meilt\u00e4 lottokuponkeja, yksinkertaistamme prosessia puolestasi. Concierge-sivustona olemme luoneet saumattoman prosessin, jonka avulla voit helposti nostaa voittosi. Kun voitot ovat alle 2 500 euroa, sinun tarvitsee vain tehd\u00e4 kotiutus sivustoltamme tilillesi.<\/p>\n<p>Jos olet voittanut palkinnon, joka on yli t\u00e4m\u00e4n summan, sinun on lunastettava voittosi suoraan lottoyhti\u00f6lt\u00e4. Me annamme sinulle korvausvaatimuslomakkeen ja opastamme sinua prosessin l\u00e4pi. Ei siis tarvitse pel\u00e4t\u00e4, me varmistamme, ett\u00e4 kaikki on helppoa ja stressit\u00f6nt\u00e4.<\/p>\n<h2>Asiat, jotka sinun tulisi tiet\u00e4\u00e4 ennen kuin lunastat voittosi<\/h2>\n<p>Ennen kuin lunastat voittosi, on t\u00e4rke\u00e4\u00e4 tiet\u00e4\u00e4 muutamia asioita lottopelaamisesta Yhdistyneess\u00e4 kuningaskunnassa. Tied\u00e4mme jo, ett\u00e4 arpajaiset ovat avoimia kaikille kansalaisuudesta riippumatta, mutta t\u00e4ss\u00e4 on kuitenkin muutama huomioitava asia:<\/p>\n<ul>\n<li>Arpajaiset ovat avoimia yli 16-vuotiaille pelaajille.<\/li>\n<li>Palkinnot maksetaan kertakorvauksena<\/li>\n<li>Lottovoittoja ei veroteta maassa. Jos kuitenkin pelaat maan ulkopuolelta, sinun on tarkistettava oman maasi verolains\u00e4\u00e4d\u00e4nt\u00f6.<\/li>\n<li>Sinulla on 180 p\u00e4iv\u00e4\u00e4 aikaa lunastaa voitto ennen kuin se palautuu takaisin voittopottiin.<\/li>\n<li>Jos osallistuit arvontaan fyysisen myyj\u00e4n kautta, sinun on ehk\u00e4 otettava yhteytt\u00e4 arvonnan j\u00e4rjest\u00e4jiin lunastaaksesi voittosi.<\/li>\n<\/ul>\n<h2>Edut lottopelaamisesta Jackpotlotteryonline.com-sivustolla<\/h2>\n<ul>\n<li>Saat nopean ja v\u00e4litt\u00f6m\u00e4n p\u00e4\u00e4syn arpajaisiin. Sinun ei tarvitse asua Yhdistyneess\u00e4 kuningaskunnassa pelataksesi lottoa.<\/li>\n<li>Se on eritt\u00e4in k\u00e4tev\u00e4\u00e4, koska sinun ei tarvitse poistua kodin mukavuudesta. Tarkista yhdistelm\u00e4si tietokoneelta tai mobiililaitteelta.<\/li>\n<li>Se on my\u00f6s turvallisempaa, koska lippusi tallennetaan digitaalisesti. T\u00e4m\u00e4 on t\u00e4rke\u00e4\u00e4, koska se on ainoa tapa lunastaa voittosi.<\/li>\n<li>Sinun ei tarvitse j\u00e4\u00e4d\u00e4 paitsi voitostasi, koska ilmoitamme sinulle v\u00e4litt\u00f6m\u00e4sti, jos voitat mink\u00e4 tahansa palkinnon.<\/li>\n<li>Voit helposti kotiuttaa mink\u00e4 tahansa voiton verkossa menem\u00e4tt\u00e4 minnek\u00e4\u00e4n<\/li>\n<\/ul>\n<p>Jos et ole viel\u00e4 ostanut Thunderball-lippuasi, nyt on hyv\u00e4 aika tehd\u00e4 se, jotta voit osallistua seuraavaan arvontaan.<\/p>\n<h2>Mik\u00e4 on concierge-sivusto?<\/h2>\n<p>Mainitsimme, ett\u00e4 olemme concierge-sivusto, ja saatat ihmetell\u00e4, mist\u00e4 siin\u00e4 on kyse. Yksi ongelma, joka pelaajilla on ostettaessa lippuja netist\u00e4, on se, ett\u00e4 he eiv\u00e4t koskaan tied\u00e4, ovatko he osallistuneet arvontaan. Monet sivustot antavat pelaajiensa ly\u00f6d\u00e4 vetoa arvonnan tuloksesta, mik\u00e4 on jotain aivan muuta.<\/p>\n<p>Me jackpotlotteryonline.com-sivustolla annamme k\u00e4ytt\u00e4jillemme p\u00e4\u00e4syn kansainv\u00e4lisiin huippulottoihin ymp\u00e4ri maailmaa. T\u00e4m\u00e4 johtuu siit\u00e4, ett\u00e4 py\u00f6rit\u00e4mme concierge-sivustoa, jossa meill\u00e4 on agentteja eri puolilla maailmaa. Kun ostat meilt\u00e4 lottokuponkeja, agenttimme kyseisess\u00e4 maassa ostaa fyysisen kupongin, jossa on vastaavat numerot. Sitten lippu skannataan ja l\u00e4hetet\u00e4\u00e4n sinulle.<\/p>\n<p>Kun ostat Thunderball-arpalipun meilt\u00e4, voit olla varma siit\u00e4, ett\u00e4 jos arvotut numerot t\u00e4sm\u00e4\u00e4v\u00e4t, voitat lottovoiton. Se on niin yksinkertaista, mutta se on kuitenkin se asia, joka antaa asiakkaillemme mielenrauhan pelata lottoa verkossa.<\/p>\n<h2>Vinkkej\u00e4 Thunderballin voittamiseen<\/h2>\n<p>Vaikka Thunderball on onnenpeli, on asioita, joita voit tehd\u00e4 voiton todenn\u00e4k\u00f6isyyden lis\u00e4\u00e4miseksi. Luettelemme alla muutamia niist\u00e4:<\/p>\n<ul>\n<li>Valitse onnennumerosi. Sinulla ei voi olla liikaa onnea, kun pelaat Thunderballia.<\/li>\n<li>Osta useampia lippuja ja osallistu useisiin arvontoihin. Mit\u00e4 enemm\u00e4n osallistumisia sinulla on, sit\u00e4 suuremmat voittomahdollisuutesi ovat.<\/li>\n<li>Liity tai muodosta syndikaatti. T\u00e4m\u00e4 on ryhm\u00e4 ihmisi\u00e4, jotka yhdist\u00e4v\u00e4t voimavaransa, jotta he voivat ostaa enemm\u00e4n lippuja.<\/li>\n<li>Usko vahvasti siihen, ett\u00e4 voitat. Koko syd\u00e4mest\u00e4 uskominen vet\u00e4\u00e4 onnea puoleesi. Useat lottovoittajat ovat kertoneet uskovansa, ett\u00e4 he voittaisivat.<\/li>\n<\/ul>\n<h2>Tarkista voittoyhdistelm\u00e4si osoitteessa jackpotlotteryonline.com<\/h2>\n<p>Teemme pelaajien p\u00e4\u00e4syn kansainv\u00e4lisiin huippulottoihin helpoksi tarjoamalla lippuja verkossa. Sen lis\u00e4ksi voit my\u00f6s tarkistaa arvontatulokset ja lunastaa voittosi sivustollamme. Thunderballin pelaaminen ei ole koskaan ollut rentouttavampaa tai stressitt\u00f6m\u00e4mp\u00e4\u00e4. Ja olemme tehneet kovasti t\u00f6it\u00e4 varmistaaksemme, ett\u00e4 se pysyy sellaisena.<\/p>\n<p>Jos haluat kokeilla UK Thunderballia, \u00e4l\u00e4 ep\u00e4r\u00f6i ostaa lippuja nyt. K\u00e4y sivustollamme jokaisen arvonnan j\u00e4lkeen tutustumassa arvontatuloksiin ja voit helposti kotiuttaa voittosi.<\/p>\n","protected":false},"excerpt":{"rendered":"<p>Thunderball on yksi Britannian suosituimmista arpajaisista. Pienell\u00e4 summalla vedonly\u00f6j\u00e4t voivat voittaa puoli miljoonaa puntaa, mik\u00e4 on fantastista. Lottoja on paljon, mutta Thunderballissa on vain jotain, joka vet\u00e4\u00e4 pelaajia puoleensa. Se voi johtua uskomattoman edullisista kertoimista tai siit\u00e4, ett\u00e4 se tuottaa paljon voittajia. Oli syy mik\u00e4 tahansa, pelaajat ymp\u00e4ri maailmaa ostavat Thunderball-arpoja my\u00f6s netist\u00e4. Jos pelaat [&hellip;]<\/p>\n","protected":false},"author":1,"featured_media":0,"parent":35824,"menu_order":12,"comment_status":"closed","ping_status":"closed","template":"thunderball-results.php","meta":{"_et_pb_use_builder":"","_et_pb_old_content":"","_et_gb_content_width":"","exclude_from_search":false,"footnotes":""},"class_list":["post-41303","page","type-page","status-publish","hentry"],"yoast_head":"<!-- This site is optimized with the Yoast SEO plugin v23.3 - https:\/\/yoast.com\/wordpress\/plugins\/seo\/ -->\n<title>Thunderball Lottery voittonumerot ja arvonnan tulokset<\/title>\n<meta name=\"description\" content=\"Tarkista lippusi viimeisimm\u00e4n Thunderball-arvonnan voittonumerot ja tulokset tai etsi historiallisia arvontatuloksia.\" \/>\n<meta name=\"robots\" content=\"index, follow, max-snippet:-1, max-image-preview:large, max-video-preview:-1\" \/>\n<link rel=\"canonical\" href=\"https:\/\/jackpotlotteryonline.com\/fi\/voittonumerot\/thunderball\/\" \/>\n<meta property=\"og:locale\" content=\"fi_FI\" \/>\n<meta property=\"og:type\" content=\"article\" \/>\n<meta property=\"og:title\" content=\"Thunderball Lottery voittonumerot ja arvonnan tulokset\" \/>\n<meta property=\"og:description\" content=\"Tarkista lippusi viimeisimm\u00e4n Thunderball-arvonnan voittonumerot ja tulokset tai etsi historiallisia arvontatuloksia.\" \/>\n<meta property=\"og:url\" content=\"https:\/\/jackpotlotteryonline.com\/fi\/voittonumerot\/thunderball\/\" \/>\n<meta property=\"og:site_name\" content=\"Lotto Online - Crack The International Lottery Jackpots\" \/>\n<meta property=\"article:modified_time\" content=\"2022-12-29T13:10:41+00:00\" \/>\n<meta property=\"og:image\" content=\"https:\/\/jackpotlotteryonline.com\/wp-content\/uploads\/2022\/11\/1_rain_lottery_money_win-282x300.jpg\" \/>\n<meta name=\"twitter:card\" content=\"summary_large_image\" \/>\n<meta name=\"twitter:label1\" content=\"Arvioitu lukuaika\" \/>\n\t<meta name=\"twitter:data1\" content=\"6 minuuttia\" \/>\n<!-- \/ Yoast SEO plugin. -->","yoast_head_json":{"title":"Thunderball Lottery voittonumerot ja arvonnan tulokset","description":"Tarkista lippusi viimeisimm\u00e4n Thunderball-arvonnan voittonumerot ja tulokset tai etsi historiallisia arvontatuloksia.","robots":{"index":"index","follow":"follow","max-snippet":"max-snippet:-1","max-image-preview":"max-image-preview:large","max-video-preview":"max-video-preview:-1"},"canonical":"https:\/\/jackpotlotteryonline.com\/fi\/voittonumerot\/thunderball\/","og_locale":"fi_FI","og_type":"article","og_title":"Thunderball Lottery voittonumerot ja arvonnan tulokset","og_description":"Tarkista lippusi viimeisimm\u00e4n Thunderball-arvonnan voittonumerot ja tulokset tai etsi historiallisia arvontatuloksia.","og_url":"https:\/\/jackpotlotteryonline.com\/fi\/voittonumerot\/thunderball\/","og_site_name":"Lotto Online - Crack The International Lottery Jackpots","article_modified_time":"2022-12-29T13:10:41+00:00","og_image":[{"url":"https:\/\/jackpotlotteryonline.com\/wp-content\/uploads\/2022\/11\/1_rain_lottery_money_win-282x300.jpg"}],"twitter_card":"summary_large_image","twitter_misc":{"Arvioitu lukuaika":"6 minuuttia"},"schema":{"@context":"https:\/\/schema.org","@graph":[{"@type":"WebPage","@id":"https:\/\/jackpotlotteryonline.com\/fi\/voittonumerot\/thunderball\/","url":"https:\/\/jackpotlotteryonline.com\/fi\/voittonumerot\/thunderball\/","name":"Thunderball Lottery voittonumerot ja arvonnan tulokset","isPartOf":{"@id":"https:\/\/jackpotlotteryonline.com\/#website"},"primaryImageOfPage":{"@id":"https:\/\/jackpotlotteryonline.com\/fi\/voittonumerot\/thunderball\/#primaryimage"},"image":{"@id":"https:\/\/jackpotlotteryonline.com\/fi\/voittonumerot\/thunderball\/#primaryimage"},"thumbnailUrl":"https:\/\/jackpotlotteryonline.com\/wp-content\/uploads\/2022\/11\/1_rain_lottery_money_win-282x300.jpg","datePublished":"2022-12-09T05:55:45+00:00","dateModified":"2022-12-29T13:10:41+00:00","description":"Tarkista lippusi viimeisimm\u00e4n Thunderball-arvonnan voittonumerot ja tulokset tai etsi historiallisia arvontatuloksia.","breadcrumb":{"@id":"https:\/\/jackpotlotteryonline.com\/fi\/voittonumerot\/thunderball\/#breadcrumb"},"inLanguage":"fi","potentialAction":[{"@type":"ReadAction","target":["https:\/\/jackpotlotteryonline.com\/fi\/voittonumerot\/thunderball\/"]}]},{"@type":"ImageObject","inLanguage":"fi","@id":"https:\/\/jackpotlotteryonline.com\/fi\/voittonumerot\/thunderball\/#primaryimage","url":"https:\/\/jackpotlotteryonline.com\/wp-content\/uploads\/2022\/11\/1_rain_lottery_money_win-282x300.jpg","contentUrl":"https:\/\/jackpotlotteryonline.com\/wp-content\/uploads\/2022\/11\/1_rain_lottery_money_win-282x300.jpg"},{"@type":"BreadcrumbList","@id":"https:\/\/jackpotlotteryonline.com\/fi\/voittonumerot\/thunderball\/#breadcrumb","itemListElement":[{"@type":"ListItem","position":1,"name":"Home","item":"https:\/\/jackpotlotteryonline.com\/fi\/"},{"@type":"ListItem","position":2,"name":"Lottotulokset","item":"https:\/\/jackpotlotteryonline.com\/winning-numbers\/"},{"@type":"ListItem","position":3,"name":"Thunderball lottorivi tulokset"}]},{"@type":"WebSite","@id":"https:\/\/jackpotlotteryonline.com\/#website","url":"https:\/\/jackpotlotteryonline.com\/","name":"Lotto Online - Crack The International Lottery Jackpots","description":"","potentialAction":[{"@type":"SearchAction","target":{"@type":"EntryPoint","urlTemplate":"https:\/\/jackpotlotteryonline.com\/?s={search_term_string}"},"query-input":"required name=search_term_string"}],"inLanguage":"fi"}]}},"_links":{"self":[{"href":"https:\/\/jackpotlotteryonline.com\/fi\/wp-json\/wp\/v2\/pages\/41303","targetHints":{"allow":["GET"]}}],"collection":[{"href":"https:\/\/jackpotlotteryonline.com\/fi\/wp-json\/wp\/v2\/pages"}],"about":[{"href":"https:\/\/jackpotlotteryonline.com\/fi\/wp-json\/wp\/v2\/types\/page"}],"author":[{"embeddable":true,"href":"https:\/\/jackpotlotteryonline.com\/fi\/wp-json\/wp\/v2\/users\/1"}],"replies":[{"embeddable":true,"href":"https:\/\/jackpotlotteryonline.com\/fi\/wp-json\/wp\/v2\/comments?post=41303"}],"version-history":[{"count":0,"href":"https:\/\/jackpotlotteryonline.com\/fi\/wp-json\/wp\/v2\/pages\/41303\/revisions"}],"up":[{"embeddable":true,"href":"https:\/\/jackpotlotteryonline.com\/fi\/wp-json\/wp\/v2\/pages\/35824"}],"wp:attachment":[{"href":"https:\/\/jackpotlotteryonline.com\/fi\/wp-json\/wp\/v2\/media?parent=41303"}],"curies":[{"name":"wp","href":"https:\/\/api.w.org\/{rel}","templated":true}]}}