{"id":41356,"date":"2022-12-09T08:11:06","date_gmt":"2022-12-09T08:11:06","guid":{"rendered":"https:\/\/jackpotlotteryonline.com\/?page_id=41356"},"modified":"2022-12-30T09:15:39","modified_gmt":"2022-12-30T09:15:39","slug":"new-york-lottery","status":"publish","type":"page","link":"https:\/\/jackpotlotteryonline.com\/fi\/voittonumerot\/new-york-lottery\/","title":{"rendered":"New York lottorivi tulokset"},"content":{"rendered":"<p>New Yorkin lotto oli ennen yksi niist\u00e4 unohdetuista arpajaisista. L\u00e4hinn\u00e4 siksi, ett\u00e4 lottoon saattoi osallistua vain New Yorkissa asuvana. T\u00e4m\u00e4 on nyt muuttunut, sill\u00e4 pelaajat ymp\u00e4ri maailmaa voivat ostaa lottokuponkeja. Nyt yh\u00e4 useammat lottoharrastajat valitsevat voittonumerot pelaamalla verkossa. T\u00e4m\u00e4 New Yorkin lotto perustettiin ker\u00e4\u00e4m\u00e4\u00e4n varoja koulutukseen, joten se on saanut alkunsa hyv\u00e4st\u00e4 syyst\u00e4. Joka kerta, kun ostat arvan, annat lahjoituksen koulutuksen rahoittamiseen.<\/p>\n<p>Voit valita New Yorkin lottoyhdistelm\u00e4si, kun ostat lottokupongin <a href=\"https:\/\/jackpotlotteryonline.com\/fi\/osta-lippuja\/new-york-lottery\">osoitteesta jackpotlotteryonline.com.<\/a><\/p>\n<h2>Kuinka pelata New Yorkin lottoa verkossa<\/h2>\n<p>Lotossa pelaaminen on hauskaa ja j\u00e4nnitt\u00e4v\u00e4\u00e4. Mutta t\u00e4m\u00e4 kokemus korostuu, kun pelaat verkossa. Lottoon osallistuminen verkossa on nopeaa, yksinkertaista ja t\u00e4ysin suoraviivaista. Jos pelaat New Yorkin lottoa, t\u00e4ss\u00e4 ovat alla olevat vaiheet:<\/p>\n<ul>\n<li>K\u00e4y haluamallasi sivustolla (kuten jackpotlotteryonline.com) ja klikkaa lottoa, jota haluat pelata.<\/li>\n<li>Valitse 6 v\u00e4lill\u00e4 1-59. On olemassa seitsem\u00e4s numero, mutta lottoyhti\u00f6 arpoo sen satunnaisesti eik\u00e4 se ole osa lippuasi.<\/li>\n<li>Osallistu arvontoihin, jotka ovat joka viikko keskiviikkoisin ja lauantaisin. Voit osallistua vain toiseen arvontaan tai molempiin.<\/li>\n<li>Viimeistele maksusi. Useimmat lottosivustot pyyt\u00e4v\u00e4t sinua rekister\u00f6itym\u00e4\u00e4n, jotta voit suorittaa maksun. N\u00e4in p\u00e4\u00e4set helposti k\u00e4siksi lippuusi sen j\u00e4lkeen, kun olet ostanut sen.<\/li>\n<\/ul>\n<p>Lottopelaaminen verkossa on todella n\u00e4in yksinkertaista. New Yorkin ulkopuolelta ei ole muuta tapaa hankkia lippuja. Siksi tarjoamme parhaan mahdollisen vaihtoehdon pelaajille, jotka asuvat muualla maailmassa.<\/p>\n<h2>Miten valita voittonumerot<\/h2>\n<p><img loading=\"lazy\" decoding=\"async\" class=\"alignright size-full wp-image-29534\" src=\"https:\/\/jackpotlotteryonline.com\/wp-content\/uploads\/2022\/11\/1_results_lottery_online5.jpg\" alt=\"pelata New Yorkin lottoa verkossa\" width=\"300\" height=\"200\" \/>Okei, onko oikeasti olemassa voittostrategiaa, jolla voi valita yhdistelmi\u00e4, jotka takaavat lottovoiton? Emme usko, ett\u00e4 sellaista on olemassa siit\u00e4 yksinkertaisesta syyst\u00e4, ett\u00e4 arpajaiset ovat onnenpeli\u00e4. On melko vaikeaa sanoa, mik\u00e4 yhdistelm\u00e4 auttaa sinua voittamaan lotossa, varsinkin kun arvonnat ovat satunnaisia.<\/p>\n<p>Voit kuitenkin lis\u00e4t\u00e4 onneasi valitsemalla voittonumerot, jotka saavat sinut tuntemaan itsesi onnekkaaksi. Voit siis valita syntym\u00e4p\u00e4ivi\u00e4, vuosip\u00e4ivi\u00e4, numeroita, jotka ovat olleet sinulle onnekkaita koko el\u00e4m\u00e4si ajan jne. Tai voit yksinkertaisesti k\u00e4ytt\u00e4\u00e4 sivustomme automaattista generaattority\u00f6kalua satunnaislukujen valitsemiseen.<\/p>\n<h2>New Yorkin lottopalkintoluokat<\/h2>\n<p>T\u00e4m\u00e4n New Yorkin loton minimij\u00e4ttipotti on 2 miljoonaa dollaria. Mutta jos kukaan ei voita j\u00e4ttipottia arvontojen j\u00e4lkeen, se kasvaa 300 000 dollarilla. T\u00e4m\u00e4 palkinto jatkaa kasvamistaan, kunnes voittaja selvi\u00e4\u00e4.<\/p>\n<p>Palkintoluokkia on yhteens\u00e4 viisi, mukaan lukien j\u00e4ttipotti. Kokonaisvoittomahdollisuus on 1:92,05. Palkintojen jako riippuu kokonaismyynnist\u00e4. Kussakin lotossa 40 prosenttia myynnist\u00e4 jaetaan siis palkintorahoina. J\u00e4ttipotti on prosenttiosuus t\u00e4st\u00e4, eik\u00e4 se ole lukittu summa. New Yorkin loton palkintoluokat on esitetty j\u00e4ljemp\u00e4n\u00e4:<\/p>\n<p>Luokka 1: 6 numeroa &#8211; j\u00e4ttipotti (30 %).<\/p>\n<p>Luokka 2: 5 + bonusnumero &#8211; 2,9 % myynnist\u00e4.<\/p>\n<p>Luokka 3: 5 numeroa &#8211; 2,2 % myynnist\u00e4.<\/p>\n<p>Luokka 4: 4 numeroa &#8211; 2,5 % myynnist\u00e4.<\/p>\n<p>Luokka 5: 3 numeroa &#8211; 2,4 % myynnist\u00e4.<\/p>\n<h2>Miten voit tarkistaa voittonumerot<\/h2>\n<p>Mist\u00e4 tied\u00e4t, oletko voittanut palkinnon? Periaatteessa, jos pelaat New Yorkin lottoa osoitteessa jackpotlotteryonline.com, ilmoitamme sinulle, jos olet voittanut palkinnon. Teemme sen l\u00e4hett\u00e4m\u00e4ll\u00e4 viestin tilillesi ja s\u00e4hk\u00f6postiisi. Et todellakaan voi mitenk\u00e4\u00e4n j\u00e4\u00e4d\u00e4 paitsi palkinnostasi, jos olet rekister\u00f6itynyt meille.<\/p>\n<p>Vaikka et voittaisikaan palkintoa, voit silti tarkistaa voittonumerot k\u00e4ym\u00e4ll\u00e4 t\u00e4ll\u00e4 sivulla. Julkaisemme arvontatulokset t\u00e4\u00e4ll\u00e4 jokaisen arvonnan j\u00e4lkeen. K\u00e4y siis katsomassa, mik\u00e4 yhdistelm\u00e4 voitti j\u00e4ttipotin tai muiden luokkien palkinnot.<\/p>\n<h2>Miten voit nostaa palkintosi<\/h2>\n<p><img loading=\"lazy\" decoding=\"async\" class=\"alignright size-medium wp-image-29183\" src=\"https:\/\/jackpotlotteryonline.com\/wp-content\/uploads\/2022\/11\/1_play_lotto-online-300x199.jpg\" alt=\"New Yorkin lotto voittonumerot\" width=\"300\" height=\"199\" srcset=\"https:\/\/jackpotlotteryonline.com\/wp-content\/uploads\/2022\/11\/1_play_lotto-online-300x199.jpg 300w, https:\/\/jackpotlotteryonline.com\/wp-content\/uploads\/2022\/11\/1_play_lotto-online.jpg 350w\" sizes=\"auto, (max-width: 300px) 100vw, 300px\" \/>Jos olet voittanut palkinnon, p\u00e4\u00e4set helposti k\u00e4siksi voittoihisi t\u00e4\u00e4ll\u00e4 sivustollamme. Alle 2 500 euron palkinnoista voit nostaa voittosi suoraan pankkiisi alustaltamme. Se on vain muutaman klikkauksen asia, ja saat palkintosi ilman vaivaa.<\/p>\n<p>Jos voittosi on kuitenkin yli 2 500 euroa, sinun on ehk\u00e4 otettava yhteytt\u00e4 suoraan lottovoittoyhti\u00f6\u00f6n. Jos n\u00e4in on, l\u00e4het\u00e4mme sinulle korvausvaatimuslomakkeen t\u00e4ytett\u00e4v\u00e4ksi ja autamme sinua voittosi k\u00e4sittelyss\u00e4.<\/p>\n<h2>Vinkkej\u00e4 New Yorkin loton pelaamiseen<\/h2>\n<p>Jos tarvitset vinkkej\u00e4 lottopelaamiseen, jatka lukemista. N\u00e4m\u00e4 vinkit ovat hy\u00f6dyllisi\u00e4, kun pelaat mit\u00e4 tahansa kansainv\u00e4list\u00e4 huippulottoa. Ne eiv\u00e4t siis rajoitu vain New Yorkin lottoon.<\/p>\n<ul>\n<li style=\"list-style-type: none;\">\n<ul>\n<li>Valitse voittonumerot huolella. Vaikka lottovoittajaa ei voi ennustaa, kannattaa aina valita yhdistelm\u00e4, jolla on sinulle merkityst\u00e4.<\/li>\n<li>T\u00e4ss\u00e4 New Yorkin lotossa bonusnumero on t\u00e4rke\u00e4, koska se m\u00e4\u00e4ritt\u00e4\u00e4 toisen luokan palkinnon. \u00c4l\u00e4 siis j\u00e4t\u00e4 sit\u00e4 huomiotta, sill\u00e4 voit l\u00e4hte\u00e4 kotiin komean voiton kanssa, vaikka et voittaisikaan j\u00e4ttipottia.<\/li>\n<li>Kiinnit\u00e4 huomiota arvontap\u00e4iviin, sill\u00e4 silloin selvi\u00e4\u00e4, mik\u00e4 numero voittaa. Jos et my\u00f6sk\u00e4\u00e4n osallistu arvontaan, et voi voittaa mit\u00e4\u00e4n palkintoa kyseisen arvonnan aikana. Arvontap\u00e4iv\u00e4t ovat siis todella t\u00e4rkeit\u00e4. Voit my\u00f6s osallistua arvontoihin useita viikkoja etuk\u00e4teen (n\u00e4yt\u00e4mme my\u00f6hemmin miten).<\/li>\n<\/ul>\n<\/li>\n<\/ul>\n<section class=\"layout\" style=\"border: solid 1px; width: 100%;\">\n<div class=\"img-div\" style=\"margin-top: 5px;\"><img decoding=\"async\" class=\"wp-image-17212 alignleft\" style=\"height: 45px; margin: 8px 8px 0px;\" src=\"https:\/\/jackpotlotteryonline.com\/wp-content\/uploads\/2022\/11\/read1.jpg\" alt=\"lue\" width=\"\" height=\"\" \/><\/div>\n<div style=\"padding-left: 5px;\">\n<div style=\"font-size: 1.1em;\">\n<p><strong>Mik\u00e4 on lottomenestyksen salaisuus?<\/strong><\/p>\n<p style=\"font-size: 0.85em; margin-top: -1.5em;\">Kuinka pelata lottoa menestyksekk\u00e4\u00e4sti\u00a0<a href=\"https:\/\/jackpotlotteryonline.com\/fi\/mika-on-lottomenestyksen-salaisuus\"> Lue lis\u00e4\u00e4<\/a><\/p>\n<\/div>\n<\/div>\n<\/section>\n<h2>Tarkista arvontatulokset osoitteesta jackpotlotteryonline.com.<\/h2>\n<p>Olemme concierge-sivusto, joka huolehtii yksityiskohdista, jotta asiakkaamme voivat nauttia lottopelaamisesta. Ymm\u00e4rr\u00e4mme, ettei kukaan halua huolehtia pienist\u00e4 asioista. Tuo aika voitaisiin k\u00e4ytt\u00e4\u00e4 paremmin lottostrategian hiomiseen. Ja siksi me olemme t\u00e4\u00e4ll\u00e4.<\/p>\n<p>Annamme asiakkaillemme mahdollisuuden osallistua arpajaisiin ymp\u00e4ri maailmaa. Julkaisemme my\u00f6s lottotulokset t\u00e4\u00e4ll\u00e4 ja tarjoamme saumattoman j\u00e4rjestelm\u00e4n, jonka avulla p\u00e4\u00e4set k\u00e4siksi voittoihisi.<\/p>\n<p><a href=\"https:\/\/jackpotlotteryonline.com\/fi\/kuinka-pelata\/new-york-lottery-2\">New Yorkin loton pelaaminen kanssamme<\/a> on win-win.<\/p>\n","protected":false},"excerpt":{"rendered":"<p>New Yorkin lotto oli ennen yksi niist\u00e4 unohdetuista arpajaisista. L\u00e4hinn\u00e4 siksi, ett\u00e4 lottoon saattoi osallistua vain New Yorkissa asuvana. T\u00e4m\u00e4 on nyt muuttunut, sill\u00e4 pelaajat ymp\u00e4ri maailmaa voivat ostaa lottokuponkeja. Nyt yh\u00e4 useammat lottoharrastajat valitsevat voittonumerot pelaamalla verkossa. T\u00e4m\u00e4 New Yorkin lotto perustettiin ker\u00e4\u00e4m\u00e4\u00e4n varoja koulutukseen, joten se on saanut alkunsa hyv\u00e4st\u00e4 syyst\u00e4. Joka kerta, [&hellip;]<\/p>\n","protected":false},"author":1,"featured_media":0,"parent":35824,"menu_order":15,"comment_status":"closed","ping_status":"closed","template":"newyork-results.php","meta":{"_et_pb_use_builder":"","_et_pb_old_content":"","_et_gb_content_width":"","exclude_from_search":false,"footnotes":""},"class_list":["post-41356","page","type-page","status-publish","hentry"],"yoast_head":"<!-- This site is optimized with the Yoast SEO plugin v23.3 - https:\/\/yoast.com\/wordpress\/plugins\/seo\/ -->\n<title>New York lottovoittonumerot ja arvonnan tulokset<\/title>\n<meta name=\"description\" content=\"New Yorkin lottovoiton arvontatulokset - voittonumerot, voitetut summat kaikista menneist\u00e4 ja nykyisist\u00e4 arvonnoista.\" \/>\n<meta name=\"robots\" content=\"index, follow, max-snippet:-1, max-image-preview:large, max-video-preview:-1\" \/>\n<link rel=\"canonical\" href=\"https:\/\/jackpotlotteryonline.com\/fi\/voittonumerot\/new-york-lottery\/\" \/>\n<meta property=\"og:locale\" content=\"fi_FI\" \/>\n<meta property=\"og:type\" content=\"article\" \/>\n<meta property=\"og:title\" content=\"New York lottovoittonumerot ja arvonnan tulokset\" \/>\n<meta property=\"og:description\" content=\"New Yorkin lottovoiton arvontatulokset - voittonumerot, voitetut summat kaikista menneist\u00e4 ja nykyisist\u00e4 arvonnoista.\" \/>\n<meta property=\"og:url\" content=\"https:\/\/jackpotlotteryonline.com\/fi\/voittonumerot\/new-york-lottery\/\" \/>\n<meta property=\"og:site_name\" content=\"Lotto Online - Crack The International Lottery Jackpots\" \/>\n<meta property=\"article:modified_time\" content=\"2022-12-30T09:15:39+00:00\" \/>\n<meta property=\"og:image\" content=\"https:\/\/jackpotlotteryonline.com\/wp-content\/uploads\/2022\/11\/1_results_lottery_online5.jpg\" \/>\n<meta name=\"twitter:card\" content=\"summary_large_image\" \/>\n<meta name=\"twitter:label1\" content=\"Arvioitu lukuaika\" \/>\n\t<meta name=\"twitter:data1\" content=\"4 minuuttia\" \/>\n<!-- \/ Yoast SEO plugin. -->","yoast_head_json":{"title":"New York lottovoittonumerot ja arvonnan tulokset","description":"New Yorkin lottovoiton arvontatulokset - voittonumerot, voitetut summat kaikista menneist\u00e4 ja nykyisist\u00e4 arvonnoista.","robots":{"index":"index","follow":"follow","max-snippet":"max-snippet:-1","max-image-preview":"max-image-preview:large","max-video-preview":"max-video-preview:-1"},"canonical":"https:\/\/jackpotlotteryonline.com\/fi\/voittonumerot\/new-york-lottery\/","og_locale":"fi_FI","og_type":"article","og_title":"New York lottovoittonumerot ja arvonnan tulokset","og_description":"New Yorkin lottovoiton arvontatulokset - voittonumerot, voitetut summat kaikista menneist\u00e4 ja nykyisist\u00e4 arvonnoista.","og_url":"https:\/\/jackpotlotteryonline.com\/fi\/voittonumerot\/new-york-lottery\/","og_site_name":"Lotto Online - Crack The International Lottery Jackpots","article_modified_time":"2022-12-30T09:15:39+00:00","og_image":[{"url":"https:\/\/jackpotlotteryonline.com\/wp-content\/uploads\/2022\/11\/1_results_lottery_online5.jpg"}],"twitter_card":"summary_large_image","twitter_misc":{"Arvioitu lukuaika":"4 minuuttia"},"schema":{"@context":"https:\/\/schema.org","@graph":[{"@type":"WebPage","@id":"https:\/\/jackpotlotteryonline.com\/fi\/voittonumerot\/new-york-lottery\/","url":"https:\/\/jackpotlotteryonline.com\/fi\/voittonumerot\/new-york-lottery\/","name":"New York lottovoittonumerot ja arvonnan tulokset","isPartOf":{"@id":"https:\/\/jackpotlotteryonline.com\/#website"},"primaryImageOfPage":{"@id":"https:\/\/jackpotlotteryonline.com\/fi\/voittonumerot\/new-york-lottery\/#primaryimage"},"image":{"@id":"https:\/\/jackpotlotteryonline.com\/fi\/voittonumerot\/new-york-lottery\/#primaryimage"},"thumbnailUrl":"https:\/\/jackpotlotteryonline.com\/wp-content\/uploads\/2022\/11\/1_results_lottery_online5.jpg","datePublished":"2022-12-09T08:11:06+00:00","dateModified":"2022-12-30T09:15:39+00:00","description":"New Yorkin lottovoiton arvontatulokset - voittonumerot, voitetut summat kaikista menneist\u00e4 ja nykyisist\u00e4 arvonnoista.","breadcrumb":{"@id":"https:\/\/jackpotlotteryonline.com\/fi\/voittonumerot\/new-york-lottery\/#breadcrumb"},"inLanguage":"fi","potentialAction":[{"@type":"ReadAction","target":["https:\/\/jackpotlotteryonline.com\/fi\/voittonumerot\/new-york-lottery\/"]}]},{"@type":"ImageObject","inLanguage":"fi","@id":"https:\/\/jackpotlotteryonline.com\/fi\/voittonumerot\/new-york-lottery\/#primaryimage","url":"https:\/\/jackpotlotteryonline.com\/wp-content\/uploads\/2022\/11\/1_results_lottery_online5.jpg","contentUrl":"https:\/\/jackpotlotteryonline.com\/wp-content\/uploads\/2022\/11\/1_results_lottery_online5.jpg"},{"@type":"BreadcrumbList","@id":"https:\/\/jackpotlotteryonline.com\/fi\/voittonumerot\/new-york-lottery\/#breadcrumb","itemListElement":[{"@type":"ListItem","position":1,"name":"Home","item":"https:\/\/jackpotlotteryonline.com\/fi\/"},{"@type":"ListItem","position":2,"name":"Lottotulokset","item":"https:\/\/jackpotlotteryonline.com\/winning-numbers\/"},{"@type":"ListItem","position":3,"name":"New York lottorivi tulokset"}]},{"@type":"WebSite","@id":"https:\/\/jackpotlotteryonline.com\/#website","url":"https:\/\/jackpotlotteryonline.com\/","name":"Lotto Online - Crack The International Lottery Jackpots","description":"","potentialAction":[{"@type":"SearchAction","target":{"@type":"EntryPoint","urlTemplate":"https:\/\/jackpotlotteryonline.com\/?s={search_term_string}"},"query-input":"required name=search_term_string"}],"inLanguage":"fi"}]}},"_links":{"self":[{"href":"https:\/\/jackpotlotteryonline.com\/fi\/wp-json\/wp\/v2\/pages\/41356","targetHints":{"allow":["GET"]}}],"collection":[{"href":"https:\/\/jackpotlotteryonline.com\/fi\/wp-json\/wp\/v2\/pages"}],"about":[{"href":"https:\/\/jackpotlotteryonline.com\/fi\/wp-json\/wp\/v2\/types\/page"}],"author":[{"embeddable":true,"href":"https:\/\/jackpotlotteryonline.com\/fi\/wp-json\/wp\/v2\/users\/1"}],"replies":[{"embeddable":true,"href":"https:\/\/jackpotlotteryonline.com\/fi\/wp-json\/wp\/v2\/comments?post=41356"}],"version-history":[{"count":0,"href":"https:\/\/jackpotlotteryonline.com\/fi\/wp-json\/wp\/v2\/pages\/41356\/revisions"}],"up":[{"embeddable":true,"href":"https:\/\/jackpotlotteryonline.com\/fi\/wp-json\/wp\/v2\/pages\/35824"}],"wp:attachment":[{"href":"https:\/\/jackpotlotteryonline.com\/fi\/wp-json\/wp\/v2\/media?parent=41356"}],"curies":[{"name":"wp","href":"https:\/\/api.w.org\/{rel}","templated":true}]}}