{"id":41410,"date":"2022-12-09T09:51:58","date_gmt":"2022-12-09T09:51:58","guid":{"rendered":"https:\/\/jackpotlotteryonline.com\/?page_id=41410"},"modified":"2022-12-30T11:45:29","modified_gmt":"2022-12-30T11:45:29","slug":"oz-lotto","status":"publish","type":"page","link":"https:\/\/jackpotlotteryonline.com\/fi\/voittonumerot\/oz-lotto\/","title":{"rendered":"Oz Lotto tasapeli tulokset"},"content":{"rendered":"<h2>Oz Lotto tasapeli tulokset Tietoa<\/h2>\n<p><img loading=\"lazy\" decoding=\"async\" class=\"alignright size-full wp-image-26942\" src=\"http:\/\/jackpotlotteryonline.com\/wp-content\/uploads\/2022\/11\/1_euromillions_results.jpg\" alt=\"oz lotto arvonnan tulokset\" width=\"300\" height=\"200\" \/>Oletko utelias Oz Loton arvonnan tuloksista tai siit\u00e4, mit\u00e4 tapahtuu jonkun voiton j\u00e4lkeen? No, t\u00e4m\u00e4 artikkeli opastaa sinua vastaamaan n\u00e4ihin kysymyksiin.<\/p>\n<p>T\u00e4m\u00e4 Australian Lotto arvotaan joka tiistai ja lauantai klo 19:30 AEST, joten kun olet valinnut numerosi, voit istua alas ja odottaa arvontoja. Arvonnat suoritetaan Sydneyss\u00e4 tietokoneella toimivan numerogeneraattorin avulla.<\/p>\n<p>Oz Lotto on varsin palkitseva peli, jossa on seitsem\u00e4n palkinto-osastoa, joissa, jos osasto 1 (j\u00e4ttipotti) ei ole voitettu, muita palkintoja voi voittaa, jos pelaaja l\u00f6yt\u00e4\u00e4 viisi tai nelj\u00e4 numeroa. Lis\u00e4ksi jaetaan kymmenen 2 miljoonan dollarin suuruista palkintoa, kun kukaan pelaaja ei saa kaikkia seitsem\u00e4\u00e4 arvottua numeroa.<\/p>\n<p>Loton arvontatulokset julkaistaan viikon kuluttua arvonnasta Victorian hallituksen verkkosivustolla. Arvonta-aika pidet\u00e4\u00e4n yksityisen\u00e4, jotta voidaan suojella osallistujien yksityisyytt\u00e4.<\/p>\n<h2>Miten voin voittaa Australian Oz Lotossa?<\/h2>\n<p>Voittaaksesi mink\u00e4 tahansa palkinnon Oz Lotossa sinun on tiedett\u00e4v\u00e4 seuraavat asiat:<\/p>\n<ol>\n<li><a href=\"https:\/\/jackpotlotteryonline.com\/fi\/kuinka-pelata\/oz-lotto\">Oz Lotossa pelaajan<\/a> on arvottava kymmenen numeroa 47 numeron joukosta.<\/li>\n<li>Seitsem\u00e4n ensimm\u00e4ist\u00e4 arvottua numeroa katsotaan voittonumeroiksi j\u00e4ttipottivoittoa varten.<\/li>\n<li>Loput kolme arvottua numeroa ovat lis\u00e4numeroita, joita k\u00e4ytet\u00e4\u00e4n muiden osastojen palkintojen m\u00e4\u00e4ritt\u00e4miseen.<\/li>\n<li>Mit\u00e4 useampi t\u00e4sm\u00e4\u00e4v\u00e4 numero pelaajalla on, sit\u00e4 suurempi on palkinto.<\/li>\n<li>Osallistuminen Oz Lotoon on uhkapeli\u00e4; voit joko voittaa tai h\u00e4vit\u00e4.<\/li>\n<\/ol>\n<h2>Miten voin tarkistaa, olenko voittanut tietyss\u00e4 arvonnassa?<\/h2>\n<p><img loading=\"lazy\" decoding=\"async\" class=\"alignright size-full wp-image-26159\" src=\"http:\/\/jackpotlotteryonline.com\/wp-content\/uploads\/2022\/11\/1_buy_lottery_online.jpg\" alt=\"oz lotto arvonnan tulokset\" width=\"212\" height=\"142\" \/>Jos olet <a href=\"https:\/\/jackpotlotteryonline.com\/fi\/osta-lippuja\/oz-lotto\">ostanut lipun meilt\u00e4<\/a>, tarkista arvontatulokset verkkosivuiltamme. Helpoin tapa tiet\u00e4\u00e4, oletko voittanut, on kirjautua sis\u00e4\u00e4n pelitilillesi verkkosivustollamme. Siirry sitten kohtaan &#8220;Omat lippuni&#8221;, ja n\u00e4et lippusi skannattuna numerot, joilla pelasit. Arvonnan j\u00e4lkeen kaikki vastaavat numerot korostuvat.<\/p>\n<p>Toinen tapa tiet\u00e4\u00e4, oletko voittanut, on tarkistaa s\u00e4hk\u00f6postisi. Heti arvonnan j\u00e4lkeen saat s\u00e4hk\u00f6postiviestin, jossa ilmoitetaan asiasta. K\u00e4yt\u00e4 tietoja saadaksesi tiet\u00e4\u00e4, oletko voittanut kyseisess\u00e4 arvonnassa.<\/p>\n<p>Voit my\u00f6s vierailla Australian Oz-loton virallisella verkkosivustolla saadaksesi lis\u00e4tietoja aiemmista tuloksista ja yleist\u00e4 tietoa lotosta.<\/p>\n<h2>Tapoja parantaa voittomahdollisuuksiani<\/h2>\n<p>Voit lis\u00e4t\u00e4 mahdollisuuksiasi saada j\u00e4ttipotti, jos osallistut useisiin arvontoihin ostamalla lippuja per\u00e4kk\u00e4isiin arvontoihin. N\u00e4in voi pelata samaa valintaa parin viikon ajan. No, t\u00e4ll\u00e4 tavalla pelaaminen nostaa tilausten kustannuksia, mutta sen ansiosta voit pelata useammassa arvonnassa.<\/p>\n<section class=\"layout\" style=\"border: solid 1px; width: 100%;\">\n<div class=\"img-div\" style=\"margin-top: 5px;\"><img decoding=\"async\" class=\"wp-image-17212 alignleft\" style=\"height: 45px; margin: 8px 8px 0px;\" src=\"http:\/\/jackpotlotteryonline.com\/wp-content\/uploads\/2022\/11\/read1.jpg\" alt=\"lue\" width=\"\" height=\"\" \/><\/div>\n<div style=\"padding-left: 5px;\">\n<div style=\"font-size: 1.1em;\">\n<p><strong>Valitse voittavat lottonumerot manuaalisesti tai k\u00e4ytt\u00e4m\u00e4ll\u00e4 RNG:t\u00e4.<\/strong><\/p>\n<p style=\"font-size: 0.85em; margin-top: -1.5em;\">Miten luoda voittavat lottonumerot?\u00a0 <a href=\"https:\/\/jackpotlotteryonline.com\/fi\/miten-luoda-voittaa-lotto-numerot\">Lue lis\u00e4\u00e4<\/a><\/p>\n<\/div>\n<\/div>\n<\/section>\n<h2>Miten voin saada palkintoni?<\/h2>\n<p>Jos voitat jonkin palkinnon, ota huomioon seuraavat asiat:<\/p>\n<ul>\n<li>Alle 2500 euron voitot siirret\u00e4\u00e4n automaattisesti pelitilillesi. Voit kotiuttaa tai jatkaa uusien lippujen ostamista palkintorahoilla.<\/li>\n<li>Yli 2500 euron voitoista palkinto maksetaan suoraan lottokomissiolta, ja voit vastaanottaa sen joko pankkisiirrolla tai shekill\u00e4.<\/li>\n<\/ul>\n<p>Muista, ettet j\u00e4\u00e4 paitsi arvonnoista. Varmistaaksesi, ettet j\u00e4\u00e4 paitsi tiedoista, pelaajia kehotetaan merkitsem\u00e4\u00e4n jackpotlotteryonline.com valkoiselle listalle luotettavaksi s\u00e4hk\u00f6postin tarjoajaksi.<\/p>\n<p><strong>Lopuksi&#8230;<\/strong><\/p>\n<p>Oz Lotto on ollut yksi Australian suosituimmista lottopeleist\u00e4 vuodesta 1994 l\u00e4htien. Monista ihmisist\u00e4 on tullut miljon\u00e4\u00e4rej\u00e4 yhdess\u00e4 y\u00f6ss\u00e4 sen ansiosta. Mik\u00e4 siis saa sinut olemaan pelaamatta? Osallistu t\u00e4h\u00e4n australialaiseen lottoon ja sinulla on mahdollisuus voittaa yksi monista palkinnoista, ellei per\u00e4ti j\u00e4ttipotti.<\/p>\n<p><strong>Rekister\u00f6idy jo t\u00e4n\u00e4\u00e4n voittaaksesi!<\/strong><\/p>\n","protected":false},"excerpt":{"rendered":"<p>Oz Lotto tasapeli tulokset Tietoa Oletko utelias Oz Loton arvonnan tuloksista tai siit\u00e4, mit\u00e4 tapahtuu jonkun voiton j\u00e4lkeen? No, t\u00e4m\u00e4 artikkeli opastaa sinua vastaamaan n\u00e4ihin kysymyksiin. T\u00e4m\u00e4 Australian Lotto arvotaan joka tiistai ja lauantai klo 19:30 AEST, joten kun olet valinnut numerosi, voit istua alas ja odottaa arvontoja. Arvonnat suoritetaan Sydneyss\u00e4 tietokoneella toimivan numerogeneraattorin avulla. [&hellip;]<\/p>\n","protected":false},"author":1,"featured_media":0,"parent":35824,"menu_order":16,"comment_status":"closed","ping_status":"closed","template":"","meta":{"_et_pb_use_builder":"","_et_pb_old_content":"","_et_gb_content_width":"","exclude_from_search":false,"footnotes":""},"class_list":["post-41410","page","type-page","status-publish","hentry"],"yoast_head":"<!-- This site is optimized with the Yoast SEO plugin v23.3 - https:\/\/yoast.com\/wordpress\/plugins\/seo\/ -->\n<title>Oz Lotto voittonumerot ja arvonnan tulos<\/title>\n<meta name=\"description\" content=\"Tutustu Australian Oz Loton voittonumeroihin ja aiempiin tuloksiin arvontatulossivullamme. Varmista, ettet j\u00e4\u00e4 paitsi!\" \/>\n<meta name=\"robots\" content=\"index, follow, max-snippet:-1, max-image-preview:large, max-video-preview:-1\" \/>\n<link rel=\"canonical\" href=\"https:\/\/jackpotlotteryonline.com\/fi\/voittonumerot\/oz-lotto\/\" \/>\n<meta property=\"og:locale\" content=\"fi_FI\" \/>\n<meta property=\"og:type\" content=\"article\" \/>\n<meta property=\"og:title\" content=\"Oz Lotto voittonumerot ja arvonnan tulos\" \/>\n<meta property=\"og:description\" content=\"Tutustu Australian Oz Loton voittonumeroihin ja aiempiin tuloksiin arvontatulossivullamme. Varmista, ettet j\u00e4\u00e4 paitsi!\" \/>\n<meta property=\"og:url\" content=\"https:\/\/jackpotlotteryonline.com\/fi\/voittonumerot\/oz-lotto\/\" \/>\n<meta property=\"og:site_name\" content=\"Lotto Online - Crack The International Lottery Jackpots\" \/>\n<meta property=\"article:modified_time\" content=\"2022-12-30T11:45:29+00:00\" \/>\n<meta property=\"og:image\" content=\"http:\/\/jackpotlotteryonline.com\/wp-content\/uploads\/2022\/11\/1_euromillions_results.jpg\" \/>\n<meta name=\"twitter:card\" content=\"summary_large_image\" \/>\n<meta name=\"twitter:label1\" content=\"Arvioitu lukuaika\" \/>\n\t<meta name=\"twitter:data1\" content=\"3 minuuttia\" \/>\n<!-- \/ Yoast SEO plugin. -->","yoast_head_json":{"title":"Oz Lotto voittonumerot ja arvonnan tulos","description":"Tutustu Australian Oz Loton voittonumeroihin ja aiempiin tuloksiin arvontatulossivullamme. Varmista, ettet j\u00e4\u00e4 paitsi!","robots":{"index":"index","follow":"follow","max-snippet":"max-snippet:-1","max-image-preview":"max-image-preview:large","max-video-preview":"max-video-preview:-1"},"canonical":"https:\/\/jackpotlotteryonline.com\/fi\/voittonumerot\/oz-lotto\/","og_locale":"fi_FI","og_type":"article","og_title":"Oz Lotto voittonumerot ja arvonnan tulos","og_description":"Tutustu Australian Oz Loton voittonumeroihin ja aiempiin tuloksiin arvontatulossivullamme. Varmista, ettet j\u00e4\u00e4 paitsi!","og_url":"https:\/\/jackpotlotteryonline.com\/fi\/voittonumerot\/oz-lotto\/","og_site_name":"Lotto Online - Crack The International Lottery Jackpots","article_modified_time":"2022-12-30T11:45:29+00:00","og_image":[{"url":"http:\/\/jackpotlotteryonline.com\/wp-content\/uploads\/2022\/11\/1_euromillions_results.jpg"}],"twitter_card":"summary_large_image","twitter_misc":{"Arvioitu lukuaika":"3 minuuttia"},"schema":{"@context":"https:\/\/schema.org","@graph":[{"@type":"WebPage","@id":"https:\/\/jackpotlotteryonline.com\/fi\/voittonumerot\/oz-lotto\/","url":"https:\/\/jackpotlotteryonline.com\/fi\/voittonumerot\/oz-lotto\/","name":"Oz Lotto voittonumerot ja arvonnan tulos","isPartOf":{"@id":"https:\/\/jackpotlotteryonline.com\/#website"},"primaryImageOfPage":{"@id":"https:\/\/jackpotlotteryonline.com\/fi\/voittonumerot\/oz-lotto\/#primaryimage"},"image":{"@id":"https:\/\/jackpotlotteryonline.com\/fi\/voittonumerot\/oz-lotto\/#primaryimage"},"thumbnailUrl":"http:\/\/jackpotlotteryonline.com\/wp-content\/uploads\/2022\/11\/1_euromillions_results.jpg","datePublished":"2022-12-09T09:51:58+00:00","dateModified":"2022-12-30T11:45:29+00:00","description":"Tutustu Australian Oz Loton voittonumeroihin ja aiempiin tuloksiin arvontatulossivullamme. Varmista, ettet j\u00e4\u00e4 paitsi!","breadcrumb":{"@id":"https:\/\/jackpotlotteryonline.com\/fi\/voittonumerot\/oz-lotto\/#breadcrumb"},"inLanguage":"fi","potentialAction":[{"@type":"ReadAction","target":["https:\/\/jackpotlotteryonline.com\/fi\/voittonumerot\/oz-lotto\/"]}]},{"@type":"ImageObject","inLanguage":"fi","@id":"https:\/\/jackpotlotteryonline.com\/fi\/voittonumerot\/oz-lotto\/#primaryimage","url":"http:\/\/jackpotlotteryonline.com\/wp-content\/uploads\/2022\/11\/1_euromillions_results.jpg","contentUrl":"http:\/\/jackpotlotteryonline.com\/wp-content\/uploads\/2022\/11\/1_euromillions_results.jpg"},{"@type":"BreadcrumbList","@id":"https:\/\/jackpotlotteryonline.com\/fi\/voittonumerot\/oz-lotto\/#breadcrumb","itemListElement":[{"@type":"ListItem","position":1,"name":"Home","item":"https:\/\/jackpotlotteryonline.com\/fi\/"},{"@type":"ListItem","position":2,"name":"Lottotulokset","item":"https:\/\/jackpotlotteryonline.com\/winning-numbers\/"},{"@type":"ListItem","position":3,"name":"Oz Lotto tasapeli tulokset"}]},{"@type":"WebSite","@id":"https:\/\/jackpotlotteryonline.com\/#website","url":"https:\/\/jackpotlotteryonline.com\/","name":"Lotto Online - Crack The International Lottery Jackpots","description":"","potentialAction":[{"@type":"SearchAction","target":{"@type":"EntryPoint","urlTemplate":"https:\/\/jackpotlotteryonline.com\/?s={search_term_string}"},"query-input":"required name=search_term_string"}],"inLanguage":"fi"}]}},"_links":{"self":[{"href":"https:\/\/jackpotlotteryonline.com\/fi\/wp-json\/wp\/v2\/pages\/41410","targetHints":{"allow":["GET"]}}],"collection":[{"href":"https:\/\/jackpotlotteryonline.com\/fi\/wp-json\/wp\/v2\/pages"}],"about":[{"href":"https:\/\/jackpotlotteryonline.com\/fi\/wp-json\/wp\/v2\/types\/page"}],"author":[{"embeddable":true,"href":"https:\/\/jackpotlotteryonline.com\/fi\/wp-json\/wp\/v2\/users\/1"}],"replies":[{"embeddable":true,"href":"https:\/\/jackpotlotteryonline.com\/fi\/wp-json\/wp\/v2\/comments?post=41410"}],"version-history":[{"count":0,"href":"https:\/\/jackpotlotteryonline.com\/fi\/wp-json\/wp\/v2\/pages\/41410\/revisions"}],"up":[{"embeddable":true,"href":"https:\/\/jackpotlotteryonline.com\/fi\/wp-json\/wp\/v2\/pages\/35824"}],"wp:attachment":[{"href":"https:\/\/jackpotlotteryonline.com\/fi\/wp-json\/wp\/v2\/media?parent=41410"}],"curies":[{"name":"wp","href":"https:\/\/api.w.org\/{rel}","templated":true}]}}