{"id":41462,"date":"2022-12-09T12:11:26","date_gmt":"2022-12-09T12:11:26","guid":{"rendered":"https:\/\/jackpotlotteryonline.com\/?page_id=41462"},"modified":"2022-12-30T13:22:29","modified_gmt":"2022-12-30T13:22:29","slug":"powerball-australia","status":"publish","type":"page","link":"https:\/\/jackpotlotteryonline.com\/fi\/voittonumerot\/powerball-australia\/","title":{"rendered":"Powerball Australia arvonnan tulokset"},"content":{"rendered":"<p><a href=\"https:\/\/jackpotlotteryonline.com\/fi\/kuinka-pelata\/powerball-australia\">Australian Powerballin pelaaminen<\/a> on helppoa, kun ostat lippusi netist\u00e4. N\u00e4in p\u00e4\u00e4set mukaan Powerball-arvontaan mist\u00e4 p\u00e4in maailmaa tahansa. Mutta lipun ostaminen on vain osa Powerballin pelaamista. Sinun on my\u00f6s tarkistettava arvontatulokset voittonumeroiden l\u00f6yt\u00e4miseksi. N\u00e4in saat tiet\u00e4\u00e4, oletko voittanut lotossa vai et. T\u00e4ss\u00e4 annamme vinkkej\u00e4 ja tietoa siit\u00e4, miten voit tarkistaa arvontatulokset ja saada voittosi.<\/p>\n<h2>Kuinka tarkistaa Powerball Australian voittonumerot<\/h2>\n<p>Jos haluat pelata Powerballia, sinun on valittava 7 numeroa v\u00e4lill\u00e4 1-35 sek\u00e4 Powerball-numero v\u00e4lill\u00e4 1-20. Arpajaisten aikana arvotaan 8 numeroa satunnaisesti. Se, joka vastaa arvottuja numeroita, saa voittavan Powerball-lipun.<\/p>\n<p>Ehk\u00e4 et ehk\u00e4 pysty seuraamaan Powerball-arvontoja suorana l\u00e4hetyksen\u00e4 televisiosta. Mutta voit tarkistaa verkkouutissivustoilta Powerballin voittonumerot. N\u00e4ill\u00e4 sivustoilla julkaistaan kuitenkin useimmiten vain se yhdistelm\u00e4, joka voittaa j\u00e4ttipotin. Ja Powerballissa on useita muita palkintotasoja.<\/p>\n<p>Jos haluat siis tiet\u00e4\u00e4 Powerballin voittonumerot kaikkien palkintotasojen osalta, voit tarkistaa ne t\u00e4\u00e4lt\u00e4 jokaisen arvonnan j\u00e4lkeen. Julkaisemme Powerballin voittonumerot sivustollamme. Jos olet ostanut Powerball-lipun meilt\u00e4, ilmoitamme sinulle, jos sinulla on jokin voittonumeroista. L\u00e4het\u00e4mme sinulle s\u00e4hk\u00f6postia ja laitamme ilmoituksen tilillesi. N\u00e4in sinun ei tarvitse pel\u00e4t\u00e4 j\u00e4\u00e4v\u00e4si paitsi voitoistasi.<\/p>\n<h2>Mitk\u00e4 ovat Powerball-voiton todenn\u00e4k\u00f6isyydet?<\/h2>\n<p><img loading=\"lazy\" decoding=\"async\" class=\"alignright size-full wp-image-31181\" src=\"https:\/\/jackpotlotteryonline.com\/wp-content\/uploads\/2022\/11\/logo_powerball-300x50-1.jpg\" alt=\"voittaa Powerball\" width=\"300\" height=\"50\" \/>Lottovoitto ei ole helppo asia. Useimmat ihmiset sanoisivat, ett\u00e4 todenn\u00e4k\u00f6isyys on uskomattoman suuri. Silti kuulemme ihmisist\u00e4, jotka ovat voittaneet el\u00e4m\u00e4\u00e4 mullistavia summia. Erityisesti Powerball Australiassa on pitk\u00e4 lista lottovoittajia, ja t\u00e4m\u00e4 johtuu luultavasti kertoimista.<\/p>\n<p>Powerball-loton voittomahdollisuus on 1:70 miljoonaa. Se tarkoittaa, ett\u00e4 kirjaimellisesti kuka tahansa voi voittaa Powerball-loton.<\/p>\n<p>Lis\u00e4ksi Powerballissa on yhteens\u00e4 9 palkintoluokkaa, mik\u00e4 lis\u00e4\u00e4 entisest\u00e4\u00e4n t\u00e4m\u00e4n loton voittomahdollisuuksia.<\/p>\n<h2>Powerball-palkinnot<\/h2>\n<p>Powerballin j\u00e4ttipotti on yleens\u00e4 keskim\u00e4\u00e4rin 8 miljoonaa AU$. On kuitenkin useita muita palkintoja, joita voit voittaa, jos sinulla on Powerball Australian voittonumerot.<\/p>\n<p>T\u00e4ss\u00e4 ovat palkintokategoriat ja voitot yhdess\u00e4 Powerball-arvonnassa. Huomaa, ett\u00e4 voitto ei ole sama jokaisessa arvonnassa, sill\u00e4 palkinnot riippuvat lottopotista. Mutta t\u00e4m\u00e4 on vain antaa sinulle k\u00e4sityksen siit\u00e4, mit\u00e4 voit odottaa, kun saat Powerball-voittonumerot.<\/p>\n<p>Divisioona 1: osuma 7 + Powerball &#8211; 8 000 000,00 dollaria (j\u00e4ttipotti).<\/p>\n<p>Divisioona 2: pelkk\u00e4 osuma 7 &#8211; 95 726,15 dollaria.<\/p>\n<p>Divisioona 3: osuma 6 + Powerball &#8211; 5 661,20 dollaria.<\/p>\n<p>Divisioona 4: vain ottelu 6 &#8211; 501,70 dollaria.<\/p>\n<p>Divisioona 5: ottelu 5 + Powerball &#8211; 166,75 dollaria.<\/p>\n<p>Divisioona 6: vain ottelu 5 &#8211; 73,10 dollaria.<\/p>\n<p>Divisioona 7: ottelu 4 + Powerball &#8211; 41,60 dollaria.<\/p>\n<p>Divisioona 8: ottelu 3 + Powerball &#8211; 18,05 dollaria.<\/p>\n<p>Division 9: ottelu 2 + Powerball &#8211; 10,95 dollaria.<\/p>\n<h2>Mit\u00e4 tehd\u00e4, jos sinulla on voittonumerot<\/h2>\n<p>Jos tarkistat arvontatulokset ja huomaat, ett\u00e4 sinulla on Powerballin voittonumerot, seuraava vaihe on se, miten saat voittosi k\u00e4ytt\u00f6\u00f6n. Koska pelaat Powerballia Ozin ulkopuolella, etsit luultavasti k\u00e4tev\u00e4\u00e4 tapaa kotiuttaa voittosi.<\/p>\n<p>Kun <a href=\"https:\/\/jackpotlotteryonline.com\/fi\/osta-lippuja\/powerball-australia\">ostat Powerball-lipun meilt\u00e4<\/a>, voit my\u00f6s p\u00e4\u00e4st\u00e4 k\u00e4siksi voittoosi mist\u00e4 tahansa. Tietty\u00e4 summaa pienempien voittojen kohdalla sinun tarvitsee vain nostaa voittosi alustaltamme. Voit nostaa sen suoraan pankkitilillesi.<\/p>\n<p>Kun voittosi on suurempi kuin ilmoitettu summa, annamme sinulle t\u00e4ytett\u00e4v\u00e4ksi korvausvaatimuslomakkeen. N\u00e4in voit lunastaa voittosi suoraan Powerball-arpajaisyhti\u00f6lt\u00e4 ilman vaivaa.<\/p>\n<section class=\"layout\" style=\"border: solid 1px; width: 100%;\">\n<div class=\"img-div\" style=\"margin-top: 5px;\"><img decoding=\"async\" class=\"wp-image-17212 alignleft\" style=\"height: 45px; margin: 8px 8px 0px;\" src=\"https:\/\/jackpotlotteryonline.com\/wp-content\/uploads\/2022\/11\/read1.jpg\" alt=\"lue\" width=\"\" height=\"\" \/><\/div>\n<div style=\"padding-left: 5px;\">\n<div style=\"font-size: 1.1em;\">\n<p><strong>Mink\u00e4 auton ostaisit, jos voittaisit lotossa?<\/strong><\/p>\n<p style=\"font-size: 0.85em; margin-top: -1.5em;\">Voita lotossa ja hanki uusi auto\u00a0<a href=\"https:\/\/jackpotlotteryonline.com\/fi\/minka-auton-ostaisit-jos-voittaisit-lotossa\"> Lue lis\u00e4\u00e4<\/a><\/p>\n<\/div>\n<\/div>\n<\/section>\n<h2>Powerballin pelaamisen edut Jackpotlotteryonline.com-sivustolla<\/h2>\n<ul>\n<li>Saat nopean ja v\u00e4litt\u00f6m\u00e4n p\u00e4\u00e4syn lottoon. Sinun ei tarvitse asua Australiassa voidaksesi pelata Powerballia.<\/li>\n<li>Se on eritt\u00e4in k\u00e4tev\u00e4\u00e4, koska sinun ei tarvitse poistua kotiisi. Tarkista voittonumerot tietokoneeltasi tai mobiililaitteeltasi.<\/li>\n<li>Se on my\u00f6s turvallisempaa, koska lippusi tallennetaan digitaalisesti. Se on t\u00e4rke\u00e4\u00e4, koska se on ainoa tapa lunastaa voittosi.<\/li>\n<li>Sinun ei tarvitse j\u00e4\u00e4d\u00e4 paitsi voitostasi, koska ilmoitamme sinulle v\u00e4litt\u00f6m\u00e4sti, jos voitat mink\u00e4 tahansa palkinnon.<\/li>\n<li>Voit helposti kotiuttaa mink\u00e4 tahansa voiton verkossa menem\u00e4tt\u00e4 minnek\u00e4\u00e4n<\/li>\n<\/ul>\n<h2>Tarkista voittonumerosi kanssamme<\/h2>\n<p>Ajan my\u00f6t\u00e4 olemme k\u00e4ytt\u00e4neet paljon resursseja ja vaivaa varmistaaksemme, ett\u00e4 pelaajillamme on paras kokemus. Emme ainoastaan tee lippujen ostamista kansainv\u00e4lisiin huippulottoihin helpoksi, vaan menemme monta askelta pidemm\u00e4lle. Teemme t\u00e4m\u00e4n tarjoamalla ajantasaiset arvontatulokset, jotta voit helposti tarkistaa voittonumerot.<\/p>\n<p>Lopuksi, sinun ei tarvitse huolehtia siit\u00e4, miten p\u00e4\u00e4set k\u00e4siksi voittoihisi, jos voitat palkinnon. Olemme ajatelleet kaiken, jotta voit keskitty\u00e4 olennaiseen. Rekister\u00f6idy meille jo t\u00e4n\u00e4\u00e4n.<\/p>\n","protected":false},"excerpt":{"rendered":"<p>Australian Powerballin pelaaminen on helppoa, kun ostat lippusi netist\u00e4. N\u00e4in p\u00e4\u00e4set mukaan Powerball-arvontaan mist\u00e4 p\u00e4in maailmaa tahansa. Mutta lipun ostaminen on vain osa Powerballin pelaamista. Sinun on my\u00f6s tarkistettava arvontatulokset voittonumeroiden l\u00f6yt\u00e4miseksi. N\u00e4in saat tiet\u00e4\u00e4, oletko voittanut lotossa vai et. T\u00e4ss\u00e4 annamme vinkkej\u00e4 ja tietoa siit\u00e4, miten voit tarkistaa arvontatulokset ja saada voittosi. Kuinka tarkistaa [&hellip;]<\/p>\n","protected":false},"author":1,"featured_media":0,"parent":35824,"menu_order":17,"comment_status":"closed","ping_status":"closed","template":"powerball-au-results.php","meta":{"_et_pb_use_builder":"","_et_pb_old_content":"","_et_gb_content_width":"","exclude_from_search":false,"footnotes":""},"class_list":["post-41462","page","type-page","status-publish","hentry"],"yoast_head":"<!-- This site is optimized with the Yoast SEO plugin v23.3 - https:\/\/yoast.com\/wordpress\/plugins\/seo\/ -->\n<title>Powerball Australia voittonumerot ja arvonnan tulokset<\/title>\n<meta name=\"description\" content=\"Etsitk\u00f6 Powerball Australian voittonumeroita? L\u00f6yd\u00e4t Australian arpajaisten arvontatulokset t\u00e4lt\u00e4 sivustolta.\" \/>\n<meta name=\"robots\" content=\"index, follow, max-snippet:-1, max-image-preview:large, max-video-preview:-1\" \/>\n<link rel=\"canonical\" href=\"https:\/\/jackpotlotteryonline.com\/fi\/voittonumerot\/powerball-australia\/\" \/>\n<meta property=\"og:locale\" content=\"fi_FI\" \/>\n<meta property=\"og:type\" content=\"article\" \/>\n<meta property=\"og:title\" content=\"Powerball Australia voittonumerot ja arvonnan tulokset\" \/>\n<meta property=\"og:description\" content=\"Etsitk\u00f6 Powerball Australian voittonumeroita? L\u00f6yd\u00e4t Australian arpajaisten arvontatulokset t\u00e4lt\u00e4 sivustolta.\" \/>\n<meta property=\"og:url\" content=\"https:\/\/jackpotlotteryonline.com\/fi\/voittonumerot\/powerball-australia\/\" \/>\n<meta property=\"og:site_name\" content=\"Lotto Online - Crack The International Lottery Jackpots\" \/>\n<meta property=\"article:modified_time\" content=\"2022-12-30T13:22:29+00:00\" \/>\n<meta property=\"og:image\" content=\"https:\/\/jackpotlotteryonline.com\/wp-content\/uploads\/2022\/11\/logo_powerball-300x50-1.jpg\" \/>\n<meta name=\"twitter:card\" content=\"summary_large_image\" \/>\n<meta name=\"twitter:label1\" content=\"Arvioitu lukuaika\" \/>\n\t<meta name=\"twitter:data1\" content=\"3 minuuttia\" \/>\n<!-- \/ Yoast SEO plugin. -->","yoast_head_json":{"title":"Powerball Australia voittonumerot ja arvonnan tulokset","description":"Etsitk\u00f6 Powerball Australian voittonumeroita? L\u00f6yd\u00e4t Australian arpajaisten arvontatulokset t\u00e4lt\u00e4 sivustolta.","robots":{"index":"index","follow":"follow","max-snippet":"max-snippet:-1","max-image-preview":"max-image-preview:large","max-video-preview":"max-video-preview:-1"},"canonical":"https:\/\/jackpotlotteryonline.com\/fi\/voittonumerot\/powerball-australia\/","og_locale":"fi_FI","og_type":"article","og_title":"Powerball Australia voittonumerot ja arvonnan tulokset","og_description":"Etsitk\u00f6 Powerball Australian voittonumeroita? L\u00f6yd\u00e4t Australian arpajaisten arvontatulokset t\u00e4lt\u00e4 sivustolta.","og_url":"https:\/\/jackpotlotteryonline.com\/fi\/voittonumerot\/powerball-australia\/","og_site_name":"Lotto Online - Crack The International Lottery Jackpots","article_modified_time":"2022-12-30T13:22:29+00:00","og_image":[{"url":"https:\/\/jackpotlotteryonline.com\/wp-content\/uploads\/2022\/11\/logo_powerball-300x50-1.jpg"}],"twitter_card":"summary_large_image","twitter_misc":{"Arvioitu lukuaika":"3 minuuttia"},"schema":{"@context":"https:\/\/schema.org","@graph":[{"@type":"WebPage","@id":"https:\/\/jackpotlotteryonline.com\/fi\/voittonumerot\/powerball-australia\/","url":"https:\/\/jackpotlotteryonline.com\/fi\/voittonumerot\/powerball-australia\/","name":"Powerball Australia voittonumerot ja arvonnan tulokset","isPartOf":{"@id":"https:\/\/jackpotlotteryonline.com\/#website"},"primaryImageOfPage":{"@id":"https:\/\/jackpotlotteryonline.com\/fi\/voittonumerot\/powerball-australia\/#primaryimage"},"image":{"@id":"https:\/\/jackpotlotteryonline.com\/fi\/voittonumerot\/powerball-australia\/#primaryimage"},"thumbnailUrl":"https:\/\/jackpotlotteryonline.com\/wp-content\/uploads\/2022\/11\/logo_powerball-300x50-1.jpg","datePublished":"2022-12-09T12:11:26+00:00","dateModified":"2022-12-30T13:22:29+00:00","description":"Etsitk\u00f6 Powerball Australian voittonumeroita? L\u00f6yd\u00e4t Australian arpajaisten arvontatulokset t\u00e4lt\u00e4 sivustolta.","breadcrumb":{"@id":"https:\/\/jackpotlotteryonline.com\/fi\/voittonumerot\/powerball-australia\/#breadcrumb"},"inLanguage":"fi","potentialAction":[{"@type":"ReadAction","target":["https:\/\/jackpotlotteryonline.com\/fi\/voittonumerot\/powerball-australia\/"]}]},{"@type":"ImageObject","inLanguage":"fi","@id":"https:\/\/jackpotlotteryonline.com\/fi\/voittonumerot\/powerball-australia\/#primaryimage","url":"https:\/\/jackpotlotteryonline.com\/wp-content\/uploads\/2022\/11\/logo_powerball-300x50-1.jpg","contentUrl":"https:\/\/jackpotlotteryonline.com\/wp-content\/uploads\/2022\/11\/logo_powerball-300x50-1.jpg"},{"@type":"BreadcrumbList","@id":"https:\/\/jackpotlotteryonline.com\/fi\/voittonumerot\/powerball-australia\/#breadcrumb","itemListElement":[{"@type":"ListItem","position":1,"name":"Home","item":"https:\/\/jackpotlotteryonline.com\/fi\/"},{"@type":"ListItem","position":2,"name":"Lottotulokset","item":"https:\/\/jackpotlotteryonline.com\/winning-numbers\/"},{"@type":"ListItem","position":3,"name":"Powerball Australia arvonnan tulokset"}]},{"@type":"WebSite","@id":"https:\/\/jackpotlotteryonline.com\/#website","url":"https:\/\/jackpotlotteryonline.com\/","name":"Lotto Online - Crack The International Lottery Jackpots","description":"","potentialAction":[{"@type":"SearchAction","target":{"@type":"EntryPoint","urlTemplate":"https:\/\/jackpotlotteryonline.com\/?s={search_term_string}"},"query-input":"required name=search_term_string"}],"inLanguage":"fi"}]}},"_links":{"self":[{"href":"https:\/\/jackpotlotteryonline.com\/fi\/wp-json\/wp\/v2\/pages\/41462","targetHints":{"allow":["GET"]}}],"collection":[{"href":"https:\/\/jackpotlotteryonline.com\/fi\/wp-json\/wp\/v2\/pages"}],"about":[{"href":"https:\/\/jackpotlotteryonline.com\/fi\/wp-json\/wp\/v2\/types\/page"}],"author":[{"embeddable":true,"href":"https:\/\/jackpotlotteryonline.com\/fi\/wp-json\/wp\/v2\/users\/1"}],"replies":[{"embeddable":true,"href":"https:\/\/jackpotlotteryonline.com\/fi\/wp-json\/wp\/v2\/comments?post=41462"}],"version-history":[{"count":0,"href":"https:\/\/jackpotlotteryonline.com\/fi\/wp-json\/wp\/v2\/pages\/41462\/revisions"}],"up":[{"embeddable":true,"href":"https:\/\/jackpotlotteryonline.com\/fi\/wp-json\/wp\/v2\/pages\/35824"}],"wp:attachment":[{"href":"https:\/\/jackpotlotteryonline.com\/fi\/wp-json\/wp\/v2\/media?parent=41462"}],"curies":[{"name":"wp","href":"https:\/\/api.w.org\/{rel}","templated":true}]}}