{"id":41515,"date":"2022-12-09T13:51:54","date_gmt":"2022-12-09T13:51:54","guid":{"rendered":"https:\/\/jackpotlotteryonline.com\/?page_id=41515"},"modified":"2022-12-29T18:38:09","modified_gmt":"2022-12-29T18:38:09","slug":"lotto-america","status":"publish","type":"page","link":"https:\/\/jackpotlotteryonline.com\/fi\/voittonumerot\/lotto-america\/","title":{"rendered":"Lotto America arvonnan tulokset"},"content":{"rendered":"<p>Lotto America on lottopeli Yhdysvalloissa, joka on tuottanut paljon miljon\u00e4\u00e4rej\u00e4. Lottovoiton todenn\u00e4k\u00f6isyys on fantastinen, mik\u00e4 tekee siit\u00e4 houkuttelevan pelin lottofaneille. Nyt pelaajat ymp\u00e4ri maailmaa voivat <a href=\"https:\/\/jackpotlotteryonline.com\/fi\/osta-lippuja\/lotto-america\">ostaa lippuja t\u00e4h\u00e4n yhdysvaltalaiseen lottopeliin verkossa<\/a>. Sen lis\u00e4ksi he voivat my\u00f6s tarkistaa voittonumerot saadakseen selville, ovatko he voittaneet lotossa.<\/p>\n<p>Voit ostaa lippuja kansainv\u00e4lisiin huippulottoihin osoitteessa jackpotlotteryonline.com ja tarkistaa voittonumerot my\u00f6s t\u00e4\u00e4lt\u00e4. Ja jos mietit, miten p\u00e4\u00e4set k\u00e4siksi voittoihisi verkossa, jatka lukemista. Jaamme kanssasi kaikki yksityiskohdat, ja nopeasti k\u00e4y selv\u00e4ksi, ett\u00e4 netiss\u00e4 pelaaminen on oikea tapa toimia.<\/p>\n<h2>Lotto Amerikan pelaaminen netiss\u00e4<\/h2>\n<p><img loading=\"lazy\" decoding=\"async\" class=\"size-full wp-image-32081 alignright\" src=\"https:\/\/jackpotlotteryonline.com\/wp-content\/uploads\/2022\/11\/1_mega_lotto_win-213x300-1.jpg\" alt=\"Pelaa\" width=\"213\" height=\"300\" \/>Mainitsimme, ett\u00e4 voit <a href=\"https:\/\/jackpotlotteryonline.com\/fi\/kuinka-pelata\/lotto-america-2\">pelata t\u00e4t\u00e4 lottoa verkossa<\/a>, eik\u00e4 sill\u00e4 ole v\u00e4li\u00e4, miss\u00e4 asut. Yleens\u00e4 lippuja myyd\u00e4\u00e4n Yhdysvalloissa, mutta voit ostaa niit\u00e4 my\u00f6s t\u00e4\u00e4lt\u00e4 osoitteesta jackpotlotteryonline.com.<\/p>\n<p>On olemassa muitakin sivustoja, jotka myyv\u00e4t lippuja lottoon, mutta ne antavat pelaajien ly\u00f6d\u00e4 vetoa vain lottotuloksesta. T\u00e4m\u00e4 tarkoittaa sit\u00e4, ett\u00e4 ostamalla arpalipun kyseiselt\u00e4 sivustolta et p\u00e4\u00e4se mukaan lottoon. Vaikka siis osuisit kaikkiin arvottuihin numeroihin, et voita p\u00e4\u00e4voittoa. K\u00e4ytt\u00e4m\u00e4si sivuston valinta on siis eritt\u00e4in t\u00e4rke\u00e4\u00e4.<\/p>\n<h2>Vaiheet lottopelaamiseen verkossa<\/h2>\n<p>Kun olet p\u00e4\u00e4tt\u00e4nyt valita sivuston, noudata seuraavia ohjeita:<\/p>\n<ol>\n<li>K\u00e4y haluamallasi sivustolla ja napsauta Lotto America -kohtaa<\/li>\n<li>Valitse 5 numeroa v\u00e4lill\u00e4 1-52 (jos et ole varma k\u00e4ytett\u00e4vist\u00e4 numeroista, kokeile automaattista numerogeneraattoria).<\/li>\n<li>Valitse seuraavaksi bonusnumero (t\u00e4htipallo) v\u00e4lilt\u00e4 1-10.<\/li>\n<li>Osta lis\u00e4numerorivej\u00e4, jotta voittomahdollisuutesi olisivat suuremmat.<\/li>\n<li>Osallistu arvontoihin (voit osallistua useampaan kuin yhteen arvontaan).<\/li>\n<li>Rekister\u00f6idy ja maksa osallistumisesi.<\/li>\n<\/ol>\n<p>Pyyd\u00e4mme sinua rekister\u00f6itym\u00e4\u00e4n muutamasta syyst\u00e4. Ensinn\u00e4kin haluamme varmistaa, ett\u00e4 digitaalinen lippusi on turvassa. Toiseksi k\u00e4yt\u00e4mme tili\u00e4si ottaaksemme sinuun yhteytt\u00e4, jos voitat palkinnon. Puhumme siit\u00e4 lis\u00e4\u00e4 my\u00f6hemmin.<\/p>\n<h2>Lotto Amerikan arvontap\u00e4iv\u00e4t ja j\u00e4ttipotti<\/h2>\n<p>T\u00e4ss\u00e4 yhdysvaltalaisessa lotossa on kolme viikoittaista arvontakertaa, maanantai, keskiviikko ja lauantai. Arvontojen aikana ilmoitetaan voittokuponki. Voittaaksesi j\u00e4ttipotin, lippusi on vastattava kuutta arvottua numeroa.<\/p>\n<p>Lotto America -j\u00e4ttipotin palkinnot alkavat 2 miljoonasta dollarista, ja ne voivat jatkua, jos arvonnan j\u00e4lkeen ei ole voittajaa. Koska voitto jatkuu jokaisen arvonnan j\u00e4lkeen (jos voittajaa ei ole), se voi nousta jopa 18 miljoonaan dollariin. Eik\u00f6 se olekin melkoinen summa voitettavaksi?<\/p>\n<p>Itse asiassa Lotto American enn\u00e4tysj\u00e4ttipotti oli 23 miljoonaa dollaria, ja sen voitti er\u00e4s perhe vuonna 2018.<\/p>\n<section class=\"layout\" style=\"border: solid 1px; width: 100%;\">\n<div class=\"img-div\" style=\"margin-top: 5px;\"><img decoding=\"async\" class=\"wp-image-17212 alignleft\" style=\"height: 45px; margin: 8px 8px 0px;\" src=\"https:\/\/jackpotlotteryonline.com\/wp-content\/uploads\/2022\/11\/read1.jpg\" alt=\"lue\" width=\"\" height=\"\" \/><\/div>\n<div style=\"padding-left: 5px;\">\n<div style=\"font-size: 1.1em;\">\n<p><strong>Jotkut lottovoittajat antoivat takaisin yhteis\u00f6lle<\/strong><\/p>\n<p style=\"font-size: 0.85em; margin-top: -1.5em;\">Joitakin mielenkiintoisia ja syd\u00e4nt\u00e4l\u00e4mmitt\u00e4vi\u00e4 tarinoita lottovoittajista, jotka antavat rahaa takaisin\u00a0 <a href=\"https:\/\/jackpotlotteryonline.com\/fi\/tarinoita-lottovoittajista-jotka-antavat-takaisin\"> Lue lis\u00e4\u00e4<\/a><\/p>\n<\/div>\n<\/div>\n<\/section>\n<h2>Palkintoluokat<\/h2>\n<p>J\u00e4ttipotti on tietenkin loton p\u00e4\u00e4palkinto. T\u00e4ss\u00e4 lotossa on kuitenkin 9 eri palkintoluokkaa, jotka antavat pelaajille mahdollisuuden voittaa mielenkiintoisia palkintoja.<\/p>\n<p>Vaikka et voittaisikaan j\u00e4ttipottia, voit silti l\u00e4hte\u00e4 kotiin suuren voiton kanssa osumalla muiden luokkien voittonumeroihin. T\u00e4ss\u00e4 on palkintojen jaottelu sek\u00e4 kunkin palkintoluokan voittokertoimet.<\/p>\n<p>Divisioona 1: 5 + T\u00e4htipallo &#8211; 1:25 989 600 &#8211; J\u00e4ttipotti.<\/p>\n<p>Divisioona 2: 5 &#8211; 1:2 887 733 &#8211; 20 000 dollaria.<\/p>\n<p>Divisioona 3: 4 + Star Ball &#8211; 1:110 594 &#8211; 1 000 dollaria.<\/p>\n<p>Divisioona 4: 4 &#8211; 1:12,288:sta &#8211; 100 dollaria.<\/p>\n<p>Divisioona 5: 3 + t\u00e4htipallo &#8211; 1 2,404:st\u00e4 &#8211; 20 dollaria.<\/p>\n<p>Divisioona 6: 3 &#8211; 1:267:st\u00e4 &#8211; 5 dollaria.<\/p>\n<p>Divisioona 7: 2 + t\u00e4htipallo &#8211; 1:160:sta &#8211; 5 dollaria.<\/p>\n<p>Divisioona 8: 1 + t\u00e4htipallo &#8211; 1 29:st\u00e4 &#8211; 2 dollaria.<\/p>\n<p>Divisioona 9: 0 + t\u00e4htipallo &#8211; 1:17 &#8211; 2 dollaria.<\/p>\n<h2>Kuinka voit tarkistaa voittonumerot<\/h2>\n<p>Voit tarkistaa, oletko voittanut jonkin palkinnon, yksinkertaisesti palaamalla t\u00e4lle sivulle arvonnan j\u00e4lkeen. Julkaisemme jokaisen arvonnan j\u00e4lkeen kunkin palkintoluokan arvontatulokset. Voit siis k\u00e4tev\u00e4sti tarkistaa sivumme ilman stressi\u00e4.<\/p>\n<p>Lis\u00e4ksi, jos olet ostanut lippusi meilt\u00e4, olet my\u00f6s rekister\u00f6itynyt meille. T\u00e4m\u00e4 tarkoittaa, ett\u00e4 jos voitat palkinnon, voimme ilmoittaa siit\u00e4 sinulle tilisi kautta ja my\u00f6s s\u00e4hk\u00f6postitse.<\/p>\n<p>Sinun ei tarvitse koskaan j\u00e4\u00e4d\u00e4 paitsi mist\u00e4\u00e4n voitosta, kun ostat lottokupongin meilt\u00e4.<\/p>\n<h2>Palkintosi lunastaminen<\/h2>\n<p><img loading=\"lazy\" decoding=\"async\" class=\"alignright size-full wp-image-31532\" src=\"https:\/\/jackpotlotteryonline.com\/wp-content\/uploads\/2022\/11\/lottoballs.jpg\" alt=\"Lotto America voittonumerot\" width=\"245\" height=\"123\" \/>Yksi kysymys, jonka kuulemme usein vedonly\u00f6jilt\u00e4, on se, miten he p\u00e4\u00e4sev\u00e4t k\u00e4siksi voittoihinsa, kun he osallistuvat Lotto America -verkkolottoon. Jos ostat lottokuponkeja sivustomme kautta, tarjoamme yksinkertaisen ja vaivattoman tavan lunastaa voittosi.<\/p>\n<p>Voitot, joiden arvo on 2500 euroa, hyvitet\u00e4\u00e4n tilillesi, ja sen j\u00e4lkeen voit nostaa sen ilman lis\u00e4kustannuksia. Kun taas suuremmat voitot vaativat hieman erilaisen menettelyn. Suurempien voittojen osalta sinun on lunastettava voitto lottovoittoyhti\u00f6lt\u00e4. Tarjoamme sinulle kuitenkin t\u00e4ytett\u00e4v\u00e4ksi vaatimuslomakkeen, ja kun olet t\u00e4ytt\u00e4nyt sen, k\u00e4sittelemme vaatimuksen puolestasi.<\/p>\n<p>Syyn\u00e4 t\u00e4h\u00e4n on se, ett\u00e4 sinun on tunnistauduttava. Lis\u00e4ksi jotkin lotto-yhti\u00f6t saattavat vaatia sinua tulemaan henkil\u00f6kohtaisesti paikalle, jotta voit ker\u00e4t\u00e4 suurempia summia. Jos n\u00e4in k\u00e4y, ilmoitamme siit\u00e4 sinulle v\u00e4litt\u00f6m\u00e4sti.<\/p>\n<h2>Osta Lotto Amerikka liput jackpotlotteryonline.com osoitteessa jackpotlotteryonline.com<\/h2>\n<p>On niin monia syit\u00e4, miksi sinun pit\u00e4isi ostaa Lotto America -lippusi meilt\u00e4. Ensinn\u00e4kin olemme concierge-sivusto. Se tarkoittaa, ett\u00e4 voit rentoutua, kun me hoidamme hienommat yksityiskohdat puolestasi. Autamme sinua siis p\u00e4\u00e4sem\u00e4\u00e4n k\u00e4siksi huippuluokan kansainv\u00e4lisiin arpajaisiin, kuten Lotto Amerikkaan.<\/p>\n<p>Mutta emme lopeta t\u00e4h\u00e4n. Tarjoamme my\u00f6s j\u00e4rjestelm\u00e4n, joka auttaa sinua hallinnoimaan lottopelej\u00e4si. Voit kirjaimellisesti, sy\u00f6tt\u00e4\u00e4 useita lottoja ja arvontoja suoraan sivustoltamme. Sinun ei tarvitse menn\u00e4 minnek\u00e4\u00e4n muualle. Tarjoamme my\u00f6s k\u00e4tev\u00e4n tavan tarkistaa Lotto America -tulokset, kaikki yhdess\u00e4 paikassa.<\/p>\n<p>Lopuksi voit helposti tarkistaa voittonumerot ja nostaa voittosi alustaltamme suoraan tilillesi. Teemme joka p\u00e4iv\u00e4 kovasti t\u00f6it\u00e4 kehitt\u00e4\u00e4ksemme saumattoman j\u00e4rjestelm\u00e4n t\u00e4ydelliseksi sinulle. Anna meid\u00e4n ottaa stressi pois, jotta voit keskitty\u00e4 hauskanpitoon. Rekister\u00f6idy meille ja pelaa lottoa jo t\u00e4n\u00e4\u00e4n.<\/p>\n","protected":false},"excerpt":{"rendered":"<p>Lotto America on lottopeli Yhdysvalloissa, joka on tuottanut paljon miljon\u00e4\u00e4rej\u00e4. Lottovoiton todenn\u00e4k\u00f6isyys on fantastinen, mik\u00e4 tekee siit\u00e4 houkuttelevan pelin lottofaneille. Nyt pelaajat ymp\u00e4ri maailmaa voivat ostaa lippuja t\u00e4h\u00e4n yhdysvaltalaiseen lottopeliin verkossa. Sen lis\u00e4ksi he voivat my\u00f6s tarkistaa voittonumerot saadakseen selville, ovatko he voittaneet lotossa. Voit ostaa lippuja kansainv\u00e4lisiin huippulottoihin osoitteessa jackpotlotteryonline.com ja tarkistaa voittonumerot my\u00f6s [&hellip;]<\/p>\n","protected":false},"author":1,"featured_media":0,"parent":35824,"menu_order":13,"comment_status":"closed","ping_status":"closed","template":"lotto-america-results.php","meta":{"_et_pb_use_builder":"","_et_pb_old_content":"","_et_gb_content_width":"","exclude_from_search":false,"footnotes":""},"class_list":["post-41515","page","type-page","status-publish","hentry"],"yoast_head":"<!-- This site is optimized with the Yoast SEO plugin v23.3 - https:\/\/yoast.com\/wordpress\/plugins\/seo\/ -->\n<title>Lotto America voittonumerot ja arvontatulokset<\/title>\n<meta name=\"description\" content=\"Etsitk\u00f6 Lotto Amerikan voittonumeroita? Kaikkien suurten amerikkalaisten lottojen arvontatulokset l\u00f6ytyv\u00e4t verkkosivuiltamme!\" \/>\n<meta name=\"robots\" content=\"index, follow, max-snippet:-1, max-image-preview:large, max-video-preview:-1\" \/>\n<link rel=\"canonical\" href=\"https:\/\/jackpotlotteryonline.com\/fi\/voittonumerot\/lotto-america\/\" \/>\n<meta property=\"og:locale\" content=\"fi_FI\" \/>\n<meta property=\"og:type\" content=\"article\" \/>\n<meta property=\"og:title\" content=\"Lotto America voittonumerot ja arvontatulokset\" \/>\n<meta property=\"og:description\" content=\"Etsitk\u00f6 Lotto Amerikan voittonumeroita? Kaikkien suurten amerikkalaisten lottojen arvontatulokset l\u00f6ytyv\u00e4t verkkosivuiltamme!\" \/>\n<meta property=\"og:url\" content=\"https:\/\/jackpotlotteryonline.com\/fi\/voittonumerot\/lotto-america\/\" \/>\n<meta property=\"og:site_name\" content=\"Lotto Online - Crack The International Lottery Jackpots\" \/>\n<meta property=\"article:modified_time\" content=\"2022-12-29T18:38:09+00:00\" \/>\n<meta property=\"og:image\" content=\"https:\/\/jackpotlotteryonline.com\/wp-content\/uploads\/2022\/11\/1_mega_lotto_win-213x300-1.jpg\" \/>\n<meta name=\"twitter:card\" content=\"summary_large_image\" \/>\n<meta name=\"twitter:label1\" content=\"Arvioitu lukuaika\" \/>\n\t<meta name=\"twitter:data1\" content=\"4 minuuttia\" \/>\n<!-- \/ Yoast SEO plugin. -->","yoast_head_json":{"title":"Lotto America voittonumerot ja arvontatulokset","description":"Etsitk\u00f6 Lotto Amerikan voittonumeroita? Kaikkien suurten amerikkalaisten lottojen arvontatulokset l\u00f6ytyv\u00e4t verkkosivuiltamme!","robots":{"index":"index","follow":"follow","max-snippet":"max-snippet:-1","max-image-preview":"max-image-preview:large","max-video-preview":"max-video-preview:-1"},"canonical":"https:\/\/jackpotlotteryonline.com\/fi\/voittonumerot\/lotto-america\/","og_locale":"fi_FI","og_type":"article","og_title":"Lotto America voittonumerot ja arvontatulokset","og_description":"Etsitk\u00f6 Lotto Amerikan voittonumeroita? Kaikkien suurten amerikkalaisten lottojen arvontatulokset l\u00f6ytyv\u00e4t verkkosivuiltamme!","og_url":"https:\/\/jackpotlotteryonline.com\/fi\/voittonumerot\/lotto-america\/","og_site_name":"Lotto Online - Crack The International Lottery Jackpots","article_modified_time":"2022-12-29T18:38:09+00:00","og_image":[{"url":"https:\/\/jackpotlotteryonline.com\/wp-content\/uploads\/2022\/11\/1_mega_lotto_win-213x300-1.jpg"}],"twitter_card":"summary_large_image","twitter_misc":{"Arvioitu lukuaika":"4 minuuttia"},"schema":{"@context":"https:\/\/schema.org","@graph":[{"@type":"WebPage","@id":"https:\/\/jackpotlotteryonline.com\/fi\/voittonumerot\/lotto-america\/","url":"https:\/\/jackpotlotteryonline.com\/fi\/voittonumerot\/lotto-america\/","name":"Lotto America voittonumerot ja arvontatulokset","isPartOf":{"@id":"https:\/\/jackpotlotteryonline.com\/#website"},"primaryImageOfPage":{"@id":"https:\/\/jackpotlotteryonline.com\/fi\/voittonumerot\/lotto-america\/#primaryimage"},"image":{"@id":"https:\/\/jackpotlotteryonline.com\/fi\/voittonumerot\/lotto-america\/#primaryimage"},"thumbnailUrl":"https:\/\/jackpotlotteryonline.com\/wp-content\/uploads\/2022\/11\/1_mega_lotto_win-213x300-1.jpg","datePublished":"2022-12-09T13:51:54+00:00","dateModified":"2022-12-29T18:38:09+00:00","description":"Etsitk\u00f6 Lotto Amerikan voittonumeroita? Kaikkien suurten amerikkalaisten lottojen arvontatulokset l\u00f6ytyv\u00e4t verkkosivuiltamme!","breadcrumb":{"@id":"https:\/\/jackpotlotteryonline.com\/fi\/voittonumerot\/lotto-america\/#breadcrumb"},"inLanguage":"fi","potentialAction":[{"@type":"ReadAction","target":["https:\/\/jackpotlotteryonline.com\/fi\/voittonumerot\/lotto-america\/"]}]},{"@type":"ImageObject","inLanguage":"fi","@id":"https:\/\/jackpotlotteryonline.com\/fi\/voittonumerot\/lotto-america\/#primaryimage","url":"https:\/\/jackpotlotteryonline.com\/wp-content\/uploads\/2022\/11\/1_mega_lotto_win-213x300-1.jpg","contentUrl":"https:\/\/jackpotlotteryonline.com\/wp-content\/uploads\/2022\/11\/1_mega_lotto_win-213x300-1.jpg"},{"@type":"BreadcrumbList","@id":"https:\/\/jackpotlotteryonline.com\/fi\/voittonumerot\/lotto-america\/#breadcrumb","itemListElement":[{"@type":"ListItem","position":1,"name":"Home","item":"https:\/\/jackpotlotteryonline.com\/fi\/"},{"@type":"ListItem","position":2,"name":"Lottotulokset","item":"https:\/\/jackpotlotteryonline.com\/winning-numbers\/"},{"@type":"ListItem","position":3,"name":"Lotto America arvonnan tulokset"}]},{"@type":"WebSite","@id":"https:\/\/jackpotlotteryonline.com\/#website","url":"https:\/\/jackpotlotteryonline.com\/","name":"Lotto Online - Crack The International Lottery Jackpots","description":"","potentialAction":[{"@type":"SearchAction","target":{"@type":"EntryPoint","urlTemplate":"https:\/\/jackpotlotteryonline.com\/?s={search_term_string}"},"query-input":"required name=search_term_string"}],"inLanguage":"fi"}]}},"_links":{"self":[{"href":"https:\/\/jackpotlotteryonline.com\/fi\/wp-json\/wp\/v2\/pages\/41515","targetHints":{"allow":["GET"]}}],"collection":[{"href":"https:\/\/jackpotlotteryonline.com\/fi\/wp-json\/wp\/v2\/pages"}],"about":[{"href":"https:\/\/jackpotlotteryonline.com\/fi\/wp-json\/wp\/v2\/types\/page"}],"author":[{"embeddable":true,"href":"https:\/\/jackpotlotteryonline.com\/fi\/wp-json\/wp\/v2\/users\/1"}],"replies":[{"embeddable":true,"href":"https:\/\/jackpotlotteryonline.com\/fi\/wp-json\/wp\/v2\/comments?post=41515"}],"version-history":[{"count":0,"href":"https:\/\/jackpotlotteryonline.com\/fi\/wp-json\/wp\/v2\/pages\/41515\/revisions"}],"up":[{"embeddable":true,"href":"https:\/\/jackpotlotteryonline.com\/fi\/wp-json\/wp\/v2\/pages\/35824"}],"wp:attachment":[{"href":"https:\/\/jackpotlotteryonline.com\/fi\/wp-json\/wp\/v2\/media?parent=41515"}],"curies":[{"name":"wp","href":"https:\/\/api.w.org\/{rel}","templated":true}]}}