{"id":63880,"date":"2024-06-20T10:13:49","date_gmt":"2024-06-20T10:13:49","guid":{"rendered":"https:\/\/jackpotlotteryonline.com\/?page_id=63880"},"modified":"2024-06-20T10:13:49","modified_gmt":"2024-06-20T10:13:49","slug":"new-password-for-returning-user","status":"publish","type":"page","link":"https:\/\/jackpotlotteryonline.com\/fi\/new-password-for-returning-user\/","title":{"rendered":"Uusi salasana palaavalle k\u00e4ytt\u00e4j\u00e4lle"},"content":{"rendered":"","protected":false},"excerpt":{"rendered":"","protected":false},"author":7,"featured_media":0,"parent":0,"menu_order":0,"comment_status":"closed","ping_status":"closed","template":"","meta":{"_et_pb_use_builder":"","_et_pb_old_content":"","_et_gb_content_width":"","exclude_from_search":false,"footnotes":""},"class_list":["post-63880","page","type-page","status-publish","hentry"],"yoast_head":"<!-- This site is optimized with the Yoast SEO plugin v23.3 - https:\/\/yoast.com\/wordpress\/plugins\/seo\/ -->\n<title>Uusi salasana palaavalle k\u00e4ytt\u00e4j\u00e4lle - Lotto Online - Crack The International Lottery Jackpots<\/title>\n<meta name=\"robots\" content=\"index, follow, max-snippet:-1, max-image-preview:large, max-video-preview:-1\" \/>\n<link rel=\"canonical\" href=\"https:\/\/jackpotlotteryonline.com\/new-password-for-returning-user\/\" \/>\n<meta property=\"og:locale\" content=\"fi_FI\" \/>\n<meta property=\"og:type\" content=\"article\" \/>\n<meta property=\"og:title\" content=\"Uusi salasana palaavalle k\u00e4ytt\u00e4j\u00e4lle - Lotto Online - Crack The International Lottery Jackpots\" \/>\n<meta property=\"og:url\" content=\"https:\/\/jackpotlotteryonline.com\/new-password-for-returning-user\/\" \/>\n<meta property=\"og:site_name\" content=\"Lotto Online - Crack The International Lottery Jackpots\" \/>\n<meta name=\"twitter:card\" content=\"summary_large_image\" \/>\n<!-- \/ Yoast SEO plugin. -->","yoast_head_json":{"title":"Uusi salasana palaavalle k\u00e4ytt\u00e4j\u00e4lle - Lotto Online - Crack The International Lottery Jackpots","robots":{"index":"index","follow":"follow","max-snippet":"max-snippet:-1","max-image-preview":"max-image-preview:large","max-video-preview":"max-video-preview:-1"},"canonical":"https:\/\/jackpotlotteryonline.com\/new-password-for-returning-user\/","og_locale":"fi_FI","og_type":"article","og_title":"Uusi salasana palaavalle k\u00e4ytt\u00e4j\u00e4lle - Lotto Online - Crack The International Lottery Jackpots","og_url":"https:\/\/jackpotlotteryonline.com\/new-password-for-returning-user\/","og_site_name":"Lotto Online - Crack The International Lottery Jackpots","twitter_card":"summary_large_image","schema":{"@context":"https:\/\/schema.org","@graph":[{"@type":"WebPage","@id":"https:\/\/jackpotlotteryonline.com\/new-password-for-returning-user\/","url":"https:\/\/jackpotlotteryonline.com\/new-password-for-returning-user\/","name":"Uusi salasana palaavalle k\u00e4ytt\u00e4j\u00e4lle - Lotto Online - Crack The International Lottery Jackpots","isPartOf":{"@id":"https:\/\/jackpotlotteryonline.com\/#website"},"datePublished":"2024-06-20T10:13:49+00:00","dateModified":"2024-06-20T10:13:49+00:00","breadcrumb":{"@id":"https:\/\/jackpotlotteryonline.com\/new-password-for-returning-user\/#breadcrumb"},"inLanguage":"fi","potentialAction":[{"@type":"ReadAction","target":["https:\/\/jackpotlotteryonline.com\/new-password-for-returning-user\/"]}]},{"@type":"BreadcrumbList","@id":"https:\/\/jackpotlotteryonline.com\/new-password-for-returning-user\/#breadcrumb","itemListElement":[{"@type":"ListItem","position":1,"name":"Home","item":"https:\/\/jackpotlotteryonline.com\/fi\/"},{"@type":"ListItem","position":2,"name":"Uusi salasana palaavalle k\u00e4ytt\u00e4j\u00e4lle"}]},{"@type":"WebSite","@id":"https:\/\/jackpotlotteryonline.com\/#website","url":"https:\/\/jackpotlotteryonline.com\/","name":"Lotto Online - Crack The International Lottery Jackpots","description":"","potentialAction":[{"@type":"SearchAction","target":{"@type":"EntryPoint","urlTemplate":"https:\/\/jackpotlotteryonline.com\/?s={search_term_string}"},"query-input":"required name=search_term_string"}],"inLanguage":"fi"}]}},"_links":{"self":[{"href":"https:\/\/jackpotlotteryonline.com\/fi\/wp-json\/wp\/v2\/pages\/63880","targetHints":{"allow":["GET"]}}],"collection":[{"href":"https:\/\/jackpotlotteryonline.com\/fi\/wp-json\/wp\/v2\/pages"}],"about":[{"href":"https:\/\/jackpotlotteryonline.com\/fi\/wp-json\/wp\/v2\/types\/page"}],"author":[{"embeddable":true,"href":"https:\/\/jackpotlotteryonline.com\/fi\/wp-json\/wp\/v2\/users\/7"}],"replies":[{"embeddable":true,"href":"https:\/\/jackpotlotteryonline.com\/fi\/wp-json\/wp\/v2\/comments?post=63880"}],"version-history":[{"count":0,"href":"https:\/\/jackpotlotteryonline.com\/fi\/wp-json\/wp\/v2\/pages\/63880\/revisions"}],"wp:attachment":[{"href":"https:\/\/jackpotlotteryonline.com\/fi\/wp-json\/wp\/v2\/media?parent=63880"}],"curies":[{"name":"wp","href":"https:\/\/api.w.org\/{rel}","templated":true}]}}