{"id":72931,"date":"2025-02-02T15:38:44","date_gmt":"2025-02-02T15:38:44","guid":{"rendered":"https:\/\/jackpotlotteryonline.com\/?page_id=72931"},"modified":"2025-02-02T15:38:44","modified_gmt":"2025-02-02T15:38:44","slug":"tietosuojakaytanto","status":"publish","type":"page","link":"https:\/\/jackpotlotteryonline.com\/fi\/tietosuojakaytanto\/","title":{"rendered":"Tietosuojak\u00e4yt\u00e4nt\u00f6"},"content":{"rendered":"<p>Playlottoonline Tietosuojak\u00e4yt\u00e4nt\u00f6 (j\u00e4ljemp\u00e4n\u00e4 &#8220;Tietosuojak\u00e4yt\u00e4nt\u00f6&#8221;) koskee Playlottoonline.net-verkkosivustoa (j\u00e4ljemp\u00e4n\u00e4 &#8220;Verkkosivusto&#8221;), jota hallinnoi LLL World Marketing Limited, osoitteessa Peiraios 30, 1. kerros, toimisto 1, 2023 Strovolos, Nicosia \u2013 Kypros. K\u00e4ytt\u00e4m\u00e4ll\u00e4 Verkkosivustoa hyv\u00e4ksyt t\u00e4m\u00e4n Tietosuojak\u00e4yt\u00e4nn\u00f6n ja K\u00e4ytt\u00f6ehdot.<\/p>\n<p><strong>Ker\u00e4tty tieto<\/strong><\/p>\n<p><strong>Avoimesti ker\u00e4tty tieto sinulta<\/strong><\/p>\n<p>Kun luot k\u00e4ytt\u00e4j\u00e4tilin, annat s\u00e4hk\u00f6postiosoitteesi, jota k\u00e4ytet\u00e4\u00e4n tilisi yksil\u00f6lliseen tunnistamiseen ja valinnaiseen aktivointiin. S\u00e4hk\u00f6postiosoitetta k\u00e4ytet\u00e4\u00e4n my\u00f6s salasanan palautusominaisuuden suorittamiseen.<\/p>\n<p>Saatamme k\u00e4ytt\u00e4\u00e4 s\u00e4hk\u00f6postiosoitetta ja puhelinnumeroasi l\u00e4hett\u00e4\u00e4ksemme ilmoituksia Verkkosivuston toiminnasta (mukaan lukien lain vaatimat ilmoitukset), Verkkosivuston uutisia, tietoja Verkkosivuston tuotteista ja palveluista, sek\u00e4 muita markkinointitarkoituksia, kuten kolmansien osapuolten tuotteita tai palveluja, jotka saattavat kiinnostaa sinua (j\u00e4ljemp\u00e4n\u00e4 &#8220;ilmoitukset&#8221;). Voit koska tahansa lopettaa markkinointiviestien vastaanottamisen k\u00e4ytt\u00e4m\u00e4ll\u00e4 kunkin l\u00e4hetetyn s\u00e4hk\u00f6postiviestin alareunassa olevaa peruutuslinkki\u00e4 tai ottamalla meihin yhteytt\u00e4 k\u00e4ytt\u00e4m\u00e4ll\u00e4 yhteystietojamme: s\u00e4hk\u00f6posti, puhelin tai yhteydenottolomake.<\/p>\n<p>Tilin luomisen j\u00e4lkeen voit sy\u00f6tt\u00e4\u00e4 profiilisi t\u00e4ydent\u00e4miseksi seuraavat tiedot: etunimi, sukunimi, asuinpaikan osoite, syntym\u00e4aika, puhelinnumero ja aikavy\u00f6hyke. N\u00e4it\u00e4 tietoja k\u00e4ytet\u00e4\u00e4n maksujen, talletusten ja nostojen prosessin parantamiseen, Verkkosivuston mukauttamiseen (mukaan lukien ilmoitukset) ja voittojen hallintaan, jotka ylitt\u00e4v\u00e4t 2500 USD, K\u00e4ytt\u00f6ehtojen kohdan 3.5 mukaan.<\/p>\n<p>Saatamme my\u00f6s s\u00e4ilytt\u00e4\u00e4 tietojen rekisteri\u00e4, joka on vapaaehtoisesti meille annettu yhteydenottolomakkeen, puhelinkeskustelun, postitusten, Facebookin, Twitterin tai muiden yhteydenottov\u00e4lineiden kautta, kuten nimi, s\u00e4hk\u00f6postiosoite, puhelinnumero ja osoite. Nimi ja s\u00e4hk\u00f6postiosoite ovat tarpeen, jotta voimme l\u00e4hett\u00e4\u00e4 viestej\u00e4 yhteydenottolomakkeen kautta.<\/p>\n<p>Yhteydenpito medioiden, kuten Facebookin tai Twitterin kautta, ei ole virallista viestint\u00e4\u00e4. Pid\u00e4t\u00e4mme oikeuden olla vastaamatta niiden kanavien kautta l\u00e4hetettyihin viesteihin, vaikka teemme parhaamme vastataksemme niihin. Lis\u00e4tietoja sosiaalisen median kautta ker\u00e4tyist\u00e4 tiedoista l\u00f6ytyy seuraavista asiakirjoista:<\/p>\n<p>Facebook: tietosuojak\u00e4yt\u00e4nt\u00f6 ja palveluehdot;<br \/>\nTwitter: tietosuojak\u00e4yt\u00e4nt\u00f6 ja palveluehdot.<\/p>\n<p>Ker\u00e4\u00e4mme my\u00f6s maksukorttitietoja (numero, voimassaoloaika, kortinhaltijan etu- ja sukunimi, CVV-koodi), jotta voimme suorittaa maksukorttimaksuja \u2013 lis\u00e4tietoja saat.<\/p>\n<p><strong>Ei avoimesti ker\u00e4tty tieto<\/strong><\/p>\n<p>Kun k\u00e4yt\u00e4t Verkkosivustoa, ker\u00e4\u00e4mme automaattisesti tiettyj\u00e4 tietoja ja k\u00e4yt\u00e4mme niit\u00e4 Verkkosivuston perustoimintojen hallintaan, Verkkosivuston mukauttamiseen (mukaan lukien ilmoitukset), saapuvan liikenteen seuraamiseen ja turvallisuuden varmistamiseen. T\u00e4m\u00e4 sis\u00e4lt\u00e4\u00e4 muun muassa seuraavat tiedot:<\/p>\n<ul>\n<li>IP-osoite;<\/li>\n<li>verkkoselaimelle l\u00e4hetetyt otsikot, erityisesti \u201cUser-Agent\u201d, \u201cAccept-Language\u201d ja \u201cReferer\u201d, jotka sis\u00e4lt\u00e4v\u00e4t tietoja, kuten selain, selainversio ja kieli, k\u00e4ytt\u00f6j\u00e4rjestelm\u00e4n tyyppi ja versio sek\u00e4 verkkosivuston l\u00f6yt\u00e4miseen k\u00e4ytetty verkkosivun osoite;<\/li>\n<li>j\u00e4rjestelm\u00e4aika;<\/li>\n<li>HTTP-pyynn\u00f6t;<\/li>\n<li>ev\u00e4steet, jotka on tallennettu Playlottoonline.org-alueelle tai alidomaineihin.<\/li>\n<\/ul>\n<p>Saatamme my\u00f6s k\u00e4ytt\u00e4\u00e4 IP-osoitetta ker\u00e4t\u00e4ksemme ja k\u00e4sitell\u00e4ksemme tietoja todellisesta sijainnistasi, jotta voimme parantaa tietojen p\u00e4ivitysprosessia ja Verkkosivuston mukauttamista (mukaan lukien ilmoitukset).<\/p>\n<p>Jotkut verkkoselainten automaattisesti l\u00e4hett\u00e4m\u00e4t tiedot tallennetaan palvelinlokitiedostoihin, mukaan lukien t\u00e4ydelliset HTTP-pyynn\u00f6t, niiden saapumisaika, IP-osoite ja pyynt\u00f6\u00f6n liittyv\u00e4t URL-osoitteet.<\/p>\n<p>Verkkosivuston toiminta k\u00e4ytt\u00e4\u00e4 my\u00f6s selaimen v\u00e4limuistia. T\u00e4m\u00e4 auttaa optimoimaan Verkkosivuston latausajan ja tekee Verkkosivuston k\u00e4yt\u00f6st\u00e4 helpompaa tallentamalla tietoja istuntojen v\u00e4lill\u00e4 jopa selaimen k\u00e4ynnist\u00e4misen j\u00e4lkeen.<\/p>\n<p>Ei avoimesti ker\u00e4ttyj\u00e4 tietoja k\u00e4ytet\u00e4\u00e4n my\u00f6s kolmannen osapuolen palveluiden kautta (lis\u00e4tietoja).<\/p>\n<p><strong>Kolmannen osapuolen palvelut<\/strong><\/p>\n<p>Tilastot, mainonta ja turvallisuus<\/p>\n<p>Verkkosivuston turvallisuuden hallitsemiseksi sek\u00e4 tietojen ker\u00e4\u00e4miseksi ja analysoimiseksi sen toiminnan osalta k\u00e4yt\u00e4mme seuraavia kolmannen osapuolen palveluja:<\/p>\n<ul>\n<li><strong>Google Analytics<\/strong> \u2013 liikenteen seuraaminen ja yksityiskohtaisen tilaston ker\u00e4\u00e4minen, jonka avulla voimme tunnistaa k\u00e4vij\u00f6iden l\u00e4hteet ja analysoida Verkkosivuston suorituskyky\u00e4;<\/li>\n<li><strong>Google reCAPTCHA<\/strong> \u2013 Verkkosivuston turvallisuuden parantaminen automaattisilta skripteilt\u00e4 suojaamiseksi;<\/li>\n<li><strong>Facebook Pixel<\/strong> \u2013 liikenteen seuraaminen ja yksityiskohtaisen tilaston ker\u00e4\u00e4minen, jonka avulla voimme luoda parempia mainoskampanjoita.<\/li>\n<\/ul>\n<p>Edell\u00e4 mainitut palvelut ker\u00e4\u00e4v\u00e4t ja k\u00e4ytt\u00e4v\u00e4t tietoja omien toimintojensa suorittamiseksi. Google-palveluissa ker\u00e4ttyjen tietojen osalta lis\u00e4tietoja l\u00f6ytyy Googlen palveluehdoista ja Googlen tietosuojak\u00e4yt\u00e4nn\u00f6st\u00e4. Facebook-palveluissa ker\u00e4ttyjen tietojen osalta lis\u00e4tietoja l\u00f6ytyy Facebookin tietosuojak\u00e4yt\u00e4nn\u00f6st\u00e4.<\/p>\n","protected":false},"excerpt":{"rendered":"<p>Playlottoonline Tietosuojak\u00e4yt\u00e4nt\u00f6 (j\u00e4ljemp\u00e4n\u00e4 &#8220;Tietosuojak\u00e4yt\u00e4nt\u00f6&#8221;) koskee Playlottoonline.net-verkkosivustoa (j\u00e4ljemp\u00e4n\u00e4 &#8220;Verkkosivusto&#8221;), jota hallinnoi LLL World Marketing Limited, osoitteessa Peiraios 30, 1. kerros, toimisto 1, 2023 Strovolos, Nicosia \u2013 Kypros. K\u00e4ytt\u00e4m\u00e4ll\u00e4 Verkkosivustoa hyv\u00e4ksyt t\u00e4m\u00e4n Tietosuojak\u00e4yt\u00e4nn\u00f6n ja K\u00e4ytt\u00f6ehdot. Ker\u00e4tty tieto Avoimesti ker\u00e4tty tieto sinulta Kun luot k\u00e4ytt\u00e4j\u00e4tilin, annat s\u00e4hk\u00f6postiosoitteesi, jota k\u00e4ytet\u00e4\u00e4n tilisi yksil\u00f6lliseen tunnistamiseen ja valinnaiseen aktivointiin. S\u00e4hk\u00f6postiosoitetta k\u00e4ytet\u00e4\u00e4n my\u00f6s [&hellip;]<\/p>\n","protected":false},"author":7,"featured_media":0,"parent":0,"menu_order":0,"comment_status":"closed","ping_status":"closed","template":"","meta":{"_et_pb_use_builder":"","_et_pb_old_content":"","_et_gb_content_width":"","exclude_from_search":false,"footnotes":""},"class_list":["post-72931","page","type-page","status-publish","hentry"],"yoast_head":"<!-- This site is optimized with the Yoast SEO plugin v23.3 - https:\/\/yoast.com\/wordpress\/plugins\/seo\/ -->\n<title>Tietosuojak\u00e4yt\u00e4nt\u00f6 - Lotto Online - Crack The International Lottery Jackpots<\/title>\n<meta name=\"robots\" content=\"index, follow, max-snippet:-1, max-image-preview:large, max-video-preview:-1\" \/>\n<link rel=\"canonical\" href=\"https:\/\/jackpotlotteryonline.com\/privacy-policy-2\/\" \/>\n<meta property=\"og:locale\" content=\"fi_FI\" \/>\n<meta property=\"og:type\" content=\"article\" \/>\n<meta property=\"og:title\" content=\"Tietosuojak\u00e4yt\u00e4nt\u00f6 - Lotto Online - Crack The International Lottery Jackpots\" \/>\n<meta property=\"og:description\" content=\"Playlottoonline Tietosuojak\u00e4yt\u00e4nt\u00f6 (j\u00e4ljemp\u00e4n\u00e4 &#8220;Tietosuojak\u00e4yt\u00e4nt\u00f6&#8221;) koskee Playlottoonline.net-verkkosivustoa (j\u00e4ljemp\u00e4n\u00e4 &#8220;Verkkosivusto&#8221;), jota hallinnoi LLL World Marketing Limited, osoitteessa Peiraios 30, 1. kerros, toimisto 1, 2023 Strovolos, Nicosia \u2013 Kypros. K\u00e4ytt\u00e4m\u00e4ll\u00e4 Verkkosivustoa hyv\u00e4ksyt t\u00e4m\u00e4n Tietosuojak\u00e4yt\u00e4nn\u00f6n ja K\u00e4ytt\u00f6ehdot. Ker\u00e4tty tieto Avoimesti ker\u00e4tty tieto sinulta Kun luot k\u00e4ytt\u00e4j\u00e4tilin, annat s\u00e4hk\u00f6postiosoitteesi, jota k\u00e4ytet\u00e4\u00e4n tilisi yksil\u00f6lliseen tunnistamiseen ja valinnaiseen aktivointiin. S\u00e4hk\u00f6postiosoitetta k\u00e4ytet\u00e4\u00e4n my\u00f6s [&hellip;]\" \/>\n<meta property=\"og:url\" content=\"https:\/\/jackpotlotteryonline.com\/privacy-policy-2\/\" \/>\n<meta property=\"og:site_name\" content=\"Lotto Online - Crack The International Lottery Jackpots\" \/>\n<meta name=\"twitter:card\" content=\"summary_large_image\" \/>\n<meta name=\"twitter:label1\" content=\"Arvioitu lukuaika\" \/>\n\t<meta name=\"twitter:data1\" content=\"3 minuuttia\" \/>\n<!-- \/ Yoast SEO plugin. -->","yoast_head_json":{"title":"Tietosuojak\u00e4yt\u00e4nt\u00f6 - Lotto Online - Crack The International Lottery Jackpots","robots":{"index":"index","follow":"follow","max-snippet":"max-snippet:-1","max-image-preview":"max-image-preview:large","max-video-preview":"max-video-preview:-1"},"canonical":"https:\/\/jackpotlotteryonline.com\/privacy-policy-2\/","og_locale":"fi_FI","og_type":"article","og_title":"Tietosuojak\u00e4yt\u00e4nt\u00f6 - Lotto Online - Crack The International Lottery Jackpots","og_description":"Playlottoonline Tietosuojak\u00e4yt\u00e4nt\u00f6 (j\u00e4ljemp\u00e4n\u00e4 &#8220;Tietosuojak\u00e4yt\u00e4nt\u00f6&#8221;) koskee Playlottoonline.net-verkkosivustoa (j\u00e4ljemp\u00e4n\u00e4 &#8220;Verkkosivusto&#8221;), jota hallinnoi LLL World Marketing Limited, osoitteessa Peiraios 30, 1. kerros, toimisto 1, 2023 Strovolos, Nicosia \u2013 Kypros. K\u00e4ytt\u00e4m\u00e4ll\u00e4 Verkkosivustoa hyv\u00e4ksyt t\u00e4m\u00e4n Tietosuojak\u00e4yt\u00e4nn\u00f6n ja K\u00e4ytt\u00f6ehdot. Ker\u00e4tty tieto Avoimesti ker\u00e4tty tieto sinulta Kun luot k\u00e4ytt\u00e4j\u00e4tilin, annat s\u00e4hk\u00f6postiosoitteesi, jota k\u00e4ytet\u00e4\u00e4n tilisi yksil\u00f6lliseen tunnistamiseen ja valinnaiseen aktivointiin. S\u00e4hk\u00f6postiosoitetta k\u00e4ytet\u00e4\u00e4n my\u00f6s [&hellip;]","og_url":"https:\/\/jackpotlotteryonline.com\/privacy-policy-2\/","og_site_name":"Lotto Online - Crack The International Lottery Jackpots","twitter_card":"summary_large_image","twitter_misc":{"Arvioitu lukuaika":"3 minuuttia"},"schema":{"@context":"https:\/\/schema.org","@graph":[{"@type":"WebPage","@id":"https:\/\/jackpotlotteryonline.com\/privacy-policy-2\/","url":"https:\/\/jackpotlotteryonline.com\/privacy-policy-2\/","name":"Tietosuojak\u00e4yt\u00e4nt\u00f6 - Lotto Online - Crack The International Lottery Jackpots","isPartOf":{"@id":"https:\/\/jackpotlotteryonline.com\/#website"},"datePublished":"2025-02-02T15:38:44+00:00","dateModified":"2025-02-02T15:38:44+00:00","breadcrumb":{"@id":"https:\/\/jackpotlotteryonline.com\/privacy-policy-2\/#breadcrumb"},"inLanguage":"fi","potentialAction":[{"@type":"ReadAction","target":["https:\/\/jackpotlotteryonline.com\/privacy-policy-2\/"]}]},{"@type":"BreadcrumbList","@id":"https:\/\/jackpotlotteryonline.com\/privacy-policy-2\/#breadcrumb","itemListElement":[{"@type":"ListItem","position":1,"name":"Home","item":"https:\/\/jackpotlotteryonline.com\/fi\/"},{"@type":"ListItem","position":2,"name":"Tietosuojak\u00e4yt\u00e4nt\u00f6"}]},{"@type":"WebSite","@id":"https:\/\/jackpotlotteryonline.com\/#website","url":"https:\/\/jackpotlotteryonline.com\/","name":"Lotto Online - Crack The International Lottery Jackpots","description":"","potentialAction":[{"@type":"SearchAction","target":{"@type":"EntryPoint","urlTemplate":"https:\/\/jackpotlotteryonline.com\/?s={search_term_string}"},"query-input":"required name=search_term_string"}],"inLanguage":"fi"}]}},"_links":{"self":[{"href":"https:\/\/jackpotlotteryonline.com\/fi\/wp-json\/wp\/v2\/pages\/72931","targetHints":{"allow":["GET"]}}],"collection":[{"href":"https:\/\/jackpotlotteryonline.com\/fi\/wp-json\/wp\/v2\/pages"}],"about":[{"href":"https:\/\/jackpotlotteryonline.com\/fi\/wp-json\/wp\/v2\/types\/page"}],"author":[{"embeddable":true,"href":"https:\/\/jackpotlotteryonline.com\/fi\/wp-json\/wp\/v2\/users\/7"}],"replies":[{"embeddable":true,"href":"https:\/\/jackpotlotteryonline.com\/fi\/wp-json\/wp\/v2\/comments?post=72931"}],"version-history":[{"count":0,"href":"https:\/\/jackpotlotteryonline.com\/fi\/wp-json\/wp\/v2\/pages\/72931\/revisions"}],"wp:attachment":[{"href":"https:\/\/jackpotlotteryonline.com\/fi\/wp-json\/wp\/v2\/media?parent=72931"}],"curies":[{"name":"wp","href":"https:\/\/api.w.org\/{rel}","templated":true}]}}