{"id":72995,"date":"2025-02-02T18:10:51","date_gmt":"2025-02-02T18:10:51","guid":{"rendered":"https:\/\/jackpotlotteryonline.com\/?page_id=72995"},"modified":"2025-02-02T18:10:51","modified_gmt":"2025-02-02T18:10:51","slug":"ehdot-ja-edellytykset8","status":"publish","type":"page","link":"https:\/\/jackpotlotteryonline.com\/fi\/ehdot-ja-edellytykset8\/","title":{"rendered":"Ehdot ja edellytykset8"},"content":{"rendered":"<p>Jackpot Lottery Online -k\u00e4ytt\u00f6ehtoja (j\u00e4ljemp\u00e4n\u00e4 \u201dk\u00e4ytt\u00f6ehdot\u201d) sovelletaan jackpotlotteryonline.com-sivustoon (j\u00e4ljemp\u00e4n\u00e4 \u201dverkkosivusto\u201d), jota yll\u00e4pit\u00e4\u00e4 LLL World Marketing Limited, Peiraios 30, 1. kerros, toimisto 1, 2023 Strovolos, Nikosia &#8211; Kypros.<\/p>\n<p>N\u00e4ytt\u00e4m\u00e4ll\u00e4, selaamalla tai k\u00e4ytt\u00e4m\u00e4ll\u00e4 jackpotlotteryonline.com-sivustoa mill\u00e4\u00e4n tavalla, pelaaja sitoutuu noudattamaan seuraavia k\u00e4ytt\u00f6ehtoja sek\u00e4 tietosuojak\u00e4yt\u00e4nt\u00f6\u00e4mme. Jos pelaaja ei hyv\u00e4ksy kumpaakaan niist\u00e4, pyyd\u00e4mme pelaajaa lopettamaan jackpotlotteryonline.com-sivuston k\u00e4yt\u00f6n.<\/p>\n<p>Jos sinulla on kysytt\u00e4v\u00e4\u00e4 k\u00e4ytt\u00f6ehdoistamme tai tietosuojak\u00e4yt\u00e4nn\u00f6st\u00e4mme, ota meihin yhteytt\u00e4 yhteydenottolomakkeemme kautta.<\/p>\n<p>N\u00e4ihin k\u00e4ytt\u00f6ehtoihin sovelletaan Kyproksen lakeja.<\/p>\n<p>1. M\u00e4\u00e4ritelm\u00e4t<br \/>\nArpajaiset &#8211; Numeropeli, jonka puitteissa suoritetaan arvonta.<br \/>\nArvonta &#8211; tietyn numerom\u00e4\u00e4r\u00e4n arvonta tietyist\u00e4 vakionumeroiden tai vakio- ja bonusnumeroiden alueista tietyss\u00e4 arvonnassa. Arvonta suoritetaan toistuvasti tiettyyn arpajaisj\u00e4rjest\u00e4j\u00e4n vahvistamina p\u00e4ivin\u00e4 ja kellonaikoina.<br \/>\nToiminnanharjoittaja &#8211; Yksikk\u00f6, joka j\u00e4rjest\u00e4\u00e4 arvonnan tietyss\u00e4 arvonnassa.<br \/>\nPelaaja &#8211; Henkil\u00f6, joka osallistuu johonkin jackpotlotteryonline.com-sivustolla tarjottavista arpajaisista.<br \/>\nLippu &#8211; S\u00e4hk\u00f6inen lippu arvontaan, jonka pelaaja valitsee tietyss\u00e4 arvonnassa ja joka sis\u00e4lt\u00e4\u00e4 yhden tai useamman rivin.<br \/>\nRivi &#8211; Yksitt\u00e4inen numerosarja, jonka pelaaja on valinnut tiettyyn arvontaan. Lotosta riippuen se voi sis\u00e4lt\u00e4\u00e4 eri summan ja\/tai muun poolin (eri vaihteluv\u00e4lill\u00e4) vakio- ja bonusnumeroille (jos niit\u00e4 on olemassa).<br \/>\nVoitto &#8211; M\u00e4\u00e4r\u00e4, joka voitetaan, jos pelaajan luoma rivi vastaa ennalta m\u00e4\u00e4ritelty\u00e4 numerosarjaa, joka arvotaan arvonnassa, jota varten rivi sis\u00e4lt\u00e4v\u00e4 lippu on ostettu.<br \/>\nTalletus &#8211; Pelaajan tilille talletetut varat, joita k\u00e4ytet\u00e4\u00e4n my\u00f6hemmin lippujen ostamiseen.<br \/>\nTili &#8211; Pelaajan k\u00e4ytt\u00e4j\u00e4tili, jolle on m\u00e4\u00e4ritetty pelaajan varat, ostetut liput ja pelaajatiedot.<br \/>\n2. Yleisi\u00e4 tietoja<br \/>\n2.1 Verkkosivusto jackpotlotteryonline.com tarjoaa p\u00e4\u00e4syn arpajaisiin verkkoalustan kautta.<br \/>\n2.2 Pelaajien on oltava v\u00e4hint\u00e4\u00e4n 18-vuotiaita voidakseen k\u00e4ytt\u00e4\u00e4 verkkosivustoa.<br \/>\n2.3 Pelaajan vastuulla on tarkistaa, onko verkkoarpajaisiin osallistuminen laillista h\u00e4nen laink\u00e4ytt\u00f6alueellaan.<br \/>\n2.4 Yritys LLL World Marketing Limited ei ole virallinen arpajaisoperaattori. Tarjotut palvelut liittyv\u00e4t lottokuponkien saatavuuteen.<\/p>\n<p>3. K\u00e4ytt\u00e4j\u00e4tili<br \/>\n3.1 Pelaajien on rekister\u00f6idytt\u00e4v\u00e4 tili osoitteessa jackpotlotteryonline.com ostaakseen lippuja.<br \/>\n3.2 Rekister\u00f6innin yhteydess\u00e4 annettujen henkil\u00f6tietojen on oltava paikkansapit\u00e4vi\u00e4. V\u00e4\u00e4r\u00e4t tai harhaanjohtavat tiedot voivat johtaa tilin keskeytt\u00e4miseen tai lopettamiseen.<br \/>\n3.3 Pelaajat ovat vastuussa kirjautumistietojensa luottamuksellisuuden s\u00e4ilytt\u00e4misest\u00e4. Yhti\u00f6 ei ole vastuussa huolimattomuudesta johtuvasta luvattomasta k\u00e4yt\u00f6st\u00e4.<\/p>\n<p>4. Talletukset ja maksut<br \/>\n4.1 Talletukset voidaan tehd\u00e4 jackpotlotteryonline.com-sivustolla k\u00e4ytett\u00e4viss\u00e4 olevien maksutapojen kautta.<br \/>\n4.2 Pelaajat ovat vastuussa siit\u00e4, ett\u00e4 heid\u00e4n tilill\u00e4\u00e4n on riitt\u00e4v\u00e4sti varoja lippujen ostamista varten.<br \/>\n4.3 Kaikki maksut k\u00e4sitell\u00e4\u00e4n turvallisesti. Yhti\u00f6 pid\u00e4tt\u00e4\u00e4 oikeuden pyyt\u00e4\u00e4 tarvittaessa lis\u00e4todennusta.<\/p>\n<p>5. Lippujen ostaminen<br \/>\n5.1 Pelaajat voivat ostaa lippuja jackpotlotteryonline.com-sivustolla tarjottaviin eri arpajaisiin.<br \/>\n5.2 Liput katsotaan kelvollisiksi vasta onnistuneen maksuvahvistuksen j\u00e4lkeen.<\/p>\n<p>6. Voitot<br \/>\n6.1 Voitot lasketaan pelaajan valitsemien numeroiden ja virallisen lottoj\u00e4rjest\u00e4j\u00e4n arpomien numeroiden v\u00e4lisen vastaavuuden perusteella.<br \/>\n6.2 Yhti\u00f6 pyrkii kaikin tavoin jakamaan voitot pelaajalle viipym\u00e4tt\u00e4.<br \/>\n6.3 Suuret voitot saattavat vaatia henkil\u00f6llisyyden lis\u00e4tarkastusta ennen kuin ne luovutetaan pelaajalle.<\/p>\n<p>7. Vastuun rajoittaminen<br \/>\n7.1 Yhti\u00f6 ei ole vastuussa mist\u00e4\u00e4n teknisist\u00e4 virheist\u00e4 tai h\u00e4iri\u00f6ist\u00e4, joita saattaa esiinty\u00e4 jackpotlotteryonline.com-sivuston k\u00e4yt\u00f6n aikana.<br \/>\n7.2 Yhti\u00f6 ei miss\u00e4\u00e4n tapauksessa ole vastuussa verkkosivuston k\u00e4yt\u00f6st\u00e4 aiheutuvista ep\u00e4suorista, satunnaisista tai v\u00e4lillisist\u00e4 vahingoista.<\/p>\n<p>8. Irtisanominen<br \/>\n8.1 Yhti\u00f6 pid\u00e4tt\u00e4\u00e4 oikeuden lopettaa tai keskeytt\u00e4\u00e4 mink\u00e4 tahansa pelaajan tilin k\u00e4ytt\u00f6ehtojen rikkomisen vuoksi.<br \/>\n8.2 Pelaajat voivat pyyt\u00e4\u00e4 tilin sulkemista milloin tahansa ottamalla yhteytt\u00e4 asiakaspalveluun yhteydenottolomakkeen kautta.<\/p>\n<p>9. Sovellettava laki<br \/>\n9.1 N\u00e4ihin k\u00e4ytt\u00f6ehtoihin sovelletaan ja niit\u00e4 tulkitaan Kyproksen lakeja noudattaen.<\/p>\n<p>K\u00e4ytt\u00e4m\u00e4ll\u00e4 jackpotlotteryonline.com-sivustoa pelaaja sitoutuu noudattamaan kaikkia edell\u00e4 mainittuja k\u00e4ytt\u00f6ehtoja.<\/p>\n","protected":false},"excerpt":{"rendered":"<p>Jackpot Lottery Online -k\u00e4ytt\u00f6ehtoja (j\u00e4ljemp\u00e4n\u00e4 \u201dk\u00e4ytt\u00f6ehdot\u201d) sovelletaan jackpotlotteryonline.com-sivustoon (j\u00e4ljemp\u00e4n\u00e4 \u201dverkkosivusto\u201d), jota yll\u00e4pit\u00e4\u00e4 LLL World Marketing Limited, Peiraios 30, 1. kerros, toimisto 1, 2023 Strovolos, Nikosia &#8211; Kypros. N\u00e4ytt\u00e4m\u00e4ll\u00e4, selaamalla tai k\u00e4ytt\u00e4m\u00e4ll\u00e4 jackpotlotteryonline.com-sivustoa mill\u00e4\u00e4n tavalla, pelaaja sitoutuu noudattamaan seuraavia k\u00e4ytt\u00f6ehtoja sek\u00e4 tietosuojak\u00e4yt\u00e4nt\u00f6\u00e4mme. Jos pelaaja ei hyv\u00e4ksy kumpaakaan niist\u00e4, pyyd\u00e4mme pelaajaa lopettamaan jackpotlotteryonline.com-sivuston k\u00e4yt\u00f6n. Jos sinulla on [&hellip;]<\/p>\n","protected":false},"author":7,"featured_media":0,"parent":0,"menu_order":0,"comment_status":"closed","ping_status":"closed","template":"","meta":{"_et_pb_use_builder":"","_et_pb_old_content":"","_et_gb_content_width":"","exclude_from_search":false,"footnotes":""},"class_list":["post-72995","page","type-page","status-publish","hentry"],"yoast_head":"<!-- This site is optimized with the Yoast SEO plugin v23.3 - https:\/\/yoast.com\/wordpress\/plugins\/seo\/ -->\n<title>Ehdot ja edellytykset8 - Lotto Online - Crack The International Lottery Jackpots<\/title>\n<meta name=\"robots\" content=\"index, follow, max-snippet:-1, max-image-preview:large, max-video-preview:-1\" \/>\n<link rel=\"canonical\" href=\"https:\/\/jackpotlotteryonline.com\/fi\/ehdot-ja-edellytykset8\/\" \/>\n<meta property=\"og:locale\" content=\"fi_FI\" \/>\n<meta property=\"og:type\" content=\"article\" \/>\n<meta property=\"og:title\" content=\"Ehdot ja edellytykset8 - Lotto Online - Crack The International Lottery Jackpots\" \/>\n<meta property=\"og:description\" content=\"Jackpot Lottery Online -k\u00e4ytt\u00f6ehtoja (j\u00e4ljemp\u00e4n\u00e4 \u201dk\u00e4ytt\u00f6ehdot\u201d) sovelletaan jackpotlotteryonline.com-sivustoon (j\u00e4ljemp\u00e4n\u00e4 \u201dverkkosivusto\u201d), jota yll\u00e4pit\u00e4\u00e4 LLL World Marketing Limited, Peiraios 30, 1. kerros, toimisto 1, 2023 Strovolos, Nikosia &#8211; Kypros. N\u00e4ytt\u00e4m\u00e4ll\u00e4, selaamalla tai k\u00e4ytt\u00e4m\u00e4ll\u00e4 jackpotlotteryonline.com-sivustoa mill\u00e4\u00e4n tavalla, pelaaja sitoutuu noudattamaan seuraavia k\u00e4ytt\u00f6ehtoja sek\u00e4 tietosuojak\u00e4yt\u00e4nt\u00f6\u00e4mme. Jos pelaaja ei hyv\u00e4ksy kumpaakaan niist\u00e4, pyyd\u00e4mme pelaajaa lopettamaan jackpotlotteryonline.com-sivuston k\u00e4yt\u00f6n. Jos sinulla on [&hellip;]\" \/>\n<meta property=\"og:url\" content=\"https:\/\/jackpotlotteryonline.com\/fi\/ehdot-ja-edellytykset8\/\" \/>\n<meta property=\"og:site_name\" content=\"Lotto Online - Crack The International Lottery Jackpots\" \/>\n<meta name=\"twitter:card\" content=\"summary_large_image\" \/>\n<meta name=\"twitter:label1\" content=\"Arvioitu lukuaika\" \/>\n\t<meta name=\"twitter:data1\" content=\"3 minuuttia\" \/>\n<!-- \/ Yoast SEO plugin. -->","yoast_head_json":{"title":"Ehdot ja edellytykset8 - Lotto Online - Crack The International Lottery Jackpots","robots":{"index":"index","follow":"follow","max-snippet":"max-snippet:-1","max-image-preview":"max-image-preview:large","max-video-preview":"max-video-preview:-1"},"canonical":"https:\/\/jackpotlotteryonline.com\/fi\/ehdot-ja-edellytykset8\/","og_locale":"fi_FI","og_type":"article","og_title":"Ehdot ja edellytykset8 - Lotto Online - Crack The International Lottery Jackpots","og_description":"Jackpot Lottery Online -k\u00e4ytt\u00f6ehtoja (j\u00e4ljemp\u00e4n\u00e4 \u201dk\u00e4ytt\u00f6ehdot\u201d) sovelletaan jackpotlotteryonline.com-sivustoon (j\u00e4ljemp\u00e4n\u00e4 \u201dverkkosivusto\u201d), jota yll\u00e4pit\u00e4\u00e4 LLL World Marketing Limited, Peiraios 30, 1. kerros, toimisto 1, 2023 Strovolos, Nikosia &#8211; Kypros. N\u00e4ytt\u00e4m\u00e4ll\u00e4, selaamalla tai k\u00e4ytt\u00e4m\u00e4ll\u00e4 jackpotlotteryonline.com-sivustoa mill\u00e4\u00e4n tavalla, pelaaja sitoutuu noudattamaan seuraavia k\u00e4ytt\u00f6ehtoja sek\u00e4 tietosuojak\u00e4yt\u00e4nt\u00f6\u00e4mme. Jos pelaaja ei hyv\u00e4ksy kumpaakaan niist\u00e4, pyyd\u00e4mme pelaajaa lopettamaan jackpotlotteryonline.com-sivuston k\u00e4yt\u00f6n. Jos sinulla on [&hellip;]","og_url":"https:\/\/jackpotlotteryonline.com\/fi\/ehdot-ja-edellytykset8\/","og_site_name":"Lotto Online - Crack The International Lottery Jackpots","twitter_card":"summary_large_image","twitter_misc":{"Arvioitu lukuaika":"3 minuuttia"},"schema":{"@context":"https:\/\/schema.org","@graph":[{"@type":"WebPage","@id":"https:\/\/jackpotlotteryonline.com\/fi\/ehdot-ja-edellytykset8\/","url":"https:\/\/jackpotlotteryonline.com\/fi\/ehdot-ja-edellytykset8\/","name":"Ehdot ja edellytykset8 - Lotto Online - Crack The International Lottery Jackpots","isPartOf":{"@id":"https:\/\/jackpotlotteryonline.com\/#website"},"datePublished":"2025-02-02T18:10:51+00:00","dateModified":"2025-02-02T18:10:51+00:00","breadcrumb":{"@id":"https:\/\/jackpotlotteryonline.com\/fi\/ehdot-ja-edellytykset8\/#breadcrumb"},"inLanguage":"fi","potentialAction":[{"@type":"ReadAction","target":["https:\/\/jackpotlotteryonline.com\/fi\/ehdot-ja-edellytykset8\/"]}]},{"@type":"BreadcrumbList","@id":"https:\/\/jackpotlotteryonline.com\/fi\/ehdot-ja-edellytykset8\/#breadcrumb","itemListElement":[{"@type":"ListItem","position":1,"name":"Home","item":"https:\/\/jackpotlotteryonline.com\/fi\/"},{"@type":"ListItem","position":2,"name":"Ehdot ja edellytykset8"}]},{"@type":"WebSite","@id":"https:\/\/jackpotlotteryonline.com\/#website","url":"https:\/\/jackpotlotteryonline.com\/","name":"Lotto Online - Crack The International Lottery Jackpots","description":"","potentialAction":[{"@type":"SearchAction","target":{"@type":"EntryPoint","urlTemplate":"https:\/\/jackpotlotteryonline.com\/?s={search_term_string}"},"query-input":"required name=search_term_string"}],"inLanguage":"fi"}]}},"_links":{"self":[{"href":"https:\/\/jackpotlotteryonline.com\/fi\/wp-json\/wp\/v2\/pages\/72995","targetHints":{"allow":["GET"]}}],"collection":[{"href":"https:\/\/jackpotlotteryonline.com\/fi\/wp-json\/wp\/v2\/pages"}],"about":[{"href":"https:\/\/jackpotlotteryonline.com\/fi\/wp-json\/wp\/v2\/types\/page"}],"author":[{"embeddable":true,"href":"https:\/\/jackpotlotteryonline.com\/fi\/wp-json\/wp\/v2\/users\/7"}],"replies":[{"embeddable":true,"href":"https:\/\/jackpotlotteryonline.com\/fi\/wp-json\/wp\/v2\/comments?post=72995"}],"version-history":[{"count":0,"href":"https:\/\/jackpotlotteryonline.com\/fi\/wp-json\/wp\/v2\/pages\/72995\/revisions"}],"wp:attachment":[{"href":"https:\/\/jackpotlotteryonline.com\/fi\/wp-json\/wp\/v2\/media?parent=72995"}],"curies":[{"name":"wp","href":"https:\/\/api.w.org\/{rel}","templated":true}]}}