{"id":77588,"date":"2025-03-21T17:24:20","date_gmt":"2025-03-21T17:24:20","guid":{"rendered":"https:\/\/jackpotlotteryonline.com\/?page_id=77588"},"modified":"2025-03-21T17:24:20","modified_gmt":"2025-03-21T17:24:20","slug":"mista-voit-ostaa-new-yorkin-arpajaisia-lippuja-yhdysvaltojen-ulkopuolella","status":"publish","type":"page","link":"https:\/\/jackpotlotteryonline.com\/fi\/osta-lippuja\/mista-voit-ostaa-new-yorkin-arpajaisia-lippuja-yhdysvaltojen-ulkopuolella\/","title":{"rendered":"Mist\u00e4 voit ostaa New Yorkin arpajaisia \u200b\u200b\u200b\u200blippuja Yhdysvaltojen ulkopuolella?"},"content":{"rendered":"<p>Nuo New Yorkin j\u00e4ttipotit ovat aivan valtavia \u2013 ne ovat k\u00e4yt\u00e4nn\u00f6ss\u00e4 legendaarisia. Ihmiset kaikkialla maailmassa jahtaavat niit\u00e4! Ent\u00e4 ihmiset, jotka eiv\u00e4t ole Yhdysvalloissa? Voitko ostaa New York Lottery -lippuja Yhdysvaltojen ulkopuolelta ehdottomasti! Arvaa mit\u00e4? JackpotLotteryn avulla voit napata oikeita New York Lottery -lippuja verkossa, kuten mist\u00e4 p\u00e4in maailmaa tahansa!<\/p>\n<h2>Voitko ostaa New Yorkin lottorippuja Yhdysvaltojen ulkopuolelta?<\/h2>\n<p>T\u00e4ysin! Joten vaikka et olisi New Yorkissa tai edes Amerikassa, voit silti p\u00e4\u00e4st\u00e4 mukaan New Yorkin lottoon. JackpotLotteryn avulla kansainv\u00e4liset pelaajat voivat ostaa arpalippuja turvallisesti mist\u00e4 tahansa. T\u00e4m\u00e4 tasoittaa pelikent\u00e4n ja antaa sinulle identtiset mahdollisuudet voittaa kuin ostaisit lipun henkil\u00f6kohtaisesti. Pohjimmiltaan JackpotLottery antaa jonkun ostamaan lippusi puolestasi, kuten henkil\u00f6kohtaisen lotto-ostajan. Saat tilillesi skannatun kopion virallisesta lipustasi, joka on selke\u00e4 todiste ostoksestasi ja lis\u00e4\u00e4 turvallisuutta.<\/p>\n<h3>Lippujen ostaminen New Yorkin lottolipuista verkossa JackpotLotteryn avulla<img loading=\"lazy\" decoding=\"async\" class=\" wp-image-29318 alignright\" src=\"https:\/\/jackpotlotteryonline.com\/wp-content\/uploads\/2022\/11\/1_play_onlinelottery=\"4-300x200C.jpg from Ti Yorksside\" altter Lottery Yhdysvallat\" width=\"262\" height=\"174\" \/><\/h3>\n<p>New Yorkin lotossa pelaaminen kansainv\u00e4lisesti on eritt\u00e4in helppoa, kun k\u00e4yt\u00e4t Jackpotlotteria. N\u00e4m\u00e4 helpot ohjeet opastavat sinua:<\/p>\n<p>1. Aloita rekister\u00f6itym\u00e4ll\u00e4. Aloita JackpotLottery sy\u00f6tt\u00e4m\u00e4ll\u00e4 tietosi ja vahvistamalla henkil\u00f6llisyytesi nyt. T\u00e4ll\u00e4 tavalla kaikki on turvallista, eik\u00e4 sinulla ole vaikeuksia saada voittosi.<br \/>\n2. Valitse Lotto-osiosta New York Lottery. Jos kaipaat suurta j\u00e4ttipottia, New York Lotto on eritt\u00e4in suosittu vaihtoehto.<br \/>\n3. Valitse nyt numerosi. Voit valita manuaalisesti kuusi numeroa v\u00e4lilt\u00e4 1\u201359, tai voit k\u00e4ytt\u00e4\u00e4 Quick Pick -toimintoa, jolloin j\u00e4rjestelm\u00e4 luo ne satunnaisesti puolestasi.<br \/>\n4. Siirry lipun ostamiseen. Osta lippusi k\u00e4tev\u00e4sti valitsemalla k\u00e4ytett\u00e4viss\u00e4 olevista maksutavoistamme. Onnistuneen ostovahvistuksen j\u00e4lkeen JackpotLottery jatkaa virallisen lipun hankkimista nimellesi.<\/p>\n<p>5. Selvit\u00e4 arvonnan tulokset.<br \/>\nTied\u00e4 heti, jos olet saavuttanut j\u00e4ttipotin.<br \/>\n6. Vahvistettu maksutakuu<br \/>\nPienet voitot menev\u00e4t suoraan tilillesi, ja suurimpien voittojen kohdalla JackpotLottery huolehtii kaikesta.<\/p>\n<p><strong>Pelaa New York Lottery\u00e4 t\u00e4n\u00e4\u00e4n<\/strong><br \/>\nNyt tied\u00e4t kuinka pelata ulkomailta, mene eteenp\u00e4in ja yrit\u00e4 voittaa suuria voittoja New Yorkin lotossa. Tule mukaan toimintaan! Rekister\u00f6idy JackpotLotteryyn, nappaa lippusi ja osallistu Amerikan j\u00e4nnitt\u00e4v\u00e4\u00e4n lottoarvontaan! Olet vain yhden lipun p\u00e4\u00e4ss\u00e4 jackpot-unelmiesi toteuttamisesta.<\/p>\n","protected":false},"excerpt":{"rendered":"<p>Nuo New Yorkin j\u00e4ttipotit ovat aivan valtavia \u2013 ne ovat k\u00e4yt\u00e4nn\u00f6ss\u00e4 legendaarisia. Ihmiset kaikkialla maailmassa jahtaavat niit\u00e4! Ent\u00e4 ihmiset, jotka eiv\u00e4t ole Yhdysvalloissa? Voitko ostaa New York Lottery -lippuja Yhdysvaltojen ulkopuolelta ehdottomasti! Arvaa mit\u00e4? JackpotLotteryn avulla voit napata oikeita New York Lottery -lippuja verkossa, kuten mist\u00e4 p\u00e4in maailmaa tahansa! Voitko ostaa New Yorkin lottorippuja Yhdysvaltojen [&hellip;]<\/p>\n","protected":false},"author":7,"featured_media":0,"parent":35749,"menu_order":0,"comment_status":"closed","ping_status":"closed","template":"","meta":{"_et_pb_use_builder":"","_et_pb_old_content":"","_et_gb_content_width":"","exclude_from_search":false,"footnotes":""},"class_list":["post-77588","page","type-page","status-publish","hentry"],"yoast_head":"<!-- This site is optimized with the Yoast SEO plugin v23.3 - https:\/\/yoast.com\/wordpress\/plugins\/seo\/ -->\n<title>Voitko ostaa New Yorkin arpajaisia \u200b\u200b\u200b\u200blippuja Yhdysvaltojen ulkopuolelta?<\/title>\n<meta name=\"description\" content=\"Mietitk\u00f6, voitko ostaa New York Lottery -lippuja Yhdysvaltojen ulkopuolelta? Tutustu parhaisiin tapoihin pelata verkossa ja lunastaa palkintoja kansainv\u00e4lisesti!\" \/>\n<meta name=\"robots\" content=\"index, follow, max-snippet:-1, max-image-preview:large, max-video-preview:-1\" \/>\n<link rel=\"canonical\" href=\"https:\/\/jackpotlotteryonline.com\/where-can-you-buy-new-york-lottery-tickets-outside-the-usa\/\" \/>\n<meta property=\"og:locale\" content=\"fi_FI\" \/>\n<meta property=\"og:type\" content=\"article\" \/>\n<meta property=\"og:title\" content=\"Voitko ostaa New Yorkin arpajaisia \u200b\u200b\u200b\u200blippuja Yhdysvaltojen ulkopuolelta?\" \/>\n<meta property=\"og:description\" content=\"Mietitk\u00f6, voitko ostaa New York Lottery -lippuja Yhdysvaltojen ulkopuolelta? Tutustu parhaisiin tapoihin pelata verkossa ja lunastaa palkintoja kansainv\u00e4lisesti!\" \/>\n<meta property=\"og:url\" content=\"https:\/\/jackpotlotteryonline.com\/where-can-you-buy-new-york-lottery-tickets-outside-the-usa\/\" \/>\n<meta property=\"og:site_name\" content=\"Lotto Online - Crack The International Lottery Jackpots\" \/>\n<meta property=\"og:image\" content=\"https:\/\/jackpotlotteryonline.com\/wp-content\/uploads\/2022\/11\/1_play_onlinelottery=\" \/>\n<meta name=\"twitter:card\" content=\"summary_large_image\" \/>\n<!-- \/ Yoast SEO plugin. -->","yoast_head_json":{"title":"Voitko ostaa New Yorkin arpajaisia \u200b\u200b\u200b\u200blippuja Yhdysvaltojen ulkopuolelta?","description":"Mietitk\u00f6, voitko ostaa New York Lottery -lippuja Yhdysvaltojen ulkopuolelta? Tutustu parhaisiin tapoihin pelata verkossa ja lunastaa palkintoja kansainv\u00e4lisesti!","robots":{"index":"index","follow":"follow","max-snippet":"max-snippet:-1","max-image-preview":"max-image-preview:large","max-video-preview":"max-video-preview:-1"},"canonical":"https:\/\/jackpotlotteryonline.com\/where-can-you-buy-new-york-lottery-tickets-outside-the-usa\/","og_locale":"fi_FI","og_type":"article","og_title":"Voitko ostaa New Yorkin arpajaisia \u200b\u200b\u200b\u200blippuja Yhdysvaltojen ulkopuolelta?","og_description":"Mietitk\u00f6, voitko ostaa New York Lottery -lippuja Yhdysvaltojen ulkopuolelta? Tutustu parhaisiin tapoihin pelata verkossa ja lunastaa palkintoja kansainv\u00e4lisesti!","og_url":"https:\/\/jackpotlotteryonline.com\/where-can-you-buy-new-york-lottery-tickets-outside-the-usa\/","og_site_name":"Lotto Online - Crack The International Lottery Jackpots","og_image":[{"url":"https:\/\/jackpotlotteryonline.com\/wp-content\/uploads\/2022\/11\/1_play_onlinelottery="}],"twitter_card":"summary_large_image","schema":{"@context":"https:\/\/schema.org","@graph":[{"@type":"WebPage","@id":"https:\/\/jackpotlotteryonline.com\/where-can-you-buy-new-york-lottery-tickets-outside-the-usa\/","url":"https:\/\/jackpotlotteryonline.com\/where-can-you-buy-new-york-lottery-tickets-outside-the-usa\/","name":"Voitko ostaa New Yorkin arpajaisia \u200b\u200b\u200b\u200blippuja Yhdysvaltojen ulkopuolelta?","isPartOf":{"@id":"https:\/\/jackpotlotteryonline.com\/#website"},"primaryImageOfPage":{"@id":"https:\/\/jackpotlotteryonline.com\/where-can-you-buy-new-york-lottery-tickets-outside-the-usa\/#primaryimage"},"image":{"@id":"https:\/\/jackpotlotteryonline.com\/where-can-you-buy-new-york-lottery-tickets-outside-the-usa\/#primaryimage"},"thumbnailUrl":"https:\/\/jackpotlotteryonline.com\/wp-content\/uploads\/2022\/11\/1_play_onlinelottery=","datePublished":"2025-03-21T17:24:20+00:00","dateModified":"2025-03-21T17:24:20+00:00","description":"Mietitk\u00f6, voitko ostaa New York Lottery -lippuja Yhdysvaltojen ulkopuolelta? Tutustu parhaisiin tapoihin pelata verkossa ja lunastaa palkintoja kansainv\u00e4lisesti!","breadcrumb":{"@id":"https:\/\/jackpotlotteryonline.com\/where-can-you-buy-new-york-lottery-tickets-outside-the-usa\/#breadcrumb"},"inLanguage":"fi","potentialAction":[{"@type":"ReadAction","target":["https:\/\/jackpotlotteryonline.com\/where-can-you-buy-new-york-lottery-tickets-outside-the-usa\/"]}]},{"@type":"ImageObject","inLanguage":"fi","@id":"https:\/\/jackpotlotteryonline.com\/where-can-you-buy-new-york-lottery-tickets-outside-the-usa\/#primaryimage","url":"https:\/\/jackpotlotteryonline.com\/wp-content\/uploads\/2022\/11\/1_play_onlinelottery=","contentUrl":"https:\/\/jackpotlotteryonline.com\/wp-content\/uploads\/2022\/11\/1_play_onlinelottery="},{"@type":"BreadcrumbList","@id":"https:\/\/jackpotlotteryonline.com\/where-can-you-buy-new-york-lottery-tickets-outside-the-usa\/#breadcrumb","itemListElement":[{"@type":"ListItem","position":1,"name":"Home","item":"https:\/\/jackpotlotteryonline.com\/fi\/"},{"@type":"ListItem","position":2,"name":"Mist\u00e4 voit ostaa New Yorkin arpajaisia \u200b\u200b\u200b\u200blippuja Yhdysvaltojen ulkopuolella?"}]},{"@type":"WebSite","@id":"https:\/\/jackpotlotteryonline.com\/#website","url":"https:\/\/jackpotlotteryonline.com\/","name":"Lotto Online - Crack The International Lottery Jackpots","description":"","potentialAction":[{"@type":"SearchAction","target":{"@type":"EntryPoint","urlTemplate":"https:\/\/jackpotlotteryonline.com\/?s={search_term_string}"},"query-input":"required name=search_term_string"}],"inLanguage":"fi"}]}},"_links":{"self":[{"href":"https:\/\/jackpotlotteryonline.com\/fi\/wp-json\/wp\/v2\/pages\/77588","targetHints":{"allow":["GET"]}}],"collection":[{"href":"https:\/\/jackpotlotteryonline.com\/fi\/wp-json\/wp\/v2\/pages"}],"about":[{"href":"https:\/\/jackpotlotteryonline.com\/fi\/wp-json\/wp\/v2\/types\/page"}],"author":[{"embeddable":true,"href":"https:\/\/jackpotlotteryonline.com\/fi\/wp-json\/wp\/v2\/users\/7"}],"replies":[{"embeddable":true,"href":"https:\/\/jackpotlotteryonline.com\/fi\/wp-json\/wp\/v2\/comments?post=77588"}],"version-history":[{"count":1,"href":"https:\/\/jackpotlotteryonline.com\/fi\/wp-json\/wp\/v2\/pages\/77588\/revisions"}],"predecessor-version":[{"id":77589,"href":"https:\/\/jackpotlotteryonline.com\/fi\/wp-json\/wp\/v2\/pages\/77588\/revisions\/77589"}],"up":[{"embeddable":true,"href":"https:\/\/jackpotlotteryonline.com\/fi\/wp-json\/wp\/v2\/pages\/35749"}],"wp:attachment":[{"href":"https:\/\/jackpotlotteryonline.com\/fi\/wp-json\/wp\/v2\/media?parent=77588"}],"curies":[{"name":"wp","href":"https:\/\/api.w.org\/{rel}","templated":true}]}}