{"id":77667,"date":"2025-03-22T07:32:10","date_gmt":"2025-03-22T07:32:10","guid":{"rendered":"https:\/\/jackpotlotteryonline.com\/?page_id=77667"},"modified":"2025-03-22T07:32:10","modified_gmt":"2025-03-22T07:32:10","slug":"selvita-taman-paivan-tulokset-new-york-lotterylle","status":"publish","type":"page","link":"https:\/\/jackpotlotteryonline.com\/fi\/voittonumerot\/selvita-taman-paivan-tulokset-new-york-lotterylle\/","title":{"rendered":"Selvit\u00e4 t\u00e4m\u00e4n p\u00e4iv\u00e4n tulokset New York Lotterylle"},"content":{"rendered":"<p>Ihmiset ovat aina innoissaan New Yorkin lotosta ja odottavat viimeisint\u00e4 arvontaa. Jos tarvitset t\u00e4m\u00e4n p\u00e4iv\u00e4n New York Lottery -numeroita, olet juuri siell\u00e4, miss\u00e4 sinun pit\u00e4isi olla. New York Lotto -numeroiden tarkistaminen on nopeaa ja helppoa, vain muutamalla napsautuksella.<\/p>\n<h2>Mist\u00e4 n\u00e4en New Yorkin loton t\u00e4m\u00e4n p\u00e4iv\u00e4n tulokset?<\/h2>\n<p>T\u00e4m\u00e4n p\u00e4iv\u00e4n New Yorkin lottotulosten tarkistaminen on sek\u00e4 helppoa ett\u00e4 k\u00e4tev\u00e4\u00e4. T\u00e4\u00e4lt\u00e4 voit etsi\u00e4 voittonumeroita;<br \/>\nLuota JackpotLotteryyn saadaksesi ajantasaiset lottotulokset ja mahdollisuuden ostaa liput suoraan verkosta. Heti tulosten julkistamisen j\u00e4lkeen ne ovat yleens\u00e4 saatavilla t\u00e4ll\u00e4 alustalla. Lis\u00e4ksi saat v\u00e4litt\u00f6m\u00e4sti ilmoituksen voitosta, jotta et menet\u00e4 voittojasi.<\/p>\n<p><strong>Milloin New Yorkin arpajaiset arvotaan?<img loading=\"lazy\" decoding=\"async\" class=\" wp-image-51568 alignright\" src=\"https:\/\/jackpotlotteryonline.com\/wp-content\/uploads\/2023\/09\/8.png\" alt=\"Mist\u00e4 n\u00e4en t\u00e4m\u00e4n p\u00e4iv\u00e4n New Yorkin lottotulokset?\" width=\"233\" height=\"233\" srcset=\"https:\/\/jackpotlotteryonline.com\/wp-content\/uploads\/2023\/09\/8.png 300w, https:\/\/jackpotlotteryonline.com\/wp-content\/uploads\/2023\/09\/8-100x100.png 100w, https:\/\/jackpotlotteryonline.com\/wp-content\/uploads\/2023\/09\/8-150x150.png 150w\" sizes=\"auto, (max-width: 233px) 100vw, 233px\" \/><\/strong><\/p>\n<p>Voit katsoa New York Lotto -arvontaan joka keskiviikko ja lauantai klo 23.21 it\u00e4ist\u00e4 aikaa. Kun k\u00e4yt\u00e4t t\u00e4t\u00e4 alustaa, olet aina ajan tasalla. L\u00e4ht\u00f6laskenta n\u00e4kyy aina arpajaisten vieress\u00e4.<\/p>\n<h3>Kuinka tarkistaa, voititko New Yorkin lotossa<\/h3>\n<ul>\n<li>Kun olet saanut t\u00e4m\u00e4n p\u00e4iv\u00e4n New Yorkin loton tulokset, n\u00e4m\u00e4 vaiheet opastavat sinua vahvistamaan lippusi.<\/li>\n<li>Vertaa numeroitasi: Tarkista, ovatko valitsemasi numerot samat kuin arvotut numerot.<\/li>\n<li>Katso, onko sinulla lis\u00e4ominaisuuksia: Joissakin peleiss\u00e4 on bonusnumerot ja kertoimet.<\/li>\n<li>Voit lunastaaksesi voittojen lunastamiseksi noudattamalla lunastusmenettely\u00e4mme, joka vaihtelee palkinnon summan mukaan, ja se voi sis\u00e4lt\u00e4\u00e4 verkkovaatimuksia pienempi\u00e4 summia tai henkil\u00f6kohtaista vahvistusta suurille j\u00e4ttipoteille.<\/li>\n<\/ul>\n<h2>Ohjeita New Yorkin lottovoittajille<\/h2>\n<p>Jos voitat lotossa, el\u00e4m\u00e4si on muuttumassa, joten sinun on teht\u00e4v\u00e4 asiat oikein.<\/p>\n<ul>\n<li>Pysy tasaisena ja varmista: Varmista ennen juhlimista, ett\u00e4 lippusi vastaa virallisia numeroita.<\/li>\n<li>P\u00e4\u00e4t\u00e4, miten haluat voittosi: j\u00e4ttipotit maksetaan yleens\u00e4 yhten\u00e4 maksuna tai vuosittaisina maksuina.<\/li>\n<li>Varmista pitk\u00e4aikainen turvallisuus: Pyyd\u00e4 neuvoja talousneuvojalta, jotta voit hallita lottovoittojasi viisaasti.<\/li>\n<li>Ole tietoinen lunastusajoista: Varmista, ett\u00e4 lunastat palkintosi m\u00e4\u00e4ritetyn ajan kuluessa, koska jokaisessa peliss\u00e4 on katkaisuaika.<\/li>\n<\/ul>\n<p><strong>Saat uusimmat New Yorkin lottotulokset v\u00e4litt\u00f6m\u00e4sti!<\/strong><\/p>\n<p>Nyt kun tied\u00e4t vastauksen; Miss\u00e4 voin n\u00e4hd\u00e4 t\u00e4m\u00e4n p\u00e4iv\u00e4n New York Lottery -tulokset, varmista, ett\u00e4 tarkistat lippusi usein. Pysy ajan tasalla uusimmista arvonnoista parantaa onnistumismahdollisuuksiasi riippumatta siit\u00e4, pelaatko satunnaisesti vai j\u00e4ttipotista. Hanki kaikki uusimmat p\u00e4ivitykset JackpotLotterysta ja lis\u00e4\u00e4 voittomahdollisuuksiasi! Toivotamme sinulle kaikkea hyv\u00e4\u00e4.<\/p>\n","protected":false},"excerpt":{"rendered":"<p>Ihmiset ovat aina innoissaan New Yorkin lotosta ja odottavat viimeisint\u00e4 arvontaa. Jos tarvitset t\u00e4m\u00e4n p\u00e4iv\u00e4n New York Lottery -numeroita, olet juuri siell\u00e4, miss\u00e4 sinun pit\u00e4isi olla. New York Lotto -numeroiden tarkistaminen on nopeaa ja helppoa, vain muutamalla napsautuksella. Mist\u00e4 n\u00e4en New Yorkin loton t\u00e4m\u00e4n p\u00e4iv\u00e4n tulokset? T\u00e4m\u00e4n p\u00e4iv\u00e4n New Yorkin lottotulosten tarkistaminen on sek\u00e4 helppoa [&hellip;]<\/p>\n","protected":false},"author":7,"featured_media":0,"parent":35824,"menu_order":0,"comment_status":"closed","ping_status":"closed","template":"","meta":{"_et_pb_use_builder":"","_et_pb_old_content":"","_et_gb_content_width":"","exclude_from_search":false,"footnotes":""},"class_list":["post-77667","page","type-page","status-publish","hentry"],"yoast_head":"<!-- This site is optimized with the Yoast SEO plugin v23.3 - https:\/\/yoast.com\/wordpress\/plugins\/seo\/ -->\n<title>Mist\u00e4 n\u00e4en t\u00e4m\u00e4n p\u00e4iv\u00e4n New Yorkin lottotulokset?<\/title>\n<meta name=\"description\" content=\"Mist\u00e4 n\u00e4en t\u00e4m\u00e4n p\u00e4iv\u00e4n New Yorkin lottotulokset? Selvit\u00e4, mist\u00e4 voit tarkistaa uusimmat voittonumerot v\u00e4litt\u00f6m\u00e4sti ja pysy\u00e4 ajan tasalla\" \/>\n<meta name=\"robots\" content=\"index, follow, max-snippet:-1, max-image-preview:large, max-video-preview:-1\" \/>\n<link rel=\"canonical\" href=\"https:\/\/jackpotlotteryonline.com\/find-out-todays-results-for-new-york-lottery-2\/\" \/>\n<meta property=\"og:locale\" content=\"fi_FI\" \/>\n<meta property=\"og:type\" content=\"article\" \/>\n<meta property=\"og:title\" content=\"Mist\u00e4 n\u00e4en t\u00e4m\u00e4n p\u00e4iv\u00e4n New Yorkin lottotulokset?\" \/>\n<meta property=\"og:description\" content=\"Mist\u00e4 n\u00e4en t\u00e4m\u00e4n p\u00e4iv\u00e4n New Yorkin lottotulokset? Selvit\u00e4, mist\u00e4 voit tarkistaa uusimmat voittonumerot v\u00e4litt\u00f6m\u00e4sti ja pysy\u00e4 ajan tasalla\" \/>\n<meta property=\"og:url\" content=\"https:\/\/jackpotlotteryonline.com\/find-out-todays-results-for-new-york-lottery-2\/\" \/>\n<meta property=\"og:site_name\" content=\"Lotto Online - Crack The International Lottery Jackpots\" \/>\n<meta property=\"og:image\" content=\"https:\/\/jackpotlotteryonline.com\/wp-content\/uploads\/2023\/09\/8.png\" \/>\n<meta name=\"twitter:card\" content=\"summary_large_image\" \/>\n<!-- \/ Yoast SEO plugin. -->","yoast_head_json":{"title":"Mist\u00e4 n\u00e4en t\u00e4m\u00e4n p\u00e4iv\u00e4n New Yorkin lottotulokset?","description":"Mist\u00e4 n\u00e4en t\u00e4m\u00e4n p\u00e4iv\u00e4n New Yorkin lottotulokset? Selvit\u00e4, mist\u00e4 voit tarkistaa uusimmat voittonumerot v\u00e4litt\u00f6m\u00e4sti ja pysy\u00e4 ajan tasalla","robots":{"index":"index","follow":"follow","max-snippet":"max-snippet:-1","max-image-preview":"max-image-preview:large","max-video-preview":"max-video-preview:-1"},"canonical":"https:\/\/jackpotlotteryonline.com\/find-out-todays-results-for-new-york-lottery-2\/","og_locale":"fi_FI","og_type":"article","og_title":"Mist\u00e4 n\u00e4en t\u00e4m\u00e4n p\u00e4iv\u00e4n New Yorkin lottotulokset?","og_description":"Mist\u00e4 n\u00e4en t\u00e4m\u00e4n p\u00e4iv\u00e4n New Yorkin lottotulokset? Selvit\u00e4, mist\u00e4 voit tarkistaa uusimmat voittonumerot v\u00e4litt\u00f6m\u00e4sti ja pysy\u00e4 ajan tasalla","og_url":"https:\/\/jackpotlotteryonline.com\/find-out-todays-results-for-new-york-lottery-2\/","og_site_name":"Lotto Online - Crack The International Lottery Jackpots","og_image":[{"url":"https:\/\/jackpotlotteryonline.com\/wp-content\/uploads\/2023\/09\/8.png"}],"twitter_card":"summary_large_image","schema":{"@context":"https:\/\/schema.org","@graph":[{"@type":"WebPage","@id":"https:\/\/jackpotlotteryonline.com\/find-out-todays-results-for-new-york-lottery-2\/","url":"https:\/\/jackpotlotteryonline.com\/find-out-todays-results-for-new-york-lottery-2\/","name":"Mist\u00e4 n\u00e4en t\u00e4m\u00e4n p\u00e4iv\u00e4n New Yorkin lottotulokset?","isPartOf":{"@id":"https:\/\/jackpotlotteryonline.com\/#website"},"primaryImageOfPage":{"@id":"https:\/\/jackpotlotteryonline.com\/find-out-todays-results-for-new-york-lottery-2\/#primaryimage"},"image":{"@id":"https:\/\/jackpotlotteryonline.com\/find-out-todays-results-for-new-york-lottery-2\/#primaryimage"},"thumbnailUrl":"https:\/\/jackpotlotteryonline.com\/wp-content\/uploads\/2023\/09\/8.png","datePublished":"2025-03-22T07:32:10+00:00","dateModified":"2025-03-22T07:32:10+00:00","description":"Mist\u00e4 n\u00e4en t\u00e4m\u00e4n p\u00e4iv\u00e4n New Yorkin lottotulokset? Selvit\u00e4, mist\u00e4 voit tarkistaa uusimmat voittonumerot v\u00e4litt\u00f6m\u00e4sti ja pysy\u00e4 ajan tasalla","breadcrumb":{"@id":"https:\/\/jackpotlotteryonline.com\/find-out-todays-results-for-new-york-lottery-2\/#breadcrumb"},"inLanguage":"fi","potentialAction":[{"@type":"ReadAction","target":["https:\/\/jackpotlotteryonline.com\/find-out-todays-results-for-new-york-lottery-2\/"]}]},{"@type":"ImageObject","inLanguage":"fi","@id":"https:\/\/jackpotlotteryonline.com\/find-out-todays-results-for-new-york-lottery-2\/#primaryimage","url":"https:\/\/jackpotlotteryonline.com\/wp-content\/uploads\/2023\/09\/8.png","contentUrl":"https:\/\/jackpotlotteryonline.com\/wp-content\/uploads\/2023\/09\/8.png"},{"@type":"BreadcrumbList","@id":"https:\/\/jackpotlotteryonline.com\/find-out-todays-results-for-new-york-lottery-2\/#breadcrumb","itemListElement":[{"@type":"ListItem","position":1,"name":"Home","item":"https:\/\/jackpotlotteryonline.com\/fi\/"},{"@type":"ListItem","position":2,"name":"Selvit\u00e4 t\u00e4m\u00e4n p\u00e4iv\u00e4n tulokset New York Lotterylle"}]},{"@type":"WebSite","@id":"https:\/\/jackpotlotteryonline.com\/#website","url":"https:\/\/jackpotlotteryonline.com\/","name":"Lotto Online - Crack The International Lottery Jackpots","description":"","potentialAction":[{"@type":"SearchAction","target":{"@type":"EntryPoint","urlTemplate":"https:\/\/jackpotlotteryonline.com\/?s={search_term_string}"},"query-input":"required name=search_term_string"}],"inLanguage":"fi"}]}},"_links":{"self":[{"href":"https:\/\/jackpotlotteryonline.com\/fi\/wp-json\/wp\/v2\/pages\/77667","targetHints":{"allow":["GET"]}}],"collection":[{"href":"https:\/\/jackpotlotteryonline.com\/fi\/wp-json\/wp\/v2\/pages"}],"about":[{"href":"https:\/\/jackpotlotteryonline.com\/fi\/wp-json\/wp\/v2\/types\/page"}],"author":[{"embeddable":true,"href":"https:\/\/jackpotlotteryonline.com\/fi\/wp-json\/wp\/v2\/users\/7"}],"replies":[{"embeddable":true,"href":"https:\/\/jackpotlotteryonline.com\/fi\/wp-json\/wp\/v2\/comments?post=77667"}],"version-history":[{"count":1,"href":"https:\/\/jackpotlotteryonline.com\/fi\/wp-json\/wp\/v2\/pages\/77667\/revisions"}],"predecessor-version":[{"id":77668,"href":"https:\/\/jackpotlotteryonline.com\/fi\/wp-json\/wp\/v2\/pages\/77667\/revisions\/77668"}],"up":[{"embeddable":true,"href":"https:\/\/jackpotlotteryonline.com\/fi\/wp-json\/wp\/v2\/pages\/35824"}],"wp:attachment":[{"href":"https:\/\/jackpotlotteryonline.com\/fi\/wp-json\/wp\/v2\/media?parent=77667"}],"curies":[{"name":"wp","href":"https:\/\/api.w.org\/{rel}","templated":true}]}}