{"id":77734,"date":"2025-03-22T08:22:47","date_gmt":"2025-03-22T08:22:47","guid":{"rendered":"https:\/\/jackpotlotteryonline.com\/?page_id=77734"},"modified":"2025-03-22T08:22:47","modified_gmt":"2025-03-22T08:22:47","slug":"opi-pelaamaan-new-yorkin-lottoa-yhdysvaltojen-ulkopuolelta","status":"publish","type":"page","link":"https:\/\/jackpotlotteryonline.com\/fi\/opi-pelaamaan-new-yorkin-lottoa-yhdysvaltojen-ulkopuolelta\/","title":{"rendered":"Opi pelaamaan New Yorkin lottoa Yhdysvaltojen ulkopuolelta"},"content":{"rendered":"<p>Haluatko siis pelata New York Lottery\u00e4, vaikka olisit puoliv\u00e4liss\u00e4 maapalloa? Nuo New Yorkin j\u00e4ttipotit ovat niin massiivisia. Ne eiv\u00e4t ole vitsi. Ihmiset kaikkialta haaveilevat voittamisesta. Okei, kuvittele t\u00e4m\u00e4: New Yorkin lotto, eik\u00f6 niin? Suuria palkintoja, el\u00e4m\u00e4n mullistavia voittoja. Mutta et viet\u00e4 aikaa Times Squarella. Ei mit\u00e4\u00e4n h\u00e4t\u00e4\u00e4! Kiitos Jackpotlotteryonlinelle; jossa voit ostaa New York Lottery -lippuja Yhdysvaltojen ulkopuolella, voit hyp\u00e4t\u00e4 peliin t\u00e4ysin miss\u00e4 tahansa.<\/p>\n<h2>Voitko pelata New Yorkin lottoa Yhdysvaltojen ulkopuolelta<img loading=\"lazy\" decoding=\"async\" class=\" wp-image-28535 alignright\" src=\"http:\/\/jackpotlotteryonline.com\/wp-content\/uploads\/2022\/11\/1_online_lottery_success-300x213.jpg\" Alt New Yorkin ulkopuolelta \"Howtter tojpg\" width=\"220\" height=\"156\" srcset=\"https:\/\/jackpotlotteryonline.com\/wp-content\/uploads\/2022\/11\/1_online_lottery_success-300x213.jpg 300w, https:\/\/jackpotlotteryonline.com\/wp-content\/uploads\/2022\/11\/1_online_lottery_success.jpg 320w\" sizes=\"auto, (max-width: 220px) 100vw, 220px\" \/><\/h2>\n<p>Kyll\u00e4, eik\u00e4 sinun tarvitse olla New Yorkissa tai edes Yhdysvalloissa. Alustamme avulla voit napata liput ja liitty\u00e4 hauskanpitoon, aivan kuten joku ostaisi lipun kulmakaupasta. Sinulla on sama mahdollisuus voittaa j\u00e4ttipotti.<\/p>\n<h3>Kuinka pelata New Yorkin lottoa Yhdysvaltojen ulkopuolelta<\/h3>\n<p>Se on eritt\u00e4in helppoa Jackpotlotteryonlinen kanssa:<\/p>\n<ul>\n<li>Tee tili: Rekister\u00f6idy, kirjoita tietosi ja todista olevasi. S\u00e4ilyt\u00e4 lippusi ja rahasi turvassa.<\/li>\n<li>Aloita etsim\u00e4ll\u00e4 Lotto-osio ja valitse sitten peli New York Lotto.<\/li>\n<li>Valitse onnennumerosi: Valitse kuusi numeroa (1-59) tai paina &#8220;pikavalintatoiminto&#8221; -painiketta.<\/li>\n<li>Osta lippusi: Maksa mill\u00e4 tahansa toimivalla tavalla, niin l\u00e4het\u00e4mme sinulle skannauksen virallisesta lipustasi.<\/li>\n<li>Odota arvontaa: Arvonta suoritetaan keskiviikko- ja lauantai-iltaisin. Tarkista tulokset t\u00e4ll\u00e4 alustalla.<\/li>\n<\/ul>\n<h3>Miksi silti pelata verkossa?<\/h3>\n<ul>\n<li>Helppoa: pelaa sohvalta, matkustamista ei tarvita.<\/li>\n<li>Pikaliput: Osta ne nopeasti, ei jonoja.<\/li>\n<li>Ei kadonneita lippuja: lippusi ovat verkossa turvallisesti ja tervein\u00e4.<\/li>\n<li>Voitit!: Kerromme sinulle heti, ja pienet voitot menev\u00e4t suoraan tilillesi.<br \/>\nTurvallinen k\u00e4teinen: Varmistamme, ett\u00e4 saat voittosi, ei hauskaa bisnest\u00e4.<\/li>\n<\/ul>\n<p><strong>Rahan saaminen, kun voitat:<\/strong><\/p>\n<ul>\n<li>Pienet voitot: pudotamme sen suoraan tilillesi.<\/li>\n<li>Suuret voitot: Autamme sinua saamaan sen, ehk\u00e4 jopa henkil\u00f6kohtaisesti.<\/li>\n<li>T\u00e4ysin turvassa: Pid\u00e4mme voittosi lukittuina.<\/li>\n<\/ul>\n<p><strong>Valmis kokeilemaan onneasi?<\/strong><br \/>\nNew York Lotteryn pelaaminen maailmanlaajuisesti on nyt uskomattoman helppoa. Jackpotlotteryonline tuo New York Lotteryn j\u00e4nnityksen sinulle miss\u00e4 tahansa oletkin. Numeroiden valitseminen on helppoa, valitsetko ne itse tai k\u00e4yt\u00e4t Quick Picki\u00e4, ja se on aina turvallista ja helppoa. Nyt kun voit pelata New York Lottery -lippuja Yhdysvaltojen ulkopuolella, rekister\u00f6idy tai kirjaudu sis\u00e4\u00e4n alustallemme, jos sinulla on jo tili meill\u00e4 ja liity hauskanpitoon. Kuka tiet\u00e4\u00e4, saatat vain voittaa ison! Jackpot-unelmasi voi olla vain muutaman napsautuksen p\u00e4\u00e4ss\u00e4.<\/p>\n","protected":false},"excerpt":{"rendered":"<p>Haluatko siis pelata New York Lottery\u00e4, vaikka olisit puoliv\u00e4liss\u00e4 maapalloa? Nuo New Yorkin j\u00e4ttipotit ovat niin massiivisia. Ne eiv\u00e4t ole vitsi. Ihmiset kaikkialta haaveilevat voittamisesta. Okei, kuvittele t\u00e4m\u00e4: New Yorkin lotto, eik\u00f6 niin? Suuria palkintoja, el\u00e4m\u00e4n mullistavia voittoja. Mutta et viet\u00e4 aikaa Times Squarella. Ei mit\u00e4\u00e4n h\u00e4t\u00e4\u00e4! Kiitos Jackpotlotteryonlinelle; jossa voit ostaa New York Lottery [&hellip;]<\/p>\n","protected":false},"author":7,"featured_media":0,"parent":0,"menu_order":0,"comment_status":"closed","ping_status":"closed","template":"","meta":{"_et_pb_use_builder":"","_et_pb_old_content":"","_et_gb_content_width":"","exclude_from_search":false,"footnotes":""},"class_list":["post-77734","page","type-page","status-publish","hentry"],"yoast_head":"<!-- This site is optimized with the Yoast SEO plugin v23.3 - https:\/\/yoast.com\/wordpress\/plugins\/seo\/ -->\n<title>Kuinka pelata New Yorkin lottoa Yhdysvaltojen ulkopuolelta<\/title>\n<meta name=\"description\" content=\"Opi pelaamaan New York Lottery\u00e4 Yhdysvaltojen ulkopuolelta Tutustu verkkovaihtoehtoihin ja palkintojen lunastamiseen mist\u00e4 tahansa\" \/>\n<meta name=\"robots\" content=\"index, follow, max-snippet:-1, max-image-preview:large, max-video-preview:-1\" \/>\n<link rel=\"canonical\" href=\"https:\/\/jackpotlotteryonline.com\/find-out-how-to-play-the-new-york-lottery-from-outside-the-us\/\" \/>\n<meta property=\"og:locale\" content=\"fi_FI\" \/>\n<meta property=\"og:type\" content=\"article\" \/>\n<meta property=\"og:title\" content=\"Kuinka pelata New Yorkin lottoa Yhdysvaltojen ulkopuolelta\" \/>\n<meta property=\"og:description\" content=\"Opi pelaamaan New York Lottery\u00e4 Yhdysvaltojen ulkopuolelta Tutustu verkkovaihtoehtoihin ja palkintojen lunastamiseen mist\u00e4 tahansa\" \/>\n<meta property=\"og:url\" content=\"https:\/\/jackpotlotteryonline.com\/find-out-how-to-play-the-new-york-lottery-from-outside-the-us\/\" \/>\n<meta property=\"og:site_name\" content=\"Lotto Online - Crack The International Lottery Jackpots\" \/>\n<meta property=\"og:image\" content=\"http:\/\/jackpotlotteryonline.com\/wp-content\/uploads\/2022\/11\/1_online_lottery_success-300x213.jpg\" \/>\n<meta name=\"twitter:card\" content=\"summary_large_image\" \/>\n<!-- \/ Yoast SEO plugin. -->","yoast_head_json":{"title":"Kuinka pelata New Yorkin lottoa Yhdysvaltojen ulkopuolelta","description":"Opi pelaamaan New York Lottery\u00e4 Yhdysvaltojen ulkopuolelta Tutustu verkkovaihtoehtoihin ja palkintojen lunastamiseen mist\u00e4 tahansa","robots":{"index":"index","follow":"follow","max-snippet":"max-snippet:-1","max-image-preview":"max-image-preview:large","max-video-preview":"max-video-preview:-1"},"canonical":"https:\/\/jackpotlotteryonline.com\/find-out-how-to-play-the-new-york-lottery-from-outside-the-us\/","og_locale":"fi_FI","og_type":"article","og_title":"Kuinka pelata New Yorkin lottoa Yhdysvaltojen ulkopuolelta","og_description":"Opi pelaamaan New York Lottery\u00e4 Yhdysvaltojen ulkopuolelta Tutustu verkkovaihtoehtoihin ja palkintojen lunastamiseen mist\u00e4 tahansa","og_url":"https:\/\/jackpotlotteryonline.com\/find-out-how-to-play-the-new-york-lottery-from-outside-the-us\/","og_site_name":"Lotto Online - Crack The International Lottery Jackpots","og_image":[{"url":"http:\/\/jackpotlotteryonline.com\/wp-content\/uploads\/2022\/11\/1_online_lottery_success-300x213.jpg"}],"twitter_card":"summary_large_image","schema":{"@context":"https:\/\/schema.org","@graph":[{"@type":"WebPage","@id":"https:\/\/jackpotlotteryonline.com\/find-out-how-to-play-the-new-york-lottery-from-outside-the-us\/","url":"https:\/\/jackpotlotteryonline.com\/find-out-how-to-play-the-new-york-lottery-from-outside-the-us\/","name":"Kuinka pelata New Yorkin lottoa Yhdysvaltojen ulkopuolelta","isPartOf":{"@id":"https:\/\/jackpotlotteryonline.com\/#website"},"primaryImageOfPage":{"@id":"https:\/\/jackpotlotteryonline.com\/find-out-how-to-play-the-new-york-lottery-from-outside-the-us\/#primaryimage"},"image":{"@id":"https:\/\/jackpotlotteryonline.com\/find-out-how-to-play-the-new-york-lottery-from-outside-the-us\/#primaryimage"},"thumbnailUrl":"http:\/\/jackpotlotteryonline.com\/wp-content\/uploads\/2022\/11\/1_online_lottery_success-300x213.jpg","datePublished":"2025-03-22T08:22:47+00:00","dateModified":"2025-03-22T08:22:47+00:00","description":"Opi pelaamaan New York Lottery\u00e4 Yhdysvaltojen ulkopuolelta Tutustu verkkovaihtoehtoihin ja palkintojen lunastamiseen mist\u00e4 tahansa","breadcrumb":{"@id":"https:\/\/jackpotlotteryonline.com\/find-out-how-to-play-the-new-york-lottery-from-outside-the-us\/#breadcrumb"},"inLanguage":"fi","potentialAction":[{"@type":"ReadAction","target":["https:\/\/jackpotlotteryonline.com\/find-out-how-to-play-the-new-york-lottery-from-outside-the-us\/"]}]},{"@type":"ImageObject","inLanguage":"fi","@id":"https:\/\/jackpotlotteryonline.com\/find-out-how-to-play-the-new-york-lottery-from-outside-the-us\/#primaryimage","url":"http:\/\/jackpotlotteryonline.com\/wp-content\/uploads\/2022\/11\/1_online_lottery_success-300x213.jpg","contentUrl":"http:\/\/jackpotlotteryonline.com\/wp-content\/uploads\/2022\/11\/1_online_lottery_success-300x213.jpg"},{"@type":"BreadcrumbList","@id":"https:\/\/jackpotlotteryonline.com\/find-out-how-to-play-the-new-york-lottery-from-outside-the-us\/#breadcrumb","itemListElement":[{"@type":"ListItem","position":1,"name":"Home","item":"https:\/\/jackpotlotteryonline.com\/fi\/"},{"@type":"ListItem","position":2,"name":"Opi pelaamaan New Yorkin lottoa Yhdysvaltojen ulkopuolelta"}]},{"@type":"WebSite","@id":"https:\/\/jackpotlotteryonline.com\/#website","url":"https:\/\/jackpotlotteryonline.com\/","name":"Lotto Online - Crack The International Lottery Jackpots","description":"","potentialAction":[{"@type":"SearchAction","target":{"@type":"EntryPoint","urlTemplate":"https:\/\/jackpotlotteryonline.com\/?s={search_term_string}"},"query-input":"required name=search_term_string"}],"inLanguage":"fi"}]}},"_links":{"self":[{"href":"https:\/\/jackpotlotteryonline.com\/fi\/wp-json\/wp\/v2\/pages\/77734","targetHints":{"allow":["GET"]}}],"collection":[{"href":"https:\/\/jackpotlotteryonline.com\/fi\/wp-json\/wp\/v2\/pages"}],"about":[{"href":"https:\/\/jackpotlotteryonline.com\/fi\/wp-json\/wp\/v2\/types\/page"}],"author":[{"embeddable":true,"href":"https:\/\/jackpotlotteryonline.com\/fi\/wp-json\/wp\/v2\/users\/7"}],"replies":[{"embeddable":true,"href":"https:\/\/jackpotlotteryonline.com\/fi\/wp-json\/wp\/v2\/comments?post=77734"}],"version-history":[{"count":2,"href":"https:\/\/jackpotlotteryonline.com\/fi\/wp-json\/wp\/v2\/pages\/77734\/revisions"}],"predecessor-version":[{"id":77736,"href":"https:\/\/jackpotlotteryonline.com\/fi\/wp-json\/wp\/v2\/pages\/77734\/revisions\/77736"}],"wp:attachment":[{"href":"https:\/\/jackpotlotteryonline.com\/fi\/wp-json\/wp\/v2\/media?parent=77734"}],"curies":[{"name":"wp","href":"https:\/\/api.w.org\/{rel}","templated":true}]}}