{"id":31940,"date":"2022-11-01T08:33:24","date_gmt":"2022-11-01T08:33:24","guid":{"rendered":"https:\/\/jackpotlotteryonline.com\/?page_id=31940"},"modified":"2023-01-06T11:21:03","modified_gmt":"2023-01-06T11:21:03","slug":"home","status":"publish","type":"page","link":"https:\/\/jackpotlotteryonline.com\/fr\/","title":{"rendered":"Home"},"content":{"rendered":"<h2>Jouez au loto en ligne et am\u00e9liorez vos chances<\/h2>\n<p>Nous vous montrons les moyens de<a href=\"https:\/\/jackpotlotteryonline.com\/fr\/comment-jouer\"> <strong>jouer facilement au loto en ligne<\/strong><\/a> &#8211; pour TOUS ces \u00e9normes Jackpots, pour les loteries non seulement dans votre pays, mais partout dans le monde. Votre loterie nationale ne propose pas de loteries attractives ? Ce n&#8217;est plus un probl\u00e8me, optez simplement pour les tr\u00e8s gros lots. Ne gaspillez pas votre argent pour de petits prix &#8211; il existe des loteries avec d&#8217;\u00e9normes jackpots.<\/p>\n<p><strong>Consultez les banni\u00e8res sur notre site Web pour voir les plus gros jackpots que vous pouvez jouer en ce moment.<\/strong><br \/>\n<img loading=\"lazy\" decoding=\"async\" class=\"size-full wp-image-18302 alignright\" src=\"https:\/\/jackpotlotteryonline.com\/wp-content\/uploads\/2022\/10\/ticket_balls.jpg\" alt=\"jouer au loto en ligne\" width=\"297\" height=\"101\" \/><\/p>\n<p>Tous ces grands jackpots de loterie sont d\u00e9sormais facilement accessibles, o\u00f9 que vous viviez. Il vous suffit de cliquer sur l&#8217;un des liens pour jouer au loto en ligne et de vous inscrire \u00e0 RedFoxLotto, o\u00f9 vous pourrez acheter un ticket par Internet pour chacun de ces \u00e9normes jackpots ! RedFoxLotto vous permet d&#8217;acheter un ticket pour n&#8217;importe lequel des plus grands jackpots du monde, o\u00f9 que vous viviez. Ils ach\u00e8teront votre billet pour vous de mani\u00e8re fiable et s&#8217;assureront que vous recevrez vos gains.<\/p>\n<h2>Acc\u00e9dez aux loteries internationales<\/h2>\n<p>Sur notre site Web, nous vous donnons des informations d\u00e9taill\u00e9es sur toutes les loteries \u00e0 gros lot du monde, comment jouer en ligne, comment payer, comment obtenir vos gains et ce que vous devez faire si vous gagnez le jackpot. Lisez simplement les articles sur la fa\u00e7on de participer et les avis sur les loteries sur ce site (consultez le menu sup\u00e9rieur), et vous pourrez facilement choisir l&#8217;\u00e9v\u00e9nement qui vous convient.<\/p>\n<h2>Il est facile de jouer en ligne<\/h2>\n<p>Que vous souhaitiez jouer au jackpot du Powerball am\u00e9ricain, au jackpot de l&#8217;EuroMillions, au El Gordo espagnol, au SuperEnaLotto italien ou \u00e0 toute autre loterie, vous pouvez <a href=\"https:\/\/jackpotlotteryonline.com\/fr\/acheter-tickets\">acheter tous vos billets au m\u00eame endroit<\/a> &#8211; ici m\u00eame, sur notre site Web.<\/p>\n<p>Avec notre aide, vous n&#8217;\u00eates plus limit\u00e9 \u00e0 votre loto national &#8211; vous avez maintenant le choix de jouer au loto en ligne pour n&#8217;importe quel \u00e9v\u00e9nement que vous voulez, via Internet. Ainsi, vous pouvez choisir le jackpot le plus \u00e9lev\u00e9 du moment, augmentant ainsi vos chances de gagner gros. Vous pouvez aussi opter pour le loto qui sera tir\u00e9 au sort prochainement. Ainsi, vous n&#8217;aurez pas \u00e0 attendre \u00e9ternellement pour savoir si vous avez gagn\u00e9 ! C&#8217;est aussi simple que cela, du choix du jackpot de la loterie \u00e0 la s\u00e9lection des num\u00e9ros et au paiement.<\/p>\n<section class=\"layout\" style=\"border: solid 1px; width: 100%;\">\n<div class=\"img-div\" style=\"margin-top: 5px;\"><img decoding=\"async\" class=\"wp-image-17212 alignleft\" style=\"height: 45px; margin: 8px 8px 0px;\" src=\"https:\/\/jackpotlotteryonline.com\/wp-content\/uploads\/2022\/11\/read1.jpg\" alt=\"lire\" width=\"\" height=\"\" \/><\/div>\n<div style=\"padding-left: 5px;\">\n<div style=\"font-size: 1.1em;\">\n<p><strong>Est-il l\u00e9gal de jouer en ligne \u00e0 des loteries d&#8217;autres pays ?<\/strong><\/p>\n<p style=\"font-size: 0.85em; margin-top: -1.5em;\">Est-il l\u00e9gal d&#8217;acheter un billet de loterie en ligne, et serai-je r\u00e9ellement pay\u00e9 ?\u00a0<a href=\"https:\/\/jackpotlotteryonline.com\/fr\/est-il-legal-de-jouer-en-ligne-a-des-loteries-dautres-pays\">en savoir plus<\/a><\/p>\n<\/div>\n<\/div>\n<\/section>\n<h2>Service de billets en ligne<\/h2>\n<p><strong>Voici comment cela fonctionne :<\/strong> Nous proposons un service de courrier pour les billets de loterie internationaux. Vous choisissez la loterie \u00e0 laquelle vous voulez jouer en ligne, en cliquant sur l&#8217;une des banni\u00e8res ci-dessus. Ensuite, vous choisissez vos num\u00e9ros en ligne. Si vous pr\u00e9f\u00e9rez que vos num\u00e9ros de loto soient choisis par un g\u00e9n\u00e9rateur de num\u00e9ros al\u00e9atoires, vous pouvez \u00e9galement le faire. Une fois que vous avez choisi vos num\u00e9ros, cr\u00e9ez un compte et choisissez une m\u00e9thode de paiement pour votre ticket de loto. Plusieurs m\u00e9thodes de paiement s\u00e9curis\u00e9es sont disponibles.<\/p>\n<p>Nos agents ach\u00e8tent alors le billet pour vous et vous envoient un e-mail de confirmation comme preuve de votre achat. Une copie scann\u00e9e de votre ticket de loto appara\u00eetra sur votre compte peu de temps apr\u00e8s votre achat.<\/p>\n<h2>Avantages des loteries internationales en ligne<\/h2>\n<ul>\n<li>Plus de choix &#8211; au lieu d&#8217;\u00eatre oblig\u00e9 de jouer \u00e0 votre loterie locale, quelle que soit l&#8217;importance du jackpot actuel, vous pouvez choisir parmi plusieurs loteries.<\/li>\n<li>Meilleur rapport qualit\u00e9-prix &#8211; au lieu de payer, par exemple, 2 \u20ac pour un billet permettant de gagner 1 million d&#8217;euros, vous pouvez jouer pour un m\u00e9ga jackpot de 100 millions d&#8217;euros ou beaucoup plus. M\u00eame si vous payez un prix plus \u00e9lev\u00e9 par ticket pour cette loterie plus importante, math\u00e9matiquement, votre argent sera mieux d\u00e9pens\u00e9 en jouant pour une r\u00e9compense plus importante.<\/li>\n<li>Commodit\u00e9 &#8211; plus besoin de sortir de chez vous pour obtenir un billet. Vous pouvez acheter votre billet depuis chez vous, ou utiliser votre t\u00e9l\u00e9phone portable pour jouer \u00e0 la loterie.<\/li>\n<li>S\u00e9curit\u00e9 &#8211; un ticket de loterie en ligne ne peut pas \u00eatre perdu, comme un ticket de loto physique. Vos billets de loterie sont stock\u00e9s en toute s\u00e9curit\u00e9 sur votre compte en ligne.<\/li>\n<\/ul>\n<h2>Quand ont lieu les tirages de toutes ces loteries ?<\/h2>\n<p>Regardez l&#8217;image ci-dessous. Elle vous montre un aper\u00e7u des jours de la semaine pour les tirages des plus grandes loteries.<br \/>\n<img loading=\"lazy\" decoding=\"async\" class=\"wp-image-17843 aligncenter\" src=\"https:\/\/jackpotlotteryonline.com\/wp-content\/uploads\/2022\/10\/Lotto-draw-calendar-UTC-300x50.jpg\" alt=\"horaires des tirages de loterie\" width=\"684\" height=\"114\" srcset=\"https:\/\/jackpotlotteryonline.com\/wp-content\/uploads\/2022\/10\/Lotto-draw-calendar-UTC-300x50.jpg 300w, https:\/\/jackpotlotteryonline.com\/wp-content\/uploads\/2022\/10\/Lotto-draw-calendar-UTC-600x101.jpg 600w, https:\/\/jackpotlotteryonline.com\/wp-content\/uploads\/2022\/10\/Lotto-draw-calendar-UTC-1024x172.jpg 1024w, https:\/\/jackpotlotteryonline.com\/wp-content\/uploads\/2022\/10\/Lotto-draw-calendar-UTC-768x129.jpg 768w, https:\/\/jackpotlotteryonline.com\/wp-content\/uploads\/2022\/10\/Lotto-draw-calendar-UTC.jpg 1287w\" sizes=\"auto, (max-width: 684px) 100vw, 684px\" \/><\/p>\n<h2>Que se passe-t-il si vous gagnez un prix \u00e0 la loterie ?<\/h2>\n<p>Si vous gagnez, nous vous enverrons un e-mail de notification de votre gain. Vous ne pouvez jamais manquer un gain, ni perdre votre ticket. Nous traiterons votre demande en transmettant votre demande de paiement \u00e0 la soci\u00e9t\u00e9 de loterie, qui vous \u00e9mettra alors un ch\u00e8que ou transf\u00e9rera le gain sur votre compte bancaire. Si vous gagnez un gros lot, vous devrez dans certains cas vous pr\u00e9senter en personne au si\u00e8ge de la loterie. Ce n&#8217;est pas un probl\u00e8me, n&#8217;est-ce pas ?<\/p>\n<p>Les petits gains jusqu&#8217;\u00e0 2 500 \u20ac seront imm\u00e9diatement ajout\u00e9s \u00e0 votre compte de joueur, et vous pourrez soit les encaisser, soit utiliser les fonds pour acheter d&#8217;autres tickets de loto.<\/p>\n<p><strong>C&#8217;est ainsi que cela fonctionne. \u00cates-vous pr\u00eat \u00e0 gagner gros ? Achetez vos tickets d\u00e8s aujourd&#8217;hui !<\/strong><\/p>\n","protected":false},"excerpt":{"rendered":"<p>Jouez au loto en ligne et am\u00e9liorez vos chances Nous vous montrons les moyens de jouer facilement au loto en ligne &#8211; pour TOUS ces \u00e9normes Jackpots, pour les loteries non seulement dans votre pays, mais partout dans le monde. Votre loterie nationale ne propose pas de loteries attractives ? Ce n&#8217;est plus un probl\u00e8me, [&hellip;]<\/p>\n","protected":false},"author":1,"featured_media":0,"parent":0,"menu_order":1,"comment_status":"closed","ping_status":"closed","template":"lotto.php","meta":{"_et_pb_use_builder":"","_et_pb_old_content":"","_et_gb_content_width":"","exclude_from_search":false,"footnotes":""},"class_list":["post-31940","page","type-page","status-publish","hentry"],"yoast_head":"<!-- This site is optimized with the Yoast SEO plugin v23.3 - https:\/\/yoast.com\/wordpress\/plugins\/seo\/ -->\n<title>Jouez au loto en ligne - Craquez pour les jackpots de la loterie internationale !<\/title>\n<meta name=\"description\" content=\"Obtenez votre ticket pour les jackpots de loterie du monde entier - jouez-les tous en ligne et gagnez des millions.\" \/>\n<meta name=\"robots\" content=\"index, follow, max-snippet:-1, max-image-preview:large, max-video-preview:-1\" \/>\n<link rel=\"canonical\" href=\"https:\/\/jackpotlotteryonline.com\/fr\/\" \/>\n<meta property=\"og:locale\" content=\"fr_FR\" \/>\n<meta property=\"og:type\" content=\"article\" \/>\n<meta property=\"og:title\" content=\"Jouez au loto en ligne - Craquez pour les jackpots de la loterie internationale !\" \/>\n<meta property=\"og:description\" content=\"Obtenez votre ticket pour les jackpots de loterie du monde entier - jouez-les tous en ligne et gagnez des millions.\" \/>\n<meta property=\"og:url\" content=\"https:\/\/jackpotlotteryonline.com\/fr\/\" \/>\n<meta property=\"og:site_name\" content=\"Lotto Online - Crack The International Lottery Jackpots\" \/>\n<meta property=\"article:modified_time\" content=\"2023-01-06T11:21:03+00:00\" \/>\n<meta property=\"og:image\" content=\"https:\/\/jackpotlotteryonline.com\/wp-content\/uploads\/2022\/10\/ticket_balls.jpg\" \/>\n<meta name=\"twitter:card\" content=\"summary_large_image\" \/>\n<meta name=\"twitter:label1\" content=\"Dur\u00e9e de lecture estim\u00e9e\" \/>\n\t<meta name=\"twitter:data1\" content=\"5 minutes\" \/>\n<!-- \/ Yoast SEO plugin. -->","yoast_head_json":{"title":"Jouez au loto en ligne - Craquez pour les jackpots de la loterie internationale !","description":"Obtenez votre ticket pour les jackpots de loterie du monde entier - jouez-les tous en ligne et gagnez des millions.","robots":{"index":"index","follow":"follow","max-snippet":"max-snippet:-1","max-image-preview":"max-image-preview:large","max-video-preview":"max-video-preview:-1"},"canonical":"https:\/\/jackpotlotteryonline.com\/fr\/","og_locale":"fr_FR","og_type":"article","og_title":"Jouez au loto en ligne - Craquez pour les jackpots de la loterie internationale !","og_description":"Obtenez votre ticket pour les jackpots de loterie du monde entier - jouez-les tous en ligne et gagnez des millions.","og_url":"https:\/\/jackpotlotteryonline.com\/fr\/","og_site_name":"Lotto Online - Crack The International Lottery Jackpots","article_modified_time":"2023-01-06T11:21:03+00:00","og_image":[{"url":"https:\/\/jackpotlotteryonline.com\/wp-content\/uploads\/2022\/10\/ticket_balls.jpg"}],"twitter_card":"summary_large_image","twitter_misc":{"Dur\u00e9e de lecture estim\u00e9e":"5 minutes"},"schema":{"@context":"https:\/\/schema.org","@graph":[{"@type":"WebPage","@id":"https:\/\/jackpotlotteryonline.com\/fr\/","url":"https:\/\/jackpotlotteryonline.com\/fr\/","name":"Jouez au loto en ligne - Craquez pour les jackpots de la loterie internationale !","isPartOf":{"@id":"https:\/\/jackpotlotteryonline.com\/#website"},"primaryImageOfPage":{"@id":"https:\/\/jackpotlotteryonline.com\/fr\/#primaryimage"},"image":{"@id":"https:\/\/jackpotlotteryonline.com\/fr\/#primaryimage"},"thumbnailUrl":"https:\/\/jackpotlotteryonline.com\/wp-content\/uploads\/2022\/10\/ticket_balls.jpg","datePublished":"2022-11-01T08:33:24+00:00","dateModified":"2023-01-06T11:21:03+00:00","description":"Obtenez votre ticket pour les jackpots de loterie du monde entier - jouez-les tous en ligne et gagnez des millions.","breadcrumb":{"@id":"https:\/\/jackpotlotteryonline.com\/fr\/#breadcrumb"},"inLanguage":"fr-FR","potentialAction":[{"@type":"ReadAction","target":["https:\/\/jackpotlotteryonline.com\/fr\/"]}]},{"@type":"ImageObject","inLanguage":"fr-FR","@id":"https:\/\/jackpotlotteryonline.com\/fr\/#primaryimage","url":"https:\/\/jackpotlotteryonline.com\/wp-content\/uploads\/2022\/10\/ticket_balls.jpg","contentUrl":"https:\/\/jackpotlotteryonline.com\/wp-content\/uploads\/2022\/10\/ticket_balls.jpg"},{"@type":"BreadcrumbList","@id":"https:\/\/jackpotlotteryonline.com\/fr\/#breadcrumb","itemListElement":[{"@type":"ListItem","position":1,"name":"Home","item":"https:\/\/jackpotlotteryonline.com\/fr\/"},{"@type":"ListItem","position":2,"name":"Home"}]},{"@type":"WebSite","@id":"https:\/\/jackpotlotteryonline.com\/#website","url":"https:\/\/jackpotlotteryonline.com\/","name":"Lotto Online - Crack The International Lottery Jackpots","description":"","potentialAction":[{"@type":"SearchAction","target":{"@type":"EntryPoint","urlTemplate":"https:\/\/jackpotlotteryonline.com\/?s={search_term_string}"},"query-input":"required name=search_term_string"}],"inLanguage":"fr-FR"}]}},"_links":{"self":[{"href":"https:\/\/jackpotlotteryonline.com\/fr\/wp-json\/wp\/v2\/pages\/31940","targetHints":{"allow":["GET"]}}],"collection":[{"href":"https:\/\/jackpotlotteryonline.com\/fr\/wp-json\/wp\/v2\/pages"}],"about":[{"href":"https:\/\/jackpotlotteryonline.com\/fr\/wp-json\/wp\/v2\/types\/page"}],"author":[{"embeddable":true,"href":"https:\/\/jackpotlotteryonline.com\/fr\/wp-json\/wp\/v2\/users\/1"}],"replies":[{"embeddable":true,"href":"https:\/\/jackpotlotteryonline.com\/fr\/wp-json\/wp\/v2\/comments?post=31940"}],"version-history":[{"count":0,"href":"https:\/\/jackpotlotteryonline.com\/fr\/wp-json\/wp\/v2\/pages\/31940\/revisions"}],"wp:attachment":[{"href":"https:\/\/jackpotlotteryonline.com\/fr\/wp-json\/wp\/v2\/media?parent=31940"}],"curies":[{"name":"wp","href":"https:\/\/api.w.org\/{rel}","templated":true}]}}