{"id":35690,"date":"2022-11-01T10:28:53","date_gmt":"2022-11-01T10:28:53","guid":{"rendered":"https:\/\/jackpotlotteryonline.com\/?page_id=35690"},"modified":"2022-12-19T06:54:58","modified_gmt":"2022-12-19T06:54:58","slug":"comment-jouer","status":"publish","type":"page","link":"https:\/\/jackpotlotteryonline.com\/fr\/comment-jouer\/","title":{"rendered":"Comment jouer"},"content":{"rendered":"<h2>\u00c9v\u00e9nements et jeux de loterie en ligne<\/h2>\n<p>Voulez-vous avoir une chance de devenir millionnaire ? Si oui, alors rejoignez les millions de personnes \u00e0 travers le monde et commencez \u00e0 jouer \u00e0 la loterie en ligne. O\u00f9 que vous soyez, que ce soit aux \u00c9tats-Unis, au Royaume-Uni, en Australie ou en Nouvelle-Z\u00e9lande, il existe de nombreux types de jeux de loterie internationaux jouables en ligne parmi lesquels vous pouvez choisir, et qui proposent tous des jackpots importants que vous avez une chance de gagner.<br \/>\n<img loading=\"lazy\" decoding=\"async\" class=\"size-full wp-image-17816 alignright\" src=\"http:\/\/jackpotlotteryonline.com\/wp-content\/uploads\/2022\/10\/lotteryticket.jpg\" alt=\"jouer \u00e0 la loterie en ligne\" width=\"212\" height=\"142\" \/><\/p>\n<p>Pour commencer \u00e0 jouer au loto en ligne, c&#8217;est tr\u00e8s simple. L&#8217;une des premi\u00e8res choses que vous devez faire est de visiter notre site Web et de parcourir les diff\u00e9rentes loteries disponibles. Vous pouvez facilement le faire en choisissant une ou plusieurs des loteries r\u00e9pertori\u00e9es, dont la loterie El Gordo, la loterie nationale britannique, la loterie Thunderball, la loterie de New York, et bien d&#8217;autres encore.<\/p>\n<p>C&#8217;est dans chaque type de loterie que vous pourrez trouver tout ce que vous avez besoin de savoir. Vous pourrez ensuite utiliser notre service pour<a href=\"https:\/\/jackpotlotteryonline.com\/fr\/acheter-tickets\"> acheter un billet en ligne<\/a>.<\/p>\n<p>Dans la description de chaque loterie, vous trouverez des d\u00e9tails tels que le montant actuel du jackpot, son montant de d\u00e9part apr\u00e8s avoir \u00e9t\u00e9 gagn\u00e9, ainsi que le nombre de num\u00e9ros que vous devez trouver pour gagner le jackpot, et les autres niveaux de prix. Vous pourrez \u00e9galement trouver des informations telles que l&#8217;\u00e2ge requis pour pouvoir jouer \u00e0 des jeux de loterie en ligne pour chaque type de loterie, ainsi que les jours et heures des tirages.<\/p>\n<section class=\"layout\" style=\"border: solid 1px; width: 100%;\">\n<div class=\"img-div\" style=\"margin-top: 5px;\"><img decoding=\"async\" class=\"wp-image-17212 alignleft\" style=\"height: 45px; margin: 8px 8px 0px;\" src=\"http:\/\/jackpotlotteryonline.com\/wp-content\/uploads\/2022\/11\/read1.jpg\" alt=\"comment jouer\" width=\"\" height=\"\" \/><\/div>\n<div style=\"padding-left: 5px;\">\n<div style=\"font-size: 1.1em;\">\n<p><strong>Quelques trucs et astuces pour choisir vos num\u00e9ros<\/strong><\/p>\n<p style=\"font-size: 0.85em; margin-top: -1.5em;\">Augmentez vos chances de gagner &#8211; utilisez une certaine strat\u00e9gie pour choisir vos num\u00e9ros<a href=\"https:\/\/jackpotlotteryonline.com\/fr\/comment-jouer\"> Lire la suite<\/a><\/p>\n<\/div>\n<\/div>\n<\/section>\n<h2>Loto international<\/h2>\n<p>Pour maximiser vos chances de gagner le jackpot le plus \u00e9lev\u00e9 possible, vous trouverez les jackpots actuels. Cela signifie que vous pouvez choisir strat\u00e9giquement les jeux de loterie auxquels vous voulez jouer en ligne, et choisir de jouer ceux qui ont les jackpots les plus \u00e9lev\u00e9s.<\/p>\n<p>Vous pourrez \u00e9galement jouer \u00e0 plusieurs jeux de loterie en ligne. Cela signifie que vous ne devez pas seulement placer un ticket sur un seul type de loterie, mais que vous pouvez jouer \u00e0 diff\u00e9rents types de loterie en m\u00eame temps si vous le souhaitez. Par exemple, vous pouvez jouer \u00e0 une loterie am\u00e9ricaine et \u00e0 une loterie britannique en m\u00eame temps si vous le souhaitez, ce qui augmentera consid\u00e9rablement vos chances de gagner un prix en esp\u00e8ces.<\/p>\n<p>En plus de pouvoir jouer \u00e0 des jeux de loterie internationaux en ligne o\u00f9 que vous soyez, vous pourrez \u00e9galement v\u00e9rifier les r\u00e9sultats des jeux de loterie. Tous les <a href=\"http:\/\/jackpotlotteryonline.com\/fr\/numeros-gagnants\">r\u00e9sultats de chaque jeu de loterie<\/a>, quel qu&#8217;il soit, seront mis \u00e0 jour en ligne en temps r\u00e9el. Cela signifie que d\u00e8s que le tirage au sort du jeu que vous avez choisi de jouer a \u00e9t\u00e9 effectu\u00e9, les r\u00e9sultats seront disponibles tr\u00e8s rapidement.<br \/>\n<img loading=\"lazy\" decoding=\"async\" class=\"alignright size-full wp-image-18329\" src=\"http:\/\/jackpotlotteryonline.com\/wp-content\/uploads\/2022\/10\/ticket_numbers_pick.jpg\" alt=\"billet de loterie en ligne\" width=\"212\" height=\"142\" \/><\/p>\n<p>Vous trouverez \u00e9galement des d\u00e9tails sur la mani\u00e8re exacte de jouer \u00e0 chaque jeu de loterie en ligne. Par exemple, vous ne pouvez jamais choisir trop ou trop peu de num\u00e9ros &#8211; notre syst\u00e8me de tickets vous montrera un message chaque fois que vous ferez une telle erreur, et vous montrera comment la corriger.<\/p>\n<p>Par cons\u00e9quent, m\u00eame si vous n&#8217;avez jamais jou\u00e9 \u00e0 la loterie d&#8217;un certain pays dans le pass\u00e9, vous aurez tous les d\u00e9tails \u00e0 port\u00e9e de main pour jouer comme si vous \u00e9tiez un pro !<\/p>\n","protected":false},"excerpt":{"rendered":"<p>\u00c9v\u00e9nements et jeux de loterie en ligne Voulez-vous avoir une chance de devenir millionnaire ? Si oui, alors rejoignez les millions de personnes \u00e0 travers le monde et commencez \u00e0 jouer \u00e0 la loterie en ligne. O\u00f9 que vous soyez, que ce soit aux \u00c9tats-Unis, au Royaume-Uni, en Australie ou en Nouvelle-Z\u00e9lande, il existe de [&hellip;]<\/p>\n","protected":false},"author":1,"featured_media":0,"parent":0,"menu_order":2,"comment_status":"closed","ping_status":"closed","template":"Play-all.php","meta":{"_et_pb_use_builder":"","_et_pb_old_content":"","_et_gb_content_width":"","exclude_from_search":false,"footnotes":""},"class_list":["post-35690","page","type-page","status-publish","hentry"],"yoast_head":"<!-- This site is optimized with the Yoast SEO plugin v23.3 - https:\/\/yoast.com\/wordpress\/plugins\/seo\/ -->\n<title>Puis-je participer \u00e0 des \u00e9v\u00e9nements de loterie internationale en ligne ?<\/title>\n<meta name=\"description\" content=\"Vous n&#039;avez pas besoin d&#039;\u00eatre r\u00e9sident pour participer aux jackpots de loterie de n&#039;importe quel pays.\" \/>\n<meta name=\"robots\" content=\"index, follow, max-snippet:-1, max-image-preview:large, max-video-preview:-1\" \/>\n<link rel=\"canonical\" href=\"https:\/\/jackpotlotteryonline.com\/fr\/comment-jouer\/\" \/>\n<meta property=\"og:locale\" content=\"fr_FR\" \/>\n<meta property=\"og:type\" content=\"article\" \/>\n<meta property=\"og:title\" content=\"Puis-je participer \u00e0 des \u00e9v\u00e9nements de loterie internationale en ligne ?\" \/>\n<meta property=\"og:description\" content=\"Vous n&#039;avez pas besoin d&#039;\u00eatre r\u00e9sident pour participer aux jackpots de loterie de n&#039;importe quel pays.\" \/>\n<meta property=\"og:url\" content=\"https:\/\/jackpotlotteryonline.com\/fr\/comment-jouer\/\" \/>\n<meta property=\"og:site_name\" content=\"Lotto Online - Crack The International Lottery Jackpots\" \/>\n<meta property=\"article:modified_time\" content=\"2022-12-19T06:54:58+00:00\" \/>\n<meta property=\"og:image\" content=\"http:\/\/jackpotlotteryonline.com\/wp-content\/uploads\/2022\/10\/lotteryticket.jpg\" \/>\n<meta name=\"twitter:card\" content=\"summary_large_image\" \/>\n<meta name=\"twitter:label1\" content=\"Dur\u00e9e de lecture estim\u00e9e\" \/>\n\t<meta name=\"twitter:data1\" content=\"3 minutes\" \/>\n<!-- \/ Yoast SEO plugin. -->","yoast_head_json":{"title":"Puis-je participer \u00e0 des \u00e9v\u00e9nements de loterie internationale en ligne ?","description":"Vous n'avez pas besoin d'\u00eatre r\u00e9sident pour participer aux jackpots de loterie de n'importe quel pays.","robots":{"index":"index","follow":"follow","max-snippet":"max-snippet:-1","max-image-preview":"max-image-preview:large","max-video-preview":"max-video-preview:-1"},"canonical":"https:\/\/jackpotlotteryonline.com\/fr\/comment-jouer\/","og_locale":"fr_FR","og_type":"article","og_title":"Puis-je participer \u00e0 des \u00e9v\u00e9nements de loterie internationale en ligne ?","og_description":"Vous n'avez pas besoin d'\u00eatre r\u00e9sident pour participer aux jackpots de loterie de n'importe quel pays.","og_url":"https:\/\/jackpotlotteryonline.com\/fr\/comment-jouer\/","og_site_name":"Lotto Online - Crack The International Lottery Jackpots","article_modified_time":"2022-12-19T06:54:58+00:00","og_image":[{"url":"http:\/\/jackpotlotteryonline.com\/wp-content\/uploads\/2022\/10\/lotteryticket.jpg"}],"twitter_card":"summary_large_image","twitter_misc":{"Dur\u00e9e de lecture estim\u00e9e":"3 minutes"},"schema":{"@context":"https:\/\/schema.org","@graph":[{"@type":"WebPage","@id":"https:\/\/jackpotlotteryonline.com\/fr\/comment-jouer\/","url":"https:\/\/jackpotlotteryonline.com\/fr\/comment-jouer\/","name":"Puis-je participer \u00e0 des \u00e9v\u00e9nements de loterie internationale en ligne ?","isPartOf":{"@id":"https:\/\/jackpotlotteryonline.com\/#website"},"primaryImageOfPage":{"@id":"https:\/\/jackpotlotteryonline.com\/fr\/comment-jouer\/#primaryimage"},"image":{"@id":"https:\/\/jackpotlotteryonline.com\/fr\/comment-jouer\/#primaryimage"},"thumbnailUrl":"http:\/\/jackpotlotteryonline.com\/wp-content\/uploads\/2022\/10\/lotteryticket.jpg","datePublished":"2022-11-01T10:28:53+00:00","dateModified":"2022-12-19T06:54:58+00:00","description":"Vous n'avez pas besoin d'\u00eatre r\u00e9sident pour participer aux jackpots de loterie de n'importe quel pays.","breadcrumb":{"@id":"https:\/\/jackpotlotteryonline.com\/fr\/comment-jouer\/#breadcrumb"},"inLanguage":"fr-FR","potentialAction":[{"@type":"ReadAction","target":["https:\/\/jackpotlotteryonline.com\/fr\/comment-jouer\/"]}]},{"@type":"ImageObject","inLanguage":"fr-FR","@id":"https:\/\/jackpotlotteryonline.com\/fr\/comment-jouer\/#primaryimage","url":"http:\/\/jackpotlotteryonline.com\/wp-content\/uploads\/2022\/10\/lotteryticket.jpg","contentUrl":"http:\/\/jackpotlotteryonline.com\/wp-content\/uploads\/2022\/10\/lotteryticket.jpg"},{"@type":"BreadcrumbList","@id":"https:\/\/jackpotlotteryonline.com\/fr\/comment-jouer\/#breadcrumb","itemListElement":[{"@type":"ListItem","position":1,"name":"Home","item":"https:\/\/jackpotlotteryonline.com\/fr\/"},{"@type":"ListItem","position":2,"name":"Comment jouer"}]},{"@type":"WebSite","@id":"https:\/\/jackpotlotteryonline.com\/#website","url":"https:\/\/jackpotlotteryonline.com\/","name":"Lotto Online - Crack The International Lottery Jackpots","description":"","potentialAction":[{"@type":"SearchAction","target":{"@type":"EntryPoint","urlTemplate":"https:\/\/jackpotlotteryonline.com\/?s={search_term_string}"},"query-input":"required name=search_term_string"}],"inLanguage":"fr-FR"}]}},"_links":{"self":[{"href":"https:\/\/jackpotlotteryonline.com\/fr\/wp-json\/wp\/v2\/pages\/35690","targetHints":{"allow":["GET"]}}],"collection":[{"href":"https:\/\/jackpotlotteryonline.com\/fr\/wp-json\/wp\/v2\/pages"}],"about":[{"href":"https:\/\/jackpotlotteryonline.com\/fr\/wp-json\/wp\/v2\/types\/page"}],"author":[{"embeddable":true,"href":"https:\/\/jackpotlotteryonline.com\/fr\/wp-json\/wp\/v2\/users\/1"}],"replies":[{"embeddable":true,"href":"https:\/\/jackpotlotteryonline.com\/fr\/wp-json\/wp\/v2\/comments?post=35690"}],"version-history":[{"count":0,"href":"https:\/\/jackpotlotteryonline.com\/fr\/wp-json\/wp\/v2\/pages\/35690\/revisions"}],"wp:attachment":[{"href":"https:\/\/jackpotlotteryonline.com\/fr\/wp-json\/wp\/v2\/media?parent=35690"}],"curies":[{"name":"wp","href":"https:\/\/api.w.org\/{rel}","templated":true}]}}