{"id":35751,"date":"2022-11-01T12:52:38","date_gmt":"2022-11-01T12:52:38","guid":{"rendered":"https:\/\/jackpotlotteryonline.com\/?page_id=35751"},"modified":"2022-12-19T10:33:19","modified_gmt":"2022-12-19T10:33:19","slug":"acheter-tickets","status":"publish","type":"page","link":"https:\/\/jackpotlotteryonline.com\/fr\/acheter-tickets\/","title":{"rendered":"Comment acheter des billets de loterie en ligne"},"content":{"rendered":"<p>Acheter des billets de loterie en ligne est devenu extr\u00eamement populaire aujourd&#8217;hui. Les fans de loto du monde entier utilisent notre service de billets de loterie en ligne. Et il y a beaucoup de bonnes raisons \u00e0 cela.<\/p>\n<p>Pour certains joueurs de loterie, c&#8217;est le seul moyen d&#8217;acheter des billets de loterie, car il n&#8217;existe pas de loterie dans leur pays de r\u00e9sidence. Ils cherchent donc des moyens d&#8217;avoir une chance de gagner de grosses sommes d&#8217;argent, et pour cela, ils se tournent vers les loteries d&#8217;autres pays. Et sur notre site, ils peuvent choisir parmi de nombreux jackpots de loterie.<\/p>\n<p>D&#8217;autres fans de loto ont des loteries dans leur propre pays, mais ces loteries ne sont peut-\u00eatre pas aussi attrayantes pour eux. Souvent, ces loteries locales ont des prix et des jackpots plus petits, ou elles ne sont jou\u00e9es qu&#8217;une fois par semaine. Les joueurs chercheront donc<a href=\"https:\/\/jackpotlotteryonline.com\/fr\/comment-jouer\"> d&#8217;autres options plus lucratives.<\/a><\/p>\n<h2>Des gains plus \u00e9lev\u00e9s offerts par les loteries d&#8217;autres pays<\/h2>\n<p><img loading=\"lazy\" decoding=\"async\" class=\"alignright wp-image-17212\" src=\"https:\/\/jackpotlotteryonline.com\/wp-content\/uploads\/2022\/10\/1_buy_ticket_online.jpg\" alt=\"acheter une loterie en ligne\" width=\"272\" height=\"204\" \/><\/p>\n<p>Il est bien connu qu&#8217;il est plus judicieux d&#8217;investir de l&#8217;argent dans un billet de loterie lorsque les jackpots sont tr\u00e8s \u00e9lev\u00e9s. Apr\u00e8s tout, lorsque vous achetez votre billet, vous voulez en avoir pour votre argent. Cela signifie que si le prix du billet est le m\u00eame, un prix potentiellement plus \u00e9lev\u00e9 vous en donne plus pour votre argent.<\/p>\n<p>Mais m\u00eame si le billet en ligne de la loterie \u00e0 laquelle vous voulez jouer est deux fois plus cher que le billet de la loterie locale, la plupart du temps, il est pr\u00e9f\u00e9rable d&#8217;acheter le billet en ligne le plus cher. Si le jackpot possible est plus de deux fois sup\u00e9rieur \u00e0 celui de votre loterie locale, alors vos chances math\u00e9matiques de gagner sont plus \u00e9lev\u00e9es avec la loterie pour laquelle vous devez acheter un ticket en ligne.<\/p>\n<h2>Il y a toujours un gros jackpot quelque part dans le monde.<\/h2>\n<p>Et c&#8217;est la principale raison d&#8217;acheter des billets de loterie en ligne. Avec autant de loteries accessibles via un service de billets en ligne, vous trouverez toujours un gros jackpot qui vaut la peine d&#8217;\u00eatre investi. En fait, une grande partie de nos clients suivent une strat\u00e9gie simple : La loterie qui offre actuellement le plus gros jackpot est celle pour laquelle ils ach\u00e8tent leur billet. C&#8217;est tout \u00e0 fait logique, non ?<\/p>\n<section class=\"layout\" style=\"border: solid 1px; width: 100%;\">\n<div class=\"img-div\" style=\"margin-top: 5px;\"><img decoding=\"async\" class=\"wp-image-17212 alignleft\" style=\"height: 45px; margin: 8px 8px 0px;\" src=\"https:\/\/jackpotlotteryonline.com\/wp-content\/uploads\/2022\/11\/read1.jpg\" alt=\"attention aux loteries frauduleuses\" width=\"\" height=\"\" \/><\/div>\n<div style=\"padding-left: 5px;\">\n<div style=\"font-size: 1.1em;\">\n<p><strong>Les arnaques \u00e0 la loterie dont vous devez \u00eatre conscient<\/strong><\/p>\n<p style=\"font-size: 0.85em; margin-top: -1.5em;\">Les arnaques \u00e0 la loterie dont vous devez \u00eatre conscient <a href=\"https:\/\/jackpotlotteryonline.com\/fr\/attention-aux-arnaques-a-la-loterie-en-ligne\">en savoir plus<\/a><\/p>\n<\/div>\n<\/div>\n<\/section>\n<h2>Est-il l\u00e9gal d&#8217;acheter un billet en ligne pour l&#8217;une de ces loteries ?<\/h2>\n<p>Oui, c&#8217;est l\u00e9gal. Imaginez que vous vous trouviez aux \u00c9tats-Unis et que la loterie Powerball locale offre un gros lot. Vous achetez un billet, et ce billet est gagnant. Bien entendu, la loterie doit vous payer, m\u00eame si vous n&#8217;\u00eates plus dans le pays au <a href=\"https:\/\/jackpotlotteryonline.com\/fr\/numeros-gagnants\">moment du tirage<\/a>. Vous avez l\u00e9galement achet\u00e9 un billet. Peu importe que vous viviez ou non aux \u00c9tats-Unis. Et cela fonctionne de la m\u00eame mani\u00e8re avec toutes les autres loteries mondiales.<\/p>\n<p>La diff\u00e9rence de notre service en ligne est que nous achetons le billet en votre nom. Vous le commandez en ligne, et l&#8217;un de nos agents locaux ach\u00e8te un billet physique pour vous. Ils scanneront \u00e9galement votre billet et celui-ci sera t\u00e9l\u00e9charg\u00e9 sur votre compte joueur afin que vous puissiez voir que nous avons achet\u00e9 un billet r\u00e9el pour vous.<br \/>\n<img loading=\"lazy\" decoding=\"async\" class=\"alignright size-medium wp-image-25854\" src=\"https:\/\/jackpotlotteryonline.com\/wp-content\/uploads\/2022\/10\/1_results_tickets_lotto-300x212.jpg\" alt=\"billet de loterie\" width=\"300\" height=\"212\" srcset=\"https:\/\/jackpotlotteryonline.com\/wp-content\/uploads\/2022\/10\/1_results_tickets_lotto-300x212.jpg 300w, https:\/\/jackpotlotteryonline.com\/wp-content\/uploads\/2022\/10\/1_results_tickets_lotto.jpg 320w\" sizes=\"auto, (max-width: 300px) 100vw, 300px\" \/><\/p>\n<p>Si vous gagnez gros, c&#8217;est \u00e0 vous de d\u00e9cider si vous voulez vous rendre dans le pays o\u00f9 se d\u00e9roule la loterie. Si vous le souhaitez, vous pouvez venir chercher votre billet chez nous et le pr\u00e9senter en personne \u00e0 la commission de la loterie. Comment sauront-ils qui l&#8217;a achet\u00e9 ?<\/p>\n<p>Mais en fait, vous n&#8217;\u00eates pas oblig\u00e9 de proc\u00e9der de cette fa\u00e7on. En effet, notre service de vente de billets de loterie en ligne permet \u00e9galement de g\u00e9rer le paiement pour vous. Nous traitons vos gains et la commission des loteries vous envoie un ch\u00e8que ou transf\u00e8re les gains sur votre compte bancaire.<\/p>\n<p>Et saviez-vous que tous les petits gains (inf\u00e9rieurs \u00e0 \u20ac 2500,00) sont imm\u00e9diatement cr\u00e9dit\u00e9s sur votre compte joueur sur notre site Web ? Vous n&#8217;avez rien \u00e0 faire pour obtenir ces petits gains. Et vous pouvez demander un retrait \u00e0 tout moment, et nous encaisserons ces fonds sur votre compte bancaire, votre carte de cr\u00e9dit ou votre portefeuille de cryptocurrency (si vous en avez un).<\/p>\n<h2>Autres avantages de l&#8217;achat de billets de loterie en ligne<\/h2>\n<p>Notre service de vente de billets pr\u00e9sente d&#8217;autres avantages, assez \u00e9vidents, qui sont les suivants :<\/p>\n<ul>\n<li>Pas besoin de sortir de chez vous pour obtenir votre billet.<\/li>\n<li>Pas de file d&#8217;attente \u00e0 l&#8217;agent de loterie ou au magasin (important surtout lorsque les jackpots sont \u00e9lev\u00e9s !)<\/li>\n<li>Votre billet ne peut pas se perdre, car il a \u00e9t\u00e9 scann\u00e9 et est conserv\u00e9 dans nos coffres s\u00e9curis\u00e9s.<\/li>\n<\/ul>\n<p>Alors, qu&#8217;attendez-vous ? S\u00e9lectionnez une loterie et achetez vos billets en ligne aujourd&#8217;hui &#8211; avec un peu de chance, vous pourriez \u00eatre le gagnant du jackpot de demain !<\/p>\n","protected":false},"excerpt":{"rendered":"<p>Acheter des billets de loterie en ligne est devenu extr\u00eamement populaire aujourd&#8217;hui. Les fans de loto du monde entier utilisent notre service de billets de loterie en ligne. Et il y a beaucoup de bonnes raisons \u00e0 cela. Pour certains joueurs de loterie, c&#8217;est le seul moyen d&#8217;acheter des billets de loterie, car il n&#8217;existe [&hellip;]<\/p>\n","protected":false},"author":1,"featured_media":0,"parent":0,"menu_order":3,"comment_status":"closed","ping_status":"closed","template":"Information.php","meta":{"_et_pb_use_builder":"","_et_pb_old_content":"","_et_gb_content_width":"","exclude_from_search":false,"footnotes":""},"class_list":["post-35751","page","type-page","status-publish","hentry"],"yoast_head":"<!-- This site is optimized with the Yoast SEO plugin v23.3 - https:\/\/yoast.com\/wordpress\/plugins\/seo\/ -->\n<title>Comment acheter des billets en ligne pour les loteries du monde entier.<\/title>\n<meta name=\"description\" content=\"Ce \u00e0 quoi il faut faire attention lorsque vous achetez vos billets de loteries internationales en ligne. Certains services de billets en ligne sont moins recommandables, d\u00e9couvrez lesquels.\" \/>\n<meta name=\"robots\" content=\"index, follow, max-snippet:-1, max-image-preview:large, max-video-preview:-1\" \/>\n<link rel=\"canonical\" href=\"https:\/\/jackpotlotteryonline.com\/fr\/acheter-tickets\/\" \/>\n<meta property=\"og:locale\" content=\"fr_FR\" \/>\n<meta property=\"og:type\" content=\"article\" \/>\n<meta property=\"og:title\" content=\"Comment acheter des billets en ligne pour les loteries du monde entier.\" \/>\n<meta property=\"og:description\" content=\"Ce \u00e0 quoi il faut faire attention lorsque vous achetez vos billets de loteries internationales en ligne. Certains services de billets en ligne sont moins recommandables, d\u00e9couvrez lesquels.\" \/>\n<meta property=\"og:url\" content=\"https:\/\/jackpotlotteryonline.com\/fr\/acheter-tickets\/\" \/>\n<meta property=\"og:site_name\" content=\"Lotto Online - Crack The International Lottery Jackpots\" \/>\n<meta property=\"article:modified_time\" content=\"2022-12-19T10:33:19+00:00\" \/>\n<meta property=\"og:image\" content=\"https:\/\/jackpotlotteryonline.com\/wp-content\/uploads\/2022\/10\/1_buy_ticket_online.jpg\" \/>\n<meta name=\"twitter:card\" content=\"summary_large_image\" \/>\n<meta name=\"twitter:label1\" content=\"Dur\u00e9e de lecture estim\u00e9e\" \/>\n\t<meta name=\"twitter:data1\" content=\"5 minutes\" \/>\n<!-- \/ Yoast SEO plugin. -->","yoast_head_json":{"title":"Comment acheter des billets en ligne pour les loteries du monde entier.","description":"Ce \u00e0 quoi il faut faire attention lorsque vous achetez vos billets de loteries internationales en ligne. Certains services de billets en ligne sont moins recommandables, d\u00e9couvrez lesquels.","robots":{"index":"index","follow":"follow","max-snippet":"max-snippet:-1","max-image-preview":"max-image-preview:large","max-video-preview":"max-video-preview:-1"},"canonical":"https:\/\/jackpotlotteryonline.com\/fr\/acheter-tickets\/","og_locale":"fr_FR","og_type":"article","og_title":"Comment acheter des billets en ligne pour les loteries du monde entier.","og_description":"Ce \u00e0 quoi il faut faire attention lorsque vous achetez vos billets de loteries internationales en ligne. Certains services de billets en ligne sont moins recommandables, d\u00e9couvrez lesquels.","og_url":"https:\/\/jackpotlotteryonline.com\/fr\/acheter-tickets\/","og_site_name":"Lotto Online - Crack The International Lottery Jackpots","article_modified_time":"2022-12-19T10:33:19+00:00","og_image":[{"url":"https:\/\/jackpotlotteryonline.com\/wp-content\/uploads\/2022\/10\/1_buy_ticket_online.jpg"}],"twitter_card":"summary_large_image","twitter_misc":{"Dur\u00e9e de lecture estim\u00e9e":"5 minutes"},"schema":{"@context":"https:\/\/schema.org","@graph":[{"@type":"WebPage","@id":"https:\/\/jackpotlotteryonline.com\/fr\/acheter-tickets\/","url":"https:\/\/jackpotlotteryonline.com\/fr\/acheter-tickets\/","name":"Comment acheter des billets en ligne pour les loteries du monde entier.","isPartOf":{"@id":"https:\/\/jackpotlotteryonline.com\/#website"},"primaryImageOfPage":{"@id":"https:\/\/jackpotlotteryonline.com\/fr\/acheter-tickets\/#primaryimage"},"image":{"@id":"https:\/\/jackpotlotteryonline.com\/fr\/acheter-tickets\/#primaryimage"},"thumbnailUrl":"https:\/\/jackpotlotteryonline.com\/wp-content\/uploads\/2022\/10\/1_buy_ticket_online.jpg","datePublished":"2022-11-01T12:52:38+00:00","dateModified":"2022-12-19T10:33:19+00:00","description":"Ce \u00e0 quoi il faut faire attention lorsque vous achetez vos billets de loteries internationales en ligne. Certains services de billets en ligne sont moins recommandables, d\u00e9couvrez lesquels.","breadcrumb":{"@id":"https:\/\/jackpotlotteryonline.com\/fr\/acheter-tickets\/#breadcrumb"},"inLanguage":"fr-FR","potentialAction":[{"@type":"ReadAction","target":["https:\/\/jackpotlotteryonline.com\/fr\/acheter-tickets\/"]}]},{"@type":"ImageObject","inLanguage":"fr-FR","@id":"https:\/\/jackpotlotteryonline.com\/fr\/acheter-tickets\/#primaryimage","url":"https:\/\/jackpotlotteryonline.com\/wp-content\/uploads\/2022\/10\/1_buy_ticket_online.jpg","contentUrl":"https:\/\/jackpotlotteryonline.com\/wp-content\/uploads\/2022\/10\/1_buy_ticket_online.jpg"},{"@type":"BreadcrumbList","@id":"https:\/\/jackpotlotteryonline.com\/fr\/acheter-tickets\/#breadcrumb","itemListElement":[{"@type":"ListItem","position":1,"name":"Home","item":"https:\/\/jackpotlotteryonline.com\/fr\/"},{"@type":"ListItem","position":2,"name":"Comment acheter des billets de loterie en ligne"}]},{"@type":"WebSite","@id":"https:\/\/jackpotlotteryonline.com\/#website","url":"https:\/\/jackpotlotteryonline.com\/","name":"Lotto Online - Crack The International Lottery Jackpots","description":"","potentialAction":[{"@type":"SearchAction","target":{"@type":"EntryPoint","urlTemplate":"https:\/\/jackpotlotteryonline.com\/?s={search_term_string}"},"query-input":"required name=search_term_string"}],"inLanguage":"fr-FR"}]}},"_links":{"self":[{"href":"https:\/\/jackpotlotteryonline.com\/fr\/wp-json\/wp\/v2\/pages\/35751","targetHints":{"allow":["GET"]}}],"collection":[{"href":"https:\/\/jackpotlotteryonline.com\/fr\/wp-json\/wp\/v2\/pages"}],"about":[{"href":"https:\/\/jackpotlotteryonline.com\/fr\/wp-json\/wp\/v2\/types\/page"}],"author":[{"embeddable":true,"href":"https:\/\/jackpotlotteryonline.com\/fr\/wp-json\/wp\/v2\/users\/1"}],"replies":[{"embeddable":true,"href":"https:\/\/jackpotlotteryonline.com\/fr\/wp-json\/wp\/v2\/comments?post=35751"}],"version-history":[{"count":0,"href":"https:\/\/jackpotlotteryonline.com\/fr\/wp-json\/wp\/v2\/pages\/35751\/revisions"}],"wp:attachment":[{"href":"https:\/\/jackpotlotteryonline.com\/fr\/wp-json\/wp\/v2\/media?parent=35751"}],"curies":[{"name":"wp","href":"https:\/\/api.w.org\/{rel}","templated":true}]}}