{"id":35826,"date":"2022-11-02T06:52:35","date_gmt":"2022-11-02T06:52:35","guid":{"rendered":"https:\/\/jackpotlotteryonline.com\/?page_id=35826"},"modified":"2022-12-26T07:50:12","modified_gmt":"2022-12-26T07:50:12","slug":"numeros-gagnants","status":"publish","type":"page","link":"https:\/\/jackpotlotteryonline.com\/fr\/numeros-gagnants\/","title":{"rendered":"R\u00e9sultats de la loterie"},"content":{"rendered":"<h2>R\u00e9sultats de loterie en ligne<\/h2>\n<p>Avec un tel \u00e9ventail de loteries disponibles pour que vous puissiez jouer, et la facilit\u00e9 d&#8217;acc\u00e8s que nous avons tous \u00e0 l&#8217;Internet de nos jours, beaucoup de gens pr\u00e9f\u00e8rent v\u00e9rifier rapidement leurs r\u00e9sultats de loterie en ligne. Si vous avez achet\u00e9 un billet de loterie, vous \u00eates impatient de conna\u00eetre les num\u00e9ros gagnants de ce tirage sp\u00e9cifique. <strong>Aujourd&#8217;hui, vous pouvez facilement v\u00e9rifier les r\u00e9sultats des jackpots du loto international en ligne en quelques secondes.<\/strong><\/p>\n<p>Ce service est disponible dans le monde entier, donc o\u00f9 que vous soyez, que vous soyez en vacances, en voyage d&#8217;affaires \u00e0 l&#8217;\u00e9tranger, ou simplement au travail ou avec des amis, vous n&#8217;avez plus besoin de chercher dans le journal local ou d&#8217;attendre quelques jours pour savoir si vous avez gagn\u00e9 le jackpot. Il vous suffit d\u00e9sormais de vous rendre sur notre site Web, de s\u00e9lectionner les r\u00e9sultats de la loterie sur laquelle vous avez pari\u00e9 et de savoir rapidement si vous avez trouv\u00e9 des num\u00e9ros.<\/p>\n<section class=\"layout\" style=\"border: solid 1px; width: 100%;\">\n<div class=\"img-div\" style=\"margin-top: 5px;\"><img decoding=\"async\" class=\"wp-image-17212 alignleft\" style=\"height: 45px; margin: 8px 8px 0px;\" src=\"http:\/\/jackpotlotteryonline.com\/wp-content\/uploads\/2022\/11\/read1.jpg\" alt=\"lire\" width=\"\" height=\"\" \/><\/div>\n<div style=\"padding-left: 5px;\">\n<div style=\"font-size: 1.1em;\">\n<p><strong>Regardez vos num\u00e9ros de loterie \u00eatre tir\u00e9s en direct<\/strong><\/p>\n<p style=\"font-size: 0.85em; margin-top: -1.5em;\">Comment regarder les tirages en direct de vos loteries pr\u00e9f\u00e9r\u00e9es ?\u00a0 <a href=\"https:\/\/jackpotlotteryonline.com\/fr\/regardez-vos-numeros-de-loterie-etre-tires-en-direct\">en savoir plus<\/a><\/p>\n<\/div>\n<\/div>\n<\/section>\n<h2>Num\u00e9ros de loto internationaux gagnants du jackpot<\/h2>\n<p>Consultez les num\u00e9ros de loto gagnants de cette semaine pour les plus gros jackpots de la loterie internationale, mis \u00e0 jour quotidiennement sur notre site Web. Nous r\u00e9pertorions les meilleurs et les plus gros lotos de la plan\u00e8te, notamment El Gordo, Euromillions, Mega Millions, Powerball, SuperEnaLotto, et bien d&#8217;autres encore.<br \/>\n<img loading=\"lazy\" decoding=\"async\" class=\"alignright size-medium wp-image-19277\" src=\"http:\/\/jackpotlotteryonline.com\/wp-content\/uploads\/2022\/10\/2_ticket_powerball_au2-163x300.jpg\" alt=\"scan de billets de loterie\" width=\"163\" height=\"300\" srcset=\"https:\/\/jackpotlotteryonline.com\/wp-content\/uploads\/2022\/10\/2_ticket_powerball_au2-163x300.jpg 163w, https:\/\/jackpotlotteryonline.com\/wp-content\/uploads\/2022\/10\/2_ticket_powerball_au2.jpg 250w\" sizes=\"auto, (max-width: 163px) 100vw, 163px\" \/><\/p>\n<p><strong>Vous pensez peut-\u00eatre que la plupart de ces loteries ne sont pas disponibles pour vous, mais ce n&#8217;est pas vrai !<\/strong> De nos jours, il est facile <a href=\"https:\/\/jackpotlotteryonline.com\/fr\/acheter-tickets\">d&#8217;acheter des tickets en ligne<\/a> pour presque toutes les loteries. Cela signifie que vous n&#8217;avez pas besoin de vivre dans le pays o\u00f9 la loterie est organis\u00e9e.<\/p>\n<p><strong>Ceci est rendu possible par un service que nous fournissons.<\/strong><\/p>\n<p>Il vous suffit de cliquer sur l&#8217;un des<a href=\"https:\/\/jackpotlotteryonline.com\/fr\/comment-jouer\"> boutons &#8220;Jouer&#8221;<\/a> ci-dessus pour acc\u00e9der \u00e0 la page de s\u00e9lection des num\u00e9ros de la loterie en question. Choisissez vos num\u00e9ros, inscrivez-vous et payez en ligne &#8211; c&#8217;est aussi simple que cela ! Vous recevrez une confirmation de votre billet personnel imm\u00e9diatement apr\u00e8s l&#8217;achat, et un scan de votre billet un peu plus tard. Nous veillerons \u00e9galement \u00e0 ce que vous soyez pay\u00e9 ce que vous gagnez. Ces jackpots mondiaux peuvent souvent \u00eatre 100 fois plus importants que ceux de votre loterie locale, alors qu&#8217;attendez-vous ? Faites votre choix !<\/p>\n<h2>V\u00e9rifiez si vous avez gagn\u00e9 &#8211; comparez votre billet avec les num\u00e9ros gagnants.<\/h2>\n<p>Non seulement vous pouvez consulter les r\u00e9sultats des loteries en ligne depuis votre ordinateur portable, votre PC de bureau ou m\u00eame votre iPhone, \u00e0 la maison ou au bureau, mais vous pouvez \u00e9galement consulter les r\u00e9sultats de nombreuses loteries imm\u00e9diatement, sur une seule page.<\/p>\n<p>Une fois que chaque tirage de loto a eu lieu, les r\u00e9sultats de chacun sont mis \u00e0 jour en temps r\u00e9el. Cela signifie que les r\u00e9sultats des jackpots internationaux en ligne sont disponibles pour vous quelques instants apr\u00e8s le tirage.<br \/>\n<img loading=\"lazy\" decoding=\"async\" class=\"alignright wp-image-19599\" src=\"http:\/\/jackpotlotteryonline.com\/wp-content\/uploads\/2022\/10\/1_balls_draw_lotto_numbers-200x300.jpg\" alt=\"num\u00e9ros gagnants de loterie\" width=\"154\" height=\"231\" srcset=\"https:\/\/jackpotlotteryonline.com\/wp-content\/uploads\/2022\/10\/1_balls_draw_lotto_numbers-200x300.jpg 200w, https:\/\/jackpotlotteryonline.com\/wp-content\/uploads\/2022\/10\/1_balls_draw_lotto_numbers.jpg 320w\" sizes=\"auto, (max-width: 154px) 100vw, 154px\" \/><\/p>\n<p>Si vous avez choisi d&#8217;acheter un ticket de loto en ligne, quel que soit le type de loto, la v\u00e9rification des r\u00e9sultats de votre loterie en ligne sur notre site est encore plus facile. En effet, au moment o\u00f9 vous placez votre billet de loto en ligne, il vous sera demand\u00e9 de saisir votre adresse \u00e9lectronique. Celle-ci est non seulement n\u00e9cessaire pour vous permettre d&#8217;ouvrir un compte pour jouer, mais aussi pour vous informer d&#8217;un gain.<\/p>\n<p>Une fois que le tirage du loto a eu lieu, vous serez automatiquement inform\u00e9 par e-mail si vous avez trouv\u00e9 les num\u00e9ros qui vous ont permis de gagner un prix en esp\u00e8ces. V\u00e9rifiez simplement votre bo\u00eete aux lettres \u00e9lectronique.<\/p>\n<p>De plus, si vous avez achet\u00e9 votre billet de loterie en ligne ici, vous pouvez vous connecter \u00e0 votre compte client, et les r\u00e9sultats seront affich\u00e9s juste \u00e0 c\u00f4t\u00e9 de votre billet pour comparaison. Les num\u00e9ros de votre billet qui correspondent au tirage seront mis en \u00e9vidence. C&#8217;est aussi pratique qu&#8217;il est humainement possible de le faire !<\/p>\n<p>Avec autant d&#8217;avantages et de fonctionnalit\u00e9s pratiques, comme la possibilit\u00e9 de v\u00e9rifier rapidement vos r\u00e9sultats de loterie en ligne,<strong> de nombreuses personnes choisissent d\u00e9sormais d&#8217;acheter des billets de loto en ligne plut\u00f4t qu&#8217;en magasin.<\/strong><\/p>\n","protected":false},"excerpt":{"rendered":"<p>R\u00e9sultats de loterie en ligne Avec un tel \u00e9ventail de loteries disponibles pour que vous puissiez jouer, et la facilit\u00e9 d&#8217;acc\u00e8s que nous avons tous \u00e0 l&#8217;Internet de nos jours, beaucoup de gens pr\u00e9f\u00e8rent v\u00e9rifier rapidement leurs r\u00e9sultats de loterie en ligne. Si vous avez achet\u00e9 un billet de loterie, vous \u00eates impatient de conna\u00eetre [&hellip;]<\/p>\n","protected":false},"author":1,"featured_media":0,"parent":0,"menu_order":4,"comment_status":"closed","ping_status":"closed","template":"Results.php","meta":{"_et_pb_use_builder":"","_et_pb_old_content":"","_et_gb_content_width":"","exclude_from_search":false,"footnotes":""},"class_list":["post-35826","page","type-page","status-publish","hentry"],"yoast_head":"<!-- This site is optimized with the Yoast SEO plugin v23.3 - https:\/\/yoast.com\/wordpress\/plugins\/seo\/ -->\n<title>Num\u00e9ros gagnants et r\u00e9sultats des jackpots du loto international.<\/title>\n<meta name=\"description\" content=\"Cette page pr\u00e9sente les r\u00e9sultats et les num\u00e9ros gagnants de la plupart des loteries internationales \u00e0 jackpot en ligne.\" \/>\n<meta name=\"robots\" content=\"index, follow, max-snippet:-1, max-image-preview:large, max-video-preview:-1\" \/>\n<link rel=\"canonical\" href=\"https:\/\/jackpotlotteryonline.com\/winning-numbers\/\" \/>\n<meta property=\"og:locale\" content=\"fr_FR\" \/>\n<meta property=\"og:type\" content=\"article\" \/>\n<meta property=\"og:title\" content=\"Num\u00e9ros gagnants et r\u00e9sultats des jackpots du loto international.\" \/>\n<meta property=\"og:description\" content=\"Cette page pr\u00e9sente les r\u00e9sultats et les num\u00e9ros gagnants de la plupart des loteries internationales \u00e0 jackpot en ligne.\" \/>\n<meta property=\"og:url\" content=\"https:\/\/jackpotlotteryonline.com\/winning-numbers\/\" \/>\n<meta property=\"og:site_name\" content=\"Lotto Online - Crack The International Lottery Jackpots\" \/>\n<meta property=\"article:modified_time\" content=\"2022-12-26T07:50:12+00:00\" \/>\n<meta property=\"og:image\" content=\"http:\/\/jackpotlotteryonline.com\/wp-content\/uploads\/2022\/11\/read1.jpg\" \/>\n<meta name=\"twitter:card\" content=\"summary_large_image\" \/>\n<meta name=\"twitter:label1\" content=\"Dur\u00e9e de lecture estim\u00e9e\" \/>\n\t<meta name=\"twitter:data1\" content=\"4 minutes\" \/>\n<!-- \/ Yoast SEO plugin. -->","yoast_head_json":{"title":"Num\u00e9ros gagnants et r\u00e9sultats des jackpots du loto international.","description":"Cette page pr\u00e9sente les r\u00e9sultats et les num\u00e9ros gagnants de la plupart des loteries internationales \u00e0 jackpot en ligne.","robots":{"index":"index","follow":"follow","max-snippet":"max-snippet:-1","max-image-preview":"max-image-preview:large","max-video-preview":"max-video-preview:-1"},"canonical":"https:\/\/jackpotlotteryonline.com\/winning-numbers\/","og_locale":"fr_FR","og_type":"article","og_title":"Num\u00e9ros gagnants et r\u00e9sultats des jackpots du loto international.","og_description":"Cette page pr\u00e9sente les r\u00e9sultats et les num\u00e9ros gagnants de la plupart des loteries internationales \u00e0 jackpot en ligne.","og_url":"https:\/\/jackpotlotteryonline.com\/winning-numbers\/","og_site_name":"Lotto Online - Crack The International Lottery Jackpots","article_modified_time":"2022-12-26T07:50:12+00:00","og_image":[{"url":"http:\/\/jackpotlotteryonline.com\/wp-content\/uploads\/2022\/11\/read1.jpg"}],"twitter_card":"summary_large_image","twitter_misc":{"Dur\u00e9e de lecture estim\u00e9e":"4 minutes"},"schema":{"@context":"https:\/\/schema.org","@graph":[{"@type":"WebPage","@id":"https:\/\/jackpotlotteryonline.com\/winning-numbers\/","url":"https:\/\/jackpotlotteryonline.com\/winning-numbers\/","name":"Num\u00e9ros gagnants et r\u00e9sultats des jackpots du loto international.","isPartOf":{"@id":"https:\/\/jackpotlotteryonline.com\/#website"},"primaryImageOfPage":{"@id":"https:\/\/jackpotlotteryonline.com\/winning-numbers\/#primaryimage"},"image":{"@id":"https:\/\/jackpotlotteryonline.com\/winning-numbers\/#primaryimage"},"thumbnailUrl":"http:\/\/jackpotlotteryonline.com\/wp-content\/uploads\/2022\/11\/read1.jpg","datePublished":"2022-11-02T06:52:35+00:00","dateModified":"2022-12-26T07:50:12+00:00","description":"Cette page pr\u00e9sente les r\u00e9sultats et les num\u00e9ros gagnants de la plupart des loteries internationales \u00e0 jackpot en ligne.","breadcrumb":{"@id":"https:\/\/jackpotlotteryonline.com\/winning-numbers\/#breadcrumb"},"inLanguage":"fr-FR","potentialAction":[{"@type":"ReadAction","target":["https:\/\/jackpotlotteryonline.com\/winning-numbers\/"]}]},{"@type":"ImageObject","inLanguage":"fr-FR","@id":"https:\/\/jackpotlotteryonline.com\/winning-numbers\/#primaryimage","url":"http:\/\/jackpotlotteryonline.com\/wp-content\/uploads\/2022\/11\/read1.jpg","contentUrl":"http:\/\/jackpotlotteryonline.com\/wp-content\/uploads\/2022\/11\/read1.jpg"},{"@type":"BreadcrumbList","@id":"https:\/\/jackpotlotteryonline.com\/winning-numbers\/#breadcrumb","itemListElement":[{"@type":"ListItem","position":1,"name":"Home","item":"https:\/\/jackpotlotteryonline.com\/fr\/"},{"@type":"ListItem","position":2,"name":"R\u00e9sultats de la loterie"}]},{"@type":"WebSite","@id":"https:\/\/jackpotlotteryonline.com\/#website","url":"https:\/\/jackpotlotteryonline.com\/","name":"Lotto Online - Crack The International Lottery Jackpots","description":"","potentialAction":[{"@type":"SearchAction","target":{"@type":"EntryPoint","urlTemplate":"https:\/\/jackpotlotteryonline.com\/?s={search_term_string}"},"query-input":"required name=search_term_string"}],"inLanguage":"fr-FR"}]}},"_links":{"self":[{"href":"https:\/\/jackpotlotteryonline.com\/fr\/wp-json\/wp\/v2\/pages\/35826","targetHints":{"allow":["GET"]}}],"collection":[{"href":"https:\/\/jackpotlotteryonline.com\/fr\/wp-json\/wp\/v2\/pages"}],"about":[{"href":"https:\/\/jackpotlotteryonline.com\/fr\/wp-json\/wp\/v2\/types\/page"}],"author":[{"embeddable":true,"href":"https:\/\/jackpotlotteryonline.com\/fr\/wp-json\/wp\/v2\/users\/1"}],"replies":[{"embeddable":true,"href":"https:\/\/jackpotlotteryonline.com\/fr\/wp-json\/wp\/v2\/comments?post=35826"}],"version-history":[{"count":0,"href":"https:\/\/jackpotlotteryonline.com\/fr\/wp-json\/wp\/v2\/pages\/35826\/revisions"}],"wp:attachment":[{"href":"https:\/\/jackpotlotteryonline.com\/fr\/wp-json\/wp\/v2\/media?parent=35826"}],"curies":[{"name":"wp","href":"https:\/\/api.w.org\/{rel}","templated":true}]}}