{"id":35878,"date":"2022-11-02T08:58:41","date_gmt":"2022-11-02T08:58:41","guid":{"rendered":"https:\/\/jackpotlotteryonline.com\/?page_id=35878"},"modified":"2022-12-19T09:02:57","modified_gmt":"2022-12-19T09:02:57","slug":"powerball","status":"publish","type":"page","link":"https:\/\/jackpotlotteryonline.com\/fr\/comment-jouer\/powerball\/","title":{"rendered":"Powerball USA"},"content":{"rendered":"<h2>Le jackpot de la loterie Powerball en ligne<\/h2>\n<p><img loading=\"lazy\" decoding=\"async\" class=\"alignright size-full wp-image-19358\" src=\"http:\/\/jackpotlotteryonline.com\/wp-content\/uploads\/2022\/10\/2_ticket_powerball3.jpg\" alt=\"billet de powerball\" width=\"180\" height=\"194\" \/><\/p>\n<p>Vous avez devant vous l&#8217;une des plus anciennes et des plus grandes loteries am\u00e9ricaines. Le jackpot de la loterie Powerball est propos\u00e9 par une commission de loterie multi-\u00e9tats form\u00e9e par 41 \u00c9tats am\u00e9ricains. Elle est organis\u00e9e dans tous les \u00c9tats (y compris les \u00eeles Vierges et le district de Columbia) des \u00c9tats-Unis, \u00e0 l&#8217;exception de 8 (Nevada, Californie, Utah, Mississippi, Wyoming, Alabama, Hawa\u00ef et Alaska).<\/p>\n<p>Le jackpot de la loterie Powerball en ligne a d\u00e9pass\u00e9 les 300 millions de dollars \u00e0 plusieurs reprises, et le jackpot le plus \u00e9lev\u00e9 a \u00e9t\u00e9 de 1 500 millions de dollars. Normalement, les jackpots commencent \u00e0 20 millions de dollars et augmentent d&#8217;au moins 5 millions de dollars chaque fois que le jackpot n&#8217;a pas \u00e9t\u00e9 atteint.<\/p>\n<section class=\"layout\" style=\"border: solid 1px; width: 100%;\">\n<div class=\"img-div\" style=\"margin-top: 5px;\"><img decoding=\"async\" class=\"wp-image-17212 alignleft\" style=\"height: 45px; margin: 8px 8px 0px;\" src=\"http:\/\/jackpotlotteryonline.com\/wp-content\/uploads\/2022\/11\/read1.jpg\" alt=\"le plus gros jackpot du loto\" width=\"\" height=\"\" \/><\/div>\n<div style=\"padding-left: 5px;\">\n<div style=\"font-size: 1.1em;\">\n<p><strong>Les jackpots historiques et records de la loterie<\/strong><\/p>\n<p style=\"font-size: 0.85em; margin-top: -1.5em;\">Les plus gros jackpots de l&#8217;histoire du loto vous donneront le tournis. <a href=\"https:\/\/jackpotlotteryonline.com\/fr\/les-plus-gros-jackpots-de-lhistoire-du-loto\"> en savoir plus<\/a><\/p>\n<\/div>\n<\/div>\n<\/section>\n<h2>Comment jouer \u00e0 la loterie Powerball<\/h2>\n<p>Vous pouvez facilement <strong><a href=\"https:\/\/jackpotlotteryonline.com\/fr\/acheter-tickets\/powerball\">obtenir votre billet de loterie en ligne<\/a> sur notre site Web. Pour jouer et gagner le jackpot de la loterie Powerball<\/strong>, vous n&#8217;avez pas besoin d&#8217;\u00eatre un citoyen am\u00e9ricain &#8211; vous pouvez vivre en dehors des Etats-Unis, mais vous devez avoir au moins 18 ans. Tout ce que vous avez \u00e0 faire est de cliquer sur l&#8217;une des banni\u00e8res de la loterie, de vous inscrire, de v\u00e9rifier votre identit\u00e9 et d&#8217;effectuer le paiement. Nous nous occuperons du reste lorsque vous passerez une commande. L&#8217;achat de billets, la livraison et l&#8217;aide \u00e0 la logistique financi\u00e8re sont les domaines dans lesquels vous pouvez obtenir de l&#8217;aide.<br \/>\n<img loading=\"lazy\" decoding=\"async\" class=\"alignright size-full wp-image-18167\" src=\"http:\/\/jackpotlotteryonline.com\/wp-content\/uploads\/2022\/10\/powerball_globe_logo.png\" alt=\"jouer au powerball en ligne\" width=\"200\" height=\"212\" \/><\/p>\n<p>Pour d\u00e9crocher le jackpot de la loterie Powerball, vous devez obtenir cinq bons num\u00e9ros sur 59, plus le num\u00e9ro Powerball compris entre 1 et 39. Il y a neuf fa\u00e7ons de gagner, et vous obtenez d\u00e9j\u00e0 un prix si vous touchez le num\u00e9ro Powerball.<\/p>\n<p>Le <a href=\"http:\/\/jackpotlotteryonline.com\/fr\/acheter-tickets\/powerball\">jackpot de la loterie Powerball<\/a> en ligne est un jeu de loterie traditionnel \u00e0 deux tambours. Un tambour est livr\u00e9 avec 59 boules blanches ; le second tambour est livr\u00e9 avec 39 boules rouges. Vous devrez s\u00e9lectionner 5 boules blanches et une boule rouge. Les boules peuvent \u00eatre choisies au hasard et l&#8217;ordre de s\u00e9lection n&#8217;a aucune incidence sur le r\u00e9sultat.<\/p>\n<p>Il est certain que jouer au jackpot de la loterie Powerball en ligne a ses propres avantages et, en raison de ses chances impressionnantes de gagner, il y a une grande demande pour cette loterie.<\/p>\n<h2>Il est temps de tenter votre chance au Powerball<\/h2>\n<p>Si vous \u00eates une personne qui aime tenter sa chance aux jeux de hasard, la loterie Powerball est certainement l&#8217;endroit o\u00f9 commencer. Vous trouverez sur notre site Web de nombreuses informations qui vous aideront \u00e0 choisir les num\u00e9ros \u00e0 jouer.<\/p>\n<p>Beaucoup de gens ont tendance \u00e0 penser que la loterie est un jeu de hasard. Mais ils peuvent avoir tendance \u00e0 penser un peu diff\u00e9remment une fois qu&#8217;ils ont compris comment fonctionne la loterie Powerball. <strong>Nombreux sont ceux qui ont d\u00e9j\u00e0 gagn\u00e9 au Powerball et il n&#8217;y a aucune raison pour que vous ne puissiez pas \u00eatre l&#8217;un d&#8217;entre eux. Commencez maintenant !<\/strong><\/p>\n","protected":false},"excerpt":{"rendered":"<p>Le jackpot de la loterie Powerball en ligne Vous avez devant vous l&#8217;une des plus anciennes et des plus grandes loteries am\u00e9ricaines. Le jackpot de la loterie Powerball est propos\u00e9 par une commission de loterie multi-\u00e9tats form\u00e9e par 41 \u00c9tats am\u00e9ricains. Elle est organis\u00e9e dans tous les \u00c9tats (y compris les \u00eeles Vierges et le [&hellip;]<\/p>\n","protected":false},"author":1,"featured_media":0,"parent":35690,"menu_order":1,"comment_status":"closed","ping_status":"closed","template":"powerball-usa.php","meta":{"_et_pb_use_builder":"","_et_pb_old_content":"","_et_gb_content_width":"","exclude_from_search":false,"footnotes":""},"class_list":["post-35878","page","type-page","status-publish","hentry"],"yoast_head":"<!-- This site is optimized with the Yoast SEO plugin v23.3 - https:\/\/yoast.com\/wordpress\/plugins\/seo\/ -->\n<title>Jouez \u00e0 la loterie Powerball en ligne, depuis l&#039;ext\u00e9rieur des \u00c9tats-Unis.<\/title>\n<meta name=\"description\" content=\"La loterie Powerball est l&#039;une des plus anciennes loteries des \u00c9tats-Unis - lisez ceci pour savoir comment vous pouvez jouer en ligne et depuis un pays hors des \u00c9tats-Unis aujourd&#039;hui !\" \/>\n<meta name=\"robots\" content=\"index, follow, max-snippet:-1, max-image-preview:large, max-video-preview:-1\" \/>\n<link rel=\"canonical\" href=\"https:\/\/jackpotlotteryonline.com\/fr\/comment-jouer\/powerball\/\" \/>\n<meta property=\"og:locale\" content=\"fr_FR\" \/>\n<meta property=\"og:type\" content=\"article\" \/>\n<meta property=\"og:title\" content=\"Jouez \u00e0 la loterie Powerball en ligne, depuis l&#039;ext\u00e9rieur des \u00c9tats-Unis.\" \/>\n<meta property=\"og:description\" content=\"La loterie Powerball est l&#039;une des plus anciennes loteries des \u00c9tats-Unis - lisez ceci pour savoir comment vous pouvez jouer en ligne et depuis un pays hors des \u00c9tats-Unis aujourd&#039;hui !\" \/>\n<meta property=\"og:url\" content=\"https:\/\/jackpotlotteryonline.com\/fr\/comment-jouer\/powerball\/\" \/>\n<meta property=\"og:site_name\" content=\"Lotto Online - Crack The International Lottery Jackpots\" \/>\n<meta property=\"article:modified_time\" content=\"2022-12-19T09:02:57+00:00\" \/>\n<meta property=\"og:image\" content=\"http:\/\/jackpotlotteryonline.com\/wp-content\/uploads\/2022\/10\/2_ticket_powerball3.jpg\" \/>\n<meta name=\"twitter:card\" content=\"summary_large_image\" \/>\n<meta name=\"twitter:label1\" content=\"Dur\u00e9e de lecture estim\u00e9e\" \/>\n\t<meta name=\"twitter:data1\" content=\"3 minutes\" \/>\n<!-- \/ Yoast SEO plugin. -->","yoast_head_json":{"title":"Jouez \u00e0 la loterie Powerball en ligne, depuis l'ext\u00e9rieur des \u00c9tats-Unis.","description":"La loterie Powerball est l'une des plus anciennes loteries des \u00c9tats-Unis - lisez ceci pour savoir comment vous pouvez jouer en ligne et depuis un pays hors des \u00c9tats-Unis aujourd'hui !","robots":{"index":"index","follow":"follow","max-snippet":"max-snippet:-1","max-image-preview":"max-image-preview:large","max-video-preview":"max-video-preview:-1"},"canonical":"https:\/\/jackpotlotteryonline.com\/fr\/comment-jouer\/powerball\/","og_locale":"fr_FR","og_type":"article","og_title":"Jouez \u00e0 la loterie Powerball en ligne, depuis l'ext\u00e9rieur des \u00c9tats-Unis.","og_description":"La loterie Powerball est l'une des plus anciennes loteries des \u00c9tats-Unis - lisez ceci pour savoir comment vous pouvez jouer en ligne et depuis un pays hors des \u00c9tats-Unis aujourd'hui !","og_url":"https:\/\/jackpotlotteryonline.com\/fr\/comment-jouer\/powerball\/","og_site_name":"Lotto Online - Crack The International Lottery Jackpots","article_modified_time":"2022-12-19T09:02:57+00:00","og_image":[{"url":"http:\/\/jackpotlotteryonline.com\/wp-content\/uploads\/2022\/10\/2_ticket_powerball3.jpg"}],"twitter_card":"summary_large_image","twitter_misc":{"Dur\u00e9e de lecture estim\u00e9e":"3 minutes"},"schema":{"@context":"https:\/\/schema.org","@graph":[{"@type":"WebPage","@id":"https:\/\/jackpotlotteryonline.com\/fr\/comment-jouer\/powerball\/","url":"https:\/\/jackpotlotteryonline.com\/fr\/comment-jouer\/powerball\/","name":"Jouez \u00e0 la loterie Powerball en ligne, depuis l'ext\u00e9rieur des \u00c9tats-Unis.","isPartOf":{"@id":"https:\/\/jackpotlotteryonline.com\/#website"},"primaryImageOfPage":{"@id":"https:\/\/jackpotlotteryonline.com\/fr\/comment-jouer\/powerball\/#primaryimage"},"image":{"@id":"https:\/\/jackpotlotteryonline.com\/fr\/comment-jouer\/powerball\/#primaryimage"},"thumbnailUrl":"http:\/\/jackpotlotteryonline.com\/wp-content\/uploads\/2022\/10\/2_ticket_powerball3.jpg","datePublished":"2022-11-02T08:58:41+00:00","dateModified":"2022-12-19T09:02:57+00:00","description":"La loterie Powerball est l'une des plus anciennes loteries des \u00c9tats-Unis - lisez ceci pour savoir comment vous pouvez jouer en ligne et depuis un pays hors des \u00c9tats-Unis aujourd'hui !","breadcrumb":{"@id":"https:\/\/jackpotlotteryonline.com\/fr\/comment-jouer\/powerball\/#breadcrumb"},"inLanguage":"fr-FR","potentialAction":[{"@type":"ReadAction","target":["https:\/\/jackpotlotteryonline.com\/fr\/comment-jouer\/powerball\/"]}]},{"@type":"ImageObject","inLanguage":"fr-FR","@id":"https:\/\/jackpotlotteryonline.com\/fr\/comment-jouer\/powerball\/#primaryimage","url":"http:\/\/jackpotlotteryonline.com\/wp-content\/uploads\/2022\/10\/2_ticket_powerball3.jpg","contentUrl":"http:\/\/jackpotlotteryonline.com\/wp-content\/uploads\/2022\/10\/2_ticket_powerball3.jpg"},{"@type":"BreadcrumbList","@id":"https:\/\/jackpotlotteryonline.com\/fr\/comment-jouer\/powerball\/#breadcrumb","itemListElement":[{"@type":"ListItem","position":1,"name":"Home","item":"https:\/\/jackpotlotteryonline.com\/fr\/"},{"@type":"ListItem","position":2,"name":"Comment jouer","item":"https:\/\/jackpotlotteryonline.com\/fr\/comment-jouer\/"},{"@type":"ListItem","position":3,"name":"Powerball USA"}]},{"@type":"WebSite","@id":"https:\/\/jackpotlotteryonline.com\/#website","url":"https:\/\/jackpotlotteryonline.com\/","name":"Lotto Online - Crack The International Lottery Jackpots","description":"","potentialAction":[{"@type":"SearchAction","target":{"@type":"EntryPoint","urlTemplate":"https:\/\/jackpotlotteryonline.com\/?s={search_term_string}"},"query-input":"required name=search_term_string"}],"inLanguage":"fr-FR"}]}},"_links":{"self":[{"href":"https:\/\/jackpotlotteryonline.com\/fr\/wp-json\/wp\/v2\/pages\/35878","targetHints":{"allow":["GET"]}}],"collection":[{"href":"https:\/\/jackpotlotteryonline.com\/fr\/wp-json\/wp\/v2\/pages"}],"about":[{"href":"https:\/\/jackpotlotteryonline.com\/fr\/wp-json\/wp\/v2\/types\/page"}],"author":[{"embeddable":true,"href":"https:\/\/jackpotlotteryonline.com\/fr\/wp-json\/wp\/v2\/users\/1"}],"replies":[{"embeddable":true,"href":"https:\/\/jackpotlotteryonline.com\/fr\/wp-json\/wp\/v2\/comments?post=35878"}],"version-history":[{"count":0,"href":"https:\/\/jackpotlotteryonline.com\/fr\/wp-json\/wp\/v2\/pages\/35878\/revisions"}],"up":[{"embeddable":true,"href":"https:\/\/jackpotlotteryonline.com\/fr\/wp-json\/wp\/v2\/pages\/35690"}],"wp:attachment":[{"href":"https:\/\/jackpotlotteryonline.com\/fr\/wp-json\/wp\/v2\/media?parent=35878"}],"curies":[{"name":"wp","href":"https:\/\/api.w.org\/{rel}","templated":true}]}}