{"id":35940,"date":"2022-11-02T10:34:01","date_gmt":"2022-11-02T10:34:01","guid":{"rendered":"https:\/\/jackpotlotteryonline.com\/?page_id=35940"},"modified":"2022-12-30T19:06:02","modified_gmt":"2022-12-30T19:06:02","slug":"mega-millions","status":"publish","type":"page","link":"https:\/\/jackpotlotteryonline.com\/fr\/comment-jouer\/mega-millions\/","title":{"rendered":"Mega Millions USA"},"content":{"rendered":"<h2>Le jackpot du loto en ligne Mega Millions<\/h2>\n<p>Le loto Mega Millions Jackpot se trouve dans le Michigan aux \u00c9tats-Unis et est jou\u00e9 dans 12 \u00c9tats f\u00e9d\u00e9raux des \u00c9tats-Unis. Les tirages \u00e9tant pr\u00e9vus tous les mardis et vendredis soirs \u00e0 20 heures, la fr\u00e9quence des gains peut \u00eatre assez \u00e9lev\u00e9e pour un joueur chanceux. Un billet Mega Millions est relativement bon march\u00e9 et le plus gros jackpot jamais pay\u00e9 s&#8217;\u00e9levait \u00e0 plus de 1 500 millions de dollars.<br \/>\n<img loading=\"lazy\" decoding=\"async\" class=\"alignright size-full wp-image-17546\" src=\"http:\/\/jackpotlotteryonline.com\/wp-content\/uploads\/2022\/10\/logo_Mega_Millions_233x110.png\" alt=\"jouer au mega millions en ligne\" width=\"232\" height=\"110\" \/><\/p>\n<p>Si vous envisagez de jouer au Mega Millions, et ce de mani\u00e8re r\u00e9guli\u00e8re, vous pouvez imaginer le temps et l&#8217;\u00e9nergie que cela implique de courir \u00e0 la loterie deux fois par semaine. La meilleure fa\u00e7on d&#8217;\u00e9liminer les complications et de gagner du temps serait de jouer en ligne. Il n&#8217;a jamais \u00e9t\u00e9 aussi facile<a href=\"https:\/\/jackpotlotteryonline.com\/fr\/numeros-gagnants\/mega-millions\"> d&#8217;acheter un billet<\/a> avec vos num\u00e9ros pr\u00e9f\u00e9r\u00e9s et de le faire livrer \u00e0 votre porte. Avec notre aide, le jackpot du loto Mega Millions peut \u00eatre gagn\u00e9 en ligne par tout le monde dans le monde !<\/p>\n<h2>Comment jouer au Mega Millions en ligne<\/h2>\n<p>La loterie Mega Millions commence avec un montant de 20 millions de dollars et est entr\u00e9e dans l&#8217;histoire lorsqu&#8217;elle a atteint 1,5 milliard de dollars, le jackpot le plus \u00e9lev\u00e9 de l&#8217;histoire des \u00c9tats-Unis ! Les joueurs peuvent choisir cinq num\u00e9ros entre 1 et 56 (boule blanche) plus un num\u00e9ro dit Mega entre 1 et 46 (boule dor\u00e9e).<br \/>\n<img loading=\"lazy\" decoding=\"async\" class=\"alignright size-full wp-image-19115\" src=\"http:\/\/jackpotlotteryonline.com\/wp-content\/uploads\/2022\/10\/2_ticket_mega_millions3.jpg\" alt=\"scan du ticket de mega millions\" width=\"180\" height=\"193\" \/><\/p>\n<p>Pour d\u00e9crocher ce jackpot, vous devez obtenir les cinq num\u00e9ros et le m\u00e9ga num\u00e9ro. Mais m\u00eame si vous ne d\u00e9crochez pas le jackpot, vous avez de bonnes chances de gagner, puisque 1 ticket sur 40 est gagnant. Tout le monde s&#8217;accorde \u00e0 dire que ce sont de tr\u00e8s bonnes chances de gagner \u00e0 la loterie.<\/p>\n<p>Le jackpot sera pay\u00e9 en 26 versements annuels, \u00e9galement appel\u00e9s option d&#8217;annuit\u00e9, ou vous pouvez opter pour un r\u00e8glement enti\u00e8rement en esp\u00e8ces o\u00f9 vous recevrez la valeur actuelle de l&#8217;annuit\u00e9. <a href=\"http:\/\/jackpotlotteryonline.com\/fr\/numeros-gagnants\/mega-millions\">Les tirages<\/a> ont g\u00e9n\u00e9ralement lieu dans l&#8217;Idaho (G\u00e9orgie), mais lorsque le jackpot franchit la barre des 200 millions de dollars, le tirage a lieu \u00e0 Times Square (New York).<\/p>\n<p>Vous devez \u00eatre \u00e2g\u00e9 d&#8217;au moins 18 ans pour jouer \u00e0 cette loterie, mais il n&#8217;est pas n\u00e9cessaire d&#8217;\u00eatre citoyen ou r\u00e9sident des \u00c9tats-Unis. Avec notre aide, vous pouvez jouer depuis l&#8217;ext\u00e9rieur des \u00c9tats-Unis, depuis n&#8217;importe o\u00f9 dans le monde en fait. En fait, nous vous aiderons \u00e9galement \u00e0 faire parvenir le prix gagn\u00e9 en toute s\u00e9curit\u00e9 et sans probl\u00e8me.<\/p>\n<h2>Les extras<\/h2>\n<p>Dans presque toutes les juridictions (42 sur 43, \u00e0 l&#8217;exception de la Californie) du Mega Millions, les joueurs ont la possibilit\u00e9 d&#8217;activer un extra appel\u00e9 le Megaplier. Le m\u00e9gaplicateur double la mise dans le jeu et les joueurs peuvent multiplier les prix non jackpot par 2, 3 ou 4. Bien entendu, il n&#8217;est pas n\u00e9cessaire de mentionner ici que les chances de gagner diminuent.<\/p>\n<p>Donc, avec tant de choses en jeu, il est temps que vous envisagiez de jouer au Mega Millions, il peut vous faire r\u00e9aliser vos r\u00eaves. Inscrivez-vous sur notre site et tentez votre chance \u00e0 la plus grande loterie am\u00e9ricaine.<\/p>\n<section class=\"layout\" style=\"border: solid 1px; width: 100%;\">\n<div class=\"img-div\" style=\"margin-top: 5px;\"><img decoding=\"async\" class=\"wp-image-17212 alignleft\" style=\"height: 45px; margin: 8px 8px 0px;\" src=\"http:\/\/jackpotlotteryonline.com\/wp-content\/uploads\/2022\/11\/read1.jpg\" alt=\"lire\" width=\"\" height=\"\" \/><\/div>\n<div style=\"padding-left: 5px;\">\n<div style=\"font-size: 1.1em;\">\n<p><strong>Votre loterie nationale en comparaison internationale<\/strong><\/p>\n<p style=\"font-size: 0.85em; margin-top: -1.5em;\">Votre loterie locale peut \u00eatre votre pire option &#8211; pourquoi il est plus judicieux de payer plus mais de miser sur des jackpots plus importants <a href=\"https:\/\/jackpotlotteryonline.com\/fr\/votre-loterie-nationale-en-comparaison-internationale\">\u00a0en savoir plus<\/a><\/p>\n<\/div>\n<\/div>\n<\/section>\n","protected":false},"excerpt":{"rendered":"<p>Le jackpot du loto en ligne Mega Millions Le loto Mega Millions Jackpot se trouve dans le Michigan aux \u00c9tats-Unis et est jou\u00e9 dans 12 \u00c9tats f\u00e9d\u00e9raux des \u00c9tats-Unis. Les tirages \u00e9tant pr\u00e9vus tous les mardis et vendredis soirs \u00e0 20 heures, la fr\u00e9quence des gains peut \u00eatre assez \u00e9lev\u00e9e pour un joueur chanceux. Un [&hellip;]<\/p>\n","protected":false},"author":1,"featured_media":0,"parent":35690,"menu_order":2,"comment_status":"closed","ping_status":"closed","template":"megamillion.php","meta":{"_et_pb_use_builder":"","_et_pb_old_content":"","_et_gb_content_width":"","exclude_from_search":false,"footnotes":""},"class_list":["post-35940","page","type-page","status-publish","hentry"],"yoast_head":"<!-- This site is optimized with the Yoast SEO plugin v23.3 - https:\/\/yoast.com\/wordpress\/plugins\/seo\/ -->\n<title>Jouez \u00e0 Mega Millions en ligne depuis l&#039;ext\u00e9rieur des \u00c9tats-Unis.<\/title>\n<meta name=\"description\" content=\"Le jackpot du loto am\u00e9ricain Mega Millions est la m\u00e8re de toutes les loteries et vous pouvez y jouer en ligne d\u00e8s maintenant, m\u00eame si vous vivez en dehors des USA\" \/>\n<meta name=\"robots\" content=\"index, follow, max-snippet:-1, max-image-preview:large, max-video-preview:-1\" \/>\n<link rel=\"canonical\" href=\"https:\/\/jackpotlotteryonline.com\/play-online\/mega-millions\/\" \/>\n<meta property=\"og:locale\" content=\"fr_FR\" \/>\n<meta property=\"og:type\" content=\"article\" \/>\n<meta property=\"og:title\" content=\"Jouez \u00e0 Mega Millions en ligne depuis l&#039;ext\u00e9rieur des \u00c9tats-Unis.\" \/>\n<meta property=\"og:description\" content=\"Le jackpot du loto am\u00e9ricain Mega Millions est la m\u00e8re de toutes les loteries et vous pouvez y jouer en ligne d\u00e8s maintenant, m\u00eame si vous vivez en dehors des USA\" \/>\n<meta property=\"og:url\" content=\"https:\/\/jackpotlotteryonline.com\/play-online\/mega-millions\/\" \/>\n<meta property=\"og:site_name\" content=\"Lotto Online - Crack The International Lottery Jackpots\" \/>\n<meta property=\"article:modified_time\" content=\"2022-12-30T19:06:02+00:00\" \/>\n<meta property=\"og:image\" content=\"http:\/\/jackpotlotteryonline.com\/wp-content\/uploads\/2022\/10\/logo_Mega_Millions_233x110.png\" \/>\n<meta name=\"twitter:card\" content=\"summary_large_image\" \/>\n<meta name=\"twitter:label1\" content=\"Dur\u00e9e de lecture estim\u00e9e\" \/>\n\t<meta name=\"twitter:data1\" content=\"3 minutes\" \/>\n<!-- \/ Yoast SEO plugin. -->","yoast_head_json":{"title":"Jouez \u00e0 Mega Millions en ligne depuis l'ext\u00e9rieur des \u00c9tats-Unis.","description":"Le jackpot du loto am\u00e9ricain Mega Millions est la m\u00e8re de toutes les loteries et vous pouvez y jouer en ligne d\u00e8s maintenant, m\u00eame si vous vivez en dehors des USA","robots":{"index":"index","follow":"follow","max-snippet":"max-snippet:-1","max-image-preview":"max-image-preview:large","max-video-preview":"max-video-preview:-1"},"canonical":"https:\/\/jackpotlotteryonline.com\/play-online\/mega-millions\/","og_locale":"fr_FR","og_type":"article","og_title":"Jouez \u00e0 Mega Millions en ligne depuis l'ext\u00e9rieur des \u00c9tats-Unis.","og_description":"Le jackpot du loto am\u00e9ricain Mega Millions est la m\u00e8re de toutes les loteries et vous pouvez y jouer en ligne d\u00e8s maintenant, m\u00eame si vous vivez en dehors des USA","og_url":"https:\/\/jackpotlotteryonline.com\/play-online\/mega-millions\/","og_site_name":"Lotto Online - Crack The International Lottery Jackpots","article_modified_time":"2022-12-30T19:06:02+00:00","og_image":[{"url":"http:\/\/jackpotlotteryonline.com\/wp-content\/uploads\/2022\/10\/logo_Mega_Millions_233x110.png"}],"twitter_card":"summary_large_image","twitter_misc":{"Dur\u00e9e de lecture estim\u00e9e":"3 minutes"},"schema":{"@context":"https:\/\/schema.org","@graph":[{"@type":"WebPage","@id":"https:\/\/jackpotlotteryonline.com\/play-online\/mega-millions\/","url":"https:\/\/jackpotlotteryonline.com\/play-online\/mega-millions\/","name":"Jouez \u00e0 Mega Millions en ligne depuis l'ext\u00e9rieur des \u00c9tats-Unis.","isPartOf":{"@id":"https:\/\/jackpotlotteryonline.com\/#website"},"primaryImageOfPage":{"@id":"https:\/\/jackpotlotteryonline.com\/play-online\/mega-millions\/#primaryimage"},"image":{"@id":"https:\/\/jackpotlotteryonline.com\/play-online\/mega-millions\/#primaryimage"},"thumbnailUrl":"http:\/\/jackpotlotteryonline.com\/wp-content\/uploads\/2022\/10\/logo_Mega_Millions_233x110.png","datePublished":"2022-11-02T10:34:01+00:00","dateModified":"2022-12-30T19:06:02+00:00","description":"Le jackpot du loto am\u00e9ricain Mega Millions est la m\u00e8re de toutes les loteries et vous pouvez y jouer en ligne d\u00e8s maintenant, m\u00eame si vous vivez en dehors des USA","breadcrumb":{"@id":"https:\/\/jackpotlotteryonline.com\/play-online\/mega-millions\/#breadcrumb"},"inLanguage":"fr-FR","potentialAction":[{"@type":"ReadAction","target":["https:\/\/jackpotlotteryonline.com\/play-online\/mega-millions\/"]}]},{"@type":"ImageObject","inLanguage":"fr-FR","@id":"https:\/\/jackpotlotteryonline.com\/play-online\/mega-millions\/#primaryimage","url":"http:\/\/jackpotlotteryonline.com\/wp-content\/uploads\/2022\/10\/logo_Mega_Millions_233x110.png","contentUrl":"http:\/\/jackpotlotteryonline.com\/wp-content\/uploads\/2022\/10\/logo_Mega_Millions_233x110.png"},{"@type":"BreadcrumbList","@id":"https:\/\/jackpotlotteryonline.com\/play-online\/mega-millions\/#breadcrumb","itemListElement":[{"@type":"ListItem","position":1,"name":"Home","item":"https:\/\/jackpotlotteryonline.com\/fr\/"},{"@type":"ListItem","position":2,"name":"Comment jouer","item":"https:\/\/jackpotlotteryonline.com\/fr\/comment-jouer\/"},{"@type":"ListItem","position":3,"name":"Mega Millions USA"}]},{"@type":"WebSite","@id":"https:\/\/jackpotlotteryonline.com\/#website","url":"https:\/\/jackpotlotteryonline.com\/","name":"Lotto Online - Crack The International Lottery Jackpots","description":"","potentialAction":[{"@type":"SearchAction","target":{"@type":"EntryPoint","urlTemplate":"https:\/\/jackpotlotteryonline.com\/?s={search_term_string}"},"query-input":"required name=search_term_string"}],"inLanguage":"fr-FR"}]}},"_links":{"self":[{"href":"https:\/\/jackpotlotteryonline.com\/fr\/wp-json\/wp\/v2\/pages\/35940","targetHints":{"allow":["GET"]}}],"collection":[{"href":"https:\/\/jackpotlotteryonline.com\/fr\/wp-json\/wp\/v2\/pages"}],"about":[{"href":"https:\/\/jackpotlotteryonline.com\/fr\/wp-json\/wp\/v2\/types\/page"}],"author":[{"embeddable":true,"href":"https:\/\/jackpotlotteryonline.com\/fr\/wp-json\/wp\/v2\/users\/1"}],"replies":[{"embeddable":true,"href":"https:\/\/jackpotlotteryonline.com\/fr\/wp-json\/wp\/v2\/comments?post=35940"}],"version-history":[{"count":0,"href":"https:\/\/jackpotlotteryonline.com\/fr\/wp-json\/wp\/v2\/pages\/35940\/revisions"}],"up":[{"embeddable":true,"href":"https:\/\/jackpotlotteryonline.com\/fr\/wp-json\/wp\/v2\/pages\/35690"}],"wp:attachment":[{"href":"https:\/\/jackpotlotteryonline.com\/fr\/wp-json\/wp\/v2\/media?parent=35940"}],"curies":[{"name":"wp","href":"https:\/\/api.w.org\/{rel}","templated":true}]}}