{"id":36011,"date":"2022-11-03T07:59:35","date_gmt":"2022-11-03T07:59:35","guid":{"rendered":"https:\/\/jackpotlotteryonline.com\/?page_id=36011"},"modified":"2022-12-30T20:00:25","modified_gmt":"2022-12-30T20:00:25","slug":"euromillions","status":"publish","type":"page","link":"https:\/\/jackpotlotteryonline.com\/fr\/comment-jouer\/euromillions\/","title":{"rendered":"Jouer \u00e0 l&#8217;Euro Millions"},"content":{"rendered":"<h2>Obtenir un ticket pour l&#8217;Euromillions en ligne<\/h2>\n<p><img loading=\"lazy\" decoding=\"async\" class=\"alignright wp-image-18926\" src=\"https:\/\/jackpotlotteryonline.com\/wp-content\/uploads\/2022\/10\/2_ticket_euromillions3-111x300.jpg\" alt=\"billet euromillions\" width=\"83\" height=\"224\" srcset=\"https:\/\/jackpotlotteryonline.com\/wp-content\/uploads\/2022\/10\/2_ticket_euromillions3-111x300.jpg 111w, https:\/\/jackpotlotteryonline.com\/wp-content\/uploads\/2022\/10\/2_ticket_euromillions3.jpg 180w\" sizes=\"auto, (max-width: 83px) 100vw, 83px\" \/><\/p>\n<p>Euromillions est une loterie qui se d\u00e9roule dans plusieurs pays europ\u00e9ens comme la France, le Royaume-Uni, l&#8217;Espagne, l&#8217;Irlande, la Belgique, le Luxembourg et la Suisse. Le jackpot de la loterie Euromillions en ligne commence avec un montant de 15 millions d&#8217;euros et le jackpot record s&#8217;\u00e9l\u00e8ve \u00e0 190 millions d&#8217;euros.<\/p>\n<p>Pour jouer au jackpot de la loterie Euromillions, vous devez \u00eatre \u00e2g\u00e9 d&#8217;au moins 18 ans, mais vous pouvez y jouer depuis n&#8217;importe quel pays du monde, en utilisant le service que nous proposons sur ce site. Ce que nous proposons est assez unique dans le sens o\u00f9 il donne \u00e0 tout le monde \u00e0 travers le monde, y compris des pays comme l&#8217;Allemagne, les Pays-Bas, l&#8217;Italie, et m\u00eame en dehors de l&#8217;Europe, et plus encore, une opportunit\u00e9 de jouer et de gagner le jackpot en ligne. En offrant une option de choix de la chance, il est plus facile de s\u00e9lectionner des num\u00e9ros al\u00e9atoires au lieu de mettre la pression sur vos propres cellules grises.<\/p>\n<h2>Comment acheter votre billet pour le jackpot de l&#8217;Euromillions en dehors de l&#8217;Europe ?<\/h2>\n<p><a href=\"https:\/\/jackpotlotteryonline.com\/fr\/acheter-tickets\/euromillions\">L&#8217;achat de billets pour le jackpot de la loterie en ligne Euromillions<\/a> peut \u00eatre rendu moins fastidieux gr\u00e2ce \u00e0 nous. Une fois que vous vous serez inscrit sur notre site et que vous aurez \u00e9t\u00e9 v\u00e9rifi\u00e9, il vous suffira de s\u00e9lectionner votre loterie et d&#8217;effectuer le paiement requis. Une fois que cela est fait, un billet de loterie est achet\u00e9 en votre nom et un scan est t\u00e9l\u00e9charg\u00e9 sur votre compte, une fois que vous avez pay\u00e9 par le moyen de paiement que vous avez choisi.<\/p>\n<p>En outre, si vous souhaitez continuer \u00e0 jouer au jackpot en ligne Euromillions pendant un certain temps, vous pouvez choisir vos num\u00e9ros ou les randomiser et vous pouvez participer \u00e0 plusieurs tirages, mais vous ne devrez payer qu&#8217;une fois toutes les quelques semaines.<\/p>\n<h2>Comment fonctionne le jackpot de la loterie en ligne Euromillions ?<\/h2>\n<p><img loading=\"lazy\" decoding=\"async\" class=\"alignright wp-image-17411\" src=\"https:\/\/jackpotlotteryonline.com\/wp-content\/uploads\/2022\/10\/euromillions.png\" alt=\"jouer \u00e0 l'euromillions en ligne\" width=\"143\" height=\"152\" \/><\/p>\n<p>Vous devez choisir cinq num\u00e9ros entre 1 et 50, plus 2 num\u00e9ros Lucky Star suppl\u00e9mentaires (entre 1 et 9) pour gagner le jackpot. <a href=\"https:\/\/jackpotlotteryonline.com\/fr\/numeros-gagnants\/euromillions\">Le tirage du jackpot de l&#8217;Euromillions<\/a> a lieu chaque vendredi soir et, outre le jackpot, il existe 11 niveaux de prix. Les chances de gagner au moins un prix sont de 1 sur 24.<\/p>\n<h2>V\u00e9rifier les r\u00e9sultats<\/h2>\n<p>Une fois le tirage termin\u00e9, vous pouvez consulter les r\u00e9sultats en ligne \u00e0 tout moment. En fait, vous pouvez utiliser votre iPad, votre iPhone ou tout autre appareil de ce type pour vous tenir au courant. Si vous avez la chance de gagner un prix ou le jackpot de la loterie en ligne Euromillions, nous vous aiderons \u00e9galement \u00e0 r\u00e9clamer votre prix et nous nous assurerons qu&#8217;il vous sera livr\u00e9.<\/p>\n<section class=\"layout\" style=\"border: solid 1px; width: 100%;\">\n<div class=\"img-div\" style=\"margin-top: 5px;\"><img decoding=\"async\" class=\"wp-image-17212 alignleft\" style=\"height: 45px; margin: 8px 8px 0px;\" src=\"https:\/\/jackpotlotteryonline.com\/wp-content\/uploads\/2022\/11\/read1.jpg\" alt=\"lire\" width=\"\" height=\"\" \/><\/div>\n<div style=\"padding-left: 5px;\">\n<div style=\"font-size: 1.1em;\">\n<p><strong>Les loteries qui ont les meilleures chances de vous faire gagner gros.<\/strong><\/p>\n<p style=\"font-size: 0.85em; margin-top: -1.5em;\">Quelle loterie a les meilleures chances de gagner ?\u00a0 <a href=\"https:\/\/jackpotlotteryonline.com\/fr\/quelle-loterie-a-les-meilleures-chances-de-gagner\"> en savoir plus<\/a><\/p>\n<\/div>\n<\/div>\n<\/section>\n<h2>Le jackpot de la loterie en ligne Euromillions<\/h2>\n<p>Le jackpot de l&#8217;Euromillions a \u00e9t\u00e9 lanc\u00e9 le 7 f\u00e9vrier 2004 et son premier tirage a eu lieu \u00e0 Paris le 13 f\u00e9vrier 2004. Le gain le plus notable a \u00e9t\u00e9 remport\u00e9 lors d&#8217;un des derniers tirages (12 juillet 2011), et le montant de 185 000 000 \u20ac a \u00e9t\u00e9 empoch\u00e9 par Colin et Chris Weir de Glasgow (Royaume-Uni).<\/p>\n<p>Le jackpot en ligne de la loterie Euromillions n&#8217;a pas \u00e9t\u00e9 sans son lot de scandales &#8211; principalement celui qui a \u00e9clat\u00e9 en Belgique en 2009. Cependant, ils n&#8217;ont pas eu de raison d&#8217;\u00eatre et ont \u00e9t\u00e9 \u00e9touff\u00e9s depuis. Il est donc temps que vous tentiez votre chance \u00e0 l&#8217;une des plus grandes offres mon\u00e9taires jamais r\u00e9alis\u00e9es.<\/p>\n","protected":false},"excerpt":{"rendered":"<p>Obtenir un ticket pour l&#8217;Euromillions en ligne Euromillions est une loterie qui se d\u00e9roule dans plusieurs pays europ\u00e9ens comme la France, le Royaume-Uni, l&#8217;Espagne, l&#8217;Irlande, la Belgique, le Luxembourg et la Suisse. Le jackpot de la loterie Euromillions en ligne commence avec un montant de 15 millions d&#8217;euros et le jackpot record s&#8217;\u00e9l\u00e8ve \u00e0 190 [&hellip;]<\/p>\n","protected":false},"author":1,"featured_media":0,"parent":35690,"menu_order":3,"comment_status":"closed","ping_status":"closed","template":"euromillions.php","meta":{"_et_pb_use_builder":"","_et_pb_old_content":"","_et_gb_content_width":"","exclude_from_search":false,"footnotes":""},"class_list":["post-36011","page","type-page","status-publish","hentry"],"yoast_head":"<!-- This site is optimized with the Yoast SEO plugin v23.3 - https:\/\/yoast.com\/wordpress\/plugins\/seo\/ -->\n<title>Jouez \u00e0 l&#039;Euromillions en ligne de n&#039;importe o\u00f9, m\u00eame en dehors de l&#039;Europe.<\/title>\n<meta name=\"description\" content=\"La loterie Euromillions est l&#039;une des loteries les plus recherch\u00e9es. Vous pouvez jouer d\u00e8s maintenant avec un ticket en ligne, m\u00eame si vous \u00eates hors d&#039;Europe...\" \/>\n<meta name=\"robots\" content=\"index, follow, max-snippet:-1, max-image-preview:large, max-video-preview:-1\" \/>\n<link rel=\"canonical\" href=\"https:\/\/jackpotlotteryonline.com\/play-online\/euromillions\/\" \/>\n<meta property=\"og:locale\" content=\"fr_FR\" \/>\n<meta property=\"og:type\" content=\"article\" \/>\n<meta property=\"og:title\" content=\"Jouez \u00e0 l&#039;Euromillions en ligne de n&#039;importe o\u00f9, m\u00eame en dehors de l&#039;Europe.\" \/>\n<meta property=\"og:description\" content=\"La loterie Euromillions est l&#039;une des loteries les plus recherch\u00e9es. Vous pouvez jouer d\u00e8s maintenant avec un ticket en ligne, m\u00eame si vous \u00eates hors d&#039;Europe...\" \/>\n<meta property=\"og:url\" content=\"https:\/\/jackpotlotteryonline.com\/play-online\/euromillions\/\" \/>\n<meta property=\"og:site_name\" content=\"Lotto Online - Crack The International Lottery Jackpots\" \/>\n<meta property=\"article:modified_time\" content=\"2022-12-30T20:00:25+00:00\" \/>\n<meta property=\"og:image\" content=\"https:\/\/jackpotlotteryonline.com\/wp-content\/uploads\/2022\/10\/2_ticket_euromillions3-111x300.jpg\" \/>\n<meta name=\"twitter:card\" content=\"summary_large_image\" \/>\n<meta name=\"twitter:label1\" content=\"Dur\u00e9e de lecture estim\u00e9e\" \/>\n\t<meta name=\"twitter:data1\" content=\"4 minutes\" \/>\n<!-- \/ Yoast SEO plugin. -->","yoast_head_json":{"title":"Jouez \u00e0 l'Euromillions en ligne de n'importe o\u00f9, m\u00eame en dehors de l'Europe.","description":"La loterie Euromillions est l'une des loteries les plus recherch\u00e9es. Vous pouvez jouer d\u00e8s maintenant avec un ticket en ligne, m\u00eame si vous \u00eates hors d'Europe...","robots":{"index":"index","follow":"follow","max-snippet":"max-snippet:-1","max-image-preview":"max-image-preview:large","max-video-preview":"max-video-preview:-1"},"canonical":"https:\/\/jackpotlotteryonline.com\/play-online\/euromillions\/","og_locale":"fr_FR","og_type":"article","og_title":"Jouez \u00e0 l'Euromillions en ligne de n'importe o\u00f9, m\u00eame en dehors de l'Europe.","og_description":"La loterie Euromillions est l'une des loteries les plus recherch\u00e9es. Vous pouvez jouer d\u00e8s maintenant avec un ticket en ligne, m\u00eame si vous \u00eates hors d'Europe...","og_url":"https:\/\/jackpotlotteryonline.com\/play-online\/euromillions\/","og_site_name":"Lotto Online - Crack The International Lottery Jackpots","article_modified_time":"2022-12-30T20:00:25+00:00","og_image":[{"url":"https:\/\/jackpotlotteryonline.com\/wp-content\/uploads\/2022\/10\/2_ticket_euromillions3-111x300.jpg"}],"twitter_card":"summary_large_image","twitter_misc":{"Dur\u00e9e de lecture estim\u00e9e":"4 minutes"},"schema":{"@context":"https:\/\/schema.org","@graph":[{"@type":"WebPage","@id":"https:\/\/jackpotlotteryonline.com\/play-online\/euromillions\/","url":"https:\/\/jackpotlotteryonline.com\/play-online\/euromillions\/","name":"Jouez \u00e0 l'Euromillions en ligne de n'importe o\u00f9, m\u00eame en dehors de l'Europe.","isPartOf":{"@id":"https:\/\/jackpotlotteryonline.com\/#website"},"primaryImageOfPage":{"@id":"https:\/\/jackpotlotteryonline.com\/play-online\/euromillions\/#primaryimage"},"image":{"@id":"https:\/\/jackpotlotteryonline.com\/play-online\/euromillions\/#primaryimage"},"thumbnailUrl":"https:\/\/jackpotlotteryonline.com\/wp-content\/uploads\/2022\/10\/2_ticket_euromillions3-111x300.jpg","datePublished":"2022-11-03T07:59:35+00:00","dateModified":"2022-12-30T20:00:25+00:00","description":"La loterie Euromillions est l'une des loteries les plus recherch\u00e9es. Vous pouvez jouer d\u00e8s maintenant avec un ticket en ligne, m\u00eame si vous \u00eates hors d'Europe...","breadcrumb":{"@id":"https:\/\/jackpotlotteryonline.com\/play-online\/euromillions\/#breadcrumb"},"inLanguage":"fr-FR","potentialAction":[{"@type":"ReadAction","target":["https:\/\/jackpotlotteryonline.com\/play-online\/euromillions\/"]}]},{"@type":"ImageObject","inLanguage":"fr-FR","@id":"https:\/\/jackpotlotteryonline.com\/play-online\/euromillions\/#primaryimage","url":"https:\/\/jackpotlotteryonline.com\/wp-content\/uploads\/2022\/10\/2_ticket_euromillions3-111x300.jpg","contentUrl":"https:\/\/jackpotlotteryonline.com\/wp-content\/uploads\/2022\/10\/2_ticket_euromillions3-111x300.jpg"},{"@type":"BreadcrumbList","@id":"https:\/\/jackpotlotteryonline.com\/play-online\/euromillions\/#breadcrumb","itemListElement":[{"@type":"ListItem","position":1,"name":"Home","item":"https:\/\/jackpotlotteryonline.com\/fr\/"},{"@type":"ListItem","position":2,"name":"Comment jouer","item":"https:\/\/jackpotlotteryonline.com\/fr\/comment-jouer\/"},{"@type":"ListItem","position":3,"name":"Jouer \u00e0 l&#8217;Euro Millions"}]},{"@type":"WebSite","@id":"https:\/\/jackpotlotteryonline.com\/#website","url":"https:\/\/jackpotlotteryonline.com\/","name":"Lotto Online - Crack The International Lottery Jackpots","description":"","potentialAction":[{"@type":"SearchAction","target":{"@type":"EntryPoint","urlTemplate":"https:\/\/jackpotlotteryonline.com\/?s={search_term_string}"},"query-input":"required name=search_term_string"}],"inLanguage":"fr-FR"}]}},"_links":{"self":[{"href":"https:\/\/jackpotlotteryonline.com\/fr\/wp-json\/wp\/v2\/pages\/36011","targetHints":{"allow":["GET"]}}],"collection":[{"href":"https:\/\/jackpotlotteryonline.com\/fr\/wp-json\/wp\/v2\/pages"}],"about":[{"href":"https:\/\/jackpotlotteryonline.com\/fr\/wp-json\/wp\/v2\/types\/page"}],"author":[{"embeddable":true,"href":"https:\/\/jackpotlotteryonline.com\/fr\/wp-json\/wp\/v2\/users\/1"}],"replies":[{"embeddable":true,"href":"https:\/\/jackpotlotteryonline.com\/fr\/wp-json\/wp\/v2\/comments?post=36011"}],"version-history":[{"count":0,"href":"https:\/\/jackpotlotteryonline.com\/fr\/wp-json\/wp\/v2\/pages\/36011\/revisions"}],"up":[{"embeddable":true,"href":"https:\/\/jackpotlotteryonline.com\/fr\/wp-json\/wp\/v2\/pages\/35690"}],"wp:attachment":[{"href":"https:\/\/jackpotlotteryonline.com\/fr\/wp-json\/wp\/v2\/media?parent=36011"}],"curies":[{"name":"wp","href":"https:\/\/api.w.org\/{rel}","templated":true}]}}