{"id":36064,"date":"2022-11-03T09:33:55","date_gmt":"2022-11-03T09:33:55","guid":{"rendered":"https:\/\/jackpotlotteryonline.com\/?page_id=36064"},"modified":"2022-12-30T20:47:15","modified_gmt":"2022-12-30T20:47:15","slug":"eurojackpot","status":"publish","type":"page","link":"https:\/\/jackpotlotteryonline.com\/fr\/comment-jouer\/eurojackpot\/","title":{"rendered":"EuroJackpot"},"content":{"rendered":"<h2>Comment participer \u00e0 l&#8217;Eurojackpot depuis n&#8217;importe quel pays ?<\/h2>\n<p><strong>L&#8217;Eurojackpot<\/strong>, avec l&#8217;Euromillions, est l&#8217;une des loteries les plus importantes et les plus populaires de toute l&#8217;Europe et est jou\u00e9e par des millions de personnes dans le monde chaque semaine. L&#8217;Eurojackpot a \u00e9t\u00e9 cr\u00e9\u00e9 en 1994. Toutefois, en raison de plusieurs modifications apport\u00e9es aux r\u00e8gles et au format, il a \u00e9t\u00e9 retard\u00e9 de quelques ann\u00e9es avant d&#8217;\u00eatre finalement lanc\u00e9 et pr\u00eat \u00e0 \u00eatre jou\u00e9 en Europe en 2004.<br \/>\n<img loading=\"lazy\" decoding=\"async\" class=\"alignright wp-image-18574\" src=\"https:\/\/jackpotlotteryonline.com\/wp-content\/uploads\/2022\/10\/1_online_ticket_eurojackpot2.jpg\" alt=\"jouer \u00e0 l'eurojackpot en ligne\" width=\"260\" height=\"173\" \/><\/p>\n<p>Depuis que le premier tirage a eu lieu en 2004, des millions de personnes ont jou\u00e9 \u00e0 cet \u00e9tonnant jeu de hasard et de nombreux gagnants ont remport\u00e9 le jackpot, dont certains ont eu la chance de remporter des prix de plus de 180 millions d&#8217;euros !<\/p>\n<p>Avec un jackpot standard de 15 millions d&#8217;euros, il n&#8217;est pas \u00e9tonnant que l&#8217;EuroJackpot soit \u00e9galement jou\u00e9 en ligne par des millions de personnes chaque semaine. Les r\u00e8gles sont tr\u00e8s simples &#8211; pour jouer et gagner le jackpot, vous devez choisir correctement 5 num\u00e9ros, dans une fourchette de 1 \u00e0 50, en plus de faire correspondre correctement 2 autres num\u00e9ros nomm\u00e9s les &#8220;\u00e9toiles de la chance&#8221; entre 1 et 11.<\/p>\n<p><a href=\"https:\/\/jackpotlotteryonline.com\/fr\/acheter-tickets\/eurojackpot\">Obtenez votre ticket en ligne d\u00e8s maintenant<\/a> gr\u00e2ce \u00e0 notre service &#8211; tout le monde peut participer et gagner !<\/p>\n<section class=\"layout\" style=\"border: solid 1px; width: 100%;\">\n<div class=\"img-div\" style=\"margin-top: 5px;\"><img decoding=\"async\" class=\"wp-image-17212 alignleft\" style=\"height: 45px; margin: 8px 8px 0px;\" src=\"https:\/\/jackpotlotteryonline.com\/wp-content\/uploads\/2022\/11\/read1.jpg\" alt=\"lire\" width=\"\" height=\"\" \/><\/div>\n<div style=\"padding-left: 5px;\">\n<div style=\"font-size: 1.1em;\">\n<p><strong>Quelle est la meilleure loterie internationale ?<\/strong><\/p>\n<p style=\"font-size: 0.85em; margin-top: -1.5em;\">Laquelle des loteries internationales a les meilleures chances de gagner ?\u00a0<a href=\"https:\/\/jackpotlotteryonline.com\/fr\/quelle-loterie-internationale-est-la-meilleure\"> en savoir plus<\/a><\/p>\n<\/div>\n<\/div>\n<\/section>\n<h2>Acheter un ticket pour EuroJackpot en ligne<\/h2>\n<p><strong>L&#8217;avantage de jouer \u00e0 l&#8217;EuroJackpot<\/strong> en ligne, c&#8217;est qu&#8217;il y a de nombreux prix \u00e0 gagner, donc si vous ne gagnez pas le jackpot, ne vous inqui\u00e9tez pas car vous pouvez tr\u00e8s bien avoir une chance de gagner de gros prix en esp\u00e8ces. En plus du gros lot que vous pouvez gagner en achetant un ticket pour l&#8217;EuroJackpot en ligne, il y a 13 prix diff\u00e9rents que vous pouvez gagner.<br \/>\n<img loading=\"lazy\" decoding=\"async\" class=\"alignright size-medium wp-image-18736\" src=\"https:\/\/jackpotlotteryonline.com\/wp-content\/uploads\/2022\/10\/2_ticket_eurojackpot-141x300.jpg\" alt=\"ticket eurojackpot\" width=\"141\" height=\"300\" srcset=\"https:\/\/jackpotlotteryonline.com\/wp-content\/uploads\/2022\/10\/2_ticket_eurojackpot-141x300.jpg 141w, https:\/\/jackpotlotteryonline.com\/wp-content\/uploads\/2022\/10\/2_ticket_eurojackpot.jpg 150w\" sizes=\"auto, (max-width: 141px) 100vw, 141px\" \/><\/p>\n<p>S&#8217;il n&#8217;y a pas de gagnant pour le grand prix du jackpot, l&#8217;Eurojackpot est report\u00e9 \u00e0 une autre semaine. C&#8217;est pourquoi il y a eu dans le pass\u00e9 d&#8217;\u00e9normes jackpots de 100 millions d&#8217;euros ou plus. La loterie est g\u00e9n\u00e9ralement jou\u00e9e par des r\u00e9sidents de pays europ\u00e9ens, de sorte que chaque semaine, des participants de pays tels que le Royaume-Uni, la France, l&#8217;Allemagne et la Suisse ach\u00e8tent des billets pour l&#8217;EuroJackpot en ligne.<\/p>\n<p>L&#8217;achat d&#8217;un billet de loterie en ligne est en passe de devenir le moyen le plus populaire de jouer \u00e0 la loterie Eurojackpot. Les r\u00e8gles sont les m\u00eames, mais l&#8217;ensemble du processus de jeu est beaucoup plus rapide et facile en termes d&#8217;achat de billets. Par exemple, au lieu de vous rendre dans votre magasin local pour acheter un ticket physique, vous pouvez simplement vous connecter au site de jeu et s\u00e9lectionner vos propres num\u00e9ros depuis le confort de votre maison ou m\u00eame de votre bureau en quelques secondes.<\/p>\n<p>Une fois que vous avez s\u00e9lectionn\u00e9 vos num\u00e9ros chanceux, ou m\u00eame plusieurs s\u00e9ries de num\u00e9ros si vous voulez vraiment augmenter vos chances de gagner, vous pouvez \u00e9galement payer votre billet en ligne en toute s\u00e9curit\u00e9. Apr\u00e8s chaque <a href=\"https:\/\/jackpotlotteryonline.com\/fr\/numeros-gagnants\/euromillions\">tirage de la loterie Eurojackpot<\/a>, les r\u00e9sultats seront mis \u00e0 jour en ligne dans l&#8217;instant qui suit la r\u00e9v\u00e9lation du dernier num\u00e9ro chaque semaine. Cela signifie que vous pouvez simplement vous reconnecter \u00e0 votre compte et consulter les num\u00e9ros gagnants en quelques secondes, sans avoir \u00e0 chercher les r\u00e9sultats dans les journaux.<\/p>\n<p>De plus, lorsque vous jouez \u00e0 l&#8217;EuroJackpot en ligne avec nous, vous recevrez \u00e9galement un e-mail automatiquement si vous avez trouv\u00e9 des num\u00e9ros.<\/p>\n","protected":false},"excerpt":{"rendered":"<p>Comment participer \u00e0 l&#8217;Eurojackpot depuis n&#8217;importe quel pays ? L&#8217;Eurojackpot, avec l&#8217;Euromillions, est l&#8217;une des loteries les plus importantes et les plus populaires de toute l&#8217;Europe et est jou\u00e9e par des millions de personnes dans le monde chaque semaine. L&#8217;Eurojackpot a \u00e9t\u00e9 cr\u00e9\u00e9 en 1994. Toutefois, en raison de plusieurs modifications apport\u00e9es aux r\u00e8gles et [&hellip;]<\/p>\n","protected":false},"author":1,"featured_media":0,"parent":35690,"menu_order":4,"comment_status":"closed","ping_status":"closed","template":"eurojackpot.php","meta":{"_et_pb_use_builder":"","_et_pb_old_content":"","_et_gb_content_width":"","exclude_from_search":false,"footnotes":""},"class_list":["post-36064","page","type-page","status-publish","hentry"],"yoast_head":"<!-- This site is optimized with the Yoast SEO plugin v23.3 - https:\/\/yoast.com\/wordpress\/plugins\/seo\/ -->\n<title>Jouez \u00e0 l&#039;Eurojackpot en ligne, m\u00eame depuis l&#039;ext\u00e9rieur de l&#039;Europe.<\/title>\n<meta name=\"description\" content=\"Jouer \u00e0 l&#039;Eurojackpot en ligne vous rapproche de votre statut de millionnaire !\" \/>\n<meta name=\"robots\" content=\"index, follow, max-snippet:-1, max-image-preview:large, max-video-preview:-1\" \/>\n<link rel=\"canonical\" href=\"https:\/\/jackpotlotteryonline.com\/play-online\/eurojackpot\/\" \/>\n<meta property=\"og:locale\" content=\"fr_FR\" \/>\n<meta property=\"og:type\" content=\"article\" \/>\n<meta property=\"og:title\" content=\"Jouez \u00e0 l&#039;Eurojackpot en ligne, m\u00eame depuis l&#039;ext\u00e9rieur de l&#039;Europe.\" \/>\n<meta property=\"og:description\" content=\"Jouer \u00e0 l&#039;Eurojackpot en ligne vous rapproche de votre statut de millionnaire !\" \/>\n<meta property=\"og:url\" content=\"https:\/\/jackpotlotteryonline.com\/play-online\/eurojackpot\/\" \/>\n<meta property=\"og:site_name\" content=\"Lotto Online - Crack The International Lottery Jackpots\" \/>\n<meta property=\"article:modified_time\" content=\"2022-12-30T20:47:15+00:00\" \/>\n<meta property=\"og:image\" content=\"https:\/\/jackpotlotteryonline.com\/wp-content\/uploads\/2022\/10\/1_online_ticket_eurojackpot2.jpg\" \/>\n<meta name=\"twitter:card\" content=\"summary_large_image\" \/>\n<meta name=\"twitter:label1\" content=\"Dur\u00e9e de lecture estim\u00e9e\" \/>\n\t<meta name=\"twitter:data1\" content=\"4 minutes\" \/>\n<!-- \/ Yoast SEO plugin. -->","yoast_head_json":{"title":"Jouez \u00e0 l'Eurojackpot en ligne, m\u00eame depuis l'ext\u00e9rieur de l'Europe.","description":"Jouer \u00e0 l'Eurojackpot en ligne vous rapproche de votre statut de millionnaire !","robots":{"index":"index","follow":"follow","max-snippet":"max-snippet:-1","max-image-preview":"max-image-preview:large","max-video-preview":"max-video-preview:-1"},"canonical":"https:\/\/jackpotlotteryonline.com\/play-online\/eurojackpot\/","og_locale":"fr_FR","og_type":"article","og_title":"Jouez \u00e0 l'Eurojackpot en ligne, m\u00eame depuis l'ext\u00e9rieur de l'Europe.","og_description":"Jouer \u00e0 l'Eurojackpot en ligne vous rapproche de votre statut de millionnaire !","og_url":"https:\/\/jackpotlotteryonline.com\/play-online\/eurojackpot\/","og_site_name":"Lotto Online - Crack The International Lottery Jackpots","article_modified_time":"2022-12-30T20:47:15+00:00","og_image":[{"url":"https:\/\/jackpotlotteryonline.com\/wp-content\/uploads\/2022\/10\/1_online_ticket_eurojackpot2.jpg"}],"twitter_card":"summary_large_image","twitter_misc":{"Dur\u00e9e de lecture estim\u00e9e":"4 minutes"},"schema":{"@context":"https:\/\/schema.org","@graph":[{"@type":"WebPage","@id":"https:\/\/jackpotlotteryonline.com\/play-online\/eurojackpot\/","url":"https:\/\/jackpotlotteryonline.com\/play-online\/eurojackpot\/","name":"Jouez \u00e0 l'Eurojackpot en ligne, m\u00eame depuis l'ext\u00e9rieur de l'Europe.","isPartOf":{"@id":"https:\/\/jackpotlotteryonline.com\/#website"},"primaryImageOfPage":{"@id":"https:\/\/jackpotlotteryonline.com\/play-online\/eurojackpot\/#primaryimage"},"image":{"@id":"https:\/\/jackpotlotteryonline.com\/play-online\/eurojackpot\/#primaryimage"},"thumbnailUrl":"https:\/\/jackpotlotteryonline.com\/wp-content\/uploads\/2022\/10\/1_online_ticket_eurojackpot2.jpg","datePublished":"2022-11-03T09:33:55+00:00","dateModified":"2022-12-30T20:47:15+00:00","description":"Jouer \u00e0 l'Eurojackpot en ligne vous rapproche de votre statut de millionnaire !","breadcrumb":{"@id":"https:\/\/jackpotlotteryonline.com\/play-online\/eurojackpot\/#breadcrumb"},"inLanguage":"fr-FR","potentialAction":[{"@type":"ReadAction","target":["https:\/\/jackpotlotteryonline.com\/play-online\/eurojackpot\/"]}]},{"@type":"ImageObject","inLanguage":"fr-FR","@id":"https:\/\/jackpotlotteryonline.com\/play-online\/eurojackpot\/#primaryimage","url":"https:\/\/jackpotlotteryonline.com\/wp-content\/uploads\/2022\/10\/1_online_ticket_eurojackpot2.jpg","contentUrl":"https:\/\/jackpotlotteryonline.com\/wp-content\/uploads\/2022\/10\/1_online_ticket_eurojackpot2.jpg"},{"@type":"BreadcrumbList","@id":"https:\/\/jackpotlotteryonline.com\/play-online\/eurojackpot\/#breadcrumb","itemListElement":[{"@type":"ListItem","position":1,"name":"Home","item":"https:\/\/jackpotlotteryonline.com\/fr\/"},{"@type":"ListItem","position":2,"name":"Comment jouer","item":"https:\/\/jackpotlotteryonline.com\/fr\/comment-jouer\/"},{"@type":"ListItem","position":3,"name":"EuroJackpot"}]},{"@type":"WebSite","@id":"https:\/\/jackpotlotteryonline.com\/#website","url":"https:\/\/jackpotlotteryonline.com\/","name":"Lotto Online - Crack The International Lottery Jackpots","description":"","potentialAction":[{"@type":"SearchAction","target":{"@type":"EntryPoint","urlTemplate":"https:\/\/jackpotlotteryonline.com\/?s={search_term_string}"},"query-input":"required name=search_term_string"}],"inLanguage":"fr-FR"}]}},"_links":{"self":[{"href":"https:\/\/jackpotlotteryonline.com\/fr\/wp-json\/wp\/v2\/pages\/36064","targetHints":{"allow":["GET"]}}],"collection":[{"href":"https:\/\/jackpotlotteryonline.com\/fr\/wp-json\/wp\/v2\/pages"}],"about":[{"href":"https:\/\/jackpotlotteryonline.com\/fr\/wp-json\/wp\/v2\/types\/page"}],"author":[{"embeddable":true,"href":"https:\/\/jackpotlotteryonline.com\/fr\/wp-json\/wp\/v2\/users\/1"}],"replies":[{"embeddable":true,"href":"https:\/\/jackpotlotteryonline.com\/fr\/wp-json\/wp\/v2\/comments?post=36064"}],"version-history":[{"count":0,"href":"https:\/\/jackpotlotteryonline.com\/fr\/wp-json\/wp\/v2\/pages\/36064\/revisions"}],"up":[{"embeddable":true,"href":"https:\/\/jackpotlotteryonline.com\/fr\/wp-json\/wp\/v2\/pages\/35690"}],"wp:attachment":[{"href":"https:\/\/jackpotlotteryonline.com\/fr\/wp-json\/wp\/v2\/media?parent=36064"}],"curies":[{"name":"wp","href":"https:\/\/api.w.org\/{rel}","templated":true}]}}