{"id":36117,"date":"2022-11-03T12:43:33","date_gmt":"2022-11-03T12:43:33","guid":{"rendered":"https:\/\/jackpotlotteryonline.com\/?page_id=36117"},"modified":"2022-12-31T07:12:17","modified_gmt":"2022-12-31T07:12:17","slug":"superenalotto","status":"publish","type":"page","link":"https:\/\/jackpotlotteryonline.com\/fr\/comment-jouer\/superenalotto\/","title":{"rendered":"SuperEnaLotto Italie"},"content":{"rendered":"<h2>Superenalotto Italie<\/h2>\n<p>C&#8217;est <strong>la loterie italienne \u00e0 jackpot<\/strong> qui a \u00e9t\u00e9 tir\u00e9e pour la premi\u00e8re fois le 3 d\u00e9cembre 1997, et le jackpot en ligne du Superenalotto atteint tr\u00e8s souvent des sommes astronomiques. Il est tir\u00e9 tous les mardis, jeudis et samedis \u00e0 20 heures pr\u00e9cises. Avec les plus gros montants de jackpot en jeu, les chances de gagner cette loterie sont parmi les plus faibles. <strong>Le Superenalotto Italia<\/strong> est connu pour atteindre des montants de jackpot de plus de 250 millions d&#8217;euros.<\/p>\n<section class=\"layout\" style=\"border: solid 1px; width: 100%;\">\n<div class=\"img-div\" style=\"margin-top: 5px;\"><img decoding=\"async\" class=\"wp-image-17212 alignleft\" style=\"height: 45px; margin: 8px 8px 0px;\" src=\"https:\/\/jackpotlotteryonline.com\/wp-content\/uploads\/2022\/11\/read1.jpg\" alt=\"lire\" width=\"\" height=\"\" \/><\/div>\n<div style=\"padding-left: 5px;\">\n<div style=\"font-size: 1.1em;\">\n<p><strong>Loteries europ\u00e9ennes<\/strong><\/p>\n<p style=\"font-size: 0.85em; margin-top: -1.5em;\">Quelles sont les meilleures loteries europ\u00e9ennes ?<a href=\"https:\/\/jackpotlotteryonline.com\/fr\/quelles-sont-les-meilleures-loteries-europeennes\">\u00a0en savoir plus<\/a><\/p>\n<\/div>\n<\/div>\n<\/section>\n<h2>Comment fonctionne le Superenalotto<\/h2>\n<p><img loading=\"lazy\" decoding=\"async\" class=\"alignright wp-image-17735\" src=\"https:\/\/jackpotlotteryonline.com\/wp-content\/uploads\/2022\/10\/logo_superenalotto.png\" alt=\"jouer au superenalotto en ligne\" width=\"168\" height=\"178\" \/><\/p>\n<p><strong>Le Superenalotto<\/strong> consiste \u00e0 trouver 6 num\u00e9ros sur 90. <a href=\"https:\/\/jackpotlotteryonline.com\/fr\/numeros-gagnants\/superenalotto\">Le tirage principal <\/a>comprend le tirage des 6 num\u00e9ros, dont le num\u00e9ro Jolly, puis un deuxi\u00e8me tirage ind\u00e9pendant a lieu pour le num\u00e9ro Superstar. Pour avoir une chance de gagner quelque chose au <strong>Superenalotto Italia<\/strong>, il faut avoir au moins 3 num\u00e9ros identiques et les chances d&#8217;y parvenir sont de 1 sur 327. Pour gagner le jackpot, les chances sont de 1 sur 622 millions.<\/p>\n<p>Le num\u00e9ro Superstar co\u00fbte plus cher \u00e0 jouer, mais si vous \u00eates assez malin et chanceux pour le trouver, il peut multiplier le prix par 100. En fait, si vous obtenez le num\u00e9ro Superstar et que vous n&#8217;obtenez pas les six num\u00e9ros de base, vous pouvez \u00e9galement repartir avec un montant fixe en prix.<\/p>\n<h2>Que pouvez-vous gagner avec le Jackpot du Superenalotto ?<\/h2>\n<p>En 2022, <strong>le Superenalotto Italia propose le plus gros jackpot de son histoire, qui s&#8217;\u00e9l\u00e8ve actuellement \u00e0<\/strong> 295 millions d&#8217;euros. C&#8217;est de loin le plus gros jackpot \u00e0 gagner dans l&#8217;histoire du loto italien, et au moment o\u00f9 cette page est mise \u00e0 jour, aucun gagnant n&#8217;a encore \u00e9t\u00e9 trouv\u00e9 !<br \/>\n<img loading=\"lazy\" decoding=\"async\" class=\"alignright size-medium wp-image-19493\" src=\"https:\/\/jackpotlotteryonline.com\/wp-content\/uploads\/2022\/10\/2_ticket_superenalotto4-211x300.jpg\" alt=\"billet de superenalotto\" width=\"211\" height=\"300\" srcset=\"https:\/\/jackpotlotteryonline.com\/wp-content\/uploads\/2022\/10\/2_ticket_superenalotto4-211x300.jpg 211w, https:\/\/jackpotlotteryonline.com\/wp-content\/uploads\/2022\/10\/2_ticket_superenalotto4.jpg 300w\" sizes=\"auto, (max-width: 211px) 100vw, 211px\" \/><\/p>\n<p>Cependant, il n&#8217;y a aucune raison de se d\u00e9courager. En fait, plus les chances sont \u00e9lev\u00e9es, plus le jackpot \u00e0 gagner est important et plus la mont\u00e9e d&#8217;adr\u00e9naline est grande. La loterie a toujours \u00e9t\u00e9 un jeu de hasard et il y a de fortes chances que vous soyez le prochain chanceux.<\/p>\n<p>L&#8217;aspect le plus int\u00e9ressant du <strong>jackpot de la loterie en ligne Superena<\/strong> est que n&#8217;importe qui dans le monde peut y participer, m\u00eame en dehors de l&#8217;Italie, et la seule condition de participation est d&#8217;avoir plus de 18 ans.<strong> Notre site Web<\/strong> vous donne les <a href=\"https:\/\/jackpotlotteryonline.com\/fr\/acheter-tickets\/superenalotto\">meilleures chances de gagner le Superenalotto Italia<\/a> et si vous n&#8217;y avez pas encore jou\u00e9, vous n&#8217;\u00eates pas au bon endroit pour tenter votre chance.<\/p>\n<p>Une fois que vous \u00eates inscrit sur notre site et que vous avez v\u00e9rifi\u00e9 vos informations d&#8217;identification, tout ce qu&#8217;il vous reste \u00e0 faire est de s\u00e9lectionner vos num\u00e9ros et d&#8217;effectuer le paiement pour vous assurer que vous avez r\u00e9serv\u00e9 votre place dans le bus pour les millions. Notre repr\u00e9sentant local ach\u00e8tera votre billet sur place avec les num\u00e9ros que vous avez sp\u00e9cifi\u00e9s et s&#8217;assurera que vous pourrez voir un scan de ce billet peu de temps apr\u00e8s&#8230;.<\/p>\n<p>Si gagner <strong>le Superenalotto Italia<\/strong> est une question de chances d\u00e9favorables, vous pouvez \u00e9galement consulter les autres loteries du monde entier auxquelles vous pouvez jouer en ligne, avec l&#8217;aide de notre service.<\/p>\n<p>Choisissez vos jeux de hasard pr\u00e9f\u00e9r\u00e9s et augmentez vos pourcentages de gain en rejoignant d\u00e8s aujourd&#8217;hui la communaut\u00e9 de nos utilisateurs. Il est temps de mettre votre chance \u00e0 l&#8217;\u00e9preuve.<\/p>\n","protected":false},"excerpt":{"rendered":"<p>Superenalotto Italie C&#8217;est la loterie italienne \u00e0 jackpot qui a \u00e9t\u00e9 tir\u00e9e pour la premi\u00e8re fois le 3 d\u00e9cembre 1997, et le jackpot en ligne du Superenalotto atteint tr\u00e8s souvent des sommes astronomiques. Il est tir\u00e9 tous les mardis, jeudis et samedis \u00e0 20 heures pr\u00e9cises. Avec les plus gros montants de jackpot en jeu, [&hellip;]<\/p>\n","protected":false},"author":1,"featured_media":0,"parent":35690,"menu_order":5,"comment_status":"closed","ping_status":"closed","template":"superenalotto.php","meta":{"_et_pb_use_builder":"","_et_pb_old_content":"","_et_gb_content_width":"","exclude_from_search":false,"footnotes":""},"class_list":["post-36117","page","type-page","status-publish","hentry"],"yoast_head":"<!-- This site is optimized with the Yoast SEO plugin v23.3 - https:\/\/yoast.com\/wordpress\/plugins\/seo\/ -->\n<title>Jouez au SuperEnaLotto en ligne depuis l&#039;ext\u00e9rieur de l&#039;Italie.<\/title>\n<meta name=\"description\" content=\"Le Superenalotto peut sembler \u00eatre une noix difficile \u00e0 casser mais si vous touchez le jackpot, vous gagnez gros. Jouez au Superenalotto depuis l&#039;ext\u00e9rieur de l&#039;Italie ici !\" \/>\n<meta name=\"robots\" content=\"index, follow, max-snippet:-1, max-image-preview:large, max-video-preview:-1\" \/>\n<link rel=\"canonical\" href=\"https:\/\/jackpotlotteryonline.com\/play-online\/superenalotto\/\" \/>\n<meta property=\"og:locale\" content=\"fr_FR\" \/>\n<meta property=\"og:type\" content=\"article\" \/>\n<meta property=\"og:title\" content=\"Jouez au SuperEnaLotto en ligne depuis l&#039;ext\u00e9rieur de l&#039;Italie.\" \/>\n<meta property=\"og:description\" content=\"Le Superenalotto peut sembler \u00eatre une noix difficile \u00e0 casser mais si vous touchez le jackpot, vous gagnez gros. Jouez au Superenalotto depuis l&#039;ext\u00e9rieur de l&#039;Italie ici !\" \/>\n<meta property=\"og:url\" content=\"https:\/\/jackpotlotteryonline.com\/play-online\/superenalotto\/\" \/>\n<meta property=\"og:site_name\" content=\"Lotto Online - Crack The International Lottery Jackpots\" \/>\n<meta property=\"article:modified_time\" content=\"2022-12-31T07:12:17+00:00\" \/>\n<meta property=\"og:image\" content=\"https:\/\/jackpotlotteryonline.com\/wp-content\/uploads\/2022\/11\/read1.jpg\" \/>\n<meta name=\"twitter:card\" content=\"summary_large_image\" \/>\n<meta name=\"twitter:label1\" content=\"Dur\u00e9e de lecture estim\u00e9e\" \/>\n\t<meta name=\"twitter:data1\" content=\"3 minutes\" \/>\n<!-- \/ Yoast SEO plugin. -->","yoast_head_json":{"title":"Jouez au SuperEnaLotto en ligne depuis l'ext\u00e9rieur de l'Italie.","description":"Le Superenalotto peut sembler \u00eatre une noix difficile \u00e0 casser mais si vous touchez le jackpot, vous gagnez gros. Jouez au Superenalotto depuis l'ext\u00e9rieur de l'Italie ici !","robots":{"index":"index","follow":"follow","max-snippet":"max-snippet:-1","max-image-preview":"max-image-preview:large","max-video-preview":"max-video-preview:-1"},"canonical":"https:\/\/jackpotlotteryonline.com\/play-online\/superenalotto\/","og_locale":"fr_FR","og_type":"article","og_title":"Jouez au SuperEnaLotto en ligne depuis l'ext\u00e9rieur de l'Italie.","og_description":"Le Superenalotto peut sembler \u00eatre une noix difficile \u00e0 casser mais si vous touchez le jackpot, vous gagnez gros. Jouez au Superenalotto depuis l'ext\u00e9rieur de l'Italie ici !","og_url":"https:\/\/jackpotlotteryonline.com\/play-online\/superenalotto\/","og_site_name":"Lotto Online - Crack The International Lottery Jackpots","article_modified_time":"2022-12-31T07:12:17+00:00","og_image":[{"url":"https:\/\/jackpotlotteryonline.com\/wp-content\/uploads\/2022\/11\/read1.jpg"}],"twitter_card":"summary_large_image","twitter_misc":{"Dur\u00e9e de lecture estim\u00e9e":"3 minutes"},"schema":{"@context":"https:\/\/schema.org","@graph":[{"@type":"WebPage","@id":"https:\/\/jackpotlotteryonline.com\/play-online\/superenalotto\/","url":"https:\/\/jackpotlotteryonline.com\/play-online\/superenalotto\/","name":"Jouez au SuperEnaLotto en ligne depuis l'ext\u00e9rieur de l'Italie.","isPartOf":{"@id":"https:\/\/jackpotlotteryonline.com\/#website"},"primaryImageOfPage":{"@id":"https:\/\/jackpotlotteryonline.com\/play-online\/superenalotto\/#primaryimage"},"image":{"@id":"https:\/\/jackpotlotteryonline.com\/play-online\/superenalotto\/#primaryimage"},"thumbnailUrl":"https:\/\/jackpotlotteryonline.com\/wp-content\/uploads\/2022\/11\/read1.jpg","datePublished":"2022-11-03T12:43:33+00:00","dateModified":"2022-12-31T07:12:17+00:00","description":"Le Superenalotto peut sembler \u00eatre une noix difficile \u00e0 casser mais si vous touchez le jackpot, vous gagnez gros. Jouez au Superenalotto depuis l'ext\u00e9rieur de l'Italie ici !","breadcrumb":{"@id":"https:\/\/jackpotlotteryonline.com\/play-online\/superenalotto\/#breadcrumb"},"inLanguage":"fr-FR","potentialAction":[{"@type":"ReadAction","target":["https:\/\/jackpotlotteryonline.com\/play-online\/superenalotto\/"]}]},{"@type":"ImageObject","inLanguage":"fr-FR","@id":"https:\/\/jackpotlotteryonline.com\/play-online\/superenalotto\/#primaryimage","url":"https:\/\/jackpotlotteryonline.com\/wp-content\/uploads\/2022\/11\/read1.jpg","contentUrl":"https:\/\/jackpotlotteryonline.com\/wp-content\/uploads\/2022\/11\/read1.jpg"},{"@type":"BreadcrumbList","@id":"https:\/\/jackpotlotteryonline.com\/play-online\/superenalotto\/#breadcrumb","itemListElement":[{"@type":"ListItem","position":1,"name":"Home","item":"https:\/\/jackpotlotteryonline.com\/fr\/"},{"@type":"ListItem","position":2,"name":"Comment jouer","item":"https:\/\/jackpotlotteryonline.com\/fr\/comment-jouer\/"},{"@type":"ListItem","position":3,"name":"SuperEnaLotto Italie"}]},{"@type":"WebSite","@id":"https:\/\/jackpotlotteryonline.com\/#website","url":"https:\/\/jackpotlotteryonline.com\/","name":"Lotto Online - Crack The International Lottery Jackpots","description":"","potentialAction":[{"@type":"SearchAction","target":{"@type":"EntryPoint","urlTemplate":"https:\/\/jackpotlotteryonline.com\/?s={search_term_string}"},"query-input":"required name=search_term_string"}],"inLanguage":"fr-FR"}]}},"_links":{"self":[{"href":"https:\/\/jackpotlotteryonline.com\/fr\/wp-json\/wp\/v2\/pages\/36117","targetHints":{"allow":["GET"]}}],"collection":[{"href":"https:\/\/jackpotlotteryonline.com\/fr\/wp-json\/wp\/v2\/pages"}],"about":[{"href":"https:\/\/jackpotlotteryonline.com\/fr\/wp-json\/wp\/v2\/types\/page"}],"author":[{"embeddable":true,"href":"https:\/\/jackpotlotteryonline.com\/fr\/wp-json\/wp\/v2\/users\/1"}],"replies":[{"embeddable":true,"href":"https:\/\/jackpotlotteryonline.com\/fr\/wp-json\/wp\/v2\/comments?post=36117"}],"version-history":[{"count":0,"href":"https:\/\/jackpotlotteryonline.com\/fr\/wp-json\/wp\/v2\/pages\/36117\/revisions"}],"up":[{"embeddable":true,"href":"https:\/\/jackpotlotteryonline.com\/fr\/wp-json\/wp\/v2\/pages\/35690"}],"wp:attachment":[{"href":"https:\/\/jackpotlotteryonline.com\/fr\/wp-json\/wp\/v2\/media?parent=36117"}],"curies":[{"name":"wp","href":"https:\/\/api.w.org\/{rel}","templated":true}]}}