{"id":36176,"date":"2022-11-04T06:15:14","date_gmt":"2022-11-04T06:15:14","guid":{"rendered":"https:\/\/jackpotlotteryonline.com\/?page_id=36176"},"modified":"2023-01-03T08:22:44","modified_gmt":"2023-01-03T08:22:44","slug":"el-gordo","status":"publish","type":"page","link":"https:\/\/jackpotlotteryonline.com\/fr\/comment-jouer\/el-gordo\/","title":{"rendered":"Jouer au Loto El Gordo Espagne"},"content":{"rendered":"<h2>Jackpot du loto en ligne El Gordo<\/h2>\n<p><img loading=\"lazy\" decoding=\"async\" class=\"alignright wp-image-18709\" src=\"https:\/\/jackpotlotteryonline.com\/wp-content\/uploads\/2022\/10\/2_ticket_el_gordo3-218x300.jpg\" alt=\"billet el gordo\" width=\"174\" height=\"239\" srcset=\"https:\/\/jackpotlotteryonline.com\/wp-content\/uploads\/2022\/10\/2_ticket_el_gordo3-218x300.jpg 218w, https:\/\/jackpotlotteryonline.com\/wp-content\/uploads\/2022\/10\/2_ticket_el_gordo3.jpg 570w\" sizes=\"auto, (max-width: 174px) 100vw, 174px\" \/><\/p>\n<p>L&#8217;Espagnol moyen a d\u00e9pens\u00e9 la somme impressionnante de 60 \u20ac pour le jackpot du loto El Gordo en 2009. Le chiffre de 60 \u20ac peut sembler insignifiant, mais si vous le multipliez par la population espagnole, vous pouvez \u00eatre stup\u00e9fait. Plus connue pour l&#8217;\u00e9dition de No\u00ebl de la loterie espagnole, la loterie El Gordo est \u00e9galement un \u00e9v\u00e9nement hebdomadaire.<\/p>\n<p>Il s&#8217;agit d&#8217;une loterie avec <a href=\"https:\/\/jackpotlotteryonline.com\/fr\/numeros-gagnants\/el-gordo-draw-results\">un tirage par semaine (chaque dimanche)<\/a>, et vous devez choisir 5 num\u00e9ros parmi une gamme de 54 num\u00e9ros. Le nom El Gordo signifie d&#8217;ailleurs en espagnol &#8220;le gros&#8221;.<\/p>\n<h2>Le tirage de No\u00ebl El Gordo<\/h2>\n<p>Jou\u00e9 une fois par an au moment de No\u00ebl, El Gordo Navidad est tr\u00e8s diff\u00e9rent des autres loteries comparables dans le monde, car il n&#8217;y a que 85000 num\u00e9ros de loterie disponibles (de 00000 \u00e0 84999) et le tirage de la loterie est un \u00e9v\u00e9nement tr\u00e8s sp\u00e9cial qui prend beaucoup de temps \u00e0 mettre en place et \u00e0 ex\u00e9cuter.<\/p>\n<section class=\"layout\" style=\"border: solid 1px; width: 100%;\">\n<div class=\"img-div\" style=\"margin-top: 5px;\"><img decoding=\"async\" class=\"wp-image-17212 alignleft\" style=\"height: 45px; margin: 8px 8px 0px;\" src=\"https:\/\/jackpotlotteryonline.com\/wp-content\/uploads\/2022\/11\/read1.jpg\" alt=\"lire\" width=\"\" height=\"\" \/><\/div>\n<div style=\"padding-left: 5px;\">\n<div style=\"font-size: 1.1em;\">\n<p><strong>Ne manquez pas les tirages des plus gros jackpots de la loterie mondiale.<\/strong><\/p>\n<p style=\"font-size: 0.85em; margin-top: -1.5em;\">Une liste des heures de tirage des loteries internationales\u00a0 <a href=\"https:\/\/jackpotlotteryonline.com\/fr\/quelles-sont-les-heures-de-tirage-des-loteries-internationales-2\">en savoir plus<\/a><\/p>\n<\/div>\n<\/div>\n<\/section>\n<h2>Pourquoi le El Gordo de No\u00ebl est-il unique ?<\/h2>\n<p><img loading=\"lazy\" decoding=\"async\" class=\"alignright size-full wp-image-17870\" src=\"https:\/\/jackpotlotteryonline.com\/wp-content\/uploads\/2022\/10\/lotto_euros.jpg\" alt=\"gagner No\u00ebl El Gordo\" width=\"225\" height=\"134\" \/><\/p>\n<p>Le tirage lui-m\u00eame est unique et diff\u00e9rent. Il n&#8217;y a pratiquement aucune machine ou technologie impliqu\u00e9e. Une \u00e9norme sph\u00e8re est remplie de boules en bois, chacune d&#8217;entre elles portant l&#8217;un des num\u00e9ros \u00e0 5 chiffres. Une deuxi\u00e8me sph\u00e8re contient les boules avec les prix. Le tirage au sort est effectu\u00e9 par deux enfants, qui retirent une boule de chaque sph\u00e8re, laquelle d\u00e9finit le num\u00e9ro gagnant et le prix que ce num\u00e9ro a remport\u00e9.<\/p>\n<p>Enti\u00e8rement tir\u00e9 par des mains humaines, le jackpot du loto El Gordo Online est tr\u00e8s unique et l&#8217;un des plus recherch\u00e9s en Europe continentale. Il y a trois premiers prix et plus de 1000 petits prix, et les num\u00e9ros qui correspondent partiellement aux trois premiers prix gagnent \u00e9galement quelque chose. Cela augmente donc consid\u00e9rablement les chances de gagner.<\/p>\n<p>El Gordo est l&#8217;un des plus gros jackpots de loterie au monde, avec des gains totaux de plus de 3 milliards d&#8217;euros chaque ann\u00e9e (\u00e0 l&#8217;heure actuelle et en constante augmentation). Vous n&#8217;avez pas besoin d&#8217;\u00eatre espagnol ou citoyen europ\u00e9en, toute personne de plus de 18 ans peut jouer au loto El Gordo.<\/p>\n<h2>Comment et pourquoi jouer au El Gordo en ligne ?<\/h2>\n<p>Inscrivez-vous sur notre site Web d\u00e8s aujourd&#8217;hui pour \u00eatre s\u00fbr de r\u00e9server votre si\u00e8ge vers la richesse. Nous aiderons les joueurs de l&#8217;ext\u00e9rieur de l&#8217;Espagne \u00e0 participer \u00e0 la loterie El Gordo. Tout ce que vous avez \u00e0 faire est de cr\u00e9er votre compte, choisir vos num\u00e9ros et effectuer le paiement. Ensuite, nous ferons en sorte <a href=\"https:\/\/jackpotlotteryonline.com\/fr\/acheter-tickets\/el-gordo\">qu&#8217;un billet soit achet\u00e9 en votre nom pour le jackpot du loto El Gordo<\/a>. Le ticket portant les num\u00e9ros que vous avez choisis sera scann\u00e9 pour vous et, si vous gagnez une fortune, nous ferons en sorte que l&#8217;argent vous parvienne le plus rapidement possible. Il est recommand\u00e9 de r\u00e9server d\u00e8s aujourd&#8217;hui votre ticket avec vos num\u00e9ros pr\u00e9f\u00e9r\u00e9s.<\/p>\n","protected":false},"excerpt":{"rendered":"<p>Jackpot du loto en ligne El Gordo L&#8217;Espagnol moyen a d\u00e9pens\u00e9 la somme impressionnante de 60 \u20ac pour le jackpot du loto El Gordo en 2009. Le chiffre de 60 \u20ac peut sembler insignifiant, mais si vous le multipliez par la population espagnole, vous pouvez \u00eatre stup\u00e9fait. Plus connue pour l&#8217;\u00e9dition de No\u00ebl de la [&hellip;]<\/p>\n","protected":false},"author":1,"featured_media":0,"parent":35690,"menu_order":6,"comment_status":"closed","ping_status":"closed","template":"el-gordo.php","meta":{"_et_pb_use_builder":"","_et_pb_old_content":"","_et_gb_content_width":"","exclude_from_search":false,"footnotes":""},"class_list":["post-36176","page","type-page","status-publish","hentry"],"yoast_head":"<!-- This site is optimized with the Yoast SEO plugin v23.3 - https:\/\/yoast.com\/wordpress\/plugins\/seo\/ -->\n<title>Jouez au loto El Gordo d&#039;Espagne en ligne - m\u00eame depuis l&#039;\u00e9tranger.<\/title>\n<meta name=\"description\" content=\"Le jackpot du loto El Gordo en ligne est l&#039;un des plus gros jackpots du monde et peut \u00eatre jou\u00e9 en ligne depuis des pays autres que l&#039;Espagne.\" \/>\n<meta name=\"robots\" content=\"index, follow, max-snippet:-1, max-image-preview:large, max-video-preview:-1\" \/>\n<link rel=\"canonical\" href=\"https:\/\/jackpotlotteryonline.com\/play-online\/el-gordo\/\" \/>\n<meta property=\"og:locale\" content=\"fr_FR\" \/>\n<meta property=\"og:type\" content=\"article\" \/>\n<meta property=\"og:title\" content=\"Jouez au loto El Gordo d&#039;Espagne en ligne - m\u00eame depuis l&#039;\u00e9tranger.\" \/>\n<meta property=\"og:description\" content=\"Le jackpot du loto El Gordo en ligne est l&#039;un des plus gros jackpots du monde et peut \u00eatre jou\u00e9 en ligne depuis des pays autres que l&#039;Espagne.\" \/>\n<meta property=\"og:url\" content=\"https:\/\/jackpotlotteryonline.com\/play-online\/el-gordo\/\" \/>\n<meta property=\"og:site_name\" content=\"Lotto Online - Crack The International Lottery Jackpots\" \/>\n<meta property=\"article:modified_time\" content=\"2023-01-03T08:22:44+00:00\" \/>\n<meta property=\"og:image\" content=\"https:\/\/jackpotlotteryonline.com\/wp-content\/uploads\/2022\/10\/2_ticket_el_gordo3-218x300.jpg\" \/>\n<meta name=\"twitter:card\" content=\"summary_large_image\" \/>\n<meta name=\"twitter:label1\" content=\"Dur\u00e9e de lecture estim\u00e9e\" \/>\n\t<meta name=\"twitter:data1\" content=\"3 minutes\" \/>\n<!-- \/ Yoast SEO plugin. -->","yoast_head_json":{"title":"Jouez au loto El Gordo d'Espagne en ligne - m\u00eame depuis l'\u00e9tranger.","description":"Le jackpot du loto El Gordo en ligne est l'un des plus gros jackpots du monde et peut \u00eatre jou\u00e9 en ligne depuis des pays autres que l'Espagne.","robots":{"index":"index","follow":"follow","max-snippet":"max-snippet:-1","max-image-preview":"max-image-preview:large","max-video-preview":"max-video-preview:-1"},"canonical":"https:\/\/jackpotlotteryonline.com\/play-online\/el-gordo\/","og_locale":"fr_FR","og_type":"article","og_title":"Jouez au loto El Gordo d'Espagne en ligne - m\u00eame depuis l'\u00e9tranger.","og_description":"Le jackpot du loto El Gordo en ligne est l'un des plus gros jackpots du monde et peut \u00eatre jou\u00e9 en ligne depuis des pays autres que l'Espagne.","og_url":"https:\/\/jackpotlotteryonline.com\/play-online\/el-gordo\/","og_site_name":"Lotto Online - Crack The International Lottery Jackpots","article_modified_time":"2023-01-03T08:22:44+00:00","og_image":[{"url":"https:\/\/jackpotlotteryonline.com\/wp-content\/uploads\/2022\/10\/2_ticket_el_gordo3-218x300.jpg"}],"twitter_card":"summary_large_image","twitter_misc":{"Dur\u00e9e de lecture estim\u00e9e":"3 minutes"},"schema":{"@context":"https:\/\/schema.org","@graph":[{"@type":"WebPage","@id":"https:\/\/jackpotlotteryonline.com\/play-online\/el-gordo\/","url":"https:\/\/jackpotlotteryonline.com\/play-online\/el-gordo\/","name":"Jouez au loto El Gordo d'Espagne en ligne - m\u00eame depuis l'\u00e9tranger.","isPartOf":{"@id":"https:\/\/jackpotlotteryonline.com\/#website"},"primaryImageOfPage":{"@id":"https:\/\/jackpotlotteryonline.com\/play-online\/el-gordo\/#primaryimage"},"image":{"@id":"https:\/\/jackpotlotteryonline.com\/play-online\/el-gordo\/#primaryimage"},"thumbnailUrl":"https:\/\/jackpotlotteryonline.com\/wp-content\/uploads\/2022\/10\/2_ticket_el_gordo3-218x300.jpg","datePublished":"2022-11-04T06:15:14+00:00","dateModified":"2023-01-03T08:22:44+00:00","description":"Le jackpot du loto El Gordo en ligne est l'un des plus gros jackpots du monde et peut \u00eatre jou\u00e9 en ligne depuis des pays autres que l'Espagne.","breadcrumb":{"@id":"https:\/\/jackpotlotteryonline.com\/play-online\/el-gordo\/#breadcrumb"},"inLanguage":"fr-FR","potentialAction":[{"@type":"ReadAction","target":["https:\/\/jackpotlotteryonline.com\/play-online\/el-gordo\/"]}]},{"@type":"ImageObject","inLanguage":"fr-FR","@id":"https:\/\/jackpotlotteryonline.com\/play-online\/el-gordo\/#primaryimage","url":"https:\/\/jackpotlotteryonline.com\/wp-content\/uploads\/2022\/10\/2_ticket_el_gordo3-218x300.jpg","contentUrl":"https:\/\/jackpotlotteryonline.com\/wp-content\/uploads\/2022\/10\/2_ticket_el_gordo3-218x300.jpg"},{"@type":"BreadcrumbList","@id":"https:\/\/jackpotlotteryonline.com\/play-online\/el-gordo\/#breadcrumb","itemListElement":[{"@type":"ListItem","position":1,"name":"Home","item":"https:\/\/jackpotlotteryonline.com\/fr\/"},{"@type":"ListItem","position":2,"name":"Comment jouer","item":"https:\/\/jackpotlotteryonline.com\/fr\/comment-jouer\/"},{"@type":"ListItem","position":3,"name":"Jouer au Loto El Gordo Espagne"}]},{"@type":"WebSite","@id":"https:\/\/jackpotlotteryonline.com\/#website","url":"https:\/\/jackpotlotteryonline.com\/","name":"Lotto Online - Crack The International Lottery Jackpots","description":"","potentialAction":[{"@type":"SearchAction","target":{"@type":"EntryPoint","urlTemplate":"https:\/\/jackpotlotteryonline.com\/?s={search_term_string}"},"query-input":"required name=search_term_string"}],"inLanguage":"fr-FR"}]}},"_links":{"self":[{"href":"https:\/\/jackpotlotteryonline.com\/fr\/wp-json\/wp\/v2\/pages\/36176","targetHints":{"allow":["GET"]}}],"collection":[{"href":"https:\/\/jackpotlotteryonline.com\/fr\/wp-json\/wp\/v2\/pages"}],"about":[{"href":"https:\/\/jackpotlotteryonline.com\/fr\/wp-json\/wp\/v2\/types\/page"}],"author":[{"embeddable":true,"href":"https:\/\/jackpotlotteryonline.com\/fr\/wp-json\/wp\/v2\/users\/1"}],"replies":[{"embeddable":true,"href":"https:\/\/jackpotlotteryonline.com\/fr\/wp-json\/wp\/v2\/comments?post=36176"}],"version-history":[{"count":0,"href":"https:\/\/jackpotlotteryonline.com\/fr\/wp-json\/wp\/v2\/pages\/36176\/revisions"}],"up":[{"embeddable":true,"href":"https:\/\/jackpotlotteryonline.com\/fr\/wp-json\/wp\/v2\/pages\/35690"}],"wp:attachment":[{"href":"https:\/\/jackpotlotteryonline.com\/fr\/wp-json\/wp\/v2\/media?parent=36176"}],"curies":[{"name":"wp","href":"https:\/\/api.w.org\/{rel}","templated":true}]}}