{"id":36234,"date":"2022-11-04T07:56:54","date_gmt":"2022-11-04T07:56:54","guid":{"rendered":"https:\/\/jackpotlotteryonline.com\/?page_id=36234"},"modified":"2022-12-31T10:37:31","modified_gmt":"2022-12-31T10:37:31","slug":"france-lotto","status":"publish","type":"page","link":"https:\/\/jackpotlotteryonline.com\/fr\/comment-jouer\/france-lotto\/","title":{"rendered":"Jouez \u00e0 la loterie fran\u00e7aise"},"content":{"rendered":"<h2>France Lotto en ligne<\/h2>\n<p><img loading=\"lazy\" decoding=\"async\" class=\"alignright size-full wp-image-18410\" src=\"https:\/\/jackpotlotteryonline.com\/wp-content\/uploads\/2022\/10\/win_big.jpg\" alt=\"jouer au loto fran\u00e7ais en ligne\" width=\"224\" height=\"134\" \/><\/p>\n<p>France Lotto est l&#8217;une des plus anciennes loteries europ\u00e9ennes organis\u00e9es et est organis\u00e9e et g\u00e9r\u00e9e par le groupe Francaise des Jeux. Il est tr\u00e8s populaire en France et dans d&#8217;autres parties de l&#8217;Europe. Les Fran\u00e7ais \u00e9tant de grands amateurs de jeux de hasard, le<a href=\"https:\/\/jackpotlotteryonline.com\/fr\/numeros-gagnants\/france-lotto-2\"> France Lotto en ligne est tir\u00e9 trois fois par semaine (lundi, mercredi et samedi)<\/a>, contrairement \u00e0 la plupart des autres loteries europ\u00e9ennes qui ne sont tir\u00e9es que deux fois par semaine. Le total des prix distribu\u00e9s par le Loto fran\u00e7ais est estim\u00e9 \u00e0 plus de 4,4 milliards par an et il est assorti d&#8217;un gros jackpot.<\/p>\n<p>Vous n&#8217;avez pas besoin de r\u00e9sider en France &#8211; <strong>jouer au loto fran\u00e7ais depuis l&#8217;\u00e9tranger est possible en ligne avec notre assistance.<\/strong><\/p>\n<p>Par rapport aux autres loteries europ\u00e9ennes, le Loto fran\u00e7ais en ligne voit une augmentation majeure des jackpots qu&#8217;il propose puisque le jackpot augmente d&#8217;un million d&#8217;euros. Avec trois tirages hebdomadaires, il s&#8217;accumule et augmente assez rapidement jusqu&#8217;\u00e0 ce qu&#8217;il soit gagn\u00e9. Le fait que le jackpot ne soit pas consid\u00e9r\u00e9 comme le plus \u00e9lev\u00e9 des loteries prouve que le jackpot est gagn\u00e9 plus souvent que dans les autres loteries.<\/p>\n<p>On dit que France Lotto en ligne a cr\u00e9\u00e9 plus de millionnaires que la plupart des autres loteries comparables en Europe. Vous devriez tenter votre chance et <a href=\"https:\/\/jackpotlotteryonline.com\/fr\/acheter-tickets\/lotto-france\">acheter un ticket en ligne pour France Lotto<\/a> et devenir le prochain millionnaire.<\/p>\n<p>Nous sommes l\u00e0 pour vous aider \u00e0 jouer au France Lotto en ligne. Jouer \u00e0 ce jeu est simple comme bonjour et nous vous aiderons tout au long de votre parcours.<\/p>\n<section class=\"layout\" style=\"border: solid 1px; width: 100%;\">\n<div class=\"img-div\" style=\"margin-top: 5px;\"><img decoding=\"async\" class=\"wp-image-17212 alignleft\" style=\"height: 45px; margin: 8px 8px 0px;\" src=\"https:\/\/jackpotlotteryonline.com\/wp-content\/uploads\/2022\/11\/read1.jpg\" alt=\"lire\" width=\"\" height=\"\" \/><\/div>\n<div style=\"padding-left: 5px;\">\n<div style=\"font-size: 1.1em;\">\n<p><strong>Regardez vos num\u00e9ros de loterie \u00eatre tir\u00e9s en direct<\/strong><\/p>\n<p style=\"font-size: 0.85em; margin-top: -1.5em;\">Comment regarder les tirages en direct de vos loteries pr\u00e9f\u00e9r\u00e9es ?\u00a0 <a href=\"https:\/\/jackpotlotteryonline.com\/fr\/regardez-vos-numeros-de-loterie-etre-tires-en-direct\">en savoir plus<\/a><\/p>\n<\/div>\n<\/div>\n<\/section>\n<h2><strong>Comment jouer au France Lotto en ligne ?<\/strong><\/h2>\n<p><img loading=\"lazy\" decoding=\"async\" class=\"alignright wp-image-27131\" src=\"https:\/\/jackpotlotteryonline.com\/wp-content\/uploads\/2022\/11\/1_jckpot_win_online.jpg\" alt=\"jackpot du loto fran\u00e7ais\" width=\"159\" height=\"159\" srcset=\"https:\/\/jackpotlotteryonline.com\/wp-content\/uploads\/2022\/11\/1_jckpot_win_online.jpg 300w, https:\/\/jackpotlotteryonline.com\/wp-content\/uploads\/2022\/11\/1_jckpot_win_online-100x100.jpg 100w, https:\/\/jackpotlotteryonline.com\/wp-content\/uploads\/2022\/11\/1_jckpot_win_online-150x150.jpg 150w\" sizes=\"auto, (max-width: 159px) 100vw, 159px\" \/><\/p>\n<p>Comme toute autre loterie, le loto fran\u00e7ais consiste \u00e0 choisir 5 num\u00e9ros parmi 49 et un seul num\u00e9ro parmi un autre groupe de 10 num\u00e9ros. L&#8217;achat d&#8217;un ticket est facile, d\u00e8s que vous passez votre commande par notre interm\u00e9diaire, nous achetons un ticket en votre nom. Juste apr\u00e8s l&#8217;achat, vous pouvez voir les num\u00e9ros que vous avez choisis dans votre compte, et un peu plus tard, un scan de votre participation sera \u00e9galement visible dans votre compte.<\/p>\n<p>Si vous \u00eates sceptique quant \u00e0 la s\u00e9lection des num\u00e9ros, nous avons \u00e9galement un g\u00e9n\u00e9rateur de num\u00e9ros de loterie et l&#8217;option Quick Pick de France Lotto online permet de jouer des num\u00e9ros al\u00e9atoires.<\/p>\n<p>Vous devez \u00eatre \u00e2g\u00e9 de plus de 18 ans pour acheter un ticket de France Lotto en ligne et avant de le faire par notre interm\u00e9diaire, vous pouvez faire quelques recherches sur les r\u00e9sultats pass\u00e9s, pour vous aider \u00e0 s\u00e9lectionner vos propres num\u00e9ros de chance.<\/p>\n<h2>R\u00e9cup\u00e9rer vos prix du France lotto online<\/h2>\n<p>Outre le jackpot, le France Lotto en ligne offre \u00e9galement d&#8217;autres prix pour les num\u00e9ros correspondants. Contrairement aux loteries am\u00e9ricaines, les prix sont pay\u00e9s en totalit\u00e9 et en esp\u00e8ces. Vous devrez faire vos r\u00e9clamations dans un d\u00e9lai de 2 mois \u00e0 compter de la date du tirage, ce pour quoi nous vous aiderons. Les gains inf\u00e9rieurs \u00e0 2500 euros seront cr\u00e9dit\u00e9s sur votre compte sur notre site Web. Les gains sup\u00e9rieurs \u00e0 ce montant doivent \u00eatre adress\u00e9s au centre de paiement de la Fran\u00e7aise des Jeux.<\/p>\n<p>Si vous jouez par notre interm\u00e9diaire, nous vous aiderons \u00e9galement \u00e0 r\u00e9cup\u00e9rer vos prix en r\u00e9clamant en votre nom et en veillant \u00e0 ce que le prix vous soit livr\u00e9 le plus rapidement possible. Venez vous inscrire gratuitement aujourd&#8217;hui et r\u00e9clamez des avantages impr\u00e9vus !<\/p>\n<p>Tous les prix gagn\u00e9s \u00e0 France Lotto sont pay\u00e9s sans imp\u00f4ts !<\/p>\n","protected":false},"excerpt":{"rendered":"<p>France Lotto en ligne France Lotto est l&#8217;une des plus anciennes loteries europ\u00e9ennes organis\u00e9es et est organis\u00e9e et g\u00e9r\u00e9e par le groupe Francaise des Jeux. Il est tr\u00e8s populaire en France et dans d&#8217;autres parties de l&#8217;Europe. Les Fran\u00e7ais \u00e9tant de grands amateurs de jeux de hasard, le France Lotto en ligne est tir\u00e9 trois [&hellip;]<\/p>\n","protected":false},"author":1,"featured_media":0,"parent":35690,"menu_order":9,"comment_status":"closed","ping_status":"closed","template":"lotto-fr.php","meta":{"_et_pb_use_builder":"","_et_pb_old_content":"","_et_gb_content_width":"","exclude_from_search":false,"footnotes":""},"class_list":["post-36234","page","type-page","status-publish","hentry"],"yoast_head":"<!-- This site is optimized with the Yoast SEO plugin v23.3 - https:\/\/yoast.com\/wordpress\/plugins\/seo\/ -->\n<title>Participez au France Lotto en ligne, depuis l&#039;\u00e9tranger.<\/title>\n<meta name=\"description\" content=\"Acheter un billet pour France lotto \u00e0 ici - nous permettons aux fans de loto de l&#039;ext\u00e9rieur de la France d&#039;obtenir un billet pour cette loterie populaire.\" \/>\n<meta name=\"robots\" content=\"index, follow, max-snippet:-1, max-image-preview:large, max-video-preview:-1\" \/>\n<link rel=\"canonical\" href=\"https:\/\/jackpotlotteryonline.com\/fr\/comment-jouer\/france-lotto\/\" \/>\n<meta property=\"og:locale\" content=\"fr_FR\" \/>\n<meta property=\"og:type\" content=\"article\" \/>\n<meta property=\"og:title\" content=\"Participez au France Lotto en ligne, depuis l&#039;\u00e9tranger.\" \/>\n<meta property=\"og:description\" content=\"Acheter un billet pour France lotto \u00e0 ici - nous permettons aux fans de loto de l&#039;ext\u00e9rieur de la France d&#039;obtenir un billet pour cette loterie populaire.\" \/>\n<meta property=\"og:url\" content=\"https:\/\/jackpotlotteryonline.com\/fr\/comment-jouer\/france-lotto\/\" \/>\n<meta property=\"og:site_name\" content=\"Lotto Online - Crack The International Lottery Jackpots\" \/>\n<meta property=\"article:modified_time\" content=\"2022-12-31T10:37:31+00:00\" \/>\n<meta property=\"og:image\" content=\"https:\/\/jackpotlotteryonline.com\/wp-content\/uploads\/2022\/10\/win_big.jpg\" \/>\n<meta name=\"twitter:card\" content=\"summary_large_image\" \/>\n<meta name=\"twitter:label1\" content=\"Dur\u00e9e de lecture estim\u00e9e\" \/>\n\t<meta name=\"twitter:data1\" content=\"3 minutes\" \/>\n<!-- \/ Yoast SEO plugin. -->","yoast_head_json":{"title":"Participez au France Lotto en ligne, depuis l'\u00e9tranger.","description":"Acheter un billet pour France lotto \u00e0 ici - nous permettons aux fans de loto de l'ext\u00e9rieur de la France d'obtenir un billet pour cette loterie populaire.","robots":{"index":"index","follow":"follow","max-snippet":"max-snippet:-1","max-image-preview":"max-image-preview:large","max-video-preview":"max-video-preview:-1"},"canonical":"https:\/\/jackpotlotteryonline.com\/fr\/comment-jouer\/france-lotto\/","og_locale":"fr_FR","og_type":"article","og_title":"Participez au France Lotto en ligne, depuis l'\u00e9tranger.","og_description":"Acheter un billet pour France lotto \u00e0 ici - nous permettons aux fans de loto de l'ext\u00e9rieur de la France d'obtenir un billet pour cette loterie populaire.","og_url":"https:\/\/jackpotlotteryonline.com\/fr\/comment-jouer\/france-lotto\/","og_site_name":"Lotto Online - Crack The International Lottery Jackpots","article_modified_time":"2022-12-31T10:37:31+00:00","og_image":[{"url":"https:\/\/jackpotlotteryonline.com\/wp-content\/uploads\/2022\/10\/win_big.jpg"}],"twitter_card":"summary_large_image","twitter_misc":{"Dur\u00e9e de lecture estim\u00e9e":"3 minutes"},"schema":{"@context":"https:\/\/schema.org","@graph":[{"@type":"WebPage","@id":"https:\/\/jackpotlotteryonline.com\/fr\/comment-jouer\/france-lotto\/","url":"https:\/\/jackpotlotteryonline.com\/fr\/comment-jouer\/france-lotto\/","name":"Participez au France Lotto en ligne, depuis l'\u00e9tranger.","isPartOf":{"@id":"https:\/\/jackpotlotteryonline.com\/#website"},"primaryImageOfPage":{"@id":"https:\/\/jackpotlotteryonline.com\/fr\/comment-jouer\/france-lotto\/#primaryimage"},"image":{"@id":"https:\/\/jackpotlotteryonline.com\/fr\/comment-jouer\/france-lotto\/#primaryimage"},"thumbnailUrl":"https:\/\/jackpotlotteryonline.com\/wp-content\/uploads\/2022\/10\/win_big.jpg","datePublished":"2022-11-04T07:56:54+00:00","dateModified":"2022-12-31T10:37:31+00:00","description":"Acheter un billet pour France lotto \u00e0 ici - nous permettons aux fans de loto de l'ext\u00e9rieur de la France d'obtenir un billet pour cette loterie populaire.","breadcrumb":{"@id":"https:\/\/jackpotlotteryonline.com\/fr\/comment-jouer\/france-lotto\/#breadcrumb"},"inLanguage":"fr-FR","potentialAction":[{"@type":"ReadAction","target":["https:\/\/jackpotlotteryonline.com\/fr\/comment-jouer\/france-lotto\/"]}]},{"@type":"ImageObject","inLanguage":"fr-FR","@id":"https:\/\/jackpotlotteryonline.com\/fr\/comment-jouer\/france-lotto\/#primaryimage","url":"https:\/\/jackpotlotteryonline.com\/wp-content\/uploads\/2022\/10\/win_big.jpg","contentUrl":"https:\/\/jackpotlotteryonline.com\/wp-content\/uploads\/2022\/10\/win_big.jpg"},{"@type":"BreadcrumbList","@id":"https:\/\/jackpotlotteryonline.com\/fr\/comment-jouer\/france-lotto\/#breadcrumb","itemListElement":[{"@type":"ListItem","position":1,"name":"Home","item":"https:\/\/jackpotlotteryonline.com\/fr\/"},{"@type":"ListItem","position":2,"name":"Comment jouer","item":"https:\/\/jackpotlotteryonline.com\/fr\/comment-jouer\/"},{"@type":"ListItem","position":3,"name":"Jouez \u00e0 la loterie fran\u00e7aise"}]},{"@type":"WebSite","@id":"https:\/\/jackpotlotteryonline.com\/#website","url":"https:\/\/jackpotlotteryonline.com\/","name":"Lotto Online - Crack The International Lottery Jackpots","description":"","potentialAction":[{"@type":"SearchAction","target":{"@type":"EntryPoint","urlTemplate":"https:\/\/jackpotlotteryonline.com\/?s={search_term_string}"},"query-input":"required name=search_term_string"}],"inLanguage":"fr-FR"}]}},"_links":{"self":[{"href":"https:\/\/jackpotlotteryonline.com\/fr\/wp-json\/wp\/v2\/pages\/36234","targetHints":{"allow":["GET"]}}],"collection":[{"href":"https:\/\/jackpotlotteryonline.com\/fr\/wp-json\/wp\/v2\/pages"}],"about":[{"href":"https:\/\/jackpotlotteryonline.com\/fr\/wp-json\/wp\/v2\/types\/page"}],"author":[{"embeddable":true,"href":"https:\/\/jackpotlotteryonline.com\/fr\/wp-json\/wp\/v2\/users\/1"}],"replies":[{"embeddable":true,"href":"https:\/\/jackpotlotteryonline.com\/fr\/wp-json\/wp\/v2\/comments?post=36234"}],"version-history":[{"count":0,"href":"https:\/\/jackpotlotteryonline.com\/fr\/wp-json\/wp\/v2\/pages\/36234\/revisions"}],"up":[{"embeddable":true,"href":"https:\/\/jackpotlotteryonline.com\/fr\/wp-json\/wp\/v2\/pages\/35690"}],"wp:attachment":[{"href":"https:\/\/jackpotlotteryonline.com\/fr\/wp-json\/wp\/v2\/media?parent=36234"}],"curies":[{"name":"wp","href":"https:\/\/api.w.org\/{rel}","templated":true}]}}