{"id":36291,"date":"2022-11-04T09:33:17","date_gmt":"2022-11-04T09:33:17","guid":{"rendered":"https:\/\/jackpotlotteryonline.com\/?page_id=36291"},"modified":"2022-12-31T09:49:28","modified_gmt":"2022-12-31T09:49:28","slug":"german-lotto","status":"publish","type":"page","link":"https:\/\/jackpotlotteryonline.com\/fr\/comment-jouer\/german-lotto\/","title":{"rendered":"Le loto allemand"},"content":{"rendered":"<h2>Le loto allemand est d\u00e9sormais disponible en ligne.<\/h2>\n<p><img loading=\"lazy\" decoding=\"async\" class=\"alignright wp-image-18464 size-full\" src=\"https:\/\/jackpotlotteryonline.com\/wp-content\/uploads\/2022\/10\/win_lottery_online.jpg\" alt=\"jouer au loto allemand en ligne\" width=\"231\" height=\"130\" \/><\/p>\n<p>Le loto en Allemagne a plus de 5 d\u00e9cennies et le loto allemand en ligne est organis\u00e9 et g\u00e9r\u00e9 par Deutscher Lotto et Toto Block. Avec un <a href=\"https:\/\/jackpotlotteryonline.com\/fr\/numeros-gagnants\/german-lotto\">tirage deux fois par semaine<\/a>, le mercredi et le samedi, le loto allemand en ligne est accompagn\u00e9 de l&#8217;un des plus gros jackpots europ\u00e9ens, le plus souvent. Vous avez donc toutes les raisons de jouer au lotto allemand avec un ticket en ligne si vous ne vivez pas en Allemagne.<\/p>\n<p>Si vous ne vivez pas en Allemagne, votre seule option pour jouer au loto allemand en ligne est de vous inscrire sur notre site. Une fois que vous \u00eates inscrit sur notre site Web, vous pouvez obtenir toutes les informations pertinentes relatives au loto allemand en ligne. Cela inclut les anciens r\u00e9sultats, un g\u00e9n\u00e9rateur de num\u00e9ros de loterie, et la zone o\u00f9 acheter le ticket. Ils vous aideront m\u00eame \u00e0 r\u00e9clamer et \u00e0 obtenir la livraison de votre prix.<\/p>\n<h2>Comment fonctionne le loto allemand en ligne<\/h2>\n<p>Tout ce que vous devez faire, c&#8217;est <a href=\"https:\/\/jackpotlotteryonline.com\/fr\/acheter-tickets\/lotto-germany\">acheter un ticket pour le loto allemand en ligne<\/a> en s\u00e9lectionnant 6 num\u00e9ros parmi un groupe de 49. Vous aurez \u00e9galement la possibilit\u00e9 de choisir un super num\u00e9ro entre 1 et 10. Le tirage principal porte sur les num\u00e9ros de base, puis un tirage est effectu\u00e9 pour le super num\u00e9ro. Lorsque les 6 num\u00e9ros de base correspondent, vous gagnez le premier prix de r\u00e9compense. Le v\u00e9ritable jackpot est attribu\u00e9 lorsque les 6 num\u00e9ros de base et le super num\u00e9ro correspondent au tirage.<\/p>\n<p>Les personnes r\u00e9sidant hors d&#8217;Allemagne sont \u00e9galement autoris\u00e9es \u00e0 jouer au loto allemand en ligne. Sur notre site, vous pouvez profiter de cette opportunit\u00e9 pour tenter votre chance et nous laisser le reste de la logistique. Vous devez \u00eatre \u00e2g\u00e9 de plus de 18 ans pour jouer au loto allemand avec un ticket en ligne.<\/p>\n<section class=\"layout\" style=\"border: solid 1px; width: 100%;\">\n<div class=\"img-div\" style=\"margin-top: 5px;\"><img decoding=\"async\" class=\"wp-image-17212 alignleft\" style=\"height: 45px; margin: 8px 8px 0px;\" src=\"https:\/\/jackpotlotteryonline.com\/wp-content\/uploads\/2022\/11\/read1.jpg\" alt=\"lire\" width=\"\" height=\"\" \/><\/div>\n<div style=\"padding-left: 5px;\">\n<div style=\"font-size: 1.1em;\">\n<p><strong>Quelle voiture ach\u00e8teriez-vous si vous gagniez \u00e0 la loterie ?<\/strong><\/p>\n<p style=\"font-size: 0.85em; margin-top: -1.5em;\">Gagner \u00e0 la loterie et s&#8217;offrir une nouvelle voiture <a href=\"https:\/\/jackpotlotteryonline.com\/fr\/quelle-voiture-acheteriez-vous-si-vous-gagniez-a-la-loterie\">en savoir plus<\/a><\/p>\n<\/div>\n<\/div>\n<\/section>\n<h2>Gagner le loto allemand en ligne<\/h2>\n<p><img loading=\"lazy\" decoding=\"async\" class=\"alignright size-medium wp-image-33350\" src=\"https:\/\/jackpotlotteryonline.com\/wp-content\/uploads\/2022\/11\/2_ticket_euromillions3-1-111x300.jpg\" alt=\"billet de loto allemand\" width=\"111\" height=\"300\" srcset=\"https:\/\/jackpotlotteryonline.com\/wp-content\/uploads\/2022\/11\/2_ticket_euromillions3-1-111x300.jpg 111w, https:\/\/jackpotlotteryonline.com\/wp-content\/uploads\/2022\/11\/2_ticket_euromillions3-1.jpg 180w\" sizes=\"auto, (max-width: 111px) 100vw, 111px\" \/><\/p>\n<p>Gagner le loto allemand en ligne est une question de chance, mais il en va de m\u00eame pour toute autre loterie. Nous augmenterons vos chances de gagner au loto allemand en ligne en utilisant notre g\u00e9n\u00e9rateur de num\u00e9ros de loterie et en vous donnant des informations sur les r\u00e9sultats pass\u00e9s, pour vous aider \u00e0 s\u00e9lectionner vos num\u00e9ros chanceux. Toutes les informations pertinentes concernant le loto allemand en ligne sont disponibles ici et vous pouvez les utiliser au maximum pour augmenter vos chances.<\/p>\n<p>Le lotto allemand en ligne n&#8217;est pas seulement l&#8217;un des plus gros jackpots d&#8217;Europe, c&#8217;est aussi la loterie la plus organis\u00e9e au monde et elle est g\u00e9r\u00e9e de mani\u00e8re tr\u00e8s professionnelle. Lorsque vous jouez au loto allemand en ligne et si vous gagnez, nous vous aiderons \u00e0 r\u00e9clamer votre prix sans aucune difficult\u00e9 et nous nous assurerons que le montant du prix vous est remis sans aucun probl\u00e8me.<\/p>\n<p>Bien que le loto allemand en ligne soit l&#8217;une des plus anciennes loteries d&#8217;Europe, il n&#8217;est pas aussi populaire que les autres. La raison en est qu&#8217;il ne fait pas l&#8217;objet d&#8217;autant de publicit\u00e9 en dehors de l&#8217;Allemagne.<strong> Ce n&#8217;est toutefois pas une raison pour ne pas jouer au loto allemand en ligne. Tentez votre chance au loto allemand d\u00e8s aujourd&#8217;hui.<\/strong><\/p>\n","protected":false},"excerpt":{"rendered":"<p>Le loto allemand est d\u00e9sormais disponible en ligne. Le loto en Allemagne a plus de 5 d\u00e9cennies et le loto allemand en ligne est organis\u00e9 et g\u00e9r\u00e9 par Deutscher Lotto et Toto Block. Avec un tirage deux fois par semaine, le mercredi et le samedi, le loto allemand en ligne est accompagn\u00e9 de l&#8217;un des [&hellip;]<\/p>\n","protected":false},"author":1,"featured_media":0,"parent":35690,"menu_order":8,"comment_status":"closed","ping_status":"closed","template":"lotto-german.php","meta":{"_et_pb_use_builder":"","_et_pb_old_content":"","_et_gb_content_width":"","exclude_from_search":false,"footnotes":""},"class_list":["post-36291","page","type-page","status-publish","hentry"],"yoast_head":"<!-- This site is optimized with the Yoast SEO plugin v23.3 - https:\/\/yoast.com\/wordpress\/plugins\/seo\/ -->\n<title>Jouez au loto allemand depuis l&#039;ext\u00e9rieur de l&#039;Allemagne, avec un ticket en ligne.<\/title>\n<meta name=\"description\" content=\"Vous ne vivez pas en Allemagne ? Pas de probl\u00e8me - jouez au loto allemand avec un ticket en ligne de notre part.\" \/>\n<meta name=\"robots\" content=\"index, follow, max-snippet:-1, max-image-preview:large, max-video-preview:-1\" \/>\n<link rel=\"canonical\" href=\"https:\/\/jackpotlotteryonline.com\/fr\/comment-jouer\/german-lotto\/\" \/>\n<meta property=\"og:locale\" content=\"fr_FR\" \/>\n<meta property=\"og:type\" content=\"article\" \/>\n<meta property=\"og:title\" content=\"Jouez au loto allemand depuis l&#039;ext\u00e9rieur de l&#039;Allemagne, avec un ticket en ligne.\" \/>\n<meta property=\"og:description\" content=\"Vous ne vivez pas en Allemagne ? Pas de probl\u00e8me - jouez au loto allemand avec un ticket en ligne de notre part.\" \/>\n<meta property=\"og:url\" content=\"https:\/\/jackpotlotteryonline.com\/fr\/comment-jouer\/german-lotto\/\" \/>\n<meta property=\"og:site_name\" content=\"Lotto Online - Crack The International Lottery Jackpots\" \/>\n<meta property=\"article:modified_time\" content=\"2022-12-31T09:49:28+00:00\" \/>\n<meta property=\"og:image\" content=\"https:\/\/jackpotlotteryonline.com\/wp-content\/uploads\/2022\/10\/win_lottery_online.jpg\" \/>\n<meta name=\"twitter:card\" content=\"summary_large_image\" \/>\n<meta name=\"twitter:label1\" content=\"Dur\u00e9e de lecture estim\u00e9e\" \/>\n\t<meta name=\"twitter:data1\" content=\"3 minutes\" \/>\n<!-- \/ Yoast SEO plugin. -->","yoast_head_json":{"title":"Jouez au loto allemand depuis l'ext\u00e9rieur de l'Allemagne, avec un ticket en ligne.","description":"Vous ne vivez pas en Allemagne ? Pas de probl\u00e8me - jouez au loto allemand avec un ticket en ligne de notre part.","robots":{"index":"index","follow":"follow","max-snippet":"max-snippet:-1","max-image-preview":"max-image-preview:large","max-video-preview":"max-video-preview:-1"},"canonical":"https:\/\/jackpotlotteryonline.com\/fr\/comment-jouer\/german-lotto\/","og_locale":"fr_FR","og_type":"article","og_title":"Jouez au loto allemand depuis l'ext\u00e9rieur de l'Allemagne, avec un ticket en ligne.","og_description":"Vous ne vivez pas en Allemagne ? Pas de probl\u00e8me - jouez au loto allemand avec un ticket en ligne de notre part.","og_url":"https:\/\/jackpotlotteryonline.com\/fr\/comment-jouer\/german-lotto\/","og_site_name":"Lotto Online - Crack The International Lottery Jackpots","article_modified_time":"2022-12-31T09:49:28+00:00","og_image":[{"url":"https:\/\/jackpotlotteryonline.com\/wp-content\/uploads\/2022\/10\/win_lottery_online.jpg"}],"twitter_card":"summary_large_image","twitter_misc":{"Dur\u00e9e de lecture estim\u00e9e":"3 minutes"},"schema":{"@context":"https:\/\/schema.org","@graph":[{"@type":"WebPage","@id":"https:\/\/jackpotlotteryonline.com\/fr\/comment-jouer\/german-lotto\/","url":"https:\/\/jackpotlotteryonline.com\/fr\/comment-jouer\/german-lotto\/","name":"Jouez au loto allemand depuis l'ext\u00e9rieur de l'Allemagne, avec un ticket en ligne.","isPartOf":{"@id":"https:\/\/jackpotlotteryonline.com\/#website"},"primaryImageOfPage":{"@id":"https:\/\/jackpotlotteryonline.com\/fr\/comment-jouer\/german-lotto\/#primaryimage"},"image":{"@id":"https:\/\/jackpotlotteryonline.com\/fr\/comment-jouer\/german-lotto\/#primaryimage"},"thumbnailUrl":"https:\/\/jackpotlotteryonline.com\/wp-content\/uploads\/2022\/10\/win_lottery_online.jpg","datePublished":"2022-11-04T09:33:17+00:00","dateModified":"2022-12-31T09:49:28+00:00","description":"Vous ne vivez pas en Allemagne ? Pas de probl\u00e8me - jouez au loto allemand avec un ticket en ligne de notre part.","breadcrumb":{"@id":"https:\/\/jackpotlotteryonline.com\/fr\/comment-jouer\/german-lotto\/#breadcrumb"},"inLanguage":"fr-FR","potentialAction":[{"@type":"ReadAction","target":["https:\/\/jackpotlotteryonline.com\/fr\/comment-jouer\/german-lotto\/"]}]},{"@type":"ImageObject","inLanguage":"fr-FR","@id":"https:\/\/jackpotlotteryonline.com\/fr\/comment-jouer\/german-lotto\/#primaryimage","url":"https:\/\/jackpotlotteryonline.com\/wp-content\/uploads\/2022\/10\/win_lottery_online.jpg","contentUrl":"https:\/\/jackpotlotteryonline.com\/wp-content\/uploads\/2022\/10\/win_lottery_online.jpg"},{"@type":"BreadcrumbList","@id":"https:\/\/jackpotlotteryonline.com\/fr\/comment-jouer\/german-lotto\/#breadcrumb","itemListElement":[{"@type":"ListItem","position":1,"name":"Home","item":"https:\/\/jackpotlotteryonline.com\/fr\/"},{"@type":"ListItem","position":2,"name":"Comment jouer","item":"https:\/\/jackpotlotteryonline.com\/fr\/comment-jouer\/"},{"@type":"ListItem","position":3,"name":"Le loto allemand"}]},{"@type":"WebSite","@id":"https:\/\/jackpotlotteryonline.com\/#website","url":"https:\/\/jackpotlotteryonline.com\/","name":"Lotto Online - Crack The International Lottery Jackpots","description":"","potentialAction":[{"@type":"SearchAction","target":{"@type":"EntryPoint","urlTemplate":"https:\/\/jackpotlotteryonline.com\/?s={search_term_string}"},"query-input":"required name=search_term_string"}],"inLanguage":"fr-FR"}]}},"_links":{"self":[{"href":"https:\/\/jackpotlotteryonline.com\/fr\/wp-json\/wp\/v2\/pages\/36291","targetHints":{"allow":["GET"]}}],"collection":[{"href":"https:\/\/jackpotlotteryonline.com\/fr\/wp-json\/wp\/v2\/pages"}],"about":[{"href":"https:\/\/jackpotlotteryonline.com\/fr\/wp-json\/wp\/v2\/types\/page"}],"author":[{"embeddable":true,"href":"https:\/\/jackpotlotteryonline.com\/fr\/wp-json\/wp\/v2\/users\/1"}],"replies":[{"embeddable":true,"href":"https:\/\/jackpotlotteryonline.com\/fr\/wp-json\/wp\/v2\/comments?post=36291"}],"version-history":[{"count":0,"href":"https:\/\/jackpotlotteryonline.com\/fr\/wp-json\/wp\/v2\/pages\/36291\/revisions"}],"up":[{"embeddable":true,"href":"https:\/\/jackpotlotteryonline.com\/fr\/wp-json\/wp\/v2\/pages\/35690"}],"wp:attachment":[{"href":"https:\/\/jackpotlotteryonline.com\/fr\/wp-json\/wp\/v2\/media?parent=36291"}],"curies":[{"name":"wp","href":"https:\/\/api.w.org\/{rel}","templated":true}]}}