{"id":36397,"date":"2022-11-04T12:43:21","date_gmt":"2022-11-04T12:43:21","guid":{"rendered":"https:\/\/jackpotlotteryonline.com\/?page_id=36397"},"modified":"2022-12-19T15:56:20","modified_gmt":"2022-12-19T15:56:20","slug":"powerball","status":"publish","type":"page","link":"https:\/\/jackpotlotteryonline.com\/fr\/acheter-tickets\/powerball\/","title":{"rendered":"La loterie Powerball am\u00e9ricaine"},"content":{"rendered":"<h2>Comment obtenir des billets de Powerball en dehors des \u00c9tats-Unis ?<\/h2>\n<p>Il existe une loterie dans presque tous les pays du monde, mais toutes les loteries ne sont pas comme Powerball et Mega Millions, les grandes loteries am\u00e9ricaines. Les jackpots du loto aux \u00c9tats-Unis ont atteint des montants allant jusqu&#8217;\u00e0 1,5 milliard de dollars (en 2016). Les jackpots de loterie dans d&#8217;autres pays n&#8217;ont jamais atteint un tel montant, donc chaque fois que les fans de loto lisent une nouvelle histoire de jackpot record aux \u00c9tats-Unis, ils se posent une question :<strong> Puis-je <a href=\"https:\/\/jackpotlotteryonline.com\/fr\/comment-jouer\/powerball\">jouer au Powerball depuis l&#8217;ext\u00e9rieur des \u00c9tats-Unis<\/a>, peut-\u00eatre en ligne ?<\/strong><\/p>\n<p><strong>Eh bien, la r\u00e9ponse est simple : oui, m\u00eame si vous ne vivez pas aux \u00c9tats-Unis<\/strong>, vous pouvez jouer au Powerball. Nous sommes un service r\u00e9put\u00e9 qui vous permet d&#8217;acheter des billets pour ces \u00e9normes loteries ou un certain nombre d&#8217;autres loteries internationales. C&#8217;est aussi simple que possible &#8211; vous choisissez vos num\u00e9ros en ligne, et nous envoyons nos agents aux \u00c9tats-Unis pour acheter des billets pour vous. Ces billets de loto vous appartiennent et vous avez donc une cr\u00e9ance l\u00e9gitime sur la commission de loterie elle-m\u00eame. Si vous gagnez, nous vous aiderons \u00e9galement \u00e0 r\u00e9cup\u00e9rer votre argent.<\/p>\n<p>Ce qui est important, c&#8217;est que vous obtiendrez ici un billet de loterie original et que vous ne participerez pas \u00e0 une quelconque arnaque au loto !<\/p>\n<h2>Le processus d&#8217;achat de votre billet de loterie en ligne<\/h2>\n<p><img loading=\"lazy\" decoding=\"async\" class=\"alignright size-full wp-image-34943\" src=\"https:\/\/jackpotlotteryonline.com\/wp-content\/uploads\/2022\/11\/2_ticket_powerball3-1.jpg\" alt=\"billet de powerball\" width=\"180\" height=\"194\" \/><\/p>\n<p><strong>Tout d&#8217;abord, vous regardez en haut de notre site Web<\/strong>, o\u00f9 vous cliquez sur l&#8217;une des banni\u00e8res et choisissez la loterie \u00e0 laquelle vous voulez participer. Notre site Web est disponible dans plus de 20 langues diff\u00e9rentes. La plupart des clients ach\u00e8tent des billets pour les loteries am\u00e9ricaines Powerball et\/ou Mega Millions, mais tr\u00e8s souvent, d&#8217;autres loteries internationales proposent \u00e9galement d&#8217;\u00e9normes jackpots. Vous pouvez les trier en fonction de la taille du jackpot et jouer simplement le loto qui a actuellement le montant le plus \u00e9lev\u00e9. Si vous souhaitez jouer \u00e0 plusieurs loteries, c&#8217;est \u00e9galement tr\u00e8s simple. Par exemple, vous pouvez acheter un ticket pour le Powerball et un autre pour le El Gordo espagnol.<\/p>\n<p>Ensuite, vous choisissez vos num\u00e9ros &#8211; c&#8217;est facile puisque notre site Web vous indique le nombre de num\u00e9ros que vous devez choisir. Il existe une fonction de s\u00e9lection rapide qui g\u00e9n\u00e8re des num\u00e9ros au hasard si vous le pr\u00e9f\u00e9rez. Ensuite, vous choisissez le nombre de tickets que vous voulez acheter et le <a href=\"https:\/\/jackpotlotteryonline.com\/fr\/numeros-gagnants\/powerball\">nombre de tirages (semaines)<\/a> pour lesquels vous souhaitez que votre ticket soit valable. En fonction du nombre de semaines auxquelles votre ticket participera, vous obtiendrez une r\u00e9duction sur le prix que vous payez pour le ticket.<\/p>\n<p>Apr\u00e8s avoir choisi toutes vos options, vous pouvez voir le prix total et l&#8217;\u00e9tape suivante consiste \u00e0 cr\u00e9er un compte client. Le paiement de vos billets de loterie est \u00e9galement facile &#8211; la plupart des clients choisissent l&#8217;option de paiement par carte de cr\u00e9dit, mais il existe d&#8217;autres options telles que (selon le pays dont vous \u00eates originaire) le virement bancaire instantan\u00e9, ou les cryptocurrencies.<\/p>\n<p>Pour vos paiements, les protocoles les plus r\u00e9cents et les plus s\u00e9curis\u00e9s seront utilis\u00e9s afin que vous n&#8217;ayez \u00e0 craindre aucune fraude par carte de cr\u00e9dit. Si vous le souhaitez, vous pouvez choisir l&#8217;option d&#8217;obtenir un billet pour plusieurs tirages, vos num\u00e9ros participeront \u00e0 la Powerball ou \u00e0 la loterie de votre choix, pour 2, 4, 6 ou m\u00eame 8 tirages d&#8217;affil\u00e9e.\u00a0 Il s&#8217;agit toutefois d&#8217;une option &#8211; si vous ne cochez pas cette case, vous ne serez factur\u00e9 que pour un seul tirage !<\/p>\n<p>La plupart des personnes vivant en dehors des \u00c9tats-Unis ne jouent qu&#8217;au loto local, sans \u00eatre au courant de cette possibilit\u00e9 de jouer au loto international en ligne. Mais maintenant que vous \u00eates au courant, qu&#8217;est-ce qui vous emp\u00eache de jouer pour des jackpots qui sont souvent 100 fois plus \u00e9lev\u00e9s que ce que vous pouvez gagner dans votre pays de r\u00e9sidence ? Peut-\u00eatre serez-vous le prochain gagnant du jackpot Powerball !<\/p>\n<section class=\"layout\" style=\"border: solid 1px; width: 100%;\">\n<div class=\"img-div\" style=\"margin-top: 5px;\"><img decoding=\"async\" class=\"wp-image-17212 alignleft\" style=\"height: 45px; margin: 8px 8px 0px;\" src=\"https:\/\/jackpotlotteryonline.com\/wp-content\/uploads\/2022\/11\/read1.jpg\" alt=\"jouer au powerball depuis l'ext\u00e9rieur des \u00c9tats-Unis\" width=\"\" height=\"\" \/><\/div>\n<div style=\"padding-left: 5px;\">\n<div style=\"font-size: 1.1em;\">\n<p><strong>Est-il l\u00e9gal de jouer en ligne \u00e0 des loteries d&#8217;autres pays ?<\/strong><\/p>\n<p style=\"font-size: 0.85em; margin-top: -1.5em;\">Est-il l\u00e9gal d&#8217;acheter un billet de loterie en ligne, et serai-je r\u00e9ellement pay\u00e9 ? <a href=\"https:\/\/jackpotlotteryonline.com\/fr\/est-il-legal-de-jouer-en-ligne-a-des-loteries-dautres-pays\">\u00a0en savoir plus<\/a><\/p>\n<\/div>\n<\/div>\n<\/section>\n<h2>Aper\u00e7u de Lotto USA en ligne<\/h2>\n<p>Aux \u00c9tats-Unis, 43 \u00c9tats, plus le district de Columbia, les \u00eeles Vierges am\u00e9ricaines et Porto Rico, proposent des loteries. Il existe des loteries d&#8217;\u00c9tat dans chacune de ces r\u00e9gions qui entrent dans<strong> la cat\u00e9gorie de Lotto USA<\/strong>. Certaines des principales loteries de Lotto USA sont le Mega Millions et le Powerball. Ces loteries massives sont accessibles aux r\u00e9sidents de tous les \u00c9tats-Unis et, d\u00e9sormais, les joueurs \u00e9trangers peuvent y participer en ligne gr\u00e2ce \u00e0 notre service.<\/p>\n<h2>Powerball Lotto USA<\/h2>\n<p><img loading=\"lazy\" decoding=\"async\" class=\"alignright size-full wp-image-31721\" src=\"https:\/\/jackpotlotteryonline.com\/wp-content\/uploads\/2022\/11\/powerball_globe_logo.png\" alt=\"acheter powerball en ligne\" width=\"200\" height=\"212\" \/><\/p>\n<p>Le jeu de Lotto USA le plus populaire est le Powerball. Le tirage au sort de Powerball a lieu aux Universal Studios en Floride, aux \u00c9tats-Unis, mais il est soumis \u00e0 une condition de non-r\u00e9sidence, ce qui signifie que les r\u00e9sidents des \u00c9tats o\u00f9 il n&#8217;y a pas de Powerball et m\u00eame les joueurs en dehors des \u00c9tats-Unis peuvent participer \u00e0 ce jeu de Lotto USA.<\/p>\n<p>Pour pouvoir jouer au Powerball, les joueurs doivent \u00eatre \u00e2g\u00e9s d&#8217;au moins 18 ans. Les joueurs doivent choisir six num\u00e9ros &#8211; cinq num\u00e9ros entre 1 et 59 et un num\u00e9ro PowerBall entre 1 et 39. Les joueurs peuvent utiliser la fonction Quick Pick qui s\u00e9lectionnera 6 num\u00e9ros au hasard pour vous.<\/p>\n<p>Les jackpots Powerball se chiffrent g\u00e9n\u00e9ralement en dizaines de millions de dollars, bien qu&#8217;ils aient souvent d\u00e9pass\u00e9 les 200 millions de dollars dans le pass\u00e9.<\/p>\n<h2>Mega Millions Lotto USA<\/h2>\n<p>Mega Millions est une autre <strong>loterie Lotto USA<\/strong> qui est organis\u00e9e aux Etats-Unis et qui est, en fait, tir\u00e9e au sort \u00e0 Atlanta, en G\u00e9orgie. Malgr\u00e9 cela, Mega Millions n&#8217;a pas de condition de r\u00e9sidence, ce qui signifie que les r\u00e9sidents des \u00e9tats non-Mega Millions et m\u00eame les non-r\u00e9sidents am\u00e9ricains peuvent participer et gagner au Mega Millions Lotto USA.<\/p>\n<p>Pour jouer au Mega Millions Lotto USA, vous devez \u00eatre \u00e2g\u00e9 de 18 ans ou plus. Vous devez choisir 6 num\u00e9ros &#8211; cinq num\u00e9ros entre 1 et 56 et un num\u00e9ro de Mega Ball entre 1 et 46. Vous pouvez utiliser l&#8217;option Quick Pick qui s\u00e9lectionnera les num\u00e9ros au hasard pour vous.<\/p>\n<p>Le jeu Mega Million Lotto USA offre des prix en esp\u00e8ces, ainsi qu&#8217;un jackpot. Le jackpot, qui change la vie, peut atteindre des centaines de millions de dollars, ce qui en fait un jeu tr\u00e8s populaire.<\/p>\n<h2>NASPL &#8211; Association am\u00e9ricaine du loto<\/h2>\n<p>La North American Association of State and Provincial lotteries (NASPL) repr\u00e9sente toutes les loteries d&#8217;\u00c9tat et provinciales des \u00c9tats-Unis ainsi que les loteries canadiennes. Lotto USA est g\u00e9r\u00e9 de mani\u00e8re plus efficace par NASPL. Elle sert d&#8217;interface pour Lotto USA, fournit des informations, effectue des recherches et des d\u00e9veloppements, assure la s\u00e9curit\u00e9 et forme le personnel de Lotto USA. Toutes les grandes loteries am\u00e9ricaines sont membres de NASPL.<\/p>\n","protected":false},"excerpt":{"rendered":"<p>Comment obtenir des billets de Powerball en dehors des \u00c9tats-Unis ? Il existe une loterie dans presque tous les pays du monde, mais toutes les loteries ne sont pas comme Powerball et Mega Millions, les grandes loteries am\u00e9ricaines. Les jackpots du loto aux \u00c9tats-Unis ont atteint des montants allant jusqu&#8217;\u00e0 1,5 milliard de dollars (en [&hellip;]<\/p>\n","protected":false},"author":1,"featured_media":0,"parent":35751,"menu_order":1,"comment_status":"closed","ping_status":"closed","template":"powerball-usa-info.php","meta":{"_et_pb_use_builder":"","_et_pb_old_content":"","_et_gb_content_width":"","exclude_from_search":false,"footnotes":""},"class_list":["post-36397","page","type-page","status-publish","hentry"],"yoast_head":"<!-- This site is optimized with the Yoast SEO plugin v23.3 - https:\/\/yoast.com\/wordpress\/plugins\/seo\/ -->\n<title>Acheter des billets Powerball en ligne depuis n&#039;importe quel autre pays en dehors des \u00c9tats-Unis.<\/title>\n<meta name=\"description\" content=\"D\u00e9couvrez comment les r\u00e9sidents d&#039;autres pays peuvent jouer pour les \u00e9normes jackpots de la loterie Powerball en ligne - vous pouvez \u00eatre en dehors des \u00c9tats-Unis et jouer quand m\u00eame.\" \/>\n<meta name=\"robots\" content=\"index, follow, max-snippet:-1, max-image-preview:large, max-video-preview:-1\" \/>\n<link rel=\"canonical\" href=\"https:\/\/jackpotlotteryonline.com\/buy-tickets\/powerball\/\" \/>\n<meta property=\"og:locale\" content=\"fr_FR\" \/>\n<meta property=\"og:type\" content=\"article\" \/>\n<meta property=\"og:title\" content=\"Acheter des billets Powerball en ligne depuis n&#039;importe quel autre pays en dehors des \u00c9tats-Unis.\" \/>\n<meta property=\"og:description\" content=\"D\u00e9couvrez comment les r\u00e9sidents d&#039;autres pays peuvent jouer pour les \u00e9normes jackpots de la loterie Powerball en ligne - vous pouvez \u00eatre en dehors des \u00c9tats-Unis et jouer quand m\u00eame.\" \/>\n<meta property=\"og:url\" content=\"https:\/\/jackpotlotteryonline.com\/buy-tickets\/powerball\/\" \/>\n<meta property=\"og:site_name\" content=\"Lotto Online - Crack The International Lottery Jackpots\" \/>\n<meta property=\"article:modified_time\" content=\"2022-12-19T15:56:20+00:00\" \/>\n<meta property=\"og:image\" content=\"https:\/\/jackpotlotteryonline.com\/wp-content\/uploads\/2022\/11\/2_ticket_powerball3-1.jpg\" \/>\n<meta name=\"twitter:card\" content=\"summary_large_image\" \/>\n<meta name=\"twitter:label1\" content=\"Dur\u00e9e de lecture estim\u00e9e\" \/>\n\t<meta name=\"twitter:data1\" content=\"6 minutes\" \/>\n<!-- \/ Yoast SEO plugin. -->","yoast_head_json":{"title":"Acheter des billets Powerball en ligne depuis n'importe quel autre pays en dehors des \u00c9tats-Unis.","description":"D\u00e9couvrez comment les r\u00e9sidents d'autres pays peuvent jouer pour les \u00e9normes jackpots de la loterie Powerball en ligne - vous pouvez \u00eatre en dehors des \u00c9tats-Unis et jouer quand m\u00eame.","robots":{"index":"index","follow":"follow","max-snippet":"max-snippet:-1","max-image-preview":"max-image-preview:large","max-video-preview":"max-video-preview:-1"},"canonical":"https:\/\/jackpotlotteryonline.com\/buy-tickets\/powerball\/","og_locale":"fr_FR","og_type":"article","og_title":"Acheter des billets Powerball en ligne depuis n'importe quel autre pays en dehors des \u00c9tats-Unis.","og_description":"D\u00e9couvrez comment les r\u00e9sidents d'autres pays peuvent jouer pour les \u00e9normes jackpots de la loterie Powerball en ligne - vous pouvez \u00eatre en dehors des \u00c9tats-Unis et jouer quand m\u00eame.","og_url":"https:\/\/jackpotlotteryonline.com\/buy-tickets\/powerball\/","og_site_name":"Lotto Online - Crack The International Lottery Jackpots","article_modified_time":"2022-12-19T15:56:20+00:00","og_image":[{"url":"https:\/\/jackpotlotteryonline.com\/wp-content\/uploads\/2022\/11\/2_ticket_powerball3-1.jpg"}],"twitter_card":"summary_large_image","twitter_misc":{"Dur\u00e9e de lecture estim\u00e9e":"6 minutes"},"schema":{"@context":"https:\/\/schema.org","@graph":[{"@type":"WebPage","@id":"https:\/\/jackpotlotteryonline.com\/buy-tickets\/powerball\/","url":"https:\/\/jackpotlotteryonline.com\/buy-tickets\/powerball\/","name":"Acheter des billets Powerball en ligne depuis n'importe quel autre pays en dehors des \u00c9tats-Unis.","isPartOf":{"@id":"https:\/\/jackpotlotteryonline.com\/#website"},"primaryImageOfPage":{"@id":"https:\/\/jackpotlotteryonline.com\/buy-tickets\/powerball\/#primaryimage"},"image":{"@id":"https:\/\/jackpotlotteryonline.com\/buy-tickets\/powerball\/#primaryimage"},"thumbnailUrl":"https:\/\/jackpotlotteryonline.com\/wp-content\/uploads\/2022\/11\/2_ticket_powerball3-1.jpg","datePublished":"2022-11-04T12:43:21+00:00","dateModified":"2022-12-19T15:56:20+00:00","description":"D\u00e9couvrez comment les r\u00e9sidents d'autres pays peuvent jouer pour les \u00e9normes jackpots de la loterie Powerball en ligne - vous pouvez \u00eatre en dehors des \u00c9tats-Unis et jouer quand m\u00eame.","breadcrumb":{"@id":"https:\/\/jackpotlotteryonline.com\/buy-tickets\/powerball\/#breadcrumb"},"inLanguage":"fr-FR","potentialAction":[{"@type":"ReadAction","target":["https:\/\/jackpotlotteryonline.com\/buy-tickets\/powerball\/"]}]},{"@type":"ImageObject","inLanguage":"fr-FR","@id":"https:\/\/jackpotlotteryonline.com\/buy-tickets\/powerball\/#primaryimage","url":"https:\/\/jackpotlotteryonline.com\/wp-content\/uploads\/2022\/11\/2_ticket_powerball3-1.jpg","contentUrl":"https:\/\/jackpotlotteryonline.com\/wp-content\/uploads\/2022\/11\/2_ticket_powerball3-1.jpg"},{"@type":"BreadcrumbList","@id":"https:\/\/jackpotlotteryonline.com\/buy-tickets\/powerball\/#breadcrumb","itemListElement":[{"@type":"ListItem","position":1,"name":"Home","item":"https:\/\/jackpotlotteryonline.com\/fr\/"},{"@type":"ListItem","position":2,"name":"Comment acheter des billets de loterie en ligne","item":"https:\/\/jackpotlotteryonline.com\/fr\/acheter-tickets\/"},{"@type":"ListItem","position":3,"name":"La loterie Powerball am\u00e9ricaine"}]},{"@type":"WebSite","@id":"https:\/\/jackpotlotteryonline.com\/#website","url":"https:\/\/jackpotlotteryonline.com\/","name":"Lotto Online - Crack The International Lottery Jackpots","description":"","potentialAction":[{"@type":"SearchAction","target":{"@type":"EntryPoint","urlTemplate":"https:\/\/jackpotlotteryonline.com\/?s={search_term_string}"},"query-input":"required name=search_term_string"}],"inLanguage":"fr-FR"}]}},"_links":{"self":[{"href":"https:\/\/jackpotlotteryonline.com\/fr\/wp-json\/wp\/v2\/pages\/36397","targetHints":{"allow":["GET"]}}],"collection":[{"href":"https:\/\/jackpotlotteryonline.com\/fr\/wp-json\/wp\/v2\/pages"}],"about":[{"href":"https:\/\/jackpotlotteryonline.com\/fr\/wp-json\/wp\/v2\/types\/page"}],"author":[{"embeddable":true,"href":"https:\/\/jackpotlotteryonline.com\/fr\/wp-json\/wp\/v2\/users\/1"}],"replies":[{"embeddable":true,"href":"https:\/\/jackpotlotteryonline.com\/fr\/wp-json\/wp\/v2\/comments?post=36397"}],"version-history":[{"count":0,"href":"https:\/\/jackpotlotteryonline.com\/fr\/wp-json\/wp\/v2\/pages\/36397\/revisions"}],"up":[{"embeddable":true,"href":"https:\/\/jackpotlotteryonline.com\/fr\/wp-json\/wp\/v2\/pages\/35751"}],"wp:attachment":[{"href":"https:\/\/jackpotlotteryonline.com\/fr\/wp-json\/wp\/v2\/media?parent=36397"}],"curies":[{"name":"wp","href":"https:\/\/api.w.org\/{rel}","templated":true}]}}